
{"id":332,"date":"2018-09-20T19:05:09","date_gmt":"2018-09-20T19:05:09","guid":{"rendered":"http:\/\/designbyjuel.dk\/?page_id=332"},"modified":"2019-10-04T18:18:57","modified_gmt":"2019-10-04T17:18:57","slug":"handelsbetingelser","status":"publish","type":"page","link":"https:\/\/mycanvas.dk\/es\/handelsbetingelser\/","title":{"rendered":"Condiciones comerciales"},"content":{"rendered":"<h4><strong>informaci\u00f3n general<\/strong><\/h4>\n<p>Mi lienzo I\/S<br \/>CVR: 39870541<br \/>Lysk\u00e6r 13B, 1 Sal, 2730 Herlev<br \/>Informaci\u00f3n@mycanvas.dk<br \/>N\u00famero de tel\u00e9fono: 71748144<\/p>\n<p>\u00a0<\/p>\n<h4><strong>Pago<\/strong><\/h4>\n<p>My Canvas I\/S acepta los siguientes medios de pago:<\/p>\n<ul>\n<li>Visa, Visa Dankort, Mastercard<\/li>\n<li>Pago M\u00f3vil<\/li>\n<li>PayPal<\/li>\n<li>ViaBill<\/li>\n<li>transferencia bancaria<\/li>\n<\/ul>\n<p>El importe s\u00f3lo se deduce cuando los productos salen del almac\u00e9n.<\/p>\n<p>Los cargos por tarjetas emitidas de forma privada corren a cargo de My Canvas I\/S y, por lo tanto, no se imponen al cliente.<\/p>\n<p>Tenga en cuenta que a\u00fan se pueden cobrar tarifas por el uso de tipos de tarjetas emitidas fuera de la UE, al igual que se pueden cobrar tarifas por tarjetas de empresa de 2951 TP3T.<\/p>\n<p>Tambi\u00e9n tenga en cuenta que no est\u00e1 protegido por <a href=\"https:\/\/www.emaerket.dk\/forbruger\/tips-guides-og-gode-raad\/benyt-indsigelsesordningen\">el procedimiento de objeci\u00f3n<\/a>, si utilizas transferencia bancaria o PayPal. Al igual que es posible que se le cobren tarifas al utilizar PayPal. Encontrar\u00e1 las tarifas actualizadas de PayPal aqu\u00ed:\u00a0<a href=\"https:\/\/www.paypal.com\/dk\/webapps\/mpp\/paypal-fees\">https:\/\/www.paypal.com\/dk\/webapps\/mpp\/paypal-fees<\/a><\/p>\n<p>\u00a0<\/p>\n<p>Al comprar con ViaBill, usted recibir\u00e1 sus productos primero. Luego deber\u00e1s pagar tu<br \/>Pago mensual el d\u00eda 20 de cada mes.<br \/>Si no paga a tiempo, se le cobrar\u00e1 una tarifa de 39 DKK.<br \/>Si se arrepiente de su compra, finaliza el acuerdo de pago con ViaBill.<br \/>ViaBill financia compras de hasta 2000 DKK.<br \/>Las cantidades superiores a 2.000 DKK se financian en colaboraci\u00f3n con SparXpress.<br \/>Lea m\u00e1s aqu\u00ed: www.viabill.com\/kredit<\/p>\n<p>\u00a0<\/p>\n<h4><strong>Transporte<\/strong><\/h4>\n<p>Ofrecemos entrega con Postnord<\/p>\n<p>En la p\u00e1gina de pago, eliges si quieres entrega a domicilio o entrega a Pakkeshop.<\/p>\n<p>En este momento s\u00f3lo realizamos env\u00edos a Dinamarca.<\/p>\n<p>El plazo de entrega suele ser de 1 a 4 d\u00edas cuando su art\u00edculo se env\u00eda por paquete postal ordinario.<\/p>\n<p>\u00a0<\/p>\n<h4><strong>Derecho de desistimiento<\/strong><\/h4>\n<p>Como consumidor, tienes un derecho de desistimiento de 14 d\u00edas cuando compras con nosotros.<\/p>\n<p>El per\u00edodo de cancelaci\u00f3n vence 14 d\u00edas despu\u00e9s del d\u00eda en que recibi\u00f3 su art\u00edculo. Si has pedido varios art\u00edculos diferentes en un solo pedido, pero se entregan individualmente, el plazo corre a partir del d\u00eda en que recibes el \u00faltimo art\u00edculo.<\/p>\n<p>Si el pedido consta de varios lotes o piezas, el plazo de cancelaci\u00f3n expira a los 14 d\u00edas del d\u00eda en que reciba el \u00faltimo lote o pieza.<\/p>\n<p>Si se trata de un acuerdo para la entrega regular de bienes durante un per\u00edodo determinado, el per\u00edodo de cancelaci\u00f3n expira 14 d\u00edas despu\u00e9s del d\u00eda en que recibe el primer art\u00edculo.<\/p>\n<p>El plazo significa que tienes 14 d\u00edas desde la recepci\u00f3n para comunicarnos que quieres cancelar tu compra. Puede enviar un correo electr\u00f3nico a info@mycanvas.dk o utilizar el formulario de cancelaci\u00f3n est\u00e1ndar, que encontrar\u00e1 en la parte inferior de las condiciones comerciales.<br \/>No puede cancelar la compra neg\u00e1ndose a recibir el art\u00edculo sin notific\u00e1rnoslo al mismo tiempo.<\/p>\n<p>Tenga en cuenta que los productos fabricados especialmente no est\u00e1n cubiertos por el derecho de desistimiento.<\/p>\n<p><strong>Cancelaci\u00f3n de parte de la compra<\/strong><\/p>\n<p>Si nos ha comprado varios art\u00edculos, tiene la opci\u00f3n de devolver uno o m\u00e1s art\u00edculos, incluso si los compr\u00f3 en un solo pedido.<\/p>\n<p>Tenga en cuenta que los gastos de env\u00edo corren a cargo del comprador. Sin embargo, tienes la opci\u00f3n de comprar un comprobante de devoluci\u00f3n a trav\u00e9s de nuestro portal de devoluciones, que puedes encontrar aqu\u00ed: mycanvas.dk\/returning<\/p>\n<p><strong>Devolver<\/strong><br \/>Una vez que nos haya notificado que desea cancelar su compra, tiene 14 d\u00edas para devolvernos el art\u00edculo.<br \/>Debes pagar t\u00fa mismo la devoluci\u00f3n del paquete y eres responsable si se produce alg\u00fan da\u00f1o durante el transporte.<\/p>\n<p>Ciertos art\u00edculos no se pueden devolver por correo normal. Esto se aplica a: Marcos de fotos que exceden las dimensiones del correo regular.<br \/>Se espera que los costes de devoluci\u00f3n de estos productos cuesten un m\u00e1ximo de: 150 DKK.<\/p>\n<p>\u00a0<\/p>\n<p><strong>Sin derecho de desistimiento<\/strong><br \/>Estos acuerdos no se pueden cancelar:<\/p>\n<p>Entrega de servicios no financieros que hayan sido completados, si usted ha acordado previamente que el servicio se iniciar\u00e1 y que por ello pierde su derecho de desistimiento,<\/p>\n<p>Entrega de productos que han sido fabricados seg\u00fan sus especificaciones o a los que se les ha dado un toque personal distintivo,<\/p>\n<p>Entrega de bienes que se supone que se deteriorar\u00e1n o quedar\u00e1n obsoletos r\u00e1pidamente,<\/p>\n<p>Entrega de mercanc\u00edas que, por su naturaleza, en el momento de la entrega se mezclan con otras mercanc\u00edas y no pueden separarse de nuevo, como por ejemplo adornos de pared compuestos por l\u00e1minas.<\/p>\n<p>Disposiciones para determinadas obras urgentes de reparaci\u00f3n o mantenimiento en su domicilio que usted haya solicitado expresamente.<\/p>\n<p>Entrega de diarios, revistas o peri\u00f3dicos, no obstante no si se trata de contratos de suscripci\u00f3n,<\/p>\n<p>Acuerdos celebrados en subasta p\u00fablica,<\/p>\n<p>Entrega de contenido digital, p.e. fotograf\u00eda y decoraci\u00f3n con carteles o l\u00e1minas, fabricados especialmente para este fin. Cuando haya aceptado previamente la oferta o haya recibido lo anterior.<\/p>\n<p><strong>El estado del art\u00edculo cuando lo devuelves.<\/strong><br \/>Si el art\u00edculo ha perdido valor y esto se debe a que lo ha utilizado de forma distinta a la necesaria para establecer la naturaleza, caracter\u00edsticas y modo de funcionamiento del art\u00edculo, s\u00f3lo podr\u00e1 recuperar una parte del importe de la compra. El importe que puedes recuperar depende del valor comercial del art\u00edculo y, en algunos casos, puede significar que solo puedas recuperar los gastos de env\u00edo.<\/p>\n<p>Le recomendamos que env\u00ede el art\u00edculo de vuelta en el embalaje original.<br \/>Si falta el embalaje original, esto puede provocar una disminuci\u00f3n del valor del art\u00edculo.<\/p>\n<p><strong>Reembolso del importe de la compra<\/strong><br \/>Si te arrepientes de tu compra, te devolveremos tu dinero. Si el art\u00edculo est\u00e1 deteriorado, deducimos el monto por el que usted es responsable.<\/p>\n<p>Le reembolsaremos todos los pagos recibidos de usted, incluidos los costos de env\u00edo (sin embargo, esto no se aplica a los costos de env\u00edo adicionales en los casos en que haya elegido una forma de entrega diferente a la forma m\u00e1s barata de entrega est\u00e1ndar que ofrecemos), a m\u00e1s tardar el 14 d\u00edas a partir del d\u00eda en que hayamos recibido su mensaje de que desea cancelar el acuerdo.<br \/>Te devolvemos el dinero con el mismo medio de pago que utilizaste para la compra, salvo que hayamos acordado lo contrario.<\/p>\n<p>Podemos retener el pago hasta que hayamos recibido el art\u00edculo, a menos que nos env\u00ede documentaci\u00f3n de que lo ha devuelto.<\/p>\n<p>\u00a0<\/p>\n<p><strong>El art\u00edculo se env\u00eda a:<\/strong><br \/>M\u00f8llevangen 24, 3660 Stenl\u00f8se<\/p>\n<p>Solo recibimos paquetes que se env\u00edan directamente a la direcci\u00f3n, o con acuerdo previo de entrega directa a esta direcci\u00f3n.<\/p>\n<p>\u00a0<\/p>\n<p><strong>Derecho de desistimiento en compras comerciales<\/strong><\/p>\n<p>\u00bfHa encargado el interior de su empresa con carteles o fotograf\u00edas como pedido especial? \u00bfNo se puede esperar que est\u00e9 cubierto por el derecho de cancelaci\u00f3n?<\/p>\n<p>Los carteles y marcos ordinarios que se ofrecen en MyCanvas.dk est\u00e1n cubiertos por el derecho de desistimiento. Todos los gastos de devoluci\u00f3n y deterioro corren a cargo del comprador.<\/p>\n<h4><strong>Derecho de queja<\/strong><\/h4>\n<p>Cuando compra con nosotros como consumidor, las reglas de la Ley de Compras se aplican a la compra de bienes.<br \/>Esto significa que tienes derecho a reclamar durante 24 meses.<br \/>Si su queja est\u00e1 justificada, esto significa que puede reparar el art\u00edculo, cambiarlo, devolverle el dinero o reducir el precio, seg\u00fan la situaci\u00f3n espec\u00edfica.<\/p>\n<p>Debe anunciar dentro de un &quot;plazo razonable&quot; despu\u00e9s de haber descubierto el error. Si presenta una queja dentro de los dos meses posteriores al descubrimiento de la falla, la queja siempre ser\u00e1 oportuna.<\/p>\n<p>Si la queja est\u00e1 justificada, le reembolsaremos los costos de env\u00edo (razonables). El art\u00edculo siempre debe devolverse en el embalaje adecuado. Recuerde tambi\u00e9n obtener un recibo de env\u00edo para que podamos reembolsarle los costos de env\u00edo.<\/p>\n<p>\u00a0<\/p>\n<p><strong>El art\u00edculo se env\u00eda a:<\/strong><br \/>M\u00f8llevangen 24, 3660 Stenl\u00f8se<\/p>\n<p>Solo recibimos paquetes que se env\u00edan directamente a la direcci\u00f3n.<br \/>Al devolver el art\u00edculo, incluya una descripci\u00f3n detallada del problema.<\/p>\n<p>No aceptamos que el art\u00edculo se entregue en la direcci\u00f3n sin acuerdo previo.<\/p>\n<h4><strong>Pol\u00edtica de datos personales<\/strong><\/h4>\n<p>Necesitamos la siguiente informaci\u00f3n cuando compra con nosotros:<br \/>Nombre, direcci\u00f3n, n\u00famero de tel\u00e9fono. y direcci\u00f3n de correo electr\u00f3nico.<\/p>\n<p>Registramos y transmitimos los datos personales necesarios para poder entregarle los productos.<br \/>- Puedes leer m\u00e1s sobre esto en nuestro <a href=\"https:\/\/mycanvas.dk\/es\/privatlivspolitik\/\">pol\u00edtica de privacidad<\/a>.<\/p>\n<p>La informaci\u00f3n personal se registra en My Canvas I\/S y se almacena durante cinco a\u00f1os, despu\u00e9s de los cuales la informaci\u00f3n se elimina.<br \/>Tambi\u00e9n colaboramos con otras empresas que almacenan y procesan datos. Las empresas s\u00f3lo procesan informaci\u00f3n en nuestro nombre y no pueden utilizarla para sus propios fines.<\/p>\n<p>Solo trabajamos con procesadores de datos en la UE o en pa\u00edses que pueden brindarle a su informaci\u00f3n la protecci\u00f3n suficiente.<br \/>El responsable del tratamiento de datos en MyCanvas.dk es Casper Pedersen.<\/p>\n<p>Tiene derecho a ser informado sobre qu\u00e9 informaci\u00f3n procesamos sobre usted.<br \/>Si cree que la informaci\u00f3n es inexacta, tiene derecho a que se corrija. En algunos casos, estamos obligados a eliminar sus datos personales si as\u00ed lo solicita. Puede, por ejemplo, ser si sus datos ya no son necesarios en relaci\u00f3n con la finalidad para la que los \u00edbamos a utilizar. Tambi\u00e9n puede contactarnos si cree que sus datos personales se est\u00e1n procesando en violaci\u00f3n de la ley. Puede escribirnos a: info@mycanvas.dk<\/p>\n<p>\u00a0<\/p>\n<h4><strong>Acceso a quejas<\/strong><\/h4>\n<p>Si usted, como consumidor, desea presentar una reclamaci\u00f3n sobre su compra, debe ponerse en contacto con nuestro servicio de atenci\u00f3n al cliente en info@mycanvas.dk. Si no podemos encontrar una soluci\u00f3n, puede enviar una queja a:<\/p>\n<p>\u00a0<\/p>\n<p>Centro de resoluci\u00f3n de quejas<br \/>Casa de los Nombres<br \/>Puesto de aduanas 2<br \/>8800 V\u00edborg<br \/>www.forbrug.dk<\/p>\n<p>Si vive en un pa\u00eds de la UE distinto de Dinamarca, puede presentar una queja en el portal de quejas en l\u00ednea de la Comisi\u00f3n de la UE aqu\u00ed: http:\/\/ec.europa.eu\/odr<\/p>\n<p>\u00a0<\/p>\n<p>\u00a0<\/p>\n<p>\u00a0<\/p>\n<p>Las condiciones comerciales se actualizaron por \u00faltima vez el 18.09.2018<\/p>\n<p>\u00a0<\/p>\n<p>\u00a0<\/p>","protected":false},"excerpt":{"rendered":"<p>Informaci\u00f3n general My Canvas I\/SCVR: 39870541 Lysk\u00e6r 13B, 1 Sal, 2730 Herlev Info@mycanvas.dk Tel\u00e9fono: 71748144 Pago My Canvas I\/S acepta los siguientes m\u00e9todos de pago: Visa, Visa Dankort, Mastercard MobilePay, PayPal, ViaBill y transferencia bancaria. El importe se deduce \u00fanicamente cuando los productos se env\u00edan desde el almac\u00e9n. Las comisiones de las tarjetas privadas las cubre My Canvas I\/S y, por lo tanto, no se cobran al cliente. Tenga en cuenta que a\u00fan existen [\u2026]","protected":false},"author":1,"featured_media":0,"parent":0,"menu_order":0,"comment_status":"closed","ping_status":"closed","template":"","meta":{"_mi_skip_tracking":false,"footnotes":""},"class_list":["post-332","page","type-page","status-publish","hentry"],"yoast_head":"<!-- This site is optimized with the Yoast SEO plugin v24.2 - https:\/\/yoast.com\/wordpress\/plugins\/seo\/ -->\n<title>Handelsbetingelser &#8226; My Canvas<\/title>\n<meta name=\"robots\" content=\"index, follow, max-snippet:-1, max-image-preview:large, max-video-preview:-1\" \/>\n<link rel=\"canonical\" href=\"https:\/\/mycanvas.dk\/es\/handelsbetingelser\/\" \/>\n<meta property=\"og:locale\" content=\"es_ES\" \/>\n<meta property=\"og:type\" content=\"article\" \/>\n<meta property=\"og:title\" content=\"Handelsbetingelser &#8226; My Canvas\" \/>\n<meta property=\"og:description\" content=\"Generelle oplysninger My Canvas I\/SCVR: 39870541Lysk\u00e6r 13B, 1 Sal, 2730 HerlevInfo@mycanvas.dkTelefonnummer: 71748144 \u00a0 Betaling My Canvas I\/S accepterer f\u00f8lgende betalingsmidler: Visa, Visa Dankort, Mastercard MobilePay PayPal ViaBill Bankoverf\u00f8rsel Bel\u00f8bet tr\u00e6kkes f\u00f8rst, n\u00e5r produkterne afsendes fra lageret. Kortgebyr p\u00e5 privatudstedte kort afholdes af My Canvas I\/S og p\u00e5l\u00e6gges derfor ikke kunden. Bem\u00e6rk, at der dog stadig [...]\" \/>\n<meta property=\"og:url\" content=\"https:\/\/mycanvas.dk\/es\/handelsbetingelser\/\" \/>\n<meta property=\"og:site_name\" content=\"My Canvas\" \/>\n<meta property=\"article:publisher\" content=\"https:\/\/www.facebook.com\/MyCanvasDanmark\" \/>\n<meta property=\"article:modified_time\" content=\"2019-10-04T17:18:57+00:00\" \/>\n<meta name=\"twitter:card\" content=\"summary_large_image\" \/>\n<meta name=\"twitter:label1\" content=\"Tiempo de lectura\" \/>\n\t<meta name=\"twitter:data1\" content=\"7 minutos\" \/>\n<script type=\"application\/ld+json\" class=\"yoast-schema-graph\">{\"@context\":\"https:\/\/schema.org\",\"@graph\":[{\"@type\":\"WebPage\",\"@id\":\"https:\/\/mycanvas.dk\/handelsbetingelser\/\",\"url\":\"https:\/\/mycanvas.dk\/handelsbetingelser\/\",\"name\":\"Handelsbetingelser &#8226; My Canvas\",\"isPartOf\":{\"@id\":\"https:\/\/mycanvas.dk\/#website\"},\"datePublished\":\"2018-09-20T19:05:09+00:00\",\"dateModified\":\"2019-10-04T17:18:57+00:00\",\"breadcrumb\":{\"@id\":\"https:\/\/mycanvas.dk\/handelsbetingelser\/#breadcrumb\"},\"inLanguage\":\"es\",\"potentialAction\":[{\"@type\":\"ReadAction\",\"target\":[\"https:\/\/mycanvas.dk\/handelsbetingelser\/\"]}]},{\"@type\":\"BreadcrumbList\",\"@id\":\"https:\/\/mycanvas.dk\/handelsbetingelser\/#breadcrumb\",\"itemListElement\":[{\"@type\":\"ListItem\",\"position\":1,\"name\":\"Hjem\",\"item\":\"https:\/\/mycanvas.dk\/\"},{\"@type\":\"ListItem\",\"position\":2,\"name\":\"Handelsbetingelser\"}]},{\"@type\":\"WebSite\",\"@id\":\"https:\/\/mycanvas.dk\/#website\",\"url\":\"https:\/\/mycanvas.dk\/\",\"name\":\"My Canvas\",\"description\":\"Vi g\u00f8r danmarks historie til kunst\",\"publisher\":{\"@id\":\"https:\/\/mycanvas.dk\/#organization\"},\"potentialAction\":[{\"@type\":\"SearchAction\",\"target\":{\"@type\":\"EntryPoint\",\"urlTemplate\":\"https:\/\/mycanvas.dk\/?s={search_term_string}\"},\"query-input\":{\"@type\":\"PropertyValueSpecification\",\"valueRequired\":true,\"valueName\":\"search_term_string\"}}],\"inLanguage\":\"es\"},{\"@type\":\"Organization\",\"@id\":\"https:\/\/mycanvas.dk\/#organization\",\"name\":\"My Canvas\",\"url\":\"https:\/\/mycanvas.dk\/\",\"logo\":{\"@type\":\"ImageObject\",\"inLanguage\":\"es\",\"@id\":\"https:\/\/mycanvas.dk\/#\/schema\/logo\/image\/\",\"url\":\"https:\/\/mycanvas.dk\/wp-content\/uploads\/2018\/09\/MyCanvas-Logo-Nyeste.png\",\"contentUrl\":\"https:\/\/mycanvas.dk\/wp-content\/uploads\/2018\/09\/MyCanvas-Logo-Nyeste.png\",\"width\":1916,\"height\":736,\"caption\":\"My Canvas\"},\"image\":{\"@id\":\"https:\/\/mycanvas.dk\/#\/schema\/logo\/image\/\"},\"sameAs\":[\"https:\/\/www.facebook.com\/MyCanvasDanmark\",\"https:\/\/www.instagram.com\/mycanvasdk\/\"]}]}<\/script>\n<!-- \/ Yoast SEO plugin. -->","yoast_head_json":{"title":"Handelsbetingelser &#8226; My Canvas","robots":{"index":"index","follow":"follow","max-snippet":"max-snippet:-1","max-image-preview":"max-image-preview:large","max-video-preview":"max-video-preview:-1"},"canonical":"https:\/\/mycanvas.dk\/es\/handelsbetingelser\/","og_locale":"es_ES","og_type":"article","og_title":"Handelsbetingelser &#8226; My Canvas","og_description":"Generelle oplysninger My Canvas I\/SCVR: 39870541Lysk\u00e6r 13B, 1 Sal, 2730 HerlevInfo@mycanvas.dkTelefonnummer: 71748144 \u00a0 Betaling My Canvas I\/S accepterer f\u00f8lgende betalingsmidler: Visa, Visa Dankort, Mastercard MobilePay PayPal ViaBill Bankoverf\u00f8rsel Bel\u00f8bet tr\u00e6kkes f\u00f8rst, n\u00e5r produkterne afsendes fra lageret. Kortgebyr p\u00e5 privatudstedte kort afholdes af My Canvas I\/S og p\u00e5l\u00e6gges derfor ikke kunden. Bem\u00e6rk, at der dog stadig [...]","og_url":"https:\/\/mycanvas.dk\/es\/handelsbetingelser\/","og_site_name":"My Canvas","article_publisher":"https:\/\/www.facebook.com\/MyCanvasDanmark","article_modified_time":"2019-10-04T17:18:57+00:00","twitter_card":"summary_large_image","twitter_misc":{"Tiempo de lectura":"7 minutos"},"schema":{"@context":"https:\/\/schema.org","@graph":[{"@type":"WebPage","@id":"https:\/\/mycanvas.dk\/handelsbetingelser\/","url":"https:\/\/mycanvas.dk\/handelsbetingelser\/","name":"Handelsbetingelser &#8226; My Canvas","isPartOf":{"@id":"https:\/\/mycanvas.dk\/#website"},"datePublished":"2018-09-20T19:05:09+00:00","dateModified":"2019-10-04T17:18:57+00:00","breadcrumb":{"@id":"https:\/\/mycanvas.dk\/handelsbetingelser\/#breadcrumb"},"inLanguage":"es","potentialAction":[{"@type":"ReadAction","target":["https:\/\/mycanvas.dk\/handelsbetingelser\/"]}]},{"@type":"BreadcrumbList","@id":"https:\/\/mycanvas.dk\/handelsbetingelser\/#breadcrumb","itemListElement":[{"@type":"ListItem","position":1,"name":"Hjem","item":"https:\/\/mycanvas.dk\/"},{"@type":"ListItem","position":2,"name":"Handelsbetingelser"}]},{"@type":"WebSite","@id":"https:\/\/mycanvas.dk\/#website","url":"https:\/\/mycanvas.dk\/","name":"My Canvas","description":"Vi g\u00f8r danmarks historie til kunst","publisher":{"@id":"https:\/\/mycanvas.dk\/#organization"},"potentialAction":[{"@type":"SearchAction","target":{"@type":"EntryPoint","urlTemplate":"https:\/\/mycanvas.dk\/?s={search_term_string}"},"query-input":{"@type":"PropertyValueSpecification","valueRequired":true,"valueName":"search_term_string"}}],"inLanguage":"es"},{"@type":"Organization","@id":"https:\/\/mycanvas.dk\/#organization","name":"My Canvas","url":"https:\/\/mycanvas.dk\/","logo":{"@type":"ImageObject","inLanguage":"es","@id":"https:\/\/mycanvas.dk\/#\/schema\/logo\/image\/","url":"https:\/\/mycanvas.dk\/wp-content\/uploads\/2018\/09\/MyCanvas-Logo-Nyeste.png","contentUrl":"https:\/\/mycanvas.dk\/wp-content\/uploads\/2018\/09\/MyCanvas-Logo-Nyeste.png","width":1916,"height":736,"caption":"My Canvas"},"image":{"@id":"https:\/\/mycanvas.dk\/#\/schema\/logo\/image\/"},"sameAs":["https:\/\/www.facebook.com\/MyCanvasDanmark","https:\/\/www.instagram.com\/mycanvasdk\/"]}]}},"_links":{"self":[{"href":"https:\/\/mycanvas.dk\/es\/wp-json\/wp\/v2\/pages\/332","targetHints":{"allow":["GET"]}}],"collection":[{"href":"https:\/\/mycanvas.dk\/es\/wp-json\/wp\/v2\/pages"}],"about":[{"href":"https:\/\/mycanvas.dk\/es\/wp-json\/wp\/v2\/types\/page"}],"author":[{"embeddable":true,"href":"https:\/\/mycanvas.dk\/es\/wp-json\/wp\/v2\/users\/1"}],"replies":[{"embeddable":true,"href":"https:\/\/mycanvas.dk\/es\/wp-json\/wp\/v2\/comments?post=332"}],"version-history":[{"count":0,"href":"https:\/\/mycanvas.dk\/es\/wp-json\/wp\/v2\/pages\/332\/revisions"}],"wp:attachment":[{"href":"https:\/\/mycanvas.dk\/es\/wp-json\/wp\/v2\/media?parent=332"}],"curies":[{"name":"wp","href":"https:\/\/api.w.org\/{rel}","templated":true}]}}