
{"id":367,"date":"2018-09-27T18:32:20","date_gmt":"2018-09-27T16:32:20","guid":{"rendered":"http:\/\/designbyjuel.dk\/?page_id=367"},"modified":"2019-03-28T22:55:48","modified_gmt":"2019-03-28T21:55:48","slug":"privatlivspolitik","status":"publish","type":"page","link":"https:\/\/mycanvas.dk\/es\/privatlivspolitik\/","title":{"rendered":"Pol\u00edtica de privacidad"},"content":{"rendered":"<header class=\"m-text-header page-title\">\n<h1 class=\"m-text-headline\">Pol\u00edtica de privacidad<\/h1>\n<\/header>\n<div class=\"m-text-content content clearfix\"><b><i><\/i><\/b>\n<b><i>Nos tomamos en serio la protecci\u00f3n de sus datos.<\/i><\/b>\nProcesamos datos personales y, por lo tanto, hemos adoptado este reglamento de datos personales, que le indica c\u00f3mo procesamos sus datos. Para proteger sus datos personales lo mejor posible, evaluamos continuamente qu\u00e9 tan alto es el riesgo de que nuestro procesamiento de datos afecte negativamente a sus derechos fundamentales. Somos particularmente conscientes del riesgo de que usted pueda ser objeto de discriminaci\u00f3n o robo de identidad, o sufrir p\u00e9rdidas financieras, p\u00e9rdida de reputaci\u00f3n o confidencialidad de los datos. En el caso de que las decisiones que debemos tomar dependan de que podamos procesar datos personales confidenciales. informaci\u00f3n biom\u00e9trica o informaci\u00f3n sobre asuntos penales sobre usted, llevamos a cabo un an\u00e1lisis de las consecuencias del procesamiento de datos para la protecci\u00f3n de su privacidad. El an\u00e1lisis de impacto se lleva a cabo antes de que comencemos a procesar sus datos personales.<b><i>\u00bfQui\u00e9nes somos?<\/i><\/b>\nMyCanvas.dk es propiedad y est\u00e1 operado por MyCanvas I\/S. My Canvas I\/S tambi\u00e9n es el controlador de datos y tambi\u00e9n garantiza que sus datos personales sean procesados de acuerdo con la legislaci\u00f3n.\n\n<strong>Informaci\u00f3n del contacto:<\/strong>\nDirecci\u00f3n I\/S de My Canvas: M\u00f8llevangen 24, 3660 Stenl\u00f8se CVR: 39870541 N\u00famero de tel\u00e9fono: 23603666 Responsable del tratamiento: Casper Pedersen Correo electr\u00f3nico: info@mycanvas.dk Sitio web: https:\/\/mycanvas.dk\n\n<b><i>Garantizamos un procesamiento de datos justo y transparente<\/i><\/b>\n\n<\/div>\n<div class=\"m-text-content content clearfix\">\n\nSi le solicitamos que ponga sus datos personales a nuestra disposici\u00f3n, siempre se le informar\u00e1 sobre qu\u00e9 datos procesamos y con qu\u00e9 finalidad los utilizamos. Recibir\u00e1 informaci\u00f3n en el momento de la recopilaci\u00f3n de sus datos personales y tendr\u00e1 la oportunidad de dar su consentimiento para ello. Si obtenemos datos sobre usted de otros, por ejemplo, de un proveedor, una autoridad o un socio comercial, normalmente se le informar\u00e1 al inicio del caso y, en la mayor\u00eda de los casos, le pediremos que obtenga la informaci\u00f3n necesaria. La finalidad de obtener informaci\u00f3n de usted estar\u00e1 casi siempre justificada por el encargo que hemos recibido de usted para cumplir un contrato. Si recopilamos datos sobre usted, se lo informaremos a m\u00e1s tardar 10 d\u00edas despu\u00e9s de que hayamos recopilado sus datos personales.\n\n<b><i>Usamos este tipo de datos sobre usted<\/i><\/b>\nUtilizamos sus datos para asegurarnos de que disponemos de informaci\u00f3n correcta y relevante para la tarea que usted como cliente nos ha encomendado. Los datos que utilizamos se describen en un registro de procesamiento de datos y recibir\u00e1 una notificaci\u00f3n de datos personales con informaci\u00f3n sobre qu\u00e9 datos personales normalmente tenemos que usar en su tipo de caso espec\u00edfico.\n\n<i>Recopilamos y almacenamos sus datos personales para fines espec\u00edficos&nbsp;<\/i>\nRecopilamos y almacenamos sus datos exclusivamente para un fin espec\u00edfico, es decir, para cumplir con el encargo que nos ha encomendado. Recopilamos informaci\u00f3n para: \u27a2 tener informaci\u00f3n de identidad clara sobre usted, \u27a2 poder transferir mensajes y enviar comunicaciones y mantenerlo informado, \u27a2 liquidar cualquier monto en su cuenta, \u27a2 cumplir con los requisitos legales, incluidas las normas contables, documentaci\u00f3n fiscal, reglas de la cuenta.\n\n<b><i>Solo procesamos datos personales relevantes.<\/i><\/b>\nSolo procesamos datos sobre usted que sean relevantes y suficientes en relaci\u00f3n con los fines definidos anteriormente. El prop\u00f3sito es decisivo para qu\u00e9 tipo de datos sobre usted son relevantes para nosotros. Lo mismo se aplica al alcance de los datos personales que utilizamos. Por ejemplo, no utilizamos m\u00e1s datos de los que necesitamos para un fin espec\u00edfico. Antes de procesar sus datos personales, investigamos si nos es posible minimizar la cantidad de datos sobre usted. Tambi\u00e9n investigamos si algunos de los tipos de datos que utilizamos se pueden utilizar de forma an\u00f3nima o seudonimizada. Podremos hacerlo si no afecta negativamente a nuestras obligaciones o al servicio o servicio que le ofrecemos.\n\n<b><i>Solo procesamos datos personales necesarios<\/i><\/b>\nSolo recopilamos, procesamos y almacenamos los datos personales que son necesarios en relaci\u00f3n con el cumplimiento de nuestros prop\u00f3sitos establecidos. Adem\u00e1s, el tipo de datos que es necesario recopilar y almacenar para nuestras operaciones comerciales puede estar determinado por ley. El tipo y alcance de los datos personales que procesamos tambi\u00e9n pueden ser necesarios para cumplir un contrato u otra obligaci\u00f3n legal.\n\n<b><i>Comprobamos y actualizamos tus datos personales<\/i><\/b>\nVerificamos que los datos personales que procesamos sobre usted no sean incorrectos o enga\u00f1osos. Tambi\u00e9n nos aseguramos de actualizar sus datos personales de forma continua. Dado que nuestro servicio depende de que sus datos sean correctos y est\u00e9n actualizados, le solicitamos que nos informe de cualquier cambio relevante en sus datos. Puede utilizar la informaci\u00f3n de contacto anterior para notificarnos sus cambios. Para garantizar la calidad de sus datos, hemos adoptado normas internas y establecido procedimientos para verificar y actualizar sus datos personales.\n\n<b><i>Eliminamos tus datos personales cuando ya no son necesarios<\/i><\/b>\nEliminamos sus datos personales cuando ya no son necesarios en relaci\u00f3n con la finalidad para la que recopilamos, procesamos y almacenamos sus datos. Nos aseguramos de que estamos autorizados a procesar sus datos personales. Cuando procesamos sus datos personales, es para las finalidades descritas anteriormente. Aunque estamos autorizados a obtener datos personales sobre usted, siempre debemos asegurarnos de procesar sus datos personales s\u00f3lo para fines leg\u00edtimos. Como su cocontratista, nuestra base legal es que es necesario que tengamos sus datos personales relevantes para cumplir el contrato que tenemos con usted.\n\n<b><i>No transmitimos sus datos personales sin autorizaci\u00f3n<\/i><\/b>\nNo transmitimos sus datos personales a socios comerciales ni actores con fines de marketing. Como su cocontratista, tenemos un deber de confidencialidad que complementa las normas sobre datos personales. Solo transmitimos sus datos personales si estamos legalmente obligados a transmitirlos, por ejemplo como parte de un informe ante una autoridad. Al respecto, recibir\u00e1s una orientaci\u00f3n, ya que tienes derecho de acceso. Si pasamos informaci\u00f3n a un tercero que no es un controlador de datos independiente, debemos asegurarnos de que exista un acuerdo de procesador de datos que nos proteja a nosotros y a usted contra el procesador de datos que act\u00faa descuidadamente con sus datos personales y en violaci\u00f3n de las instrucciones que le damos. el procesador de datos.\n\n<b>Seguridad<\/b>\n<b><i>Protegemos tus datos personales y contamos con normas internas sobre seguridad de la informaci\u00f3n.<\/i><\/b>\nHemos adoptado reglas internas sobre seguridad de la informaci\u00f3n, que contienen instrucciones y medidas que protegen sus datos personales de ser destruidos, perdidos o alterados, de divulgaci\u00f3n no autorizada y de acceso o conocimiento no autorizado de los mismos. Hemos establecido procedimientos para otorgar derechos de acceso a aquellos de nuestros empleados que procesan datos personales sensibles y datos que revelan informaci\u00f3n sobre intereses y h\u00e1bitos personales. Controlamos su acceso real mediante registros y monitoreo. Para evitar la p\u00e9rdida de datos, realizamos copias de seguridad de nuestros conjuntos de datos peri\u00f3dicamente. Tambi\u00e9n protegemos la confidencialidad y autenticidad de sus datos mediante cifrado. En caso de una violaci\u00f3n de seguridad que resulte en un alto riesgo para usted de discriminaci\u00f3n, robo de identidad, p\u00e9rdida financiera, p\u00e9rdida de reputaci\u00f3n u otra desventaja importante, le notificaremos la violaci\u00f3n de seguridad lo antes posible.\n\n<b><i>Uso de cookies Cookies, finalidad y relevancia<\/i><\/b>\nSi colocamos cookies, se le informar\u00e1 sobre el uso y el prop\u00f3sito de la recopilaci\u00f3n de datos a trav\u00e9s de cookies. Al utilizar cookies, le pedimos su consentimiento. Sin embargo, las cookies necesarias para garantizar la funcionalidad y la configuraci\u00f3n se pueden utilizar sin su consentimiento. Puede obtener m\u00e1s informaci\u00f3n en nuestro sitio web sobre nuestro uso de cookies y c\u00f3mo puede eliminarlas o rechazarlas. Si desea revocar su consentimiento, consulte las instrucciones en nuestra <a href=\"https:\/\/mycanvas.dk\/es\/privatlivspolitik\/\">pol\u00edtica de cookies<\/a>.\n\n<b>Tus derechos<\/b>\n<b><i>Tienes derecho a acceder a tus datos personales<\/i><\/b>\nTienes derecho a ser informado en cualquier momento qu\u00e9 datos tratamos sobre ti, de d\u00f3nde proceden y para qu\u00e9 los utilizamos. Tambi\u00e9n puede informarle durante cu\u00e1nto tiempo almacenamos sus datos personales y qui\u00e9n recibe sus datos, en la medida en que transmitamos datos en Dinamarca y en el extranjero. Si lo solicitas, podemos informarte sobre los datos que procesamos sobre ti. Sin embargo, el acceso puede estar limitado por motivos de protecci\u00f3n de la privacidad de otras personas, secretos comerciales y derechos de propiedad intelectual. Puede ejercer sus derechos contactando con nosotros. Encontrar\u00e1 nuestra informaci\u00f3n de contacto en la parte superior.\n\n<b><i>Tiene derecho a que se corrijan o eliminen los datos personales inexactos.<\/i><\/b>\nSi cree que los datos personales que procesamos sobre usted son inexactos, tiene derecho a que se corrijan. Debe ponerse en contacto con nosotros e informarnos de las inexactitudes y c\u00f3mo pueden corregirse. En algunos casos, tendremos la obligaci\u00f3n de eliminar sus datos personales. Esto se aplica, por ejemplo, si retira su consentimiento. Si cree que sus datos ya no son necesarios en relaci\u00f3n con la finalidad para la que los obtuvimos, puede solicitar su eliminaci\u00f3n. Tambi\u00e9n puede contactarnos si cree que sus datos personales se est\u00e1n procesando en violaci\u00f3n de la ley u otras obligaciones legales. Cuando se comunica con nosotros para solicitar que corrijamos o eliminemos sus datos personales, investigamos si se cumplen las condiciones y, de ser as\u00ed, llevamos a cabo cambios o eliminaci\u00f3n lo antes posible.\n\n<b><i>Tiene derecho a oponerse a nuestro procesamiento de sus datos personales.<\/i><\/b>\nTiene derecho a oponerse a nuestro procesamiento de sus datos personales. Tambi\u00e9n puede oponerse a que transmitamos sus datos con fines de marketing. Puede utilizar la informaci\u00f3n de contacto en la parte superior para enviar una objeci\u00f3n. Si su objeci\u00f3n est\u00e1 justificada, nos aseguraremos de dejar de procesar sus datos personales. Tiene derecho a recibir los datos personales que ha puesto a nuestra disposici\u00f3n y los que hemos obtenido sobre usted de otros actores en base a su consentimiento. Si procesamos datos sobre usted como parte de un contrato en el que usted es parte, tambi\u00e9n puede solicitar que se le env\u00eden sus datos. Tambi\u00e9n tiene derecho a transferir estos datos personales a otro proveedor de servicios. Si desea ejercer su derecho a la portabilidad de datos, recibir\u00e1 de nosotros sus datos personales en un formato de uso com\u00fan. Si desea acceder a sus datos, corregirlos o eliminarlos, u oponerse a nuestro procesamiento de datos, investigaremos si esto es posible y le daremos una respuesta a su consulta lo antes posible y a m\u00e1s tardar un mes despu\u00e9s de haberlos recibido. su consulta.\u201d\n\n<\/div>","protected":false},"excerpt":{"rendered":"<p>Pol\u00edtica de privacidad Nos tomamos en serio la protecci\u00f3n de sus datos. Procesamos datos personales y, por lo tanto, hemos adoptado este reglamento de datos personales, que le indica c\u00f3mo procesamos sus datos. Para proteger sus datos personales lo mejor posible, evaluamos continuamente qu\u00e9 tan alto es el riesgo de que nuestro procesamiento de datos afecte negativamente a sus derechos fundamentales. Somos especialmente conscientes del riesgo de que usted quede expuesto [...]","protected":false},"author":1,"featured_media":0,"parent":0,"menu_order":0,"comment_status":"closed","ping_status":"closed","template":"","meta":{"_mi_skip_tracking":false,"footnotes":""},"class_list":["post-367","page","type-page","status-publish","hentry"],"yoast_head":"<!-- This site is optimized with the Yoast SEO plugin v24.2 - https:\/\/yoast.com\/wordpress\/plugins\/seo\/ -->\n<title>Privatlivspolitik &#8226; My Canvas<\/title>\n<meta name=\"robots\" content=\"index, follow, max-snippet:-1, max-image-preview:large, max-video-preview:-1\" \/>\n<link rel=\"canonical\" href=\"https:\/\/mycanvas.dk\/es\/privatlivspolitik\/\" \/>\n<meta property=\"og:locale\" content=\"es_ES\" \/>\n<meta property=\"og:type\" content=\"article\" \/>\n<meta property=\"og:title\" content=\"Privatlivspolitik &#8226; My Canvas\" \/>\n<meta property=\"og:description\" content=\"Privatlivspolitik Vi tager din databeskyttelse alvorligt. Vi behandler persondata og har derfor vedtaget denne persondataforordning, der fort\u00e6ller dig, hvordan vi behandler dine data. For at beskytte dine persondata bedst muligt, vurderer vi l\u00f8bende, hvor h\u00f8j risikoen er for, at vores databehandling p\u00e5virker dine grundrettigheder negativt. Vi er is\u00e6r opm\u00e6rksomme p\u00e5 risikoen for, at du uds\u00e6ttes [...]\" \/>\n<meta property=\"og:url\" content=\"https:\/\/mycanvas.dk\/es\/privatlivspolitik\/\" \/>\n<meta property=\"og:site_name\" content=\"My Canvas\" \/>\n<meta property=\"article:publisher\" content=\"https:\/\/www.facebook.com\/MyCanvasDanmark\" \/>\n<meta property=\"article:modified_time\" content=\"2019-03-28T21:55:48+00:00\" \/>\n<meta name=\"twitter:card\" content=\"summary_large_image\" \/>\n<meta name=\"twitter:label1\" content=\"Tiempo de lectura\" \/>\n\t<meta name=\"twitter:data1\" content=\"9 minutos\" \/>\n<script type=\"application\/ld+json\" class=\"yoast-schema-graph\">{\"@context\":\"https:\/\/schema.org\",\"@graph\":[{\"@type\":\"WebPage\",\"@id\":\"https:\/\/mycanvas.dk\/privatlivspolitik\/\",\"url\":\"https:\/\/mycanvas.dk\/privatlivspolitik\/\",\"name\":\"Privatlivspolitik &#8226; My Canvas\",\"isPartOf\":{\"@id\":\"https:\/\/mycanvas.dk\/#website\"},\"datePublished\":\"2018-09-27T16:32:20+00:00\",\"dateModified\":\"2019-03-28T21:55:48+00:00\",\"breadcrumb\":{\"@id\":\"https:\/\/mycanvas.dk\/privatlivspolitik\/#breadcrumb\"},\"inLanguage\":\"es\",\"potentialAction\":[{\"@type\":\"ReadAction\",\"target\":[\"https:\/\/mycanvas.dk\/privatlivspolitik\/\"]}]},{\"@type\":\"BreadcrumbList\",\"@id\":\"https:\/\/mycanvas.dk\/privatlivspolitik\/#breadcrumb\",\"itemListElement\":[{\"@type\":\"ListItem\",\"position\":1,\"name\":\"Hjem\",\"item\":\"https:\/\/mycanvas.dk\/\"},{\"@type\":\"ListItem\",\"position\":2,\"name\":\"Privatlivspolitik\"}]},{\"@type\":\"WebSite\",\"@id\":\"https:\/\/mycanvas.dk\/#website\",\"url\":\"https:\/\/mycanvas.dk\/\",\"name\":\"My Canvas\",\"description\":\"Vi g\u00f8r danmarks historie til kunst\",\"publisher\":{\"@id\":\"https:\/\/mycanvas.dk\/#organization\"},\"potentialAction\":[{\"@type\":\"SearchAction\",\"target\":{\"@type\":\"EntryPoint\",\"urlTemplate\":\"https:\/\/mycanvas.dk\/?s={search_term_string}\"},\"query-input\":{\"@type\":\"PropertyValueSpecification\",\"valueRequired\":true,\"valueName\":\"search_term_string\"}}],\"inLanguage\":\"es\"},{\"@type\":\"Organization\",\"@id\":\"https:\/\/mycanvas.dk\/#organization\",\"name\":\"My Canvas\",\"url\":\"https:\/\/mycanvas.dk\/\",\"logo\":{\"@type\":\"ImageObject\",\"inLanguage\":\"es\",\"@id\":\"https:\/\/mycanvas.dk\/#\/schema\/logo\/image\/\",\"url\":\"https:\/\/mycanvas.dk\/wp-content\/uploads\/2018\/09\/MyCanvas-Logo-Nyeste.png\",\"contentUrl\":\"https:\/\/mycanvas.dk\/wp-content\/uploads\/2018\/09\/MyCanvas-Logo-Nyeste.png\",\"width\":1916,\"height\":736,\"caption\":\"My Canvas\"},\"image\":{\"@id\":\"https:\/\/mycanvas.dk\/#\/schema\/logo\/image\/\"},\"sameAs\":[\"https:\/\/www.facebook.com\/MyCanvasDanmark\",\"https:\/\/www.instagram.com\/mycanvasdk\/\"]}]}<\/script>\n<!-- \/ Yoast SEO plugin. -->","yoast_head_json":{"title":"Privatlivspolitik &#8226; My Canvas","robots":{"index":"index","follow":"follow","max-snippet":"max-snippet:-1","max-image-preview":"max-image-preview:large","max-video-preview":"max-video-preview:-1"},"canonical":"https:\/\/mycanvas.dk\/es\/privatlivspolitik\/","og_locale":"es_ES","og_type":"article","og_title":"Privatlivspolitik &#8226; My Canvas","og_description":"Privatlivspolitik Vi tager din databeskyttelse alvorligt. Vi behandler persondata og har derfor vedtaget denne persondataforordning, der fort\u00e6ller dig, hvordan vi behandler dine data. For at beskytte dine persondata bedst muligt, vurderer vi l\u00f8bende, hvor h\u00f8j risikoen er for, at vores databehandling p\u00e5virker dine grundrettigheder negativt. Vi er is\u00e6r opm\u00e6rksomme p\u00e5 risikoen for, at du uds\u00e6ttes [...]","og_url":"https:\/\/mycanvas.dk\/es\/privatlivspolitik\/","og_site_name":"My Canvas","article_publisher":"https:\/\/www.facebook.com\/MyCanvasDanmark","article_modified_time":"2019-03-28T21:55:48+00:00","twitter_card":"summary_large_image","twitter_misc":{"Tiempo de lectura":"9 minutos"},"schema":{"@context":"https:\/\/schema.org","@graph":[{"@type":"WebPage","@id":"https:\/\/mycanvas.dk\/privatlivspolitik\/","url":"https:\/\/mycanvas.dk\/privatlivspolitik\/","name":"Privatlivspolitik &#8226; My Canvas","isPartOf":{"@id":"https:\/\/mycanvas.dk\/#website"},"datePublished":"2018-09-27T16:32:20+00:00","dateModified":"2019-03-28T21:55:48+00:00","breadcrumb":{"@id":"https:\/\/mycanvas.dk\/privatlivspolitik\/#breadcrumb"},"inLanguage":"es","potentialAction":[{"@type":"ReadAction","target":["https:\/\/mycanvas.dk\/privatlivspolitik\/"]}]},{"@type":"BreadcrumbList","@id":"https:\/\/mycanvas.dk\/privatlivspolitik\/#breadcrumb","itemListElement":[{"@type":"ListItem","position":1,"name":"Hjem","item":"https:\/\/mycanvas.dk\/"},{"@type":"ListItem","position":2,"name":"Privatlivspolitik"}]},{"@type":"WebSite","@id":"https:\/\/mycanvas.dk\/#website","url":"https:\/\/mycanvas.dk\/","name":"My Canvas","description":"Vi g\u00f8r danmarks historie til kunst","publisher":{"@id":"https:\/\/mycanvas.dk\/#organization"},"potentialAction":[{"@type":"SearchAction","target":{"@type":"EntryPoint","urlTemplate":"https:\/\/mycanvas.dk\/?s={search_term_string}"},"query-input":{"@type":"PropertyValueSpecification","valueRequired":true,"valueName":"search_term_string"}}],"inLanguage":"es"},{"@type":"Organization","@id":"https:\/\/mycanvas.dk\/#organization","name":"My Canvas","url":"https:\/\/mycanvas.dk\/","logo":{"@type":"ImageObject","inLanguage":"es","@id":"https:\/\/mycanvas.dk\/#\/schema\/logo\/image\/","url":"https:\/\/mycanvas.dk\/wp-content\/uploads\/2018\/09\/MyCanvas-Logo-Nyeste.png","contentUrl":"https:\/\/mycanvas.dk\/wp-content\/uploads\/2018\/09\/MyCanvas-Logo-Nyeste.png","width":1916,"height":736,"caption":"My Canvas"},"image":{"@id":"https:\/\/mycanvas.dk\/#\/schema\/logo\/image\/"},"sameAs":["https:\/\/www.facebook.com\/MyCanvasDanmark","https:\/\/www.instagram.com\/mycanvasdk\/"]}]}},"_links":{"self":[{"href":"https:\/\/mycanvas.dk\/es\/wp-json\/wp\/v2\/pages\/367","targetHints":{"allow":["GET"]}}],"collection":[{"href":"https:\/\/mycanvas.dk\/es\/wp-json\/wp\/v2\/pages"}],"about":[{"href":"https:\/\/mycanvas.dk\/es\/wp-json\/wp\/v2\/types\/page"}],"author":[{"embeddable":true,"href":"https:\/\/mycanvas.dk\/es\/wp-json\/wp\/v2\/users\/1"}],"replies":[{"embeddable":true,"href":"https:\/\/mycanvas.dk\/es\/wp-json\/wp\/v2\/comments?post=367"}],"version-history":[{"count":0,"href":"https:\/\/mycanvas.dk\/es\/wp-json\/wp\/v2\/pages\/367\/revisions"}],"wp:attachment":[{"href":"https:\/\/mycanvas.dk\/es\/wp-json\/wp\/v2\/media?parent=367"}],"curies":[{"name":"wp","href":"https:\/\/api.w.org\/{rel}","templated":true}]}}