
{"id":92,"date":"2013-08-11T19:06:15","date_gmt":"2013-08-11T19:06:15","guid":{"rendered":"http:\/\/localhost:8888\/test\/?page_id=520"},"modified":"2024-09-27T21:45:38","modified_gmt":"2024-09-27T20:45:38","slug":"om-os","status":"publish","type":"page","link":"https:\/\/mycanvas.dk\/es\/om-os\/","title":{"rendered":"Sobre nosotros"},"content":{"rendered":"<div class=\"banner has-hover\" id=\"banner-1263856367\">\n          <div class=\"banner-inner fill\">\n        <div class=\"banner-bg fill\" >\n            <div class=\"bg fill bg-fill\"><\/div>\n                        <div class=\"overlay\"><\/div>            \n                    <\/div>\n\t\t\n        <div class=\"banner-layers container\">\n            <div class=\"fill banner-link\"><\/div>            \n\n   <div id=\"text-box-1380027076\" class=\"text-box banner-layer x50 md-x50 lg-x50 y50 md-y50 lg-y50 res-text\">\n                                <div class=\"text-box-content text dark\">\n              \n              <div class=\"text-inner text-center\">\n                  \n\n<h1 class=\"lead\">la historia de&nbsp;<\/p>\n<p>\nMi lienzo<\/p>\n<\/h1>\n\n              <\/div>\n           <\/div>\n                            \n<style>\n#text-box-1380027076 {\n  width: 95%;\n}\n#text-box-1380027076 .text-box-content {\n  font-size: 100%;\n}\n<\/style>\n    <\/div>\n \n\n        <\/div>\n      <\/div>\n\n            \n<style>\n#banner-1263856367 {\n  padding-top: 26%;\n  background-color: rgba(255, 203, 105, 0.44);\n}\n#banner-1263856367 .overlay {\n  background-color: rgba(131, 100, 0, 0.15);\n}\n#banner-1263856367 .ux-shape-divider--top svg {\n  height: 150px;\n  --divider-top-width: 100%;\n}\n#banner-1263856367 .ux-shape-divider--bottom svg {\n  height: 150px;\n  --divider-width: 100%;\n}\n<\/style>\n  <\/div>\n\n\n\t<section class=\"section\" id=\"section_381089915\">\n\t\t<div class=\"bg section-bg fill bg-fill  bg-loaded\" >\n\n\t\t\t\n\t\t\t\n\t\t\t\n\n\t\t<\/div>\n\n\t\t\n\n\t\t<div class=\"section-content relative\">\n\t\t\t\n\n<div class=\"row\"  id=\"row-807772712\">\n\n\n\t<div id=\"col-2020277459\" class=\"col medium-2 small-12 large-2\"  >\n\t\t\t\t<div class=\"col-inner\"  >\n\t\t\t\n\t\t\t\n\n\n\t\t<\/div>\n\t\t\t\t\t<\/div>\n\n\t\n\n\t<div id=\"col-1664051268\" class=\"col medium-8 small-12 large-8\"  >\n\t\t\t\t<div class=\"col-inner text-center\"  >\n\t\t\t\n\t\t\t\n\n<p class=\"lead text-center\"><span style=\"font-size: 150%;\">Mi lienzo<\/span><\/p>\n<p><em><span style=\"font-family: arial, helvetica, sans-serif; font-size: 100%;\"><strong>\u00b7 Sobre nosotros \u00b7<\/strong><\/span><\/em><\/p>\n<p>Los viejos recuerdos de la infancia son algunas de las cosas que m\u00e1s apreciamos. Por eso, aqu\u00ed en My Canvas nos gustar\u00eda inmortalizar algunos de ellos con bonitos carteles de fotograf\u00edas de la antigua Copenhague.<\/p>\n<p>Hemos seleccionado especialmente fotograf\u00edas de principios del siglo XX, que irradian ciertos estados de \u00e1nimo de una calle, edificio o lugar espec\u00edfico aqu\u00ed en Copenhague, as\u00ed como del resto de Dinamarca con su propia historia. De esta manera perpetuamos los recuerdos y creamos arte para tu hogar.<\/p>\n<p>Por lo tanto, se cre\u00f3 My Canvas, que comenz\u00f3 en agosto de 2018, cuando la idea cobr\u00f3 vida silenciosamente. Quer\u00edamos ofrecer algo \u00fanico y memorable.<\/p>\n<p>Todos nuestros carteles est\u00e1n impresos en sat\u00e9n fotogr\u00e1fico de 240 g para garantizar la mejor calidad. \u00a1Explora las fotograf\u00edas antiguas de Copenhague y encuentra tus recuerdos nuevamente!<\/p>\n<p>Y no te preocupes, trabajamos duro todos los d\u00edas para encontrar nuevas im\u00e1genes interesantes en los archivos locales daneses, as\u00ed que mantente atento a la tienda. Puede ser que hayamos encontrado fotograf\u00edas de tu ciudad natal.<\/p>\n<p>- Encontrar\u00e1s toda nuestra selecci\u00f3n de <a href=\"https:\/\/mycanvas.dk\/es\/categoria-producto\/plakater\/koebenhavn\/\">fotos antiguas<\/a> en la tienda debajo de todos los carteles, o presionando <a href=\"https:\/\/mycanvas.dk\/es\/categoria-producto\/plakater\/\">aqu\u00ed<\/a><\/p>\n<p>&nbsp;<\/p>\n<h1 style=\"text-align: center;\">El equipo detr\u00e1s de My Canvas<\/h1>\n\n\t\t<\/div>\n\t\t\t\t\t<\/div>\n\n\t\n\n\t<div id=\"col-1644585807\" class=\"col medium-2 small-12 large-2\"  >\n\t\t\t\t<div class=\"col-inner\"  >\n\t\t\t\n\t\t\t\n\n\n\t\t<\/div>\n\t\t\t\t\t<\/div>\n\n\t\n\n<\/div>\n\n\t\t<\/div>\n\n\t\t\n<style>\n#section_381089915 {\n  padding-top: 30px;\n  padding-bottom: 30px;\n}\n#section_381089915 .ux-shape-divider--top svg {\n  height: 150px;\n  --divider-top-width: 100%;\n}\n#section_381089915 .ux-shape-divider--bottom svg {\n  height: 150px;\n  --divider-width: 100%;\n}\n<\/style>\n\t<\/section>\n\t\n<div class=\"row row-small\"  id=\"row-485254677\">\n\n\n\t<div id=\"col-609577412\" class=\"col medium-2 small-12 large-2\"  >\n\t\t\t\t<div class=\"col-inner\"  >\n\t\t\t\n\t\t\t\n\n\n\t\t<\/div>\n\t\t\t\t\t<\/div>\n\n\t\n\n\t<div id=\"col-1981689301\" class=\"col medium-4 small-6 large-4\"  >\n\t\t\t\t<div class=\"col-inner text-center\"  >\n\t\t\t\n\t\t\t\n\n\n\t\t<\/div>\n\t\t\t\t\t<\/div>\n\n\t\n\n\t<div id=\"col-1543620359\" class=\"col medium-4 small-6 large-4\"  >\n\t\t\t\t<div class=\"col-inner\"  >\n\t\t\t\n\t\t\t\n\n    <div class=\"box has-hover has-hover box-default box-text-bottom\" >\n\n                  <div class=\"box-image\" >\n           <div class=\"box-image-inner image-cover\" style=\"border-radius:100%;padding-top:100%;\">\n              <img decoding=\"async\" width=\"1365\" height=\"2048\" src=\"https:\/\/mycanvas.dk\/wp-content\/uploads\/2018\/10\/3460_web.jpg\" class=\"attachment- size-\" alt=\"\" srcset=\"https:\/\/mycanvas.dk\/wp-content\/uploads\/2018\/10\/3460_web.jpg 1365w, https:\/\/mycanvas.dk\/wp-content\/uploads\/2018\/10\/3460_web-505x758.jpg 505w, https:\/\/mycanvas.dk\/wp-content\/uploads\/2018\/10\/3460_web-267x400.jpg 267w, https:\/\/mycanvas.dk\/wp-content\/uploads\/2018\/10\/3460_web-768x1152.jpg 768w, https:\/\/mycanvas.dk\/wp-content\/uploads\/2018\/10\/3460_web-533x800.jpg 533w, https:\/\/mycanvas.dk\/wp-content\/uploads\/2018\/10\/3460_web-510x765.jpg 510w\" sizes=\"(max-width: 1365px) 100vw, 1365px\" \/>                         <\/div>\n          <\/div>\n         \n          <div class=\"box-text text-center\" >\n                <div class=\"box-text-inner\">\n                  <h4 class=\"uppercase\">\n                    <span class=\"person-name\">Kasper<\/span><br\/>\n                    <span class=\"person-title is-small thin-font op-7\">\n                      Base                    <\/span>\n                  <\/h4>\n                 <div class=\"social-icons follow-icons\" ><a href=\"https:\/\/www.facebook.com\/kasper.gregersen.94\" target=\"_blank\" data-label=\"Facebook\" rel=\"noopener noreferrer nofollow\" class=\"icon button circle is-outline facebook tooltip\" title=\"S\u00edguenos en Facebook\" aria-label=\"S\u00edguenos en Facebook\"><i class=\"icon-facebook\" ><\/i><\/a><a href=\"https:\/\/www.instagram.com\/tattoo_by_kasper\/\" target=\"_blank\" rel=\"noopener noreferrer nofollow\" data-label=\"Instagram\" class=\"icon button circle is-outline  instagram tooltip\" title=\"S\u00edguenos en Instagram\" aria-label=\"S\u00edguenos en Instagram\"><i class=\"icon-instagram\" ><\/i><\/a><a href=\"mailto:kasper@mycanvas.dk\" data-label=\"E-mail\" rel=\"nofollow\" class=\"icon button circle is-outline  email tooltip\" title=\"Env\u00edanos un correo electr\u00f3nico\" aria-label=\"Env\u00edanos un correo electr\u00f3nico\"><i class=\"icon-envelop\" ><\/i><\/a><a href=\"tel:23603666\" target=\"_blank\" data-label=\"Phone\" rel=\"noopener noreferrer nofollow\" class=\"icon button circle is-outline  phone tooltip\" title=\"Ll\u00e1manos\" aria-label=\"Ll\u00e1manos\"><i class=\"icon-phone\" ><\/i><\/a><\/div>                 \n\n<p style=\"text-align: center;\"><a href=\"https:\/\/inkandneedles.com\/\">Kasper Gregersen.<\/a><\/p>\n<p><a href=\"https:\/\/inkandneedles.com\/\"><strong>Es un tatuador, dibujante e ilustrador experimentado y ha completado su educaci\u00f3n en la escuela de arte y dibujo de Glyptotek.<\/strong><\/a><\/p>\n\n                <\/div>\n          <\/div>\n    <\/div>\n\n    \n    \n\n\t\t<\/div>\n\t\t\t\t\t<\/div>\n\n\t\n\n\t<div id=\"col-153684016\" class=\"col medium-2 small-12 large-2\"  >\n\t\t\t\t<div class=\"col-inner\"  >\n\t\t\t\n\t\t\t\n\n\n\t\t<\/div>\n\t\t\t\t\t<\/div>\n\n\t\n\n<\/div>","protected":false},"excerpt":{"rendered":"","protected":false},"author":1,"featured_media":0,"parent":0,"menu_order":0,"comment_status":"closed","ping_status":"closed","template":"page-blank.php","meta":{"_mi_skip_tracking":false,"footnotes":""},"class_list":["post-92","page","type-page","status-publish","hentry"],"yoast_head":"<!-- This site is optimized with the Yoast SEO plugin v24.2 - https:\/\/yoast.com\/wordpress\/plugins\/seo\/ -->\n<title>Om os &#8226; Historien om My Canvas &#8226; Vil du vide mere? S\u00e5 klik her<\/title>\n<meta name=\"description\" content=\"Vil du vide mere om personerne bag My Canvas? S\u00e5 klik ind p\u00e5 siden her og bliv beriget med historien om hvordan det hele startede.\" \/>\n<meta name=\"robots\" content=\"index, follow, max-snippet:-1, max-image-preview:large, max-video-preview:-1\" \/>\n<link rel=\"canonical\" href=\"https:\/\/mycanvas.dk\/es\/om-os\/\" \/>\n<meta property=\"og:locale\" content=\"es_ES\" \/>\n<meta property=\"og:type\" content=\"article\" \/>\n<meta property=\"og:title\" content=\"Om os &#8226; Historien om My Canvas &#8226; Vil du vide mere? S\u00e5 klik her\" \/>\n<meta property=\"og:description\" content=\"Vil du vide mere om personerne bag My Canvas? S\u00e5 klik ind p\u00e5 siden her og bliv beriget med historien om hvordan det hele startede.\" \/>\n<meta property=\"og:url\" content=\"https:\/\/mycanvas.dk\/es\/om-os\/\" \/>\n<meta property=\"og:site_name\" content=\"My Canvas\" \/>\n<meta property=\"article:publisher\" content=\"https:\/\/www.facebook.com\/MyCanvasDanmark\" \/>\n<meta property=\"article:modified_time\" content=\"2024-09-27T20:45:38+00:00\" \/>\n<meta name=\"twitter:card\" content=\"summary_large_image\" \/>\n<meta name=\"twitter:label1\" content=\"Tiempo de lectura\" \/>\n\t<meta name=\"twitter:data1\" content=\"2 minutos\" \/>\n<script type=\"application\/ld+json\" class=\"yoast-schema-graph\">{\"@context\":\"https:\/\/schema.org\",\"@graph\":[{\"@type\":\"WebPage\",\"@id\":\"https:\/\/mycanvas.dk\/om-os\/\",\"url\":\"https:\/\/mycanvas.dk\/om-os\/\",\"name\":\"Om os &#8226; Historien om My Canvas &#8226; Vil du vide mere? S\u00e5 klik her\",\"isPartOf\":{\"@id\":\"https:\/\/mycanvas.dk\/#website\"},\"datePublished\":\"2013-08-11T19:06:15+00:00\",\"dateModified\":\"2024-09-27T20:45:38+00:00\",\"description\":\"Vil du vide mere om personerne bag My Canvas? S\u00e5 klik ind p\u00e5 siden her og bliv beriget med historien om hvordan det hele startede.\",\"breadcrumb\":{\"@id\":\"https:\/\/mycanvas.dk\/om-os\/#breadcrumb\"},\"inLanguage\":\"es\",\"potentialAction\":[{\"@type\":\"ReadAction\",\"target\":[\"https:\/\/mycanvas.dk\/om-os\/\"]}]},{\"@type\":\"BreadcrumbList\",\"@id\":\"https:\/\/mycanvas.dk\/om-os\/#breadcrumb\",\"itemListElement\":[{\"@type\":\"ListItem\",\"position\":1,\"name\":\"Hjem\",\"item\":\"https:\/\/mycanvas.dk\/\"},{\"@type\":\"ListItem\",\"position\":2,\"name\":\"Om os\"}]},{\"@type\":\"WebSite\",\"@id\":\"https:\/\/mycanvas.dk\/#website\",\"url\":\"https:\/\/mycanvas.dk\/\",\"name\":\"My Canvas\",\"description\":\"Vi g\u00f8r danmarks historie til kunst\",\"publisher\":{\"@id\":\"https:\/\/mycanvas.dk\/#organization\"},\"potentialAction\":[{\"@type\":\"SearchAction\",\"target\":{\"@type\":\"EntryPoint\",\"urlTemplate\":\"https:\/\/mycanvas.dk\/?s={search_term_string}\"},\"query-input\":{\"@type\":\"PropertyValueSpecification\",\"valueRequired\":true,\"valueName\":\"search_term_string\"}}],\"inLanguage\":\"es\"},{\"@type\":\"Organization\",\"@id\":\"https:\/\/mycanvas.dk\/#organization\",\"name\":\"My Canvas\",\"url\":\"https:\/\/mycanvas.dk\/\",\"logo\":{\"@type\":\"ImageObject\",\"inLanguage\":\"es\",\"@id\":\"https:\/\/mycanvas.dk\/#\/schema\/logo\/image\/\",\"url\":\"https:\/\/mycanvas.dk\/wp-content\/uploads\/2018\/09\/MyCanvas-Logo-Nyeste.png\",\"contentUrl\":\"https:\/\/mycanvas.dk\/wp-content\/uploads\/2018\/09\/MyCanvas-Logo-Nyeste.png\",\"width\":1916,\"height\":736,\"caption\":\"My Canvas\"},\"image\":{\"@id\":\"https:\/\/mycanvas.dk\/#\/schema\/logo\/image\/\"},\"sameAs\":[\"https:\/\/www.facebook.com\/MyCanvasDanmark\",\"https:\/\/www.instagram.com\/mycanvasdk\/\"]}]}<\/script>\n<!-- \/ Yoast SEO plugin. -->","yoast_head_json":{"title":"Om os &#8226; Historien om My Canvas &#8226; Vil du vide mere? S\u00e5 klik her","description":"Vil du vide mere om personerne bag My Canvas? S\u00e5 klik ind p\u00e5 siden her og bliv beriget med historien om hvordan det hele startede.","robots":{"index":"index","follow":"follow","max-snippet":"max-snippet:-1","max-image-preview":"max-image-preview:large","max-video-preview":"max-video-preview:-1"},"canonical":"https:\/\/mycanvas.dk\/es\/om-os\/","og_locale":"es_ES","og_type":"article","og_title":"Om os &#8226; Historien om My Canvas &#8226; Vil du vide mere? S\u00e5 klik her","og_description":"Vil du vide mere om personerne bag My Canvas? S\u00e5 klik ind p\u00e5 siden her og bliv beriget med historien om hvordan det hele startede.","og_url":"https:\/\/mycanvas.dk\/es\/om-os\/","og_site_name":"My Canvas","article_publisher":"https:\/\/www.facebook.com\/MyCanvasDanmark","article_modified_time":"2024-09-27T20:45:38+00:00","twitter_card":"summary_large_image","twitter_misc":{"Tiempo de lectura":"2 minutos"},"schema":{"@context":"https:\/\/schema.org","@graph":[{"@type":"WebPage","@id":"https:\/\/mycanvas.dk\/om-os\/","url":"https:\/\/mycanvas.dk\/om-os\/","name":"Om os &#8226; Historien om My Canvas &#8226; Vil du vide mere? S\u00e5 klik her","isPartOf":{"@id":"https:\/\/mycanvas.dk\/#website"},"datePublished":"2013-08-11T19:06:15+00:00","dateModified":"2024-09-27T20:45:38+00:00","description":"Vil du vide mere om personerne bag My Canvas? S\u00e5 klik ind p\u00e5 siden her og bliv beriget med historien om hvordan det hele startede.","breadcrumb":{"@id":"https:\/\/mycanvas.dk\/om-os\/#breadcrumb"},"inLanguage":"es","potentialAction":[{"@type":"ReadAction","target":["https:\/\/mycanvas.dk\/om-os\/"]}]},{"@type":"BreadcrumbList","@id":"https:\/\/mycanvas.dk\/om-os\/#breadcrumb","itemListElement":[{"@type":"ListItem","position":1,"name":"Hjem","item":"https:\/\/mycanvas.dk\/"},{"@type":"ListItem","position":2,"name":"Om os"}]},{"@type":"WebSite","@id":"https:\/\/mycanvas.dk\/#website","url":"https:\/\/mycanvas.dk\/","name":"My Canvas","description":"Vi g\u00f8r danmarks historie til kunst","publisher":{"@id":"https:\/\/mycanvas.dk\/#organization"},"potentialAction":[{"@type":"SearchAction","target":{"@type":"EntryPoint","urlTemplate":"https:\/\/mycanvas.dk\/?s={search_term_string}"},"query-input":{"@type":"PropertyValueSpecification","valueRequired":true,"valueName":"search_term_string"}}],"inLanguage":"es"},{"@type":"Organization","@id":"https:\/\/mycanvas.dk\/#organization","name":"My Canvas","url":"https:\/\/mycanvas.dk\/","logo":{"@type":"ImageObject","inLanguage":"es","@id":"https:\/\/mycanvas.dk\/#\/schema\/logo\/image\/","url":"https:\/\/mycanvas.dk\/wp-content\/uploads\/2018\/09\/MyCanvas-Logo-Nyeste.png","contentUrl":"https:\/\/mycanvas.dk\/wp-content\/uploads\/2018\/09\/MyCanvas-Logo-Nyeste.png","width":1916,"height":736,"caption":"My Canvas"},"image":{"@id":"https:\/\/mycanvas.dk\/#\/schema\/logo\/image\/"},"sameAs":["https:\/\/www.facebook.com\/MyCanvasDanmark","https:\/\/www.instagram.com\/mycanvasdk\/"]}]}},"_links":{"self":[{"href":"https:\/\/mycanvas.dk\/es\/wp-json\/wp\/v2\/pages\/92","targetHints":{"allow":["GET"]}}],"collection":[{"href":"https:\/\/mycanvas.dk\/es\/wp-json\/wp\/v2\/pages"}],"about":[{"href":"https:\/\/mycanvas.dk\/es\/wp-json\/wp\/v2\/types\/page"}],"author":[{"embeddable":true,"href":"https:\/\/mycanvas.dk\/es\/wp-json\/wp\/v2\/users\/1"}],"replies":[{"embeddable":true,"href":"https:\/\/mycanvas.dk\/es\/wp-json\/wp\/v2\/comments?post=92"}],"version-history":[{"count":3,"href":"https:\/\/mycanvas.dk\/es\/wp-json\/wp\/v2\/pages\/92\/revisions"}],"predecessor-version":[{"id":13045,"href":"https:\/\/mycanvas.dk\/es\/wp-json\/wp\/v2\/pages\/92\/revisions\/13045"}],"wp:attachment":[{"href":"https:\/\/mycanvas.dk\/es\/wp-json\/wp\/v2\/media?parent=92"}],"curies":[{"name":"wp","href":"https:\/\/api.w.org\/{rel}","templated":true}]}}