
{"id":1598,"date":"2018-12-22T10:00:30","date_gmt":"2018-12-22T09:00:30","guid":{"rendered":"http:\/\/mycanvas.dk\/?post_type=product&#038;p=1598"},"modified":"2019-11-04T12:30:07","modified_gmt":"2019-11-04T11:30:07","slug":"marmor-kirken","status":"publish","type":"product","link":"https:\/\/mycanvas.dk\/es\/producto\/marmor-kirken\/","title":{"rendered":"Iglesia de m\u00e1rmol"},"content":{"rendered":"<p>Marmorkirken es una iglesia en Frederiks Sogn. El nombre oficial de la iglesia es Frederiks Kirke. Est\u00e1 situado como punto focal en la parte de Copenhague llamada Frederiksstaden.<\/p>\n<p>Cuando se construy\u00f3 Frederiksstaden a mediados del siglo XVIII, se quer\u00eda construir una iglesia monumental al final del eje transversal del distrito, el eje Amalienborg. Se supon\u00eda que la iglesia conmemorar\u00eda los 300 a\u00f1os de los Oldenborg en la casa real, y Federico V coloc\u00f3 la primera piedra el 30 de octubre de 1749 como parte de las celebraciones del aniversario.<\/p>\n<div class=\"accordion\" rel=\"\">\n<div class=\"accordion-item\"><a href=\"#\" class=\"accordion-title plain\"><button class=\"toggle\"><i class=\"icon-angle-down\"><\/i><\/button><span>Leer m\u00e1s<\/span><\/a><div class=\"accordion-inner\">\n<p>El arquitecto de la corte, Nicolai Eigtved, recibi\u00f3 el encargo de dise\u00f1ar la iglesia y asumir el liderazgo en la construcci\u00f3n. Se conocen al menos cinco dibujos de su mano de los a\u00f1os 1750-1754. Sin embargo, la Comisi\u00f3n de Construcci\u00f3n de Iglesias no qued\u00f3 del todo satisfecha con los proyectos de Eigtved, que en aquella \u00e9poca eran de estilo rococ\u00f3 anticuado, y obtuvo varias propuestas, entre otros, de los arquitectos franceses Ange-Jacques Gabriel y Nicolas-Henri Jardin. Tambi\u00e9n se conoce por los proyectos de Lauritz De Thurah y Georg David Anthon. La mayor\u00eda de los proyectos tienen en com\u00fan la planta de la iglesia, una sala central redonda con una gran c\u00fapula sostenida por un tambor, flanqueada por dos campanarios m\u00e1s peque\u00f1os y con entradas al templo en los lados este y oeste.<\/p>\n<p>Cuando Eigtved muri\u00f3 el 7 de junio de 1754, Thurah asumi\u00f3 el papel principal de la construcci\u00f3n, pero lamentablemente todo estuvo tranquilo hasta que Jardin fue tra\u00eddo al pa\u00eds y asumi\u00f3 la responsabilidad el 1 de abril de 1756. La construcci\u00f3n se llev\u00f3 a cabo seg\u00fan los propios dibujos de Jardin. , que public\u00f3 en forma de grabados en 1765 y 1769 respectivamente con el nombre <em>Planos, cup\u00e9s y elevaciones de la iglesia real de Federico V<\/em>.<\/p>\n<p>Frederik d. 5, que financi\u00f3 el costoso proyecto, muri\u00f3 en 1766 y Christian d. 7 no estaba tan interesado en continuarlo. La construcci\u00f3n continu\u00f3 a medias hasta que se detuvo por completo en 1770. En ese momento se hab\u00eda alcanzado la parte superior de las columnas inferiores de la rotonda y la entrada en el lado este, y un poco m\u00e1s abajo en el lado oeste.<\/p>\n<p>Pasar\u00e1n m\u00e1s de cien a\u00f1os antes de que la iglesia se vuelva a construir. No es que mientras tanto faltaran ideas para continuar la construcci\u00f3n. Se conocen planos de pr\u00e1cticamente todos los arquitectos famosos de la \u00e9poca, incluidos CF Harsdorff y GF Hetch, pero ninguna de sus ideas se llev\u00f3 a cabo. En 1846, Christian Bernhard Hornbech tambi\u00e9n expuso un proyecto que tampoco lleg\u00f3 a realizarse.<\/p>\n<p>En 1868, el arquitecto Theodor Stuckenberg present\u00f3 otra idea. <em>La transformaci\u00f3n de Frederikskirken en un monumento a Federico VII y su \u00e9poca (el monumento a la Constituci\u00f3n)<\/em>y al mismo tiempo la maqueta del monumento de Rosenborg Br\u00f8ndsal. La propuesta de colocar la estatua ecuestre del rey de HWBissen sobre las ruinas de la Iglesia de M\u00e1rmol caus\u00f3 mucha atenci\u00f3n durante el debate sobre la ley financiera en 1869-1870.<\/p>\n<p><strong>La iglesia existente<\/strong><\/p>\n<p>En 1874, el financiero CF Tietgen compr\u00f3 el solar de la iglesia, as\u00ed como las ruinas, al Estado, que hab\u00eda pasado a ser propietario de la casa real en 1849, con el objetivo de continuar la construcci\u00f3n, lo que tambi\u00e9n se puso como condici\u00f3n. para esta compra.<\/p>\n<p>Tietgens hab\u00eda planeado dejar que el arquitecto Christian Zwingmann se encargara de la construcci\u00f3n y utilizar a Ferdinand Meldahl como consultor, pero cuando Zwingmann tuvo que abandonar su negocio de arquitectura debido a una enfermedad a mediados de la d\u00e9cada de 1870, Meldahl asumi\u00f3 la direcci\u00f3n. Tambi\u00e9n ten\u00eda su propia opini\u00f3n sobre c\u00f3mo deber\u00eda terminarse el edificio. Meldahl confi\u00f3 la direcci\u00f3n diaria de la construcci\u00f3n a su amigo y empleado cercano, el arquitecto Albert Jensen.<\/p>\n<p>El plan de Meldahl, que se modific\u00f3 continuamente durante la construcci\u00f3n, implicaba que las torres laterales deb\u00edan doblarse y bajar la altura de la rotonda. La entrada al templo se redujo a cuatro columnas en lugar de seis y se rode\u00f3 completamente en la calle St. El lado de Kongensgade. La pandereta tambi\u00e9n se hizo m\u00e1s baja de lo que deseaba Jardin, pero Meldahl logr\u00f3 llegar casi a la misma altura en el aire, gracias a una forma de c\u00fapula que se inclina hacia arriba y, sobre todo, a una linterna y una aguja significativamente m\u00e1s altas.<\/p>\n<p>La obra se reabri\u00f3 a finales de 1877. En el momento de la compra en 1874, a Tietgen se le hab\u00eda dado un plazo de 10 a\u00f1os para terminar toda la iglesia, pero todav\u00eda fueron necesarios otros 20 a\u00f1os. El edificio fue, entre otras cosas, Se retras\u00f3 porque las ruinas estaban mucho m\u00e1s erosionadas de lo esperado, por lo que tuvieron que derribar m\u00e1s de lo que hab\u00edan planeado. Adem\u00e1s, la depresi\u00f3n econ\u00f3mica internacional tambi\u00e9n afect\u00f3 a los negocios y las finanzas de Tietgen y dificult\u00f3 la obtenci\u00f3n de todos los fondos para la construcci\u00f3n.<\/p>\n<p>Sin embargo, se superaron todos los obst\u00e1culos y el 19 de agosto de 1894 se pudo inaugurar la iglesia, 145 a\u00f1os despu\u00e9s de la colocaci\u00f3n de la primera piedra. En esta ocasi\u00f3n, Tietgen transfiri\u00f3 la iglesia, que era de su propiedad privada, al Estado.<\/p>\n<p><strong>El edificio de la iglesia<\/strong><\/p>\n<p>La parte inferior de la iglesia est\u00e1 formada por un muro circular con dos extensiones cuadradas al este y al oeste, que contienen las \u00e1reas de entrada. Tambi\u00e9n hay puertas m\u00e1s peque\u00f1as en los lados norte y sur. La entrada principal hacia el este est\u00e1 provista de un frontispicio sostenido por columnas. Estas partes est\u00e1n revestidas de m\u00e1rmol gris (gjelleb\u00e6kmarmor noruego). En la Iglesia de M\u00e1rmol, al igual que en el Castillo de Christiansborg y en el Puente de M\u00e1rmol, el m\u00e1rmol se extrae en Bergen y en la cercana di\u00f3cesis de Sunnhordland de &quot;De Lillienschioldske marmorv\u00e6rker&quot;.<\/p>\n<p>Durante cien a\u00f1os, desde aproximadamente 1730, se enviaron al extranjero muchos miles de metros c\u00fabicos de m\u00e1rmol de las canteras de Bergen y Sunnhordland. La rotonda y las dependencias est\u00e1n rematadas por una balaustrada decorada con jarrones.<\/p>\n<p>Sobre la rotonda se eleva el tamboril, que est\u00e1 dividido en 12 partes con hornacinas de arco de medio punto con hermosas ventanas rectangulares. Los materiales utilizados son piedra caliza de Fakse y piedra de isla.<\/p>\n<p>El tambor est\u00e1 sostenido junto con la c\u00fapula por doce pilares internos. Su luz es de 31 metros, lo que la convierte en la c\u00fapula de iglesia m\u00e1s grande de Escandinavia. La c\u00fapula y el farol est\u00e1n revestidos de cobre con detalles dorados. La linterna alberga todas las campanas de la iglesia. El farol est\u00e1 rematado por una cruz con una corona de rayos entre los brazos. En la parte inferior hay un adorno de filigrana en el que est\u00e1n incluidas las iniciales de CF Tietgen.<\/p>\n<p>Alrededor de la iglesia tambi\u00e9n hay 14 estatuas de bronce de eclesi\u00e1sticos daneses, desde Ansgar hasta Grundtvig y Kierkegaard. Sobre la balaustrada hay otras 18 estatuas, pero por motivos econ\u00f3micos est\u00e1n hechas de zinc.<\/p>\n<p>En el interior, el espacio circular de la iglesia est\u00e1 delimitado por los doce pilares que sostienen el tambor y la c\u00fapula. Entre los pilares y el muro exterior hay un pasaje estrecho. Encima hay un piso de p\u00falpito bajo. El suelo es de terrazo gris con marcas negras de zonas de pasillo. En el \u00e1rea elevada del coro, se incluyen campos marrones en todo el patr\u00f3n.<\/p>\n<p>La b\u00f3veda del techo comienza justo encima de las vidrieras del vest\u00edbulo, realizadas por el maestro vidriero August Duvier. Las ventanas son la principal fuente de luz natural de la sala de la iglesia, ya que la luz de la mayor\u00eda de las ventanas de la rotonda est\u00e1 bloqueada por los doce pilares.<\/p>\n<p>La c\u00fapula del techo est\u00e1 dividida en 12 campos de estuco de yeso, y en cada campo hay una pintura de un ap\u00f3stol y encima un \u00e1ngel ni\u00f1o. Las pinturas fueron realizadas por el artista CNOvergaard y los ap\u00f3stoles tras su publicaci\u00f3n por Henrik Olrik. Olrik muri\u00f3 cuando la mitad estaba casi terminada, por lo que Anton Dorph ejecut\u00f3 a los seis ap\u00f3stoles restantes seg\u00fan el borrador de Olrik.<\/p>\n<\/div><\/div>\n<\/div>\n<h2>Lugar<\/h2>\n<div class=\"map-data\"><\/div>\n<table>\n<tbody>\n<tr>\n<th>Nombre de la calle:<\/th>\n<td>Frederiksgade<\/td>\n<\/tr>\n<tr>\n<th>Distrito:<\/th>\n<td>Centro de la ciudad<\/td>\n<\/tr>\n<tr>\n<th>Pa\u00eds:<\/th>\n<td>Dinamarca<\/td>\n<\/tr>\n<tr>\n<th>Coordenadas:<\/th>\n<td>55.68461, 12.59098<\/td>\n<\/tr>\n<tr>\n<th>Direcci\u00f3n de la br\u00fajula:<\/th>\n<td>Oeste Noroeste (292\u00b0)<\/td>\n<\/tr>\n<\/tbody>\n<\/table>","protected":false},"excerpt":{"rendered":"<p>Iglesia de M\u00e1rmol, tambi\u00e9n llamada Iglesia Frederiks, vista a principios de 1900<\/p>","protected":false},"featured_media":1599,"comment_status":"open","ping_status":"closed","template":"","meta":{"_mi_skip_tracking":false},"product_cat":[73,79],"product_tag":[],"class_list":{"0":"post-1598","1":"product","2":"type-product","3":"status-publish","4":"has-post-thumbnail","6":"product_cat-plakater","7":"product_cat-koebenhavn","8":"pa_storrelse-a4-21x30cm","9":"pa_storrelse-a3-30x42cm","10":"pa_storrelse-b2-50x70cm","11":"pa_storrelse-b1-70x100cm","13":"first","14":"instock","15":"taxable","16":"shipping-taxable","17":"purchasable","18":"product-type-variable"},"yoast_head":"<!-- This site is optimized with the Yoast SEO plugin v24.2 - https:\/\/yoast.com\/wordpress\/plugins\/seo\/ -->\n<title>Marmor Kirken Plakater | Spar 10% p\u00e5 et samles\u00e6t - My Canvas<\/title>\n<meta name=\"description\" content=\"K\u00f8b Marmor Kirken Plakater. DEN BEDSTE KVALITET Til den bedste pris - Historiske danske plakater\" \/>\n<meta name=\"robots\" content=\"index, follow, max-snippet:-1, max-image-preview:large, max-video-preview:-1\" \/>\n<link rel=\"canonical\" href=\"https:\/\/mycanvas.dk\/es\/producto\/marmor-kirken\/\" \/>\n<meta property=\"og:locale\" content=\"es_ES\" \/>\n<meta property=\"og:type\" content=\"article\" \/>\n<meta property=\"og:title\" content=\"Marmor Kirken Plakater | Spar 10% p\u00e5 et samles\u00e6t - My Canvas\" \/>\n<meta property=\"og:description\" content=\"K\u00f8b Marmor Kirken Plakater. DEN BEDSTE KVALITET Til den bedste pris - Historiske danske plakater\" \/>\n<meta property=\"og:url\" content=\"https:\/\/mycanvas.dk\/es\/producto\/marmor-kirken\/\" \/>\n<meta property=\"og:site_name\" content=\"My Canvas\" \/>\n<meta property=\"article:publisher\" content=\"https:\/\/www.facebook.com\/MyCanvasDanmark\" \/>\n<meta property=\"article:modified_time\" content=\"2019-11-04T11:30:07+00:00\" \/>\n<meta property=\"og:image\" content=\"https:\/\/mycanvas.dk\/wp-content\/uploads\/2018\/12\/Egetr\u00e6.jpg\" \/>\n\t<meta property=\"og:image:width\" content=\"1448\" \/>\n\t<meta property=\"og:image:height\" content=\"2048\" \/>\n\t<meta property=\"og:image:type\" content=\"image\/jpeg\" \/>\n<meta name=\"twitter:card\" content=\"summary_large_image\" \/>\n<meta name=\"twitter:label1\" content=\"Tiempo de lectura\" \/>\n\t<meta name=\"twitter:data1\" content=\"6 minutos\" \/>\n<script type=\"application\/ld+json\" class=\"yoast-schema-graph\">{\"@context\":\"https:\/\/schema.org\",\"@graph\":[{\"@type\":\"WebPage\",\"@id\":\"https:\/\/mycanvas.dk\/vare\/marmor-kirken\/\",\"url\":\"https:\/\/mycanvas.dk\/vare\/marmor-kirken\/\",\"name\":\"Marmor Kirken Plakater | Spar 10% p\u00e5 et samles\u00e6t - My Canvas\",\"isPartOf\":{\"@id\":\"https:\/\/mycanvas.dk\/#website\"},\"primaryImageOfPage\":{\"@id\":\"https:\/\/mycanvas.dk\/vare\/marmor-kirken\/#primaryimage\"},\"image\":{\"@id\":\"https:\/\/mycanvas.dk\/vare\/marmor-kirken\/#primaryimage\"},\"thumbnailUrl\":\"https:\/\/mycanvas.dk\/wp-content\/uploads\/2018\/12\/Egetr\u00e6.jpg\",\"datePublished\":\"2018-12-22T09:00:30+00:00\",\"dateModified\":\"2019-11-04T11:30:07+00:00\",\"description\":\"K\u00f8b Marmor Kirken Plakater. DEN BEDSTE KVALITET Til den bedste pris - Historiske danske plakater\",\"breadcrumb\":{\"@id\":\"https:\/\/mycanvas.dk\/vare\/marmor-kirken\/#breadcrumb\"},\"inLanguage\":\"es\",\"potentialAction\":[{\"@type\":\"ReadAction\",\"target\":[\"https:\/\/mycanvas.dk\/vare\/marmor-kirken\/\"]}]},{\"@type\":\"ImageObject\",\"inLanguage\":\"es\",\"@id\":\"https:\/\/mycanvas.dk\/vare\/marmor-kirken\/#primaryimage\",\"url\":\"https:\/\/mycanvas.dk\/wp-content\/uploads\/2018\/12\/Egetr\u00e6.jpg\",\"contentUrl\":\"https:\/\/mycanvas.dk\/wp-content\/uploads\/2018\/12\/Egetr\u00e6.jpg\",\"width\":1448,\"height\":2048},{\"@type\":\"BreadcrumbList\",\"@id\":\"https:\/\/mycanvas.dk\/vare\/marmor-kirken\/#breadcrumb\",\"itemListElement\":[{\"@type\":\"ListItem\",\"position\":1,\"name\":\"Hjem\",\"item\":\"https:\/\/mycanvas.dk\/\"},{\"@type\":\"ListItem\",\"position\":2,\"name\":\"Shop\",\"item\":\"https:\/\/mycanvas.dk\/shop\/\"},{\"@type\":\"ListItem\",\"position\":3,\"name\":\"Marmor Kirken\"}]},{\"@type\":\"WebSite\",\"@id\":\"https:\/\/mycanvas.dk\/#website\",\"url\":\"https:\/\/mycanvas.dk\/\",\"name\":\"My Canvas\",\"description\":\"Vi g\u00f8r danmarks historie til kunst\",\"publisher\":{\"@id\":\"https:\/\/mycanvas.dk\/#organization\"},\"potentialAction\":[{\"@type\":\"SearchAction\",\"target\":{\"@type\":\"EntryPoint\",\"urlTemplate\":\"https:\/\/mycanvas.dk\/?s={search_term_string}\"},\"query-input\":{\"@type\":\"PropertyValueSpecification\",\"valueRequired\":true,\"valueName\":\"search_term_string\"}}],\"inLanguage\":\"es\"},{\"@type\":\"Organization\",\"@id\":\"https:\/\/mycanvas.dk\/#organization\",\"name\":\"My Canvas\",\"url\":\"https:\/\/mycanvas.dk\/\",\"logo\":{\"@type\":\"ImageObject\",\"inLanguage\":\"es\",\"@id\":\"https:\/\/mycanvas.dk\/#\/schema\/logo\/image\/\",\"url\":\"https:\/\/mycanvas.dk\/wp-content\/uploads\/2018\/09\/MyCanvas-Logo-Nyeste.png\",\"contentUrl\":\"https:\/\/mycanvas.dk\/wp-content\/uploads\/2018\/09\/MyCanvas-Logo-Nyeste.png\",\"width\":1916,\"height\":736,\"caption\":\"My Canvas\"},\"image\":{\"@id\":\"https:\/\/mycanvas.dk\/#\/schema\/logo\/image\/\"},\"sameAs\":[\"https:\/\/www.facebook.com\/MyCanvasDanmark\",\"https:\/\/www.instagram.com\/mycanvasdk\/\"]}]}<\/script>\n<!-- \/ Yoast SEO plugin. -->","yoast_head_json":{"title":"Marmor Kirken Plakater | Spar 10% p\u00e5 et samles\u00e6t - My Canvas","description":"K\u00f8b Marmor Kirken Plakater. DEN BEDSTE KVALITET Til den bedste pris - Historiske danske plakater","robots":{"index":"index","follow":"follow","max-snippet":"max-snippet:-1","max-image-preview":"max-image-preview:large","max-video-preview":"max-video-preview:-1"},"canonical":"https:\/\/mycanvas.dk\/es\/producto\/marmor-kirken\/","og_locale":"es_ES","og_type":"article","og_title":"Marmor Kirken Plakater | Spar 10% p\u00e5 et samles\u00e6t - My Canvas","og_description":"K\u00f8b Marmor Kirken Plakater. DEN BEDSTE KVALITET Til den bedste pris - Historiske danske plakater","og_url":"https:\/\/mycanvas.dk\/es\/producto\/marmor-kirken\/","og_site_name":"My Canvas","article_publisher":"https:\/\/www.facebook.com\/MyCanvasDanmark","article_modified_time":"2019-11-04T11:30:07+00:00","og_image":[{"width":1448,"height":2048,"url":"https:\/\/mycanvas.dk\/wp-content\/uploads\/2018\/12\/Egetr\u00e6.jpg","type":"image\/jpeg"}],"twitter_card":"summary_large_image","twitter_misc":{"Tiempo de lectura":"6 minutos"},"schema":{"@context":"https:\/\/schema.org","@graph":[{"@type":"WebPage","@id":"https:\/\/mycanvas.dk\/vare\/marmor-kirken\/","url":"https:\/\/mycanvas.dk\/vare\/marmor-kirken\/","name":"Marmor Kirken Plakater | Spar 10% p\u00e5 et samles\u00e6t - My Canvas","isPartOf":{"@id":"https:\/\/mycanvas.dk\/#website"},"primaryImageOfPage":{"@id":"https:\/\/mycanvas.dk\/vare\/marmor-kirken\/#primaryimage"},"image":{"@id":"https:\/\/mycanvas.dk\/vare\/marmor-kirken\/#primaryimage"},"thumbnailUrl":"https:\/\/mycanvas.dk\/wp-content\/uploads\/2018\/12\/Egetr\u00e6.jpg","datePublished":"2018-12-22T09:00:30+00:00","dateModified":"2019-11-04T11:30:07+00:00","description":"K\u00f8b Marmor Kirken Plakater. DEN BEDSTE KVALITET Til den bedste pris - Historiske danske plakater","breadcrumb":{"@id":"https:\/\/mycanvas.dk\/vare\/marmor-kirken\/#breadcrumb"},"inLanguage":"es","potentialAction":[{"@type":"ReadAction","target":["https:\/\/mycanvas.dk\/vare\/marmor-kirken\/"]}]},{"@type":"ImageObject","inLanguage":"es","@id":"https:\/\/mycanvas.dk\/vare\/marmor-kirken\/#primaryimage","url":"https:\/\/mycanvas.dk\/wp-content\/uploads\/2018\/12\/Egetr\u00e6.jpg","contentUrl":"https:\/\/mycanvas.dk\/wp-content\/uploads\/2018\/12\/Egetr\u00e6.jpg","width":1448,"height":2048},{"@type":"BreadcrumbList","@id":"https:\/\/mycanvas.dk\/vare\/marmor-kirken\/#breadcrumb","itemListElement":[{"@type":"ListItem","position":1,"name":"Hjem","item":"https:\/\/mycanvas.dk\/"},{"@type":"ListItem","position":2,"name":"Shop","item":"https:\/\/mycanvas.dk\/shop\/"},{"@type":"ListItem","position":3,"name":"Marmor Kirken"}]},{"@type":"WebSite","@id":"https:\/\/mycanvas.dk\/#website","url":"https:\/\/mycanvas.dk\/","name":"My Canvas","description":"Vi g\u00f8r danmarks historie til kunst","publisher":{"@id":"https:\/\/mycanvas.dk\/#organization"},"potentialAction":[{"@type":"SearchAction","target":{"@type":"EntryPoint","urlTemplate":"https:\/\/mycanvas.dk\/?s={search_term_string}"},"query-input":{"@type":"PropertyValueSpecification","valueRequired":true,"valueName":"search_term_string"}}],"inLanguage":"es"},{"@type":"Organization","@id":"https:\/\/mycanvas.dk\/#organization","name":"My Canvas","url":"https:\/\/mycanvas.dk\/","logo":{"@type":"ImageObject","inLanguage":"es","@id":"https:\/\/mycanvas.dk\/#\/schema\/logo\/image\/","url":"https:\/\/mycanvas.dk\/wp-content\/uploads\/2018\/09\/MyCanvas-Logo-Nyeste.png","contentUrl":"https:\/\/mycanvas.dk\/wp-content\/uploads\/2018\/09\/MyCanvas-Logo-Nyeste.png","width":1916,"height":736,"caption":"My Canvas"},"image":{"@id":"https:\/\/mycanvas.dk\/#\/schema\/logo\/image\/"},"sameAs":["https:\/\/www.facebook.com\/MyCanvasDanmark","https:\/\/www.instagram.com\/mycanvasdk\/"]}]}},"_links":{"self":[{"href":"https:\/\/mycanvas.dk\/es\/wp-json\/wp\/v2\/product\/1598","targetHints":{"allow":["GET"]}}],"collection":[{"href":"https:\/\/mycanvas.dk\/es\/wp-json\/wp\/v2\/product"}],"about":[{"href":"https:\/\/mycanvas.dk\/es\/wp-json\/wp\/v2\/types\/product"}],"replies":[{"embeddable":true,"href":"https:\/\/mycanvas.dk\/es\/wp-json\/wp\/v2\/comments?post=1598"}],"wp:featuredmedia":[{"embeddable":true,"href":"https:\/\/mycanvas.dk\/es\/wp-json\/wp\/v2\/media\/1599"}],"wp:attachment":[{"href":"https:\/\/mycanvas.dk\/es\/wp-json\/wp\/v2\/media?parent=1598"}],"wp:term":[{"taxonomy":"product_cat","embeddable":true,"href":"https:\/\/mycanvas.dk\/es\/wp-json\/wp\/v2\/product_cat?post=1598"},{"taxonomy":"product_tag","embeddable":true,"href":"https:\/\/mycanvas.dk\/es\/wp-json\/wp\/v2\/product_tag?post=1598"}],"curies":[{"name":"wp","href":"https:\/\/api.w.org\/{rel}","templated":true}]}}