
{"id":1618,"date":"2019-01-19T10:00:48","date_gmt":"2019-01-19T09:00:48","guid":{"rendered":"http:\/\/mycanvas.dk\/?post_type=product&#038;p=1618"},"modified":"2019-11-04T12:29:40","modified_gmt":"2019-11-04T11:29:40","slug":"rundetaarn","status":"publish","type":"product","link":"https:\/\/mycanvas.dk\/es\/producto\/rundetaarn\/","title":{"rendered":"Torre redonda"},"content":{"rendered":"<p>Rundet\u00e5rne es una torre de observaci\u00f3n de 41,55 metros de altura y est\u00e1 ubicada en K\u00f8bmagergade, en el interior de Copenhague. Los primeros 34,8 metros est\u00e1n destinados \u00fanicamente a la altura del mirador desde el nivel de la calle. Luego viene el observatorio, que tiene 6,75 metros de altura. Rundet\u00e5rn es especialmente conocido por la pasarela en espiral que lleva casi hasta el mirador. En su \u00e9poca, la torre se construy\u00f3 \u00fanicamente como observatorio y no como torre de iglesia, ya que las campanas de la iglesia cuelgan de las vigas del techo en el extremo opuesto de la iglesia. Desde el principio, el observatorio fue la parte m\u00e1s importante de la funci\u00f3n de la torre. En el observatorio han trabajado muchos cient\u00edficos famosos como Ole R\u00f8mer y Horrebow. La investigaci\u00f3n sobre la torre se detuvo hace mucho tiempo y hoy en d\u00eda solo se utiliza como torre de vigilancia y atracci\u00f3n tur\u00edstica.<\/p>\n<div class=\"accordion-item\"><a href=\"#\" class=\"accordion-title plain\"><button class=\"toggle\"><i class=\"icon-angle-down\"><\/i><\/button><span>Leer m\u00e1s<\/span><\/a><div class=\"accordion-inner\">\n<p>La inscripci\u00f3n en el lado Mercante de la torre es de gran importancia, ya que incluye el Tetragr\u00e1maton. En la parte superior de la fachada hay una inscripci\u00f3n dorada &quot;a rebus&quot;, boceto escrito a mano de Christian d.4. hasta que se conserva en el Archivo Nacional.<\/p>\n<p>El rey Cristi\u00e1n IV construy\u00f3 el complejo de edificios m\u00e1s alto de Dinamarca, formado por la Iglesia de la Trinidad y la Torre Redonda. La construcci\u00f3n comenz\u00f3 en 1637 y se complet\u00f3 en 1642, mientras que la iglesia de Trinitati no se complet\u00f3 hasta 1656.<\/p>\n<p>La palabra &quot;<em>Trinidad&quot;<\/em>proviene de la palabra latina &quot;<em>Trinidad&quot;<\/em>, que significa &quot;La Trinidad&quot;. Posiblemente alude a la triple funci\u00f3n del conjunto, ya que la Iglesia ser\u00eda un templo estudiantil y universitario, y la torre ser\u00eda la entrada a la biblioteca universitaria, la cual se dispuso en el techo sobre la iglesia y en la plataforma superior. El observatorio astron\u00f3mico de la universidad.<\/p>\n<p>A lo largo de los siglos, ha habido muchos cambios en el uso de los edificios. La iglesia se convirti\u00f3 en iglesia parroquial y durante varios a\u00f1os alberg\u00f3 la Congregaci\u00f3n de Nuestra Se\u00f1ora, que qued\u00f3 sin hogar despu\u00e9s del gran bombardeo de 1807.<\/p>\n<p>La biblioteca y el observatorio se trasladaron en 1861 a edificios nuevos y m\u00e1s modernos en \u00d8ster Vold.<\/p>\n<p>La Torre Redonda no tiene escaleras (excepto en la parte superior de la torre), sino una pasarela en espiral muy ancha pavimentada con ladrillos que te lleva hasta la plataforma de observaci\u00f3n. Lo m\u00e1s probable es que la estructura se construyera para que un caballo y un carro pudieran llegar hasta la biblioteca y casi hasta el observatorio, lo que facilitaba mucho el transporte de todos los libros e instrumentos astron\u00f3micos que deb\u00edan usarse.<\/p>\n<p>El zar Pedro el Grande tambi\u00e9n utiliz\u00f3 el corredor alternativo cuando visit\u00f3 a Federico d.4. en 1716, y los dos tuvieron que llegar a un acuerdo sobre un desembarco en Sk\u00e5ne, que se construir\u00eda para los aproximadamente 20.000 soldados rusos que desembarcaron justo al norte de Copenhague. La campa\u00f1a fracas\u00f3, pero el zar logr\u00f3 llegar hasta la cima de la Torre Redonda. Un mito posterior afirma que la torre se construy\u00f3 primero con escaleras y se reconstruy\u00f3 cuando el zar la visit\u00f3 para poder subirlo a la cima. Sin embargo, no hay evidencia de esto, por lo que se cree que la torre fue construida con el corredor en espiral.<\/p>\n<p>Alrededor de la plataforma de observaci\u00f3n de la torre hay una reja de hierro forjado realizada por el herrero de la corte de Cristi\u00e1n IV, Caspar Fincke, para garantizar que la gente no utilizara la torre como lugar de autodefensa. \u00daltimamente se ha a\u00f1adido otra rejilla de aprox. 2 metros de altura.<\/p>\n<p>En la d\u00e9cada de 1890, el tr\u00e1fico creci\u00f3 mucho en Copenhague y el paso entre Rundet\u00e5rn y Regensen se volvi\u00f3 demasiado peque\u00f1o y parec\u00eda un cuello de botella. Hovedstadens Forening encarg\u00f3 al arquitecto Martin Borch una pasarela que atravesara los salones del Regency. Esos planes fueron presentados al magistrado, pero nunca sucedi\u00f3 nada. El arquitecto Anton Rosen present\u00f3 en 1898 una nueva propuesta para solucionar el problema del tr\u00e1fico: la Torre Redonda deber\u00eda trasladarse m\u00e1s hacia el lado este de la iglesia. El traslado se iba a realizar sobre muchos rodillos y el ingeniero NC Schouboe hab\u00eda calculado que deber\u00eda realizarse sin problemas. El traslado requiri\u00f3, por razones de espacio, la demolici\u00f3n de la calle K\u00f8bmagergade n\u00b0 52. El debate fue ruidoso y vigoroso, y hubo p.e. Tambi\u00e9n se propone que la acera pase directamente por Rundet\u00e5rn. A ra\u00edz del debate, Rosen reformul\u00f3 su propuesta de trasladar la torre s\u00f3lo a la esquina de la iglesia, de modo que se deber\u00eda colocar una gran rotonda sobre la torre y se deber\u00eda bajar todo el techo de la iglesia, de modo que toda la El sal\u00f3n de la biblioteca desapareci\u00f3. El objetivo era hacer que la torre pareciera m\u00e1s alta de lo que era. Sin embargo, todo termin\u00f3 en 1907 cuando el magistrado acept\u00f3 la propuesta de Borch y el arco se complet\u00f3 al a\u00f1o siguiente. La soluci\u00f3n m\u00e1s sencilla fue convertir K\u00f8bmagergade en una calle peatonal, pero esto no se implement\u00f3 hasta 1972.<\/p>\n<\/div><\/div>\n<p>Lugar<\/p>\n<table width=\"255\">\n<tbody>\n<tr>\n<td width=\"90\">Nombre de la calle:<\/td>\n<td width=\"0\">K\u00f8bmagergade<\/td>\n<\/tr>\n<tr>\n<td width=\"90\">Ciudad:<\/td>\n<td width=\"0\">Copenhague<\/td>\n<\/tr>\n<tr>\n<td width=\"90\">Distrito:<\/td>\n<td width=\"0\">Centro de la ciudad<\/td>\n<\/tr>\n<tr>\n<td width=\"90\">Pa\u00eds:<\/td>\n<td width=\"0\">Dinamarca<\/td>\n<\/tr>\n<tr>\n<td width=\"90\">Coordenadas:<\/td>\n<td width=\"0\">55.68142, 12.57534<\/td>\n<\/tr>\n<tr>\n<td width=\"90\">Direcci\u00f3n de la br\u00fajula:<\/td>\n<td width=\"0\">Este (89\u00b0)<\/td>\n<\/tr>\n<\/tbody>\n<\/table>\n<p>&nbsp;<\/p>","protected":false},"excerpt":{"rendered":"<p>Torre redonda vista en el a\u00f1o 1900.<\/p>","protected":false},"featured_media":1619,"comment_status":"open","ping_status":"closed","template":"","meta":{"_mi_skip_tracking":false},"product_cat":[73,79],"product_tag":[],"class_list":{"0":"post-1618","1":"product","2":"type-product","3":"status-publish","4":"has-post-thumbnail","6":"product_cat-plakater","7":"product_cat-koebenhavn","8":"pa_storrelse-a4-21x30cm","9":"pa_storrelse-a3-30x42cm","10":"pa_storrelse-b2-50x70cm","11":"pa_storrelse-b1-70x100cm","13":"first","14":"instock","15":"taxable","16":"shipping-taxable","17":"purchasable","18":"product-type-variable"},"yoast_head":"<!-- This site is optimized with the Yoast SEO plugin v24.2 - https:\/\/yoast.com\/wordpress\/plugins\/seo\/ -->\n<title>Rundet\u00e5rn Plakater | Spar 10% p\u00e5 et samles\u00e6t - My Canvas<\/title>\n<meta name=\"description\" content=\"K\u00f8b Rundet\u00e5rn Plakater. DEN BEDSTE KVALITET Til den bedste pris - Historiske danske plakater\" \/>\n<meta name=\"robots\" content=\"index, follow, max-snippet:-1, max-image-preview:large, max-video-preview:-1\" \/>\n<link rel=\"canonical\" href=\"https:\/\/mycanvas.dk\/es\/producto\/rundetaarn\/\" \/>\n<meta property=\"og:locale\" content=\"es_ES\" \/>\n<meta property=\"og:type\" content=\"article\" \/>\n<meta property=\"og:title\" content=\"Rundet\u00e5rn Plakater | Spar 10% p\u00e5 et samles\u00e6t - My Canvas\" \/>\n<meta property=\"og:description\" content=\"K\u00f8b Rundet\u00e5rn Plakater. DEN BEDSTE KVALITET Til den bedste pris - Historiske danske plakater\" \/>\n<meta property=\"og:url\" content=\"https:\/\/mycanvas.dk\/es\/producto\/rundetaarn\/\" \/>\n<meta property=\"og:site_name\" content=\"My Canvas\" \/>\n<meta property=\"article:publisher\" content=\"https:\/\/www.facebook.com\/MyCanvasDanmark\" \/>\n<meta property=\"article:modified_time\" content=\"2019-11-04T11:29:40+00:00\" \/>\n<meta property=\"og:image\" content=\"https:\/\/mycanvas.dk\/wp-content\/uploads\/2018\/12\/Egetr\u00e6-2.jpg\" \/>\n\t<meta property=\"og:image:width\" content=\"1448\" \/>\n\t<meta property=\"og:image:height\" content=\"2048\" \/>\n\t<meta property=\"og:image:type\" content=\"image\/jpeg\" \/>\n<meta name=\"twitter:card\" content=\"summary_large_image\" \/>\n<meta name=\"twitter:label1\" content=\"Tiempo de lectura\" \/>\n\t<meta name=\"twitter:data1\" content=\"4 minutos\" \/>\n<script type=\"application\/ld+json\" class=\"yoast-schema-graph\">{\"@context\":\"https:\/\/schema.org\",\"@graph\":[{\"@type\":\"WebPage\",\"@id\":\"https:\/\/mycanvas.dk\/vare\/rundetaarn\/\",\"url\":\"https:\/\/mycanvas.dk\/vare\/rundetaarn\/\",\"name\":\"Rundet\u00e5rn Plakater | Spar 10% p\u00e5 et samles\u00e6t - My Canvas\",\"isPartOf\":{\"@id\":\"https:\/\/mycanvas.dk\/#website\"},\"primaryImageOfPage\":{\"@id\":\"https:\/\/mycanvas.dk\/vare\/rundetaarn\/#primaryimage\"},\"image\":{\"@id\":\"https:\/\/mycanvas.dk\/vare\/rundetaarn\/#primaryimage\"},\"thumbnailUrl\":\"https:\/\/mycanvas.dk\/wp-content\/uploads\/2018\/12\/Egetr\u00e6-2.jpg\",\"datePublished\":\"2019-01-19T09:00:48+00:00\",\"dateModified\":\"2019-11-04T11:29:40+00:00\",\"description\":\"K\u00f8b Rundet\u00e5rn Plakater. DEN BEDSTE KVALITET Til den bedste pris - Historiske danske plakater\",\"breadcrumb\":{\"@id\":\"https:\/\/mycanvas.dk\/vare\/rundetaarn\/#breadcrumb\"},\"inLanguage\":\"es\",\"potentialAction\":[{\"@type\":\"ReadAction\",\"target\":[\"https:\/\/mycanvas.dk\/vare\/rundetaarn\/\"]}]},{\"@type\":\"ImageObject\",\"inLanguage\":\"es\",\"@id\":\"https:\/\/mycanvas.dk\/vare\/rundetaarn\/#primaryimage\",\"url\":\"https:\/\/mycanvas.dk\/wp-content\/uploads\/2018\/12\/Egetr\u00e6-2.jpg\",\"contentUrl\":\"https:\/\/mycanvas.dk\/wp-content\/uploads\/2018\/12\/Egetr\u00e6-2.jpg\",\"width\":1448,\"height\":2048},{\"@type\":\"BreadcrumbList\",\"@id\":\"https:\/\/mycanvas.dk\/vare\/rundetaarn\/#breadcrumb\",\"itemListElement\":[{\"@type\":\"ListItem\",\"position\":1,\"name\":\"Hjem\",\"item\":\"https:\/\/mycanvas.dk\/\"},{\"@type\":\"ListItem\",\"position\":2,\"name\":\"Shop\",\"item\":\"https:\/\/mycanvas.dk\/shop\/\"},{\"@type\":\"ListItem\",\"position\":3,\"name\":\"Rundet\u00e5rn\"}]},{\"@type\":\"WebSite\",\"@id\":\"https:\/\/mycanvas.dk\/#website\",\"url\":\"https:\/\/mycanvas.dk\/\",\"name\":\"My Canvas\",\"description\":\"Vi g\u00f8r danmarks historie til kunst\",\"publisher\":{\"@id\":\"https:\/\/mycanvas.dk\/#organization\"},\"potentialAction\":[{\"@type\":\"SearchAction\",\"target\":{\"@type\":\"EntryPoint\",\"urlTemplate\":\"https:\/\/mycanvas.dk\/?s={search_term_string}\"},\"query-input\":{\"@type\":\"PropertyValueSpecification\",\"valueRequired\":true,\"valueName\":\"search_term_string\"}}],\"inLanguage\":\"es\"},{\"@type\":\"Organization\",\"@id\":\"https:\/\/mycanvas.dk\/#organization\",\"name\":\"My Canvas\",\"url\":\"https:\/\/mycanvas.dk\/\",\"logo\":{\"@type\":\"ImageObject\",\"inLanguage\":\"es\",\"@id\":\"https:\/\/mycanvas.dk\/#\/schema\/logo\/image\/\",\"url\":\"https:\/\/mycanvas.dk\/wp-content\/uploads\/2018\/09\/MyCanvas-Logo-Nyeste.png\",\"contentUrl\":\"https:\/\/mycanvas.dk\/wp-content\/uploads\/2018\/09\/MyCanvas-Logo-Nyeste.png\",\"width\":1916,\"height\":736,\"caption\":\"My Canvas\"},\"image\":{\"@id\":\"https:\/\/mycanvas.dk\/#\/schema\/logo\/image\/\"},\"sameAs\":[\"https:\/\/www.facebook.com\/MyCanvasDanmark\",\"https:\/\/www.instagram.com\/mycanvasdk\/\"]}]}<\/script>\n<!-- \/ Yoast SEO plugin. -->","yoast_head_json":{"title":"Rundet\u00e5rn Plakater | Spar 10% p\u00e5 et samles\u00e6t - My Canvas","description":"K\u00f8b Rundet\u00e5rn Plakater. DEN BEDSTE KVALITET Til den bedste pris - Historiske danske plakater","robots":{"index":"index","follow":"follow","max-snippet":"max-snippet:-1","max-image-preview":"max-image-preview:large","max-video-preview":"max-video-preview:-1"},"canonical":"https:\/\/mycanvas.dk\/es\/producto\/rundetaarn\/","og_locale":"es_ES","og_type":"article","og_title":"Rundet\u00e5rn Plakater | Spar 10% p\u00e5 et samles\u00e6t - My Canvas","og_description":"K\u00f8b Rundet\u00e5rn Plakater. DEN BEDSTE KVALITET Til den bedste pris - Historiske danske plakater","og_url":"https:\/\/mycanvas.dk\/es\/producto\/rundetaarn\/","og_site_name":"My Canvas","article_publisher":"https:\/\/www.facebook.com\/MyCanvasDanmark","article_modified_time":"2019-11-04T11:29:40+00:00","og_image":[{"width":1448,"height":2048,"url":"https:\/\/mycanvas.dk\/wp-content\/uploads\/2018\/12\/Egetr\u00e6-2.jpg","type":"image\/jpeg"}],"twitter_card":"summary_large_image","twitter_misc":{"Tiempo de lectura":"4 minutos"},"schema":{"@context":"https:\/\/schema.org","@graph":[{"@type":"WebPage","@id":"https:\/\/mycanvas.dk\/vare\/rundetaarn\/","url":"https:\/\/mycanvas.dk\/vare\/rundetaarn\/","name":"Rundet\u00e5rn Plakater | Spar 10% p\u00e5 et samles\u00e6t - My Canvas","isPartOf":{"@id":"https:\/\/mycanvas.dk\/#website"},"primaryImageOfPage":{"@id":"https:\/\/mycanvas.dk\/vare\/rundetaarn\/#primaryimage"},"image":{"@id":"https:\/\/mycanvas.dk\/vare\/rundetaarn\/#primaryimage"},"thumbnailUrl":"https:\/\/mycanvas.dk\/wp-content\/uploads\/2018\/12\/Egetr\u00e6-2.jpg","datePublished":"2019-01-19T09:00:48+00:00","dateModified":"2019-11-04T11:29:40+00:00","description":"K\u00f8b Rundet\u00e5rn Plakater. DEN BEDSTE KVALITET Til den bedste pris - Historiske danske plakater","breadcrumb":{"@id":"https:\/\/mycanvas.dk\/vare\/rundetaarn\/#breadcrumb"},"inLanguage":"es","potentialAction":[{"@type":"ReadAction","target":["https:\/\/mycanvas.dk\/vare\/rundetaarn\/"]}]},{"@type":"ImageObject","inLanguage":"es","@id":"https:\/\/mycanvas.dk\/vare\/rundetaarn\/#primaryimage","url":"https:\/\/mycanvas.dk\/wp-content\/uploads\/2018\/12\/Egetr\u00e6-2.jpg","contentUrl":"https:\/\/mycanvas.dk\/wp-content\/uploads\/2018\/12\/Egetr\u00e6-2.jpg","width":1448,"height":2048},{"@type":"BreadcrumbList","@id":"https:\/\/mycanvas.dk\/vare\/rundetaarn\/#breadcrumb","itemListElement":[{"@type":"ListItem","position":1,"name":"Hjem","item":"https:\/\/mycanvas.dk\/"},{"@type":"ListItem","position":2,"name":"Shop","item":"https:\/\/mycanvas.dk\/shop\/"},{"@type":"ListItem","position":3,"name":"Rundet\u00e5rn"}]},{"@type":"WebSite","@id":"https:\/\/mycanvas.dk\/#website","url":"https:\/\/mycanvas.dk\/","name":"My Canvas","description":"Vi g\u00f8r danmarks historie til kunst","publisher":{"@id":"https:\/\/mycanvas.dk\/#organization"},"potentialAction":[{"@type":"SearchAction","target":{"@type":"EntryPoint","urlTemplate":"https:\/\/mycanvas.dk\/?s={search_term_string}"},"query-input":{"@type":"PropertyValueSpecification","valueRequired":true,"valueName":"search_term_string"}}],"inLanguage":"es"},{"@type":"Organization","@id":"https:\/\/mycanvas.dk\/#organization","name":"My Canvas","url":"https:\/\/mycanvas.dk\/","logo":{"@type":"ImageObject","inLanguage":"es","@id":"https:\/\/mycanvas.dk\/#\/schema\/logo\/image\/","url":"https:\/\/mycanvas.dk\/wp-content\/uploads\/2018\/09\/MyCanvas-Logo-Nyeste.png","contentUrl":"https:\/\/mycanvas.dk\/wp-content\/uploads\/2018\/09\/MyCanvas-Logo-Nyeste.png","width":1916,"height":736,"caption":"My Canvas"},"image":{"@id":"https:\/\/mycanvas.dk\/#\/schema\/logo\/image\/"},"sameAs":["https:\/\/www.facebook.com\/MyCanvasDanmark","https:\/\/www.instagram.com\/mycanvasdk\/"]}]}},"_links":{"self":[{"href":"https:\/\/mycanvas.dk\/es\/wp-json\/wp\/v2\/product\/1618","targetHints":{"allow":["GET"]}}],"collection":[{"href":"https:\/\/mycanvas.dk\/es\/wp-json\/wp\/v2\/product"}],"about":[{"href":"https:\/\/mycanvas.dk\/es\/wp-json\/wp\/v2\/types\/product"}],"replies":[{"embeddable":true,"href":"https:\/\/mycanvas.dk\/es\/wp-json\/wp\/v2\/comments?post=1618"}],"wp:featuredmedia":[{"embeddable":true,"href":"https:\/\/mycanvas.dk\/es\/wp-json\/wp\/v2\/media\/1619"}],"wp:attachment":[{"href":"https:\/\/mycanvas.dk\/es\/wp-json\/wp\/v2\/media?parent=1618"}],"wp:term":[{"taxonomy":"product_cat","embeddable":true,"href":"https:\/\/mycanvas.dk\/es\/wp-json\/wp\/v2\/product_cat?post=1618"},{"taxonomy":"product_tag","embeddable":true,"href":"https:\/\/mycanvas.dk\/es\/wp-json\/wp\/v2\/product_tag?post=1618"}],"curies":[{"name":"wp","href":"https:\/\/api.w.org\/{rel}","templated":true}]}}