
{"id":1623,"date":"2019-02-02T10:00:35","date_gmt":"2019-02-02T09:00:35","guid":{"rendered":"http:\/\/mycanvas.dk\/?post_type=product&#038;p=1623"},"modified":"2019-10-29T14:45:56","modified_gmt":"2019-10-29T13:45:56","slug":"frederiksberg-raadhus","status":"publish","type":"product","link":"https:\/\/mycanvas.dk\/es\/producto\/frederiksberg-raadhus\/","title":{"rendered":"Ayuntamiento de Frederiksberg"},"content":{"rendered":"<p>El primer ayuntamiento de Frederiksberg, situado en la esquina de Howitzvej y Falkoner All\u00e9, fue construido por el maestro alba\u00f1il JC S\u00f8rensen.<\/p>\n<p>El ayuntamiento fue construido en 1885 y terminado en 1886, y era un asilo para pobres y un edificio administrativo. Posteriormente se construir\u00e1 el Centro Falkoner en el sitio.<\/p>\n<div class=\"accordion\" rel=\"\">\n<div class=\"accordion-item\"><a href=\"#\" class=\"accordion-title plain\"><button class=\"toggle\"><i class=\"icon-angle-down\"><\/i><\/button><span>Leer m\u00e1s<\/span><\/a><div class=\"accordion-inner\">\n<p>Hace 150 a\u00f1os, Frederiksberg era todav\u00eda una comunidad rural con un pueblo a lo largo de All\u00e9gade, Smallegade y Bredegade y con granjas y casas de campo dispersas en la ciudad.<\/p>\n<p>La poblaci\u00f3n rondaba los 3.000 habitantes y, como en los dem\u00e1s distritos rurales, estaba gobernado por el municipio como administraci\u00f3n parroquial conjunta de Frederiksberg y Hvidovre.<\/p>\n<p>Con el levantamiento de las restricciones a la construcci\u00f3n fuera de las murallas de Copenhague en 1852, se produjo un importante desarrollo en la ciudad de Frederiksberg, y en el a\u00f1o 1900 la ciudad se hab\u00eda extendido a Fasanvejene y la poblaci\u00f3n se hab\u00eda redondeado a alrededor de 75.000 habitantes.<\/p>\n<p>La transformaci\u00f3n en comunidad metropolitana signific\u00f3 que Frederiksberg se convirtiera en un municipio independiente y, en 1858, adquiri\u00f3 gradualmente el mismo estatus que el resto de ciudades comerciales del pa\u00eds.<\/p>\n<p>En el primer per\u00edodo, sin embargo, las tareas del municipio no eran mayores que las que el consejo municipal pod\u00eda realizar por s\u00ed mismo, pero con el mayor desarrollo, Frederiksberg ten\u00eda grandes demandas de escuelas, bienestar social, servicios hospitalarios y diversas instalaciones t\u00e9cnicas.<\/p>\n<p>Ya en la d\u00e9cada de 1860 se emplearon los primeros funcionarios en la ciudad y en poco tiempo surgi\u00f3 un verdadero sistema de oficinas, compuesto por una secretar\u00eda para el consejo municipal, una tesorera y una oficina de impuestos, un contable y oficinas para el mal servicio, el ingeniero de la ciudad y el sistema escolar.<\/p>\n<p>En los primeros 30 a\u00f1os, la junta municipal y los funcionarios tuvieron que ser trasladados de un edificio a otro a intervalos regulares y fueron relegados a locales estrechos y humildes.<\/p>\n<p>En el primer per\u00edodo despu\u00e9s de que Frederiksberg se convirtiera en municipio independiente, el primer piso de la Casa de Pobres en All\u00e9gade 14 se utiliz\u00f3 como sala de reuniones del consejo municipal, y ya en 1863, cuando se construy\u00f3 el nuevo hospital para pobres en Lampevej (Howitzvej) Una vez finalizado el proyecto, se traslad\u00f3 aqu\u00ed la administraci\u00f3n de la ciudad, ya que en una parte del edificio hubo que construir una sala de reuniones conjunta para el consejo municipal y la comisi\u00f3n de pobreza, as\u00ed como oficinas para el secretario y el tesorero del municipio.<\/p>\n<p>La junta municipal permaneci\u00f3 en Lampevej s\u00f3lo siete a\u00f1os. Las tareas del servicio de ayuda a los pobres eran tan grandes que en 1870 la sala de reuniones fue ocupada por oficinas, mientras que durante varios a\u00f1os el consejo municipal tuvo que alquilar el n\u00famero 1 de Smallegade.<\/p>\n<p>S\u00f3lo cuando se complet\u00f3 la escuela de Lampevej en 1874 las condiciones mejoraron ligeramente. De este modo, cuatro aulas de la escuela se utilizaron como salas de reuniones del consejo municipal, dos salas de comit\u00e9s y oficinas de la administraci\u00f3n municipal.<\/p>\n<p>Pero con la administraci\u00f3n en constante crecimiento y debido al deseo de adquirir locales independientes para el futuro Frederiksberg Birk, la situaci\u00f3n era insostenible a largo plazo.<\/p>\n<p>Dado que los bomberos tuvieron que ser trasladados de las estrechas condiciones del cuartel conjunto de polic\u00eda y bomberos en Pile All\u00e9, en 1886 se decidi\u00f3 construir un anexo al nuevo cuartel de bomberos, en el actual edificio administrativo en la esquina con Falkoner All\u00e9. \/ Howitzvej.<\/p>\n<p>El nuevo edificio mantuvo el estilo utilizado en los edificios monumentales.<\/p>\n<p><strong>Un nuevo ayuntamiento<\/strong><br \/>\nDurante la primera mitad del siglo XX, el crecimiento urbano continu\u00f3 en Frederiksbergs, y en 1950 el municipio estaba en gran medida completamente desarrollado y hab\u00eda alcanzado su poblaci\u00f3n m\u00e1xima de 120.000 habitantes.<\/p>\n<p>El aumento de la poblaci\u00f3n y las tareas que, junto con la paulatina construcci\u00f3n del Estado de bienestar, fueron confiadas al sector p\u00fablico, plantearon al municipio tareas adicionales.<\/p>\n<p>Poco despu\u00e9s del a\u00f1o 1900, la administraci\u00f3n municipal tuvo que dividirse en administraciones independientes con oficinas subordinadas, en este marco gradualmente surgieron varios departamentos nuevos, como Departamento de Tesorer\u00eda y Contabilidad, Administraci\u00f3n Tributaria, Departamento de Vivienda y Propiedad, departamentos especiales de ingenier\u00eda, Inspecci\u00f3n de Construcci\u00f3n, Departamento de Construcci\u00f3n, Departamento de Urbanismo y Oficina Social.<\/p>\n<p>Aunque las oficinas de Fors\u00f8rgelse y el servicio hospitalario pudieron trasladarse al edificio administrativo del hospital de Nordre Fasanvej ya en 1903, las condiciones en el ayuntamiento de Falkoner All\u00e9 se volvieron tan estrechas que en 1896 se hicieron propuestas al consejo municipal y nuevamente en 1907 para construir un nuevo edificio del ayuntamiento. Los planes nunca se concretaron y al principio tuvieron que contentarse con involucrar a las dos escuelas municipales de los terrenos vecinos.<\/p>\n<p>Con el traslado de Birket y los bomberos al palacio de justicia y a la nueva estaci\u00f3n de bomberos en 1921 y 1932 se liberaron algunas habitaciones del ayuntamiento, pero tampoco fue suficiente.<\/p>\n<p>Se construyeron varios cuarteles administrativos y poco a poco fue necesario encontrar oficinas en un n\u00famero cada vez mayor de locales alquilados por toda la ciudad.<br \/>\nPero las soluciones fueron y siguen siendo temporales y, a la larga, no suficientemente satisfactorias.<\/p>\n<p>Dado que la independencia de Frederiksberg fue confirmada en el informe de la llamada Comisi\u00f3n Copenhague-Frederiksberg, en 1936 el consejo municipal convoc\u00f3 un concurso de arquitectura para la construcci\u00f3n de un nuevo ayuntamiento.<\/p>\n<p>El actual ayuntamiento de Frederiksberg, situado en Smallegade en Frederiksberg, fue construido entre 1942 y 1953 y contiene, entre otras cosas, oficinas, el ayuntamiento, un sal\u00f3n de banquetes y un sal\u00f3n de bodas. En el s\u00f3tano se encuentran el archivo de la ciudad de Frederiksberg y un centro de mando.<\/p>\n<p>El ayuntamiento tiene m\u00e1s de 60 metros de ancho y 120 metros de largo. Desde la torre del ayuntamiento de 60 m de altura se tiene una vista de Frederiksberg, Copenhague y en el horizonte tambi\u00e9n se ve el puente de \u00d8resund.<\/p>\n<p>En la plaza del ayuntamiento se encuentra el Water Art, obra de Anker Hoffmann.<\/p>\n<p>La construcci\u00f3n se inici\u00f3 en 1942, pero se retras\u00f3 algo por la falta de materiales durante la Segunda Guerra Mundial, por lo que no se complet\u00f3 todo el edificio hasta 1953.<\/p>\n<p>El primer arquitecto asignado a la construcci\u00f3n fue Henning Hansen, pero muri\u00f3 en 1945, otros dos arquitectos llamados Carl H. Nimb y Helge Holm se hicieron cargo del proyecto y terminaron completando la construcci\u00f3n.<\/p>\n<p>El ayuntamiento reemplaz\u00f3 al antiguo ayuntamiento (que luego fue demolido). Fue construido en 1885 y terminado en 1886. El Ayuntamiento estaba ubicado en Howitzvej y Falkoner All\u00e9.<\/p>\n<p>El Centro de Mando de Frederiksberg, ubicado en el s\u00f3tano del Ayuntamiento de Frederiksberg, se utiliz\u00f3 como b\u00fanker hasta que se complet\u00f3 la Defensa Civil del Ayuntamiento en 1953, y hasta despu\u00e9s de la ca\u00edda del Muro de Berl\u00edn. El b\u00fanker se volvi\u00f3 a utilizar durante la crisis de los misiles cubanos en 1962, la explosi\u00f3n de Valby Gasworks en 1964 y el accidente de Chernobyl en 1986.<\/p>\n<\/div><\/div>\n<\/div>\n<p>&nbsp;<\/p>\n<p>&nbsp;<\/p>\n<p>Lugar<\/p>\n<table width=\"255\">\n<tbody>\n<tr>\n<td width=\"90\">Nombre de la calle:<\/td>\n<td width=\"0\">Howitzvej<\/td>\n<\/tr>\n<tr>\n<td width=\"90\">N\u00famero de casa:<\/td>\n<td width=\"0\">2<\/td>\n<\/tr>\n<tr>\n<td width=\"90\">Ubicaci\u00f3n:<\/td>\n<td width=\"0\">Frederiksberg<\/td>\n<\/tr>\n<tr>\n<td width=\"90\">Coordenadas:<\/td>\n<td width=\"0\">55.67931, 12.53315 (estimado)<\/td>\n<\/tr>\n<\/tbody>\n<\/table>\n<p>&nbsp;<\/p>","protected":false},"excerpt":{"rendered":"<p>Imagen del Ayuntamiento de Frederiksberg antes de su reconstrucci\u00f3n.<\/p>","protected":false},"featured_media":1624,"comment_status":"open","ping_status":"closed","template":"","meta":{"_mi_skip_tracking":false},"product_cat":[73,79],"product_tag":[],"class_list":{"0":"post-1623","1":"product","2":"type-product","3":"status-publish","4":"has-post-thumbnail","6":"product_cat-plakater","7":"product_cat-koebenhavn","8":"pa_storrelse-a4-21x30cm","9":"pa_storrelse-a3-30x42cm","10":"pa_storrelse-b2-50x70cm","11":"pa_storrelse-b1-70x100cm","13":"first","14":"instock","15":"taxable","16":"shipping-taxable","17":"purchasable","18":"product-type-variable"},"yoast_head":"<!-- This site is optimized with the Yoast SEO plugin v24.2 - https:\/\/yoast.com\/wordpress\/plugins\/seo\/ -->\n<title>Frederiksberg R\u00e5dhus Plakater | Spar 10% p\u00e5 et samles\u00e6t - My Canvas<\/title>\n<meta name=\"description\" content=\"K\u00f8b Frederiksberg R\u00e5dhus Plakater. DEN BEDSTE KVALITET Til den bedste pris - Historiske danske plakater - se vores store udvalg her.\" \/>\n<meta name=\"robots\" content=\"index, follow, max-snippet:-1, max-image-preview:large, max-video-preview:-1\" \/>\n<link rel=\"canonical\" href=\"https:\/\/mycanvas.dk\/es\/producto\/frederiksberg-raadhus\/\" \/>\n<meta property=\"og:locale\" content=\"es_ES\" \/>\n<meta property=\"og:type\" content=\"article\" \/>\n<meta property=\"og:title\" content=\"Frederiksberg R\u00e5dhus Plakater | Spar 10% p\u00e5 et samles\u00e6t - My Canvas\" \/>\n<meta property=\"og:description\" content=\"K\u00f8b Frederiksberg R\u00e5dhus Plakater. DEN BEDSTE KVALITET Til den bedste pris - Historiske danske plakater - se vores store udvalg her.\" \/>\n<meta property=\"og:url\" content=\"https:\/\/mycanvas.dk\/es\/producto\/frederiksberg-raadhus\/\" \/>\n<meta property=\"og:site_name\" content=\"My Canvas\" \/>\n<meta property=\"article:publisher\" content=\"https:\/\/www.facebook.com\/MyCanvasDanmark\" \/>\n<meta property=\"article:modified_time\" content=\"2019-10-29T13:45:56+00:00\" \/>\n<meta property=\"og:image\" content=\"https:\/\/mycanvas.dk\/wp-content\/uploads\/2018\/12\/Egetr\u00e6-3.jpg\" \/>\n\t<meta property=\"og:image:width\" content=\"2048\" \/>\n\t<meta property=\"og:image:height\" content=\"1448\" \/>\n\t<meta property=\"og:image:type\" content=\"image\/jpeg\" \/>\n<meta name=\"twitter:card\" content=\"summary_large_image\" \/>\n<meta name=\"twitter:label1\" content=\"Tiempo de lectura\" \/>\n\t<meta name=\"twitter:data1\" content=\"5 minutos\" \/>\n<script type=\"application\/ld+json\" class=\"yoast-schema-graph\">{\"@context\":\"https:\/\/schema.org\",\"@graph\":[{\"@type\":\"WebPage\",\"@id\":\"https:\/\/mycanvas.dk\/vare\/frederiksberg-raadhus\/\",\"url\":\"https:\/\/mycanvas.dk\/vare\/frederiksberg-raadhus\/\",\"name\":\"Frederiksberg R\u00e5dhus Plakater | Spar 10% p\u00e5 et samles\u00e6t - My Canvas\",\"isPartOf\":{\"@id\":\"https:\/\/mycanvas.dk\/#website\"},\"primaryImageOfPage\":{\"@id\":\"https:\/\/mycanvas.dk\/vare\/frederiksberg-raadhus\/#primaryimage\"},\"image\":{\"@id\":\"https:\/\/mycanvas.dk\/vare\/frederiksberg-raadhus\/#primaryimage\"},\"thumbnailUrl\":\"https:\/\/mycanvas.dk\/wp-content\/uploads\/2018\/12\/Egetr\u00e6-3.jpg\",\"datePublished\":\"2019-02-02T09:00:35+00:00\",\"dateModified\":\"2019-10-29T13:45:56+00:00\",\"description\":\"K\u00f8b Frederiksberg R\u00e5dhus Plakater. DEN BEDSTE KVALITET Til den bedste pris - Historiske danske plakater - se vores store udvalg her.\",\"breadcrumb\":{\"@id\":\"https:\/\/mycanvas.dk\/vare\/frederiksberg-raadhus\/#breadcrumb\"},\"inLanguage\":\"es\",\"potentialAction\":[{\"@type\":\"ReadAction\",\"target\":[\"https:\/\/mycanvas.dk\/vare\/frederiksberg-raadhus\/\"]}]},{\"@type\":\"ImageObject\",\"inLanguage\":\"es\",\"@id\":\"https:\/\/mycanvas.dk\/vare\/frederiksberg-raadhus\/#primaryimage\",\"url\":\"https:\/\/mycanvas.dk\/wp-content\/uploads\/2018\/12\/Egetr\u00e6-3.jpg\",\"contentUrl\":\"https:\/\/mycanvas.dk\/wp-content\/uploads\/2018\/12\/Egetr\u00e6-3.jpg\",\"width\":2048,\"height\":1448},{\"@type\":\"BreadcrumbList\",\"@id\":\"https:\/\/mycanvas.dk\/vare\/frederiksberg-raadhus\/#breadcrumb\",\"itemListElement\":[{\"@type\":\"ListItem\",\"position\":1,\"name\":\"Hjem\",\"item\":\"https:\/\/mycanvas.dk\/\"},{\"@type\":\"ListItem\",\"position\":2,\"name\":\"Shop\",\"item\":\"https:\/\/mycanvas.dk\/shop\/\"},{\"@type\":\"ListItem\",\"position\":3,\"name\":\"Frederiksberg R\u00e5dhus\"}]},{\"@type\":\"WebSite\",\"@id\":\"https:\/\/mycanvas.dk\/#website\",\"url\":\"https:\/\/mycanvas.dk\/\",\"name\":\"My Canvas\",\"description\":\"Vi g\u00f8r danmarks historie til kunst\",\"publisher\":{\"@id\":\"https:\/\/mycanvas.dk\/#organization\"},\"potentialAction\":[{\"@type\":\"SearchAction\",\"target\":{\"@type\":\"EntryPoint\",\"urlTemplate\":\"https:\/\/mycanvas.dk\/?s={search_term_string}\"},\"query-input\":{\"@type\":\"PropertyValueSpecification\",\"valueRequired\":true,\"valueName\":\"search_term_string\"}}],\"inLanguage\":\"es\"},{\"@type\":\"Organization\",\"@id\":\"https:\/\/mycanvas.dk\/#organization\",\"name\":\"My Canvas\",\"url\":\"https:\/\/mycanvas.dk\/\",\"logo\":{\"@type\":\"ImageObject\",\"inLanguage\":\"es\",\"@id\":\"https:\/\/mycanvas.dk\/#\/schema\/logo\/image\/\",\"url\":\"https:\/\/mycanvas.dk\/wp-content\/uploads\/2018\/09\/MyCanvas-Logo-Nyeste.png\",\"contentUrl\":\"https:\/\/mycanvas.dk\/wp-content\/uploads\/2018\/09\/MyCanvas-Logo-Nyeste.png\",\"width\":1916,\"height\":736,\"caption\":\"My Canvas\"},\"image\":{\"@id\":\"https:\/\/mycanvas.dk\/#\/schema\/logo\/image\/\"},\"sameAs\":[\"https:\/\/www.facebook.com\/MyCanvasDanmark\",\"https:\/\/www.instagram.com\/mycanvasdk\/\"]}]}<\/script>\n<!-- \/ Yoast SEO plugin. -->","yoast_head_json":{"title":"Frederiksberg R\u00e5dhus Plakater | Spar 10% p\u00e5 et samles\u00e6t - My Canvas","description":"K\u00f8b Frederiksberg R\u00e5dhus Plakater. DEN BEDSTE KVALITET Til den bedste pris - Historiske danske plakater - se vores store udvalg her.","robots":{"index":"index","follow":"follow","max-snippet":"max-snippet:-1","max-image-preview":"max-image-preview:large","max-video-preview":"max-video-preview:-1"},"canonical":"https:\/\/mycanvas.dk\/es\/producto\/frederiksberg-raadhus\/","og_locale":"es_ES","og_type":"article","og_title":"Frederiksberg R\u00e5dhus Plakater | Spar 10% p\u00e5 et samles\u00e6t - My Canvas","og_description":"K\u00f8b Frederiksberg R\u00e5dhus Plakater. DEN BEDSTE KVALITET Til den bedste pris - Historiske danske plakater - se vores store udvalg her.","og_url":"https:\/\/mycanvas.dk\/es\/producto\/frederiksberg-raadhus\/","og_site_name":"My Canvas","article_publisher":"https:\/\/www.facebook.com\/MyCanvasDanmark","article_modified_time":"2019-10-29T13:45:56+00:00","og_image":[{"width":2048,"height":1448,"url":"https:\/\/mycanvas.dk\/wp-content\/uploads\/2018\/12\/Egetr\u00e6-3.jpg","type":"image\/jpeg"}],"twitter_card":"summary_large_image","twitter_misc":{"Tiempo de lectura":"5 minutos"},"schema":{"@context":"https:\/\/schema.org","@graph":[{"@type":"WebPage","@id":"https:\/\/mycanvas.dk\/vare\/frederiksberg-raadhus\/","url":"https:\/\/mycanvas.dk\/vare\/frederiksberg-raadhus\/","name":"Frederiksberg R\u00e5dhus Plakater | Spar 10% p\u00e5 et samles\u00e6t - My Canvas","isPartOf":{"@id":"https:\/\/mycanvas.dk\/#website"},"primaryImageOfPage":{"@id":"https:\/\/mycanvas.dk\/vare\/frederiksberg-raadhus\/#primaryimage"},"image":{"@id":"https:\/\/mycanvas.dk\/vare\/frederiksberg-raadhus\/#primaryimage"},"thumbnailUrl":"https:\/\/mycanvas.dk\/wp-content\/uploads\/2018\/12\/Egetr\u00e6-3.jpg","datePublished":"2019-02-02T09:00:35+00:00","dateModified":"2019-10-29T13:45:56+00:00","description":"K\u00f8b Frederiksberg R\u00e5dhus Plakater. DEN BEDSTE KVALITET Til den bedste pris - Historiske danske plakater - se vores store udvalg her.","breadcrumb":{"@id":"https:\/\/mycanvas.dk\/vare\/frederiksberg-raadhus\/#breadcrumb"},"inLanguage":"es","potentialAction":[{"@type":"ReadAction","target":["https:\/\/mycanvas.dk\/vare\/frederiksberg-raadhus\/"]}]},{"@type":"ImageObject","inLanguage":"es","@id":"https:\/\/mycanvas.dk\/vare\/frederiksberg-raadhus\/#primaryimage","url":"https:\/\/mycanvas.dk\/wp-content\/uploads\/2018\/12\/Egetr\u00e6-3.jpg","contentUrl":"https:\/\/mycanvas.dk\/wp-content\/uploads\/2018\/12\/Egetr\u00e6-3.jpg","width":2048,"height":1448},{"@type":"BreadcrumbList","@id":"https:\/\/mycanvas.dk\/vare\/frederiksberg-raadhus\/#breadcrumb","itemListElement":[{"@type":"ListItem","position":1,"name":"Hjem","item":"https:\/\/mycanvas.dk\/"},{"@type":"ListItem","position":2,"name":"Shop","item":"https:\/\/mycanvas.dk\/shop\/"},{"@type":"ListItem","position":3,"name":"Frederiksberg R\u00e5dhus"}]},{"@type":"WebSite","@id":"https:\/\/mycanvas.dk\/#website","url":"https:\/\/mycanvas.dk\/","name":"My Canvas","description":"Vi g\u00f8r danmarks historie til kunst","publisher":{"@id":"https:\/\/mycanvas.dk\/#organization"},"potentialAction":[{"@type":"SearchAction","target":{"@type":"EntryPoint","urlTemplate":"https:\/\/mycanvas.dk\/?s={search_term_string}"},"query-input":{"@type":"PropertyValueSpecification","valueRequired":true,"valueName":"search_term_string"}}],"inLanguage":"es"},{"@type":"Organization","@id":"https:\/\/mycanvas.dk\/#organization","name":"My Canvas","url":"https:\/\/mycanvas.dk\/","logo":{"@type":"ImageObject","inLanguage":"es","@id":"https:\/\/mycanvas.dk\/#\/schema\/logo\/image\/","url":"https:\/\/mycanvas.dk\/wp-content\/uploads\/2018\/09\/MyCanvas-Logo-Nyeste.png","contentUrl":"https:\/\/mycanvas.dk\/wp-content\/uploads\/2018\/09\/MyCanvas-Logo-Nyeste.png","width":1916,"height":736,"caption":"My Canvas"},"image":{"@id":"https:\/\/mycanvas.dk\/#\/schema\/logo\/image\/"},"sameAs":["https:\/\/www.facebook.com\/MyCanvasDanmark","https:\/\/www.instagram.com\/mycanvasdk\/"]}]}},"_links":{"self":[{"href":"https:\/\/mycanvas.dk\/es\/wp-json\/wp\/v2\/product\/1623","targetHints":{"allow":["GET"]}}],"collection":[{"href":"https:\/\/mycanvas.dk\/es\/wp-json\/wp\/v2\/product"}],"about":[{"href":"https:\/\/mycanvas.dk\/es\/wp-json\/wp\/v2\/types\/product"}],"replies":[{"embeddable":true,"href":"https:\/\/mycanvas.dk\/es\/wp-json\/wp\/v2\/comments?post=1623"}],"wp:featuredmedia":[{"embeddable":true,"href":"https:\/\/mycanvas.dk\/es\/wp-json\/wp\/v2\/media\/1624"}],"wp:attachment":[{"href":"https:\/\/mycanvas.dk\/es\/wp-json\/wp\/v2\/media?parent=1623"}],"wp:term":[{"taxonomy":"product_cat","embeddable":true,"href":"https:\/\/mycanvas.dk\/es\/wp-json\/wp\/v2\/product_cat?post=1623"},{"taxonomy":"product_tag","embeddable":true,"href":"https:\/\/mycanvas.dk\/es\/wp-json\/wp\/v2\/product_tag?post=1623"}],"curies":[{"name":"wp","href":"https:\/\/api.w.org\/{rel}","templated":true}]}}