
{"id":1627,"date":"2019-02-02T10:00:03","date_gmt":"2019-02-02T09:00:03","guid":{"rendered":"http:\/\/mycanvas.dk\/?post_type=product&#038;p=1627"},"modified":"2019-11-04T12:28:44","modified_gmt":"2019-11-04T11:28:44","slug":"stroeget","status":"publish","type":"product","link":"https:\/\/mycanvas.dk\/es\/producto\/stroeget\/","title":{"rendered":"Planchado"},"content":{"rendered":"<p>Str\u00f8get es la famosa calle peatonal de Copenhague en Indre By, que va desde R\u00e5dhuspladsen hasta Kongens Nytorv y tiene una longitud de 1,1 km. Str\u00f8get es un nombre com\u00fan para el tramo que incluye Nygade, Frederiksberggade, Vimmelskaftet, Amagertorv y \u00d8stergade. No es ni la calle peatonal m\u00e1s larga ni la primera del mundo, pero s\u00ed lo era en 1962, cuando se inaugur\u00f3.<\/p>\n<div class=\"accordion\" rel=\"\">\n<div class=\"accordion-item\"><a href=\"#\" class=\"accordion-title plain\"><button class=\"toggle\"><i class=\"icon-angle-down\"><\/i><\/button><span>Leer m\u00e1s<\/span><\/a><div class=\"accordion-inner\">\n<p>Por supuesto, r\u00e1pidamente ha sido superada por otras calles de todo el mundo, como la Rue Sainte Catherine en Burdeos, pero sigue siendo una de las calles peatonales m\u00e1s largas de Europa. El nombre proviene de la palabra &quot;Str\u00f8g&quot;, que significa estirar. Originalmente se utiliz\u00f3 alrededor de \u00d8stergade en las revistas de verano alrededor de 1876 y 1883, pero poco a poco lleg\u00f3 a cubrir todo el recorrido entre R\u00e5dhuspladsen y Kongens Nytorv.<\/p>\n<p>En 1962, sin embargo, a menudo se la llamaba &quot;G\u00e5gaden&quot;, pero cuando el nombre se utiliz\u00f3 para muchas otras calles peatonales, se elimin\u00f3 nuevamente. Hoy en d\u00eda, el nombre &quot;Str\u00f8get&quot; tambi\u00e9n se utiliza para otras calles peatonales.<\/p>\n<p>en Copenhague. La calle consta de las siguientes calles\/plazas: Frederiksberggade; La calle m\u00e1s nueva de Str\u00f8get, trazada despu\u00e9s del incendio de la ciudad en 1728, y su nombre se debe a que entonces conduc\u00eda a la entonces puerta de la ciudad, Vesterport, desde donde part\u00eda la carretera a Frederiksberg. Plaza Vieja; La plaza m\u00e1s antigua de la ciudad, conocida del siglo XIV, pero que presumiblemente ya exist\u00eda en el siglo XII.<\/p>\n<p>La marca registrada de la plaza es la fuente Caritasbr\u00f8nden, que estalla con manzanas doradas en los cumplea\u00f1os reales. Nytorv; Hoy en d\u00eda es una gran plaza junto con Gammeltorv, pero cuando se construy\u00f3 en 1606 se encontraba como una nueva plaza separada detr\u00e1s del entonces ayuntamiento de Copenhague. Tras el incendio de la ciudad de 1795, las dos plazas se unieron y la nueva<\/p>\n<p>el ayuntamiento se estableci\u00f3 en Nytorv en el edificio que ahora alberga el Domhus.Nygade de Copenhague; la calle m\u00e1s corta trazada en 1685.<\/p>\n<p>Despu\u00e9s de un incendio, fue posible pasar por Gammeltorv y Vimmelskaftet, donde antes se pasaba por Skoubogade y Skindergade. El nombre proviene del hecho de que la mayor\u00eda de las otras calles ten\u00edan varios siglos a sus espaldas.<\/p>\n<p>eje Vimmel; conocido desde el siglo XIV. Skindergade y Skoubogade ten\u00edan una forma que recordaba a un eje de wimmel, de ah\u00ed el nombre. Amagertorv; tambi\u00e9n conocido del siglo XIV. En el siglo XVII los agricultores ten\u00edan aqu\u00ed su mercado. La fuente de las cig\u00fce\u00f1as fue construida en 1894.<\/p>\n<p>\u00d8stergade; El nombre se conoce desde 1447, cuando la calle conduc\u00eda a la puerta de la ciudad \u00d8sterport, que en ese momento se encontraba en el actual Kongens Nytorv. En 1647, la puerta de la ciudad se traslad\u00f3 a la actual estaci\u00f3n \u00d8sterport. En la primera mitad del siglo XIX, Str\u00f8get se hab\u00eda convertido en un lugar de paseo. Los equivocados tanto conocidos como desconocidos, que vinieron aqu\u00ed para ver y ser vistos. Se dice que en la d\u00e9cada de 1840 se pod\u00eda anunciar un compromiso caminando con la mujer por \u00d8stergade o Vimmelskaftet entre 14 y 16. Algunas d\u00e9cadas m\u00e1s tarde, 1884-1912, Politiken ten\u00eda su sede en la esquina de las calles \u00d8stergade e Integade, lo que hoy forma parte de Magasins Torv. En 1872 se construyeron \u00f3mnibus para caballos y \u00f3mnibus ferroviarios en Gammel Kongevej, donde, aunque<\/p>\n<p>No hab\u00eda una pista en Str\u00f8get, tambi\u00e9n se pod\u00eda circular por las calles normales. Los caballos continuaron hasta 1913, cuando fueron reemplazados por autobuses a motor, y en 1919 fueron adquiridos por el Sporveje de Copenhague, donde pas\u00f3 a llamarse l\u00ednea 11, y m\u00e1s tarde l\u00ednea 19, que discurr\u00eda a lo largo de Str\u00f8get. Sin embargo, se suspendieron en 1940 como resultado de la ocupaci\u00f3n, pero se reanudaron nuevamente despu\u00e9s de la ocupaci\u00f3n. Ahora, sin embargo, Str\u00f8get se hab\u00eda enderezado en direcci\u00f3n a R\u00e5dhuspladsen, en 1962 se convirti\u00f3 completamente en una calle peatonal y, por lo tanto, las l\u00edneas se desviaron por calles paralelas como Ving\u00e5rdsstr\u00e6de, Gammel Strand y Vandkunsten.<\/p>\n<p>Se cerraron por completo en 1996, 2003 y la \u00faltima l\u00ednea en 2011. La calle se convirti\u00f3 en peatonal como resultado del creciente predominio de los autom\u00f3viles. El cambio se hizo permanente en 1964 y desde entonces la calle ha estado cerrada al tr\u00e1fico de veh\u00edculos. Muchos comerciantes no creyeron en el cambio y varios de ellos intentaron derribar el proyecto, pero sin \u00e9xito. En los a\u00f1os siguientes, varias plazas fueron vaciadas de coches en 1968, 1973 y 1992 respectivamente.<\/p>\n<p>Fue restaurado en 1993 y estaba compuesto por un patr\u00f3n de granito del artista Bj\u00f8rn N\u00f8rgaard. Jan Gehl investiga los efectos de la nueva calle peatonal desde 1962 y se ha hecho conocido en todo el mundo por sus informes y resultados. De este modo se hizo famoso y Copenhague inspir\u00f3 a ciudades m\u00e1s grandes a introducir calles peatonales del mismo estilo. Incluyendo Melbourne y Nueva<\/p>\n<p>York. Hay aprox. 80.000 personas utilizan Str\u00f8get todos los d\u00edas en verano y unas 48.000 en invierno. El \u00faltimo domingo antes de Navidad se esperan hasta 120.000 personas.<\/p>\n<\/div><\/div>\n<\/div>\n<p>&nbsp;<\/p>\n<p>Lugar<\/p>\n<table width=\"255\">\n<tbody>\n<tr>\n<td width=\"90\">Nombre de la calle:<\/td>\n<td width=\"0\">\u00d8stergade<\/td>\n<\/tr>\n<tr>\n<td width=\"90\">Distrito:<\/td>\n<td width=\"0\">Centro de la ciudad<\/td>\n<\/tr>\n<tr>\n<td width=\"90\">Pa\u00eds:<\/td>\n<td width=\"0\">Dinamarca<\/td>\n<\/tr>\n<tr>\n<td width=\"90\">Coordenadas:<\/td>\n<td width=\"0\">55.67940, 12.58163<\/td>\n<\/tr>\n<tr>\n<td width=\"90\">Direcci\u00f3n de la br\u00fajula:<\/td>\n<td width=\"0\">Este Noreste (66\u00b0)<\/td>\n<\/tr>\n<\/tbody>\n<\/table>\n<p>&nbsp;<\/p>","protected":false},"excerpt":{"rendered":"<p>\u00d8stergade, tambi\u00e9n llamada Str\u00f8get, vista en el a\u00f1o 1900.<\/p>","protected":false},"featured_media":1628,"comment_status":"open","ping_status":"closed","template":"","meta":{"_mi_skip_tracking":false},"product_cat":[73,79],"product_tag":[],"class_list":{"0":"post-1627","1":"product","2":"type-product","3":"status-publish","4":"has-post-thumbnail","6":"product_cat-plakater","7":"product_cat-koebenhavn","8":"pa_storrelse-a4-21x30cm","9":"pa_storrelse-a3-30x42cm","10":"pa_storrelse-b2-50x70cm","11":"pa_storrelse-b1-70x100cm","13":"first","14":"instock","15":"taxable","16":"shipping-taxable","17":"purchasable","18":"product-type-variable"},"yoast_head":"<!-- This site is optimized with the Yoast SEO plugin v24.2 - https:\/\/yoast.com\/wordpress\/plugins\/seo\/ -->\n<title>Str\u00f8get Plakater | Spar 10% p\u00e5 et samles\u00e6t - My Canvas<\/title>\n<meta name=\"description\" content=\"K\u00f8b Str\u00f8get Plakater. DEN BEDSTE KVALITET Til den bedste pris - Historiske danske plakater\" \/>\n<meta name=\"robots\" content=\"index, follow, max-snippet:-1, max-image-preview:large, max-video-preview:-1\" \/>\n<link rel=\"canonical\" href=\"https:\/\/mycanvas.dk\/es\/producto\/stroeget\/\" \/>\n<meta property=\"og:locale\" content=\"es_ES\" \/>\n<meta property=\"og:type\" content=\"article\" \/>\n<meta property=\"og:title\" content=\"Str\u00f8get Plakater | Spar 10% p\u00e5 et samles\u00e6t - My Canvas\" \/>\n<meta property=\"og:description\" content=\"K\u00f8b Str\u00f8get Plakater. DEN BEDSTE KVALITET Til den bedste pris - Historiske danske plakater\" \/>\n<meta property=\"og:url\" content=\"https:\/\/mycanvas.dk\/es\/producto\/stroeget\/\" \/>\n<meta property=\"og:site_name\" content=\"My Canvas\" \/>\n<meta property=\"article:publisher\" content=\"https:\/\/www.facebook.com\/MyCanvasDanmark\" \/>\n<meta property=\"article:modified_time\" content=\"2019-11-04T11:28:44+00:00\" \/>\n<meta property=\"og:image\" content=\"https:\/\/mycanvas.dk\/wp-content\/uploads\/2018\/12\/Untitled_Artwork-25.jpg\" \/>\n\t<meta property=\"og:image:width\" content=\"2048\" \/>\n\t<meta property=\"og:image:height\" content=\"1448\" \/>\n\t<meta property=\"og:image:type\" content=\"image\/jpeg\" \/>\n<meta name=\"twitter:card\" content=\"summary_large_image\" \/>\n<meta name=\"twitter:label1\" content=\"Tiempo de lectura\" \/>\n\t<meta name=\"twitter:data1\" content=\"4 minutos\" \/>\n<script type=\"application\/ld+json\" class=\"yoast-schema-graph\">{\"@context\":\"https:\/\/schema.org\",\"@graph\":[{\"@type\":\"WebPage\",\"@id\":\"https:\/\/mycanvas.dk\/vare\/stroeget\/\",\"url\":\"https:\/\/mycanvas.dk\/vare\/stroeget\/\",\"name\":\"Str\u00f8get Plakater | Spar 10% p\u00e5 et samles\u00e6t - My Canvas\",\"isPartOf\":{\"@id\":\"https:\/\/mycanvas.dk\/#website\"},\"primaryImageOfPage\":{\"@id\":\"https:\/\/mycanvas.dk\/vare\/stroeget\/#primaryimage\"},\"image\":{\"@id\":\"https:\/\/mycanvas.dk\/vare\/stroeget\/#primaryimage\"},\"thumbnailUrl\":\"https:\/\/mycanvas.dk\/wp-content\/uploads\/2018\/12\/Untitled_Artwork-25.jpg\",\"datePublished\":\"2019-02-02T09:00:03+00:00\",\"dateModified\":\"2019-11-04T11:28:44+00:00\",\"description\":\"K\u00f8b Str\u00f8get Plakater. DEN BEDSTE KVALITET Til den bedste pris - Historiske danske plakater\",\"breadcrumb\":{\"@id\":\"https:\/\/mycanvas.dk\/vare\/stroeget\/#breadcrumb\"},\"inLanguage\":\"es\",\"potentialAction\":[{\"@type\":\"ReadAction\",\"target\":[\"https:\/\/mycanvas.dk\/vare\/stroeget\/\"]}]},{\"@type\":\"ImageObject\",\"inLanguage\":\"es\",\"@id\":\"https:\/\/mycanvas.dk\/vare\/stroeget\/#primaryimage\",\"url\":\"https:\/\/mycanvas.dk\/wp-content\/uploads\/2018\/12\/Untitled_Artwork-25.jpg\",\"contentUrl\":\"https:\/\/mycanvas.dk\/wp-content\/uploads\/2018\/12\/Untitled_Artwork-25.jpg\",\"width\":2048,\"height\":1448},{\"@type\":\"BreadcrumbList\",\"@id\":\"https:\/\/mycanvas.dk\/vare\/stroeget\/#breadcrumb\",\"itemListElement\":[{\"@type\":\"ListItem\",\"position\":1,\"name\":\"Hjem\",\"item\":\"https:\/\/mycanvas.dk\/\"},{\"@type\":\"ListItem\",\"position\":2,\"name\":\"Shop\",\"item\":\"https:\/\/mycanvas.dk\/shop\/\"},{\"@type\":\"ListItem\",\"position\":3,\"name\":\"Str\u00f8get\"}]},{\"@type\":\"WebSite\",\"@id\":\"https:\/\/mycanvas.dk\/#website\",\"url\":\"https:\/\/mycanvas.dk\/\",\"name\":\"My Canvas\",\"description\":\"Vi g\u00f8r danmarks historie til kunst\",\"publisher\":{\"@id\":\"https:\/\/mycanvas.dk\/#organization\"},\"potentialAction\":[{\"@type\":\"SearchAction\",\"target\":{\"@type\":\"EntryPoint\",\"urlTemplate\":\"https:\/\/mycanvas.dk\/?s={search_term_string}\"},\"query-input\":{\"@type\":\"PropertyValueSpecification\",\"valueRequired\":true,\"valueName\":\"search_term_string\"}}],\"inLanguage\":\"es\"},{\"@type\":\"Organization\",\"@id\":\"https:\/\/mycanvas.dk\/#organization\",\"name\":\"My Canvas\",\"url\":\"https:\/\/mycanvas.dk\/\",\"logo\":{\"@type\":\"ImageObject\",\"inLanguage\":\"es\",\"@id\":\"https:\/\/mycanvas.dk\/#\/schema\/logo\/image\/\",\"url\":\"https:\/\/mycanvas.dk\/wp-content\/uploads\/2018\/09\/MyCanvas-Logo-Nyeste.png\",\"contentUrl\":\"https:\/\/mycanvas.dk\/wp-content\/uploads\/2018\/09\/MyCanvas-Logo-Nyeste.png\",\"width\":1916,\"height\":736,\"caption\":\"My Canvas\"},\"image\":{\"@id\":\"https:\/\/mycanvas.dk\/#\/schema\/logo\/image\/\"},\"sameAs\":[\"https:\/\/www.facebook.com\/MyCanvasDanmark\",\"https:\/\/www.instagram.com\/mycanvasdk\/\"]}]}<\/script>\n<!-- \/ Yoast SEO plugin. -->","yoast_head_json":{"title":"Str\u00f8get Plakater | Spar 10% p\u00e5 et samles\u00e6t - My Canvas","description":"K\u00f8b Str\u00f8get Plakater. DEN BEDSTE KVALITET Til den bedste pris - Historiske danske plakater","robots":{"index":"index","follow":"follow","max-snippet":"max-snippet:-1","max-image-preview":"max-image-preview:large","max-video-preview":"max-video-preview:-1"},"canonical":"https:\/\/mycanvas.dk\/es\/producto\/stroeget\/","og_locale":"es_ES","og_type":"article","og_title":"Str\u00f8get Plakater | Spar 10% p\u00e5 et samles\u00e6t - My Canvas","og_description":"K\u00f8b Str\u00f8get Plakater. DEN BEDSTE KVALITET Til den bedste pris - Historiske danske plakater","og_url":"https:\/\/mycanvas.dk\/es\/producto\/stroeget\/","og_site_name":"My Canvas","article_publisher":"https:\/\/www.facebook.com\/MyCanvasDanmark","article_modified_time":"2019-11-04T11:28:44+00:00","og_image":[{"width":2048,"height":1448,"url":"https:\/\/mycanvas.dk\/wp-content\/uploads\/2018\/12\/Untitled_Artwork-25.jpg","type":"image\/jpeg"}],"twitter_card":"summary_large_image","twitter_misc":{"Tiempo de lectura":"4 minutos"},"schema":{"@context":"https:\/\/schema.org","@graph":[{"@type":"WebPage","@id":"https:\/\/mycanvas.dk\/vare\/stroeget\/","url":"https:\/\/mycanvas.dk\/vare\/stroeget\/","name":"Str\u00f8get Plakater | Spar 10% p\u00e5 et samles\u00e6t - My Canvas","isPartOf":{"@id":"https:\/\/mycanvas.dk\/#website"},"primaryImageOfPage":{"@id":"https:\/\/mycanvas.dk\/vare\/stroeget\/#primaryimage"},"image":{"@id":"https:\/\/mycanvas.dk\/vare\/stroeget\/#primaryimage"},"thumbnailUrl":"https:\/\/mycanvas.dk\/wp-content\/uploads\/2018\/12\/Untitled_Artwork-25.jpg","datePublished":"2019-02-02T09:00:03+00:00","dateModified":"2019-11-04T11:28:44+00:00","description":"K\u00f8b Str\u00f8get Plakater. DEN BEDSTE KVALITET Til den bedste pris - Historiske danske plakater","breadcrumb":{"@id":"https:\/\/mycanvas.dk\/vare\/stroeget\/#breadcrumb"},"inLanguage":"es","potentialAction":[{"@type":"ReadAction","target":["https:\/\/mycanvas.dk\/vare\/stroeget\/"]}]},{"@type":"ImageObject","inLanguage":"es","@id":"https:\/\/mycanvas.dk\/vare\/stroeget\/#primaryimage","url":"https:\/\/mycanvas.dk\/wp-content\/uploads\/2018\/12\/Untitled_Artwork-25.jpg","contentUrl":"https:\/\/mycanvas.dk\/wp-content\/uploads\/2018\/12\/Untitled_Artwork-25.jpg","width":2048,"height":1448},{"@type":"BreadcrumbList","@id":"https:\/\/mycanvas.dk\/vare\/stroeget\/#breadcrumb","itemListElement":[{"@type":"ListItem","position":1,"name":"Hjem","item":"https:\/\/mycanvas.dk\/"},{"@type":"ListItem","position":2,"name":"Shop","item":"https:\/\/mycanvas.dk\/shop\/"},{"@type":"ListItem","position":3,"name":"Str\u00f8get"}]},{"@type":"WebSite","@id":"https:\/\/mycanvas.dk\/#website","url":"https:\/\/mycanvas.dk\/","name":"My Canvas","description":"Vi g\u00f8r danmarks historie til kunst","publisher":{"@id":"https:\/\/mycanvas.dk\/#organization"},"potentialAction":[{"@type":"SearchAction","target":{"@type":"EntryPoint","urlTemplate":"https:\/\/mycanvas.dk\/?s={search_term_string}"},"query-input":{"@type":"PropertyValueSpecification","valueRequired":true,"valueName":"search_term_string"}}],"inLanguage":"es"},{"@type":"Organization","@id":"https:\/\/mycanvas.dk\/#organization","name":"My Canvas","url":"https:\/\/mycanvas.dk\/","logo":{"@type":"ImageObject","inLanguage":"es","@id":"https:\/\/mycanvas.dk\/#\/schema\/logo\/image\/","url":"https:\/\/mycanvas.dk\/wp-content\/uploads\/2018\/09\/MyCanvas-Logo-Nyeste.png","contentUrl":"https:\/\/mycanvas.dk\/wp-content\/uploads\/2018\/09\/MyCanvas-Logo-Nyeste.png","width":1916,"height":736,"caption":"My Canvas"},"image":{"@id":"https:\/\/mycanvas.dk\/#\/schema\/logo\/image\/"},"sameAs":["https:\/\/www.facebook.com\/MyCanvasDanmark","https:\/\/www.instagram.com\/mycanvasdk\/"]}]}},"_links":{"self":[{"href":"https:\/\/mycanvas.dk\/es\/wp-json\/wp\/v2\/product\/1627","targetHints":{"allow":["GET"]}}],"collection":[{"href":"https:\/\/mycanvas.dk\/es\/wp-json\/wp\/v2\/product"}],"about":[{"href":"https:\/\/mycanvas.dk\/es\/wp-json\/wp\/v2\/types\/product"}],"replies":[{"embeddable":true,"href":"https:\/\/mycanvas.dk\/es\/wp-json\/wp\/v2\/comments?post=1627"}],"wp:featuredmedia":[{"embeddable":true,"href":"https:\/\/mycanvas.dk\/es\/wp-json\/wp\/v2\/media\/1628"}],"wp:attachment":[{"href":"https:\/\/mycanvas.dk\/es\/wp-json\/wp\/v2\/media?parent=1627"}],"wp:term":[{"taxonomy":"product_cat","embeddable":true,"href":"https:\/\/mycanvas.dk\/es\/wp-json\/wp\/v2\/product_cat?post=1627"},{"taxonomy":"product_tag","embeddable":true,"href":"https:\/\/mycanvas.dk\/es\/wp-json\/wp\/v2\/product_tag?post=1627"}],"curies":[{"name":"wp","href":"https:\/\/api.w.org\/{rel}","templated":true}]}}