
{"id":1631,"date":"2019-02-02T10:00:32","date_gmt":"2019-02-02T09:00:32","guid":{"rendered":"http:\/\/mycanvas.dk\/?post_type=product&#038;p=1631"},"modified":"2019-10-29T14:46:34","modified_gmt":"2019-10-29T13:46:34","slug":"tuborg-brygvogn","status":"publish","type":"product","link":"https:\/\/mycanvas.dk\/es\/producto\/tuborg-brygvogn\/","title":{"rendered":"Vag\u00f3n cervecero Tuborg"},"content":{"rendered":"<p>Tuborg es una marca de cerveza danesa que se elabor\u00f3 por primera vez en Hellerup en 1875. Sin embargo, la f\u00e1brica detr\u00e1s de los productos, Tuborgs Fabrikker, ya se fund\u00f3 en 1873 y en 1970 se fusion\u00f3 con Carlsberg. La mayor parte de la f\u00e1brica ha sido demolida hoy.<\/p>\n<div class=\"accordion\" rel=\"\">\n<div class=\"accordion-item\"><a href=\"#\" class=\"accordion-title plain\"><button class=\"toggle\"><i class=\"icon-angle-down\"><\/i><\/button><span>Leer m\u00e1s<\/span><\/a><div class=\"accordion-inner\">\n<p>A\/S Tuborgs Fabrikker fue fundada por un grupo de empresarios, entre los que se encontraba el mayorista y propietario de un matadero, Philip W. Heyman, como iniciador.<\/p>\n<p>Compr\u00f3 el terreno propiedad de HP Prior, que hab\u00eda construido el puerto de Tuborg en los a\u00f1os 1869-72. El nombre de Tuborg proviene de la f\u00e1brica de cerveza que Jonas Thue construy\u00f3 en los a\u00f1os 1690 con el nombre de &quot;Thuesborg&quot;, aunque \u00e9l mismo era maestro cervecero, pero m\u00e1s tarde no tuvo ning\u00fan v\u00ednculo con la cervecer\u00eda. M\u00e1s tarde se reconstruy\u00f3 en una villa m\u00e1s grande y se llam\u00f3 &quot;Tienda Tuborg&quot;, que m\u00e1s tarde se convirti\u00f3 en una residencia de ancianos.<\/p>\n<p>Sin embargo, Heyman m\u00e1s tarde incorpor\u00f3 a CF Tietgen, al bruto Rudolph Puggaard y al fiscal del Tribunal Supremo Gustav Edvard Brock con la idea de adquirir la zona para fines industriales. La idea aqu\u00ed era construir una cervecer\u00eda de exportaci\u00f3n, una f\u00e1brica de vidrio para producir las botellas, una f\u00e1brica de \u00e1cido sulf\u00farico y una f\u00e1brica de fertilizantes. Aqu\u00ed exportar\u00edan cerveza a Am\u00e9rica del Sur e importar\u00edan fertilizantes de all\u00ed. El capital social era de 1 mill\u00f3n de coronas danesas. rigsdaler, pero no fue suficiente para crear todas las empresas deseadas, por lo que se acumul\u00f3 una deuda considerable.<\/p>\n<p>Philip W. Heyman y GA Hagemann fueron los responsables de la creaci\u00f3n de las empresas. Las primeras cervezas salieron al mercado el 13 de junio de 1875. Entre ellas se encontraba la lager\u00f8l de Tuborg (hoy conocida como R\u00f8d Tuborg, 1932). Sin embargo, las expectativas del mercado de exportaci\u00f3n fracasaron, ya que los propios pa\u00edses sudamericanos construyeron sus propias cervecer\u00edas, que estaban protegidas por altos aranceles, y en Dinamarca no hab\u00eda exceso de capacidad de fertilizantes, lo que significaba que las botellas no pod\u00edan producirse para<\/p>\n<p>precios de mercado. Por lo tanto, a la cervecer\u00eda le fue mal,<\/p>\n<p>lo que llev\u00f3 a Philip W. Heyman a exigir el despido del director, pero Tietgen no estuvo de acuerdo y Heyman tuvo que dimitir. La cervecer\u00eda emprendi\u00f3 entonces un cambio importante en la producci\u00f3n y una reestructuraci\u00f3n de las inversiones, lo que oblig\u00f3 a la junta directiva a rechazar el pago de dividendos durante varios a\u00f1os, lo que cre\u00f3 una relaci\u00f3n tensa con los accionistas. Poco a poco tuvieron que convertir la deuda en acciones. Despu\u00e9s de esto, Heyman volvi\u00f3 a intentarlo.<\/p>\n<p>destituir al director (en el a\u00f1o 1880), y esta vez lo consigui\u00f3. Heyman lo hizo posible<\/p>\n<p>director y presidente del consejo. En 1881, la f\u00e1brica de vidrio se vendi\u00f3 a Kastrup Glasv\u00e6rk y la f\u00e1brica de fertilizantes finaliz\u00f3 su producci\u00f3n en 1882. Heyman supo utilizar sus contactos de otras empresas exportadoras y, por lo tanto, export\u00f3 cerveza desde Tuborg a muchos lugares del mundo. Sin embargo, fue el mercado aqu\u00ed en casa el responsable del gran progreso. Otras cervecer\u00edas de todo el pa\u00eds elaboraban barriles que se embotellaban fuera de la ciudad en peque\u00f1as tiendas independientes, mientras que Tuborg produc\u00eda embotelladoras donde pod\u00edan poner sus propias etiquetas.<\/p>\n<p>Esto les permiti\u00f3 tener control sobre el contenido y tener una apariencia consistente, evitando intermediarios adicionales. Tambi\u00e9n fue Heyman quien invent\u00f3 las sombrillas Tuborg, que proteg\u00edan a los conductores del viento y de las inclemencias del tiempo. En 1880 se introdujo el primer tipo Pilsner, la Gr\u00f8n Tuborg. Realmente no despeg\u00f3 hasta finales de la d\u00e9cada de 1890. En 1888 hizo construir la botella Tuborg para la exposici\u00f3n n\u00f3rdica de Copenhague, donde funcion\u00f3 como torre de observaci\u00f3n y estaba equipada con un elevador hidr\u00e1ulico. Despu\u00e9s de la exposici\u00f3n se instal\u00f3 en la esquina de Carolinevej y Strandvejen, sin ascensor. Se convirti\u00f3 en un lugar muy popular donde la gente ven\u00eda a disfrutar de un refresco fr\u00edo y a dar de beber a los caballos.<\/p>\n<p>En 1925, el pabell\u00f3n cerr\u00f3 cuando los otros restauradores de Strandvejen se cansaron del competidor del mismo proveedor de cerveza. Fue demolido por primera vez por completo en 1934. Tuborg introdujo un m\u00e9todo de cultivo puro de levadura, que tambi\u00e9n fue publicado en 1883 por el Laboratorio Carlsberg.<\/p>\n<p>En 1890, Heyman inici\u00f3 la producci\u00f3n de agua mineral y se convirti\u00f3 en la primera cervecer\u00eda danesa en lanzar refrescos de lim\u00f3n y apollinaris. Muri\u00f3 en 1893 y le sucedi\u00f3 Benny Dessau.<\/p>\n<p>A partir de 1899 fue Dessau quien tuvo que unirse a Carlsberg en la lucha por las cuotas de mercado. En 1903 firmaron un acuerdo para colaborar, pero como dos empresas independientes. En la pr\u00e1ctica, esto signific\u00f3 que compart\u00edan las ganancias y que a Carlsberg no se le permit\u00eda iniciar la producci\u00f3n de cerveza blanca. Por lo tanto, a Tuborg s\u00f3lo se le permiti\u00f3 producir cerveza b\u00e1vara, refrescos y Vitamon (producto de caldo y levadura seca).<\/p>\n<p>Guld Tuborg se inaugur\u00f3 en 1895 y en 1902-03 la cervecer\u00eda se ampli\u00f3 con una nueva sala de cocci\u00f3n y salas de embotellado. El arquitecto fue Henri Gl\u00e6sel y m\u00e1s tarde Charles Abrahams, que en 1874 construy\u00f3 las viviendas para los trabajadores en Tuborgvej. En 1913, Anton Rosen construy\u00f3 el edificio administrativo y la puerta de entrada. Sven Risom continu\u00f3 su gira por el \u00c1rtico y en 1923 dise\u00f1\u00f3 la gran f\u00e1brica de agua mineral en la esquina de Strandvejen y Tuborg Boulevard. Con motivo de su 25\u00ba aniversario, se prometi\u00f3 un concurso en el que JF Willumsen particip\u00f3 con un premio de 10.000 coronas danesas. El Tuborg rojo y verde no obtuvo su nombre hasta 1932 y el Tuborg Squash se lanz\u00f3 en 1936. En 1931, tambi\u00e9n se fund\u00f3 Dessau. La Fundaci\u00f3n Tuborg en conmemoraci\u00f3n del 40 aniversario de la creaci\u00f3n de De Forenede Bryggerier.<\/p>\n<p>Cuando Dessau muri\u00f3 en 1937, Herbert Jerichow asumi\u00f3 el mando. En el \u00faltimo a\u00f1o de la guerra (1945), la sala de calderas de Tuborg fue volada en Schalburgtage, pero el suministro de cerveza pudo continuar al d\u00eda siguiente gracias a la ayuda exterior. En 1963 se demoli\u00f3 la villa del director para dar paso a la sede de las cervecer\u00edas unidas, que ya estaba lista en 1964.<\/p>\n<p>El arquitecto detr\u00e1s de esto fue Preben Hansen. En 1970 se fusionaron con Carlsberg y la producci\u00f3n se ampli\u00f3 en 1979, cuando se eligi\u00f3 Fredericia como ubicaci\u00f3n para una cervecer\u00eda m\u00e1s nueva y moderna, de la que se hizo cargo Poul Svanholm. En 1996 se elabor\u00f3 la \u00faltima cerveza en la cervecer\u00eda de Hellerup. Hoy en d\u00eda han surgido nuevas casas de moda, sedes comerciales, una escuela, un centro comercial y un puerto deportivo. El antiguo Tuborg fue demolido en 1998-2000, con la excepci\u00f3n de cinco edificios importantes, que ahora se utilizan para otros fines. Esto incluye la cervecer\u00eda, Tuborg Havnevej, el antiguo edificio administrativo, la f\u00e1brica de agua mineral, las salas de embotellado (ahora conocidas como experimentarium) y el nuevo edificio administrativo. El nuevo distrito de Tuborg se describe a menudo como elitista, sin vida y con una mala planificaci\u00f3n urbana. Carlsberg Ejendomme, responsable del desarrollo urbano, lo reconoci\u00f3 m\u00e1s tarde en relaci\u00f3n con el proyecto &quot;Nuestra ciudad&quot; sobre la transformaci\u00f3n de la correspondiente zona industrial de Carlsberg en Valby.<\/p>\n<p>Fuera de Dinamarca, la cerveza de exportaci\u00f3n de Tuborg es muy conocida. Tuborg est\u00e1 presente en 104 mercados en todo el mundo, pero principalmente con el producto Gold Tuborg. En Ruslander Tuborg, la mayor marca de cerveza con licencia. En Dinamarca, Gr\u00f8n Tuborg es la cerveza m\u00e1s popular, aunque hay aprox. 10 tipos diferentes, mientras que fuera de Dinamarca s\u00f3lo se producen dos variantes diferentes; Tuborg dorado y Tuborg verde.<\/p>\n<\/div><\/div>\n<\/div>","protected":false},"excerpt":{"rendered":"<p>Vag\u00f3n de la cervecer\u00eda Tuborg visto en el a\u00f1o 1900.<\/p>","protected":false},"featured_media":1632,"comment_status":"open","ping_status":"closed","template":"","meta":{"_mi_skip_tracking":false},"product_cat":[73,79],"product_tag":[],"class_list":{"0":"post-1631","1":"product","2":"type-product","3":"status-publish","4":"has-post-thumbnail","6":"product_cat-plakater","7":"product_cat-koebenhavn","8":"pa_storrelse-a4-21x30cm","9":"pa_storrelse-a3-30x42cm","10":"pa_storrelse-b2-50x70cm","11":"pa_storrelse-b1-70x100cm","13":"first","14":"instock","15":"taxable","16":"shipping-taxable","17":"purchasable","18":"product-type-variable"},"yoast_head":"<!-- This site is optimized with the Yoast SEO plugin v24.2 - https:\/\/yoast.com\/wordpress\/plugins\/seo\/ -->\n<title>Tuborg Brygvogn Plakater | Spar 10% p\u00e5 et samles\u00e6t - My Canvas<\/title>\n<meta name=\"description\" content=\"K\u00f8b Tuborg Brygvogn Plakater. DEN BEDSTE KVALITET Til den bedste pris - Historiske danske plakater - se vores store udvalg her.\" \/>\n<meta name=\"robots\" content=\"index, follow, max-snippet:-1, max-image-preview:large, max-video-preview:-1\" \/>\n<link rel=\"canonical\" href=\"https:\/\/mycanvas.dk\/es\/producto\/tuborg-brygvogn\/\" \/>\n<meta property=\"og:locale\" content=\"es_ES\" \/>\n<meta property=\"og:type\" content=\"article\" \/>\n<meta property=\"og:title\" content=\"Tuborg Brygvogn Plakater | Spar 10% p\u00e5 et samles\u00e6t - My Canvas\" \/>\n<meta property=\"og:description\" content=\"K\u00f8b Tuborg Brygvogn Plakater. DEN BEDSTE KVALITET Til den bedste pris - Historiske danske plakater - se vores store udvalg her.\" \/>\n<meta property=\"og:url\" content=\"https:\/\/mycanvas.dk\/es\/producto\/tuborg-brygvogn\/\" \/>\n<meta property=\"og:site_name\" content=\"My Canvas\" \/>\n<meta property=\"article:publisher\" content=\"https:\/\/www.facebook.com\/MyCanvasDanmark\" \/>\n<meta property=\"article:modified_time\" content=\"2019-10-29T13:46:34+00:00\" \/>\n<meta property=\"og:image\" content=\"https:\/\/mycanvas.dk\/wp-content\/uploads\/2018\/12\/Egetr\u00e6-4.jpg\" \/>\n\t<meta property=\"og:image:width\" content=\"2048\" \/>\n\t<meta property=\"og:image:height\" content=\"1448\" \/>\n\t<meta property=\"og:image:type\" content=\"image\/jpeg\" \/>\n<meta name=\"twitter:card\" content=\"summary_large_image\" \/>\n<meta name=\"twitter:label1\" content=\"Tiempo de lectura\" \/>\n\t<meta name=\"twitter:data1\" content=\"6 minutos\" \/>\n<script type=\"application\/ld+json\" class=\"yoast-schema-graph\">{\"@context\":\"https:\/\/schema.org\",\"@graph\":[{\"@type\":\"WebPage\",\"@id\":\"https:\/\/mycanvas.dk\/vare\/tuborg-brygvogn\/\",\"url\":\"https:\/\/mycanvas.dk\/vare\/tuborg-brygvogn\/\",\"name\":\"Tuborg Brygvogn Plakater | Spar 10% p\u00e5 et samles\u00e6t - My Canvas\",\"isPartOf\":{\"@id\":\"https:\/\/mycanvas.dk\/#website\"},\"primaryImageOfPage\":{\"@id\":\"https:\/\/mycanvas.dk\/vare\/tuborg-brygvogn\/#primaryimage\"},\"image\":{\"@id\":\"https:\/\/mycanvas.dk\/vare\/tuborg-brygvogn\/#primaryimage\"},\"thumbnailUrl\":\"https:\/\/mycanvas.dk\/wp-content\/uploads\/2018\/12\/Egetr\u00e6-4.jpg\",\"datePublished\":\"2019-02-02T09:00:32+00:00\",\"dateModified\":\"2019-10-29T13:46:34+00:00\",\"description\":\"K\u00f8b Tuborg Brygvogn Plakater. DEN BEDSTE KVALITET Til den bedste pris - Historiske danske plakater - se vores store udvalg her.\",\"breadcrumb\":{\"@id\":\"https:\/\/mycanvas.dk\/vare\/tuborg-brygvogn\/#breadcrumb\"},\"inLanguage\":\"es\",\"potentialAction\":[{\"@type\":\"ReadAction\",\"target\":[\"https:\/\/mycanvas.dk\/vare\/tuborg-brygvogn\/\"]}]},{\"@type\":\"ImageObject\",\"inLanguage\":\"es\",\"@id\":\"https:\/\/mycanvas.dk\/vare\/tuborg-brygvogn\/#primaryimage\",\"url\":\"https:\/\/mycanvas.dk\/wp-content\/uploads\/2018\/12\/Egetr\u00e6-4.jpg\",\"contentUrl\":\"https:\/\/mycanvas.dk\/wp-content\/uploads\/2018\/12\/Egetr\u00e6-4.jpg\",\"width\":2048,\"height\":1448},{\"@type\":\"BreadcrumbList\",\"@id\":\"https:\/\/mycanvas.dk\/vare\/tuborg-brygvogn\/#breadcrumb\",\"itemListElement\":[{\"@type\":\"ListItem\",\"position\":1,\"name\":\"Hjem\",\"item\":\"https:\/\/mycanvas.dk\/\"},{\"@type\":\"ListItem\",\"position\":2,\"name\":\"Shop\",\"item\":\"https:\/\/mycanvas.dk\/shop\/\"},{\"@type\":\"ListItem\",\"position\":3,\"name\":\"Tuborg Brygvogn\"}]},{\"@type\":\"WebSite\",\"@id\":\"https:\/\/mycanvas.dk\/#website\",\"url\":\"https:\/\/mycanvas.dk\/\",\"name\":\"My Canvas\",\"description\":\"Vi g\u00f8r danmarks historie til kunst\",\"publisher\":{\"@id\":\"https:\/\/mycanvas.dk\/#organization\"},\"potentialAction\":[{\"@type\":\"SearchAction\",\"target\":{\"@type\":\"EntryPoint\",\"urlTemplate\":\"https:\/\/mycanvas.dk\/?s={search_term_string}\"},\"query-input\":{\"@type\":\"PropertyValueSpecification\",\"valueRequired\":true,\"valueName\":\"search_term_string\"}}],\"inLanguage\":\"es\"},{\"@type\":\"Organization\",\"@id\":\"https:\/\/mycanvas.dk\/#organization\",\"name\":\"My Canvas\",\"url\":\"https:\/\/mycanvas.dk\/\",\"logo\":{\"@type\":\"ImageObject\",\"inLanguage\":\"es\",\"@id\":\"https:\/\/mycanvas.dk\/#\/schema\/logo\/image\/\",\"url\":\"https:\/\/mycanvas.dk\/wp-content\/uploads\/2018\/09\/MyCanvas-Logo-Nyeste.png\",\"contentUrl\":\"https:\/\/mycanvas.dk\/wp-content\/uploads\/2018\/09\/MyCanvas-Logo-Nyeste.png\",\"width\":1916,\"height\":736,\"caption\":\"My Canvas\"},\"image\":{\"@id\":\"https:\/\/mycanvas.dk\/#\/schema\/logo\/image\/\"},\"sameAs\":[\"https:\/\/www.facebook.com\/MyCanvasDanmark\",\"https:\/\/www.instagram.com\/mycanvasdk\/\"]}]}<\/script>\n<!-- \/ Yoast SEO plugin. -->","yoast_head_json":{"title":"Tuborg Brygvogn Plakater | Spar 10% p\u00e5 et samles\u00e6t - My Canvas","description":"K\u00f8b Tuborg Brygvogn Plakater. DEN BEDSTE KVALITET Til den bedste pris - Historiske danske plakater - se vores store udvalg her.","robots":{"index":"index","follow":"follow","max-snippet":"max-snippet:-1","max-image-preview":"max-image-preview:large","max-video-preview":"max-video-preview:-1"},"canonical":"https:\/\/mycanvas.dk\/es\/producto\/tuborg-brygvogn\/","og_locale":"es_ES","og_type":"article","og_title":"Tuborg Brygvogn Plakater | Spar 10% p\u00e5 et samles\u00e6t - My Canvas","og_description":"K\u00f8b Tuborg Brygvogn Plakater. DEN BEDSTE KVALITET Til den bedste pris - Historiske danske plakater - se vores store udvalg her.","og_url":"https:\/\/mycanvas.dk\/es\/producto\/tuborg-brygvogn\/","og_site_name":"My Canvas","article_publisher":"https:\/\/www.facebook.com\/MyCanvasDanmark","article_modified_time":"2019-10-29T13:46:34+00:00","og_image":[{"width":2048,"height":1448,"url":"https:\/\/mycanvas.dk\/wp-content\/uploads\/2018\/12\/Egetr\u00e6-4.jpg","type":"image\/jpeg"}],"twitter_card":"summary_large_image","twitter_misc":{"Tiempo de lectura":"6 minutos"},"schema":{"@context":"https:\/\/schema.org","@graph":[{"@type":"WebPage","@id":"https:\/\/mycanvas.dk\/vare\/tuborg-brygvogn\/","url":"https:\/\/mycanvas.dk\/vare\/tuborg-brygvogn\/","name":"Tuborg Brygvogn Plakater | Spar 10% p\u00e5 et samles\u00e6t - My Canvas","isPartOf":{"@id":"https:\/\/mycanvas.dk\/#website"},"primaryImageOfPage":{"@id":"https:\/\/mycanvas.dk\/vare\/tuborg-brygvogn\/#primaryimage"},"image":{"@id":"https:\/\/mycanvas.dk\/vare\/tuborg-brygvogn\/#primaryimage"},"thumbnailUrl":"https:\/\/mycanvas.dk\/wp-content\/uploads\/2018\/12\/Egetr\u00e6-4.jpg","datePublished":"2019-02-02T09:00:32+00:00","dateModified":"2019-10-29T13:46:34+00:00","description":"K\u00f8b Tuborg Brygvogn Plakater. DEN BEDSTE KVALITET Til den bedste pris - Historiske danske plakater - se vores store udvalg her.","breadcrumb":{"@id":"https:\/\/mycanvas.dk\/vare\/tuborg-brygvogn\/#breadcrumb"},"inLanguage":"es","potentialAction":[{"@type":"ReadAction","target":["https:\/\/mycanvas.dk\/vare\/tuborg-brygvogn\/"]}]},{"@type":"ImageObject","inLanguage":"es","@id":"https:\/\/mycanvas.dk\/vare\/tuborg-brygvogn\/#primaryimage","url":"https:\/\/mycanvas.dk\/wp-content\/uploads\/2018\/12\/Egetr\u00e6-4.jpg","contentUrl":"https:\/\/mycanvas.dk\/wp-content\/uploads\/2018\/12\/Egetr\u00e6-4.jpg","width":2048,"height":1448},{"@type":"BreadcrumbList","@id":"https:\/\/mycanvas.dk\/vare\/tuborg-brygvogn\/#breadcrumb","itemListElement":[{"@type":"ListItem","position":1,"name":"Hjem","item":"https:\/\/mycanvas.dk\/"},{"@type":"ListItem","position":2,"name":"Shop","item":"https:\/\/mycanvas.dk\/shop\/"},{"@type":"ListItem","position":3,"name":"Tuborg Brygvogn"}]},{"@type":"WebSite","@id":"https:\/\/mycanvas.dk\/#website","url":"https:\/\/mycanvas.dk\/","name":"My Canvas","description":"Vi g\u00f8r danmarks historie til kunst","publisher":{"@id":"https:\/\/mycanvas.dk\/#organization"},"potentialAction":[{"@type":"SearchAction","target":{"@type":"EntryPoint","urlTemplate":"https:\/\/mycanvas.dk\/?s={search_term_string}"},"query-input":{"@type":"PropertyValueSpecification","valueRequired":true,"valueName":"search_term_string"}}],"inLanguage":"es"},{"@type":"Organization","@id":"https:\/\/mycanvas.dk\/#organization","name":"My Canvas","url":"https:\/\/mycanvas.dk\/","logo":{"@type":"ImageObject","inLanguage":"es","@id":"https:\/\/mycanvas.dk\/#\/schema\/logo\/image\/","url":"https:\/\/mycanvas.dk\/wp-content\/uploads\/2018\/09\/MyCanvas-Logo-Nyeste.png","contentUrl":"https:\/\/mycanvas.dk\/wp-content\/uploads\/2018\/09\/MyCanvas-Logo-Nyeste.png","width":1916,"height":736,"caption":"My Canvas"},"image":{"@id":"https:\/\/mycanvas.dk\/#\/schema\/logo\/image\/"},"sameAs":["https:\/\/www.facebook.com\/MyCanvasDanmark","https:\/\/www.instagram.com\/mycanvasdk\/"]}]}},"_links":{"self":[{"href":"https:\/\/mycanvas.dk\/es\/wp-json\/wp\/v2\/product\/1631","targetHints":{"allow":["GET"]}}],"collection":[{"href":"https:\/\/mycanvas.dk\/es\/wp-json\/wp\/v2\/product"}],"about":[{"href":"https:\/\/mycanvas.dk\/es\/wp-json\/wp\/v2\/types\/product"}],"replies":[{"embeddable":true,"href":"https:\/\/mycanvas.dk\/es\/wp-json\/wp\/v2\/comments?post=1631"}],"wp:featuredmedia":[{"embeddable":true,"href":"https:\/\/mycanvas.dk\/es\/wp-json\/wp\/v2\/media\/1632"}],"wp:attachment":[{"href":"https:\/\/mycanvas.dk\/es\/wp-json\/wp\/v2\/media?parent=1631"}],"wp:term":[{"taxonomy":"product_cat","embeddable":true,"href":"https:\/\/mycanvas.dk\/es\/wp-json\/wp\/v2\/product_cat?post=1631"},{"taxonomy":"product_tag","embeddable":true,"href":"https:\/\/mycanvas.dk\/es\/wp-json\/wp\/v2\/product_tag?post=1631"}],"curies":[{"name":"wp","href":"https:\/\/api.w.org\/{rel}","templated":true}]}}