
{"id":1635,"date":"2019-02-02T10:00:27","date_gmt":"2019-02-02T09:00:27","guid":{"rendered":"http:\/\/mycanvas.dk\/?post_type=product&#038;p=1635"},"modified":"2019-10-29T14:50:14","modified_gmt":"2019-10-29T13:50:14","slug":"trinitatis-kirken","status":"publish","type":"product","link":"https:\/\/mycanvas.dk\/es\/producto\/trinitatis-kirken\/","title":{"rendered":"Iglesia de la Trinidad"},"content":{"rendered":"<p>La iglesia Trinitatis est\u00e1 situada frente a K\u00f8bmagergade y frente a Regensen, justo en el centro de Copenhague. La iglesia es parte de lo que llamamos el complejo de la iglesia de la Trinidad, que, adem\u00e1s de la iglesia, tambi\u00e9n es la antigua biblioteca universitaria y el observatorio que llamamos Rundet\u00e5rn.<\/p>\n<div class=\"accordion\" rel=\"\">\n<div class=\"accordion-item\"><a href=\"#\" class=\"accordion-title plain\"><button class=\"toggle\"><i class=\"icon-angle-down\"><\/i><\/button><span>Leer m\u00e1s<\/span><\/a><div class=\"accordion-inner\">\n<p>Los primeros informes datan del a\u00f1o 1635 de que quer\u00edan construir una iglesia estudiantil en Regensen. Inicialmente, el plan era construirlo dentro de la Plaza de la Universidad, pero se cambi\u00f3 durante 1636 para que estuviera ubicado en la esquina de K\u00f8bmagergade. Esto se debe a que los planes que eran s\u00f3lo para construir una iglesia se convirtieron en la construcci\u00f3n de un complejo con iglesia, biblioteca y observatorio astron\u00f3mico. La idea de esta combinaci\u00f3n especial de funciones proviene del constructor Christian d 4.<\/p>\n<p>La primera piedra se construy\u00f3 el 7 de julio de 1637 y fue la primera parte, la Torre Redonda, que se complet\u00f3 en 1642, al menos si se tiene en cuenta el famoso acertijo de la fachada de la torre. La iglesia fue consagrada el 1 de junio de 1656, que es el Domingo de la Trinidad, y la biblioteca fue consagrada el 7 de julio de 1657, es decir, en el vig\u00e9simo aniversario de la colocaci\u00f3n de la primera piedra. Durante este per\u00edodo, la construcci\u00f3n estuvo a cargo de nada menos que tres constructores: Hans Van Steenwinckel, Leonhard Blasius y Albertus Mathiesen.<\/p>\n<p>Durante la planificaci\u00f3n del edificio, la iglesia se llam\u00f3 &quot;<em>Iglesia estudiantil\u201d<\/em>o &quot;<em>Iglesia de la lluvia&quot;<\/em>. Esta \u00faltima denominaci\u00f3n caus\u00f3 despu\u00e9s mucha confusi\u00f3n, ya que la sala de la iglesia de Regenskirken tambi\u00e9n llevaba el mismo nombre.<\/p>\n<p>Reci\u00e9n al acercarse la inauguraci\u00f3n apareci\u00f3 el nombre\u201d<em>Iglesia de la Sant\u00edsima Trinidad&quot;<\/em>arriba. Se cree que el nombre probablemente se inspira en la triple funci\u00f3n del complejo, pero no hay documentaci\u00f3n al respecto.<\/p>\n<p>El lat\u00edn del nombre, Trinitatis, se menciona en los archivos, pero no se convirti\u00f3 en el nombre preferido hasta el siglo XVIII. Sin embargo, esto s\u00f3lo se aplica a las menciones oficiales, en la vida cotidiana se hace referencia a la iglesia principalmente como <em>Iglesia redonda<\/em>. Esto no s\u00f3lo se debe a la conexi\u00f3n de la iglesia con Rundet\u00e5rn, sino tambi\u00e9n al hecho de que en 1683 la iglesia le fue asignada&quot;.<em>parroquia redonda<\/em>\u201d que en realidad pertenec\u00eda a la Rotonda de Santa Ana, que nunca se complet\u00f3, hasta entonces la congregaci\u00f3n de la iglesia solo inclu\u00eda la universidad.<\/p>\n<\/div><\/div>\n<\/div>\n<h2>Lugar<\/h2>\n<div class=\"map-data\"><\/div>\n<table>\n<tbody>\n<tr>\n<th>Pa\u00eds:<\/th>\n<td>Dinamarca<\/td>\n<\/tr>\n<tr>\n<th>Coordenadas:<\/th>\n<td>55.68147, 12.57613<\/td>\n<\/tr>\n<tr>\n<th>Direcci\u00f3n de la br\u00fajula:<\/th>\n<td>Este Noreste (58\u00b0)<\/td>\n<\/tr>\n<\/tbody>\n<\/table>","protected":false},"excerpt":{"rendered":"<p>Iglesia Trinitatis vista desde el interior en 1894<\/p>","protected":false},"featured_media":1980,"comment_status":"open","ping_status":"closed","template":"","meta":{"_mi_skip_tracking":false},"product_cat":[73,79],"product_tag":[],"class_list":{"0":"post-1635","1":"product","2":"type-product","3":"status-publish","4":"has-post-thumbnail","6":"product_cat-plakater","7":"product_cat-koebenhavn","8":"pa_storrelse-a4-21x30cm","9":"pa_storrelse-a3-30x42cm","10":"pa_storrelse-b2-50x70cm","11":"pa_storrelse-b1-70x100cm","13":"first","14":"instock","15":"taxable","16":"shipping-taxable","17":"purchasable","18":"product-type-variable"},"yoast_head":"<!-- This site is optimized with the Yoast SEO plugin v24.2 - https:\/\/yoast.com\/wordpress\/plugins\/seo\/ -->\n<title>Trinitatis Kirken Plakater | Spar 10% p\u00e5 et samles\u00e6t - My Canvas<\/title>\n<meta name=\"description\" content=\"K\u00f8b Trinitatis Kirken Plakater. DEN BEDSTE KVALITET Til den bedste pris - Historiske danske plakater - se vores store udvalg her.\" \/>\n<meta name=\"robots\" content=\"index, follow, max-snippet:-1, max-image-preview:large, max-video-preview:-1\" \/>\n<link rel=\"canonical\" href=\"https:\/\/mycanvas.dk\/es\/producto\/trinitatis-kirken\/\" \/>\n<meta property=\"og:locale\" content=\"es_ES\" \/>\n<meta property=\"og:type\" content=\"article\" \/>\n<meta property=\"og:title\" content=\"Trinitatis Kirken Plakater | Spar 10% p\u00e5 et samles\u00e6t - My Canvas\" \/>\n<meta property=\"og:description\" content=\"K\u00f8b Trinitatis Kirken Plakater. DEN BEDSTE KVALITET Til den bedste pris - Historiske danske plakater - se vores store udvalg her.\" \/>\n<meta property=\"og:url\" content=\"https:\/\/mycanvas.dk\/es\/producto\/trinitatis-kirken\/\" \/>\n<meta property=\"og:site_name\" content=\"My Canvas\" \/>\n<meta property=\"article:publisher\" content=\"https:\/\/www.facebook.com\/MyCanvasDanmark\" \/>\n<meta property=\"article:modified_time\" content=\"2019-10-29T13:50:14+00:00\" \/>\n<meta property=\"og:image\" content=\"https:\/\/mycanvas.dk\/wp-content\/uploads\/2019\/03\/Egetr\u00e6.jpg\" \/>\n\t<meta property=\"og:image:width\" content=\"1448\" \/>\n\t<meta property=\"og:image:height\" content=\"2048\" \/>\n\t<meta property=\"og:image:type\" content=\"image\/jpeg\" \/>\n<meta name=\"twitter:card\" content=\"summary_large_image\" \/>\n<meta name=\"twitter:label1\" content=\"Tiempo de lectura\" \/>\n\t<meta name=\"twitter:data1\" content=\"2 minutos\" \/>\n<script type=\"application\/ld+json\" class=\"yoast-schema-graph\">{\"@context\":\"https:\/\/schema.org\",\"@graph\":[{\"@type\":\"WebPage\",\"@id\":\"https:\/\/mycanvas.dk\/vare\/trinitatis-kirken\/\",\"url\":\"https:\/\/mycanvas.dk\/vare\/trinitatis-kirken\/\",\"name\":\"Trinitatis Kirken Plakater | Spar 10% p\u00e5 et samles\u00e6t - My Canvas\",\"isPartOf\":{\"@id\":\"https:\/\/mycanvas.dk\/#website\"},\"primaryImageOfPage\":{\"@id\":\"https:\/\/mycanvas.dk\/vare\/trinitatis-kirken\/#primaryimage\"},\"image\":{\"@id\":\"https:\/\/mycanvas.dk\/vare\/trinitatis-kirken\/#primaryimage\"},\"thumbnailUrl\":\"https:\/\/mycanvas.dk\/wp-content\/uploads\/2019\/03\/Egetr\u00e6.jpg\",\"datePublished\":\"2019-02-02T09:00:27+00:00\",\"dateModified\":\"2019-10-29T13:50:14+00:00\",\"description\":\"K\u00f8b Trinitatis Kirken Plakater. DEN BEDSTE KVALITET Til den bedste pris - Historiske danske plakater - se vores store udvalg her.\",\"breadcrumb\":{\"@id\":\"https:\/\/mycanvas.dk\/vare\/trinitatis-kirken\/#breadcrumb\"},\"inLanguage\":\"es\",\"potentialAction\":[{\"@type\":\"ReadAction\",\"target\":[\"https:\/\/mycanvas.dk\/vare\/trinitatis-kirken\/\"]}]},{\"@type\":\"ImageObject\",\"inLanguage\":\"es\",\"@id\":\"https:\/\/mycanvas.dk\/vare\/trinitatis-kirken\/#primaryimage\",\"url\":\"https:\/\/mycanvas.dk\/wp-content\/uploads\/2019\/03\/Egetr\u00e6.jpg\",\"contentUrl\":\"https:\/\/mycanvas.dk\/wp-content\/uploads\/2019\/03\/Egetr\u00e6.jpg\",\"width\":1448,\"height\":2048},{\"@type\":\"BreadcrumbList\",\"@id\":\"https:\/\/mycanvas.dk\/vare\/trinitatis-kirken\/#breadcrumb\",\"itemListElement\":[{\"@type\":\"ListItem\",\"position\":1,\"name\":\"Hjem\",\"item\":\"https:\/\/mycanvas.dk\/\"},{\"@type\":\"ListItem\",\"position\":2,\"name\":\"Shop\",\"item\":\"https:\/\/mycanvas.dk\/shop\/\"},{\"@type\":\"ListItem\",\"position\":3,\"name\":\"Trinitatis Kirken\"}]},{\"@type\":\"WebSite\",\"@id\":\"https:\/\/mycanvas.dk\/#website\",\"url\":\"https:\/\/mycanvas.dk\/\",\"name\":\"My Canvas\",\"description\":\"Vi g\u00f8r danmarks historie til kunst\",\"publisher\":{\"@id\":\"https:\/\/mycanvas.dk\/#organization\"},\"potentialAction\":[{\"@type\":\"SearchAction\",\"target\":{\"@type\":\"EntryPoint\",\"urlTemplate\":\"https:\/\/mycanvas.dk\/?s={search_term_string}\"},\"query-input\":{\"@type\":\"PropertyValueSpecification\",\"valueRequired\":true,\"valueName\":\"search_term_string\"}}],\"inLanguage\":\"es\"},{\"@type\":\"Organization\",\"@id\":\"https:\/\/mycanvas.dk\/#organization\",\"name\":\"My Canvas\",\"url\":\"https:\/\/mycanvas.dk\/\",\"logo\":{\"@type\":\"ImageObject\",\"inLanguage\":\"es\",\"@id\":\"https:\/\/mycanvas.dk\/#\/schema\/logo\/image\/\",\"url\":\"https:\/\/mycanvas.dk\/wp-content\/uploads\/2018\/09\/MyCanvas-Logo-Nyeste.png\",\"contentUrl\":\"https:\/\/mycanvas.dk\/wp-content\/uploads\/2018\/09\/MyCanvas-Logo-Nyeste.png\",\"width\":1916,\"height\":736,\"caption\":\"My Canvas\"},\"image\":{\"@id\":\"https:\/\/mycanvas.dk\/#\/schema\/logo\/image\/\"},\"sameAs\":[\"https:\/\/www.facebook.com\/MyCanvasDanmark\",\"https:\/\/www.instagram.com\/mycanvasdk\/\"]}]}<\/script>\n<!-- \/ Yoast SEO plugin. -->","yoast_head_json":{"title":"Trinitatis Kirken Plakater | Spar 10% p\u00e5 et samles\u00e6t - My Canvas","description":"K\u00f8b Trinitatis Kirken Plakater. DEN BEDSTE KVALITET Til den bedste pris - Historiske danske plakater - se vores store udvalg her.","robots":{"index":"index","follow":"follow","max-snippet":"max-snippet:-1","max-image-preview":"max-image-preview:large","max-video-preview":"max-video-preview:-1"},"canonical":"https:\/\/mycanvas.dk\/es\/producto\/trinitatis-kirken\/","og_locale":"es_ES","og_type":"article","og_title":"Trinitatis Kirken Plakater | Spar 10% p\u00e5 et samles\u00e6t - My Canvas","og_description":"K\u00f8b Trinitatis Kirken Plakater. DEN BEDSTE KVALITET Til den bedste pris - Historiske danske plakater - se vores store udvalg her.","og_url":"https:\/\/mycanvas.dk\/es\/producto\/trinitatis-kirken\/","og_site_name":"My Canvas","article_publisher":"https:\/\/www.facebook.com\/MyCanvasDanmark","article_modified_time":"2019-10-29T13:50:14+00:00","og_image":[{"width":1448,"height":2048,"url":"https:\/\/mycanvas.dk\/wp-content\/uploads\/2019\/03\/Egetr\u00e6.jpg","type":"image\/jpeg"}],"twitter_card":"summary_large_image","twitter_misc":{"Tiempo de lectura":"2 minutos"},"schema":{"@context":"https:\/\/schema.org","@graph":[{"@type":"WebPage","@id":"https:\/\/mycanvas.dk\/vare\/trinitatis-kirken\/","url":"https:\/\/mycanvas.dk\/vare\/trinitatis-kirken\/","name":"Trinitatis Kirken Plakater | Spar 10% p\u00e5 et samles\u00e6t - My Canvas","isPartOf":{"@id":"https:\/\/mycanvas.dk\/#website"},"primaryImageOfPage":{"@id":"https:\/\/mycanvas.dk\/vare\/trinitatis-kirken\/#primaryimage"},"image":{"@id":"https:\/\/mycanvas.dk\/vare\/trinitatis-kirken\/#primaryimage"},"thumbnailUrl":"https:\/\/mycanvas.dk\/wp-content\/uploads\/2019\/03\/Egetr\u00e6.jpg","datePublished":"2019-02-02T09:00:27+00:00","dateModified":"2019-10-29T13:50:14+00:00","description":"K\u00f8b Trinitatis Kirken Plakater. DEN BEDSTE KVALITET Til den bedste pris - Historiske danske plakater - se vores store udvalg her.","breadcrumb":{"@id":"https:\/\/mycanvas.dk\/vare\/trinitatis-kirken\/#breadcrumb"},"inLanguage":"es","potentialAction":[{"@type":"ReadAction","target":["https:\/\/mycanvas.dk\/vare\/trinitatis-kirken\/"]}]},{"@type":"ImageObject","inLanguage":"es","@id":"https:\/\/mycanvas.dk\/vare\/trinitatis-kirken\/#primaryimage","url":"https:\/\/mycanvas.dk\/wp-content\/uploads\/2019\/03\/Egetr\u00e6.jpg","contentUrl":"https:\/\/mycanvas.dk\/wp-content\/uploads\/2019\/03\/Egetr\u00e6.jpg","width":1448,"height":2048},{"@type":"BreadcrumbList","@id":"https:\/\/mycanvas.dk\/vare\/trinitatis-kirken\/#breadcrumb","itemListElement":[{"@type":"ListItem","position":1,"name":"Hjem","item":"https:\/\/mycanvas.dk\/"},{"@type":"ListItem","position":2,"name":"Shop","item":"https:\/\/mycanvas.dk\/shop\/"},{"@type":"ListItem","position":3,"name":"Trinitatis Kirken"}]},{"@type":"WebSite","@id":"https:\/\/mycanvas.dk\/#website","url":"https:\/\/mycanvas.dk\/","name":"My Canvas","description":"Vi g\u00f8r danmarks historie til kunst","publisher":{"@id":"https:\/\/mycanvas.dk\/#organization"},"potentialAction":[{"@type":"SearchAction","target":{"@type":"EntryPoint","urlTemplate":"https:\/\/mycanvas.dk\/?s={search_term_string}"},"query-input":{"@type":"PropertyValueSpecification","valueRequired":true,"valueName":"search_term_string"}}],"inLanguage":"es"},{"@type":"Organization","@id":"https:\/\/mycanvas.dk\/#organization","name":"My Canvas","url":"https:\/\/mycanvas.dk\/","logo":{"@type":"ImageObject","inLanguage":"es","@id":"https:\/\/mycanvas.dk\/#\/schema\/logo\/image\/","url":"https:\/\/mycanvas.dk\/wp-content\/uploads\/2018\/09\/MyCanvas-Logo-Nyeste.png","contentUrl":"https:\/\/mycanvas.dk\/wp-content\/uploads\/2018\/09\/MyCanvas-Logo-Nyeste.png","width":1916,"height":736,"caption":"My Canvas"},"image":{"@id":"https:\/\/mycanvas.dk\/#\/schema\/logo\/image\/"},"sameAs":["https:\/\/www.facebook.com\/MyCanvasDanmark","https:\/\/www.instagram.com\/mycanvasdk\/"]}]}},"_links":{"self":[{"href":"https:\/\/mycanvas.dk\/es\/wp-json\/wp\/v2\/product\/1635","targetHints":{"allow":["GET"]}}],"collection":[{"href":"https:\/\/mycanvas.dk\/es\/wp-json\/wp\/v2\/product"}],"about":[{"href":"https:\/\/mycanvas.dk\/es\/wp-json\/wp\/v2\/types\/product"}],"replies":[{"embeddable":true,"href":"https:\/\/mycanvas.dk\/es\/wp-json\/wp\/v2\/comments?post=1635"}],"wp:featuredmedia":[{"embeddable":true,"href":"https:\/\/mycanvas.dk\/es\/wp-json\/wp\/v2\/media\/1980"}],"wp:attachment":[{"href":"https:\/\/mycanvas.dk\/es\/wp-json\/wp\/v2\/media?parent=1635"}],"wp:term":[{"taxonomy":"product_cat","embeddable":true,"href":"https:\/\/mycanvas.dk\/es\/wp-json\/wp\/v2\/product_cat?post=1635"},{"taxonomy":"product_tag","embeddable":true,"href":"https:\/\/mycanvas.dk\/es\/wp-json\/wp\/v2\/product_tag?post=1635"}],"curies":[{"name":"wp","href":"https:\/\/api.w.org\/{rel}","templated":true}]}}