
{"id":1643,"date":"2019-02-02T10:00:31","date_gmt":"2019-02-02T09:00:31","guid":{"rendered":"http:\/\/mycanvas.dk\/?post_type=product&#038;p=1643"},"modified":"2019-10-29T14:48:40","modified_gmt":"2019-10-29T13:48:40","slug":"slagterboderne","status":"publish","type":"product","link":"https:\/\/mycanvas.dk\/es\/producto\/slagterboderne\/","title":{"rendered":"Los puestos de las carnicer\u00edas"},"content":{"rendered":"<p>Los puestos de carnicer\u00eda, que son muchos puestos diferentes que se encuentran uno al lado del otro en K\u00f8bmagergade, eran un lugar en el siglo XX donde la gente iba a comprar carne, ya que la mayor parte de la venta y distribuci\u00f3n de carne en Copenhague se realizaba desde aqu\u00ed.<\/p>\n<div class=\"accordion\" rel=\"\">\n<div class=\"accordion-item\"><a href=\"#\" class=\"accordion-title plain\"><button class=\"toggle\"><i class=\"icon-angle-down\"><\/i><\/button><span>Leer m\u00e1s<\/span><\/a><div class=\"accordion-inner\">\n<p>Sin embargo, ahora los puestos de carnicer\u00eda han sido demolidos para dejar espacio para apartamentos, lo que tambi\u00e9n caus\u00f3 gran furor, ya que la gente consideraba los puestos de carnicer\u00eda como parte de la historia danesa.<\/p>\n<p>La historia de K\u00f8bmagergade se remonta a la \u00e9poca de los vikingos, cuando formaba parte de la carretera de Roskilde y el punto de cruce hacia Amager y Sk\u00e5ne en el actual H\u00f8jbro. En el catastro de 1380, K\u00f8bmagergade se encuentra junto al nombre Bj\u00f8rnebrogade, que puede referirse a un arroyo &quot;oso&quot; (que significaba presa sobre el foso), que bajo el nombre de Rosen\u00e5 acababa de pasar por K\u00f8bmagergade.<\/p>\n<p>En el siglo XV, la mayor\u00eda de los carniceros de Copenhague se trasladaron a la calle y vendieron carne en puestos abiertos. En aquel entonces a los carniceros se les llamaba &quot;kj\u00f8dmangere&quot;, por lo que la calle se llamaba Kj\u00f8dmangergade. El nombre se ha escrito de diferentes formas a lo largo del tiempo.<\/p>\n<p>En 1451, Cristi\u00e1n I prohibi\u00f3 a otros utilizar el cargo de carnicero, <em>que los que viv\u00edan en los &quot;puestos de carnicer\u00eda&quot;, <\/em>as\u00ed como se estableci\u00f3 en la Edad Media que &quot;<em>Quien quiera ser carnicero debe vivir en K\u00f8dmangergaden, en la granja donde se encuentran los carniceros. <\/em>ha vivido desde el principio.<\/p>\n<p>Por razones de higiene, Federico II desterr\u00f3 a los carniceros al lado este del Rosen\u00e5 en 1583. El Rosen\u00e5 discurr\u00eda desde Sankt J\u00f8rgens s\u00f8, a trav\u00e9s de la actual K\u00f8bmagergade, en su camino hacia la playa de Kalvebod. Los carniceros vaciaron toda la sangre y los despojos al arroyo.<\/p>\n<p>Con el tiempo, las numerosas matanzas dentro de la ciudad se convirtieron en un importante problema de salud. En 1577 se prohibieron todas las matanzas dentro de las murallas y los carniceros se trasladaron a Vesterbro. Los habitantes de Copenhague poco a poco se olvidaron de los antiguos puestos de carnicer\u00eda y la &quot;Kj\u00f8dmangergade&quot; se convirti\u00f3 poco a poco en la &quot;K\u00f8bmagergade&quot;. La primera vez que se encuentra el nombre &quot;K\u00f8bmagergade&quot; es alrededor de 1660, pero el nombre no se volvi\u00f3 com\u00fan hasta el siglo XIX.<\/p>\n<p>K\u00f8bmagergade, junto con Store Kannikestr\u00e6de y Roseng\u00e5den, se utiliz\u00f3 por primera vez como calle peatonal el 23 de mayo de 1973.<\/p>\n<\/div><\/div>\n<\/div>\n<p>&nbsp;<\/p>\n<p>Lugar<\/p>\n<table width=\"255\">\n<tbody>\n<tr>\n<td width=\"90\">Nombre de la calle:<\/td>\n<td width=\"0\">Plaza Nicol\u00e1s<\/td>\n<\/tr>\n<tr>\n<td width=\"90\">N\u00famero de casa:<\/td>\n<td width=\"0\">10<\/td>\n<\/tr>\n<tr>\n<td width=\"90\">Ciudad:<\/td>\n<td width=\"0\">Copenhague<\/td>\n<\/tr>\n<tr>\n<td width=\"90\">Distrito:<\/td>\n<td width=\"0\">Centro de la ciudad<\/td>\n<\/tr>\n<tr>\n<td width=\"90\">Pa\u00eds:<\/td>\n<td width=\"0\">Dinamarca<\/td>\n<\/tr>\n<tr>\n<td width=\"90\">Coordenadas:<\/td>\n<td width=\"0\">55.67865, 12.58158<\/td>\n<\/tr>\n<\/tbody>\n<\/table>\n<p>&nbsp;<\/p>","protected":false},"excerpt":{"rendered":"<p>Los puestos de carnicer\u00eda vistos en el a\u00f1o 1908.<\/p>","protected":false},"featured_media":1644,"comment_status":"open","ping_status":"closed","template":"","meta":{"_mi_skip_tracking":false},"product_cat":[73,79],"product_tag":[],"class_list":{"0":"post-1643","1":"product","2":"type-product","3":"status-publish","4":"has-post-thumbnail","6":"product_cat-plakater","7":"product_cat-koebenhavn","8":"pa_storrelse-a4-21x30cm","9":"pa_storrelse-a3-30x42cm","10":"pa_storrelse-b2-50x70cm","11":"pa_storrelse-b1-70x100cm","13":"first","14":"instock","15":"taxable","16":"shipping-taxable","17":"purchasable","18":"product-type-variable"},"yoast_head":"<!-- This site is optimized with the Yoast SEO plugin v24.2 - https:\/\/yoast.com\/wordpress\/plugins\/seo\/ -->\n<title>Slagterboderne Plakater | Spar 10% p\u00e5 et samles\u00e6t - My Canvas<\/title>\n<meta name=\"description\" content=\"K\u00f8b Slagterboderne Plakater. DEN BEDSTE KVALITET Til den bedste pris - Historiske danske plakater - se vores store udvalg her.\" \/>\n<meta name=\"robots\" content=\"index, follow, max-snippet:-1, max-image-preview:large, max-video-preview:-1\" \/>\n<link rel=\"canonical\" href=\"https:\/\/mycanvas.dk\/es\/producto\/slagterboderne\/\" \/>\n<meta property=\"og:locale\" content=\"es_ES\" \/>\n<meta property=\"og:type\" content=\"article\" \/>\n<meta property=\"og:title\" content=\"Slagterboderne Plakater | Spar 10% p\u00e5 et samles\u00e6t - My Canvas\" \/>\n<meta property=\"og:description\" content=\"K\u00f8b Slagterboderne Plakater. DEN BEDSTE KVALITET Til den bedste pris - Historiske danske plakater - se vores store udvalg her.\" \/>\n<meta property=\"og:url\" content=\"https:\/\/mycanvas.dk\/es\/producto\/slagterboderne\/\" \/>\n<meta property=\"og:site_name\" content=\"My Canvas\" \/>\n<meta property=\"article:publisher\" content=\"https:\/\/www.facebook.com\/MyCanvasDanmark\" \/>\n<meta property=\"article:modified_time\" content=\"2019-10-29T13:48:40+00:00\" \/>\n<meta property=\"og:image\" content=\"https:\/\/mycanvas.dk\/wp-content\/uploads\/2018\/12\/Untitled_Artwork-19.jpg\" \/>\n\t<meta property=\"og:image:width\" content=\"2048\" \/>\n\t<meta property=\"og:image:height\" content=\"1448\" \/>\n\t<meta property=\"og:image:type\" content=\"image\/jpeg\" \/>\n<meta name=\"twitter:card\" content=\"summary_large_image\" \/>\n<meta name=\"twitter:label1\" content=\"Tiempo de lectura\" \/>\n\t<meta name=\"twitter:data1\" content=\"2 minutos\" \/>\n<script type=\"application\/ld+json\" class=\"yoast-schema-graph\">{\"@context\":\"https:\/\/schema.org\",\"@graph\":[{\"@type\":\"WebPage\",\"@id\":\"https:\/\/mycanvas.dk\/vare\/slagterboderne\/\",\"url\":\"https:\/\/mycanvas.dk\/vare\/slagterboderne\/\",\"name\":\"Slagterboderne Plakater | Spar 10% p\u00e5 et samles\u00e6t - My Canvas\",\"isPartOf\":{\"@id\":\"https:\/\/mycanvas.dk\/#website\"},\"primaryImageOfPage\":{\"@id\":\"https:\/\/mycanvas.dk\/vare\/slagterboderne\/#primaryimage\"},\"image\":{\"@id\":\"https:\/\/mycanvas.dk\/vare\/slagterboderne\/#primaryimage\"},\"thumbnailUrl\":\"https:\/\/mycanvas.dk\/wp-content\/uploads\/2018\/12\/Untitled_Artwork-19.jpg\",\"datePublished\":\"2019-02-02T09:00:31+00:00\",\"dateModified\":\"2019-10-29T13:48:40+00:00\",\"description\":\"K\u00f8b Slagterboderne Plakater. DEN BEDSTE KVALITET Til den bedste pris - Historiske danske plakater - se vores store udvalg her.\",\"breadcrumb\":{\"@id\":\"https:\/\/mycanvas.dk\/vare\/slagterboderne\/#breadcrumb\"},\"inLanguage\":\"es\",\"potentialAction\":[{\"@type\":\"ReadAction\",\"target\":[\"https:\/\/mycanvas.dk\/vare\/slagterboderne\/\"]}]},{\"@type\":\"ImageObject\",\"inLanguage\":\"es\",\"@id\":\"https:\/\/mycanvas.dk\/vare\/slagterboderne\/#primaryimage\",\"url\":\"https:\/\/mycanvas.dk\/wp-content\/uploads\/2018\/12\/Untitled_Artwork-19.jpg\",\"contentUrl\":\"https:\/\/mycanvas.dk\/wp-content\/uploads\/2018\/12\/Untitled_Artwork-19.jpg\",\"width\":2048,\"height\":1448},{\"@type\":\"BreadcrumbList\",\"@id\":\"https:\/\/mycanvas.dk\/vare\/slagterboderne\/#breadcrumb\",\"itemListElement\":[{\"@type\":\"ListItem\",\"position\":1,\"name\":\"Hjem\",\"item\":\"https:\/\/mycanvas.dk\/\"},{\"@type\":\"ListItem\",\"position\":2,\"name\":\"Shop\",\"item\":\"https:\/\/mycanvas.dk\/shop\/\"},{\"@type\":\"ListItem\",\"position\":3,\"name\":\"Slagterboderne\"}]},{\"@type\":\"WebSite\",\"@id\":\"https:\/\/mycanvas.dk\/#website\",\"url\":\"https:\/\/mycanvas.dk\/\",\"name\":\"My Canvas\",\"description\":\"Vi g\u00f8r danmarks historie til kunst\",\"publisher\":{\"@id\":\"https:\/\/mycanvas.dk\/#organization\"},\"potentialAction\":[{\"@type\":\"SearchAction\",\"target\":{\"@type\":\"EntryPoint\",\"urlTemplate\":\"https:\/\/mycanvas.dk\/?s={search_term_string}\"},\"query-input\":{\"@type\":\"PropertyValueSpecification\",\"valueRequired\":true,\"valueName\":\"search_term_string\"}}],\"inLanguage\":\"es\"},{\"@type\":\"Organization\",\"@id\":\"https:\/\/mycanvas.dk\/#organization\",\"name\":\"My Canvas\",\"url\":\"https:\/\/mycanvas.dk\/\",\"logo\":{\"@type\":\"ImageObject\",\"inLanguage\":\"es\",\"@id\":\"https:\/\/mycanvas.dk\/#\/schema\/logo\/image\/\",\"url\":\"https:\/\/mycanvas.dk\/wp-content\/uploads\/2018\/09\/MyCanvas-Logo-Nyeste.png\",\"contentUrl\":\"https:\/\/mycanvas.dk\/wp-content\/uploads\/2018\/09\/MyCanvas-Logo-Nyeste.png\",\"width\":1916,\"height\":736,\"caption\":\"My Canvas\"},\"image\":{\"@id\":\"https:\/\/mycanvas.dk\/#\/schema\/logo\/image\/\"},\"sameAs\":[\"https:\/\/www.facebook.com\/MyCanvasDanmark\",\"https:\/\/www.instagram.com\/mycanvasdk\/\"]}]}<\/script>\n<!-- \/ Yoast SEO plugin. -->","yoast_head_json":{"title":"Slagterboderne Plakater | Spar 10% p\u00e5 et samles\u00e6t - My Canvas","description":"K\u00f8b Slagterboderne Plakater. DEN BEDSTE KVALITET Til den bedste pris - Historiske danske plakater - se vores store udvalg her.","robots":{"index":"index","follow":"follow","max-snippet":"max-snippet:-1","max-image-preview":"max-image-preview:large","max-video-preview":"max-video-preview:-1"},"canonical":"https:\/\/mycanvas.dk\/es\/producto\/slagterboderne\/","og_locale":"es_ES","og_type":"article","og_title":"Slagterboderne Plakater | Spar 10% p\u00e5 et samles\u00e6t - My Canvas","og_description":"K\u00f8b Slagterboderne Plakater. DEN BEDSTE KVALITET Til den bedste pris - Historiske danske plakater - se vores store udvalg her.","og_url":"https:\/\/mycanvas.dk\/es\/producto\/slagterboderne\/","og_site_name":"My Canvas","article_publisher":"https:\/\/www.facebook.com\/MyCanvasDanmark","article_modified_time":"2019-10-29T13:48:40+00:00","og_image":[{"width":2048,"height":1448,"url":"https:\/\/mycanvas.dk\/wp-content\/uploads\/2018\/12\/Untitled_Artwork-19.jpg","type":"image\/jpeg"}],"twitter_card":"summary_large_image","twitter_misc":{"Tiempo de lectura":"2 minutos"},"schema":{"@context":"https:\/\/schema.org","@graph":[{"@type":"WebPage","@id":"https:\/\/mycanvas.dk\/vare\/slagterboderne\/","url":"https:\/\/mycanvas.dk\/vare\/slagterboderne\/","name":"Slagterboderne Plakater | Spar 10% p\u00e5 et samles\u00e6t - My Canvas","isPartOf":{"@id":"https:\/\/mycanvas.dk\/#website"},"primaryImageOfPage":{"@id":"https:\/\/mycanvas.dk\/vare\/slagterboderne\/#primaryimage"},"image":{"@id":"https:\/\/mycanvas.dk\/vare\/slagterboderne\/#primaryimage"},"thumbnailUrl":"https:\/\/mycanvas.dk\/wp-content\/uploads\/2018\/12\/Untitled_Artwork-19.jpg","datePublished":"2019-02-02T09:00:31+00:00","dateModified":"2019-10-29T13:48:40+00:00","description":"K\u00f8b Slagterboderne Plakater. DEN BEDSTE KVALITET Til den bedste pris - Historiske danske plakater - se vores store udvalg her.","breadcrumb":{"@id":"https:\/\/mycanvas.dk\/vare\/slagterboderne\/#breadcrumb"},"inLanguage":"es","potentialAction":[{"@type":"ReadAction","target":["https:\/\/mycanvas.dk\/vare\/slagterboderne\/"]}]},{"@type":"ImageObject","inLanguage":"es","@id":"https:\/\/mycanvas.dk\/vare\/slagterboderne\/#primaryimage","url":"https:\/\/mycanvas.dk\/wp-content\/uploads\/2018\/12\/Untitled_Artwork-19.jpg","contentUrl":"https:\/\/mycanvas.dk\/wp-content\/uploads\/2018\/12\/Untitled_Artwork-19.jpg","width":2048,"height":1448},{"@type":"BreadcrumbList","@id":"https:\/\/mycanvas.dk\/vare\/slagterboderne\/#breadcrumb","itemListElement":[{"@type":"ListItem","position":1,"name":"Hjem","item":"https:\/\/mycanvas.dk\/"},{"@type":"ListItem","position":2,"name":"Shop","item":"https:\/\/mycanvas.dk\/shop\/"},{"@type":"ListItem","position":3,"name":"Slagterboderne"}]},{"@type":"WebSite","@id":"https:\/\/mycanvas.dk\/#website","url":"https:\/\/mycanvas.dk\/","name":"My Canvas","description":"Vi g\u00f8r danmarks historie til kunst","publisher":{"@id":"https:\/\/mycanvas.dk\/#organization"},"potentialAction":[{"@type":"SearchAction","target":{"@type":"EntryPoint","urlTemplate":"https:\/\/mycanvas.dk\/?s={search_term_string}"},"query-input":{"@type":"PropertyValueSpecification","valueRequired":true,"valueName":"search_term_string"}}],"inLanguage":"es"},{"@type":"Organization","@id":"https:\/\/mycanvas.dk\/#organization","name":"My Canvas","url":"https:\/\/mycanvas.dk\/","logo":{"@type":"ImageObject","inLanguage":"es","@id":"https:\/\/mycanvas.dk\/#\/schema\/logo\/image\/","url":"https:\/\/mycanvas.dk\/wp-content\/uploads\/2018\/09\/MyCanvas-Logo-Nyeste.png","contentUrl":"https:\/\/mycanvas.dk\/wp-content\/uploads\/2018\/09\/MyCanvas-Logo-Nyeste.png","width":1916,"height":736,"caption":"My Canvas"},"image":{"@id":"https:\/\/mycanvas.dk\/#\/schema\/logo\/image\/"},"sameAs":["https:\/\/www.facebook.com\/MyCanvasDanmark","https:\/\/www.instagram.com\/mycanvasdk\/"]}]}},"_links":{"self":[{"href":"https:\/\/mycanvas.dk\/es\/wp-json\/wp\/v2\/product\/1643","targetHints":{"allow":["GET"]}}],"collection":[{"href":"https:\/\/mycanvas.dk\/es\/wp-json\/wp\/v2\/product"}],"about":[{"href":"https:\/\/mycanvas.dk\/es\/wp-json\/wp\/v2\/types\/product"}],"replies":[{"embeddable":true,"href":"https:\/\/mycanvas.dk\/es\/wp-json\/wp\/v2\/comments?post=1643"}],"wp:featuredmedia":[{"embeddable":true,"href":"https:\/\/mycanvas.dk\/es\/wp-json\/wp\/v2\/media\/1644"}],"wp:attachment":[{"href":"https:\/\/mycanvas.dk\/es\/wp-json\/wp\/v2\/media?parent=1643"}],"wp:term":[{"taxonomy":"product_cat","embeddable":true,"href":"https:\/\/mycanvas.dk\/es\/wp-json\/wp\/v2\/product_cat?post=1643"},{"taxonomy":"product_tag","embeddable":true,"href":"https:\/\/mycanvas.dk\/es\/wp-json\/wp\/v2\/product_tag?post=1643"}],"curies":[{"name":"wp","href":"https:\/\/api.w.org\/{rel}","templated":true}]}}