
{"id":1652,"date":"2019-02-02T10:00:57","date_gmt":"2019-02-02T09:00:57","guid":{"rendered":"http:\/\/mycanvas.dk\/?post_type=product&#038;p=1652"},"modified":"2019-10-29T14:44:55","modified_gmt":"2019-10-29T13:44:55","slug":"koebenhavns-lufthavn","status":"publish","type":"product","link":"https:\/\/mycanvas.dk\/es\/producto\/koebenhavns-lufthavn\/","title":{"rendered":"Aeropuerto de Copenhague"},"content":{"rendered":"<p>El aeropuerto de Copenhague, situado en Kastrup, es el aeropuerto m\u00e1s grande de Dinamarca.      Gracias a sus numerosas rutas internacionales, adem\u00e1s de Copenhague, Zelanda y la regi\u00f3n de \u00d8resund, tambi\u00e9n presta servicio a gran parte del sur de Suecia.<\/p>\n<p>El aeropuerto fue fundado en 1925 como aeropuerto de Kastrup y, por lo tanto, se encuentra entre los aeropuertos internacionales m\u00e1s antiguos de Europa. Est\u00e1 ubicado en el municipio de T\u00e5rnby en Amager (adem\u00e1s de una parte m\u00e1s peque\u00f1a que se encuentra oficialmente en el municipio de Drag\u00f8r), ocho kil\u00f3metros al sureste del centro de Copenhague. El nombre oficial del aeropuerto sigue siendo &quot;<em>Aeropuerto de Copenhague Kastrup&quot;<\/em>, lo que lo distingue del aeropuerto de Roskilde, cuyo verdadero nombre oficial es tambi\u00e9n aeropuerto de Copenhague\u201d,<em>Aeropuerto de Copenhague Roskilde\u201d<\/em>.<\/p>\n<div class=\"accordion-item\"><a href=\"#\" class=\"accordion-title plain\"><button class=\"toggle\"><i class=\"icon-angle-down\"><\/i><\/button><span>Leer m\u00e1s<\/span><\/a><div class=\"accordion-inner\">\n<p>La superficie del aeropuerto es de aproximadamente 11,8 km\u00b2 en total.<\/p>\n<p>En 2013, el aeropuerto estableci\u00f3 su r\u00e9cord con 24,1 millones de pasajeros, de los cuales 22,2 millones eran pasajeros extranjeros. En 2015, el aeropuerto volvi\u00f3 a batir un r\u00e9cord, con 26.610.332 pasajeros, un aumento de hasta 3,8 %, que es bastante.<\/p>\n<p>Es el m\u00e1s grande de la regi\u00f3n n\u00f3rdica. Con sus 23.000 empleados en una sola direcci\u00f3n, el aeropuerto es tambi\u00e9n el lugar de trabajo m\u00e1s grande de Dinamarca. Sin embargo, s\u00f3lo unas 2.000 personas trabajan en K\u00f8benhavns Lufthavne A\/S, el resto en otras de las aproximadamente 500 empresas que operan en el aeropuerto.<\/p>\n<p>SAS utiliza el aeropuerto de Copenhague como su aeropuerto principal para todo el tr\u00e1fico internacional, al igual que tambi\u00e9n funciona como centro para Thomas Cook Airlines Scandinavia y Norwegian Air Shuttle. Otras 57 aerol\u00edneas utilizan el aeropuerto de Copenhague, que en total tiene rutas a 140 destinos en todo el mundo, de los cuales 24 son intercontinentales.<\/p>\n<p>Hoy en d\u00eda, el aeropuerto consta de dos terminales, la Terminal 2 y 3, adem\u00e1s de una instalaci\u00f3n de bajo coste\u201d<em>CPH Ir\u201d<\/em>en prolongaci\u00f3n de la terminal 3. Est\u00e1 prohibido fumar en todo el aeropuerto. Sin embargo, al inicio del dedo B se ha creado una zona exterior donde los pasajeros pueden fumar.<\/p>\n<p>El 1 de diciembre de 2015 comenzaron los vuelos regulares con el avi\u00f3n de pasajeros m\u00e1s grande del mundo, el Airbus A380, que temporalmente solo vuela entre Copenhague y Dubai.<\/p>\n<p>El aeropuerto de Copenhague fue fundado en 1925. El edificio terminal original llamado &quot;Tr\u00e6slottet&quot; fue reemplazado en 1939 por una nueva terminal dise\u00f1ada por el arquitecto Vilhelm Lauritzen, despu\u00e9s de lo cual el nombre pas\u00f3 de &quot;<em>Aeropuerto de Kastrup\u201d<\/em>a &quot;<em>Aeropuerto de Copenhague&quot;<\/em>. Del 17 al 19 de septiembre de 1999, el edificio catalogado se traslad\u00f3 a 3,8 kil\u00f3metros de distancia, hacia la zona occidental del aeropuerto, para dar paso a varias ampliaciones nuevas hacia el este. En relaci\u00f3n con la nueva ubicaci\u00f3n se ha reconstruido un hangar de madera.<\/p>\n<p>En enero de 2017 comenzaron los trabajos de muchos a\u00f1os para ampliar el aeropuerto, de modo que la capacidad pueda ampliarse a aprox. 40 millones pasajeros anualmente. El presupuesto para la ampliaci\u00f3n se ha fijado hasta ahora en 20.000 millones de coronas danesas. DKK. Un nuevo E-finger con siete puertas forma parte del proyecto, cuya primera parte se espera que est\u00e9 terminada en 2019.<\/p>\n<\/div><\/div>\n<p>&nbsp;<\/p>\n<p>Lugar<\/p>\n<table width=\"255\">\n<tbody>\n<tr>\n<td width=\"90\">Nombre de la calle:<\/td>\n<td width=\"0\">Bulevar del aeropuerto 6<\/td>\n<\/tr>\n<tr>\n<td width=\"90\">Distrito:<\/td>\n<td width=\"0\">ciudad torre<\/td>\n<\/tr>\n<tr>\n<td width=\"90\">Pa\u00eds:<\/td>\n<td width=\"0\">Dinamarca<\/td>\n<\/tr>\n<tr>\n<td width=\"90\">Coordenadas:<\/td>\n<td width=\"0\">55.37.43,<\/p>\n<p>12.38.57<\/td>\n<\/tr>\n<tr>\n<td width=\"90\">Direcci\u00f3n de la br\u00fajula:<\/td>\n<td width=\"0\">Este<\/td>\n<\/tr>\n<\/tbody>\n<\/table>\n<p>&nbsp;<\/p>","protected":false},"excerpt":{"rendered":"<p>Terminales del aeropuerto de Copenhague vistas en el a\u00f1o 1900<\/p>","protected":false},"featured_media":1738,"comment_status":"open","ping_status":"closed","template":"","meta":{"_mi_skip_tracking":false},"product_cat":[73,79],"product_tag":[],"class_list":{"0":"post-1652","1":"product","2":"type-product","3":"status-publish","4":"has-post-thumbnail","6":"product_cat-plakater","7":"product_cat-koebenhavn","8":"pa_storrelse-a4-21x30cm","9":"pa_storrelse-a3-30x42cm","10":"pa_storrelse-b2-50x70cm","11":"pa_storrelse-b1-70x100cm","13":"first","14":"instock","15":"taxable","16":"shipping-taxable","17":"purchasable","18":"product-type-variable"},"yoast_head":"<!-- This site is optimized with the Yoast SEO plugin v24.2 - https:\/\/yoast.com\/wordpress\/plugins\/seo\/ -->\n<title>K\u00f8benhavns Lufthavn Plakater | Spar 10% p\u00e5 et samles\u00e6t - My Canvas<\/title>\n<meta name=\"description\" content=\"K\u00f8b K\u00f8benhavns Lufthavn Plakater. DEN BEDSTE KVALITET Til den bedste pris - Historiske danske plakater - se vores store udvalg her\" \/>\n<meta name=\"robots\" content=\"index, follow, max-snippet:-1, max-image-preview:large, max-video-preview:-1\" \/>\n<link rel=\"canonical\" href=\"https:\/\/mycanvas.dk\/es\/producto\/koebenhavns-lufthavn\/\" \/>\n<meta property=\"og:locale\" content=\"es_ES\" \/>\n<meta property=\"og:type\" content=\"article\" \/>\n<meta property=\"og:title\" content=\"K\u00f8benhavns Lufthavn Plakater | Spar 10% p\u00e5 et samles\u00e6t - My Canvas\" \/>\n<meta property=\"og:description\" content=\"K\u00f8b K\u00f8benhavns Lufthavn Plakater. DEN BEDSTE KVALITET Til den bedste pris - Historiske danske plakater - se vores store udvalg her\" \/>\n<meta property=\"og:url\" content=\"https:\/\/mycanvas.dk\/es\/producto\/koebenhavns-lufthavn\/\" \/>\n<meta property=\"og:site_name\" content=\"My Canvas\" \/>\n<meta property=\"article:publisher\" content=\"https:\/\/www.facebook.com\/MyCanvasDanmark\" \/>\n<meta property=\"article:modified_time\" content=\"2019-10-29T13:44:55+00:00\" \/>\n<meta property=\"og:image\" content=\"https:\/\/mycanvas.dk\/wp-content\/uploads\/2019\/05\/Egetr\u00e6.jpg\" \/>\n\t<meta property=\"og:image:width\" content=\"3508\" \/>\n\t<meta property=\"og:image:height\" content=\"2480\" \/>\n\t<meta property=\"og:image:type\" content=\"image\/jpeg\" \/>\n<meta name=\"twitter:card\" content=\"summary_large_image\" \/>\n<meta name=\"twitter:label1\" content=\"Tiempo de lectura\" \/>\n\t<meta name=\"twitter:data1\" content=\"2 minutos\" \/>\n<script type=\"application\/ld+json\" class=\"yoast-schema-graph\">{\"@context\":\"https:\/\/schema.org\",\"@graph\":[{\"@type\":\"WebPage\",\"@id\":\"https:\/\/mycanvas.dk\/vare\/koebenhavns-lufthavn\/\",\"url\":\"https:\/\/mycanvas.dk\/vare\/koebenhavns-lufthavn\/\",\"name\":\"K\u00f8benhavns Lufthavn Plakater | Spar 10% p\u00e5 et samles\u00e6t - My Canvas\",\"isPartOf\":{\"@id\":\"https:\/\/mycanvas.dk\/#website\"},\"primaryImageOfPage\":{\"@id\":\"https:\/\/mycanvas.dk\/vare\/koebenhavns-lufthavn\/#primaryimage\"},\"image\":{\"@id\":\"https:\/\/mycanvas.dk\/vare\/koebenhavns-lufthavn\/#primaryimage\"},\"thumbnailUrl\":\"https:\/\/mycanvas.dk\/wp-content\/uploads\/2019\/05\/Egetr\u00e6.jpg\",\"datePublished\":\"2019-02-02T09:00:57+00:00\",\"dateModified\":\"2019-10-29T13:44:55+00:00\",\"description\":\"K\u00f8b K\u00f8benhavns Lufthavn Plakater. DEN BEDSTE KVALITET Til den bedste pris - Historiske danske plakater - se vores store udvalg her\",\"breadcrumb\":{\"@id\":\"https:\/\/mycanvas.dk\/vare\/koebenhavns-lufthavn\/#breadcrumb\"},\"inLanguage\":\"es\",\"potentialAction\":[{\"@type\":\"ReadAction\",\"target\":[\"https:\/\/mycanvas.dk\/vare\/koebenhavns-lufthavn\/\"]}]},{\"@type\":\"ImageObject\",\"inLanguage\":\"es\",\"@id\":\"https:\/\/mycanvas.dk\/vare\/koebenhavns-lufthavn\/#primaryimage\",\"url\":\"https:\/\/mycanvas.dk\/wp-content\/uploads\/2019\/05\/Egetr\u00e6.jpg\",\"contentUrl\":\"https:\/\/mycanvas.dk\/wp-content\/uploads\/2019\/05\/Egetr\u00e6.jpg\",\"width\":3508,\"height\":2480},{\"@type\":\"BreadcrumbList\",\"@id\":\"https:\/\/mycanvas.dk\/vare\/koebenhavns-lufthavn\/#breadcrumb\",\"itemListElement\":[{\"@type\":\"ListItem\",\"position\":1,\"name\":\"Hjem\",\"item\":\"https:\/\/mycanvas.dk\/\"},{\"@type\":\"ListItem\",\"position\":2,\"name\":\"Shop\",\"item\":\"https:\/\/mycanvas.dk\/shop\/\"},{\"@type\":\"ListItem\",\"position\":3,\"name\":\"K\u00f8benhavns Lufthavn\"}]},{\"@type\":\"WebSite\",\"@id\":\"https:\/\/mycanvas.dk\/#website\",\"url\":\"https:\/\/mycanvas.dk\/\",\"name\":\"My Canvas\",\"description\":\"Vi g\u00f8r danmarks historie til kunst\",\"publisher\":{\"@id\":\"https:\/\/mycanvas.dk\/#organization\"},\"potentialAction\":[{\"@type\":\"SearchAction\",\"target\":{\"@type\":\"EntryPoint\",\"urlTemplate\":\"https:\/\/mycanvas.dk\/?s={search_term_string}\"},\"query-input\":{\"@type\":\"PropertyValueSpecification\",\"valueRequired\":true,\"valueName\":\"search_term_string\"}}],\"inLanguage\":\"es\"},{\"@type\":\"Organization\",\"@id\":\"https:\/\/mycanvas.dk\/#organization\",\"name\":\"My Canvas\",\"url\":\"https:\/\/mycanvas.dk\/\",\"logo\":{\"@type\":\"ImageObject\",\"inLanguage\":\"es\",\"@id\":\"https:\/\/mycanvas.dk\/#\/schema\/logo\/image\/\",\"url\":\"https:\/\/mycanvas.dk\/wp-content\/uploads\/2018\/09\/MyCanvas-Logo-Nyeste.png\",\"contentUrl\":\"https:\/\/mycanvas.dk\/wp-content\/uploads\/2018\/09\/MyCanvas-Logo-Nyeste.png\",\"width\":1916,\"height\":736,\"caption\":\"My Canvas\"},\"image\":{\"@id\":\"https:\/\/mycanvas.dk\/#\/schema\/logo\/image\/\"},\"sameAs\":[\"https:\/\/www.facebook.com\/MyCanvasDanmark\",\"https:\/\/www.instagram.com\/mycanvasdk\/\"]}]}<\/script>\n<!-- \/ Yoast SEO plugin. -->","yoast_head_json":{"title":"K\u00f8benhavns Lufthavn Plakater | Spar 10% p\u00e5 et samles\u00e6t - My Canvas","description":"K\u00f8b K\u00f8benhavns Lufthavn Plakater. DEN BEDSTE KVALITET Til den bedste pris - Historiske danske plakater - se vores store udvalg her","robots":{"index":"index","follow":"follow","max-snippet":"max-snippet:-1","max-image-preview":"max-image-preview:large","max-video-preview":"max-video-preview:-1"},"canonical":"https:\/\/mycanvas.dk\/es\/producto\/koebenhavns-lufthavn\/","og_locale":"es_ES","og_type":"article","og_title":"K\u00f8benhavns Lufthavn Plakater | Spar 10% p\u00e5 et samles\u00e6t - My Canvas","og_description":"K\u00f8b K\u00f8benhavns Lufthavn Plakater. DEN BEDSTE KVALITET Til den bedste pris - Historiske danske plakater - se vores store udvalg her","og_url":"https:\/\/mycanvas.dk\/es\/producto\/koebenhavns-lufthavn\/","og_site_name":"My Canvas","article_publisher":"https:\/\/www.facebook.com\/MyCanvasDanmark","article_modified_time":"2019-10-29T13:44:55+00:00","og_image":[{"width":3508,"height":2480,"url":"https:\/\/mycanvas.dk\/wp-content\/uploads\/2019\/05\/Egetr\u00e6.jpg","type":"image\/jpeg"}],"twitter_card":"summary_large_image","twitter_misc":{"Tiempo de lectura":"2 minutos"},"schema":{"@context":"https:\/\/schema.org","@graph":[{"@type":"WebPage","@id":"https:\/\/mycanvas.dk\/vare\/koebenhavns-lufthavn\/","url":"https:\/\/mycanvas.dk\/vare\/koebenhavns-lufthavn\/","name":"K\u00f8benhavns Lufthavn Plakater | Spar 10% p\u00e5 et samles\u00e6t - My Canvas","isPartOf":{"@id":"https:\/\/mycanvas.dk\/#website"},"primaryImageOfPage":{"@id":"https:\/\/mycanvas.dk\/vare\/koebenhavns-lufthavn\/#primaryimage"},"image":{"@id":"https:\/\/mycanvas.dk\/vare\/koebenhavns-lufthavn\/#primaryimage"},"thumbnailUrl":"https:\/\/mycanvas.dk\/wp-content\/uploads\/2019\/05\/Egetr\u00e6.jpg","datePublished":"2019-02-02T09:00:57+00:00","dateModified":"2019-10-29T13:44:55+00:00","description":"K\u00f8b K\u00f8benhavns Lufthavn Plakater. DEN BEDSTE KVALITET Til den bedste pris - Historiske danske plakater - se vores store udvalg her","breadcrumb":{"@id":"https:\/\/mycanvas.dk\/vare\/koebenhavns-lufthavn\/#breadcrumb"},"inLanguage":"es","potentialAction":[{"@type":"ReadAction","target":["https:\/\/mycanvas.dk\/vare\/koebenhavns-lufthavn\/"]}]},{"@type":"ImageObject","inLanguage":"es","@id":"https:\/\/mycanvas.dk\/vare\/koebenhavns-lufthavn\/#primaryimage","url":"https:\/\/mycanvas.dk\/wp-content\/uploads\/2019\/05\/Egetr\u00e6.jpg","contentUrl":"https:\/\/mycanvas.dk\/wp-content\/uploads\/2019\/05\/Egetr\u00e6.jpg","width":3508,"height":2480},{"@type":"BreadcrumbList","@id":"https:\/\/mycanvas.dk\/vare\/koebenhavns-lufthavn\/#breadcrumb","itemListElement":[{"@type":"ListItem","position":1,"name":"Hjem","item":"https:\/\/mycanvas.dk\/"},{"@type":"ListItem","position":2,"name":"Shop","item":"https:\/\/mycanvas.dk\/shop\/"},{"@type":"ListItem","position":3,"name":"K\u00f8benhavns Lufthavn"}]},{"@type":"WebSite","@id":"https:\/\/mycanvas.dk\/#website","url":"https:\/\/mycanvas.dk\/","name":"My Canvas","description":"Vi g\u00f8r danmarks historie til kunst","publisher":{"@id":"https:\/\/mycanvas.dk\/#organization"},"potentialAction":[{"@type":"SearchAction","target":{"@type":"EntryPoint","urlTemplate":"https:\/\/mycanvas.dk\/?s={search_term_string}"},"query-input":{"@type":"PropertyValueSpecification","valueRequired":true,"valueName":"search_term_string"}}],"inLanguage":"es"},{"@type":"Organization","@id":"https:\/\/mycanvas.dk\/#organization","name":"My Canvas","url":"https:\/\/mycanvas.dk\/","logo":{"@type":"ImageObject","inLanguage":"es","@id":"https:\/\/mycanvas.dk\/#\/schema\/logo\/image\/","url":"https:\/\/mycanvas.dk\/wp-content\/uploads\/2018\/09\/MyCanvas-Logo-Nyeste.png","contentUrl":"https:\/\/mycanvas.dk\/wp-content\/uploads\/2018\/09\/MyCanvas-Logo-Nyeste.png","width":1916,"height":736,"caption":"My Canvas"},"image":{"@id":"https:\/\/mycanvas.dk\/#\/schema\/logo\/image\/"},"sameAs":["https:\/\/www.facebook.com\/MyCanvasDanmark","https:\/\/www.instagram.com\/mycanvasdk\/"]}]}},"_links":{"self":[{"href":"https:\/\/mycanvas.dk\/es\/wp-json\/wp\/v2\/product\/1652","targetHints":{"allow":["GET"]}}],"collection":[{"href":"https:\/\/mycanvas.dk\/es\/wp-json\/wp\/v2\/product"}],"about":[{"href":"https:\/\/mycanvas.dk\/es\/wp-json\/wp\/v2\/types\/product"}],"replies":[{"embeddable":true,"href":"https:\/\/mycanvas.dk\/es\/wp-json\/wp\/v2\/comments?post=1652"}],"wp:featuredmedia":[{"embeddable":true,"href":"https:\/\/mycanvas.dk\/es\/wp-json\/wp\/v2\/media\/1738"}],"wp:attachment":[{"href":"https:\/\/mycanvas.dk\/es\/wp-json\/wp\/v2\/media?parent=1652"}],"wp:term":[{"taxonomy":"product_cat","embeddable":true,"href":"https:\/\/mycanvas.dk\/es\/wp-json\/wp\/v2\/product_cat?post=1652"},{"taxonomy":"product_tag","embeddable":true,"href":"https:\/\/mycanvas.dk\/es\/wp-json\/wp\/v2\/product_tag?post=1652"}],"curies":[{"name":"wp","href":"https:\/\/api.w.org\/{rel}","templated":true}]}}