
{"id":1660,"date":"2019-02-02T10:00:57","date_gmt":"2019-02-02T09:00:57","guid":{"rendered":"http:\/\/mycanvas.dk\/?post_type=product&#038;p=1660"},"modified":"2019-10-29T14:40:36","modified_gmt":"2019-10-29T13:40:36","slug":"glyptoteket","status":"publish","type":"product","link":"https:\/\/mycanvas.dk\/es\/producto\/glyptoteket\/","title":{"rendered":"Nueva gliptoteca Carlsberg"},"content":{"rendered":"<p>Nueva Carlsberg Glyptotek tambi\u00e9n llamada Glyptoteket, la palabra Glyptotek proviene de las palabras griegas glyptos (que significa tallado o escultura) y theke (que significa lugar donde se recolecta algo).<\/p>\n<div class=\"accordion-item\"><a href=\"#\" class=\"accordion-title plain\"><button class=\"toggle\"><i class=\"icon-angle-down\"><\/i><\/button><span>Leer m\u00e1s<\/span><\/a><div class=\"accordion-inner\">\n<p>El fundador de New Carlsberg Glyptotek, el cervecero Carl Jacobsen (tambi\u00e9n conocido de Carlsberg), era un apasionado coleccionista de arte que coleccionaba arte antiguo y moderno de todo el mundo. Al principio, su colosal colecci\u00f3n de arte estaba destinada a \u00e9l y a su casa en Valby. Sin embargo, r\u00e1pidamente qued\u00f3 claro que la casa en Valby no era lo suficientemente grande para toda la colecci\u00f3n de Jacobsen, ya que \u00e9l continu\u00f3 y no ten\u00eda intenci\u00f3n de detenerse con su colecci\u00f3n de objetos de arte, por lo que traslad\u00f3 la colecci\u00f3n a la antigua Glyptotek en Carlsberg en 1882. que estaba justo al lado de su cervecer\u00eda, donde tambi\u00e9n la abri\u00f3 al p\u00fablico el 5 de noviembre de 1882.<\/p>\n<p>El cervecero Carl Jacobsen don\u00f3 su colecci\u00f3n a la poblaci\u00f3n danesa en 1888 con el objetivo de que el Estado dan\u00e9s instalara su colecci\u00f3n en un gran edificio en Copenhague donde el p\u00fablico tuviera la oportunidad de verla. La nueva ubicaci\u00f3n tambi\u00e9n requiri\u00f3 un nuevo nombre, por lo que la colecci\u00f3n pas\u00f3 a llamarse como hoy se llama &quot;Nueva Carlsberg Glyptotek&quot;.<\/p>\n<p>El primer edificio de Ny Carlsberg Glyptotek en Dantes Plads se llam\u00f3 edificio Dahlerup y fue inaugurado en 1897. Posteriormente, Ny Carlsberg Glyptotek se ampli\u00f3 en 1906, 1996 y 2006.<\/p>\n<p>Para el cervecero Carl Jacobsen era muy importante que la Nueva Carlsberg Glyptotek no s\u00f3lo fuera vivida como un magn\u00edfico templo de arte, sino que el edificio en s\u00ed fuera una escultura para los visitantes y que tuviera una atm\u00f3sfera impresionante. Esto significaba que Carl Jacobsen quer\u00eda que el edificio irradiara una sensaci\u00f3n est\u00e9tica coherente de antig\u00fcedad \u00fanica, que los visitantes pudieran sentir. Esta sensaci\u00f3n se ha mantenido bien en todo el edificio de Ny Carlsberg Glyptotek, a pesar de varias ampliaciones a lo largo del tiempo.<\/p>\n<p>Recomendamos encarecidamente una visita a Ny Carlsberg Glyptotek, aqu\u00ed tambi\u00e9n es donde hemos reunido mucho esp\u00edritu e inspiraci\u00f3n durante nuestro tiempo en MyCanvas.<\/p>\n<\/div><\/div>\n<h2>Lugar<\/h2>\n<table width=\"255\">\n<tbody>\n<tr>\n<td width=\"90\">Nombre de la calle:<\/td>\n<td width=\"0\">Bulevar de HC Andersen<\/td>\n<\/tr>\n<tr>\n<td width=\"90\">Ciudad:<\/td>\n<td width=\"0\">Copenhague<\/td>\n<\/tr>\n<tr>\n<td width=\"90\">Distrito:<\/td>\n<td width=\"0\">Centro de la ciudad<\/td>\n<\/tr>\n<tr>\n<td width=\"90\">Pa\u00eds:<\/td>\n<td width=\"0\">Dinamarca<\/td>\n<\/tr>\n<tr>\n<td width=\"90\">Coordenadas:<\/td>\n<td width=\"0\">55.67236, 12.56993<\/td>\n<\/tr>\n<tr>\n<td width=\"90\">Direcci\u00f3n de la br\u00fajula:<\/td>\n<td width=\"0\">Este (91\u00b0)<\/td>\n<\/tr>\n<\/tbody>\n<\/table>\n<p>&nbsp;<\/p>","protected":false},"excerpt":{"rendered":"<p>Nueva Carlsberg Glyptotek vista en el a\u00f1o 1900<\/p>","protected":false},"featured_media":1662,"comment_status":"open","ping_status":"closed","template":"","meta":{"_mi_skip_tracking":false},"product_cat":[73,79],"product_tag":[],"class_list":{"0":"post-1660","1":"product","2":"type-product","3":"status-publish","4":"has-post-thumbnail","6":"product_cat-plakater","7":"product_cat-koebenhavn","8":"pa_storrelse-a4-21x30cm","9":"pa_storrelse-a3-30x42cm","10":"pa_storrelse-b2-50x70cm","11":"pa_storrelse-b1-70x100cm","13":"first","14":"instock","15":"taxable","16":"shipping-taxable","17":"purchasable","18":"product-type-variable"},"yoast_head":"<!-- This site is optimized with the Yoast SEO plugin v24.2 - https:\/\/yoast.com\/wordpress\/plugins\/seo\/ -->\n<title>Ny Carlsberg Glyptotek Plakater | Spar 10% p\u00e5 et samles\u00e6t - My Canvas<\/title>\n<meta name=\"description\" content=\"K\u00f8b Ny Carlsberg Glyptotek Plakater. DEN BEDSTE KVALITET Til den bedste pris - Historiske danske plakater\" \/>\n<meta name=\"robots\" content=\"index, follow, max-snippet:-1, max-image-preview:large, max-video-preview:-1\" \/>\n<link rel=\"canonical\" href=\"https:\/\/mycanvas.dk\/es\/producto\/glyptoteket\/\" \/>\n<meta property=\"og:locale\" content=\"es_ES\" \/>\n<meta property=\"og:type\" content=\"article\" \/>\n<meta property=\"og:title\" content=\"Ny Carlsberg Glyptotek Plakater | Spar 10% p\u00e5 et samles\u00e6t - My Canvas\" \/>\n<meta property=\"og:description\" content=\"K\u00f8b Ny Carlsberg Glyptotek Plakater. DEN BEDSTE KVALITET Til den bedste pris - Historiske danske plakater\" \/>\n<meta property=\"og:url\" content=\"https:\/\/mycanvas.dk\/es\/producto\/glyptoteket\/\" \/>\n<meta property=\"og:site_name\" content=\"My Canvas\" \/>\n<meta property=\"article:publisher\" content=\"https:\/\/www.facebook.com\/MyCanvasDanmark\" \/>\n<meta property=\"article:modified_time\" content=\"2019-10-29T13:40:36+00:00\" \/>\n<meta property=\"og:image\" content=\"https:\/\/mycanvas.dk\/wp-content\/uploads\/2018\/12\/Egetr\u00e6-9.jpg\" \/>\n\t<meta property=\"og:image:width\" content=\"2048\" \/>\n\t<meta property=\"og:image:height\" content=\"1448\" \/>\n\t<meta property=\"og:image:type\" content=\"image\/jpeg\" \/>\n<meta name=\"twitter:card\" content=\"summary_large_image\" \/>\n<meta name=\"twitter:label1\" content=\"Tiempo de lectura\" \/>\n\t<meta name=\"twitter:data1\" content=\"2 minutos\" \/>\n<script type=\"application\/ld+json\" class=\"yoast-schema-graph\">{\"@context\":\"https:\/\/schema.org\",\"@graph\":[{\"@type\":\"WebPage\",\"@id\":\"https:\/\/mycanvas.dk\/vare\/glyptoteket\/\",\"url\":\"https:\/\/mycanvas.dk\/vare\/glyptoteket\/\",\"name\":\"Ny Carlsberg Glyptotek Plakater | Spar 10% p\u00e5 et samles\u00e6t - My Canvas\",\"isPartOf\":{\"@id\":\"https:\/\/mycanvas.dk\/#website\"},\"primaryImageOfPage\":{\"@id\":\"https:\/\/mycanvas.dk\/vare\/glyptoteket\/#primaryimage\"},\"image\":{\"@id\":\"https:\/\/mycanvas.dk\/vare\/glyptoteket\/#primaryimage\"},\"thumbnailUrl\":\"https:\/\/mycanvas.dk\/wp-content\/uploads\/2018\/12\/Egetr\u00e6-9.jpg\",\"datePublished\":\"2019-02-02T09:00:57+00:00\",\"dateModified\":\"2019-10-29T13:40:36+00:00\",\"description\":\"K\u00f8b Ny Carlsberg Glyptotek Plakater. DEN BEDSTE KVALITET Til den bedste pris - Historiske danske plakater\",\"breadcrumb\":{\"@id\":\"https:\/\/mycanvas.dk\/vare\/glyptoteket\/#breadcrumb\"},\"inLanguage\":\"es\",\"potentialAction\":[{\"@type\":\"ReadAction\",\"target\":[\"https:\/\/mycanvas.dk\/vare\/glyptoteket\/\"]}]},{\"@type\":\"ImageObject\",\"inLanguage\":\"es\",\"@id\":\"https:\/\/mycanvas.dk\/vare\/glyptoteket\/#primaryimage\",\"url\":\"https:\/\/mycanvas.dk\/wp-content\/uploads\/2018\/12\/Egetr\u00e6-9.jpg\",\"contentUrl\":\"https:\/\/mycanvas.dk\/wp-content\/uploads\/2018\/12\/Egetr\u00e6-9.jpg\",\"width\":2048,\"height\":1448},{\"@type\":\"BreadcrumbList\",\"@id\":\"https:\/\/mycanvas.dk\/vare\/glyptoteket\/#breadcrumb\",\"itemListElement\":[{\"@type\":\"ListItem\",\"position\":1,\"name\":\"Hjem\",\"item\":\"https:\/\/mycanvas.dk\/\"},{\"@type\":\"ListItem\",\"position\":2,\"name\":\"Shop\",\"item\":\"https:\/\/mycanvas.dk\/shop\/\"},{\"@type\":\"ListItem\",\"position\":3,\"name\":\"Ny Carlsberg Glyptotek\"}]},{\"@type\":\"WebSite\",\"@id\":\"https:\/\/mycanvas.dk\/#website\",\"url\":\"https:\/\/mycanvas.dk\/\",\"name\":\"My Canvas\",\"description\":\"Vi g\u00f8r danmarks historie til kunst\",\"publisher\":{\"@id\":\"https:\/\/mycanvas.dk\/#organization\"},\"potentialAction\":[{\"@type\":\"SearchAction\",\"target\":{\"@type\":\"EntryPoint\",\"urlTemplate\":\"https:\/\/mycanvas.dk\/?s={search_term_string}\"},\"query-input\":{\"@type\":\"PropertyValueSpecification\",\"valueRequired\":true,\"valueName\":\"search_term_string\"}}],\"inLanguage\":\"es\"},{\"@type\":\"Organization\",\"@id\":\"https:\/\/mycanvas.dk\/#organization\",\"name\":\"My Canvas\",\"url\":\"https:\/\/mycanvas.dk\/\",\"logo\":{\"@type\":\"ImageObject\",\"inLanguage\":\"es\",\"@id\":\"https:\/\/mycanvas.dk\/#\/schema\/logo\/image\/\",\"url\":\"https:\/\/mycanvas.dk\/wp-content\/uploads\/2018\/09\/MyCanvas-Logo-Nyeste.png\",\"contentUrl\":\"https:\/\/mycanvas.dk\/wp-content\/uploads\/2018\/09\/MyCanvas-Logo-Nyeste.png\",\"width\":1916,\"height\":736,\"caption\":\"My Canvas\"},\"image\":{\"@id\":\"https:\/\/mycanvas.dk\/#\/schema\/logo\/image\/\"},\"sameAs\":[\"https:\/\/www.facebook.com\/MyCanvasDanmark\",\"https:\/\/www.instagram.com\/mycanvasdk\/\"]}]}<\/script>\n<!-- \/ Yoast SEO plugin. -->","yoast_head_json":{"title":"Ny Carlsberg Glyptotek Plakater | Spar 10% p\u00e5 et samles\u00e6t - My Canvas","description":"K\u00f8b Ny Carlsberg Glyptotek Plakater. DEN BEDSTE KVALITET Til den bedste pris - Historiske danske plakater","robots":{"index":"index","follow":"follow","max-snippet":"max-snippet:-1","max-image-preview":"max-image-preview:large","max-video-preview":"max-video-preview:-1"},"canonical":"https:\/\/mycanvas.dk\/es\/producto\/glyptoteket\/","og_locale":"es_ES","og_type":"article","og_title":"Ny Carlsberg Glyptotek Plakater | Spar 10% p\u00e5 et samles\u00e6t - My Canvas","og_description":"K\u00f8b Ny Carlsberg Glyptotek Plakater. DEN BEDSTE KVALITET Til den bedste pris - Historiske danske plakater","og_url":"https:\/\/mycanvas.dk\/es\/producto\/glyptoteket\/","og_site_name":"My Canvas","article_publisher":"https:\/\/www.facebook.com\/MyCanvasDanmark","article_modified_time":"2019-10-29T13:40:36+00:00","og_image":[{"width":2048,"height":1448,"url":"https:\/\/mycanvas.dk\/wp-content\/uploads\/2018\/12\/Egetr\u00e6-9.jpg","type":"image\/jpeg"}],"twitter_card":"summary_large_image","twitter_misc":{"Tiempo de lectura":"2 minutos"},"schema":{"@context":"https:\/\/schema.org","@graph":[{"@type":"WebPage","@id":"https:\/\/mycanvas.dk\/vare\/glyptoteket\/","url":"https:\/\/mycanvas.dk\/vare\/glyptoteket\/","name":"Ny Carlsberg Glyptotek Plakater | Spar 10% p\u00e5 et samles\u00e6t - My Canvas","isPartOf":{"@id":"https:\/\/mycanvas.dk\/#website"},"primaryImageOfPage":{"@id":"https:\/\/mycanvas.dk\/vare\/glyptoteket\/#primaryimage"},"image":{"@id":"https:\/\/mycanvas.dk\/vare\/glyptoteket\/#primaryimage"},"thumbnailUrl":"https:\/\/mycanvas.dk\/wp-content\/uploads\/2018\/12\/Egetr\u00e6-9.jpg","datePublished":"2019-02-02T09:00:57+00:00","dateModified":"2019-10-29T13:40:36+00:00","description":"K\u00f8b Ny Carlsberg Glyptotek Plakater. DEN BEDSTE KVALITET Til den bedste pris - Historiske danske plakater","breadcrumb":{"@id":"https:\/\/mycanvas.dk\/vare\/glyptoteket\/#breadcrumb"},"inLanguage":"es","potentialAction":[{"@type":"ReadAction","target":["https:\/\/mycanvas.dk\/vare\/glyptoteket\/"]}]},{"@type":"ImageObject","inLanguage":"es","@id":"https:\/\/mycanvas.dk\/vare\/glyptoteket\/#primaryimage","url":"https:\/\/mycanvas.dk\/wp-content\/uploads\/2018\/12\/Egetr\u00e6-9.jpg","contentUrl":"https:\/\/mycanvas.dk\/wp-content\/uploads\/2018\/12\/Egetr\u00e6-9.jpg","width":2048,"height":1448},{"@type":"BreadcrumbList","@id":"https:\/\/mycanvas.dk\/vare\/glyptoteket\/#breadcrumb","itemListElement":[{"@type":"ListItem","position":1,"name":"Hjem","item":"https:\/\/mycanvas.dk\/"},{"@type":"ListItem","position":2,"name":"Shop","item":"https:\/\/mycanvas.dk\/shop\/"},{"@type":"ListItem","position":3,"name":"Ny Carlsberg Glyptotek"}]},{"@type":"WebSite","@id":"https:\/\/mycanvas.dk\/#website","url":"https:\/\/mycanvas.dk\/","name":"My Canvas","description":"Vi g\u00f8r danmarks historie til kunst","publisher":{"@id":"https:\/\/mycanvas.dk\/#organization"},"potentialAction":[{"@type":"SearchAction","target":{"@type":"EntryPoint","urlTemplate":"https:\/\/mycanvas.dk\/?s={search_term_string}"},"query-input":{"@type":"PropertyValueSpecification","valueRequired":true,"valueName":"search_term_string"}}],"inLanguage":"es"},{"@type":"Organization","@id":"https:\/\/mycanvas.dk\/#organization","name":"My Canvas","url":"https:\/\/mycanvas.dk\/","logo":{"@type":"ImageObject","inLanguage":"es","@id":"https:\/\/mycanvas.dk\/#\/schema\/logo\/image\/","url":"https:\/\/mycanvas.dk\/wp-content\/uploads\/2018\/09\/MyCanvas-Logo-Nyeste.png","contentUrl":"https:\/\/mycanvas.dk\/wp-content\/uploads\/2018\/09\/MyCanvas-Logo-Nyeste.png","width":1916,"height":736,"caption":"My Canvas"},"image":{"@id":"https:\/\/mycanvas.dk\/#\/schema\/logo\/image\/"},"sameAs":["https:\/\/www.facebook.com\/MyCanvasDanmark","https:\/\/www.instagram.com\/mycanvasdk\/"]}]}},"_links":{"self":[{"href":"https:\/\/mycanvas.dk\/es\/wp-json\/wp\/v2\/product\/1660","targetHints":{"allow":["GET"]}}],"collection":[{"href":"https:\/\/mycanvas.dk\/es\/wp-json\/wp\/v2\/product"}],"about":[{"href":"https:\/\/mycanvas.dk\/es\/wp-json\/wp\/v2\/types\/product"}],"replies":[{"embeddable":true,"href":"https:\/\/mycanvas.dk\/es\/wp-json\/wp\/v2\/comments?post=1660"}],"wp:featuredmedia":[{"embeddable":true,"href":"https:\/\/mycanvas.dk\/es\/wp-json\/wp\/v2\/media\/1662"}],"wp:attachment":[{"href":"https:\/\/mycanvas.dk\/es\/wp-json\/wp\/v2\/media?parent=1660"}],"wp:term":[{"taxonomy":"product_cat","embeddable":true,"href":"https:\/\/mycanvas.dk\/es\/wp-json\/wp\/v2\/product_cat?post=1660"},{"taxonomy":"product_tag","embeddable":true,"href":"https:\/\/mycanvas.dk\/es\/wp-json\/wp\/v2\/product_tag?post=1660"}],"curies":[{"name":"wp","href":"https:\/\/api.w.org\/{rel}","templated":true}]}}