
{"id":1669,"date":"2019-02-02T10:00:52","date_gmt":"2019-02-02T09:00:52","guid":{"rendered":"http:\/\/mycanvas.dk\/?post_type=product&#038;p=1669"},"modified":"2019-10-29T14:45:26","modified_gmt":"2019-10-29T13:45:26","slug":"flaadestationen-holmen","status":"publish","type":"product","link":"https:\/\/mycanvas.dk\/es\/producto\/flaadestationen-holmen\/","title":{"rendered":"La estaci\u00f3n naval de Holmen"},"content":{"rendered":"<p>Marinestation K\u00f8benhavn, tambi\u00e9n llamada Marinestation Holmen, es un establecimiento naval en Nyholm en Copenhague. Aqu\u00ed tiene su base la Armada noruega, que forma parte de la defensa danesa.<\/p>\n<div class=\"accordion-item\"><a href=\"#\" class=\"accordion-title plain\"><button class=\"toggle\"><i class=\"icon-angle-down\"><\/i><\/button><span>Leer m\u00e1s<\/span><\/a><div class=\"accordion-inner\">\n<p>Holmen es el nombre m\u00e1s utilizado para varias islas en las aguas entre Zelanda y la parte norte de Amager. Estas islas fueron durante varios a\u00f1os la base principal de la marina danesa y con el tiempo se han llamado Gammelholm, Nyholm (que es s\u00f3lo el nombre de las dos islas), Orlogsv\u00e6rftet, Fl\u00e5dens Leje, Fl\u00e5destation K\u00f8benhavn y ahora Marinestation K\u00f8benhavn, que es la Nombre oficial para toda el \u00e1rea.<\/p>\n<p>Durante m\u00e1s de 300 a\u00f1os, Holmen fue el lugar de trabajo m\u00e1s grande de Dinamarca. Hoy en d\u00eda, a la Armada sueca s\u00f3lo le quedan unas pocas instituciones en Holmen, que ahora est\u00e1n abiertas al p\u00fablico para la construcci\u00f3n de viviendas, y varias instituciones p\u00fablicas, como la Escuela de Arquitectura de la Academia de Arte, la Escuela Estatal de Teatro, la Escuela de Cine Danesa , el Conservatorio de M\u00fasica R\u00edtmica y la \u00d3pera.<\/p>\n<p>Holmen fue la base principal de la marina danesa desde 1690 hasta 1993.<br \/>\nDespu\u00e9s de la Segunda Guerra Mundial, se construyeron dos estaciones navales m\u00e1s, una en Kors\u00f8r y otra en Frederikshavn. Aunque varias actividades se trasladaron a estas estaciones navales, Holmen a\u00fan mantuvo su estatus.<\/p>\n<p>Sin embargo, en 1991 se cerr\u00f3 Orlogsv\u00e6rftet y en los a\u00f1os siguientes se trasladaron todas las actividades de Holmen. El 1 de mayo de 1993, la Estaci\u00f3n Naval de Copenhague se cerr\u00f3 oficialmente por completo y su estado cambi\u00f3 a &quot;<em>estaci\u00f3n naval&quot;<\/em>. Las actividades de la estaci\u00f3n marina todav\u00eda hoy se concentran en Nyholm.<\/p>\n<p>Hasta el verano de 2006, el Materielkommando (SMK) de la Armada ten\u00eda sus actividades en Arsenal\u00f8en, pero ahora los edificios han sido asumidos por el Comando de Defensa y las actividades de SMK, ahora est\u00e1n combinados con HMAK (Ej\u00e9rcito) y FMK (Fuerza A\u00e9rea) en el Servicio de Material de Defensa (FMT), con sede en Ballerup.<\/p>\n<\/div><\/div>\n<p>&nbsp;<\/p>\n<p>Lugar<\/p>\n<table width=\"255\">\n<tbody>\n<tr>\n<td width=\"90\">Nombre de la calle:<\/td>\n<td width=\"0\">Aduana del Norte<\/td>\n<\/tr>\n<tr>\n<td width=\"90\">Distrito:<\/td>\n<td width=\"0\">Centro de la ciudad<\/td>\n<\/tr>\n<tr>\n<td width=\"90\">Pa\u00eds:<\/td>\n<td width=\"0\">Dinamarca<\/td>\n<\/tr>\n<tr>\n<td width=\"90\">Coordenadas:<\/td>\n<td width=\"0\">55.68851, 12.59927<\/td>\n<\/tr>\n<tr>\n<td width=\"90\">Direcci\u00f3n de la br\u00fajula:<\/td>\n<td width=\"0\">Este (89\u00b0)<\/td>\n<\/tr>\n<\/tbody>\n<\/table>\n<p>&nbsp;<\/p>\n<p>&nbsp;<\/p>\n<p>&nbsp;<\/p>\n<p>&nbsp;<\/p>\n<p>&nbsp;<\/p>","protected":false},"excerpt":{"rendered":"<p>La estaci\u00f3n naval en el islote vista en 1900.<\/p>","protected":false},"featured_media":1974,"comment_status":"open","ping_status":"closed","template":"","meta":{"_mi_skip_tracking":false},"product_cat":[73,79],"product_tag":[],"class_list":{"0":"post-1669","1":"product","2":"type-product","3":"status-publish","4":"has-post-thumbnail","6":"product_cat-plakater","7":"product_cat-koebenhavn","8":"pa_storrelse-a4-21x30cm","9":"pa_storrelse-a3-30x42cm","10":"pa_storrelse-b2-50x70cm","11":"pa_storrelse-b1-70x100cm","13":"first","14":"instock","15":"taxable","16":"shipping-taxable","17":"purchasable","18":"product-type-variable"},"yoast_head":"<!-- This site is optimized with the Yoast SEO plugin v24.2 - https:\/\/yoast.com\/wordpress\/plugins\/seo\/ -->\n<title>Fl\u00e5destationen Holmen Plakater | Spar 10% p\u00e5 et samles\u00e6t - My Canvas<\/title>\n<meta name=\"description\" content=\"K\u00f8b Fl\u00e5destationen Holmen Plakater. DEN BEDSTE KVALITET Til den bedste pris - Historiske danske plakater - se vores store udvalg her .\" \/>\n<meta name=\"robots\" content=\"index, follow, max-snippet:-1, max-image-preview:large, max-video-preview:-1\" \/>\n<link rel=\"canonical\" href=\"https:\/\/mycanvas.dk\/es\/producto\/flaadestationen-holmen\/\" \/>\n<meta property=\"og:locale\" content=\"es_ES\" \/>\n<meta property=\"og:type\" content=\"article\" \/>\n<meta property=\"og:title\" content=\"Fl\u00e5destationen Holmen Plakater | Spar 10% p\u00e5 et samles\u00e6t - My Canvas\" \/>\n<meta property=\"og:description\" content=\"K\u00f8b Fl\u00e5destationen Holmen Plakater. DEN BEDSTE KVALITET Til den bedste pris - Historiske danske plakater - se vores store udvalg her .\" \/>\n<meta property=\"og:url\" content=\"https:\/\/mycanvas.dk\/es\/producto\/flaadestationen-holmen\/\" \/>\n<meta property=\"og:site_name\" content=\"My Canvas\" \/>\n<meta property=\"article:publisher\" content=\"https:\/\/www.facebook.com\/MyCanvasDanmark\" \/>\n<meta property=\"article:modified_time\" content=\"2019-10-29T13:45:26+00:00\" \/>\n<meta property=\"og:image\" content=\"https:\/\/mycanvas.dk\/wp-content\/uploads\/2019\/06\/Untitled_Artwork.jpg\" \/>\n\t<meta property=\"og:image:width\" content=\"2048\" \/>\n\t<meta property=\"og:image:height\" content=\"1448\" \/>\n\t<meta property=\"og:image:type\" content=\"image\/jpeg\" \/>\n<meta name=\"twitter:card\" content=\"summary_large_image\" \/>\n<meta name=\"twitter:label1\" content=\"Tiempo de lectura\" \/>\n\t<meta name=\"twitter:data1\" content=\"2 minutos\" \/>\n<script type=\"application\/ld+json\" class=\"yoast-schema-graph\">{\"@context\":\"https:\/\/schema.org\",\"@graph\":[{\"@type\":\"WebPage\",\"@id\":\"https:\/\/mycanvas.dk\/vare\/flaadestationen-holmen\/\",\"url\":\"https:\/\/mycanvas.dk\/vare\/flaadestationen-holmen\/\",\"name\":\"Fl\u00e5destationen Holmen Plakater | Spar 10% p\u00e5 et samles\u00e6t - My Canvas\",\"isPartOf\":{\"@id\":\"https:\/\/mycanvas.dk\/#website\"},\"primaryImageOfPage\":{\"@id\":\"https:\/\/mycanvas.dk\/vare\/flaadestationen-holmen\/#primaryimage\"},\"image\":{\"@id\":\"https:\/\/mycanvas.dk\/vare\/flaadestationen-holmen\/#primaryimage\"},\"thumbnailUrl\":\"https:\/\/mycanvas.dk\/wp-content\/uploads\/2019\/06\/Untitled_Artwork.jpg\",\"datePublished\":\"2019-02-02T09:00:52+00:00\",\"dateModified\":\"2019-10-29T13:45:26+00:00\",\"description\":\"K\u00f8b Fl\u00e5destationen Holmen Plakater. DEN BEDSTE KVALITET Til den bedste pris - Historiske danske plakater - se vores store udvalg her .\",\"breadcrumb\":{\"@id\":\"https:\/\/mycanvas.dk\/vare\/flaadestationen-holmen\/#breadcrumb\"},\"inLanguage\":\"es\",\"potentialAction\":[{\"@type\":\"ReadAction\",\"target\":[\"https:\/\/mycanvas.dk\/vare\/flaadestationen-holmen\/\"]}]},{\"@type\":\"ImageObject\",\"inLanguage\":\"es\",\"@id\":\"https:\/\/mycanvas.dk\/vare\/flaadestationen-holmen\/#primaryimage\",\"url\":\"https:\/\/mycanvas.dk\/wp-content\/uploads\/2019\/06\/Untitled_Artwork.jpg\",\"contentUrl\":\"https:\/\/mycanvas.dk\/wp-content\/uploads\/2019\/06\/Untitled_Artwork.jpg\",\"width\":2048,\"height\":1448},{\"@type\":\"BreadcrumbList\",\"@id\":\"https:\/\/mycanvas.dk\/vare\/flaadestationen-holmen\/#breadcrumb\",\"itemListElement\":[{\"@type\":\"ListItem\",\"position\":1,\"name\":\"Hjem\",\"item\":\"https:\/\/mycanvas.dk\/\"},{\"@type\":\"ListItem\",\"position\":2,\"name\":\"Shop\",\"item\":\"https:\/\/mycanvas.dk\/shop\/\"},{\"@type\":\"ListItem\",\"position\":3,\"name\":\"Fl\u00e5destationen Holmen\"}]},{\"@type\":\"WebSite\",\"@id\":\"https:\/\/mycanvas.dk\/#website\",\"url\":\"https:\/\/mycanvas.dk\/\",\"name\":\"My Canvas\",\"description\":\"Vi g\u00f8r danmarks historie til kunst\",\"publisher\":{\"@id\":\"https:\/\/mycanvas.dk\/#organization\"},\"potentialAction\":[{\"@type\":\"SearchAction\",\"target\":{\"@type\":\"EntryPoint\",\"urlTemplate\":\"https:\/\/mycanvas.dk\/?s={search_term_string}\"},\"query-input\":{\"@type\":\"PropertyValueSpecification\",\"valueRequired\":true,\"valueName\":\"search_term_string\"}}],\"inLanguage\":\"es\"},{\"@type\":\"Organization\",\"@id\":\"https:\/\/mycanvas.dk\/#organization\",\"name\":\"My Canvas\",\"url\":\"https:\/\/mycanvas.dk\/\",\"logo\":{\"@type\":\"ImageObject\",\"inLanguage\":\"es\",\"@id\":\"https:\/\/mycanvas.dk\/#\/schema\/logo\/image\/\",\"url\":\"https:\/\/mycanvas.dk\/wp-content\/uploads\/2018\/09\/MyCanvas-Logo-Nyeste.png\",\"contentUrl\":\"https:\/\/mycanvas.dk\/wp-content\/uploads\/2018\/09\/MyCanvas-Logo-Nyeste.png\",\"width\":1916,\"height\":736,\"caption\":\"My Canvas\"},\"image\":{\"@id\":\"https:\/\/mycanvas.dk\/#\/schema\/logo\/image\/\"},\"sameAs\":[\"https:\/\/www.facebook.com\/MyCanvasDanmark\",\"https:\/\/www.instagram.com\/mycanvasdk\/\"]}]}<\/script>\n<!-- \/ Yoast SEO plugin. -->","yoast_head_json":{"title":"Fl\u00e5destationen Holmen Plakater | Spar 10% p\u00e5 et samles\u00e6t - My Canvas","description":"K\u00f8b Fl\u00e5destationen Holmen Plakater. DEN BEDSTE KVALITET Til den bedste pris - Historiske danske plakater - se vores store udvalg her .","robots":{"index":"index","follow":"follow","max-snippet":"max-snippet:-1","max-image-preview":"max-image-preview:large","max-video-preview":"max-video-preview:-1"},"canonical":"https:\/\/mycanvas.dk\/es\/producto\/flaadestationen-holmen\/","og_locale":"es_ES","og_type":"article","og_title":"Fl\u00e5destationen Holmen Plakater | Spar 10% p\u00e5 et samles\u00e6t - My Canvas","og_description":"K\u00f8b Fl\u00e5destationen Holmen Plakater. DEN BEDSTE KVALITET Til den bedste pris - Historiske danske plakater - se vores store udvalg her .","og_url":"https:\/\/mycanvas.dk\/es\/producto\/flaadestationen-holmen\/","og_site_name":"My Canvas","article_publisher":"https:\/\/www.facebook.com\/MyCanvasDanmark","article_modified_time":"2019-10-29T13:45:26+00:00","og_image":[{"width":2048,"height":1448,"url":"https:\/\/mycanvas.dk\/wp-content\/uploads\/2019\/06\/Untitled_Artwork.jpg","type":"image\/jpeg"}],"twitter_card":"summary_large_image","twitter_misc":{"Tiempo de lectura":"2 minutos"},"schema":{"@context":"https:\/\/schema.org","@graph":[{"@type":"WebPage","@id":"https:\/\/mycanvas.dk\/vare\/flaadestationen-holmen\/","url":"https:\/\/mycanvas.dk\/vare\/flaadestationen-holmen\/","name":"Fl\u00e5destationen Holmen Plakater | Spar 10% p\u00e5 et samles\u00e6t - My Canvas","isPartOf":{"@id":"https:\/\/mycanvas.dk\/#website"},"primaryImageOfPage":{"@id":"https:\/\/mycanvas.dk\/vare\/flaadestationen-holmen\/#primaryimage"},"image":{"@id":"https:\/\/mycanvas.dk\/vare\/flaadestationen-holmen\/#primaryimage"},"thumbnailUrl":"https:\/\/mycanvas.dk\/wp-content\/uploads\/2019\/06\/Untitled_Artwork.jpg","datePublished":"2019-02-02T09:00:52+00:00","dateModified":"2019-10-29T13:45:26+00:00","description":"K\u00f8b Fl\u00e5destationen Holmen Plakater. DEN BEDSTE KVALITET Til den bedste pris - Historiske danske plakater - se vores store udvalg her .","breadcrumb":{"@id":"https:\/\/mycanvas.dk\/vare\/flaadestationen-holmen\/#breadcrumb"},"inLanguage":"es","potentialAction":[{"@type":"ReadAction","target":["https:\/\/mycanvas.dk\/vare\/flaadestationen-holmen\/"]}]},{"@type":"ImageObject","inLanguage":"es","@id":"https:\/\/mycanvas.dk\/vare\/flaadestationen-holmen\/#primaryimage","url":"https:\/\/mycanvas.dk\/wp-content\/uploads\/2019\/06\/Untitled_Artwork.jpg","contentUrl":"https:\/\/mycanvas.dk\/wp-content\/uploads\/2019\/06\/Untitled_Artwork.jpg","width":2048,"height":1448},{"@type":"BreadcrumbList","@id":"https:\/\/mycanvas.dk\/vare\/flaadestationen-holmen\/#breadcrumb","itemListElement":[{"@type":"ListItem","position":1,"name":"Hjem","item":"https:\/\/mycanvas.dk\/"},{"@type":"ListItem","position":2,"name":"Shop","item":"https:\/\/mycanvas.dk\/shop\/"},{"@type":"ListItem","position":3,"name":"Fl\u00e5destationen Holmen"}]},{"@type":"WebSite","@id":"https:\/\/mycanvas.dk\/#website","url":"https:\/\/mycanvas.dk\/","name":"My Canvas","description":"Vi g\u00f8r danmarks historie til kunst","publisher":{"@id":"https:\/\/mycanvas.dk\/#organization"},"potentialAction":[{"@type":"SearchAction","target":{"@type":"EntryPoint","urlTemplate":"https:\/\/mycanvas.dk\/?s={search_term_string}"},"query-input":{"@type":"PropertyValueSpecification","valueRequired":true,"valueName":"search_term_string"}}],"inLanguage":"es"},{"@type":"Organization","@id":"https:\/\/mycanvas.dk\/#organization","name":"My Canvas","url":"https:\/\/mycanvas.dk\/","logo":{"@type":"ImageObject","inLanguage":"es","@id":"https:\/\/mycanvas.dk\/#\/schema\/logo\/image\/","url":"https:\/\/mycanvas.dk\/wp-content\/uploads\/2018\/09\/MyCanvas-Logo-Nyeste.png","contentUrl":"https:\/\/mycanvas.dk\/wp-content\/uploads\/2018\/09\/MyCanvas-Logo-Nyeste.png","width":1916,"height":736,"caption":"My Canvas"},"image":{"@id":"https:\/\/mycanvas.dk\/#\/schema\/logo\/image\/"},"sameAs":["https:\/\/www.facebook.com\/MyCanvasDanmark","https:\/\/www.instagram.com\/mycanvasdk\/"]}]}},"_links":{"self":[{"href":"https:\/\/mycanvas.dk\/es\/wp-json\/wp\/v2\/product\/1669","targetHints":{"allow":["GET"]}}],"collection":[{"href":"https:\/\/mycanvas.dk\/es\/wp-json\/wp\/v2\/product"}],"about":[{"href":"https:\/\/mycanvas.dk\/es\/wp-json\/wp\/v2\/types\/product"}],"replies":[{"embeddable":true,"href":"https:\/\/mycanvas.dk\/es\/wp-json\/wp\/v2\/comments?post=1669"}],"wp:featuredmedia":[{"embeddable":true,"href":"https:\/\/mycanvas.dk\/es\/wp-json\/wp\/v2\/media\/1974"}],"wp:attachment":[{"href":"https:\/\/mycanvas.dk\/es\/wp-json\/wp\/v2\/media?parent=1669"}],"wp:term":[{"taxonomy":"product_cat","embeddable":true,"href":"https:\/\/mycanvas.dk\/es\/wp-json\/wp\/v2\/product_cat?post=1669"},{"taxonomy":"product_tag","embeddable":true,"href":"https:\/\/mycanvas.dk\/es\/wp-json\/wp\/v2\/product_tag?post=1669"}],"curies":[{"name":"wp","href":"https:\/\/api.w.org\/{rel}","templated":true}]}}