
{"id":2052,"date":"2019-02-02T20:01:47","date_gmt":"2019-02-02T19:01:47","guid":{"rendered":"http:\/\/mycanvas.dk\/?post_type=product&#038;p=2052"},"modified":"2019-10-29T14:39:17","modified_gmt":"2019-10-29T13:39:17","slug":"haandvaerker","status":"publish","type":"product","link":"https:\/\/mycanvas.dk\/es\/producto\/haandvaerker\/","title":{"rendered":"Artesano"},"content":{"rendered":"<p>La atenci\u00f3n a los problemas en el entorno laboral aument\u00f3 con el comienzo de la industrializaci\u00f3n. Ya en el siglo XVII. Dio al m\u00e9dico italiano B. Ramazzini (1633-1714) una descripci\u00f3n detallada de las condiciones de trabajo y de las enfermedades profesionales que, por ejemplo, podr\u00eda haberse escrito en los a\u00f1os 90 en relaci\u00f3n con los panaderos.<\/p>\n<div class=\"accordion\" rel=\"\">\n<div class=\"accordion-item\"><a href=\"#\" class=\"accordion-title plain\"><button class=\"toggle\"><i class=\"icon-angle-down\"><\/i><\/button><span>Leer m\u00e1s<\/span><\/a><div class=\"accordion-inner\">\n<p>En Dinamarca, el \u00e1mbito del entorno laboral se regul\u00f3 desde el principio tanto para la protecci\u00f3n del p\u00fablico como para la protecci\u00f3n de los empleados en el desempe\u00f1o del trabajo. Ya en la d\u00e9cada de 1830 surgieron las primeras normas sobre el dise\u00f1o y el uso de calderas de vapor y recipientes a presi\u00f3n, maquinaria peligrosa y otros dispositivos t\u00e9cnicos.<\/p>\n<p>La primera legislaci\u00f3n real de protecci\u00f3n de los trabajadores en Dinamarca se adopt\u00f3 en la d\u00e9cada de 1870 siguiendo el modelo ingl\u00e9s. Inclu\u00eda a ni\u00f1os y j\u00f3venes en trabajos industriales, especialmente en trabajos vespertinos y nocturnos, as\u00ed como en trabajos peligrosos y duros. En 1901, cuando se introdujo la primera ley general sobre seguridad en las f\u00e1bricas, los interlocutores sociales obtuvieron un asiento en un comit\u00e9 de empresa reci\u00e9n creado, al que se le dio influencia sobre el desarrollo y la regulaci\u00f3n de las condiciones del entorno laboral.<\/p>\n<p>La pol\u00edtica de reforma social y del mercado laboral de la d\u00e9cada de 1970 incluy\u00f3 una nueva ley sobre el entorno laboral que entr\u00f3 en vigor en 1977. Se aplica dondequiera que se realice trabajo para otros, pero cuando el trabajo es particularmente peligroso, tambi\u00e9n regula los negocios de los individuos.<\/p>\n<p>Las investigaciones danesas y extranjeras han arrojado luz sobre las relaciones causales, y las investigaciones escandinavas, con la ayuda de registros, han descrito la prevalencia y las consecuencias a largo plazo de un entorno laboral deficiente. El conocimiento total se encuentra en la \u00faltima mitad del siglo XX. completamente sistematizados sobre los efectos nocivos de las sustancias qu\u00edmicas en t\u00e9rminos de corrosi\u00f3n, irritaci\u00f3n, reacciones pulmonares, riesgo de c\u00e1ncer y alergias, de modo que las instrucciones de uso puedan proporcionar al empleador una base para una adecuada organizaci\u00f3n de la producci\u00f3n. En otros puntos todav\u00eda faltan conocimientos importantes.<\/p>\n<p>Los nuevos m\u00e9todos de producci\u00f3n y ayudas siempre implican riesgos modificados, que a menudo pueden preverse ya en el momento de la planificaci\u00f3n. La legislaci\u00f3n sobre el medio ambiente de trabajo es una intervenci\u00f3n en el libre acceso de los actores del mercado laboral a los acuerdos centrales y locales sobre las condiciones de trabajo. Tambi\u00e9n es una restricci\u00f3n al libre acceso del empleador a organizar el trabajo. El empleador es responsable de garantizar que el trabajo se realice de tal manera que los empleados no est\u00e9n expuestos a riesgos de lesiones f\u00edsicas o psicol\u00f3gicas.<\/p>\n<p>La Ley de Medio Ambiente de Trabajo tiene un objetivo preventivo e incluye todas las ayudas t\u00e9cnicas, desde grandes instalaciones como centrales el\u00e9ctricas hasta ascensores, cortac\u00e9sped y peque\u00f1os electrodom\u00e9sticos. Existen normas sobre sustancias y materiales que afectan en gran medida a todos los procesos de trabajo. Las normas sobre la distribuci\u00f3n del lugar de trabajo deben garantizar unas condiciones ambientales de trabajo correctas, tanto en los lugares de trabajo fijos como en los cambiantes. Esto se aplica, por ejemplo, a las disposiciones sobre la distribuci\u00f3n del lugar de trabajo, las v\u00edas de acceso y evacuaci\u00f3n, las condiciones de iluminaci\u00f3n, ventilaci\u00f3n y condiciones de los cobertizos en las obras.<\/p>\n<\/div><\/div>\n<\/div>","protected":false},"excerpt":{"rendered":"<p>Artesano de principios del siglo XX, sentado en lo alto de un andamio.<\/p>","protected":false},"featured_media":2054,"comment_status":"open","ping_status":"closed","template":"","meta":{"_mi_skip_tracking":false},"product_cat":[73,217],"product_tag":[],"class_list":{"0":"post-2052","1":"product","2":"type-product","3":"status-publish","4":"has-post-thumbnail","6":"product_cat-plakater","7":"product_cat-arbejderklassen","8":"pa_storrelse-a4-21x30cm","9":"pa_storrelse-a3-30x42cm","10":"pa_storrelse-b2-50x70cm","11":"pa_storrelse-b1-70x100cm","13":"first","14":"instock","15":"taxable","16":"shipping-taxable","17":"purchasable","18":"product-type-variable"},"yoast_head":"<!-- This site is optimized with the Yoast SEO plugin v24.2 - https:\/\/yoast.com\/wordpress\/plugins\/seo\/ -->\n<title>H\u00e5ndv\u00e6rker Plakater | Spar 10% p\u00e5 et samles\u00e6t - My Canvas<\/title>\n<meta name=\"description\" content=\"K\u00f8b H\u00e5ndv\u00e6rker Plakater. DEN BEDSTE KVALITET Til den bedste pris - Historiske danske plakater - se vores store udvalg her.\" \/>\n<meta name=\"robots\" content=\"index, follow, max-snippet:-1, max-image-preview:large, max-video-preview:-1\" \/>\n<link rel=\"canonical\" href=\"https:\/\/mycanvas.dk\/es\/producto\/haandvaerker\/\" \/>\n<meta property=\"og:locale\" content=\"es_ES\" \/>\n<meta property=\"og:type\" content=\"article\" \/>\n<meta property=\"og:title\" content=\"H\u00e5ndv\u00e6rker Plakater | Spar 10% p\u00e5 et samles\u00e6t - My Canvas\" \/>\n<meta property=\"og:description\" content=\"K\u00f8b H\u00e5ndv\u00e6rker Plakater. DEN BEDSTE KVALITET Til den bedste pris - Historiske danske plakater - se vores store udvalg her.\" \/>\n<meta property=\"og:url\" content=\"https:\/\/mycanvas.dk\/es\/producto\/haandvaerker\/\" \/>\n<meta property=\"og:site_name\" content=\"My Canvas\" \/>\n<meta property=\"article:publisher\" content=\"https:\/\/www.facebook.com\/MyCanvasDanmark\" \/>\n<meta property=\"article:modified_time\" content=\"2019-10-29T13:39:17+00:00\" \/>\n<meta property=\"og:image\" content=\"https:\/\/mycanvas.dk\/wp-content\/uploads\/2019\/02\/Untitled_Artwork-39.jpg\" \/>\n\t<meta property=\"og:image:width\" content=\"1448\" \/>\n\t<meta property=\"og:image:height\" content=\"2048\" \/>\n\t<meta property=\"og:image:type\" content=\"image\/jpeg\" \/>\n<meta name=\"twitter:card\" content=\"summary_large_image\" \/>\n<meta name=\"twitter:label1\" content=\"Tiempo de lectura\" \/>\n\t<meta name=\"twitter:data1\" content=\"2 minutos\" \/>\n<script type=\"application\/ld+json\" class=\"yoast-schema-graph\">{\"@context\":\"https:\/\/schema.org\",\"@graph\":[{\"@type\":\"WebPage\",\"@id\":\"https:\/\/mycanvas.dk\/vare\/haandvaerker\/\",\"url\":\"https:\/\/mycanvas.dk\/vare\/haandvaerker\/\",\"name\":\"H\u00e5ndv\u00e6rker Plakater | Spar 10% p\u00e5 et samles\u00e6t - My Canvas\",\"isPartOf\":{\"@id\":\"https:\/\/mycanvas.dk\/#website\"},\"primaryImageOfPage\":{\"@id\":\"https:\/\/mycanvas.dk\/vare\/haandvaerker\/#primaryimage\"},\"image\":{\"@id\":\"https:\/\/mycanvas.dk\/vare\/haandvaerker\/#primaryimage\"},\"thumbnailUrl\":\"https:\/\/mycanvas.dk\/wp-content\/uploads\/2019\/02\/Untitled_Artwork-39.jpg\",\"datePublished\":\"2019-02-02T19:01:47+00:00\",\"dateModified\":\"2019-10-29T13:39:17+00:00\",\"description\":\"K\u00f8b H\u00e5ndv\u00e6rker Plakater. DEN BEDSTE KVALITET Til den bedste pris - Historiske danske plakater - se vores store udvalg her.\",\"breadcrumb\":{\"@id\":\"https:\/\/mycanvas.dk\/vare\/haandvaerker\/#breadcrumb\"},\"inLanguage\":\"es\",\"potentialAction\":[{\"@type\":\"ReadAction\",\"target\":[\"https:\/\/mycanvas.dk\/vare\/haandvaerker\/\"]}]},{\"@type\":\"ImageObject\",\"inLanguage\":\"es\",\"@id\":\"https:\/\/mycanvas.dk\/vare\/haandvaerker\/#primaryimage\",\"url\":\"https:\/\/mycanvas.dk\/wp-content\/uploads\/2019\/02\/Untitled_Artwork-39.jpg\",\"contentUrl\":\"https:\/\/mycanvas.dk\/wp-content\/uploads\/2019\/02\/Untitled_Artwork-39.jpg\",\"width\":1448,\"height\":2048},{\"@type\":\"BreadcrumbList\",\"@id\":\"https:\/\/mycanvas.dk\/vare\/haandvaerker\/#breadcrumb\",\"itemListElement\":[{\"@type\":\"ListItem\",\"position\":1,\"name\":\"Hjem\",\"item\":\"https:\/\/mycanvas.dk\/\"},{\"@type\":\"ListItem\",\"position\":2,\"name\":\"Shop\",\"item\":\"https:\/\/mycanvas.dk\/shop\/\"},{\"@type\":\"ListItem\",\"position\":3,\"name\":\"H\u00e5ndv\u00e6rker\"}]},{\"@type\":\"WebSite\",\"@id\":\"https:\/\/mycanvas.dk\/#website\",\"url\":\"https:\/\/mycanvas.dk\/\",\"name\":\"My Canvas\",\"description\":\"Vi g\u00f8r danmarks historie til kunst\",\"publisher\":{\"@id\":\"https:\/\/mycanvas.dk\/#organization\"},\"potentialAction\":[{\"@type\":\"SearchAction\",\"target\":{\"@type\":\"EntryPoint\",\"urlTemplate\":\"https:\/\/mycanvas.dk\/?s={search_term_string}\"},\"query-input\":{\"@type\":\"PropertyValueSpecification\",\"valueRequired\":true,\"valueName\":\"search_term_string\"}}],\"inLanguage\":\"es\"},{\"@type\":\"Organization\",\"@id\":\"https:\/\/mycanvas.dk\/#organization\",\"name\":\"My Canvas\",\"url\":\"https:\/\/mycanvas.dk\/\",\"logo\":{\"@type\":\"ImageObject\",\"inLanguage\":\"es\",\"@id\":\"https:\/\/mycanvas.dk\/#\/schema\/logo\/image\/\",\"url\":\"https:\/\/mycanvas.dk\/wp-content\/uploads\/2018\/09\/MyCanvas-Logo-Nyeste.png\",\"contentUrl\":\"https:\/\/mycanvas.dk\/wp-content\/uploads\/2018\/09\/MyCanvas-Logo-Nyeste.png\",\"width\":1916,\"height\":736,\"caption\":\"My Canvas\"},\"image\":{\"@id\":\"https:\/\/mycanvas.dk\/#\/schema\/logo\/image\/\"},\"sameAs\":[\"https:\/\/www.facebook.com\/MyCanvasDanmark\",\"https:\/\/www.instagram.com\/mycanvasdk\/\"]}]}<\/script>\n<!-- \/ Yoast SEO plugin. -->","yoast_head_json":{"title":"H\u00e5ndv\u00e6rker Plakater | Spar 10% p\u00e5 et samles\u00e6t - My Canvas","description":"K\u00f8b H\u00e5ndv\u00e6rker Plakater. DEN BEDSTE KVALITET Til den bedste pris - Historiske danske plakater - se vores store udvalg her.","robots":{"index":"index","follow":"follow","max-snippet":"max-snippet:-1","max-image-preview":"max-image-preview:large","max-video-preview":"max-video-preview:-1"},"canonical":"https:\/\/mycanvas.dk\/es\/producto\/haandvaerker\/","og_locale":"es_ES","og_type":"article","og_title":"H\u00e5ndv\u00e6rker Plakater | Spar 10% p\u00e5 et samles\u00e6t - My Canvas","og_description":"K\u00f8b H\u00e5ndv\u00e6rker Plakater. DEN BEDSTE KVALITET Til den bedste pris - Historiske danske plakater - se vores store udvalg her.","og_url":"https:\/\/mycanvas.dk\/es\/producto\/haandvaerker\/","og_site_name":"My Canvas","article_publisher":"https:\/\/www.facebook.com\/MyCanvasDanmark","article_modified_time":"2019-10-29T13:39:17+00:00","og_image":[{"width":1448,"height":2048,"url":"https:\/\/mycanvas.dk\/wp-content\/uploads\/2019\/02\/Untitled_Artwork-39.jpg","type":"image\/jpeg"}],"twitter_card":"summary_large_image","twitter_misc":{"Tiempo de lectura":"2 minutos"},"schema":{"@context":"https:\/\/schema.org","@graph":[{"@type":"WebPage","@id":"https:\/\/mycanvas.dk\/vare\/haandvaerker\/","url":"https:\/\/mycanvas.dk\/vare\/haandvaerker\/","name":"H\u00e5ndv\u00e6rker Plakater | Spar 10% p\u00e5 et samles\u00e6t - My Canvas","isPartOf":{"@id":"https:\/\/mycanvas.dk\/#website"},"primaryImageOfPage":{"@id":"https:\/\/mycanvas.dk\/vare\/haandvaerker\/#primaryimage"},"image":{"@id":"https:\/\/mycanvas.dk\/vare\/haandvaerker\/#primaryimage"},"thumbnailUrl":"https:\/\/mycanvas.dk\/wp-content\/uploads\/2019\/02\/Untitled_Artwork-39.jpg","datePublished":"2019-02-02T19:01:47+00:00","dateModified":"2019-10-29T13:39:17+00:00","description":"K\u00f8b H\u00e5ndv\u00e6rker Plakater. DEN BEDSTE KVALITET Til den bedste pris - Historiske danske plakater - se vores store udvalg her.","breadcrumb":{"@id":"https:\/\/mycanvas.dk\/vare\/haandvaerker\/#breadcrumb"},"inLanguage":"es","potentialAction":[{"@type":"ReadAction","target":["https:\/\/mycanvas.dk\/vare\/haandvaerker\/"]}]},{"@type":"ImageObject","inLanguage":"es","@id":"https:\/\/mycanvas.dk\/vare\/haandvaerker\/#primaryimage","url":"https:\/\/mycanvas.dk\/wp-content\/uploads\/2019\/02\/Untitled_Artwork-39.jpg","contentUrl":"https:\/\/mycanvas.dk\/wp-content\/uploads\/2019\/02\/Untitled_Artwork-39.jpg","width":1448,"height":2048},{"@type":"BreadcrumbList","@id":"https:\/\/mycanvas.dk\/vare\/haandvaerker\/#breadcrumb","itemListElement":[{"@type":"ListItem","position":1,"name":"Hjem","item":"https:\/\/mycanvas.dk\/"},{"@type":"ListItem","position":2,"name":"Shop","item":"https:\/\/mycanvas.dk\/shop\/"},{"@type":"ListItem","position":3,"name":"H\u00e5ndv\u00e6rker"}]},{"@type":"WebSite","@id":"https:\/\/mycanvas.dk\/#website","url":"https:\/\/mycanvas.dk\/","name":"My Canvas","description":"Vi g\u00f8r danmarks historie til kunst","publisher":{"@id":"https:\/\/mycanvas.dk\/#organization"},"potentialAction":[{"@type":"SearchAction","target":{"@type":"EntryPoint","urlTemplate":"https:\/\/mycanvas.dk\/?s={search_term_string}"},"query-input":{"@type":"PropertyValueSpecification","valueRequired":true,"valueName":"search_term_string"}}],"inLanguage":"es"},{"@type":"Organization","@id":"https:\/\/mycanvas.dk\/#organization","name":"My Canvas","url":"https:\/\/mycanvas.dk\/","logo":{"@type":"ImageObject","inLanguage":"es","@id":"https:\/\/mycanvas.dk\/#\/schema\/logo\/image\/","url":"https:\/\/mycanvas.dk\/wp-content\/uploads\/2018\/09\/MyCanvas-Logo-Nyeste.png","contentUrl":"https:\/\/mycanvas.dk\/wp-content\/uploads\/2018\/09\/MyCanvas-Logo-Nyeste.png","width":1916,"height":736,"caption":"My Canvas"},"image":{"@id":"https:\/\/mycanvas.dk\/#\/schema\/logo\/image\/"},"sameAs":["https:\/\/www.facebook.com\/MyCanvasDanmark","https:\/\/www.instagram.com\/mycanvasdk\/"]}]}},"_links":{"self":[{"href":"https:\/\/mycanvas.dk\/es\/wp-json\/wp\/v2\/product\/2052","targetHints":{"allow":["GET"]}}],"collection":[{"href":"https:\/\/mycanvas.dk\/es\/wp-json\/wp\/v2\/product"}],"about":[{"href":"https:\/\/mycanvas.dk\/es\/wp-json\/wp\/v2\/types\/product"}],"replies":[{"embeddable":true,"href":"https:\/\/mycanvas.dk\/es\/wp-json\/wp\/v2\/comments?post=2052"}],"wp:featuredmedia":[{"embeddable":true,"href":"https:\/\/mycanvas.dk\/es\/wp-json\/wp\/v2\/media\/2054"}],"wp:attachment":[{"href":"https:\/\/mycanvas.dk\/es\/wp-json\/wp\/v2\/media?parent=2052"}],"wp:term":[{"taxonomy":"product_cat","embeddable":true,"href":"https:\/\/mycanvas.dk\/es\/wp-json\/wp\/v2\/product_cat?post=2052"},{"taxonomy":"product_tag","embeddable":true,"href":"https:\/\/mycanvas.dk\/es\/wp-json\/wp\/v2\/product_tag?post=2052"}],"curies":[{"name":"wp","href":"https:\/\/api.w.org\/{rel}","templated":true}]}}