
{"id":2115,"date":"2019-02-03T11:56:33","date_gmt":"2019-02-03T10:56:33","guid":{"rendered":"http:\/\/mycanvas.dk\/?post_type=product&#038;p=2115"},"modified":"2019-10-29T14:33:08","modified_gmt":"2019-10-29T13:33:08","slug":"traekaerre","status":"publish","type":"product","link":"https:\/\/mycanvas.dk\/es\/producto\/traekaerre\/","title":{"rendered":"carro de madera"},"content":{"rendered":"<p>El campesinado se desarroll\u00f3 de manera muy significativa durante el siglo XIX. Gradualmente se convirti\u00f3 en un estado econ\u00f3mica y pol\u00edticamente dominante. Sin embargo, hab\u00eda una diferencia muy grande entre los agricultores m\u00e1s grandes y los propietarios m\u00e1s peque\u00f1os. Tambi\u00e9n hab\u00eda una gran diferencia entre los agricultores de brezales y los agricultores de tierras f\u00e9rtiles.<\/p>\n<div class=\"accordion\" rel=\"\">\n<div class=\"accordion-item\"><a href=\"#\" class=\"accordion-title plain\"><button class=\"toggle\"><i class=\"icon-angle-down\"><\/i><\/button><span>Leer m\u00e1s<\/span><\/a><div class=\"accordion-inner\">\n<p>El campesinado cambi\u00f3 de manera muy significativa durante el siglo XIX. Hab\u00eda sido una clase desfavorecida en el siglo anterior, pero eso cambi\u00f3 con las reformas agrarias alrededor del a\u00f1o 1800. Econ\u00f3micamente, los agricultores independientes prosperaron enormemente durante la mayor parte del siglo. Afect\u00f3 la autopercepci\u00f3n del stand. Pol\u00edticamente, result\u00f3 decisivo para la creciente influencia pol\u00edtica que logr\u00f3 el campesinado durante el siglo.<\/p>\n<p>El grupo de agricultores y jefes de familia era muy heterog\u00e9neo. Esto se aplica tanto en Schleswig-Holstein como en Dinamarca. Las fincas m\u00e1s grandes y con m\u00e1s tierra constitu\u00edan la cima de la jerarqu\u00eda social rural. En la parte inferior estaban los colonos con una peque\u00f1a parcela de tierra de unas pocas hect\u00e1reas, que apenas pod\u00edan alimentar a la familia. Por lo tanto, muchos jefes de familia tuvieron que trabajar para los agricultores o terratenientes, o tuvieron que ganar dinero como trabajadores en la construcci\u00f3n de carreteras, ferrocarriles y canales.<\/p>\n<p>Tambi\u00e9n hubo diferencias muy grandes entre las diferentes partes de la regi\u00f3n. Holstein y Fionia se caracterizaban en general por el hecho de que hab\u00eda muchas propiedades que pose\u00edan una gran parte de la tierra. Al mismo tiempo, la mayor parte de la superficie estaba cultivada y la calidad del suelo era alta, especialmente en la parte oriental de Holstein y en la mayor parte de Fionia. Los precios de las buenas tierras aumentaron considerablemente en la \u00faltima parte del siglo XIX y principios del XX. Era una ventaja para quienes pose\u00edan tierras y una desventaja para quienes ten\u00edan que comprarlas. La consecuencia para muchos j\u00f3venes fue que comprar una granja era un sue\u00f1o imposible, y muchos trabajaban como jornaleros o s\u00f3lo pod\u00edan permitirse una peque\u00f1a propiedad.<\/p>\n<p>La situaci\u00f3n era muy diferente en el resto de la regi\u00f3n. En el centro de Schleswig y Holstein y en gran parte de N\u00f8rrejylland al norte del Konge\u00e5, el suelo era generalmente pobre. Una peque\u00f1a parte era propiedad de mansiones y la superficie de tierra cultivable se ampli\u00f3 significativamente. Esto sucedi\u00f3 principalmente mediante el cultivo de grandes extensiones de p\u00e1ramos. Adem\u00e1s se realizaron otro tipo de mejoras del terreno como drenajes, represas o similares. Esto signific\u00f3 que el precio del suelo aument\u00f3 m\u00e1s modestamente en estas zonas. Por lo tanto, era m\u00e1s f\u00e1cil comprar una granja y era m\u00e1s f\u00e1cil mejorarla y ampliarla. Las diferencias sociales entre los campesinos m\u00e1s ricos y los m\u00e1s pobres eran menores aqu\u00ed que en las zonas donde el suelo era bueno.<\/p>\n<p>Al oeste, en Schleswig-Holstein, en Frisia y en Ditmarsken, el suelo era generalmente una zona pantanosa f\u00e9rtil. Se cultivaban frutas y verduras, que se vend\u00edan principalmente en Hamburgo, y se criaba ganado lechero y de engorde. La zona era muy pr\u00f3spera y se obtuvieron considerables beneficios durante las buenas condiciones econ\u00f3micas de la agricultura. Por lo tanto, la divisi\u00f3n social entre ricos y pobres era grande, ya que hab\u00eda muchos trabajadores agr\u00edcolas sin tierra en la zona.<\/p>\n<p>Durante el siglo la prosperidad de los agricultores m\u00e1s ricos se hizo grande. Se reflej\u00f3 en el estilo de vida. A partir de los a\u00f1os 1860 y 1870, se introdujeron en las casas diversas comodidades modernas, como calefacci\u00f3n de carb\u00f3n, iluminaci\u00f3n de gas, escurridores y lavadoras, etc. En el hogar, nuevos art\u00edculos de lujo como t\u00e9 y caf\u00e9, tabaco, especias, naranjas y botellas. La cerveza poco a poco pas\u00f3 a formar parte del consumo. En definitiva, las condiciones de los agricultores m\u00e1s acomodados se acercaban a las de la burgues\u00eda urbana.<\/p>\n<p>Durante el siglo XIX, las habilidades escolares de la poblaci\u00f3n rural mejoraron significativamente. Tanto en Dinamarca como en Prusia exist\u00eda la educaci\u00f3n o escolarizaci\u00f3n obligatoria. Esto asegur\u00f3 que toda la poblaci\u00f3n adquiriera habilidades b\u00e1sicas de lectura, escritura y aritm\u00e9tica. En Dinamarca, a partir de la d\u00e9cada de 1860 se volvi\u00f3 com\u00fan que los j\u00f3venes agricultores fueran enviados a la universidad, donde se potenciaban sus habilidades literarias. En ambos lados de la frontera, tambi\u00e9n se volvi\u00f3 m\u00e1s com\u00fan que los hijos de los agricultores m\u00e1s acomodados recibieran educaci\u00f3n adicional en escuelas agr\u00edcolas y escuelas secundarias. Algunos tambi\u00e9n continuaron sus estudios en la universidad o en la Landboh\u00f8jskolen\/Landwirtschaftliche Hochschule.<\/p>\n<p>Durante el siglo XIX la mentalidad del campesinado cambi\u00f3. A finales de siglo ya no quedaba mucho de la comunidad del pueblo y ser\u00eda dif\u00edcil encontrar un agricultor como &quot;Jeppe p\u00e5 Bjerget&quot; de Holberg. Los agricultores conoc\u00edan su importancia para la sociedad y la propiedad fue adquiriendo gradualmente la antigua posici\u00f3n de la nobleza, como clase social determinante. No fue hasta principios del siglo XX que se implementaron planes para garantizar las condiciones de los jefes de familia y los trabajadores agr\u00edcolas. Tambi\u00e9n fue s\u00f3lo en ese momento que los jefes de familia obtuvieron influencia pol\u00edtica independiente.<\/p>\n<\/div><\/div>\n<\/div>","protected":false},"excerpt":{"rendered":"<p>Granjero y su carro de madera camino al trabajo del d\u00eda.<\/p>","protected":false},"featured_media":2120,"comment_status":"open","ping_status":"closed","template":"","meta":{"_mi_skip_tracking":false},"product_cat":[73,217],"product_tag":[],"class_list":{"0":"post-2115","1":"product","2":"type-product","3":"status-publish","4":"has-post-thumbnail","6":"product_cat-plakater","7":"product_cat-arbejderklassen","8":"pa_storrelse-a4-21x30cm","9":"pa_storrelse-a3-30x42cm","10":"pa_storrelse-b2-50x70cm","11":"pa_storrelse-b1-70x100cm","13":"first","14":"instock","15":"taxable","16":"shipping-taxable","17":"purchasable","18":"product-type-variable"},"yoast_head":"<!-- This site is optimized with the Yoast SEO plugin v24.2 - https:\/\/yoast.com\/wordpress\/plugins\/seo\/ -->\n<title>Tr\u00e6k\u00e6rre Plakater | Spar 10% p\u00e5 et samles\u00e6t - My Canvas<\/title>\n<meta name=\"description\" content=\"K\u00f8b Tr\u00e6k\u00e6rre Plakater. DEN BEDSTE KVALITET Til den bedste pris - Historiske danske plakater - se vores store udvalg her My Canvas\" \/>\n<meta name=\"robots\" content=\"index, follow, max-snippet:-1, max-image-preview:large, max-video-preview:-1\" \/>\n<link rel=\"canonical\" href=\"https:\/\/mycanvas.dk\/es\/producto\/traekaerre\/\" \/>\n<meta property=\"og:locale\" content=\"es_ES\" \/>\n<meta property=\"og:type\" content=\"article\" \/>\n<meta property=\"og:title\" content=\"Tr\u00e6k\u00e6rre Plakater | Spar 10% p\u00e5 et samles\u00e6t - My Canvas\" \/>\n<meta property=\"og:description\" content=\"K\u00f8b Tr\u00e6k\u00e6rre Plakater. DEN BEDSTE KVALITET Til den bedste pris - Historiske danske plakater - se vores store udvalg her My Canvas\" \/>\n<meta property=\"og:url\" content=\"https:\/\/mycanvas.dk\/es\/producto\/traekaerre\/\" \/>\n<meta property=\"og:site_name\" content=\"My Canvas\" \/>\n<meta property=\"article:publisher\" content=\"https:\/\/www.facebook.com\/MyCanvasDanmark\" \/>\n<meta property=\"article:modified_time\" content=\"2019-10-29T13:33:08+00:00\" \/>\n<meta property=\"og:image\" content=\"https:\/\/mycanvas.dk\/wp-content\/uploads\/2019\/02\/Untitled_Artwork-45.jpg\" \/>\n\t<meta property=\"og:image:width\" content=\"2048\" \/>\n\t<meta property=\"og:image:height\" content=\"1448\" \/>\n\t<meta property=\"og:image:type\" content=\"image\/jpeg\" \/>\n<meta name=\"twitter:card\" content=\"summary_large_image\" \/>\n<meta name=\"twitter:label1\" content=\"Tiempo de lectura\" \/>\n\t<meta name=\"twitter:data1\" content=\"4 minutos\" \/>\n<script type=\"application\/ld+json\" class=\"yoast-schema-graph\">{\"@context\":\"https:\/\/schema.org\",\"@graph\":[{\"@type\":\"WebPage\",\"@id\":\"https:\/\/mycanvas.dk\/vare\/traekaerre\/\",\"url\":\"https:\/\/mycanvas.dk\/vare\/traekaerre\/\",\"name\":\"Tr\u00e6k\u00e6rre Plakater | Spar 10% p\u00e5 et samles\u00e6t - My Canvas\",\"isPartOf\":{\"@id\":\"https:\/\/mycanvas.dk\/#website\"},\"primaryImageOfPage\":{\"@id\":\"https:\/\/mycanvas.dk\/vare\/traekaerre\/#primaryimage\"},\"image\":{\"@id\":\"https:\/\/mycanvas.dk\/vare\/traekaerre\/#primaryimage\"},\"thumbnailUrl\":\"https:\/\/mycanvas.dk\/wp-content\/uploads\/2019\/02\/Untitled_Artwork-45.jpg\",\"datePublished\":\"2019-02-03T10:56:33+00:00\",\"dateModified\":\"2019-10-29T13:33:08+00:00\",\"description\":\"K\u00f8b Tr\u00e6k\u00e6rre Plakater. DEN BEDSTE KVALITET Til den bedste pris - Historiske danske plakater - se vores store udvalg her My Canvas\",\"breadcrumb\":{\"@id\":\"https:\/\/mycanvas.dk\/vare\/traekaerre\/#breadcrumb\"},\"inLanguage\":\"es\",\"potentialAction\":[{\"@type\":\"ReadAction\",\"target\":[\"https:\/\/mycanvas.dk\/vare\/traekaerre\/\"]}]},{\"@type\":\"ImageObject\",\"inLanguage\":\"es\",\"@id\":\"https:\/\/mycanvas.dk\/vare\/traekaerre\/#primaryimage\",\"url\":\"https:\/\/mycanvas.dk\/wp-content\/uploads\/2019\/02\/Untitled_Artwork-45.jpg\",\"contentUrl\":\"https:\/\/mycanvas.dk\/wp-content\/uploads\/2019\/02\/Untitled_Artwork-45.jpg\",\"width\":2048,\"height\":1448},{\"@type\":\"BreadcrumbList\",\"@id\":\"https:\/\/mycanvas.dk\/vare\/traekaerre\/#breadcrumb\",\"itemListElement\":[{\"@type\":\"ListItem\",\"position\":1,\"name\":\"Hjem\",\"item\":\"https:\/\/mycanvas.dk\/\"},{\"@type\":\"ListItem\",\"position\":2,\"name\":\"Shop\",\"item\":\"https:\/\/mycanvas.dk\/shop\/\"},{\"@type\":\"ListItem\",\"position\":3,\"name\":\"Tr\u00e6k\u00e6rre\"}]},{\"@type\":\"WebSite\",\"@id\":\"https:\/\/mycanvas.dk\/#website\",\"url\":\"https:\/\/mycanvas.dk\/\",\"name\":\"My Canvas\",\"description\":\"Vi g\u00f8r danmarks historie til kunst\",\"publisher\":{\"@id\":\"https:\/\/mycanvas.dk\/#organization\"},\"potentialAction\":[{\"@type\":\"SearchAction\",\"target\":{\"@type\":\"EntryPoint\",\"urlTemplate\":\"https:\/\/mycanvas.dk\/?s={search_term_string}\"},\"query-input\":{\"@type\":\"PropertyValueSpecification\",\"valueRequired\":true,\"valueName\":\"search_term_string\"}}],\"inLanguage\":\"es\"},{\"@type\":\"Organization\",\"@id\":\"https:\/\/mycanvas.dk\/#organization\",\"name\":\"My Canvas\",\"url\":\"https:\/\/mycanvas.dk\/\",\"logo\":{\"@type\":\"ImageObject\",\"inLanguage\":\"es\",\"@id\":\"https:\/\/mycanvas.dk\/#\/schema\/logo\/image\/\",\"url\":\"https:\/\/mycanvas.dk\/wp-content\/uploads\/2018\/09\/MyCanvas-Logo-Nyeste.png\",\"contentUrl\":\"https:\/\/mycanvas.dk\/wp-content\/uploads\/2018\/09\/MyCanvas-Logo-Nyeste.png\",\"width\":1916,\"height\":736,\"caption\":\"My Canvas\"},\"image\":{\"@id\":\"https:\/\/mycanvas.dk\/#\/schema\/logo\/image\/\"},\"sameAs\":[\"https:\/\/www.facebook.com\/MyCanvasDanmark\",\"https:\/\/www.instagram.com\/mycanvasdk\/\"]}]}<\/script>\n<!-- \/ Yoast SEO plugin. -->","yoast_head_json":{"title":"Tr\u00e6k\u00e6rre Plakater | Spar 10% p\u00e5 et samles\u00e6t - My Canvas","description":"K\u00f8b Tr\u00e6k\u00e6rre Plakater. DEN BEDSTE KVALITET Til den bedste pris - Historiske danske plakater - se vores store udvalg her My Canvas","robots":{"index":"index","follow":"follow","max-snippet":"max-snippet:-1","max-image-preview":"max-image-preview:large","max-video-preview":"max-video-preview:-1"},"canonical":"https:\/\/mycanvas.dk\/es\/producto\/traekaerre\/","og_locale":"es_ES","og_type":"article","og_title":"Tr\u00e6k\u00e6rre Plakater | Spar 10% p\u00e5 et samles\u00e6t - My Canvas","og_description":"K\u00f8b Tr\u00e6k\u00e6rre Plakater. DEN BEDSTE KVALITET Til den bedste pris - Historiske danske plakater - se vores store udvalg her My Canvas","og_url":"https:\/\/mycanvas.dk\/es\/producto\/traekaerre\/","og_site_name":"My Canvas","article_publisher":"https:\/\/www.facebook.com\/MyCanvasDanmark","article_modified_time":"2019-10-29T13:33:08+00:00","og_image":[{"width":2048,"height":1448,"url":"https:\/\/mycanvas.dk\/wp-content\/uploads\/2019\/02\/Untitled_Artwork-45.jpg","type":"image\/jpeg"}],"twitter_card":"summary_large_image","twitter_misc":{"Tiempo de lectura":"4 minutos"},"schema":{"@context":"https:\/\/schema.org","@graph":[{"@type":"WebPage","@id":"https:\/\/mycanvas.dk\/vare\/traekaerre\/","url":"https:\/\/mycanvas.dk\/vare\/traekaerre\/","name":"Tr\u00e6k\u00e6rre Plakater | Spar 10% p\u00e5 et samles\u00e6t - My Canvas","isPartOf":{"@id":"https:\/\/mycanvas.dk\/#website"},"primaryImageOfPage":{"@id":"https:\/\/mycanvas.dk\/vare\/traekaerre\/#primaryimage"},"image":{"@id":"https:\/\/mycanvas.dk\/vare\/traekaerre\/#primaryimage"},"thumbnailUrl":"https:\/\/mycanvas.dk\/wp-content\/uploads\/2019\/02\/Untitled_Artwork-45.jpg","datePublished":"2019-02-03T10:56:33+00:00","dateModified":"2019-10-29T13:33:08+00:00","description":"K\u00f8b Tr\u00e6k\u00e6rre Plakater. DEN BEDSTE KVALITET Til den bedste pris - Historiske danske plakater - se vores store udvalg her My Canvas","breadcrumb":{"@id":"https:\/\/mycanvas.dk\/vare\/traekaerre\/#breadcrumb"},"inLanguage":"es","potentialAction":[{"@type":"ReadAction","target":["https:\/\/mycanvas.dk\/vare\/traekaerre\/"]}]},{"@type":"ImageObject","inLanguage":"es","@id":"https:\/\/mycanvas.dk\/vare\/traekaerre\/#primaryimage","url":"https:\/\/mycanvas.dk\/wp-content\/uploads\/2019\/02\/Untitled_Artwork-45.jpg","contentUrl":"https:\/\/mycanvas.dk\/wp-content\/uploads\/2019\/02\/Untitled_Artwork-45.jpg","width":2048,"height":1448},{"@type":"BreadcrumbList","@id":"https:\/\/mycanvas.dk\/vare\/traekaerre\/#breadcrumb","itemListElement":[{"@type":"ListItem","position":1,"name":"Hjem","item":"https:\/\/mycanvas.dk\/"},{"@type":"ListItem","position":2,"name":"Shop","item":"https:\/\/mycanvas.dk\/shop\/"},{"@type":"ListItem","position":3,"name":"Tr\u00e6k\u00e6rre"}]},{"@type":"WebSite","@id":"https:\/\/mycanvas.dk\/#website","url":"https:\/\/mycanvas.dk\/","name":"My Canvas","description":"Vi g\u00f8r danmarks historie til kunst","publisher":{"@id":"https:\/\/mycanvas.dk\/#organization"},"potentialAction":[{"@type":"SearchAction","target":{"@type":"EntryPoint","urlTemplate":"https:\/\/mycanvas.dk\/?s={search_term_string}"},"query-input":{"@type":"PropertyValueSpecification","valueRequired":true,"valueName":"search_term_string"}}],"inLanguage":"es"},{"@type":"Organization","@id":"https:\/\/mycanvas.dk\/#organization","name":"My Canvas","url":"https:\/\/mycanvas.dk\/","logo":{"@type":"ImageObject","inLanguage":"es","@id":"https:\/\/mycanvas.dk\/#\/schema\/logo\/image\/","url":"https:\/\/mycanvas.dk\/wp-content\/uploads\/2018\/09\/MyCanvas-Logo-Nyeste.png","contentUrl":"https:\/\/mycanvas.dk\/wp-content\/uploads\/2018\/09\/MyCanvas-Logo-Nyeste.png","width":1916,"height":736,"caption":"My Canvas"},"image":{"@id":"https:\/\/mycanvas.dk\/#\/schema\/logo\/image\/"},"sameAs":["https:\/\/www.facebook.com\/MyCanvasDanmark","https:\/\/www.instagram.com\/mycanvasdk\/"]}]}},"_links":{"self":[{"href":"https:\/\/mycanvas.dk\/es\/wp-json\/wp\/v2\/product\/2115","targetHints":{"allow":["GET"]}}],"collection":[{"href":"https:\/\/mycanvas.dk\/es\/wp-json\/wp\/v2\/product"}],"about":[{"href":"https:\/\/mycanvas.dk\/es\/wp-json\/wp\/v2\/types\/product"}],"replies":[{"embeddable":true,"href":"https:\/\/mycanvas.dk\/es\/wp-json\/wp\/v2\/comments?post=2115"}],"wp:featuredmedia":[{"embeddable":true,"href":"https:\/\/mycanvas.dk\/es\/wp-json\/wp\/v2\/media\/2120"}],"wp:attachment":[{"href":"https:\/\/mycanvas.dk\/es\/wp-json\/wp\/v2\/media?parent=2115"}],"wp:term":[{"taxonomy":"product_cat","embeddable":true,"href":"https:\/\/mycanvas.dk\/es\/wp-json\/wp\/v2\/product_cat?post=2115"},{"taxonomy":"product_tag","embeddable":true,"href":"https:\/\/mycanvas.dk\/es\/wp-json\/wp\/v2\/product_tag?post=2115"}],"curies":[{"name":"wp","href":"https:\/\/api.w.org\/{rel}","templated":true}]}}