
{"id":2191,"date":"2019-02-03T17:14:53","date_gmt":"2019-02-03T16:14:53","guid":{"rendered":"http:\/\/mycanvas.dk\/?post_type=product&#038;p=2191"},"modified":"2019-10-29T14:20:42","modified_gmt":"2019-10-29T13:20:42","slug":"bagere","status":"publish","type":"product","link":"https:\/\/mycanvas.dk\/es\/producto\/bagere\/","title":{"rendered":"Oficial panadero"},"content":{"rendered":"<p>el panadero es un artesano que elabora pan y pasteles en panader\u00edas con tienda o en panader\u00edas industriales. La formaci\u00f3n de panadero ha sido un aprendizaje y, desde 1972 hasta la reforma de la ense\u00f1anza profesional en 1991, tambi\u00e9n una formaci\u00f3n profesional.<\/p>\n<p>La formaci\u00f3n panadera es una especialidad dentro de la formaci\u00f3n profesional. <em>panadero y pastelero<\/em>. Dependiendo de la especializaci\u00f3n elegida, la formaci\u00f3n dura desde 2 a\u00f1os y 1 mes hasta tres a\u00f1os y siete meses (2013). La ense\u00f1anza alterna entre la escuela y las pr\u00e1cticas en una panader\u00eda.<\/p>\n<div class=\"accordion\" rel=\"\">\n<div class=\"accordion-item\"><a href=\"#\" class=\"accordion-title plain\"><button class=\"toggle\"><i class=\"icon-angle-down\"><\/i><\/button><span>Leer m\u00e1s<\/span><\/a><div class=\"accordion-inner\">\n<p>En Dinamarca, hasta el final de la antig\u00fcedad, los cereales se utilizaban habitualmente como alimento en forma de gachas. S\u00f3lo entonces el uso del pan se volvi\u00f3 com\u00fan y, en el contexto del crecimiento de las ciudades comerciales, se desarroll\u00f3 el comercio de panificaci\u00f3n con suministros para la poblaci\u00f3n urbana en general, mientras que la poblaci\u00f3n rural y los hogares ricos m\u00e1s grandes se desarrollaron hasta el siglo XIX. \u00e9l mismo era responsable de la producci\u00f3n de pan. Originalmente, los cereales cebada y avena se utilizaban para hornear pan, pero en la Edad Media fueron sustituidos por el centeno y el trigo.<\/p>\n<p>Debido a Debido a las constantes fluctuaciones de los precios de los cereales y a la necesidad de un suministro seguro de pan, las autoridades tuvieron que tomar medidas reguladoras y mantener el control de los precios del pan, as\u00ed como del peso y la calidad del pan, no s\u00f3lo durante las guerras y las crisis. Los panaderos se esforzaron por explotar su monopolio, y a partir del siglo XVI. Hasta la derogaci\u00f3n en 1841, las tarifas del pan con precios m\u00e1ximos las fijaban los magistrados de las ciudades comerciales, quienes deb\u00edan garantizar a la poblaci\u00f3n el pan lo mejor y m\u00e1s barato posible.<\/p>\n<p>Las herramientas del panadero eran pocas y sencillas, aparte del horno. Ten\u00eda una mesa de trabajo, la mesa de trabajo y una artesa para la harina y usaba rejillas y eslingas junto al horno para meter y sacar el pan. En la Edad Media se produc\u00edan pan de centeno en forma de caur\u00ed, pan tamizado (p. ej. goleta triangular) y pan de trigo, entre otros. en forma de pared de pan fino o puntal. Las formas m\u00e1s nuevas fueron el simlen, el pretzel y el pan de coraz\u00f3n. En la segunda mitad del siglo XIX. La mecanizaci\u00f3n de la producci\u00f3n de pan se llev\u00f3 a cabo con la introducci\u00f3n de m\u00e1quinas amasadoras y, un poco m\u00e1s tarde, batidoras, tambi\u00e9n llamadas pulverizadoras de pan de centeno. Con la aparici\u00f3n de las f\u00e1bricas de pan de centeno (de los maestros panaderos), de las panader\u00edas comunales (de los trabajadores) y m\u00e1s tarde de las f\u00e1bricas de galletas y bizcochos, parte del \u00e1rea de trabajo del panadero pas\u00f3 a manos de los trabajadores de las f\u00e1bricas.<\/p>\n<p>La organizaci\u00f3n de panaderos es la m\u00e1s antigua de Dinamarca. Probablemente los panaderos de Schleswig ya ten\u00edan aprox. 1200 una asociaci\u00f3n, un gremio de artesanos y el gremio de panaderos de Copenhague (es decir, estatuto) de 1403 es el gremio de artesanos dan\u00e9s m\u00e1s antiguo conocido. Despu\u00e9s de la Ley Comercial de 1857, muchas empresas continuaron como organizaciones de panaderos. Alrededor de 1900, los empresarios fundaron la Asociaci\u00f3n de Empresarios de Maestros Panaderos y Pasteleros de las Provincias Orientales y la Asociaci\u00f3n Central de Maestros Panaderos y Pasteleros de Jutlandia. En 1892 los trabajadores fundaron el Sindicato de Trabajadores de Panader\u00eda y Confiter\u00eda y desde aprox. 1980 El grupo panadero en el Sindicato de Trabajadores de Alimentos y Bebidas.<\/p>\n<p>La necesidad de los productos del pan, junto con los privilegios de los panaderos, hac\u00eda que \u00e9stos estuvieran a menudo entre los artesanos m\u00e1s respetados y acomodados, s\u00f3lo superados por los orfebres. En las peque\u00f1as ciudades con mercado generalmente solo hab\u00eda unos pocos panaderos, y en el siglo XIX solo hab\u00eda 15 ciudades con mercado. un liquen de panadero. Ya desde el principio pudo producirse una cierta especializaci\u00f3n seg\u00fan las formas del pan; por s\u00ed mismo estaba el pastelero o el pastelero, y desde el principio. del siglo XVIII. Se conocen panaderos o pasteleros de az\u00facar especiales.<\/p>\n<\/div><\/div>\n<\/div>","protected":false},"excerpt":{"rendered":"<p>Grupo de panaderos oficiales que empiezan a envejecer para la panader\u00eda de hoy.<\/p>","protected":false},"featured_media":2195,"comment_status":"open","ping_status":"closed","template":"","meta":{"_mi_skip_tracking":false},"product_cat":[73,217],"product_tag":[],"class_list":{"0":"post-2191","1":"product","2":"type-product","3":"status-publish","4":"has-post-thumbnail","6":"product_cat-plakater","7":"product_cat-arbejderklassen","8":"pa_storrelse-a4-21x30cm","9":"pa_storrelse-a3-30x42cm","10":"pa_storrelse-b2-50x70cm","11":"pa_storrelse-b1-70x100cm","13":"first","14":"instock","15":"taxable","16":"shipping-taxable","17":"purchasable","18":"product-type-variable"},"yoast_head":"<!-- This site is optimized with the Yoast SEO plugin v24.2 - https:\/\/yoast.com\/wordpress\/plugins\/seo\/ -->\n<title>Bager svende Plakater | Spar 10% p\u00e5 et samles\u00e6t - My Canvas<\/title>\n<meta name=\"description\" content=\"K\u00f8b Bager svende Plakater. DEN BEDSTE KVALITET Til den bedste pris - Historiske danske plakater - se vores store udvalg her.\" \/>\n<meta name=\"robots\" content=\"index, follow, max-snippet:-1, max-image-preview:large, max-video-preview:-1\" \/>\n<link rel=\"canonical\" href=\"https:\/\/mycanvas.dk\/es\/producto\/bagere\/\" \/>\n<meta property=\"og:locale\" content=\"es_ES\" \/>\n<meta property=\"og:type\" content=\"article\" \/>\n<meta property=\"og:title\" content=\"Bager svende Plakater | Spar 10% p\u00e5 et samles\u00e6t - My Canvas\" \/>\n<meta property=\"og:description\" content=\"K\u00f8b Bager svende Plakater. DEN BEDSTE KVALITET Til den bedste pris - Historiske danske plakater - se vores store udvalg her.\" \/>\n<meta property=\"og:url\" content=\"https:\/\/mycanvas.dk\/es\/producto\/bagere\/\" \/>\n<meta property=\"og:site_name\" content=\"My Canvas\" \/>\n<meta property=\"article:publisher\" content=\"https:\/\/www.facebook.com\/MyCanvasDanmark\" \/>\n<meta property=\"article:modified_time\" content=\"2019-10-29T13:20:42+00:00\" \/>\n<meta property=\"og:image\" content=\"https:\/\/mycanvas.dk\/wp-content\/uploads\/2019\/02\/Untitled_Artwork-4.jpg\" \/>\n\t<meta property=\"og:image:width\" content=\"2048\" \/>\n\t<meta property=\"og:image:height\" content=\"1448\" \/>\n\t<meta property=\"og:image:type\" content=\"image\/jpeg\" \/>\n<meta name=\"twitter:card\" content=\"summary_large_image\" \/>\n<meta name=\"twitter:label1\" content=\"Tiempo de lectura\" \/>\n\t<meta name=\"twitter:data1\" content=\"3 minutos\" \/>\n<script type=\"application\/ld+json\" class=\"yoast-schema-graph\">{\"@context\":\"https:\/\/schema.org\",\"@graph\":[{\"@type\":\"WebPage\",\"@id\":\"https:\/\/mycanvas.dk\/vare\/bagere\/\",\"url\":\"https:\/\/mycanvas.dk\/vare\/bagere\/\",\"name\":\"Bager svende Plakater | Spar 10% p\u00e5 et samles\u00e6t - My Canvas\",\"isPartOf\":{\"@id\":\"https:\/\/mycanvas.dk\/#website\"},\"primaryImageOfPage\":{\"@id\":\"https:\/\/mycanvas.dk\/vare\/bagere\/#primaryimage\"},\"image\":{\"@id\":\"https:\/\/mycanvas.dk\/vare\/bagere\/#primaryimage\"},\"thumbnailUrl\":\"https:\/\/mycanvas.dk\/wp-content\/uploads\/2019\/02\/Untitled_Artwork-4.jpg\",\"datePublished\":\"2019-02-03T16:14:53+00:00\",\"dateModified\":\"2019-10-29T13:20:42+00:00\",\"description\":\"K\u00f8b Bager svende Plakater. DEN BEDSTE KVALITET Til den bedste pris - Historiske danske plakater - se vores store udvalg her.\",\"breadcrumb\":{\"@id\":\"https:\/\/mycanvas.dk\/vare\/bagere\/#breadcrumb\"},\"inLanguage\":\"es\",\"potentialAction\":[{\"@type\":\"ReadAction\",\"target\":[\"https:\/\/mycanvas.dk\/vare\/bagere\/\"]}]},{\"@type\":\"ImageObject\",\"inLanguage\":\"es\",\"@id\":\"https:\/\/mycanvas.dk\/vare\/bagere\/#primaryimage\",\"url\":\"https:\/\/mycanvas.dk\/wp-content\/uploads\/2019\/02\/Untitled_Artwork-4.jpg\",\"contentUrl\":\"https:\/\/mycanvas.dk\/wp-content\/uploads\/2019\/02\/Untitled_Artwork-4.jpg\",\"width\":2048,\"height\":1448},{\"@type\":\"BreadcrumbList\",\"@id\":\"https:\/\/mycanvas.dk\/vare\/bagere\/#breadcrumb\",\"itemListElement\":[{\"@type\":\"ListItem\",\"position\":1,\"name\":\"Hjem\",\"item\":\"https:\/\/mycanvas.dk\/\"},{\"@type\":\"ListItem\",\"position\":2,\"name\":\"Shop\",\"item\":\"https:\/\/mycanvas.dk\/shop\/\"},{\"@type\":\"ListItem\",\"position\":3,\"name\":\"Bager svende\"}]},{\"@type\":\"WebSite\",\"@id\":\"https:\/\/mycanvas.dk\/#website\",\"url\":\"https:\/\/mycanvas.dk\/\",\"name\":\"My Canvas\",\"description\":\"Vi g\u00f8r danmarks historie til kunst\",\"publisher\":{\"@id\":\"https:\/\/mycanvas.dk\/#organization\"},\"potentialAction\":[{\"@type\":\"SearchAction\",\"target\":{\"@type\":\"EntryPoint\",\"urlTemplate\":\"https:\/\/mycanvas.dk\/?s={search_term_string}\"},\"query-input\":{\"@type\":\"PropertyValueSpecification\",\"valueRequired\":true,\"valueName\":\"search_term_string\"}}],\"inLanguage\":\"es\"},{\"@type\":\"Organization\",\"@id\":\"https:\/\/mycanvas.dk\/#organization\",\"name\":\"My Canvas\",\"url\":\"https:\/\/mycanvas.dk\/\",\"logo\":{\"@type\":\"ImageObject\",\"inLanguage\":\"es\",\"@id\":\"https:\/\/mycanvas.dk\/#\/schema\/logo\/image\/\",\"url\":\"https:\/\/mycanvas.dk\/wp-content\/uploads\/2018\/09\/MyCanvas-Logo-Nyeste.png\",\"contentUrl\":\"https:\/\/mycanvas.dk\/wp-content\/uploads\/2018\/09\/MyCanvas-Logo-Nyeste.png\",\"width\":1916,\"height\":736,\"caption\":\"My Canvas\"},\"image\":{\"@id\":\"https:\/\/mycanvas.dk\/#\/schema\/logo\/image\/\"},\"sameAs\":[\"https:\/\/www.facebook.com\/MyCanvasDanmark\",\"https:\/\/www.instagram.com\/mycanvasdk\/\"]}]}<\/script>\n<!-- \/ Yoast SEO plugin. -->","yoast_head_json":{"title":"Bager svende Plakater | Spar 10% p\u00e5 et samles\u00e6t - My Canvas","description":"K\u00f8b Bager svende Plakater. DEN BEDSTE KVALITET Til den bedste pris - Historiske danske plakater - se vores store udvalg her.","robots":{"index":"index","follow":"follow","max-snippet":"max-snippet:-1","max-image-preview":"max-image-preview:large","max-video-preview":"max-video-preview:-1"},"canonical":"https:\/\/mycanvas.dk\/es\/producto\/bagere\/","og_locale":"es_ES","og_type":"article","og_title":"Bager svende Plakater | Spar 10% p\u00e5 et samles\u00e6t - My Canvas","og_description":"K\u00f8b Bager svende Plakater. DEN BEDSTE KVALITET Til den bedste pris - Historiske danske plakater - se vores store udvalg her.","og_url":"https:\/\/mycanvas.dk\/es\/producto\/bagere\/","og_site_name":"My Canvas","article_publisher":"https:\/\/www.facebook.com\/MyCanvasDanmark","article_modified_time":"2019-10-29T13:20:42+00:00","og_image":[{"width":2048,"height":1448,"url":"https:\/\/mycanvas.dk\/wp-content\/uploads\/2019\/02\/Untitled_Artwork-4.jpg","type":"image\/jpeg"}],"twitter_card":"summary_large_image","twitter_misc":{"Tiempo de lectura":"3 minutos"},"schema":{"@context":"https:\/\/schema.org","@graph":[{"@type":"WebPage","@id":"https:\/\/mycanvas.dk\/vare\/bagere\/","url":"https:\/\/mycanvas.dk\/vare\/bagere\/","name":"Bager svende Plakater | Spar 10% p\u00e5 et samles\u00e6t - My Canvas","isPartOf":{"@id":"https:\/\/mycanvas.dk\/#website"},"primaryImageOfPage":{"@id":"https:\/\/mycanvas.dk\/vare\/bagere\/#primaryimage"},"image":{"@id":"https:\/\/mycanvas.dk\/vare\/bagere\/#primaryimage"},"thumbnailUrl":"https:\/\/mycanvas.dk\/wp-content\/uploads\/2019\/02\/Untitled_Artwork-4.jpg","datePublished":"2019-02-03T16:14:53+00:00","dateModified":"2019-10-29T13:20:42+00:00","description":"K\u00f8b Bager svende Plakater. DEN BEDSTE KVALITET Til den bedste pris - Historiske danske plakater - se vores store udvalg her.","breadcrumb":{"@id":"https:\/\/mycanvas.dk\/vare\/bagere\/#breadcrumb"},"inLanguage":"es","potentialAction":[{"@type":"ReadAction","target":["https:\/\/mycanvas.dk\/vare\/bagere\/"]}]},{"@type":"ImageObject","inLanguage":"es","@id":"https:\/\/mycanvas.dk\/vare\/bagere\/#primaryimage","url":"https:\/\/mycanvas.dk\/wp-content\/uploads\/2019\/02\/Untitled_Artwork-4.jpg","contentUrl":"https:\/\/mycanvas.dk\/wp-content\/uploads\/2019\/02\/Untitled_Artwork-4.jpg","width":2048,"height":1448},{"@type":"BreadcrumbList","@id":"https:\/\/mycanvas.dk\/vare\/bagere\/#breadcrumb","itemListElement":[{"@type":"ListItem","position":1,"name":"Hjem","item":"https:\/\/mycanvas.dk\/"},{"@type":"ListItem","position":2,"name":"Shop","item":"https:\/\/mycanvas.dk\/shop\/"},{"@type":"ListItem","position":3,"name":"Bager svende"}]},{"@type":"WebSite","@id":"https:\/\/mycanvas.dk\/#website","url":"https:\/\/mycanvas.dk\/","name":"My Canvas","description":"Vi g\u00f8r danmarks historie til kunst","publisher":{"@id":"https:\/\/mycanvas.dk\/#organization"},"potentialAction":[{"@type":"SearchAction","target":{"@type":"EntryPoint","urlTemplate":"https:\/\/mycanvas.dk\/?s={search_term_string}"},"query-input":{"@type":"PropertyValueSpecification","valueRequired":true,"valueName":"search_term_string"}}],"inLanguage":"es"},{"@type":"Organization","@id":"https:\/\/mycanvas.dk\/#organization","name":"My Canvas","url":"https:\/\/mycanvas.dk\/","logo":{"@type":"ImageObject","inLanguage":"es","@id":"https:\/\/mycanvas.dk\/#\/schema\/logo\/image\/","url":"https:\/\/mycanvas.dk\/wp-content\/uploads\/2018\/09\/MyCanvas-Logo-Nyeste.png","contentUrl":"https:\/\/mycanvas.dk\/wp-content\/uploads\/2018\/09\/MyCanvas-Logo-Nyeste.png","width":1916,"height":736,"caption":"My Canvas"},"image":{"@id":"https:\/\/mycanvas.dk\/#\/schema\/logo\/image\/"},"sameAs":["https:\/\/www.facebook.com\/MyCanvasDanmark","https:\/\/www.instagram.com\/mycanvasdk\/"]}]}},"_links":{"self":[{"href":"https:\/\/mycanvas.dk\/es\/wp-json\/wp\/v2\/product\/2191","targetHints":{"allow":["GET"]}}],"collection":[{"href":"https:\/\/mycanvas.dk\/es\/wp-json\/wp\/v2\/product"}],"about":[{"href":"https:\/\/mycanvas.dk\/es\/wp-json\/wp\/v2\/types\/product"}],"replies":[{"embeddable":true,"href":"https:\/\/mycanvas.dk\/es\/wp-json\/wp\/v2\/comments?post=2191"}],"wp:featuredmedia":[{"embeddable":true,"href":"https:\/\/mycanvas.dk\/es\/wp-json\/wp\/v2\/media\/2195"}],"wp:attachment":[{"href":"https:\/\/mycanvas.dk\/es\/wp-json\/wp\/v2\/media?parent=2191"}],"wp:term":[{"taxonomy":"product_cat","embeddable":true,"href":"https:\/\/mycanvas.dk\/es\/wp-json\/wp\/v2\/product_cat?post=2191"},{"taxonomy":"product_tag","embeddable":true,"href":"https:\/\/mycanvas.dk\/es\/wp-json\/wp\/v2\/product_tag?post=2191"}],"curies":[{"name":"wp","href":"https:\/\/api.w.org\/{rel}","templated":true}]}}