
{"id":2208,"date":"2019-02-03T18:59:57","date_gmt":"2019-02-03T17:59:57","guid":{"rendered":"http:\/\/mycanvas.dk\/?post_type=product&#038;p=2208"},"modified":"2019-10-29T14:19:00","modified_gmt":"2019-10-29T13:19:00","slug":"laborant","status":"publish","type":"product","link":"https:\/\/mycanvas.dk\/es\/producto\/laborant\/","title":{"rendered":"tecnico de laboratorio"},"content":{"rendered":"<p>La tarea principal del t\u00e9cnico de laboratorio es tomar diversas muestras de laboratorio, p.e. alimentos, cosm\u00e9ticos, productos farmac\u00e9uticos y aguas subterr\u00e1neas para luego controlarlos y analizarlos. En las farmacias hospitalarias, los t\u00e9cnicos de laboratorio trabajan en la producci\u00f3n de medicamentos bajo la direcci\u00f3n de un farmac\u00e9utico. Algunos asistentes de laboratorio tambi\u00e9n trabajan como secretarias en consultas m\u00e9dicas. Estos trabajadores de laboratorio se llaman <i>asistentes de laboratorio de practica<\/i>.<\/p>\n<div class=\"accordion\" rel=\"\">\n<div class=\"accordion-item\"><a href=\"#\" class=\"accordion-title plain\"><button class=\"toggle\"><i class=\"icon-angle-down\"><\/i><\/button><span>Leer m\u00e1s<\/span><\/a><div class=\"accordion-inner\">\n<p>La formaci\u00f3n de dos a\u00f1os y medio para un asistente de laboratorio es una educaci\u00f3n superior corta (KVU), llamada <i>formaci\u00f3n acad\u00e9mica profesional (AK) dentro del \u00e1rea de laboratorio<\/i> y lleva al t\u00edtulo <i>t\u00e9cnico de laboratorio AK<\/i>. La educaci\u00f3n consta de un curso principal y un curso de tesis y es elegible para SU.<\/p>\n<p>El curso principal tiene una duraci\u00f3n de un a\u00f1o y medio y se lleva a cabo en una de las nueve escuelas laboratorio del pa\u00eds. En la escuela de t\u00e9cnicos de laboratorio se ense\u00f1a qu\u00edmica, matem\u00e1ticas, medio ambiente de trabajo, gesti\u00f3n de calidad, inform\u00e1tica, comunicaci\u00f3n, ingenier\u00eda de laboratorio, ingenier\u00eda de aparatos, m\u00e9todos anal\u00edticos, microbiolog\u00eda y biotecnolog\u00eda.<\/p>\n<p>El curso de tesis tiene una duraci\u00f3n de un a\u00f1o y se desarrolla como pr\u00e1cticas en una empresa, donde el estudiante recibe un salario mensual de pr\u00e1cticas de aprox. 12-15 000 DKK (m\u00e1s si el pasante tiene 25 a\u00f1os o m\u00e1s). Durante el curso de tesis (educaci\u00f3n empresarial) se elabora un proyecto escrito, que deber\u00e1 ser defendido oralmente en el examen final.<\/p>\n<p>La designaci\u00f3n para t\u00e9cnico de laboratorio en ingl\u00e9s es Graduado de Profesi\u00f3n Acad\u00e9mica (AP) en Ciencias Qu\u00edmicas y Biot\u00e9cnicas, anteriormente tambi\u00e9n se usaba <i>T\u00e9cnico de laboratorio<\/i>, <i>Tecn\u00f3logo de laboratorio<\/i>. El nombre de la academia de formaci\u00f3n profesional (AK) dentro del \u00e1rea de laboratorio es <i>Profesi\u00f3n Acad\u00e9mica (AP) Licenciatura en Ciencias Qu\u00edmicas y Biot\u00e9cnicas<\/i>.<\/p>\n<p>Existe una opci\u00f3n de educaci\u00f3n superior con miras a convertirse en una licenciatura profesional (PBA) en un a\u00f1o y medio en tecnolog\u00eda de laboratorio, alimentos y procesos. La educaci\u00f3n es una educaci\u00f3n complementaria que te capacita para realizar tareas interdisciplinarias en la industria alimentaria y farmac\u00e9utica. Se especializan en tecnolog\u00eda de laboratorio, alimentos o procesos. El programa de superestructura tambi\u00e9n est\u00e1 disponible en una versi\u00f3n a tiempo parcial como programa de diploma.<\/p>\n<p>Tienes la oportunidad de darle a la educaci\u00f3n un perfil internacional realizando unas pr\u00e1cticas en una empresa extranjera.<\/p>\n<p>Como graduado, puedes trabajar, p. empresas de alimentos y f\u00e1bricas farmac\u00e9uticas con, por ejemplo, gesti\u00f3n de proyectos, desarrollo y garant\u00eda de calidad.<\/p>\n<\/div><\/div>\n<\/div>","protected":false},"excerpt":{"rendered":"<p>T\u00e9cnico de laboratorio femenino ajusta su equipo qu\u00edmico<\/p>","protected":false},"featured_media":2209,"comment_status":"open","ping_status":"closed","template":"","meta":{"_mi_skip_tracking":false},"product_cat":[73,217],"product_tag":[],"class_list":{"0":"post-2208","1":"product","2":"type-product","3":"status-publish","4":"has-post-thumbnail","6":"product_cat-plakater","7":"product_cat-arbejderklassen","8":"pa_storrelse-a4-21x30cm","9":"pa_storrelse-a3-30x42cm","10":"pa_storrelse-b2-50x70cm","11":"pa_storrelse-b1-70x100cm","13":"first","14":"instock","15":"taxable","16":"shipping-taxable","17":"purchasable","18":"product-type-variable"},"yoast_head":"<!-- This site is optimized with the Yoast SEO plugin v24.2 - https:\/\/yoast.com\/wordpress\/plugins\/seo\/ -->\n<title>Laborant Plakater | Spar 10% p\u00e5 et samles\u00e6t - My Canvas<\/title>\n<meta name=\"description\" content=\"K\u00f8b Laborant Plakater. DEN BEDSTE KVALITET Til den bedste pris - Historiske danske plakater - se vores store udvalg her My Canvas\" \/>\n<meta name=\"robots\" content=\"index, follow, max-snippet:-1, max-image-preview:large, max-video-preview:-1\" \/>\n<link rel=\"canonical\" href=\"https:\/\/mycanvas.dk\/es\/producto\/laborant\/\" \/>\n<meta property=\"og:locale\" content=\"es_ES\" \/>\n<meta property=\"og:type\" content=\"article\" \/>\n<meta property=\"og:title\" content=\"Laborant Plakater | Spar 10% p\u00e5 et samles\u00e6t - My Canvas\" \/>\n<meta property=\"og:description\" content=\"K\u00f8b Laborant Plakater. DEN BEDSTE KVALITET Til den bedste pris - Historiske danske plakater - se vores store udvalg her My Canvas\" \/>\n<meta property=\"og:url\" content=\"https:\/\/mycanvas.dk\/es\/producto\/laborant\/\" \/>\n<meta property=\"og:site_name\" content=\"My Canvas\" \/>\n<meta property=\"article:publisher\" content=\"https:\/\/www.facebook.com\/MyCanvasDanmark\" \/>\n<meta property=\"article:modified_time\" content=\"2019-10-29T13:19:00+00:00\" \/>\n<meta property=\"og:image\" content=\"https:\/\/mycanvas.dk\/wp-content\/uploads\/2019\/02\/Untitled_Artwork-48.jpg\" \/>\n\t<meta property=\"og:image:width\" content=\"1448\" \/>\n\t<meta property=\"og:image:height\" content=\"2048\" \/>\n\t<meta property=\"og:image:type\" content=\"image\/jpeg\" \/>\n<meta name=\"twitter:card\" content=\"summary_large_image\" \/>\n<meta name=\"twitter:label1\" content=\"Tiempo de lectura\" \/>\n\t<meta name=\"twitter:data1\" content=\"2 minutos\" \/>\n<script type=\"application\/ld+json\" class=\"yoast-schema-graph\">{\"@context\":\"https:\/\/schema.org\",\"@graph\":[{\"@type\":\"WebPage\",\"@id\":\"https:\/\/mycanvas.dk\/vare\/laborant\/\",\"url\":\"https:\/\/mycanvas.dk\/vare\/laborant\/\",\"name\":\"Laborant Plakater | Spar 10% p\u00e5 et samles\u00e6t - My Canvas\",\"isPartOf\":{\"@id\":\"https:\/\/mycanvas.dk\/#website\"},\"primaryImageOfPage\":{\"@id\":\"https:\/\/mycanvas.dk\/vare\/laborant\/#primaryimage\"},\"image\":{\"@id\":\"https:\/\/mycanvas.dk\/vare\/laborant\/#primaryimage\"},\"thumbnailUrl\":\"https:\/\/mycanvas.dk\/wp-content\/uploads\/2019\/02\/Untitled_Artwork-48.jpg\",\"datePublished\":\"2019-02-03T17:59:57+00:00\",\"dateModified\":\"2019-10-29T13:19:00+00:00\",\"description\":\"K\u00f8b Laborant Plakater. DEN BEDSTE KVALITET Til den bedste pris - Historiske danske plakater - se vores store udvalg her My Canvas\",\"breadcrumb\":{\"@id\":\"https:\/\/mycanvas.dk\/vare\/laborant\/#breadcrumb\"},\"inLanguage\":\"es\",\"potentialAction\":[{\"@type\":\"ReadAction\",\"target\":[\"https:\/\/mycanvas.dk\/vare\/laborant\/\"]}]},{\"@type\":\"ImageObject\",\"inLanguage\":\"es\",\"@id\":\"https:\/\/mycanvas.dk\/vare\/laborant\/#primaryimage\",\"url\":\"https:\/\/mycanvas.dk\/wp-content\/uploads\/2019\/02\/Untitled_Artwork-48.jpg\",\"contentUrl\":\"https:\/\/mycanvas.dk\/wp-content\/uploads\/2019\/02\/Untitled_Artwork-48.jpg\",\"width\":1448,\"height\":2048},{\"@type\":\"BreadcrumbList\",\"@id\":\"https:\/\/mycanvas.dk\/vare\/laborant\/#breadcrumb\",\"itemListElement\":[{\"@type\":\"ListItem\",\"position\":1,\"name\":\"Hjem\",\"item\":\"https:\/\/mycanvas.dk\/\"},{\"@type\":\"ListItem\",\"position\":2,\"name\":\"Shop\",\"item\":\"https:\/\/mycanvas.dk\/shop\/\"},{\"@type\":\"ListItem\",\"position\":3,\"name\":\"Laborant\"}]},{\"@type\":\"WebSite\",\"@id\":\"https:\/\/mycanvas.dk\/#website\",\"url\":\"https:\/\/mycanvas.dk\/\",\"name\":\"My Canvas\",\"description\":\"Vi g\u00f8r danmarks historie til kunst\",\"publisher\":{\"@id\":\"https:\/\/mycanvas.dk\/#organization\"},\"potentialAction\":[{\"@type\":\"SearchAction\",\"target\":{\"@type\":\"EntryPoint\",\"urlTemplate\":\"https:\/\/mycanvas.dk\/?s={search_term_string}\"},\"query-input\":{\"@type\":\"PropertyValueSpecification\",\"valueRequired\":true,\"valueName\":\"search_term_string\"}}],\"inLanguage\":\"es\"},{\"@type\":\"Organization\",\"@id\":\"https:\/\/mycanvas.dk\/#organization\",\"name\":\"My Canvas\",\"url\":\"https:\/\/mycanvas.dk\/\",\"logo\":{\"@type\":\"ImageObject\",\"inLanguage\":\"es\",\"@id\":\"https:\/\/mycanvas.dk\/#\/schema\/logo\/image\/\",\"url\":\"https:\/\/mycanvas.dk\/wp-content\/uploads\/2018\/09\/MyCanvas-Logo-Nyeste.png\",\"contentUrl\":\"https:\/\/mycanvas.dk\/wp-content\/uploads\/2018\/09\/MyCanvas-Logo-Nyeste.png\",\"width\":1916,\"height\":736,\"caption\":\"My Canvas\"},\"image\":{\"@id\":\"https:\/\/mycanvas.dk\/#\/schema\/logo\/image\/\"},\"sameAs\":[\"https:\/\/www.facebook.com\/MyCanvasDanmark\",\"https:\/\/www.instagram.com\/mycanvasdk\/\"]}]}<\/script>\n<!-- \/ Yoast SEO plugin. -->","yoast_head_json":{"title":"Laborant Plakater | Spar 10% p\u00e5 et samles\u00e6t - My Canvas","description":"K\u00f8b Laborant Plakater. DEN BEDSTE KVALITET Til den bedste pris - Historiske danske plakater - se vores store udvalg her My Canvas","robots":{"index":"index","follow":"follow","max-snippet":"max-snippet:-1","max-image-preview":"max-image-preview:large","max-video-preview":"max-video-preview:-1"},"canonical":"https:\/\/mycanvas.dk\/es\/producto\/laborant\/","og_locale":"es_ES","og_type":"article","og_title":"Laborant Plakater | Spar 10% p\u00e5 et samles\u00e6t - My Canvas","og_description":"K\u00f8b Laborant Plakater. DEN BEDSTE KVALITET Til den bedste pris - Historiske danske plakater - se vores store udvalg her My Canvas","og_url":"https:\/\/mycanvas.dk\/es\/producto\/laborant\/","og_site_name":"My Canvas","article_publisher":"https:\/\/www.facebook.com\/MyCanvasDanmark","article_modified_time":"2019-10-29T13:19:00+00:00","og_image":[{"width":1448,"height":2048,"url":"https:\/\/mycanvas.dk\/wp-content\/uploads\/2019\/02\/Untitled_Artwork-48.jpg","type":"image\/jpeg"}],"twitter_card":"summary_large_image","twitter_misc":{"Tiempo de lectura":"2 minutos"},"schema":{"@context":"https:\/\/schema.org","@graph":[{"@type":"WebPage","@id":"https:\/\/mycanvas.dk\/vare\/laborant\/","url":"https:\/\/mycanvas.dk\/vare\/laborant\/","name":"Laborant Plakater | Spar 10% p\u00e5 et samles\u00e6t - My Canvas","isPartOf":{"@id":"https:\/\/mycanvas.dk\/#website"},"primaryImageOfPage":{"@id":"https:\/\/mycanvas.dk\/vare\/laborant\/#primaryimage"},"image":{"@id":"https:\/\/mycanvas.dk\/vare\/laborant\/#primaryimage"},"thumbnailUrl":"https:\/\/mycanvas.dk\/wp-content\/uploads\/2019\/02\/Untitled_Artwork-48.jpg","datePublished":"2019-02-03T17:59:57+00:00","dateModified":"2019-10-29T13:19:00+00:00","description":"K\u00f8b Laborant Plakater. DEN BEDSTE KVALITET Til den bedste pris - Historiske danske plakater - se vores store udvalg her My Canvas","breadcrumb":{"@id":"https:\/\/mycanvas.dk\/vare\/laborant\/#breadcrumb"},"inLanguage":"es","potentialAction":[{"@type":"ReadAction","target":["https:\/\/mycanvas.dk\/vare\/laborant\/"]}]},{"@type":"ImageObject","inLanguage":"es","@id":"https:\/\/mycanvas.dk\/vare\/laborant\/#primaryimage","url":"https:\/\/mycanvas.dk\/wp-content\/uploads\/2019\/02\/Untitled_Artwork-48.jpg","contentUrl":"https:\/\/mycanvas.dk\/wp-content\/uploads\/2019\/02\/Untitled_Artwork-48.jpg","width":1448,"height":2048},{"@type":"BreadcrumbList","@id":"https:\/\/mycanvas.dk\/vare\/laborant\/#breadcrumb","itemListElement":[{"@type":"ListItem","position":1,"name":"Hjem","item":"https:\/\/mycanvas.dk\/"},{"@type":"ListItem","position":2,"name":"Shop","item":"https:\/\/mycanvas.dk\/shop\/"},{"@type":"ListItem","position":3,"name":"Laborant"}]},{"@type":"WebSite","@id":"https:\/\/mycanvas.dk\/#website","url":"https:\/\/mycanvas.dk\/","name":"My Canvas","description":"Vi g\u00f8r danmarks historie til kunst","publisher":{"@id":"https:\/\/mycanvas.dk\/#organization"},"potentialAction":[{"@type":"SearchAction","target":{"@type":"EntryPoint","urlTemplate":"https:\/\/mycanvas.dk\/?s={search_term_string}"},"query-input":{"@type":"PropertyValueSpecification","valueRequired":true,"valueName":"search_term_string"}}],"inLanguage":"es"},{"@type":"Organization","@id":"https:\/\/mycanvas.dk\/#organization","name":"My Canvas","url":"https:\/\/mycanvas.dk\/","logo":{"@type":"ImageObject","inLanguage":"es","@id":"https:\/\/mycanvas.dk\/#\/schema\/logo\/image\/","url":"https:\/\/mycanvas.dk\/wp-content\/uploads\/2018\/09\/MyCanvas-Logo-Nyeste.png","contentUrl":"https:\/\/mycanvas.dk\/wp-content\/uploads\/2018\/09\/MyCanvas-Logo-Nyeste.png","width":1916,"height":736,"caption":"My Canvas"},"image":{"@id":"https:\/\/mycanvas.dk\/#\/schema\/logo\/image\/"},"sameAs":["https:\/\/www.facebook.com\/MyCanvasDanmark","https:\/\/www.instagram.com\/mycanvasdk\/"]}]}},"_links":{"self":[{"href":"https:\/\/mycanvas.dk\/es\/wp-json\/wp\/v2\/product\/2208","targetHints":{"allow":["GET"]}}],"collection":[{"href":"https:\/\/mycanvas.dk\/es\/wp-json\/wp\/v2\/product"}],"about":[{"href":"https:\/\/mycanvas.dk\/es\/wp-json\/wp\/v2\/types\/product"}],"replies":[{"embeddable":true,"href":"https:\/\/mycanvas.dk\/es\/wp-json\/wp\/v2\/comments?post=2208"}],"wp:featuredmedia":[{"embeddable":true,"href":"https:\/\/mycanvas.dk\/es\/wp-json\/wp\/v2\/media\/2209"}],"wp:attachment":[{"href":"https:\/\/mycanvas.dk\/es\/wp-json\/wp\/v2\/media?parent=2208"}],"wp:term":[{"taxonomy":"product_cat","embeddable":true,"href":"https:\/\/mycanvas.dk\/es\/wp-json\/wp\/v2\/product_cat?post=2208"},{"taxonomy":"product_tag","embeddable":true,"href":"https:\/\/mycanvas.dk\/es\/wp-json\/wp\/v2\/product_tag?post=2208"}],"curies":[{"name":"wp","href":"https:\/\/api.w.org\/{rel}","templated":true}]}}