
{"id":3095,"date":"2019-05-13T00:25:36","date_gmt":"2019-05-12T23:25:36","guid":{"rendered":"https:\/\/mycanvas.dk\/vare\/den-nye-kurs\/"},"modified":"2019-11-04T11:56:52","modified_gmt":"2019-11-04T10:56:52","slug":"den-nye-kurs","status":"publish","type":"product","link":"https:\/\/mycanvas.dk\/es\/producto\/den-nye-kurs\/","title":{"rendered":"el nuevo curso"},"content":{"rendered":"<p>&quot;El nuevo rumbo&quot; de la socialdemocracia de 1948 se inici\u00f3 en la campa\u00f1a electoral inmediatamente despu\u00e9s de la ocupaci\u00f3n. La ocupaci\u00f3n alemana de Dinamarca hab\u00eda marcado el comienzo de un per\u00edodo pol\u00edtico turbulento para la historia danesa. Los socialdem\u00f3cratas y la izquierda radical continuaron su cooperaci\u00f3n gubernamental despu\u00e9s de las elecciones generales de 1939, pero despu\u00e9s de la ocupaci\u00f3n se form\u00f3 el primero de un total de cinco gobiernos de coalici\u00f3n entre los socialdem\u00f3cratas, la izquierda radical, los liberales y el Partido Popular Conservador. El per\u00edodo pol\u00edtico inestable se caracteriz\u00f3 por los \u00faltimos cinco a\u00f1os de ocupaci\u00f3n alemana.<\/p>\n<p>El gobierno de liberaci\u00f3n formado en 1945 fue un gobierno de coalici\u00f3n formado por los cuatro viejos partidos; Los socialdem\u00f3cratas, la izquierda radical, la izquierda y el Partido Popular Conservador, y el movimiento de resistencia, incluidos los partidos de oposici\u00f3n; DKP y Dansk Samling. Sin embargo, el gobierno de liberaci\u00f3n fue concebido desde el principio s\u00f3lo como un gobierno de transici\u00f3n y fue reemplazado por un gobierno de izquierda despu\u00e9s de las elecciones del oto\u00f1o de 1945. En las elecciones posteriores, los liberales y los socialdem\u00f3cratas se turnaron para ocupar el cargo de Primer Ministro.<\/p>\n<p>La situaci\u00f3n pol\u00edtica despu\u00e9s de la liberaci\u00f3n se caracteriz\u00f3 por los problemas econ\u00f3micos posteriores a la guerra mundial y las relaciones con pa\u00edses extranjeros, en la situaci\u00f3n internacional pol\u00edticamente fluida despu\u00e9s del fin de la guerra mundial. El racionamiento fue uno de los principales temas de debate y, como el resto de Europa, el pa\u00eds se caracteriz\u00f3 por la escasez de bienes y viviendas. En particular, los partidos burgueses y la Asociaci\u00f3n de Tribunales criticaron el racionamiento y las restricciones a las importaciones, mientras que los socialdem\u00f3cratas y la izquierda radical no quer\u00edan abolir el racionamiento demasiado r\u00e1pido. En t\u00e9rminos de pol\u00edtica exterior, Dinamarca se convirti\u00f3 en miembro de la ONU en 1945 y firm\u00f3 el Tratado Atl\u00e1ntico en abril de 1949, que era un tratado de cooperaci\u00f3n militar entre los pa\u00edses aliados occidentales (OTAN). Los partidos burgueses estaban a favor de la cooperaci\u00f3n de la OTAN, mientras que la izquierda radical estaba en contra, ya que quer\u00edan mantener la neutralidad danesa. Los socialdem\u00f3cratas inicialmente quer\u00edan la cooperaci\u00f3n n\u00f3rdica en materia de defensa, pero tambi\u00e9n eligieron el camino de la OTAN, ya que no pudo implementarse.<\/p>\n<p>Otro tema importante de debate en la \u00e9poca posterior a la liberaci\u00f3n fue el sur de Schleswig. Muchos ciudadanos creyeron que la derrota alemana era una oportunidad para llevar a cabo una nueva revisi\u00f3n de fronteras. Sin embargo, los socialdem\u00f3cratas y De Radikale insistieron en que esto s\u00f3lo causar\u00eda problemas en la relaci\u00f3n con Alemania a largo plazo, y aunque los liberales lograron grandes avances en la cuesti\u00f3n en las elecciones de 1947, nunca se reuni\u00f3 una mayor\u00eda pol\u00edtica para una revisi\u00f3n. .<\/p>\n<p>Los a\u00f1os 1939 a 1950 fueron pol\u00edticamente inusuales, ya que la ocupaci\u00f3n y los problemas de la posguerra se convirtieron en una mezcla de alianzas y divisiones. Los gobiernos de coalici\u00f3n lucharon por la independencia danesa durante la ocupaci\u00f3n, y despu\u00e9s de la ocupaci\u00f3n los mismos partidos lucharon entre s\u00ed, lo que hizo tan dif\u00edcil para un gobierno implementar la pol\u00edtica exterior y la austeridad econ\u00f3mica que tanto el gobierno de 1945 como el de 1947 tuvieron que convocar anticipadamente elecciones.<\/p>","protected":false},"excerpt":{"rendered":"<p>&quot;El nuevo rumbo&quot; de 1948 por los socialdem\u00f3cratas<\/p>","protected":false},"featured_media":2793,"comment_status":"open","ping_status":"closed","template":"","meta":{"_mi_skip_tracking":false},"product_cat":[234,73],"product_tag":[],"class_list":{"0":"post-3095","1":"product","2":"type-product","3":"status-publish","4":"has-post-thumbnail","6":"product_cat-politik","7":"product_cat-plakater","8":"pa_storrelse-a4-21x30cm","9":"pa_storrelse-a3-30x42cm","10":"pa_storrelse-b2-50x70cm","11":"pa_storrelse-b1-70x100cm","13":"first","14":"instock","15":"taxable","16":"shipping-taxable","17":"purchasable","18":"product-type-variable"},"yoast_head":"<!-- This site is optimized with the Yoast SEO plugin v24.2 - https:\/\/yoast.com\/wordpress\/plugins\/seo\/ -->\n<title>Den nye kurs Plakater | Spar 10% p\u00e5 et samles\u00e6t - My Canvas<\/title>\n<meta name=\"description\" content=\"K\u00f8b Den nye kurs Plakater. DEN BEDSTE KVALITET Til den bedste pris - Historiske danske plakater\" \/>\n<meta name=\"robots\" content=\"index, follow, max-snippet:-1, max-image-preview:large, max-video-preview:-1\" \/>\n<link rel=\"canonical\" href=\"https:\/\/mycanvas.dk\/es\/producto\/den-nye-kurs\/\" \/>\n<meta property=\"og:locale\" content=\"es_ES\" \/>\n<meta property=\"og:type\" content=\"article\" \/>\n<meta property=\"og:title\" content=\"Den nye kurs Plakater | Spar 10% p\u00e5 et samles\u00e6t - My Canvas\" \/>\n<meta property=\"og:description\" content=\"K\u00f8b Den nye kurs Plakater. DEN BEDSTE KVALITET Til den bedste pris - Historiske danske plakater\" \/>\n<meta property=\"og:url\" content=\"https:\/\/mycanvas.dk\/es\/producto\/den-nye-kurs\/\" \/>\n<meta property=\"og:site_name\" content=\"My Canvas\" \/>\n<meta property=\"article:publisher\" content=\"https:\/\/www.facebook.com\/MyCanvasDanmark\" \/>\n<meta property=\"article:modified_time\" content=\"2019-11-04T10:56:52+00:00\" \/>\n<meta property=\"og:image\" content=\"https:\/\/mycanvas.dk\/wp-content\/uploads\/2019\/05\/politik26-eg.jpg\" \/>\n\t<meta property=\"og:image:width\" content=\"1448\" \/>\n\t<meta property=\"og:image:height\" content=\"2048\" \/>\n\t<meta property=\"og:image:type\" content=\"image\/jpeg\" \/>\n<meta name=\"twitter:card\" content=\"summary_large_image\" \/>\n<meta name=\"twitter:label1\" content=\"Tiempo de lectura\" \/>\n\t<meta name=\"twitter:data1\" content=\"2 minutos\" \/>\n<script type=\"application\/ld+json\" class=\"yoast-schema-graph\">{\"@context\":\"https:\/\/schema.org\",\"@graph\":[{\"@type\":\"WebPage\",\"@id\":\"https:\/\/mycanvas.dk\/vare\/den-nye-kurs\/\",\"url\":\"https:\/\/mycanvas.dk\/vare\/den-nye-kurs\/\",\"name\":\"Den nye kurs Plakater | Spar 10% p\u00e5 et samles\u00e6t - My Canvas\",\"isPartOf\":{\"@id\":\"https:\/\/mycanvas.dk\/#website\"},\"primaryImageOfPage\":{\"@id\":\"https:\/\/mycanvas.dk\/vare\/den-nye-kurs\/#primaryimage\"},\"image\":{\"@id\":\"https:\/\/mycanvas.dk\/vare\/den-nye-kurs\/#primaryimage\"},\"thumbnailUrl\":\"https:\/\/mycanvas.dk\/wp-content\/uploads\/2019\/05\/politik26-eg.jpg\",\"datePublished\":\"2019-05-12T23:25:36+00:00\",\"dateModified\":\"2019-11-04T10:56:52+00:00\",\"description\":\"K\u00f8b Den nye kurs Plakater. DEN BEDSTE KVALITET Til den bedste pris - Historiske danske plakater\",\"breadcrumb\":{\"@id\":\"https:\/\/mycanvas.dk\/vare\/den-nye-kurs\/#breadcrumb\"},\"inLanguage\":\"es\",\"potentialAction\":[{\"@type\":\"ReadAction\",\"target\":[\"https:\/\/mycanvas.dk\/vare\/den-nye-kurs\/\"]}]},{\"@type\":\"ImageObject\",\"inLanguage\":\"es\",\"@id\":\"https:\/\/mycanvas.dk\/vare\/den-nye-kurs\/#primaryimage\",\"url\":\"https:\/\/mycanvas.dk\/wp-content\/uploads\/2019\/05\/politik26-eg.jpg\",\"contentUrl\":\"https:\/\/mycanvas.dk\/wp-content\/uploads\/2019\/05\/politik26-eg.jpg\",\"width\":1448,\"height\":2048},{\"@type\":\"BreadcrumbList\",\"@id\":\"https:\/\/mycanvas.dk\/vare\/den-nye-kurs\/#breadcrumb\",\"itemListElement\":[{\"@type\":\"ListItem\",\"position\":1,\"name\":\"Hjem\",\"item\":\"https:\/\/mycanvas.dk\/\"},{\"@type\":\"ListItem\",\"position\":2,\"name\":\"Shop\",\"item\":\"https:\/\/mycanvas.dk\/shop\/\"},{\"@type\":\"ListItem\",\"position\":3,\"name\":\"Den nye kurs\"}]},{\"@type\":\"WebSite\",\"@id\":\"https:\/\/mycanvas.dk\/#website\",\"url\":\"https:\/\/mycanvas.dk\/\",\"name\":\"My Canvas\",\"description\":\"Vi g\u00f8r danmarks historie til kunst\",\"publisher\":{\"@id\":\"https:\/\/mycanvas.dk\/#organization\"},\"potentialAction\":[{\"@type\":\"SearchAction\",\"target\":{\"@type\":\"EntryPoint\",\"urlTemplate\":\"https:\/\/mycanvas.dk\/?s={search_term_string}\"},\"query-input\":{\"@type\":\"PropertyValueSpecification\",\"valueRequired\":true,\"valueName\":\"search_term_string\"}}],\"inLanguage\":\"es\"},{\"@type\":\"Organization\",\"@id\":\"https:\/\/mycanvas.dk\/#organization\",\"name\":\"My Canvas\",\"url\":\"https:\/\/mycanvas.dk\/\",\"logo\":{\"@type\":\"ImageObject\",\"inLanguage\":\"es\",\"@id\":\"https:\/\/mycanvas.dk\/#\/schema\/logo\/image\/\",\"url\":\"https:\/\/mycanvas.dk\/wp-content\/uploads\/2018\/09\/MyCanvas-Logo-Nyeste.png\",\"contentUrl\":\"https:\/\/mycanvas.dk\/wp-content\/uploads\/2018\/09\/MyCanvas-Logo-Nyeste.png\",\"width\":1916,\"height\":736,\"caption\":\"My Canvas\"},\"image\":{\"@id\":\"https:\/\/mycanvas.dk\/#\/schema\/logo\/image\/\"},\"sameAs\":[\"https:\/\/www.facebook.com\/MyCanvasDanmark\",\"https:\/\/www.instagram.com\/mycanvasdk\/\"]}]}<\/script>\n<!-- \/ Yoast SEO plugin. -->","yoast_head_json":{"title":"Den nye kurs Plakater | Spar 10% p\u00e5 et samles\u00e6t - My Canvas","description":"K\u00f8b Den nye kurs Plakater. DEN BEDSTE KVALITET Til den bedste pris - Historiske danske plakater","robots":{"index":"index","follow":"follow","max-snippet":"max-snippet:-1","max-image-preview":"max-image-preview:large","max-video-preview":"max-video-preview:-1"},"canonical":"https:\/\/mycanvas.dk\/es\/producto\/den-nye-kurs\/","og_locale":"es_ES","og_type":"article","og_title":"Den nye kurs Plakater | Spar 10% p\u00e5 et samles\u00e6t - My Canvas","og_description":"K\u00f8b Den nye kurs Plakater. DEN BEDSTE KVALITET Til den bedste pris - Historiske danske plakater","og_url":"https:\/\/mycanvas.dk\/es\/producto\/den-nye-kurs\/","og_site_name":"My Canvas","article_publisher":"https:\/\/www.facebook.com\/MyCanvasDanmark","article_modified_time":"2019-11-04T10:56:52+00:00","og_image":[{"width":1448,"height":2048,"url":"https:\/\/mycanvas.dk\/wp-content\/uploads\/2019\/05\/politik26-eg.jpg","type":"image\/jpeg"}],"twitter_card":"summary_large_image","twitter_misc":{"Tiempo de lectura":"2 minutos"},"schema":{"@context":"https:\/\/schema.org","@graph":[{"@type":"WebPage","@id":"https:\/\/mycanvas.dk\/vare\/den-nye-kurs\/","url":"https:\/\/mycanvas.dk\/vare\/den-nye-kurs\/","name":"Den nye kurs Plakater | Spar 10% p\u00e5 et samles\u00e6t - My Canvas","isPartOf":{"@id":"https:\/\/mycanvas.dk\/#website"},"primaryImageOfPage":{"@id":"https:\/\/mycanvas.dk\/vare\/den-nye-kurs\/#primaryimage"},"image":{"@id":"https:\/\/mycanvas.dk\/vare\/den-nye-kurs\/#primaryimage"},"thumbnailUrl":"https:\/\/mycanvas.dk\/wp-content\/uploads\/2019\/05\/politik26-eg.jpg","datePublished":"2019-05-12T23:25:36+00:00","dateModified":"2019-11-04T10:56:52+00:00","description":"K\u00f8b Den nye kurs Plakater. DEN BEDSTE KVALITET Til den bedste pris - Historiske danske plakater","breadcrumb":{"@id":"https:\/\/mycanvas.dk\/vare\/den-nye-kurs\/#breadcrumb"},"inLanguage":"es","potentialAction":[{"@type":"ReadAction","target":["https:\/\/mycanvas.dk\/vare\/den-nye-kurs\/"]}]},{"@type":"ImageObject","inLanguage":"es","@id":"https:\/\/mycanvas.dk\/vare\/den-nye-kurs\/#primaryimage","url":"https:\/\/mycanvas.dk\/wp-content\/uploads\/2019\/05\/politik26-eg.jpg","contentUrl":"https:\/\/mycanvas.dk\/wp-content\/uploads\/2019\/05\/politik26-eg.jpg","width":1448,"height":2048},{"@type":"BreadcrumbList","@id":"https:\/\/mycanvas.dk\/vare\/den-nye-kurs\/#breadcrumb","itemListElement":[{"@type":"ListItem","position":1,"name":"Hjem","item":"https:\/\/mycanvas.dk\/"},{"@type":"ListItem","position":2,"name":"Shop","item":"https:\/\/mycanvas.dk\/shop\/"},{"@type":"ListItem","position":3,"name":"Den nye kurs"}]},{"@type":"WebSite","@id":"https:\/\/mycanvas.dk\/#website","url":"https:\/\/mycanvas.dk\/","name":"My Canvas","description":"Vi g\u00f8r danmarks historie til kunst","publisher":{"@id":"https:\/\/mycanvas.dk\/#organization"},"potentialAction":[{"@type":"SearchAction","target":{"@type":"EntryPoint","urlTemplate":"https:\/\/mycanvas.dk\/?s={search_term_string}"},"query-input":{"@type":"PropertyValueSpecification","valueRequired":true,"valueName":"search_term_string"}}],"inLanguage":"es"},{"@type":"Organization","@id":"https:\/\/mycanvas.dk\/#organization","name":"My Canvas","url":"https:\/\/mycanvas.dk\/","logo":{"@type":"ImageObject","inLanguage":"es","@id":"https:\/\/mycanvas.dk\/#\/schema\/logo\/image\/","url":"https:\/\/mycanvas.dk\/wp-content\/uploads\/2018\/09\/MyCanvas-Logo-Nyeste.png","contentUrl":"https:\/\/mycanvas.dk\/wp-content\/uploads\/2018\/09\/MyCanvas-Logo-Nyeste.png","width":1916,"height":736,"caption":"My Canvas"},"image":{"@id":"https:\/\/mycanvas.dk\/#\/schema\/logo\/image\/"},"sameAs":["https:\/\/www.facebook.com\/MyCanvasDanmark","https:\/\/www.instagram.com\/mycanvasdk\/"]}]}},"_links":{"self":[{"href":"https:\/\/mycanvas.dk\/es\/wp-json\/wp\/v2\/product\/3095","targetHints":{"allow":["GET"]}}],"collection":[{"href":"https:\/\/mycanvas.dk\/es\/wp-json\/wp\/v2\/product"}],"about":[{"href":"https:\/\/mycanvas.dk\/es\/wp-json\/wp\/v2\/types\/product"}],"replies":[{"embeddable":true,"href":"https:\/\/mycanvas.dk\/es\/wp-json\/wp\/v2\/comments?post=3095"}],"wp:featuredmedia":[{"embeddable":true,"href":"https:\/\/mycanvas.dk\/es\/wp-json\/wp\/v2\/media\/2793"}],"wp:attachment":[{"href":"https:\/\/mycanvas.dk\/es\/wp-json\/wp\/v2\/media?parent=3095"}],"wp:term":[{"taxonomy":"product_cat","embeddable":true,"href":"https:\/\/mycanvas.dk\/es\/wp-json\/wp\/v2\/product_cat?post=3095"},{"taxonomy":"product_tag","embeddable":true,"href":"https:\/\/mycanvas.dk\/es\/wp-json\/wp\/v2\/product_tag?post=3095"}],"curies":[{"name":"wp","href":"https:\/\/api.w.org\/{rel}","templated":true}]}}