
{"id":3096,"date":"2019-05-13T00:25:37","date_gmt":"2019-05-12T23:25:37","guid":{"rendered":"https:\/\/mycanvas.dk\/vare\/det-er-deres-tegnebog-det-gaar-ud-over\/"},"modified":"2019-11-04T11:56:28","modified_gmt":"2019-11-04T10:56:28","slug":"det-er-deres-tegnebog-det-gaar-ud-over","status":"publish","type":"product","link":"https:\/\/mycanvas.dk\/es\/producto\/det-er-deres-tegnebog-det-gaar-ud-over\/","title":{"rendered":"Es tu billetera lo que importa"},"content":{"rendered":"<p>&quot;Es tu billetera la que va m\u00e1s all\u00e1&quot; de 1954 del Partido Popular Conservador<\/p>\n<p>Los a\u00f1os 1939 a 1950 fueron pol\u00edticamente inusuales, ya que la ocupaci\u00f3n y los problemas de la posguerra se convirtieron en una mezcla de alianzas y divisiones. El 28 de mayo de 1953, los daneses adoptaron la nueva constituci\u00f3n, que, entre otras cosas, signific\u00f3 la introducci\u00f3n de un sistema unicameral. El antiguo Reichstag, que estaba formado por el Landsting y el Folketing, fue sustituido ahora \u00fanicamente por el Folketinget. El nuevo Folketing ten\u00eda 179 esca\u00f1os, frente a los 149 anteriores. Tras la aprobaci\u00f3n, se celebraron elecciones para el nuevo Folketing, cuya celebraci\u00f3n se anunci\u00f3 el 22 de septiembre. Despu\u00e9s de la enmienda constitucional, el ex Primer Ministro Knud Kristensen abandon\u00f3 el Partido Liberal como protesta y form\u00f3 su propio partido, Los Independientes. Junto con el nuevo Parlamento y el cambio de edad para votar, el resultado de las elecciones fue dif\u00edcil de predecir.<\/p>\n<p>La izquierda y el Partido Popular Conservador hablaron de buena econom\u00eda y super\u00e1vit en la balanza de pagos, mientras que los socialdem\u00f3cratas, por el contrario, cre\u00edan que el crecimiento no era lo suficientemente alto en comparaci\u00f3n con el crecimiento del resto de Europa. Uno de los temas principales de la campa\u00f1a electoral fue la propuesta del Partido Socialdem\u00f3crata de introducir una pensi\u00f3n p\u00fablica para las personas mayores y un fondo de educaci\u00f3n para los j\u00f3venes. Como la edad para votar se hab\u00eda reducido de 25 a 23 a\u00f1os mediante la enmienda constitucional, era importante tener algo para los nuevos votantes.<\/p>\n<p>Tanto para los socialdem\u00f3cratas, por un lado, como para los liberales y conservadores, por el otro, se trataba al mismo tiempo de apelar a los radicales para asegurarse su apoyo a la formaci\u00f3n de gobierno.<\/p>","protected":false},"excerpt":{"rendered":"<p>&quot;Es tu billetera la que va m\u00e1s all\u00e1&quot; de 1954 del Partido Popular Conservador<\/p>","protected":false},"featured_media":2787,"comment_status":"open","ping_status":"closed","template":"","meta":{"_mi_skip_tracking":false},"product_cat":[234,73],"product_tag":[],"class_list":{"0":"post-3096","1":"product","2":"type-product","3":"status-publish","4":"has-post-thumbnail","6":"product_cat-politik","7":"product_cat-plakater","8":"pa_storrelse-a4-21x30cm","9":"pa_storrelse-a3-30x42cm","10":"pa_storrelse-b2-50x70cm","11":"pa_storrelse-b1-70x100cm","13":"first","14":"instock","15":"taxable","16":"shipping-taxable","17":"purchasable","18":"product-type-variable"},"yoast_head":"<!-- This site is optimized with the Yoast SEO plugin v24.2 - https:\/\/yoast.com\/wordpress\/plugins\/seo\/ -->\n<title>Det er Deres tegnebog det g\u00e5r ud over Plakater | Spar 10% &#8226; My Canvas<\/title>\n<meta name=\"description\" content=\"K\u00f8b Det er Deres tegnebog det g\u00e5r ud over Plakater. DEN BEDSTE KVALITET Til den bedste pris - Historiske danske plakater\" \/>\n<meta name=\"robots\" content=\"index, follow, max-snippet:-1, max-image-preview:large, max-video-preview:-1\" \/>\n<link rel=\"canonical\" href=\"https:\/\/mycanvas.dk\/es\/producto\/det-er-deres-tegnebog-det-gaar-ud-over\/\" \/>\n<meta property=\"og:locale\" content=\"es_ES\" \/>\n<meta property=\"og:type\" content=\"article\" \/>\n<meta property=\"og:title\" content=\"Det er Deres tegnebog det g\u00e5r ud over Plakater | Spar 10% &#8226; My Canvas\" \/>\n<meta property=\"og:description\" content=\"K\u00f8b Det er Deres tegnebog det g\u00e5r ud over Plakater. DEN BEDSTE KVALITET Til den bedste pris - Historiske danske plakater\" \/>\n<meta property=\"og:url\" content=\"https:\/\/mycanvas.dk\/es\/producto\/det-er-deres-tegnebog-det-gaar-ud-over\/\" \/>\n<meta property=\"og:site_name\" content=\"My Canvas\" \/>\n<meta property=\"article:publisher\" content=\"https:\/\/www.facebook.com\/MyCanvasDanmark\" \/>\n<meta property=\"article:modified_time\" content=\"2019-11-04T10:56:28+00:00\" \/>\n<meta property=\"og:image\" content=\"https:\/\/mycanvas.dk\/wp-content\/uploads\/2019\/05\/politik27-eg.jpg\" \/>\n\t<meta property=\"og:image:width\" content=\"1448\" \/>\n\t<meta property=\"og:image:height\" content=\"2048\" \/>\n\t<meta property=\"og:image:type\" content=\"image\/jpeg\" \/>\n<meta name=\"twitter:card\" content=\"summary_large_image\" \/>\n<meta name=\"twitter:label1\" content=\"Tiempo de lectura\" \/>\n\t<meta name=\"twitter:data1\" content=\"1 minuto\" \/>\n<script type=\"application\/ld+json\" class=\"yoast-schema-graph\">{\"@context\":\"https:\/\/schema.org\",\"@graph\":[{\"@type\":\"WebPage\",\"@id\":\"https:\/\/mycanvas.dk\/vare\/det-er-deres-tegnebog-det-gaar-ud-over\/\",\"url\":\"https:\/\/mycanvas.dk\/vare\/det-er-deres-tegnebog-det-gaar-ud-over\/\",\"name\":\"Det er Deres tegnebog det g\u00e5r ud over Plakater | Spar 10% &#8226; My Canvas\",\"isPartOf\":{\"@id\":\"https:\/\/mycanvas.dk\/#website\"},\"primaryImageOfPage\":{\"@id\":\"https:\/\/mycanvas.dk\/vare\/det-er-deres-tegnebog-det-gaar-ud-over\/#primaryimage\"},\"image\":{\"@id\":\"https:\/\/mycanvas.dk\/vare\/det-er-deres-tegnebog-det-gaar-ud-over\/#primaryimage\"},\"thumbnailUrl\":\"https:\/\/mycanvas.dk\/wp-content\/uploads\/2019\/05\/politik27-eg.jpg\",\"datePublished\":\"2019-05-12T23:25:37+00:00\",\"dateModified\":\"2019-11-04T10:56:28+00:00\",\"description\":\"K\u00f8b Det er Deres tegnebog det g\u00e5r ud over Plakater. DEN BEDSTE KVALITET Til den bedste pris - Historiske danske plakater\",\"breadcrumb\":{\"@id\":\"https:\/\/mycanvas.dk\/vare\/det-er-deres-tegnebog-det-gaar-ud-over\/#breadcrumb\"},\"inLanguage\":\"es\",\"potentialAction\":[{\"@type\":\"ReadAction\",\"target\":[\"https:\/\/mycanvas.dk\/vare\/det-er-deres-tegnebog-det-gaar-ud-over\/\"]}]},{\"@type\":\"ImageObject\",\"inLanguage\":\"es\",\"@id\":\"https:\/\/mycanvas.dk\/vare\/det-er-deres-tegnebog-det-gaar-ud-over\/#primaryimage\",\"url\":\"https:\/\/mycanvas.dk\/wp-content\/uploads\/2019\/05\/politik27-eg.jpg\",\"contentUrl\":\"https:\/\/mycanvas.dk\/wp-content\/uploads\/2019\/05\/politik27-eg.jpg\",\"width\":1448,\"height\":2048},{\"@type\":\"BreadcrumbList\",\"@id\":\"https:\/\/mycanvas.dk\/vare\/det-er-deres-tegnebog-det-gaar-ud-over\/#breadcrumb\",\"itemListElement\":[{\"@type\":\"ListItem\",\"position\":1,\"name\":\"Hjem\",\"item\":\"https:\/\/mycanvas.dk\/\"},{\"@type\":\"ListItem\",\"position\":2,\"name\":\"Shop\",\"item\":\"https:\/\/mycanvas.dk\/shop\/\"},{\"@type\":\"ListItem\",\"position\":3,\"name\":\"Det er Deres tegnebog det g\u00e5r ud over\"}]},{\"@type\":\"WebSite\",\"@id\":\"https:\/\/mycanvas.dk\/#website\",\"url\":\"https:\/\/mycanvas.dk\/\",\"name\":\"My Canvas\",\"description\":\"Vi g\u00f8r danmarks historie til kunst\",\"publisher\":{\"@id\":\"https:\/\/mycanvas.dk\/#organization\"},\"potentialAction\":[{\"@type\":\"SearchAction\",\"target\":{\"@type\":\"EntryPoint\",\"urlTemplate\":\"https:\/\/mycanvas.dk\/?s={search_term_string}\"},\"query-input\":{\"@type\":\"PropertyValueSpecification\",\"valueRequired\":true,\"valueName\":\"search_term_string\"}}],\"inLanguage\":\"es\"},{\"@type\":\"Organization\",\"@id\":\"https:\/\/mycanvas.dk\/#organization\",\"name\":\"My Canvas\",\"url\":\"https:\/\/mycanvas.dk\/\",\"logo\":{\"@type\":\"ImageObject\",\"inLanguage\":\"es\",\"@id\":\"https:\/\/mycanvas.dk\/#\/schema\/logo\/image\/\",\"url\":\"https:\/\/mycanvas.dk\/wp-content\/uploads\/2018\/09\/MyCanvas-Logo-Nyeste.png\",\"contentUrl\":\"https:\/\/mycanvas.dk\/wp-content\/uploads\/2018\/09\/MyCanvas-Logo-Nyeste.png\",\"width\":1916,\"height\":736,\"caption\":\"My Canvas\"},\"image\":{\"@id\":\"https:\/\/mycanvas.dk\/#\/schema\/logo\/image\/\"},\"sameAs\":[\"https:\/\/www.facebook.com\/MyCanvasDanmark\",\"https:\/\/www.instagram.com\/mycanvasdk\/\"]}]}<\/script>\n<!-- \/ Yoast SEO plugin. -->","yoast_head_json":{"title":"Det er Deres tegnebog det g\u00e5r ud over Plakater | Spar 10% &#8226; My Canvas","description":"K\u00f8b Det er Deres tegnebog det g\u00e5r ud over Plakater. DEN BEDSTE KVALITET Til den bedste pris - Historiske danske plakater","robots":{"index":"index","follow":"follow","max-snippet":"max-snippet:-1","max-image-preview":"max-image-preview:large","max-video-preview":"max-video-preview:-1"},"canonical":"https:\/\/mycanvas.dk\/es\/producto\/det-er-deres-tegnebog-det-gaar-ud-over\/","og_locale":"es_ES","og_type":"article","og_title":"Det er Deres tegnebog det g\u00e5r ud over Plakater | Spar 10% &#8226; My Canvas","og_description":"K\u00f8b Det er Deres tegnebog det g\u00e5r ud over Plakater. DEN BEDSTE KVALITET Til den bedste pris - Historiske danske plakater","og_url":"https:\/\/mycanvas.dk\/es\/producto\/det-er-deres-tegnebog-det-gaar-ud-over\/","og_site_name":"My Canvas","article_publisher":"https:\/\/www.facebook.com\/MyCanvasDanmark","article_modified_time":"2019-11-04T10:56:28+00:00","og_image":[{"width":1448,"height":2048,"url":"https:\/\/mycanvas.dk\/wp-content\/uploads\/2019\/05\/politik27-eg.jpg","type":"image\/jpeg"}],"twitter_card":"summary_large_image","twitter_misc":{"Tiempo de lectura":"1 minuto"},"schema":{"@context":"https:\/\/schema.org","@graph":[{"@type":"WebPage","@id":"https:\/\/mycanvas.dk\/vare\/det-er-deres-tegnebog-det-gaar-ud-over\/","url":"https:\/\/mycanvas.dk\/vare\/det-er-deres-tegnebog-det-gaar-ud-over\/","name":"Det er Deres tegnebog det g\u00e5r ud over Plakater | Spar 10% &#8226; My Canvas","isPartOf":{"@id":"https:\/\/mycanvas.dk\/#website"},"primaryImageOfPage":{"@id":"https:\/\/mycanvas.dk\/vare\/det-er-deres-tegnebog-det-gaar-ud-over\/#primaryimage"},"image":{"@id":"https:\/\/mycanvas.dk\/vare\/det-er-deres-tegnebog-det-gaar-ud-over\/#primaryimage"},"thumbnailUrl":"https:\/\/mycanvas.dk\/wp-content\/uploads\/2019\/05\/politik27-eg.jpg","datePublished":"2019-05-12T23:25:37+00:00","dateModified":"2019-11-04T10:56:28+00:00","description":"K\u00f8b Det er Deres tegnebog det g\u00e5r ud over Plakater. DEN BEDSTE KVALITET Til den bedste pris - Historiske danske plakater","breadcrumb":{"@id":"https:\/\/mycanvas.dk\/vare\/det-er-deres-tegnebog-det-gaar-ud-over\/#breadcrumb"},"inLanguage":"es","potentialAction":[{"@type":"ReadAction","target":["https:\/\/mycanvas.dk\/vare\/det-er-deres-tegnebog-det-gaar-ud-over\/"]}]},{"@type":"ImageObject","inLanguage":"es","@id":"https:\/\/mycanvas.dk\/vare\/det-er-deres-tegnebog-det-gaar-ud-over\/#primaryimage","url":"https:\/\/mycanvas.dk\/wp-content\/uploads\/2019\/05\/politik27-eg.jpg","contentUrl":"https:\/\/mycanvas.dk\/wp-content\/uploads\/2019\/05\/politik27-eg.jpg","width":1448,"height":2048},{"@type":"BreadcrumbList","@id":"https:\/\/mycanvas.dk\/vare\/det-er-deres-tegnebog-det-gaar-ud-over\/#breadcrumb","itemListElement":[{"@type":"ListItem","position":1,"name":"Hjem","item":"https:\/\/mycanvas.dk\/"},{"@type":"ListItem","position":2,"name":"Shop","item":"https:\/\/mycanvas.dk\/shop\/"},{"@type":"ListItem","position":3,"name":"Det er Deres tegnebog det g\u00e5r ud over"}]},{"@type":"WebSite","@id":"https:\/\/mycanvas.dk\/#website","url":"https:\/\/mycanvas.dk\/","name":"My Canvas","description":"Vi g\u00f8r danmarks historie til kunst","publisher":{"@id":"https:\/\/mycanvas.dk\/#organization"},"potentialAction":[{"@type":"SearchAction","target":{"@type":"EntryPoint","urlTemplate":"https:\/\/mycanvas.dk\/?s={search_term_string}"},"query-input":{"@type":"PropertyValueSpecification","valueRequired":true,"valueName":"search_term_string"}}],"inLanguage":"es"},{"@type":"Organization","@id":"https:\/\/mycanvas.dk\/#organization","name":"My Canvas","url":"https:\/\/mycanvas.dk\/","logo":{"@type":"ImageObject","inLanguage":"es","@id":"https:\/\/mycanvas.dk\/#\/schema\/logo\/image\/","url":"https:\/\/mycanvas.dk\/wp-content\/uploads\/2018\/09\/MyCanvas-Logo-Nyeste.png","contentUrl":"https:\/\/mycanvas.dk\/wp-content\/uploads\/2018\/09\/MyCanvas-Logo-Nyeste.png","width":1916,"height":736,"caption":"My Canvas"},"image":{"@id":"https:\/\/mycanvas.dk\/#\/schema\/logo\/image\/"},"sameAs":["https:\/\/www.facebook.com\/MyCanvasDanmark","https:\/\/www.instagram.com\/mycanvasdk\/"]}]}},"_links":{"self":[{"href":"https:\/\/mycanvas.dk\/es\/wp-json\/wp\/v2\/product\/3096","targetHints":{"allow":["GET"]}}],"collection":[{"href":"https:\/\/mycanvas.dk\/es\/wp-json\/wp\/v2\/product"}],"about":[{"href":"https:\/\/mycanvas.dk\/es\/wp-json\/wp\/v2\/types\/product"}],"replies":[{"embeddable":true,"href":"https:\/\/mycanvas.dk\/es\/wp-json\/wp\/v2\/comments?post=3096"}],"wp:featuredmedia":[{"embeddable":true,"href":"https:\/\/mycanvas.dk\/es\/wp-json\/wp\/v2\/media\/2787"}],"wp:attachment":[{"href":"https:\/\/mycanvas.dk\/es\/wp-json\/wp\/v2\/media?parent=3096"}],"wp:term":[{"taxonomy":"product_cat","embeddable":true,"href":"https:\/\/mycanvas.dk\/es\/wp-json\/wp\/v2\/product_cat?post=3096"},{"taxonomy":"product_tag","embeddable":true,"href":"https:\/\/mycanvas.dk\/es\/wp-json\/wp\/v2\/product_tag?post=3096"}],"curies":[{"name":"wp","href":"https:\/\/api.w.org\/{rel}","templated":true}]}}