
{"id":335,"date":"2018-09-27T19:38:09","date_gmt":"2018-09-27T17:38:09","guid":{"rendered":"http:\/\/designbyjuel.dk\/?post_type=product&#038;p=335"},"modified":"2019-10-29T15:17:27","modified_gmt":"2019-10-29T14:17:27","slug":"raadhuspladsen","status":"publish","type":"product","link":"https:\/\/mycanvas.dk\/es\/producto\/raadhuspladsen\/","title":{"rendered":"Plaza del Ayuntamiento"},"content":{"rendered":"<p>Esta imagen es de R\u00e5dhuspladsen, tal como era entonces en 1910. Hoy en d\u00eda hay un Burger King en la esquina derecha y un 7-eleven en la izquierda.<br \/>\nR\u00e5dhuspladsen es el nombre de la plaza ubicada en el centro entre Vester Voldgade y HC Andersens Boulevard frente al Ayuntamiento de Copenhague en Indre By, Copenhague. Vesterbrogade y Str\u00f8get se encuentran junto a la plaza.<\/p>\n<p>Hoy en d\u00eda, la plaza es uno de los lugares m\u00e1s concurridos de la capital, al igual que el bulevar HC Andersen es una de las v\u00edas m\u00e1s importantes de Copenhague, por donde 60.000 coches pasan cada d\u00eda por la plaza del Ayuntamiento.<\/p>\n<p>La plaza de 29.300 m\u00b2 se construy\u00f3 en el lugar donde antiguamente se encontraba Halmtorvet. Antes de la ca\u00edda de las murallas en la d\u00e9cada de 1850, la plaza estaba situada justo en el interior de Vesterport.<\/p>\n<p>El lugar donde se encuentra hoy la plaza originalmente formaba parte del Vestervold de la ciudad con los baluartes de Schack y Gyldenl\u00f8ve, y en el lugar de este \u00faltimo se encontraba el Ayuntamiento. De 1872 a 1889, en relaci\u00f3n con T\u00edvoli, se construy\u00f3 en el lugar de las murallas un parque industrial y de exposiciones de arte que sent\u00f3 las bases para dos exposiciones y que tuvo un gran \u00e9xito. La primera exposici\u00f3n se inaugur\u00f3 el 13 de junio de 1872 con gran celebraci\u00f3n. Una cantata, escrita por Carl Ploug y con m\u00fasica de Niels W. Gade, marc\u00f3 la apertura. El rey Cristi\u00e1n IX pronunci\u00f3 las siguientes palabras: \u201c<em>Como ahora deseo que esta exposici\u00f3n d\u00e9 frutos ricos y benditos para el desarrollo de la industria y el arte para el \u00e9xito y la fortaleza de los reinos n\u00f3rdicos, declaro abierta esta segunda exposici\u00f3n de arte e industria n\u00f3rdica.<\/em>&#8220;.<\/p>\n<div class=\"accordion\" rel=\"\">\n<div class=\"accordion-item\"><a href=\"#\" class=\"accordion-title plain\"><button class=\"toggle\"><i class=\"icon-angle-down\"><\/i><\/button><span>leer m\u00e1s<\/span><\/a><div class=\"accordion-inner\">\nMartin Nyrop se convirti\u00f3 en el arquitecto del Ayuntamiento, que reemplaz\u00f3 su sala de exposiciones. En primer lugar, la zona de exposici\u00f3n fue despejada seg\u00fan un acuerdo con el municipio y ya estaba desierta el 1 de enero de 1889. Dos meses m\u00e1s tarde, Nyrop present\u00f3 su primer proyecto para un nuevo ayuntamiento, compitiendo entre otros con Vilhelm Dahlerup y Valdemar Koch. Nyrop primero tuvo que compartir el primer premio con Koch. Pero despu\u00e9s de que Koch se pronunciara a favor de Nyrop y despu\u00e9s de otro concurso, Nyrop gan\u00f3 solo, tras lo cual comenzaron las excavaciones en 1892. El ayuntamiento se complet\u00f3 en 1905.<\/p>\n<p>La plaza con el ayuntamiento est\u00e1 claramente inspirada en las plazas de las ciudades italianas, especialmente en la plaza y el ayuntamiento de Siena. Originalmente, el arquitecto del Ayuntamiento, Martin Nyrop, hab\u00eda construido delante del Ayuntamiento una plaza empotrada en forma de cuenco y enmarcada por bloques de granito, el Muslingeskallen, inspirado especialmente en Siena. La concha desapareci\u00f3 durante la ocupaci\u00f3n. A diferencia del ayuntamiento, la concha nunca tuvo \u00e9xito, porque Nyrop hab\u00eda pasado por alto que el concepto no pod\u00eda trasladarse de la \u00edntima plaza del ayuntamiento de Siena a la gran zona azotada por el viento de Copenhague. El folklore rebautiz\u00f3 el Muslingeskallen como &quot;sart\u00e9n con rebanadas de manzana&quot; o &quot;amante de la calle&quot;.<\/p>\n<p>En 1942 se celebr\u00f3 el primer concurso de arquitectura para el trazado de la plaza. El ganador fue Frits Schlegel, quien propuso ampliar la plaza del ayuntamiento hasta Vesterbrogade, pasando por la entrada principal de Tivoli. La mayor\u00eda de los participantes del concurso quer\u00edan quitarle la concha al mejill\u00f3n. Que tambi\u00e9n desapareci\u00f3, pero por otras razones, porque durante la Ocupaci\u00f3n, en 1944, se establecieron refugios en la plaza, que no fueron retirados hasta 1947.<\/p>\n<p>En 1954, Vestre Boulevard pas\u00f3 a llamarse HC Andersen&#039;s Boulevard y al mismo tiempo se ampli\u00f3 hasta convertirse en una calle muy transitada, tras lo cual desapareci\u00f3 el jard\u00edn del ayuntamiento.<\/p>\n<p>El mayor cambio en el a\u00f1o de la Ciudad de la Cultura fue la construcci\u00f3n de la terminal de autobuses HT de Axelsson, que estuvo ubicada en el centro de la plaza desde 1996 hasta 2010. Separaba el espacio abierto m\u00e1s cercano al ayuntamiento de las paradas de autob\u00fas en el extremo opuesto. . Cuando se inaugur\u00f3 en 1996, el edificio fue muy debatido, ya que muchos cre\u00edan que parec\u00eda fuera de lugar y demasiado violento en relaci\u00f3n con el \u00e1rea total que lo rodeaba, al igual que se le acusaba de arruinar la est\u00e9tica de la plaza. Muchos consideraron feo el edificio. El edificio fue demolido en el invierno de 2010 para dejar m\u00e1s espacio para una nueva estaci\u00f3n de metro, cuya inauguraci\u00f3n estaba prevista para julio de 2019.<\/p>\n<p>R\u00e5dhuspladsen suele colocar baldosas para grandes eventos, p. exposiciones, conciertos y retransmisiones en pantalla grande de partidos de f\u00fatbol. En ocasiones festivas tambi\u00e9n se utiliza como lugar de reuni\u00f3n, p. en el Orgullo Gay de Copenhague y la v\u00edspera de A\u00f1o Nuevo. El espacio tambi\u00e9n se utiliza habitualmente para diversas manifestaciones. Piccadilly Circus en Londres y Times Square en Nueva York tienen la misma funcionalidad al ser el centro y punto focal de la ciudad.<\/p>\n<p>La Plaza del Ayuntamiento tambi\u00e9n es conocida como el terreno m\u00e1s caro del juego Matador.<\/p>\n<\/div><\/div>\n<\/div>\n<h2>Lugar<\/h2>\n<table>\n<tbody>\n<tr>\n<th><u>Nombre de la calle:<\/u><\/th>\n<td><u>Plaza del Ayuntamiento<\/u><\/td>\n<\/tr>\n<tr>\n<th><u>Distrito:<\/u><\/th>\n<td><u>Centro de la ciudad<\/u><\/td>\n<\/tr>\n<tr>\n<th><u>Pa\u00eds:<\/u><\/th>\n<td><u>Dinamarca<\/u><\/td>\n<\/tr>\n<tr>\n<th><u>Coordenadas:<\/u><\/th>\n<td><u>55.67646, 12.56880<\/u><\/td>\n<\/tr>\n<\/tbody>\n<\/table>\n<p>&nbsp;<\/p>","protected":false},"excerpt":{"rendered":"<p>Imagen de R\u00e5dhuspladsen tal como se ve\u00eda en 1910.<\/p>","protected":false},"featured_media":1110,"comment_status":"open","ping_status":"closed","template":"","meta":{"_mi_skip_tracking":false},"product_cat":[73,79],"product_tag":[],"class_list":{"0":"post-335","1":"product","2":"type-product","3":"status-publish","4":"has-post-thumbnail","6":"product_cat-plakater","7":"product_cat-koebenhavn","8":"pa_storrelse-a4-21x30cm","9":"pa_storrelse-a3-30x42cm","10":"pa_storrelse-b2-50x70cm","11":"pa_storrelse-b1-70x100cm","13":"first","14":"instock","15":"taxable","16":"shipping-taxable","17":"purchasable","18":"product-type-variable"},"yoast_head":"<!-- This site is optimized with the Yoast SEO plugin v24.2 - https:\/\/yoast.com\/wordpress\/plugins\/seo\/ -->\n<title>R\u00e5dhuspladsen Plakater | Spar 10% p\u00e5 et samles\u00e6t - My Canvas<\/title>\n<meta name=\"description\" content=\"K\u00f8b R\u00e5dhuspladsen Plakater. DEN BEDSTE KVALITET Til den bedste pris - Historiske danske plakater - se vores store udvalg her.\" \/>\n<meta name=\"robots\" content=\"index, follow, max-snippet:-1, max-image-preview:large, max-video-preview:-1\" \/>\n<link rel=\"canonical\" href=\"https:\/\/mycanvas.dk\/es\/producto\/raadhuspladsen\/\" \/>\n<meta property=\"og:locale\" content=\"es_ES\" \/>\n<meta property=\"og:type\" content=\"article\" \/>\n<meta property=\"og:title\" content=\"R\u00e5dhuspladsen Plakater | Spar 10% p\u00e5 et samles\u00e6t - My Canvas\" \/>\n<meta property=\"og:description\" content=\"K\u00f8b R\u00e5dhuspladsen Plakater. DEN BEDSTE KVALITET Til den bedste pris - Historiske danske plakater - se vores store udvalg her.\" \/>\n<meta property=\"og:url\" content=\"https:\/\/mycanvas.dk\/es\/producto\/raadhuspladsen\/\" \/>\n<meta property=\"og:site_name\" content=\"My Canvas\" \/>\n<meta property=\"article:publisher\" content=\"https:\/\/www.facebook.com\/MyCanvasDanmark\" \/>\n<meta property=\"article:modified_time\" content=\"2019-10-29T14:17:27+00:00\" \/>\n<meta property=\"og:image\" content=\"https:\/\/mycanvas.dk\/wp-content\/uploads\/2018\/09\/R\u00e5dhuspladsen-tr\u00e6.jpeg\" \/>\n\t<meta property=\"og:image:width\" content=\"2048\" \/>\n\t<meta property=\"og:image:height\" content=\"1448\" \/>\n\t<meta property=\"og:image:type\" content=\"image\/jpeg\" \/>\n<meta name=\"twitter:card\" content=\"summary_large_image\" \/>\n<meta name=\"twitter:label1\" content=\"Tiempo de lectura\" \/>\n\t<meta name=\"twitter:data1\" content=\"3 minutos\" \/>\n<script type=\"application\/ld+json\" class=\"yoast-schema-graph\">{\"@context\":\"https:\/\/schema.org\",\"@graph\":[{\"@type\":\"WebPage\",\"@id\":\"https:\/\/mycanvas.dk\/vare\/raadhuspladsen\/\",\"url\":\"https:\/\/mycanvas.dk\/vare\/raadhuspladsen\/\",\"name\":\"R\u00e5dhuspladsen Plakater | Spar 10% p\u00e5 et samles\u00e6t - My Canvas\",\"isPartOf\":{\"@id\":\"https:\/\/mycanvas.dk\/#website\"},\"primaryImageOfPage\":{\"@id\":\"https:\/\/mycanvas.dk\/vare\/raadhuspladsen\/#primaryimage\"},\"image\":{\"@id\":\"https:\/\/mycanvas.dk\/vare\/raadhuspladsen\/#primaryimage\"},\"thumbnailUrl\":\"https:\/\/mycanvas.dk\/wp-content\/uploads\/2018\/09\/R\u00e5dhuspladsen-tr\u00e6.jpeg\",\"datePublished\":\"2018-09-27T17:38:09+00:00\",\"dateModified\":\"2019-10-29T14:17:27+00:00\",\"description\":\"K\u00f8b R\u00e5dhuspladsen Plakater. DEN BEDSTE KVALITET Til den bedste pris - Historiske danske plakater - se vores store udvalg her.\",\"breadcrumb\":{\"@id\":\"https:\/\/mycanvas.dk\/vare\/raadhuspladsen\/#breadcrumb\"},\"inLanguage\":\"es\",\"potentialAction\":[{\"@type\":\"ReadAction\",\"target\":[\"https:\/\/mycanvas.dk\/vare\/raadhuspladsen\/\"]}]},{\"@type\":\"ImageObject\",\"inLanguage\":\"es\",\"@id\":\"https:\/\/mycanvas.dk\/vare\/raadhuspladsen\/#primaryimage\",\"url\":\"https:\/\/mycanvas.dk\/wp-content\/uploads\/2018\/09\/R\u00e5dhuspladsen-tr\u00e6.jpeg\",\"contentUrl\":\"https:\/\/mycanvas.dk\/wp-content\/uploads\/2018\/09\/R\u00e5dhuspladsen-tr\u00e6.jpeg\",\"width\":2048,\"height\":1448},{\"@type\":\"BreadcrumbList\",\"@id\":\"https:\/\/mycanvas.dk\/vare\/raadhuspladsen\/#breadcrumb\",\"itemListElement\":[{\"@type\":\"ListItem\",\"position\":1,\"name\":\"Hjem\",\"item\":\"https:\/\/mycanvas.dk\/\"},{\"@type\":\"ListItem\",\"position\":2,\"name\":\"Shop\",\"item\":\"https:\/\/mycanvas.dk\/shop\/\"},{\"@type\":\"ListItem\",\"position\":3,\"name\":\"R\u00e5dhuspladsen\"}]},{\"@type\":\"WebSite\",\"@id\":\"https:\/\/mycanvas.dk\/#website\",\"url\":\"https:\/\/mycanvas.dk\/\",\"name\":\"My Canvas\",\"description\":\"Vi g\u00f8r danmarks historie til kunst\",\"publisher\":{\"@id\":\"https:\/\/mycanvas.dk\/#organization\"},\"potentialAction\":[{\"@type\":\"SearchAction\",\"target\":{\"@type\":\"EntryPoint\",\"urlTemplate\":\"https:\/\/mycanvas.dk\/?s={search_term_string}\"},\"query-input\":{\"@type\":\"PropertyValueSpecification\",\"valueRequired\":true,\"valueName\":\"search_term_string\"}}],\"inLanguage\":\"es\"},{\"@type\":\"Organization\",\"@id\":\"https:\/\/mycanvas.dk\/#organization\",\"name\":\"My Canvas\",\"url\":\"https:\/\/mycanvas.dk\/\",\"logo\":{\"@type\":\"ImageObject\",\"inLanguage\":\"es\",\"@id\":\"https:\/\/mycanvas.dk\/#\/schema\/logo\/image\/\",\"url\":\"https:\/\/mycanvas.dk\/wp-content\/uploads\/2018\/09\/MyCanvas-Logo-Nyeste.png\",\"contentUrl\":\"https:\/\/mycanvas.dk\/wp-content\/uploads\/2018\/09\/MyCanvas-Logo-Nyeste.png\",\"width\":1916,\"height\":736,\"caption\":\"My Canvas\"},\"image\":{\"@id\":\"https:\/\/mycanvas.dk\/#\/schema\/logo\/image\/\"},\"sameAs\":[\"https:\/\/www.facebook.com\/MyCanvasDanmark\",\"https:\/\/www.instagram.com\/mycanvasdk\/\"]}]}<\/script>\n<!-- \/ Yoast SEO plugin. -->","yoast_head_json":{"title":"R\u00e5dhuspladsen Plakater | Spar 10% p\u00e5 et samles\u00e6t - My Canvas","description":"K\u00f8b R\u00e5dhuspladsen Plakater. DEN BEDSTE KVALITET Til den bedste pris - Historiske danske plakater - se vores store udvalg her.","robots":{"index":"index","follow":"follow","max-snippet":"max-snippet:-1","max-image-preview":"max-image-preview:large","max-video-preview":"max-video-preview:-1"},"canonical":"https:\/\/mycanvas.dk\/es\/producto\/raadhuspladsen\/","og_locale":"es_ES","og_type":"article","og_title":"R\u00e5dhuspladsen Plakater | Spar 10% p\u00e5 et samles\u00e6t - My Canvas","og_description":"K\u00f8b R\u00e5dhuspladsen Plakater. DEN BEDSTE KVALITET Til den bedste pris - Historiske danske plakater - se vores store udvalg her.","og_url":"https:\/\/mycanvas.dk\/es\/producto\/raadhuspladsen\/","og_site_name":"My Canvas","article_publisher":"https:\/\/www.facebook.com\/MyCanvasDanmark","article_modified_time":"2019-10-29T14:17:27+00:00","og_image":[{"width":2048,"height":1448,"url":"https:\/\/mycanvas.dk\/wp-content\/uploads\/2018\/09\/R\u00e5dhuspladsen-tr\u00e6.jpeg","type":"image\/jpeg"}],"twitter_card":"summary_large_image","twitter_misc":{"Tiempo de lectura":"3 minutos"},"schema":{"@context":"https:\/\/schema.org","@graph":[{"@type":"WebPage","@id":"https:\/\/mycanvas.dk\/vare\/raadhuspladsen\/","url":"https:\/\/mycanvas.dk\/vare\/raadhuspladsen\/","name":"R\u00e5dhuspladsen Plakater | Spar 10% p\u00e5 et samles\u00e6t - My Canvas","isPartOf":{"@id":"https:\/\/mycanvas.dk\/#website"},"primaryImageOfPage":{"@id":"https:\/\/mycanvas.dk\/vare\/raadhuspladsen\/#primaryimage"},"image":{"@id":"https:\/\/mycanvas.dk\/vare\/raadhuspladsen\/#primaryimage"},"thumbnailUrl":"https:\/\/mycanvas.dk\/wp-content\/uploads\/2018\/09\/R\u00e5dhuspladsen-tr\u00e6.jpeg","datePublished":"2018-09-27T17:38:09+00:00","dateModified":"2019-10-29T14:17:27+00:00","description":"K\u00f8b R\u00e5dhuspladsen Plakater. DEN BEDSTE KVALITET Til den bedste pris - Historiske danske plakater - se vores store udvalg her.","breadcrumb":{"@id":"https:\/\/mycanvas.dk\/vare\/raadhuspladsen\/#breadcrumb"},"inLanguage":"es","potentialAction":[{"@type":"ReadAction","target":["https:\/\/mycanvas.dk\/vare\/raadhuspladsen\/"]}]},{"@type":"ImageObject","inLanguage":"es","@id":"https:\/\/mycanvas.dk\/vare\/raadhuspladsen\/#primaryimage","url":"https:\/\/mycanvas.dk\/wp-content\/uploads\/2018\/09\/R\u00e5dhuspladsen-tr\u00e6.jpeg","contentUrl":"https:\/\/mycanvas.dk\/wp-content\/uploads\/2018\/09\/R\u00e5dhuspladsen-tr\u00e6.jpeg","width":2048,"height":1448},{"@type":"BreadcrumbList","@id":"https:\/\/mycanvas.dk\/vare\/raadhuspladsen\/#breadcrumb","itemListElement":[{"@type":"ListItem","position":1,"name":"Hjem","item":"https:\/\/mycanvas.dk\/"},{"@type":"ListItem","position":2,"name":"Shop","item":"https:\/\/mycanvas.dk\/shop\/"},{"@type":"ListItem","position":3,"name":"R\u00e5dhuspladsen"}]},{"@type":"WebSite","@id":"https:\/\/mycanvas.dk\/#website","url":"https:\/\/mycanvas.dk\/","name":"My Canvas","description":"Vi g\u00f8r danmarks historie til kunst","publisher":{"@id":"https:\/\/mycanvas.dk\/#organization"},"potentialAction":[{"@type":"SearchAction","target":{"@type":"EntryPoint","urlTemplate":"https:\/\/mycanvas.dk\/?s={search_term_string}"},"query-input":{"@type":"PropertyValueSpecification","valueRequired":true,"valueName":"search_term_string"}}],"inLanguage":"es"},{"@type":"Organization","@id":"https:\/\/mycanvas.dk\/#organization","name":"My Canvas","url":"https:\/\/mycanvas.dk\/","logo":{"@type":"ImageObject","inLanguage":"es","@id":"https:\/\/mycanvas.dk\/#\/schema\/logo\/image\/","url":"https:\/\/mycanvas.dk\/wp-content\/uploads\/2018\/09\/MyCanvas-Logo-Nyeste.png","contentUrl":"https:\/\/mycanvas.dk\/wp-content\/uploads\/2018\/09\/MyCanvas-Logo-Nyeste.png","width":1916,"height":736,"caption":"My Canvas"},"image":{"@id":"https:\/\/mycanvas.dk\/#\/schema\/logo\/image\/"},"sameAs":["https:\/\/www.facebook.com\/MyCanvasDanmark","https:\/\/www.instagram.com\/mycanvasdk\/"]}]}},"_links":{"self":[{"href":"https:\/\/mycanvas.dk\/es\/wp-json\/wp\/v2\/product\/335","targetHints":{"allow":["GET"]}}],"collection":[{"href":"https:\/\/mycanvas.dk\/es\/wp-json\/wp\/v2\/product"}],"about":[{"href":"https:\/\/mycanvas.dk\/es\/wp-json\/wp\/v2\/types\/product"}],"replies":[{"embeddable":true,"href":"https:\/\/mycanvas.dk\/es\/wp-json\/wp\/v2\/comments?post=335"}],"wp:featuredmedia":[{"embeddable":true,"href":"https:\/\/mycanvas.dk\/es\/wp-json\/wp\/v2\/media\/1110"}],"wp:attachment":[{"href":"https:\/\/mycanvas.dk\/es\/wp-json\/wp\/v2\/media?parent=335"}],"wp:term":[{"taxonomy":"product_cat","embeddable":true,"href":"https:\/\/mycanvas.dk\/es\/wp-json\/wp\/v2\/product_cat?post=335"},{"taxonomy":"product_tag","embeddable":true,"href":"https:\/\/mycanvas.dk\/es\/wp-json\/wp\/v2\/product_tag?post=335"}],"curies":[{"name":"wp","href":"https:\/\/api.w.org\/{rel}","templated":true}]}}