
{"id":339,"date":"2018-09-27T20:00:28","date_gmt":"2018-09-27T18:00:28","guid":{"rendered":"http:\/\/designbyjuel.dk\/?post_type=product&#038;p=339"},"modified":"2019-10-29T15:15:28","modified_gmt":"2019-10-29T14:15:28","slug":"carlsberg-bryghus","status":"publish","type":"product","link":"https:\/\/mycanvas.dk\/es\/producto\/carlsberg-bryghus\/","title":{"rendered":"Cervecer\u00eda Carlsberg"},"content":{"rendered":"<p>Teteras vistas desde el interior de Carlsberg Bryghus.<\/p>\n<p>En Alemania, JC Jacobsen tuvo los ojos abiertos ante la cerveza b\u00e1vara, que se diferencia del tipo de cerveza blanca que beb\u00edan los daneses hasta mediados del siglo XIX. Se supon\u00eda que su cervecer\u00eda en Brol\u00e6ggerstr\u00e6de abastecer\u00eda a todos los ciudadanos de Copenhague, pero el espacio dentro de las murallas de la ciudad se hab\u00eda vuelto tan estrecho y el ambiente tan malo que Jacobsen pidi\u00f3 permiso al rey para trasladar toda la cervecer\u00eda a Valby, que estaba fuera de Copenhague, y por donde pr\u00e1cticamente tambi\u00e9n pas\u00f3 el nuevo ferrocarril de Copenhague a Roskilde para un posible transporte de cerveza. En Valby construy\u00f3 en 1847 la cervecer\u00eda Carlsberg, que lleva el nombre de su hijo Carl y &quot;berg&quot;, palabra alemana que significa monta\u00f1a, que simboliza la ubicaci\u00f3n de la cervecer\u00eda en Valby Bakke.<\/p>\n<div class=\"accordion\" rel=\"\">\n<div class=\"accordion-item\"><a href=\"#\" class=\"accordion-title plain\"><button class=\"toggle\"><i class=\"icon-angle-down\"><\/i><\/button><span>Leer m\u00e1s<\/span><\/a><div class=\"accordion-inner\">\n<p>Carlsberg r\u00e1pidamente tuvo \u00e9xito y en 1868 la cervecer\u00eda export\u00f3 su primer barril de cerveza. La calidad de la cerveza era de gran importancia para JC Jacobsen, por lo que en 1875 fund\u00f3 el prestigioso Laboratorio Carlsberg. Junto con el investigador Emil Christian Hansen a la cabeza, el laboratorio lleg\u00f3 a desempe\u00f1ar un papel importante en la b\u00fasqueda de la \u00e9poca por entender la qu\u00edmica de la cerveza. En 1883 logr\u00f3 purificar la levadura de cerveza y as\u00ed pudo evitarse la devastadora enfermedad de la cerveza al denominar el tipo de levadura. <i>Saccharomyces carlsbergensis<\/i> y el m\u00e9todo se dio gratuitamente a todos los dem\u00e1s, y sigue siendo el tipo carlsbergensis el que se utiliza para elaborar cerveza lager en todo el mundo.<\/p>\n<p>El hijo de JC Jacobsen, Carl Jacobsen, tambi\u00e9n entr\u00f3 en el negocio cervecero y en 1871 se le permiti\u00f3 alquilar la reci\u00e9n construida Anneksbryggeriet de su padre, que estaba ubicada en un terreno en Valby. Sin embargo, padre e hijo no estaban del todo de acuerdo sobre la calidad de la cerveza. El padre JC cre\u00eda que el envejecimiento de la cerveza no deb\u00eda acortarse, mientras que Carl quer\u00eda acortarlo precisamente para satisfacer la gran demanda. En 1880 JC rescindi\u00f3 el contrato de arrendamiento de su hijo y pudo ampliar considerablemente su propia producci\u00f3n. Carl, que ya se hab\u00eda hecho rico en ese momento, construy\u00f3 la cervecer\u00eda Ny Carlsberg junto a las otras dos. La relaci\u00f3n entre Carl y JC no era tan buena y las dos cervecer\u00edas Carlsberg se fusionaron s\u00f3lo 19 a\u00f1os despu\u00e9s de la muerte del padre en 1906.<\/p>\n<p>Carlsberg poco a poco se fue extendiendo a nivel nacional y, especialmente en las d\u00e9cadas posteriores a la Segunda Guerra Mundial, la cervecer\u00eda comenz\u00f3 a establecer su producci\u00f3n en el extranjero. En 1964, Carlsberg se hizo cargo de la cervecer\u00eda Wiibroe, en el norte de Zelanda, pero por el momento le permiti\u00f3 tener su propia producci\u00f3n de cerveza. Carlsberg compr\u00f3 De forenede Bryggerier (Tuborg) en 1970 y continu\u00f3 una transici\u00f3n con el mismo nombre. En 1988 compraron la m\u00e1s peque\u00f1a Hannen-Brauerei de Alemania Occidental y en 1992 Carlsberg se fusion\u00f3 con la brit\u00e1nica Tetley. En el a\u00f1o 2000, Carlsberg adquiri\u00f3 la gran cervecer\u00eda suiza Feldschl\u00f6sschen.<\/p>\n<p>En el a\u00f1o 2000, Carlsberg y la noruega Orkla fusionaron sus actividades cerveceras en la empresa Carlsberg Breweries A\/S con participaciones del 60 y 40 por ciento respectivamente. La estructura de propiedad no funcion\u00f3 de forma \u00f3ptima y, tras un intento de adquisici\u00f3n por parte de Orkla, Carlsberg volvi\u00f3 a comprar la empresa gratuitamente en 2004 por 14.800 millones de coronas danesas. DKK aument\u00f3 a\u00fan m\u00e1s su deuda con la adquisici\u00f3n de la empresa alemana Holsten Brauerei, lo que le dio una posici\u00f3n s\u00f3lida en el mercado del norte de Alemania.<\/p>\n<p>La cervecer\u00eda Carlsberg, a excepci\u00f3n de Husbryggeriet Jacobsen desde 2008, ya no produce cerveza en el emplazamiento hist\u00f3rico de Valby, ya que la producci\u00f3n danesa se concentra en Fredericia Bryggeri. Bajo el lema \u201c<i>Nuestra Ciudad&quot;<\/i> Carlsberg ha iniciado planes para convertir el gran parque de edificios en un nuevo distrito.<\/p>\n<\/div><\/div>\n<\/div>\n<h2>Lugar<\/h2>\n<div class=\"map-data\"><\/div>\n<table>\n<tbody>\n<tr>\n<th>NOMBRE DE LA CALLE:<\/th>\n<td>Ny Carlsbergvej<\/td>\n<\/tr>\n<tr>\n<th>CIUDAD:<\/th>\n<td>Valby<\/td>\n<\/tr>\n<tr>\n<th>MUNICIPIO:<\/th>\n<td>Centro de la ciudad<\/td>\n<\/tr>\n<tr>\n<th>PA\u00cdS:<\/th>\n<td>Dinamarca<\/td>\n<\/tr>\n<tr>\n<th>COORDENADAS:<\/th>\n<td>55.66726, 12.53272<\/td>\n<\/tr>\n<\/tbody>\n<\/table>","protected":false},"excerpt":{"rendered":"<p>Dos teteras vistas en Carlsberg Bryghus.<\/p>","protected":false},"featured_media":1116,"comment_status":"open","ping_status":"closed","template":"","meta":{"_mi_skip_tracking":false},"product_cat":[73,79],"product_tag":[],"class_list":{"0":"post-339","1":"product","2":"type-product","3":"status-publish","4":"has-post-thumbnail","6":"product_cat-plakater","7":"product_cat-koebenhavn","8":"pa_storrelse-a4-21x30cm","9":"pa_storrelse-a3-30x42cm","10":"pa_storrelse-b2-50x70cm","11":"pa_storrelse-b1-70x100cm","13":"first","14":"instock","15":"taxable","16":"shipping-taxable","17":"purchasable","18":"product-type-variable"},"yoast_head":"<!-- This site is optimized with the Yoast SEO plugin v24.2 - https:\/\/yoast.com\/wordpress\/plugins\/seo\/ -->\n<title>Carlsberg Bryghus Plakater | Spar 10% p\u00e5 et samles\u00e6t - My Canvas<\/title>\n<meta name=\"description\" content=\"K\u00f8b Carlsberg Bryghus Plakater. DEN BEDSTE KVALITET Til den bedste pris - Historiske danske plakater - se vores store udvalg her.\" \/>\n<meta name=\"robots\" content=\"index, follow, max-snippet:-1, max-image-preview:large, max-video-preview:-1\" \/>\n<link rel=\"canonical\" href=\"https:\/\/mycanvas.dk\/es\/producto\/carlsberg-bryghus\/\" \/>\n<meta property=\"og:locale\" content=\"es_ES\" \/>\n<meta property=\"og:type\" content=\"article\" \/>\n<meta property=\"og:title\" content=\"Carlsberg Bryghus Plakater | Spar 10% p\u00e5 et samles\u00e6t - My Canvas\" \/>\n<meta property=\"og:description\" content=\"K\u00f8b Carlsberg Bryghus Plakater. DEN BEDSTE KVALITET Til den bedste pris - Historiske danske plakater - se vores store udvalg her.\" \/>\n<meta property=\"og:url\" content=\"https:\/\/mycanvas.dk\/es\/producto\/carlsberg-bryghus\/\" \/>\n<meta property=\"og:site_name\" content=\"My Canvas\" \/>\n<meta property=\"article:publisher\" content=\"https:\/\/www.facebook.com\/MyCanvasDanmark\" \/>\n<meta property=\"article:modified_time\" content=\"2019-10-29T14:15:28+00:00\" \/>\n<meta property=\"og:image\" content=\"https:\/\/mycanvas.dk\/wp-content\/uploads\/2018\/09\/Brygkedler-tr\u00e6-2.jpeg\" \/>\n\t<meta property=\"og:image:width\" content=\"2480\" \/>\n\t<meta property=\"og:image:height\" content=\"3508\" \/>\n\t<meta property=\"og:image:type\" content=\"image\/jpeg\" \/>\n<meta name=\"twitter:card\" content=\"summary_large_image\" \/>\n<meta name=\"twitter:label1\" content=\"Tiempo de lectura\" \/>\n\t<meta name=\"twitter:data1\" content=\"3 minutos\" \/>\n<script type=\"application\/ld+json\" class=\"yoast-schema-graph\">{\"@context\":\"https:\/\/schema.org\",\"@graph\":[{\"@type\":\"WebPage\",\"@id\":\"https:\/\/mycanvas.dk\/vare\/carlsberg-bryghus\/\",\"url\":\"https:\/\/mycanvas.dk\/vare\/carlsberg-bryghus\/\",\"name\":\"Carlsberg Bryghus Plakater | Spar 10% p\u00e5 et samles\u00e6t - My Canvas\",\"isPartOf\":{\"@id\":\"https:\/\/mycanvas.dk\/#website\"},\"primaryImageOfPage\":{\"@id\":\"https:\/\/mycanvas.dk\/vare\/carlsberg-bryghus\/#primaryimage\"},\"image\":{\"@id\":\"https:\/\/mycanvas.dk\/vare\/carlsberg-bryghus\/#primaryimage\"},\"thumbnailUrl\":\"https:\/\/mycanvas.dk\/wp-content\/uploads\/2018\/09\/Brygkedler-tr\u00e6-2.jpeg\",\"datePublished\":\"2018-09-27T18:00:28+00:00\",\"dateModified\":\"2019-10-29T14:15:28+00:00\",\"description\":\"K\u00f8b Carlsberg Bryghus Plakater. DEN BEDSTE KVALITET Til den bedste pris - Historiske danske plakater - se vores store udvalg her.\",\"breadcrumb\":{\"@id\":\"https:\/\/mycanvas.dk\/vare\/carlsberg-bryghus\/#breadcrumb\"},\"inLanguage\":\"es\",\"potentialAction\":[{\"@type\":\"ReadAction\",\"target\":[\"https:\/\/mycanvas.dk\/vare\/carlsberg-bryghus\/\"]}]},{\"@type\":\"ImageObject\",\"inLanguage\":\"es\",\"@id\":\"https:\/\/mycanvas.dk\/vare\/carlsberg-bryghus\/#primaryimage\",\"url\":\"https:\/\/mycanvas.dk\/wp-content\/uploads\/2018\/09\/Brygkedler-tr\u00e6-2.jpeg\",\"contentUrl\":\"https:\/\/mycanvas.dk\/wp-content\/uploads\/2018\/09\/Brygkedler-tr\u00e6-2.jpeg\",\"width\":2480,\"height\":3508},{\"@type\":\"BreadcrumbList\",\"@id\":\"https:\/\/mycanvas.dk\/vare\/carlsberg-bryghus\/#breadcrumb\",\"itemListElement\":[{\"@type\":\"ListItem\",\"position\":1,\"name\":\"Hjem\",\"item\":\"https:\/\/mycanvas.dk\/\"},{\"@type\":\"ListItem\",\"position\":2,\"name\":\"Shop\",\"item\":\"https:\/\/mycanvas.dk\/shop\/\"},{\"@type\":\"ListItem\",\"position\":3,\"name\":\"Carlsberg Bryghus\"}]},{\"@type\":\"WebSite\",\"@id\":\"https:\/\/mycanvas.dk\/#website\",\"url\":\"https:\/\/mycanvas.dk\/\",\"name\":\"My Canvas\",\"description\":\"Vi g\u00f8r danmarks historie til kunst\",\"publisher\":{\"@id\":\"https:\/\/mycanvas.dk\/#organization\"},\"potentialAction\":[{\"@type\":\"SearchAction\",\"target\":{\"@type\":\"EntryPoint\",\"urlTemplate\":\"https:\/\/mycanvas.dk\/?s={search_term_string}\"},\"query-input\":{\"@type\":\"PropertyValueSpecification\",\"valueRequired\":true,\"valueName\":\"search_term_string\"}}],\"inLanguage\":\"es\"},{\"@type\":\"Organization\",\"@id\":\"https:\/\/mycanvas.dk\/#organization\",\"name\":\"My Canvas\",\"url\":\"https:\/\/mycanvas.dk\/\",\"logo\":{\"@type\":\"ImageObject\",\"inLanguage\":\"es\",\"@id\":\"https:\/\/mycanvas.dk\/#\/schema\/logo\/image\/\",\"url\":\"https:\/\/mycanvas.dk\/wp-content\/uploads\/2018\/09\/MyCanvas-Logo-Nyeste.png\",\"contentUrl\":\"https:\/\/mycanvas.dk\/wp-content\/uploads\/2018\/09\/MyCanvas-Logo-Nyeste.png\",\"width\":1916,\"height\":736,\"caption\":\"My Canvas\"},\"image\":{\"@id\":\"https:\/\/mycanvas.dk\/#\/schema\/logo\/image\/\"},\"sameAs\":[\"https:\/\/www.facebook.com\/MyCanvasDanmark\",\"https:\/\/www.instagram.com\/mycanvasdk\/\"]}]}<\/script>\n<!-- \/ Yoast SEO plugin. -->","yoast_head_json":{"title":"Carlsberg Bryghus Plakater | Spar 10% p\u00e5 et samles\u00e6t - My Canvas","description":"K\u00f8b Carlsberg Bryghus Plakater. DEN BEDSTE KVALITET Til den bedste pris - Historiske danske plakater - se vores store udvalg her.","robots":{"index":"index","follow":"follow","max-snippet":"max-snippet:-1","max-image-preview":"max-image-preview:large","max-video-preview":"max-video-preview:-1"},"canonical":"https:\/\/mycanvas.dk\/es\/producto\/carlsberg-bryghus\/","og_locale":"es_ES","og_type":"article","og_title":"Carlsberg Bryghus Plakater | Spar 10% p\u00e5 et samles\u00e6t - My Canvas","og_description":"K\u00f8b Carlsberg Bryghus Plakater. DEN BEDSTE KVALITET Til den bedste pris - Historiske danske plakater - se vores store udvalg her.","og_url":"https:\/\/mycanvas.dk\/es\/producto\/carlsberg-bryghus\/","og_site_name":"My Canvas","article_publisher":"https:\/\/www.facebook.com\/MyCanvasDanmark","article_modified_time":"2019-10-29T14:15:28+00:00","og_image":[{"width":2480,"height":3508,"url":"https:\/\/mycanvas.dk\/wp-content\/uploads\/2018\/09\/Brygkedler-tr\u00e6-2.jpeg","type":"image\/jpeg"}],"twitter_card":"summary_large_image","twitter_misc":{"Tiempo de lectura":"3 minutos"},"schema":{"@context":"https:\/\/schema.org","@graph":[{"@type":"WebPage","@id":"https:\/\/mycanvas.dk\/vare\/carlsberg-bryghus\/","url":"https:\/\/mycanvas.dk\/vare\/carlsberg-bryghus\/","name":"Carlsberg Bryghus Plakater | Spar 10% p\u00e5 et samles\u00e6t - My Canvas","isPartOf":{"@id":"https:\/\/mycanvas.dk\/#website"},"primaryImageOfPage":{"@id":"https:\/\/mycanvas.dk\/vare\/carlsberg-bryghus\/#primaryimage"},"image":{"@id":"https:\/\/mycanvas.dk\/vare\/carlsberg-bryghus\/#primaryimage"},"thumbnailUrl":"https:\/\/mycanvas.dk\/wp-content\/uploads\/2018\/09\/Brygkedler-tr\u00e6-2.jpeg","datePublished":"2018-09-27T18:00:28+00:00","dateModified":"2019-10-29T14:15:28+00:00","description":"K\u00f8b Carlsberg Bryghus Plakater. DEN BEDSTE KVALITET Til den bedste pris - Historiske danske plakater - se vores store udvalg her.","breadcrumb":{"@id":"https:\/\/mycanvas.dk\/vare\/carlsberg-bryghus\/#breadcrumb"},"inLanguage":"es","potentialAction":[{"@type":"ReadAction","target":["https:\/\/mycanvas.dk\/vare\/carlsberg-bryghus\/"]}]},{"@type":"ImageObject","inLanguage":"es","@id":"https:\/\/mycanvas.dk\/vare\/carlsberg-bryghus\/#primaryimage","url":"https:\/\/mycanvas.dk\/wp-content\/uploads\/2018\/09\/Brygkedler-tr\u00e6-2.jpeg","contentUrl":"https:\/\/mycanvas.dk\/wp-content\/uploads\/2018\/09\/Brygkedler-tr\u00e6-2.jpeg","width":2480,"height":3508},{"@type":"BreadcrumbList","@id":"https:\/\/mycanvas.dk\/vare\/carlsberg-bryghus\/#breadcrumb","itemListElement":[{"@type":"ListItem","position":1,"name":"Hjem","item":"https:\/\/mycanvas.dk\/"},{"@type":"ListItem","position":2,"name":"Shop","item":"https:\/\/mycanvas.dk\/shop\/"},{"@type":"ListItem","position":3,"name":"Carlsberg Bryghus"}]},{"@type":"WebSite","@id":"https:\/\/mycanvas.dk\/#website","url":"https:\/\/mycanvas.dk\/","name":"My Canvas","description":"Vi g\u00f8r danmarks historie til kunst","publisher":{"@id":"https:\/\/mycanvas.dk\/#organization"},"potentialAction":[{"@type":"SearchAction","target":{"@type":"EntryPoint","urlTemplate":"https:\/\/mycanvas.dk\/?s={search_term_string}"},"query-input":{"@type":"PropertyValueSpecification","valueRequired":true,"valueName":"search_term_string"}}],"inLanguage":"es"},{"@type":"Organization","@id":"https:\/\/mycanvas.dk\/#organization","name":"My Canvas","url":"https:\/\/mycanvas.dk\/","logo":{"@type":"ImageObject","inLanguage":"es","@id":"https:\/\/mycanvas.dk\/#\/schema\/logo\/image\/","url":"https:\/\/mycanvas.dk\/wp-content\/uploads\/2018\/09\/MyCanvas-Logo-Nyeste.png","contentUrl":"https:\/\/mycanvas.dk\/wp-content\/uploads\/2018\/09\/MyCanvas-Logo-Nyeste.png","width":1916,"height":736,"caption":"My Canvas"},"image":{"@id":"https:\/\/mycanvas.dk\/#\/schema\/logo\/image\/"},"sameAs":["https:\/\/www.facebook.com\/MyCanvasDanmark","https:\/\/www.instagram.com\/mycanvasdk\/"]}]}},"_links":{"self":[{"href":"https:\/\/mycanvas.dk\/es\/wp-json\/wp\/v2\/product\/339","targetHints":{"allow":["GET"]}}],"collection":[{"href":"https:\/\/mycanvas.dk\/es\/wp-json\/wp\/v2\/product"}],"about":[{"href":"https:\/\/mycanvas.dk\/es\/wp-json\/wp\/v2\/types\/product"}],"replies":[{"embeddable":true,"href":"https:\/\/mycanvas.dk\/es\/wp-json\/wp\/v2\/comments?post=339"}],"wp:featuredmedia":[{"embeddable":true,"href":"https:\/\/mycanvas.dk\/es\/wp-json\/wp\/v2\/media\/1116"}],"wp:attachment":[{"href":"https:\/\/mycanvas.dk\/es\/wp-json\/wp\/v2\/media?parent=339"}],"wp:term":[{"taxonomy":"product_cat","embeddable":true,"href":"https:\/\/mycanvas.dk\/es\/wp-json\/wp\/v2\/product_cat?post=339"},{"taxonomy":"product_tag","embeddable":true,"href":"https:\/\/mycanvas.dk\/es\/wp-json\/wp\/v2\/product_tag?post=339"}],"curies":[{"name":"wp","href":"https:\/\/api.w.org\/{rel}","templated":true}]}}