
{"id":340,"date":"2018-09-27T19:49:26","date_gmt":"2018-09-27T17:49:26","guid":{"rendered":"http:\/\/designbyjuel.dk\/?post_type=product&#038;p=340"},"modified":"2019-10-29T15:16:27","modified_gmt":"2019-10-29T14:16:27","slug":"portal-ved-carlsberg-bryghus","status":"publish","type":"product","link":"https:\/\/mycanvas.dk\/es\/producto\/portal-ved-carlsberg-bryghus\/","title":{"rendered":"Portal en Carlsberg Bryghus"},"content":{"rendered":"<p>El portal de la cervecer\u00eda Carlsberg en Vesterbro. En la imagen se puede ver el signo de la Sv\u00e1stica, que hoy ha sido sustituido por dos cruces.<\/p>\n<p>Carlsberg Byen es una zona situada en la frontera entre Valby y Vesterbro, en el interior de Copenhague, que alberga el grupo cervecero Carlsberg desde 1847. El \u00e1rea se origin\u00f3 en 1847, cuando JC Jacobsen fund\u00f3 su cervecer\u00eda original en el \u00e1rea. La primera elaboraci\u00f3n de cerveza tuvo lugar el 11 de noviembre del mismo a\u00f1o y ha estado en producci\u00f3n ininterrumpida hasta el 30 de octubre de 2008, cuando se realiz\u00f3 la \u00faltima elaboraci\u00f3n de cerveza. La superficie total es de m\u00e1s de 30 hect\u00e1reas y ahora se est\u00e1 desarrollando un nuevo distrito con m\u00e1s tiendas, escuelas y apartamentos. Carlsberg Byen ha recibido cr\u00edticas p\u00fablicas masivas por su enfoque del desarrollo urbano, incluida la mala arquitectura, la destrucci\u00f3n de una zona urbana hist\u00f3rica que antes era hermosa, la falta de vida urbana y la muerte de tiendas, as\u00ed como la tala ilegal de \u00e1rboles protegidos.<\/p>\n<div class=\"accordion\" rel=\"\">\n<div class=\"accordion-item\"><a href=\"#\" class=\"accordion-title plain\"><button class=\"toggle\"><i class=\"icon-angle-down\"><\/i><\/button><span>Leer m\u00e1s<\/span><\/a><div class=\"accordion-inner\">\n<p>La primera cervecer\u00eda que se construy\u00f3 se encuentra al final del actual Gl. Carlsbergvej, junto al viaducto sobre el ferrocarril. Adem\u00e1s de la propia cervecer\u00eda, se construy\u00f3 una casa para JC Jacobsen y su familia, hoy conocida como la actual Academia Carlsberg. Al este de la cervecer\u00eda original se construy\u00f3 m\u00e1s tarde la Anneksbryggeriet (tambi\u00e9n conocida como Mellembryggeriet), que primero fue arrendada al hijo Carl Jacobsen, pero luego se coloc\u00f3 bajo la cervecer\u00eda original. El \u00e1rea se completa con la construcci\u00f3n de la nueva puerta principal en Pasteursvej.<\/p>\n<p>Al norte del actual Gl. Carlsbergvej, se construy\u00f3 una residencia oficial para Erhard Kogsb\u00f8lle y m\u00e1s tarde el Laboratorio Carlsberg. Carlsberg compra algunas de las otras propiedades de la zona y las utiliza para diversos fines.<\/p>\n<p>El hijo Carl Jacobsen construy\u00f3 su propia cervecer\u00eda, Ny Carlsberg, en la parte norte de la actual Ny Carlsberg Vej. Primero se construy\u00f3 en el \u00e1rea entre Gamle Carlsberg y Ny Carlsberg Vej, pero como la producci\u00f3n no pod\u00eda acomodarse aqu\u00ed, tambi\u00e9n se construy\u00f3 al este de Ny Carlsberg Vej y los edificios est\u00e1n conectados con la Puerta del Elefante y la Puerta Doble.<\/p>\n<p>Entre 2013 y 2019 surge el llamado Carlsberg moderno, en parte con el \u00e1rea alrededor de la sala de calderas y la central el\u00e9ctrica, y luego con varias plantas embotelladoras, p. NyTap con la estaci\u00f3n de mercanc\u00edas Station Hof en el nivel inferior. Malteri y Silo al oeste de Ny Carlsberg Road sobre la construcci\u00f3n moderna de los a\u00f1os 80 con sala de embotellado y paletizado y, finalmente, con la demolici\u00f3n de parte de Jerichausgade para construir un dep\u00f3sito.<\/p>\n<\/div><\/div>\n<\/div>\n<h2>Lugar<\/h2>\n<div class=\"map-data\"><\/div>\n<table>\n<tbody>\n<tr>\n<th>Nombre de la calle:<\/th>\n<td>Ny Carlsbergvej<\/td>\n<\/tr>\n<tr>\n<th>Ciudad:<\/th>\n<td>Valby<\/td>\n<\/tr>\n<tr>\n<th>Distrito:<\/th>\n<td>Centro de la ciudad<\/td>\n<\/tr>\n<tr>\n<th>Pa\u00eds:<\/th>\n<td>Dinamarca<\/td>\n<\/tr>\n<tr>\n<th>Coordenadas:<\/th>\n<td>55.66726, 12.53272<\/td>\n<\/tr>\n<\/tbody>\n<\/table>","protected":false},"excerpt":{"rendered":"<p>Portal Carlsberg y entrada desde Vesterbro en 1906.<\/p>","protected":false},"featured_media":1094,"comment_status":"open","ping_status":"closed","template":"","meta":{"_mi_skip_tracking":false},"product_cat":[73,79],"product_tag":[],"class_list":{"0":"post-340","1":"product","2":"type-product","3":"status-publish","4":"has-post-thumbnail","6":"product_cat-plakater","7":"product_cat-koebenhavn","8":"pa_storrelse-a4-21x30cm","9":"pa_storrelse-a3-30x42cm","10":"pa_storrelse-b2-50x70cm","11":"pa_storrelse-b1-70x100cm","13":"first","14":"instock","15":"taxable","16":"shipping-taxable","17":"purchasable","18":"product-type-variable"},"yoast_head":"<!-- This site is optimized with the Yoast SEO plugin v24.2 - https:\/\/yoast.com\/wordpress\/plugins\/seo\/ -->\n<title>Portal ved Carlsberg Bryghus Plakater | Spar 10% p\u00e5 et samles\u00e6t<\/title>\n<meta name=\"description\" content=\"K\u00f8b Portal ved Carlsberg Bryghus Plakater. DEN BEDSTE KVALITET Til den bedste pris - Historiske danske plakater - se vore store udvalg her.\" \/>\n<meta name=\"robots\" content=\"index, follow, max-snippet:-1, max-image-preview:large, max-video-preview:-1\" \/>\n<link rel=\"canonical\" href=\"https:\/\/mycanvas.dk\/es\/producto\/portal-ved-carlsberg-bryghus\/\" \/>\n<meta property=\"og:locale\" content=\"es_ES\" \/>\n<meta property=\"og:type\" content=\"article\" \/>\n<meta property=\"og:title\" content=\"Portal ved Carlsberg Bryghus Plakater | Spar 10% p\u00e5 et samles\u00e6t\" \/>\n<meta property=\"og:description\" content=\"K\u00f8b Portal ved Carlsberg Bryghus Plakater. DEN BEDSTE KVALITET Til den bedste pris - Historiske danske plakater - se vore store udvalg her.\" \/>\n<meta property=\"og:url\" content=\"https:\/\/mycanvas.dk\/es\/producto\/portal-ved-carlsberg-bryghus\/\" \/>\n<meta property=\"og:site_name\" content=\"My Canvas\" \/>\n<meta property=\"article:publisher\" content=\"https:\/\/www.facebook.com\/MyCanvasDanmark\" \/>\n<meta property=\"article:modified_time\" content=\"2019-10-29T14:16:27+00:00\" \/>\n<meta property=\"og:image\" content=\"https:\/\/mycanvas.dk\/wp-content\/uploads\/2018\/09\/Carlsberg-portal-tr\u00e6.jpeg\" \/>\n\t<meta property=\"og:image:width\" content=\"2048\" \/>\n\t<meta property=\"og:image:height\" content=\"1448\" \/>\n\t<meta property=\"og:image:type\" content=\"image\/jpeg\" \/>\n<meta name=\"twitter:card\" content=\"summary_large_image\" \/>\n<meta name=\"twitter:label1\" content=\"Tiempo de lectura\" \/>\n\t<meta name=\"twitter:data1\" content=\"2 minutos\" \/>\n<script type=\"application\/ld+json\" class=\"yoast-schema-graph\">{\"@context\":\"https:\/\/schema.org\",\"@graph\":[{\"@type\":\"WebPage\",\"@id\":\"https:\/\/mycanvas.dk\/vare\/portal-ved-carlsberg-bryghus\/\",\"url\":\"https:\/\/mycanvas.dk\/vare\/portal-ved-carlsberg-bryghus\/\",\"name\":\"Portal ved Carlsberg Bryghus Plakater | Spar 10% p\u00e5 et samles\u00e6t\",\"isPartOf\":{\"@id\":\"https:\/\/mycanvas.dk\/#website\"},\"primaryImageOfPage\":{\"@id\":\"https:\/\/mycanvas.dk\/vare\/portal-ved-carlsberg-bryghus\/#primaryimage\"},\"image\":{\"@id\":\"https:\/\/mycanvas.dk\/vare\/portal-ved-carlsberg-bryghus\/#primaryimage\"},\"thumbnailUrl\":\"https:\/\/mycanvas.dk\/wp-content\/uploads\/2018\/09\/Carlsberg-portal-tr\u00e6.jpeg\",\"datePublished\":\"2018-09-27T17:49:26+00:00\",\"dateModified\":\"2019-10-29T14:16:27+00:00\",\"description\":\"K\u00f8b Portal ved Carlsberg Bryghus Plakater. DEN BEDSTE KVALITET Til den bedste pris - Historiske danske plakater - se vore store udvalg her.\",\"breadcrumb\":{\"@id\":\"https:\/\/mycanvas.dk\/vare\/portal-ved-carlsberg-bryghus\/#breadcrumb\"},\"inLanguage\":\"es\",\"potentialAction\":[{\"@type\":\"ReadAction\",\"target\":[\"https:\/\/mycanvas.dk\/vare\/portal-ved-carlsberg-bryghus\/\"]}]},{\"@type\":\"ImageObject\",\"inLanguage\":\"es\",\"@id\":\"https:\/\/mycanvas.dk\/vare\/portal-ved-carlsberg-bryghus\/#primaryimage\",\"url\":\"https:\/\/mycanvas.dk\/wp-content\/uploads\/2018\/09\/Carlsberg-portal-tr\u00e6.jpeg\",\"contentUrl\":\"https:\/\/mycanvas.dk\/wp-content\/uploads\/2018\/09\/Carlsberg-portal-tr\u00e6.jpeg\",\"width\":2048,\"height\":1448},{\"@type\":\"BreadcrumbList\",\"@id\":\"https:\/\/mycanvas.dk\/vare\/portal-ved-carlsberg-bryghus\/#breadcrumb\",\"itemListElement\":[{\"@type\":\"ListItem\",\"position\":1,\"name\":\"Hjem\",\"item\":\"https:\/\/mycanvas.dk\/\"},{\"@type\":\"ListItem\",\"position\":2,\"name\":\"Shop\",\"item\":\"https:\/\/mycanvas.dk\/shop\/\"},{\"@type\":\"ListItem\",\"position\":3,\"name\":\"Portal ved Carlsberg Bryghus\"}]},{\"@type\":\"WebSite\",\"@id\":\"https:\/\/mycanvas.dk\/#website\",\"url\":\"https:\/\/mycanvas.dk\/\",\"name\":\"My Canvas\",\"description\":\"Vi g\u00f8r danmarks historie til kunst\",\"publisher\":{\"@id\":\"https:\/\/mycanvas.dk\/#organization\"},\"potentialAction\":[{\"@type\":\"SearchAction\",\"target\":{\"@type\":\"EntryPoint\",\"urlTemplate\":\"https:\/\/mycanvas.dk\/?s={search_term_string}\"},\"query-input\":{\"@type\":\"PropertyValueSpecification\",\"valueRequired\":true,\"valueName\":\"search_term_string\"}}],\"inLanguage\":\"es\"},{\"@type\":\"Organization\",\"@id\":\"https:\/\/mycanvas.dk\/#organization\",\"name\":\"My Canvas\",\"url\":\"https:\/\/mycanvas.dk\/\",\"logo\":{\"@type\":\"ImageObject\",\"inLanguage\":\"es\",\"@id\":\"https:\/\/mycanvas.dk\/#\/schema\/logo\/image\/\",\"url\":\"https:\/\/mycanvas.dk\/wp-content\/uploads\/2018\/09\/MyCanvas-Logo-Nyeste.png\",\"contentUrl\":\"https:\/\/mycanvas.dk\/wp-content\/uploads\/2018\/09\/MyCanvas-Logo-Nyeste.png\",\"width\":1916,\"height\":736,\"caption\":\"My Canvas\"},\"image\":{\"@id\":\"https:\/\/mycanvas.dk\/#\/schema\/logo\/image\/\"},\"sameAs\":[\"https:\/\/www.facebook.com\/MyCanvasDanmark\",\"https:\/\/www.instagram.com\/mycanvasdk\/\"]}]}<\/script>\n<!-- \/ Yoast SEO plugin. -->","yoast_head_json":{"title":"Portal ved Carlsberg Bryghus Plakater | Spar 10% p\u00e5 et samles\u00e6t","description":"K\u00f8b Portal ved Carlsberg Bryghus Plakater. DEN BEDSTE KVALITET Til den bedste pris - Historiske danske plakater - se vore store udvalg her.","robots":{"index":"index","follow":"follow","max-snippet":"max-snippet:-1","max-image-preview":"max-image-preview:large","max-video-preview":"max-video-preview:-1"},"canonical":"https:\/\/mycanvas.dk\/es\/producto\/portal-ved-carlsberg-bryghus\/","og_locale":"es_ES","og_type":"article","og_title":"Portal ved Carlsberg Bryghus Plakater | Spar 10% p\u00e5 et samles\u00e6t","og_description":"K\u00f8b Portal ved Carlsberg Bryghus Plakater. DEN BEDSTE KVALITET Til den bedste pris - Historiske danske plakater - se vore store udvalg her.","og_url":"https:\/\/mycanvas.dk\/es\/producto\/portal-ved-carlsberg-bryghus\/","og_site_name":"My Canvas","article_publisher":"https:\/\/www.facebook.com\/MyCanvasDanmark","article_modified_time":"2019-10-29T14:16:27+00:00","og_image":[{"width":2048,"height":1448,"url":"https:\/\/mycanvas.dk\/wp-content\/uploads\/2018\/09\/Carlsberg-portal-tr\u00e6.jpeg","type":"image\/jpeg"}],"twitter_card":"summary_large_image","twitter_misc":{"Tiempo de lectura":"2 minutos"},"schema":{"@context":"https:\/\/schema.org","@graph":[{"@type":"WebPage","@id":"https:\/\/mycanvas.dk\/vare\/portal-ved-carlsberg-bryghus\/","url":"https:\/\/mycanvas.dk\/vare\/portal-ved-carlsberg-bryghus\/","name":"Portal ved Carlsberg Bryghus Plakater | Spar 10% p\u00e5 et samles\u00e6t","isPartOf":{"@id":"https:\/\/mycanvas.dk\/#website"},"primaryImageOfPage":{"@id":"https:\/\/mycanvas.dk\/vare\/portal-ved-carlsberg-bryghus\/#primaryimage"},"image":{"@id":"https:\/\/mycanvas.dk\/vare\/portal-ved-carlsberg-bryghus\/#primaryimage"},"thumbnailUrl":"https:\/\/mycanvas.dk\/wp-content\/uploads\/2018\/09\/Carlsberg-portal-tr\u00e6.jpeg","datePublished":"2018-09-27T17:49:26+00:00","dateModified":"2019-10-29T14:16:27+00:00","description":"K\u00f8b Portal ved Carlsberg Bryghus Plakater. DEN BEDSTE KVALITET Til den bedste pris - Historiske danske plakater - se vore store udvalg her.","breadcrumb":{"@id":"https:\/\/mycanvas.dk\/vare\/portal-ved-carlsberg-bryghus\/#breadcrumb"},"inLanguage":"es","potentialAction":[{"@type":"ReadAction","target":["https:\/\/mycanvas.dk\/vare\/portal-ved-carlsberg-bryghus\/"]}]},{"@type":"ImageObject","inLanguage":"es","@id":"https:\/\/mycanvas.dk\/vare\/portal-ved-carlsberg-bryghus\/#primaryimage","url":"https:\/\/mycanvas.dk\/wp-content\/uploads\/2018\/09\/Carlsberg-portal-tr\u00e6.jpeg","contentUrl":"https:\/\/mycanvas.dk\/wp-content\/uploads\/2018\/09\/Carlsberg-portal-tr\u00e6.jpeg","width":2048,"height":1448},{"@type":"BreadcrumbList","@id":"https:\/\/mycanvas.dk\/vare\/portal-ved-carlsberg-bryghus\/#breadcrumb","itemListElement":[{"@type":"ListItem","position":1,"name":"Hjem","item":"https:\/\/mycanvas.dk\/"},{"@type":"ListItem","position":2,"name":"Shop","item":"https:\/\/mycanvas.dk\/shop\/"},{"@type":"ListItem","position":3,"name":"Portal ved Carlsberg Bryghus"}]},{"@type":"WebSite","@id":"https:\/\/mycanvas.dk\/#website","url":"https:\/\/mycanvas.dk\/","name":"My Canvas","description":"Vi g\u00f8r danmarks historie til kunst","publisher":{"@id":"https:\/\/mycanvas.dk\/#organization"},"potentialAction":[{"@type":"SearchAction","target":{"@type":"EntryPoint","urlTemplate":"https:\/\/mycanvas.dk\/?s={search_term_string}"},"query-input":{"@type":"PropertyValueSpecification","valueRequired":true,"valueName":"search_term_string"}}],"inLanguage":"es"},{"@type":"Organization","@id":"https:\/\/mycanvas.dk\/#organization","name":"My Canvas","url":"https:\/\/mycanvas.dk\/","logo":{"@type":"ImageObject","inLanguage":"es","@id":"https:\/\/mycanvas.dk\/#\/schema\/logo\/image\/","url":"https:\/\/mycanvas.dk\/wp-content\/uploads\/2018\/09\/MyCanvas-Logo-Nyeste.png","contentUrl":"https:\/\/mycanvas.dk\/wp-content\/uploads\/2018\/09\/MyCanvas-Logo-Nyeste.png","width":1916,"height":736,"caption":"My Canvas"},"image":{"@id":"https:\/\/mycanvas.dk\/#\/schema\/logo\/image\/"},"sameAs":["https:\/\/www.facebook.com\/MyCanvasDanmark","https:\/\/www.instagram.com\/mycanvasdk\/"]}]}},"_links":{"self":[{"href":"https:\/\/mycanvas.dk\/es\/wp-json\/wp\/v2\/product\/340","targetHints":{"allow":["GET"]}}],"collection":[{"href":"https:\/\/mycanvas.dk\/es\/wp-json\/wp\/v2\/product"}],"about":[{"href":"https:\/\/mycanvas.dk\/es\/wp-json\/wp\/v2\/types\/product"}],"replies":[{"embeddable":true,"href":"https:\/\/mycanvas.dk\/es\/wp-json\/wp\/v2\/comments?post=340"}],"wp:featuredmedia":[{"embeddable":true,"href":"https:\/\/mycanvas.dk\/es\/wp-json\/wp\/v2\/media\/1094"}],"wp:attachment":[{"href":"https:\/\/mycanvas.dk\/es\/wp-json\/wp\/v2\/media?parent=340"}],"wp:term":[{"taxonomy":"product_cat","embeddable":true,"href":"https:\/\/mycanvas.dk\/es\/wp-json\/wp\/v2\/product_cat?post=340"},{"taxonomy":"product_tag","embeddable":true,"href":"https:\/\/mycanvas.dk\/es\/wp-json\/wp\/v2\/product_tag?post=340"}],"curies":[{"name":"wp","href":"https:\/\/api.w.org\/{rel}","templated":true}]}}