
{"id":350,"date":"2018-09-27T20:04:07","date_gmt":"2018-09-27T18:04:07","guid":{"rendered":"http:\/\/designbyjuel.dk\/?post_type=product&#038;p=350"},"modified":"2019-10-29T15:14:49","modified_gmt":"2019-10-29T14:14:49","slug":"togafgang-fra-koebenhavns-hovedbanegaard","status":"publish","type":"product","link":"https:\/\/mycanvas.dk\/es\/producto\/togafgang-fra-koebenhavns-hovedbanegaard\/","title":{"rendered":"Salida del tren Hovedbaneg\u00e5rden"},"content":{"rendered":"<p>Aqu\u00ed puedes ver a un grupo de personas que est\u00e1n en el proceso de tomarse una foto antes de que suene el silbato de salida.<\/p>\n<p>DSB es una abreviatura de <i>Ferrocarriles estatales daneses<\/i>, que es una empresa p\u00fablica que opera el tr\u00e1fico de pasajeros en la red ferroviaria estatal, y pertenece en 100 % al Ministerio de Transportes, Construcci\u00f3n y Vivienda. DSB surgi\u00f3 en 1885, despu\u00e9s del estado en 1867 con el nombre <i>Los ferrocarriles estatales Jutlandia-Fionia<\/i> se hizo cargo de la empresa privada <i>La Compa\u00f1\u00eda Operadora de Ferrocarriles Daneses<\/i> y en 1880 tambi\u00e9n era de propiedad privada <i>La Compa\u00f1\u00eda de Ferrocarriles de Zelanda<\/i>.<\/p>\n<div class=\"accordion\" rel=\"\">\n<div class=\"accordion-item\"><a href=\"#\" class=\"accordion-title plain\"><button class=\"toggle\"><i class=\"icon-angle-down\"><\/i><\/button><span>Leer m\u00e1s<\/span><\/a><div class=\"accordion-inner\">\n<p>La actual Estaci\u00f3n Central de Copenhague se inaugur\u00f3 en 1911.<\/p>\n<p>Por ley del 29 de marzo de 1904, se concedi\u00f3 una subvenci\u00f3n para la nueva estaci\u00f3n principal de trenes de pasajeros de Copenhague (inaugurada el 1 de diciembre de 1911) y varios tramos en Copenhague y sus alrededores. Adem\u00e1s, la Ley sobre nuevas construcciones ferroviarias, etc., del 27 de mayo de 1908, aprob\u00f3 una serie de grandes instalaciones ferroviarias que aumentaron considerablemente la longitud de la red ferroviaria estatal, de modo que la red ferroviaria total de DSB el 1 de abril de 1914 ascend\u00eda a 1.999,8 km.<\/p>\n<p>Antes de la construcci\u00f3n del Puente del Peque\u00f1o Belt, un viaje en tren desde Copenhague hasta, por ejemplo, Aarhus duraba al menos 8 horas y 20 minutos, parte de los cuales se hac\u00eda en ferry. En el camino, los viajeros tuvieron que cambiar de tren a ferry en Kors\u00f8r, de ferry a tren en Nyborg, a ferry nuevamente en Strib y luego llegar al puerto de ferry de Fredericia, donde hab\u00eda entre 250 y 300 metros hasta la estaci\u00f3n de tren y el Tren a Aarhus. Cuando se inaugur\u00f3 el puente Little Belt y se introdujeron los trenes expresos en 1935, se revolucion\u00f3 el tr\u00e1fico en Dinamarca. Ahora se pod\u00eda viajar entre la capital y Jutlandia y volver el mismo d\u00eda sin tener que hacer transbordo en el Great Belt y el Little Belt, ya que los trenes expresos circulaban directamente a bordo de los Great Belt Ferries.<\/p>\n<\/div><\/div>\n<\/div>\n<h2>Lugar<\/h2>\n<table>\n<tbody>\n<tr>\n<th>Ciudad:<\/th>\n<td>Copenhague<\/td>\n<\/tr>\n<tr>\n<th>Distrito:<\/th>\n<td>Vesterbro<\/td>\n<\/tr>\n<tr>\n<th>Pa\u00eds:<\/th>\n<td>Dinamarca<\/td>\n<\/tr>\n<tr>\n<th>Coordenadas:<\/th>\n<td>55.67256, 12.56538<\/td>\n<\/tr>\n<\/tbody>\n<\/table>","protected":false},"excerpt":{"rendered":"<p>Viaje en tren desde la estaci\u00f3n central de Copenhague en 1914<\/p>","protected":false},"featured_media":1091,"comment_status":"open","ping_status":"closed","template":"","meta":{"_mi_skip_tracking":false},"product_cat":[73,79],"product_tag":[],"class_list":{"0":"post-350","1":"product","2":"type-product","3":"status-publish","4":"has-post-thumbnail","6":"product_cat-plakater","7":"product_cat-koebenhavn","8":"pa_storrelse-a4-21x30cm","9":"pa_storrelse-a3-30x42cm","10":"pa_storrelse-b2-50x70cm","11":"pa_storrelse-b1-70x100cm","13":"first","14":"instock","15":"taxable","16":"shipping-taxable","17":"purchasable","18":"product-type-variable"},"yoast_head":"<!-- This site is optimized with the Yoast SEO plugin v24.2 - https:\/\/yoast.com\/wordpress\/plugins\/seo\/ -->\n<title>Togafgang Hovedbaneg\u00e5rden Plakater | Spar 10% p\u00e5 et samles\u00e6t<\/title>\n<meta name=\"description\" content=\"K\u00f8b Togafgang Hovedbaneg\u00e5rden Plakater. DEN BEDSTE KVALITET Til den bedste pris - Historiske danske plakater - se vores store udvalg her.\" \/>\n<meta name=\"robots\" content=\"index, follow, max-snippet:-1, max-image-preview:large, max-video-preview:-1\" \/>\n<link rel=\"canonical\" href=\"https:\/\/mycanvas.dk\/es\/producto\/togafgang-fra-koebenhavns-hovedbanegaard\/\" \/>\n<meta property=\"og:locale\" content=\"es_ES\" \/>\n<meta property=\"og:type\" content=\"article\" \/>\n<meta property=\"og:title\" content=\"Togafgang Hovedbaneg\u00e5rden Plakater | Spar 10% p\u00e5 et samles\u00e6t\" \/>\n<meta property=\"og:description\" content=\"K\u00f8b Togafgang Hovedbaneg\u00e5rden Plakater. DEN BEDSTE KVALITET Til den bedste pris - Historiske danske plakater - se vores store udvalg her.\" \/>\n<meta property=\"og:url\" content=\"https:\/\/mycanvas.dk\/es\/producto\/togafgang-fra-koebenhavns-hovedbanegaard\/\" \/>\n<meta property=\"og:site_name\" content=\"My Canvas\" \/>\n<meta property=\"article:publisher\" content=\"https:\/\/www.facebook.com\/MyCanvasDanmark\" \/>\n<meta property=\"article:modified_time\" content=\"2019-10-29T14:14:49+00:00\" \/>\n<meta property=\"og:image\" content=\"https:\/\/mycanvas.dk\/wp-content\/uploads\/2018\/09\/Togrejse-tr\u00e6.jpeg\" \/>\n\t<meta property=\"og:image:width\" content=\"3508\" \/>\n\t<meta property=\"og:image:height\" content=\"2480\" \/>\n\t<meta property=\"og:image:type\" content=\"image\/jpeg\" \/>\n<meta name=\"twitter:card\" content=\"summary_large_image\" \/>\n<meta name=\"twitter:label1\" content=\"Tiempo de lectura\" \/>\n\t<meta name=\"twitter:data1\" content=\"1 minuto\" \/>\n<script type=\"application\/ld+json\" class=\"yoast-schema-graph\">{\"@context\":\"https:\/\/schema.org\",\"@graph\":[{\"@type\":\"WebPage\",\"@id\":\"https:\/\/mycanvas.dk\/vare\/togafgang-fra-koebenhavns-hovedbanegaard\/\",\"url\":\"https:\/\/mycanvas.dk\/vare\/togafgang-fra-koebenhavns-hovedbanegaard\/\",\"name\":\"Togafgang Hovedbaneg\u00e5rden Plakater | Spar 10% p\u00e5 et samles\u00e6t\",\"isPartOf\":{\"@id\":\"https:\/\/mycanvas.dk\/#website\"},\"primaryImageOfPage\":{\"@id\":\"https:\/\/mycanvas.dk\/vare\/togafgang-fra-koebenhavns-hovedbanegaard\/#primaryimage\"},\"image\":{\"@id\":\"https:\/\/mycanvas.dk\/vare\/togafgang-fra-koebenhavns-hovedbanegaard\/#primaryimage\"},\"thumbnailUrl\":\"https:\/\/mycanvas.dk\/wp-content\/uploads\/2018\/09\/Togrejse-tr\u00e6.jpeg\",\"datePublished\":\"2018-09-27T18:04:07+00:00\",\"dateModified\":\"2019-10-29T14:14:49+00:00\",\"description\":\"K\u00f8b Togafgang Hovedbaneg\u00e5rden Plakater. DEN BEDSTE KVALITET Til den bedste pris - Historiske danske plakater - se vores store udvalg her.\",\"breadcrumb\":{\"@id\":\"https:\/\/mycanvas.dk\/vare\/togafgang-fra-koebenhavns-hovedbanegaard\/#breadcrumb\"},\"inLanguage\":\"es\",\"potentialAction\":[{\"@type\":\"ReadAction\",\"target\":[\"https:\/\/mycanvas.dk\/vare\/togafgang-fra-koebenhavns-hovedbanegaard\/\"]}]},{\"@type\":\"ImageObject\",\"inLanguage\":\"es\",\"@id\":\"https:\/\/mycanvas.dk\/vare\/togafgang-fra-koebenhavns-hovedbanegaard\/#primaryimage\",\"url\":\"https:\/\/mycanvas.dk\/wp-content\/uploads\/2018\/09\/Togrejse-tr\u00e6.jpeg\",\"contentUrl\":\"https:\/\/mycanvas.dk\/wp-content\/uploads\/2018\/09\/Togrejse-tr\u00e6.jpeg\",\"width\":3508,\"height\":2480},{\"@type\":\"BreadcrumbList\",\"@id\":\"https:\/\/mycanvas.dk\/vare\/togafgang-fra-koebenhavns-hovedbanegaard\/#breadcrumb\",\"itemListElement\":[{\"@type\":\"ListItem\",\"position\":1,\"name\":\"Hjem\",\"item\":\"https:\/\/mycanvas.dk\/\"},{\"@type\":\"ListItem\",\"position\":2,\"name\":\"Shop\",\"item\":\"https:\/\/mycanvas.dk\/shop\/\"},{\"@type\":\"ListItem\",\"position\":3,\"name\":\"Togafgang Hovedbaneg\u00e5rden\"}]},{\"@type\":\"WebSite\",\"@id\":\"https:\/\/mycanvas.dk\/#website\",\"url\":\"https:\/\/mycanvas.dk\/\",\"name\":\"My Canvas\",\"description\":\"Vi g\u00f8r danmarks historie til kunst\",\"publisher\":{\"@id\":\"https:\/\/mycanvas.dk\/#organization\"},\"potentialAction\":[{\"@type\":\"SearchAction\",\"target\":{\"@type\":\"EntryPoint\",\"urlTemplate\":\"https:\/\/mycanvas.dk\/?s={search_term_string}\"},\"query-input\":{\"@type\":\"PropertyValueSpecification\",\"valueRequired\":true,\"valueName\":\"search_term_string\"}}],\"inLanguage\":\"es\"},{\"@type\":\"Organization\",\"@id\":\"https:\/\/mycanvas.dk\/#organization\",\"name\":\"My Canvas\",\"url\":\"https:\/\/mycanvas.dk\/\",\"logo\":{\"@type\":\"ImageObject\",\"inLanguage\":\"es\",\"@id\":\"https:\/\/mycanvas.dk\/#\/schema\/logo\/image\/\",\"url\":\"https:\/\/mycanvas.dk\/wp-content\/uploads\/2018\/09\/MyCanvas-Logo-Nyeste.png\",\"contentUrl\":\"https:\/\/mycanvas.dk\/wp-content\/uploads\/2018\/09\/MyCanvas-Logo-Nyeste.png\",\"width\":1916,\"height\":736,\"caption\":\"My Canvas\"},\"image\":{\"@id\":\"https:\/\/mycanvas.dk\/#\/schema\/logo\/image\/\"},\"sameAs\":[\"https:\/\/www.facebook.com\/MyCanvasDanmark\",\"https:\/\/www.instagram.com\/mycanvasdk\/\"]}]}<\/script>\n<!-- \/ Yoast SEO plugin. -->","yoast_head_json":{"title":"Togafgang Hovedbaneg\u00e5rden Plakater | Spar 10% p\u00e5 et samles\u00e6t","description":"K\u00f8b Togafgang Hovedbaneg\u00e5rden Plakater. DEN BEDSTE KVALITET Til den bedste pris - Historiske danske plakater - se vores store udvalg her.","robots":{"index":"index","follow":"follow","max-snippet":"max-snippet:-1","max-image-preview":"max-image-preview:large","max-video-preview":"max-video-preview:-1"},"canonical":"https:\/\/mycanvas.dk\/es\/producto\/togafgang-fra-koebenhavns-hovedbanegaard\/","og_locale":"es_ES","og_type":"article","og_title":"Togafgang Hovedbaneg\u00e5rden Plakater | Spar 10% p\u00e5 et samles\u00e6t","og_description":"K\u00f8b Togafgang Hovedbaneg\u00e5rden Plakater. DEN BEDSTE KVALITET Til den bedste pris - Historiske danske plakater - se vores store udvalg her.","og_url":"https:\/\/mycanvas.dk\/es\/producto\/togafgang-fra-koebenhavns-hovedbanegaard\/","og_site_name":"My Canvas","article_publisher":"https:\/\/www.facebook.com\/MyCanvasDanmark","article_modified_time":"2019-10-29T14:14:49+00:00","og_image":[{"width":3508,"height":2480,"url":"https:\/\/mycanvas.dk\/wp-content\/uploads\/2018\/09\/Togrejse-tr\u00e6.jpeg","type":"image\/jpeg"}],"twitter_card":"summary_large_image","twitter_misc":{"Tiempo de lectura":"1 minuto"},"schema":{"@context":"https:\/\/schema.org","@graph":[{"@type":"WebPage","@id":"https:\/\/mycanvas.dk\/vare\/togafgang-fra-koebenhavns-hovedbanegaard\/","url":"https:\/\/mycanvas.dk\/vare\/togafgang-fra-koebenhavns-hovedbanegaard\/","name":"Togafgang Hovedbaneg\u00e5rden Plakater | Spar 10% p\u00e5 et samles\u00e6t","isPartOf":{"@id":"https:\/\/mycanvas.dk\/#website"},"primaryImageOfPage":{"@id":"https:\/\/mycanvas.dk\/vare\/togafgang-fra-koebenhavns-hovedbanegaard\/#primaryimage"},"image":{"@id":"https:\/\/mycanvas.dk\/vare\/togafgang-fra-koebenhavns-hovedbanegaard\/#primaryimage"},"thumbnailUrl":"https:\/\/mycanvas.dk\/wp-content\/uploads\/2018\/09\/Togrejse-tr\u00e6.jpeg","datePublished":"2018-09-27T18:04:07+00:00","dateModified":"2019-10-29T14:14:49+00:00","description":"K\u00f8b Togafgang Hovedbaneg\u00e5rden Plakater. DEN BEDSTE KVALITET Til den bedste pris - Historiske danske plakater - se vores store udvalg her.","breadcrumb":{"@id":"https:\/\/mycanvas.dk\/vare\/togafgang-fra-koebenhavns-hovedbanegaard\/#breadcrumb"},"inLanguage":"es","potentialAction":[{"@type":"ReadAction","target":["https:\/\/mycanvas.dk\/vare\/togafgang-fra-koebenhavns-hovedbanegaard\/"]}]},{"@type":"ImageObject","inLanguage":"es","@id":"https:\/\/mycanvas.dk\/vare\/togafgang-fra-koebenhavns-hovedbanegaard\/#primaryimage","url":"https:\/\/mycanvas.dk\/wp-content\/uploads\/2018\/09\/Togrejse-tr\u00e6.jpeg","contentUrl":"https:\/\/mycanvas.dk\/wp-content\/uploads\/2018\/09\/Togrejse-tr\u00e6.jpeg","width":3508,"height":2480},{"@type":"BreadcrumbList","@id":"https:\/\/mycanvas.dk\/vare\/togafgang-fra-koebenhavns-hovedbanegaard\/#breadcrumb","itemListElement":[{"@type":"ListItem","position":1,"name":"Hjem","item":"https:\/\/mycanvas.dk\/"},{"@type":"ListItem","position":2,"name":"Shop","item":"https:\/\/mycanvas.dk\/shop\/"},{"@type":"ListItem","position":3,"name":"Togafgang Hovedbaneg\u00e5rden"}]},{"@type":"WebSite","@id":"https:\/\/mycanvas.dk\/#website","url":"https:\/\/mycanvas.dk\/","name":"My Canvas","description":"Vi g\u00f8r danmarks historie til kunst","publisher":{"@id":"https:\/\/mycanvas.dk\/#organization"},"potentialAction":[{"@type":"SearchAction","target":{"@type":"EntryPoint","urlTemplate":"https:\/\/mycanvas.dk\/?s={search_term_string}"},"query-input":{"@type":"PropertyValueSpecification","valueRequired":true,"valueName":"search_term_string"}}],"inLanguage":"es"},{"@type":"Organization","@id":"https:\/\/mycanvas.dk\/#organization","name":"My Canvas","url":"https:\/\/mycanvas.dk\/","logo":{"@type":"ImageObject","inLanguage":"es","@id":"https:\/\/mycanvas.dk\/#\/schema\/logo\/image\/","url":"https:\/\/mycanvas.dk\/wp-content\/uploads\/2018\/09\/MyCanvas-Logo-Nyeste.png","contentUrl":"https:\/\/mycanvas.dk\/wp-content\/uploads\/2018\/09\/MyCanvas-Logo-Nyeste.png","width":1916,"height":736,"caption":"My Canvas"},"image":{"@id":"https:\/\/mycanvas.dk\/#\/schema\/logo\/image\/"},"sameAs":["https:\/\/www.facebook.com\/MyCanvasDanmark","https:\/\/www.instagram.com\/mycanvasdk\/"]}]}},"_links":{"self":[{"href":"https:\/\/mycanvas.dk\/es\/wp-json\/wp\/v2\/product\/350","targetHints":{"allow":["GET"]}}],"collection":[{"href":"https:\/\/mycanvas.dk\/es\/wp-json\/wp\/v2\/product"}],"about":[{"href":"https:\/\/mycanvas.dk\/es\/wp-json\/wp\/v2\/types\/product"}],"replies":[{"embeddable":true,"href":"https:\/\/mycanvas.dk\/es\/wp-json\/wp\/v2\/comments?post=350"}],"wp:featuredmedia":[{"embeddable":true,"href":"https:\/\/mycanvas.dk\/es\/wp-json\/wp\/v2\/media\/1091"}],"wp:attachment":[{"href":"https:\/\/mycanvas.dk\/es\/wp-json\/wp\/v2\/media?parent=350"}],"wp:term":[{"taxonomy":"product_cat","embeddable":true,"href":"https:\/\/mycanvas.dk\/es\/wp-json\/wp\/v2\/product_cat?post=350"},{"taxonomy":"product_tag","embeddable":true,"href":"https:\/\/mycanvas.dk\/es\/wp-json\/wp\/v2\/product_tag?post=350"}],"curies":[{"name":"wp","href":"https:\/\/api.w.org\/{rel}","templated":true}]}}