
{"id":359,"date":"2018-09-27T19:34:26","date_gmt":"2018-09-27T17:34:26","guid":{"rendered":"http:\/\/designbyjuel.dk\/?post_type=product&#038;p=359"},"modified":"2019-10-29T15:20:45","modified_gmt":"2019-10-29T14:20:45","slug":"oestbanegade","status":"publish","type":"product","link":"https:\/\/mycanvas.dk\/es\/producto\/oestbanegade\/","title":{"rendered":"\u00d8stbanegade"},"content":{"rendered":"<p>Aqu\u00ed se puede ver a una ni\u00f1a y un carruaje tirado por caballos paseando por \u00d8stbanegade.<\/p>\n<p>\u00d8stbanegade es de aprox. Calle de 2 km de largo en \u00d8sterbro en Copenhague. Comienza en la estaci\u00f3n Oslo Plads\/\u00d8sterport y contin\u00faa hacia el norte por las v\u00edas hasta Middelfartsgade. Parte de \u00d8stbanegade est\u00e1 formalmente en Indre By despu\u00e9s de que se movi\u00f3 el l\u00edmite del distrito.<\/p>\n<p>En 1893 se decidi\u00f3 construir \u00d8stbanegade. El terrapl\u00e9n del ferrocarril se puso en funcionamiento en 1897. El nombre de la calle es del mismo a\u00f1o. Esto se debe a la ubicaci\u00f3n en \u00d8stbaneg\u00e5rd de Copenhague, hoy llamada estaci\u00f3n \u00d8sterport, que se inaugur\u00f3 el mismo a\u00f1o. La calle se hab\u00eda construido apenas dos a\u00f1os antes, al mismo tiempo que se constru\u00eda el ferrocarril desde N\u00f8rrebro a trav\u00e9s de Svanem\u00f8llen hasta el nuevo puerto libre en 1895. La l\u00ednea se ampli\u00f3 hasta \u00d8sterport en 1897 y hasta la estaci\u00f3n central de Copenhague en 1917.<\/p>\n<p>\u00d8sterport St. Est\u00e1 catalogado como el t\u00e9rmino del Ferrocarril de la Costa. El arquitecto utilizado es el arquitecto jefe de DSB, Heinrich Wenck, tambi\u00e9n el autor de la principal estaci\u00f3n de tren de Copenhague y de la peque\u00f1a y encantadora estaci\u00f3n Frihavnens. \u00d8sterport St. se llam\u00f3 \u00d8stbanegaarden hasta 1934 y, por supuesto, porque \u00d8sterport lleva el nombre de la puerta de la ciudad, que hasta 1857 estuvo situada cerca de donde hoy se encuentra la estaci\u00f3n.<\/p>\n<div class=\"accordion\" rel=\"\">\n<div class=\"accordion-item\"><a href=\"#\" class=\"accordion-title plain\"><button class=\"toggle\"><i class=\"icon-angle-down\"><\/i><\/button><span>Leer m\u00e1s<\/span><\/a><div class=\"accordion-inner\">\n<p>\u00d8stbanegade junto con el ferrocarril elevado forman una demarcaci\u00f3n hacia el puerto. Se puede decir que es la &quot;muralla de la ciudad&quot; de \u00d8sterbro la que protege a \u00d8sterbro del intenso tr\u00e1fico de Kalkbr\u00e6nderihavnsgade. Un pasaje que conduce a Kalkbr\u00e6nderihavnsgade en Nordre Frihavnsgade est\u00e1 decorado por Ib Spang Olsen con motivos de su infancia en \u00d8sterbro.<\/p>\n<p>Uno de los edificios m\u00e1s llamativos de \u00d8stbanegade es el rascacielos DomusPortus (\u00d8stbanegade 103). El edificio fue construido en 1961 por Ole Hagen y es el 27\u00ba edificio m\u00e1s alto de Dinamarca (55 metros). Hay 16 pisos en la propiedad residencial. El edificio Plesner en Amerika Plads y Domus Portus en \u00d8stbanegade son claramente los m\u00e1s altos del barrio y se pueden ver desde lejos.<\/p>\n<p>\u00d8stbanegade siempre ha estado muy dividida entre el exclusivo barrio chisporroteante y el extremo norte, m\u00e1s popular. El edificio entre Kristiniagade y \u00d8stbanegade se construy\u00f3 entre 1899 y 1910. En este caso, la antigua zona de Glacis era una zona ligeramente inclinada fuera del Kastellet. Las magn\u00edficas propiedades al comienzo de \u00d8stbanegade marcan una transici\u00f3n entre Indre By y \u00d8sterbro. Aqu\u00ed se construyeron viviendas m\u00e1s exclusivas, claramente destinadas a la parte m\u00e1s rica de la poblaci\u00f3n. En la parte m\u00e1s septentrional, en cambio, se encuentran viviendas comunes y corrientes, as\u00ed como un estrecho recinto orientado hacia las v\u00edas, donde se han construido numerosos peque\u00f1os y encantadores huertos con casitas escondidas detr\u00e1s de setos y matorrales.<\/p>\n<p>Esta divisi\u00f3n ya exist\u00eda hace 60 a\u00f1os. En los a\u00f1os 50 se pod\u00edan ver peque\u00f1os comerciantes en el s\u00f3tano y planta baja, pero un poco m\u00e1s exclusivos que en otras calles, por ejemplo hab\u00eda una vinoteca en el n\u00ba 3, una florister\u00eda en el n\u00ba 5 y una tienda de antig\u00fcedades en No 9.<br \/>\nEntre los que figuran en el directorio encontrar\u00e1n, sobre todo en la parte sur, numerosos directores, m\u00e9dicos, c\u00f3nsules, acad\u00e9micos, mayoristas y similares. y muy pocos artesanos. En la parte norte se encuentran f\u00e1bricas m\u00e1s peque\u00f1as y un almac\u00e9n de provisiones para barcos, pero no se encuentran comerciantes de carb\u00f3n y coque, frutas y lecher\u00edas, que se encontraban en muchas otras calles de \u00d8sterbro en aquella \u00e9poca.<\/p>\n<\/div><\/div>\n<\/div>\n<h2>Lugar<\/h2>\n<table>\n<tbody>\n<tr>\n<th>Nombre de la calle:<\/th>\n<td>\u00d8stbanegade<\/td>\n<\/tr>\n<tr>\n<th>N\u00famero de casa:<\/th>\n<td>1, 3, 5<\/td>\n<\/tr>\n<tr>\n<th>Distrito:<\/th>\n<td>\u00d8sterbro<\/td>\n<\/tr>\n<tr>\n<th>Pa\u00eds:<\/th>\n<td>Dinamarca<\/td>\n<\/tr>\n<tr>\n<th>Coordenadas:<\/th>\n<td>55.69241, 12.58659<\/td>\n<\/tr>\n<\/tbody>\n<\/table>","protected":false},"excerpt":{"rendered":"<p>\u00d8stbanegade visto con una ni\u00f1a y un carruaje tirado por caballos en la imagen<\/p>","protected":false},"featured_media":1138,"comment_status":"open","ping_status":"closed","template":"","meta":{"_mi_skip_tracking":false},"product_cat":[73,79],"product_tag":[],"class_list":{"0":"post-359","1":"product","2":"type-product","3":"status-publish","4":"has-post-thumbnail","6":"product_cat-plakater","7":"product_cat-koebenhavn","8":"pa_storrelse-a4-21x30cm","9":"pa_storrelse-a3-30x42cm","10":"pa_storrelse-b2-50x70cm","11":"pa_storrelse-b1-70x100cm","13":"first","14":"instock","15":"taxable","16":"shipping-taxable","17":"purchasable","18":"product-type-variable"},"yoast_head":"<!-- This site is optimized with the Yoast SEO plugin v24.2 - https:\/\/yoast.com\/wordpress\/plugins\/seo\/ -->\n<title>\u00d8stbanegade Plakater | Spar 10% p\u00e5 et samles\u00e6t - My Canvas<\/title>\n<meta name=\"description\" content=\"K\u00f8b \u00d8stbanegade Plakater. DEN BEDSTE KVALITET Til den bedste pris - Historiske danske plakater - se vores store udvalg her.\" \/>\n<meta name=\"robots\" content=\"index, follow, max-snippet:-1, max-image-preview:large, max-video-preview:-1\" \/>\n<link rel=\"canonical\" href=\"https:\/\/mycanvas.dk\/es\/producto\/oestbanegade\/\" \/>\n<meta property=\"og:locale\" content=\"es_ES\" \/>\n<meta property=\"og:type\" content=\"article\" \/>\n<meta property=\"og:title\" content=\"\u00d8stbanegade Plakater | Spar 10% p\u00e5 et samles\u00e6t - My Canvas\" \/>\n<meta property=\"og:description\" content=\"K\u00f8b \u00d8stbanegade Plakater. DEN BEDSTE KVALITET Til den bedste pris - Historiske danske plakater - se vores store udvalg her.\" \/>\n<meta property=\"og:url\" content=\"https:\/\/mycanvas.dk\/es\/producto\/oestbanegade\/\" \/>\n<meta property=\"og:site_name\" content=\"My Canvas\" \/>\n<meta property=\"article:publisher\" content=\"https:\/\/www.facebook.com\/MyCanvasDanmark\" \/>\n<meta property=\"article:modified_time\" content=\"2019-10-29T14:20:45+00:00\" \/>\n<meta property=\"og:image\" content=\"https:\/\/mycanvas.dk\/wp-content\/uploads\/2018\/09\/\u00d8stbanegade-tr\u00e6.jpeg\" \/>\n\t<meta property=\"og:image:width\" content=\"2048\" \/>\n\t<meta property=\"og:image:height\" content=\"1448\" \/>\n\t<meta property=\"og:image:type\" content=\"image\/jpeg\" \/>\n<meta name=\"twitter:card\" content=\"summary_large_image\" \/>\n<meta name=\"twitter:label1\" content=\"Tiempo de lectura\" \/>\n\t<meta name=\"twitter:data1\" content=\"3 minutos\" \/>\n<script type=\"application\/ld+json\" class=\"yoast-schema-graph\">{\"@context\":\"https:\/\/schema.org\",\"@graph\":[{\"@type\":\"WebPage\",\"@id\":\"https:\/\/mycanvas.dk\/vare\/oestbanegade\/\",\"url\":\"https:\/\/mycanvas.dk\/vare\/oestbanegade\/\",\"name\":\"\u00d8stbanegade Plakater | Spar 10% p\u00e5 et samles\u00e6t - My Canvas\",\"isPartOf\":{\"@id\":\"https:\/\/mycanvas.dk\/#website\"},\"primaryImageOfPage\":{\"@id\":\"https:\/\/mycanvas.dk\/vare\/oestbanegade\/#primaryimage\"},\"image\":{\"@id\":\"https:\/\/mycanvas.dk\/vare\/oestbanegade\/#primaryimage\"},\"thumbnailUrl\":\"https:\/\/mycanvas.dk\/wp-content\/uploads\/2018\/09\/\u00d8stbanegade-tr\u00e6.jpeg\",\"datePublished\":\"2018-09-27T17:34:26+00:00\",\"dateModified\":\"2019-10-29T14:20:45+00:00\",\"description\":\"K\u00f8b \u00d8stbanegade Plakater. DEN BEDSTE KVALITET Til den bedste pris - Historiske danske plakater - se vores store udvalg her.\",\"breadcrumb\":{\"@id\":\"https:\/\/mycanvas.dk\/vare\/oestbanegade\/#breadcrumb\"},\"inLanguage\":\"es\",\"potentialAction\":[{\"@type\":\"ReadAction\",\"target\":[\"https:\/\/mycanvas.dk\/vare\/oestbanegade\/\"]}]},{\"@type\":\"ImageObject\",\"inLanguage\":\"es\",\"@id\":\"https:\/\/mycanvas.dk\/vare\/oestbanegade\/#primaryimage\",\"url\":\"https:\/\/mycanvas.dk\/wp-content\/uploads\/2018\/09\/\u00d8stbanegade-tr\u00e6.jpeg\",\"contentUrl\":\"https:\/\/mycanvas.dk\/wp-content\/uploads\/2018\/09\/\u00d8stbanegade-tr\u00e6.jpeg\",\"width\":2048,\"height\":1448},{\"@type\":\"BreadcrumbList\",\"@id\":\"https:\/\/mycanvas.dk\/vare\/oestbanegade\/#breadcrumb\",\"itemListElement\":[{\"@type\":\"ListItem\",\"position\":1,\"name\":\"Hjem\",\"item\":\"https:\/\/mycanvas.dk\/\"},{\"@type\":\"ListItem\",\"position\":2,\"name\":\"Shop\",\"item\":\"https:\/\/mycanvas.dk\/shop\/\"},{\"@type\":\"ListItem\",\"position\":3,\"name\":\"\u00d8stbanegade\"}]},{\"@type\":\"WebSite\",\"@id\":\"https:\/\/mycanvas.dk\/#website\",\"url\":\"https:\/\/mycanvas.dk\/\",\"name\":\"My Canvas\",\"description\":\"Vi g\u00f8r danmarks historie til kunst\",\"publisher\":{\"@id\":\"https:\/\/mycanvas.dk\/#organization\"},\"potentialAction\":[{\"@type\":\"SearchAction\",\"target\":{\"@type\":\"EntryPoint\",\"urlTemplate\":\"https:\/\/mycanvas.dk\/?s={search_term_string}\"},\"query-input\":{\"@type\":\"PropertyValueSpecification\",\"valueRequired\":true,\"valueName\":\"search_term_string\"}}],\"inLanguage\":\"es\"},{\"@type\":\"Organization\",\"@id\":\"https:\/\/mycanvas.dk\/#organization\",\"name\":\"My Canvas\",\"url\":\"https:\/\/mycanvas.dk\/\",\"logo\":{\"@type\":\"ImageObject\",\"inLanguage\":\"es\",\"@id\":\"https:\/\/mycanvas.dk\/#\/schema\/logo\/image\/\",\"url\":\"https:\/\/mycanvas.dk\/wp-content\/uploads\/2018\/09\/MyCanvas-Logo-Nyeste.png\",\"contentUrl\":\"https:\/\/mycanvas.dk\/wp-content\/uploads\/2018\/09\/MyCanvas-Logo-Nyeste.png\",\"width\":1916,\"height\":736,\"caption\":\"My Canvas\"},\"image\":{\"@id\":\"https:\/\/mycanvas.dk\/#\/schema\/logo\/image\/\"},\"sameAs\":[\"https:\/\/www.facebook.com\/MyCanvasDanmark\",\"https:\/\/www.instagram.com\/mycanvasdk\/\"]}]}<\/script>\n<!-- \/ Yoast SEO plugin. -->","yoast_head_json":{"title":"\u00d8stbanegade Plakater | Spar 10% p\u00e5 et samles\u00e6t - My Canvas","description":"K\u00f8b \u00d8stbanegade Plakater. DEN BEDSTE KVALITET Til den bedste pris - Historiske danske plakater - se vores store udvalg her.","robots":{"index":"index","follow":"follow","max-snippet":"max-snippet:-1","max-image-preview":"max-image-preview:large","max-video-preview":"max-video-preview:-1"},"canonical":"https:\/\/mycanvas.dk\/es\/producto\/oestbanegade\/","og_locale":"es_ES","og_type":"article","og_title":"\u00d8stbanegade Plakater | Spar 10% p\u00e5 et samles\u00e6t - My Canvas","og_description":"K\u00f8b \u00d8stbanegade Plakater. DEN BEDSTE KVALITET Til den bedste pris - Historiske danske plakater - se vores store udvalg her.","og_url":"https:\/\/mycanvas.dk\/es\/producto\/oestbanegade\/","og_site_name":"My Canvas","article_publisher":"https:\/\/www.facebook.com\/MyCanvasDanmark","article_modified_time":"2019-10-29T14:20:45+00:00","og_image":[{"width":2048,"height":1448,"url":"https:\/\/mycanvas.dk\/wp-content\/uploads\/2018\/09\/\u00d8stbanegade-tr\u00e6.jpeg","type":"image\/jpeg"}],"twitter_card":"summary_large_image","twitter_misc":{"Tiempo de lectura":"3 minutos"},"schema":{"@context":"https:\/\/schema.org","@graph":[{"@type":"WebPage","@id":"https:\/\/mycanvas.dk\/vare\/oestbanegade\/","url":"https:\/\/mycanvas.dk\/vare\/oestbanegade\/","name":"\u00d8stbanegade Plakater | Spar 10% p\u00e5 et samles\u00e6t - My Canvas","isPartOf":{"@id":"https:\/\/mycanvas.dk\/#website"},"primaryImageOfPage":{"@id":"https:\/\/mycanvas.dk\/vare\/oestbanegade\/#primaryimage"},"image":{"@id":"https:\/\/mycanvas.dk\/vare\/oestbanegade\/#primaryimage"},"thumbnailUrl":"https:\/\/mycanvas.dk\/wp-content\/uploads\/2018\/09\/\u00d8stbanegade-tr\u00e6.jpeg","datePublished":"2018-09-27T17:34:26+00:00","dateModified":"2019-10-29T14:20:45+00:00","description":"K\u00f8b \u00d8stbanegade Plakater. DEN BEDSTE KVALITET Til den bedste pris - Historiske danske plakater - se vores store udvalg her.","breadcrumb":{"@id":"https:\/\/mycanvas.dk\/vare\/oestbanegade\/#breadcrumb"},"inLanguage":"es","potentialAction":[{"@type":"ReadAction","target":["https:\/\/mycanvas.dk\/vare\/oestbanegade\/"]}]},{"@type":"ImageObject","inLanguage":"es","@id":"https:\/\/mycanvas.dk\/vare\/oestbanegade\/#primaryimage","url":"https:\/\/mycanvas.dk\/wp-content\/uploads\/2018\/09\/\u00d8stbanegade-tr\u00e6.jpeg","contentUrl":"https:\/\/mycanvas.dk\/wp-content\/uploads\/2018\/09\/\u00d8stbanegade-tr\u00e6.jpeg","width":2048,"height":1448},{"@type":"BreadcrumbList","@id":"https:\/\/mycanvas.dk\/vare\/oestbanegade\/#breadcrumb","itemListElement":[{"@type":"ListItem","position":1,"name":"Hjem","item":"https:\/\/mycanvas.dk\/"},{"@type":"ListItem","position":2,"name":"Shop","item":"https:\/\/mycanvas.dk\/shop\/"},{"@type":"ListItem","position":3,"name":"\u00d8stbanegade"}]},{"@type":"WebSite","@id":"https:\/\/mycanvas.dk\/#website","url":"https:\/\/mycanvas.dk\/","name":"My Canvas","description":"Vi g\u00f8r danmarks historie til kunst","publisher":{"@id":"https:\/\/mycanvas.dk\/#organization"},"potentialAction":[{"@type":"SearchAction","target":{"@type":"EntryPoint","urlTemplate":"https:\/\/mycanvas.dk\/?s={search_term_string}"},"query-input":{"@type":"PropertyValueSpecification","valueRequired":true,"valueName":"search_term_string"}}],"inLanguage":"es"},{"@type":"Organization","@id":"https:\/\/mycanvas.dk\/#organization","name":"My Canvas","url":"https:\/\/mycanvas.dk\/","logo":{"@type":"ImageObject","inLanguage":"es","@id":"https:\/\/mycanvas.dk\/#\/schema\/logo\/image\/","url":"https:\/\/mycanvas.dk\/wp-content\/uploads\/2018\/09\/MyCanvas-Logo-Nyeste.png","contentUrl":"https:\/\/mycanvas.dk\/wp-content\/uploads\/2018\/09\/MyCanvas-Logo-Nyeste.png","width":1916,"height":736,"caption":"My Canvas"},"image":{"@id":"https:\/\/mycanvas.dk\/#\/schema\/logo\/image\/"},"sameAs":["https:\/\/www.facebook.com\/MyCanvasDanmark","https:\/\/www.instagram.com\/mycanvasdk\/"]}]}},"_links":{"self":[{"href":"https:\/\/mycanvas.dk\/es\/wp-json\/wp\/v2\/product\/359","targetHints":{"allow":["GET"]}}],"collection":[{"href":"https:\/\/mycanvas.dk\/es\/wp-json\/wp\/v2\/product"}],"about":[{"href":"https:\/\/mycanvas.dk\/es\/wp-json\/wp\/v2\/types\/product"}],"replies":[{"embeddable":true,"href":"https:\/\/mycanvas.dk\/es\/wp-json\/wp\/v2\/comments?post=359"}],"wp:featuredmedia":[{"embeddable":true,"href":"https:\/\/mycanvas.dk\/es\/wp-json\/wp\/v2\/media\/1138"}],"wp:attachment":[{"href":"https:\/\/mycanvas.dk\/es\/wp-json\/wp\/v2\/media?parent=359"}],"wp:term":[{"taxonomy":"product_cat","embeddable":true,"href":"https:\/\/mycanvas.dk\/es\/wp-json\/wp\/v2\/product_cat?post=359"},{"taxonomy":"product_tag","embeddable":true,"href":"https:\/\/mycanvas.dk\/es\/wp-json\/wp\/v2\/product_tag?post=359"}],"curies":[{"name":"wp","href":"https:\/\/api.w.org\/{rel}","templated":true}]}}