
{"id":365,"date":"2018-10-02T18:09:08","date_gmt":"2018-10-02T16:09:08","guid":{"rendered":"http:\/\/designbyjuel.dk\/?post_type=product&#038;p=365"},"modified":"2019-10-29T15:10:02","modified_gmt":"2019-10-29T14:10:02","slug":"amerikaskibet","status":"publish","type":"product","link":"https:\/\/mycanvas.dk\/es\/producto\/amerikaskibet\/","title":{"rendered":"El barco americano"},"content":{"rendered":"<p>Aqu\u00ed se pueden ver muchos inmigrantes que viajan en el viaje de su vida a Am\u00e9rica, donde el barco zarpa de Frihavnen.<br \/>\nEl viaje a trav\u00e9s del Atl\u00e1ntico fue largo y duro para los emigrantes daneses. Fue un acontecimiento cuando los barcos estadounidenses partieron de Copenhague y muchos acudieron para despedirse.<\/p>\n<p>Entre 1840 y 1914, 52 millones de europeos emigraron a pa\u00edses de ultramar. Alrededor de 35 millones fueron a Estados Unidos. 309.000 proced\u00edan de Dinamarca, casi cada 10 daneses abandonaron su patria con la esperanza de crearse una vida mejor en los Estados Unidos. La mayor\u00eda se sent\u00eda frustrada por la falta de oportunidades de avance social en la sociedad danesa.<\/p>\n<div class=\"accordion\" rel=\"\">\n<div class=\"accordion-item\"><a href=\"#\" class=\"accordion-title plain\"><button class=\"toggle\"><i class=\"icon-angle-down\"><\/i><\/button><span>Leer m\u00e1s<\/span><\/a><div class=\"accordion-inner\">\n<p>En Estados Unidos hab\u00eda suficiente trabajo. Las ciudades de la costa este crecieron r\u00e1pidamente, al igual que la red ferroviaria. Estados Unidos ten\u00eda dificultades crecientes y necesitaba ciudadanos emprendedores que estuvieran dispuestos a trabajar duro.<br \/>\nEn 1862, el gobierno estadounidense introdujo la Homestead Act, que permit\u00eda adquirir un terreno bald\u00edo de 160 acres, es decir, unos 118 barriles, lo que equival\u00eda a una gran granja en Dinamarca.<br \/>\nLa tierra era libre siempre que uno se comprometiera a ella durante cinco a\u00f1os y prometiera cultivarla. Despu\u00e9s de eso, podr\u00edas obtener la ciudadan\u00eda estadounidense. Para un due\u00f1o de casa dan\u00e9s, era un sue\u00f1o inalcanzable que podr\u00eda hacerse realidad en Estados Unidos.<\/p>\n<p>En el nuevo mundo la gente estaba libre del yugo social. En el nuevo mundo podr\u00e1s crear tu propia felicidad y construir tu propio futuro. En el nuevo mundo, todos eran iguales.<\/p>\n<p>&#8220;<em>Aqu\u00ed, sin embargo, vivimos en la tierra de la libertad, donde la nobleza y el clero no existen, pero el estandarte de la libertad pesa, y la libertad es algo que no tiene precio.<\/em>&quot;, escribi\u00f3 el hijo del sastre Frederik Andersen desde Omaha a la casa de su hermano en N\u00e6rum en 1888.<\/p>\n<p>Desde los daneses que hab\u00edan hecho el viaje a trav\u00e9s del mar, el rumor sobre las posibilidades del nuevo mundo se extendi\u00f3 a amigos y familiares en Dinamarca, mientras que las condiciones en Dinamarca hac\u00edan m\u00e1s dif\u00edcil crear una existencia razonable.<\/p>\n<p>Estados Unidos se alej\u00f3, Dinamarca se alej\u00f3. La fiebre americana comenz\u00f3 a hacer estragos.<\/p>\n<\/div><\/div>\n<\/div>\n<p>Lugar<\/p>\n<table>\n<tbody>\n<tr>\n<th>Nombre de la calle:<\/th>\n<td>Muelle de Am\u00e9rica<\/td>\n<\/tr>\n<tr>\n<th>Ciudad:<\/th>\n<td>Copenhague<\/td>\n<\/tr>\n<tr>\n<th>Distrito:<\/th>\n<td>\u00d8sterbro<\/td>\n<\/tr>\n<tr>\n<th>Pa\u00eds:<\/th>\n<td>Dinamarca<\/td>\n<\/tr>\n<tr>\n<th>Coordenadas:<\/th>\n<td>55.70198, 12.59717<\/td>\n<\/tr>\n<\/tbody>\n<\/table>","protected":false},"excerpt":{"rendered":"<p>El viaje a Am\u00e9rica desde Copenhague.<\/p>","protected":false},"featured_media":1088,"comment_status":"open","ping_status":"closed","template":"","meta":{"_mi_skip_tracking":false},"product_cat":[73,79],"product_tag":[],"class_list":{"0":"post-365","1":"product","2":"type-product","3":"status-publish","4":"has-post-thumbnail","6":"product_cat-plakater","7":"product_cat-koebenhavn","8":"pa_storrelse-a4-21x30cm","9":"pa_storrelse-a3-30x42cm","10":"pa_storrelse-b2-50x70cm","11":"pa_storrelse-b1-70x100cm","13":"first","14":"instock","15":"taxable","16":"shipping-taxable","17":"purchasable","18":"product-type-variable"},"yoast_head":"<!-- This site is optimized with the Yoast SEO plugin v24.2 - https:\/\/yoast.com\/wordpress\/plugins\/seo\/ -->\n<title>Amerikaskibet Plakater | Spar 10% p\u00e5 et samles\u00e6t - My Canvas<\/title>\n<meta name=\"description\" content=\"K\u00f8b Amerikaskibet Plakater. DEN BEDSTE KVALITET Til den bedste pris - Historiske danske plakater - se vores store udvalg her.\" \/>\n<meta name=\"robots\" content=\"index, follow, max-snippet:-1, max-image-preview:large, max-video-preview:-1\" \/>\n<link rel=\"canonical\" href=\"https:\/\/mycanvas.dk\/es\/producto\/amerikaskibet\/\" \/>\n<meta property=\"og:locale\" content=\"es_ES\" \/>\n<meta property=\"og:type\" content=\"article\" \/>\n<meta property=\"og:title\" content=\"Amerikaskibet Plakater | Spar 10% p\u00e5 et samles\u00e6t - My Canvas\" \/>\n<meta property=\"og:description\" content=\"K\u00f8b Amerikaskibet Plakater. DEN BEDSTE KVALITET Til den bedste pris - Historiske danske plakater - se vores store udvalg her.\" \/>\n<meta property=\"og:url\" content=\"https:\/\/mycanvas.dk\/es\/producto\/amerikaskibet\/\" \/>\n<meta property=\"og:site_name\" content=\"My Canvas\" \/>\n<meta property=\"article:publisher\" content=\"https:\/\/www.facebook.com\/MyCanvasDanmark\" \/>\n<meta property=\"article:modified_time\" content=\"2019-10-29T14:10:02+00:00\" \/>\n<meta property=\"og:image\" content=\"https:\/\/mycanvas.dk\/wp-content\/uploads\/2018\/10\/Amerika-b\u00e5d-tr\u00e6.jpeg\" \/>\n\t<meta property=\"og:image:width\" content=\"3508\" \/>\n\t<meta property=\"og:image:height\" content=\"2480\" \/>\n\t<meta property=\"og:image:type\" content=\"image\/jpeg\" \/>\n<meta name=\"twitter:card\" content=\"summary_large_image\" \/>\n<meta name=\"twitter:label1\" content=\"Tiempo de lectura\" \/>\n\t<meta name=\"twitter:data1\" content=\"2 minutos\" \/>\n<script type=\"application\/ld+json\" class=\"yoast-schema-graph\">{\"@context\":\"https:\/\/schema.org\",\"@graph\":[{\"@type\":\"WebPage\",\"@id\":\"https:\/\/mycanvas.dk\/vare\/amerikaskibet\/\",\"url\":\"https:\/\/mycanvas.dk\/vare\/amerikaskibet\/\",\"name\":\"Amerikaskibet Plakater | Spar 10% p\u00e5 et samles\u00e6t - My Canvas\",\"isPartOf\":{\"@id\":\"https:\/\/mycanvas.dk\/#website\"},\"primaryImageOfPage\":{\"@id\":\"https:\/\/mycanvas.dk\/vare\/amerikaskibet\/#primaryimage\"},\"image\":{\"@id\":\"https:\/\/mycanvas.dk\/vare\/amerikaskibet\/#primaryimage\"},\"thumbnailUrl\":\"https:\/\/mycanvas.dk\/wp-content\/uploads\/2018\/10\/Amerika-b\u00e5d-tr\u00e6.jpeg\",\"datePublished\":\"2018-10-02T16:09:08+00:00\",\"dateModified\":\"2019-10-29T14:10:02+00:00\",\"description\":\"K\u00f8b Amerikaskibet Plakater. DEN BEDSTE KVALITET Til den bedste pris - Historiske danske plakater - se vores store udvalg her.\",\"breadcrumb\":{\"@id\":\"https:\/\/mycanvas.dk\/vare\/amerikaskibet\/#breadcrumb\"},\"inLanguage\":\"es\",\"potentialAction\":[{\"@type\":\"ReadAction\",\"target\":[\"https:\/\/mycanvas.dk\/vare\/amerikaskibet\/\"]}]},{\"@type\":\"ImageObject\",\"inLanguage\":\"es\",\"@id\":\"https:\/\/mycanvas.dk\/vare\/amerikaskibet\/#primaryimage\",\"url\":\"https:\/\/mycanvas.dk\/wp-content\/uploads\/2018\/10\/Amerika-b\u00e5d-tr\u00e6.jpeg\",\"contentUrl\":\"https:\/\/mycanvas.dk\/wp-content\/uploads\/2018\/10\/Amerika-b\u00e5d-tr\u00e6.jpeg\",\"width\":3508,\"height\":2480},{\"@type\":\"BreadcrumbList\",\"@id\":\"https:\/\/mycanvas.dk\/vare\/amerikaskibet\/#breadcrumb\",\"itemListElement\":[{\"@type\":\"ListItem\",\"position\":1,\"name\":\"Hjem\",\"item\":\"https:\/\/mycanvas.dk\/\"},{\"@type\":\"ListItem\",\"position\":2,\"name\":\"Shop\",\"item\":\"https:\/\/mycanvas.dk\/shop\/\"},{\"@type\":\"ListItem\",\"position\":3,\"name\":\"Amerikaskibet\"}]},{\"@type\":\"WebSite\",\"@id\":\"https:\/\/mycanvas.dk\/#website\",\"url\":\"https:\/\/mycanvas.dk\/\",\"name\":\"My Canvas\",\"description\":\"Vi g\u00f8r danmarks historie til kunst\",\"publisher\":{\"@id\":\"https:\/\/mycanvas.dk\/#organization\"},\"potentialAction\":[{\"@type\":\"SearchAction\",\"target\":{\"@type\":\"EntryPoint\",\"urlTemplate\":\"https:\/\/mycanvas.dk\/?s={search_term_string}\"},\"query-input\":{\"@type\":\"PropertyValueSpecification\",\"valueRequired\":true,\"valueName\":\"search_term_string\"}}],\"inLanguage\":\"es\"},{\"@type\":\"Organization\",\"@id\":\"https:\/\/mycanvas.dk\/#organization\",\"name\":\"My Canvas\",\"url\":\"https:\/\/mycanvas.dk\/\",\"logo\":{\"@type\":\"ImageObject\",\"inLanguage\":\"es\",\"@id\":\"https:\/\/mycanvas.dk\/#\/schema\/logo\/image\/\",\"url\":\"https:\/\/mycanvas.dk\/wp-content\/uploads\/2018\/09\/MyCanvas-Logo-Nyeste.png\",\"contentUrl\":\"https:\/\/mycanvas.dk\/wp-content\/uploads\/2018\/09\/MyCanvas-Logo-Nyeste.png\",\"width\":1916,\"height\":736,\"caption\":\"My Canvas\"},\"image\":{\"@id\":\"https:\/\/mycanvas.dk\/#\/schema\/logo\/image\/\"},\"sameAs\":[\"https:\/\/www.facebook.com\/MyCanvasDanmark\",\"https:\/\/www.instagram.com\/mycanvasdk\/\"]}]}<\/script>\n<!-- \/ Yoast SEO plugin. -->","yoast_head_json":{"title":"Amerikaskibet Plakater | Spar 10% p\u00e5 et samles\u00e6t - My Canvas","description":"K\u00f8b Amerikaskibet Plakater. DEN BEDSTE KVALITET Til den bedste pris - Historiske danske plakater - se vores store udvalg her.","robots":{"index":"index","follow":"follow","max-snippet":"max-snippet:-1","max-image-preview":"max-image-preview:large","max-video-preview":"max-video-preview:-1"},"canonical":"https:\/\/mycanvas.dk\/es\/producto\/amerikaskibet\/","og_locale":"es_ES","og_type":"article","og_title":"Amerikaskibet Plakater | Spar 10% p\u00e5 et samles\u00e6t - My Canvas","og_description":"K\u00f8b Amerikaskibet Plakater. DEN BEDSTE KVALITET Til den bedste pris - Historiske danske plakater - se vores store udvalg her.","og_url":"https:\/\/mycanvas.dk\/es\/producto\/amerikaskibet\/","og_site_name":"My Canvas","article_publisher":"https:\/\/www.facebook.com\/MyCanvasDanmark","article_modified_time":"2019-10-29T14:10:02+00:00","og_image":[{"width":3508,"height":2480,"url":"https:\/\/mycanvas.dk\/wp-content\/uploads\/2018\/10\/Amerika-b\u00e5d-tr\u00e6.jpeg","type":"image\/jpeg"}],"twitter_card":"summary_large_image","twitter_misc":{"Tiempo de lectura":"2 minutos"},"schema":{"@context":"https:\/\/schema.org","@graph":[{"@type":"WebPage","@id":"https:\/\/mycanvas.dk\/vare\/amerikaskibet\/","url":"https:\/\/mycanvas.dk\/vare\/amerikaskibet\/","name":"Amerikaskibet Plakater | Spar 10% p\u00e5 et samles\u00e6t - My Canvas","isPartOf":{"@id":"https:\/\/mycanvas.dk\/#website"},"primaryImageOfPage":{"@id":"https:\/\/mycanvas.dk\/vare\/amerikaskibet\/#primaryimage"},"image":{"@id":"https:\/\/mycanvas.dk\/vare\/amerikaskibet\/#primaryimage"},"thumbnailUrl":"https:\/\/mycanvas.dk\/wp-content\/uploads\/2018\/10\/Amerika-b\u00e5d-tr\u00e6.jpeg","datePublished":"2018-10-02T16:09:08+00:00","dateModified":"2019-10-29T14:10:02+00:00","description":"K\u00f8b Amerikaskibet Plakater. DEN BEDSTE KVALITET Til den bedste pris - Historiske danske plakater - se vores store udvalg her.","breadcrumb":{"@id":"https:\/\/mycanvas.dk\/vare\/amerikaskibet\/#breadcrumb"},"inLanguage":"es","potentialAction":[{"@type":"ReadAction","target":["https:\/\/mycanvas.dk\/vare\/amerikaskibet\/"]}]},{"@type":"ImageObject","inLanguage":"es","@id":"https:\/\/mycanvas.dk\/vare\/amerikaskibet\/#primaryimage","url":"https:\/\/mycanvas.dk\/wp-content\/uploads\/2018\/10\/Amerika-b\u00e5d-tr\u00e6.jpeg","contentUrl":"https:\/\/mycanvas.dk\/wp-content\/uploads\/2018\/10\/Amerika-b\u00e5d-tr\u00e6.jpeg","width":3508,"height":2480},{"@type":"BreadcrumbList","@id":"https:\/\/mycanvas.dk\/vare\/amerikaskibet\/#breadcrumb","itemListElement":[{"@type":"ListItem","position":1,"name":"Hjem","item":"https:\/\/mycanvas.dk\/"},{"@type":"ListItem","position":2,"name":"Shop","item":"https:\/\/mycanvas.dk\/shop\/"},{"@type":"ListItem","position":3,"name":"Amerikaskibet"}]},{"@type":"WebSite","@id":"https:\/\/mycanvas.dk\/#website","url":"https:\/\/mycanvas.dk\/","name":"My Canvas","description":"Vi g\u00f8r danmarks historie til kunst","publisher":{"@id":"https:\/\/mycanvas.dk\/#organization"},"potentialAction":[{"@type":"SearchAction","target":{"@type":"EntryPoint","urlTemplate":"https:\/\/mycanvas.dk\/?s={search_term_string}"},"query-input":{"@type":"PropertyValueSpecification","valueRequired":true,"valueName":"search_term_string"}}],"inLanguage":"es"},{"@type":"Organization","@id":"https:\/\/mycanvas.dk\/#organization","name":"My Canvas","url":"https:\/\/mycanvas.dk\/","logo":{"@type":"ImageObject","inLanguage":"es","@id":"https:\/\/mycanvas.dk\/#\/schema\/logo\/image\/","url":"https:\/\/mycanvas.dk\/wp-content\/uploads\/2018\/09\/MyCanvas-Logo-Nyeste.png","contentUrl":"https:\/\/mycanvas.dk\/wp-content\/uploads\/2018\/09\/MyCanvas-Logo-Nyeste.png","width":1916,"height":736,"caption":"My Canvas"},"image":{"@id":"https:\/\/mycanvas.dk\/#\/schema\/logo\/image\/"},"sameAs":["https:\/\/www.facebook.com\/MyCanvasDanmark","https:\/\/www.instagram.com\/mycanvasdk\/"]}]}},"_links":{"self":[{"href":"https:\/\/mycanvas.dk\/es\/wp-json\/wp\/v2\/product\/365","targetHints":{"allow":["GET"]}}],"collection":[{"href":"https:\/\/mycanvas.dk\/es\/wp-json\/wp\/v2\/product"}],"about":[{"href":"https:\/\/mycanvas.dk\/es\/wp-json\/wp\/v2\/types\/product"}],"replies":[{"embeddable":true,"href":"https:\/\/mycanvas.dk\/es\/wp-json\/wp\/v2\/comments?post=365"}],"wp:featuredmedia":[{"embeddable":true,"href":"https:\/\/mycanvas.dk\/es\/wp-json\/wp\/v2\/media\/1088"}],"wp:attachment":[{"href":"https:\/\/mycanvas.dk\/es\/wp-json\/wp\/v2\/media?parent=365"}],"wp:term":[{"taxonomy":"product_cat","embeddable":true,"href":"https:\/\/mycanvas.dk\/es\/wp-json\/wp\/v2\/product_cat?post=365"},{"taxonomy":"product_tag","embeddable":true,"href":"https:\/\/mycanvas.dk\/es\/wp-json\/wp\/v2\/product_tag?post=365"}],"curies":[{"name":"wp","href":"https:\/\/api.w.org\/{rel}","templated":true}]}}