
{"id":371,"date":"2018-09-26T22:59:12","date_gmt":"2018-09-26T20:59:12","guid":{"rendered":"http:\/\/designbyjuel.dk\/?post_type=product&#038;p=371"},"modified":"2019-10-29T15:22:31","modified_gmt":"2019-10-29T14:22:31","slug":"det-notoriske-boernehjem","status":"publish","type":"product","link":"https:\/\/mycanvas.dk\/es\/producto\/det-notoriske-boernehjem\/","title":{"rendered":"El famoso orfanato"},"content":{"rendered":"<p>&nbsp;<\/p>\n<p style=\"text-align: left;\">El famoso orfanato de Kana, ubicado en Strandvejen, es conocido por la historia asesina de un ni\u00f1o que fue envenenado por el director del orfanato.<\/p>\n<p>Frederikke Vilhelmine M\u00f8ller fue directora y asesina de un orfanato dan\u00e9s. Frederikke Vilhelmine M\u00f8ller naci\u00f3 hermafrodita y luego cambi\u00f3 su nombre con el permiso del rey a Vilhelmi M\u00f8ller. Era hija del tornero y metalero Christian Frederik M\u00f8ller y Caroline Wilhelmine Hansen.<\/p>\n<p style=\"text-align: left;\">La directora del orfanato, Vilhelmine M\u00f8ller, confes\u00f3 en 1893 haber asesinado a Volmer Sj\u00f8gren, que era un ni\u00f1o en el orfanato de Kana en \u00d8sterbro, para ocultar que ten\u00eda una relaci\u00f3n sexual con \u00e9l. Durante su juicio, fue examinada por un psiquiatra y un obstetra, quienes determinaron que era hermafrodita, m\u00e1s masculina que femenina. Por lo tanto, el tribunal la traslad\u00f3 a una prisi\u00f3n para hombres y luego se refiri\u00f3 al acusado como un hombre, Vilhelmi M\u00f8ller.<\/p>\n<p style=\"text-align: left;\">El caso de asesinato lleg\u00f3 a la Corte Suprema en 1894, donde la defensa pidi\u00f3 una sentencia indulgente debido a la incertidumbre sobre el g\u00e9nero del acusado, pero la sentencia fue la pena de muerte.<br \/>\nPor tanto, la condena se produjo s\u00f3lo unos a\u00f1os despu\u00e9s de la ejecuci\u00f3n de Jens Nielsen, pero la sentencia de Vilhelmi M\u00f8ller no se ejecut\u00f3 y, en cambio, fue anulada administrativamente a cadena perpetua. En 1905 fue indultado por el rey Cristi\u00e1n IX.<\/p>\n<p style=\"text-align: left;\">Despu\u00e9s de su liberaci\u00f3n, Vilhelmi M\u00f8ller se cas\u00f3 con Agnes Anna Margretha Juliane Larsen, hija del cabo Rasmus Larsen y Marie Schmidt, el 20 de diciembre de 1905. En la historia de la medicina, Vilhelmi M\u00f8ller est\u00e1 considerado el primero en Dinamarca que cambi\u00f3 de sexo.<\/p>\n<h2>Lugar<\/h2>\n<table>\n<tbody>\n<tr>\n<th>Nombre de la calle:<\/th>\n<td>el camino de la playa<\/td>\n<\/tr>\n<tr>\n<th>N\u00famero de casa:<\/th>\n<td>39<\/td>\n<\/tr>\n<tr>\n<th>Distrito:<\/th>\n<td>\u00d8sterbro<\/td>\n<\/tr>\n<tr>\n<th>Pa\u00eds:<\/th>\n<td>Dinamarca<\/td>\n<\/tr>\n<tr>\n<th>Coordenadas:<\/th>\n<td>55.71395, 12.57753<\/td>\n<\/tr>\n<\/tbody>\n<\/table>\n<p>&nbsp;<\/p>","protected":false},"excerpt":{"rendered":"<p>El famoso orfanato Kana en Strandvejen<\/p>","protected":false},"featured_media":1129,"comment_status":"open","ping_status":"closed","template":"","meta":{"_mi_skip_tracking":false},"product_cat":[73,79],"product_tag":[],"class_list":{"0":"post-371","1":"product","2":"type-product","3":"status-publish","4":"has-post-thumbnail","6":"product_cat-plakater","7":"product_cat-koebenhavn","8":"pa_storrelse-a4-21x30cm","9":"pa_storrelse-a3-30x42cm","10":"pa_storrelse-b2-50x70cm","11":"pa_storrelse-b1-70x100cm","13":"first","14":"instock","15":"taxable","16":"shipping-taxable","17":"purchasable","18":"product-type-variable"},"yoast_head":"<!-- This site is optimized with the Yoast SEO plugin v24.2 - https:\/\/yoast.com\/wordpress\/plugins\/seo\/ -->\n<title>Det Notoriske b\u00f8rnehjem Plakater | Spar 10% p\u00e5 et samles\u00e6t - My Canvas<\/title>\n<meta name=\"description\" content=\"K\u00f8b Det Notoriske b\u00f8rnehjem Plakater. DEN BEDSTE KVALITET Til den bedste pris - Historiske danske plakater - se vores store udvalg her.\" \/>\n<meta name=\"robots\" content=\"index, follow, max-snippet:-1, max-image-preview:large, max-video-preview:-1\" \/>\n<link rel=\"canonical\" href=\"https:\/\/mycanvas.dk\/es\/producto\/det-notoriske-boernehjem\/\" \/>\n<meta property=\"og:locale\" content=\"es_ES\" \/>\n<meta property=\"og:type\" content=\"article\" \/>\n<meta property=\"og:title\" content=\"Det Notoriske b\u00f8rnehjem Plakater | Spar 10% p\u00e5 et samles\u00e6t - My Canvas\" \/>\n<meta property=\"og:description\" content=\"K\u00f8b Det Notoriske b\u00f8rnehjem Plakater. DEN BEDSTE KVALITET Til den bedste pris - Historiske danske plakater - se vores store udvalg her.\" \/>\n<meta property=\"og:url\" content=\"https:\/\/mycanvas.dk\/es\/producto\/det-notoriske-boernehjem\/\" \/>\n<meta property=\"og:site_name\" content=\"My Canvas\" \/>\n<meta property=\"article:publisher\" content=\"https:\/\/www.facebook.com\/MyCanvasDanmark\" \/>\n<meta property=\"article:modified_time\" content=\"2019-10-29T14:22:31+00:00\" \/>\n<meta property=\"og:image\" content=\"https:\/\/mycanvas.dk\/wp-content\/uploads\/2018\/09\/B\u00f8rnehjem-tr\u00e6-1.jpeg\" \/>\n\t<meta property=\"og:image:width\" content=\"2048\" \/>\n\t<meta property=\"og:image:height\" content=\"1448\" \/>\n\t<meta property=\"og:image:type\" content=\"image\/jpeg\" \/>\n<meta name=\"twitter:card\" content=\"summary_large_image\" \/>\n<meta name=\"twitter:label1\" content=\"Tiempo de lectura\" \/>\n\t<meta name=\"twitter:data1\" content=\"1 minuto\" \/>\n<script type=\"application\/ld+json\" class=\"yoast-schema-graph\">{\"@context\":\"https:\/\/schema.org\",\"@graph\":[{\"@type\":\"WebPage\",\"@id\":\"https:\/\/mycanvas.dk\/vare\/det-notoriske-boernehjem\/\",\"url\":\"https:\/\/mycanvas.dk\/vare\/det-notoriske-boernehjem\/\",\"name\":\"Det Notoriske b\u00f8rnehjem Plakater | Spar 10% p\u00e5 et samles\u00e6t - My Canvas\",\"isPartOf\":{\"@id\":\"https:\/\/mycanvas.dk\/#website\"},\"primaryImageOfPage\":{\"@id\":\"https:\/\/mycanvas.dk\/vare\/det-notoriske-boernehjem\/#primaryimage\"},\"image\":{\"@id\":\"https:\/\/mycanvas.dk\/vare\/det-notoriske-boernehjem\/#primaryimage\"},\"thumbnailUrl\":\"https:\/\/mycanvas.dk\/wp-content\/uploads\/2018\/09\/B\u00f8rnehjem-tr\u00e6-1.jpeg\",\"datePublished\":\"2018-09-26T20:59:12+00:00\",\"dateModified\":\"2019-10-29T14:22:31+00:00\",\"description\":\"K\u00f8b Det Notoriske b\u00f8rnehjem Plakater. DEN BEDSTE KVALITET Til den bedste pris - Historiske danske plakater - se vores store udvalg her.\",\"breadcrumb\":{\"@id\":\"https:\/\/mycanvas.dk\/vare\/det-notoriske-boernehjem\/#breadcrumb\"},\"inLanguage\":\"es\",\"potentialAction\":[{\"@type\":\"ReadAction\",\"target\":[\"https:\/\/mycanvas.dk\/vare\/det-notoriske-boernehjem\/\"]}]},{\"@type\":\"ImageObject\",\"inLanguage\":\"es\",\"@id\":\"https:\/\/mycanvas.dk\/vare\/det-notoriske-boernehjem\/#primaryimage\",\"url\":\"https:\/\/mycanvas.dk\/wp-content\/uploads\/2018\/09\/B\u00f8rnehjem-tr\u00e6-1.jpeg\",\"contentUrl\":\"https:\/\/mycanvas.dk\/wp-content\/uploads\/2018\/09\/B\u00f8rnehjem-tr\u00e6-1.jpeg\",\"width\":2048,\"height\":1448},{\"@type\":\"BreadcrumbList\",\"@id\":\"https:\/\/mycanvas.dk\/vare\/det-notoriske-boernehjem\/#breadcrumb\",\"itemListElement\":[{\"@type\":\"ListItem\",\"position\":1,\"name\":\"Hjem\",\"item\":\"https:\/\/mycanvas.dk\/\"},{\"@type\":\"ListItem\",\"position\":2,\"name\":\"Shop\",\"item\":\"https:\/\/mycanvas.dk\/shop\/\"},{\"@type\":\"ListItem\",\"position\":3,\"name\":\"Det Notoriske b\u00f8rnehjem\"}]},{\"@type\":\"WebSite\",\"@id\":\"https:\/\/mycanvas.dk\/#website\",\"url\":\"https:\/\/mycanvas.dk\/\",\"name\":\"My Canvas\",\"description\":\"Vi g\u00f8r danmarks historie til kunst\",\"publisher\":{\"@id\":\"https:\/\/mycanvas.dk\/#organization\"},\"potentialAction\":[{\"@type\":\"SearchAction\",\"target\":{\"@type\":\"EntryPoint\",\"urlTemplate\":\"https:\/\/mycanvas.dk\/?s={search_term_string}\"},\"query-input\":{\"@type\":\"PropertyValueSpecification\",\"valueRequired\":true,\"valueName\":\"search_term_string\"}}],\"inLanguage\":\"es\"},{\"@type\":\"Organization\",\"@id\":\"https:\/\/mycanvas.dk\/#organization\",\"name\":\"My Canvas\",\"url\":\"https:\/\/mycanvas.dk\/\",\"logo\":{\"@type\":\"ImageObject\",\"inLanguage\":\"es\",\"@id\":\"https:\/\/mycanvas.dk\/#\/schema\/logo\/image\/\",\"url\":\"https:\/\/mycanvas.dk\/wp-content\/uploads\/2018\/09\/MyCanvas-Logo-Nyeste.png\",\"contentUrl\":\"https:\/\/mycanvas.dk\/wp-content\/uploads\/2018\/09\/MyCanvas-Logo-Nyeste.png\",\"width\":1916,\"height\":736,\"caption\":\"My Canvas\"},\"image\":{\"@id\":\"https:\/\/mycanvas.dk\/#\/schema\/logo\/image\/\"},\"sameAs\":[\"https:\/\/www.facebook.com\/MyCanvasDanmark\",\"https:\/\/www.instagram.com\/mycanvasdk\/\"]}]}<\/script>\n<!-- \/ Yoast SEO plugin. -->","yoast_head_json":{"title":"Det Notoriske b\u00f8rnehjem Plakater | Spar 10% p\u00e5 et samles\u00e6t - My Canvas","description":"K\u00f8b Det Notoriske b\u00f8rnehjem Plakater. DEN BEDSTE KVALITET Til den bedste pris - Historiske danske plakater - se vores store udvalg her.","robots":{"index":"index","follow":"follow","max-snippet":"max-snippet:-1","max-image-preview":"max-image-preview:large","max-video-preview":"max-video-preview:-1"},"canonical":"https:\/\/mycanvas.dk\/es\/producto\/det-notoriske-boernehjem\/","og_locale":"es_ES","og_type":"article","og_title":"Det Notoriske b\u00f8rnehjem Plakater | Spar 10% p\u00e5 et samles\u00e6t - My Canvas","og_description":"K\u00f8b Det Notoriske b\u00f8rnehjem Plakater. DEN BEDSTE KVALITET Til den bedste pris - Historiske danske plakater - se vores store udvalg her.","og_url":"https:\/\/mycanvas.dk\/es\/producto\/det-notoriske-boernehjem\/","og_site_name":"My Canvas","article_publisher":"https:\/\/www.facebook.com\/MyCanvasDanmark","article_modified_time":"2019-10-29T14:22:31+00:00","og_image":[{"width":2048,"height":1448,"url":"https:\/\/mycanvas.dk\/wp-content\/uploads\/2018\/09\/B\u00f8rnehjem-tr\u00e6-1.jpeg","type":"image\/jpeg"}],"twitter_card":"summary_large_image","twitter_misc":{"Tiempo de lectura":"1 minuto"},"schema":{"@context":"https:\/\/schema.org","@graph":[{"@type":"WebPage","@id":"https:\/\/mycanvas.dk\/vare\/det-notoriske-boernehjem\/","url":"https:\/\/mycanvas.dk\/vare\/det-notoriske-boernehjem\/","name":"Det Notoriske b\u00f8rnehjem Plakater | Spar 10% p\u00e5 et samles\u00e6t - My Canvas","isPartOf":{"@id":"https:\/\/mycanvas.dk\/#website"},"primaryImageOfPage":{"@id":"https:\/\/mycanvas.dk\/vare\/det-notoriske-boernehjem\/#primaryimage"},"image":{"@id":"https:\/\/mycanvas.dk\/vare\/det-notoriske-boernehjem\/#primaryimage"},"thumbnailUrl":"https:\/\/mycanvas.dk\/wp-content\/uploads\/2018\/09\/B\u00f8rnehjem-tr\u00e6-1.jpeg","datePublished":"2018-09-26T20:59:12+00:00","dateModified":"2019-10-29T14:22:31+00:00","description":"K\u00f8b Det Notoriske b\u00f8rnehjem Plakater. DEN BEDSTE KVALITET Til den bedste pris - Historiske danske plakater - se vores store udvalg her.","breadcrumb":{"@id":"https:\/\/mycanvas.dk\/vare\/det-notoriske-boernehjem\/#breadcrumb"},"inLanguage":"es","potentialAction":[{"@type":"ReadAction","target":["https:\/\/mycanvas.dk\/vare\/det-notoriske-boernehjem\/"]}]},{"@type":"ImageObject","inLanguage":"es","@id":"https:\/\/mycanvas.dk\/vare\/det-notoriske-boernehjem\/#primaryimage","url":"https:\/\/mycanvas.dk\/wp-content\/uploads\/2018\/09\/B\u00f8rnehjem-tr\u00e6-1.jpeg","contentUrl":"https:\/\/mycanvas.dk\/wp-content\/uploads\/2018\/09\/B\u00f8rnehjem-tr\u00e6-1.jpeg","width":2048,"height":1448},{"@type":"BreadcrumbList","@id":"https:\/\/mycanvas.dk\/vare\/det-notoriske-boernehjem\/#breadcrumb","itemListElement":[{"@type":"ListItem","position":1,"name":"Hjem","item":"https:\/\/mycanvas.dk\/"},{"@type":"ListItem","position":2,"name":"Shop","item":"https:\/\/mycanvas.dk\/shop\/"},{"@type":"ListItem","position":3,"name":"Det Notoriske b\u00f8rnehjem"}]},{"@type":"WebSite","@id":"https:\/\/mycanvas.dk\/#website","url":"https:\/\/mycanvas.dk\/","name":"My Canvas","description":"Vi g\u00f8r danmarks historie til kunst","publisher":{"@id":"https:\/\/mycanvas.dk\/#organization"},"potentialAction":[{"@type":"SearchAction","target":{"@type":"EntryPoint","urlTemplate":"https:\/\/mycanvas.dk\/?s={search_term_string}"},"query-input":{"@type":"PropertyValueSpecification","valueRequired":true,"valueName":"search_term_string"}}],"inLanguage":"es"},{"@type":"Organization","@id":"https:\/\/mycanvas.dk\/#organization","name":"My Canvas","url":"https:\/\/mycanvas.dk\/","logo":{"@type":"ImageObject","inLanguage":"es","@id":"https:\/\/mycanvas.dk\/#\/schema\/logo\/image\/","url":"https:\/\/mycanvas.dk\/wp-content\/uploads\/2018\/09\/MyCanvas-Logo-Nyeste.png","contentUrl":"https:\/\/mycanvas.dk\/wp-content\/uploads\/2018\/09\/MyCanvas-Logo-Nyeste.png","width":1916,"height":736,"caption":"My Canvas"},"image":{"@id":"https:\/\/mycanvas.dk\/#\/schema\/logo\/image\/"},"sameAs":["https:\/\/www.facebook.com\/MyCanvasDanmark","https:\/\/www.instagram.com\/mycanvasdk\/"]}]}},"_links":{"self":[{"href":"https:\/\/mycanvas.dk\/es\/wp-json\/wp\/v2\/product\/371","targetHints":{"allow":["GET"]}}],"collection":[{"href":"https:\/\/mycanvas.dk\/es\/wp-json\/wp\/v2\/product"}],"about":[{"href":"https:\/\/mycanvas.dk\/es\/wp-json\/wp\/v2\/types\/product"}],"replies":[{"embeddable":true,"href":"https:\/\/mycanvas.dk\/es\/wp-json\/wp\/v2\/comments?post=371"}],"wp:featuredmedia":[{"embeddable":true,"href":"https:\/\/mycanvas.dk\/es\/wp-json\/wp\/v2\/media\/1129"}],"wp:attachment":[{"href":"https:\/\/mycanvas.dk\/es\/wp-json\/wp\/v2\/media?parent=371"}],"wp:term":[{"taxonomy":"product_cat","embeddable":true,"href":"https:\/\/mycanvas.dk\/es\/wp-json\/wp\/v2\/product_cat?post=371"},{"taxonomy":"product_tag","embeddable":true,"href":"https:\/\/mycanvas.dk\/es\/wp-json\/wp\/v2\/product_tag?post=371"}],"curies":[{"name":"wp","href":"https:\/\/api.w.org\/{rel}","templated":true}]}}