
{"id":373,"date":"2018-09-26T23:01:23","date_gmt":"2018-09-26T21:01:23","guid":{"rendered":"http:\/\/designbyjuel.dk\/?post_type=product&#038;p=373"},"modified":"2019-10-29T15:22:04","modified_gmt":"2019-10-29T14:22:04","slug":"folketingssalen","status":"publish","type":"product","link":"https:\/\/mycanvas.dk\/es\/producto\/folketingssalen\/","title":{"rendered":"El Sal\u00f3n del Parlamento"},"content":{"rendered":"<p>El Folketingsalen es la sala de reuniones de los 179 miembros de la \u00fanica c\u00e1mara parlamentaria de Dinamarca, el Folketing. Aqu\u00ed tienen lugar gran parte de las negociaciones y debates pol\u00edticos, por lo que la sala es un centro para la Dinamarca pol\u00edtica.<\/p>\n<p>El Folketingsalen est\u00e1 situado en el ala principal de Christiansborg, frente a la plaza del castillo de Christiansborg. La sala tiene tres pisos de altura con el palco de la reina y el palco de audiencia en el tercer piso. La sala parlamentaria est\u00e1 dominada por los asientos de los diputados, que forman una herradura semicircular, el asiento del presidente en el centro y el atril a la derecha del presidente. Detr\u00e1s del atril cuelga un tapiz tejido de Berit Hjelholt. A la izquierda del presidente se sienta un funcionario de la administraci\u00f3n del Folketinget. En la pared trasera del Folketingsalen tambi\u00e9n se pueden encontrar obras de arte: dos grandes cuadros de paisajes con motivos de Lolland del pintor Olaf Rude. Sobre la silla del presidente y el asiento del funcionario cuelgan dos pantallas que muestran qu\u00e9 punto se debe negociar, al igual que las pantallas muestran los resultados de las votaciones en la sala. El atril est\u00e1 hecho de tronco de roble.<\/p>\n<div class=\"accordion\" rel=\"\">\n<div class=\"accordion-item\"><a href=\"#\" class=\"accordion-title plain\"><button class=\"toggle\"><i class=\"icon-angle-down\"><\/i><\/button><span>Leer m\u00e1s<\/span><\/a><div class=\"accordion-inner\">\n<p>Los t\u00e9rminos derecha e izquierda se reflejan en la ubicaci\u00f3n de los partidos pol\u00edticos en la sala del Parlamento. Los parlamentarios del Partido Liberal estaban ubicados a la izquierda, en la sala frente al Partido Derecha (m\u00e1s tarde Conservador). Hoy en d\u00eda, la divisi\u00f3n entre derecha e izquierda no es estricta, ya que los socialdem\u00f3cratas se ubican en la extrema izquierda, a pesar de que los partidos SF y Enhedslisten se ubican m\u00e1s a la izquierda en la escala tradicional de derecha-izquierda. Los miembros conservadores, al igual que sus predecesores de derecha, se ubican en la extrema derecha. En cada asiento hay un micr\u00f3fono y un panel de votaci\u00f3n. Los micr\u00f3fonos s\u00f3lo se utilizan durante el turno de preguntas semanal del Parlamento los mi\u00e9rcoles. En caso contrario, se utiliza el atril.<\/p>\n<p>Los grupos parlamentarios est\u00e1n ubicados en &quot;bloques&quot;: los asientos delanteros est\u00e1n reservados para los presidentes de grupo y los relatores pol\u00edticos. Los miembros generalmente se ubican seg\u00fan su antig\u00fcedad, de modo que los miembros con mayor antig\u00fcedad se sientan al frente. Los miembros de menor antig\u00fcedad se sientan al fondo. Los ministros se sientan en los asientos delanteros, a la izquierda del atril. El primer ministro est\u00e1 m\u00e1s cerca del atril, mientras que los dem\u00e1s ministros se sientan en el llamado orden de gabinete, el orden en el que se sientan cuando se celebra una reuni\u00f3n de gabinete con la reina. Detr\u00e1s de los ministros, en el primer piso, hay un palco de prensa al que s\u00f3lo tienen acceso los periodistas con oficinas en Christiansborg.<\/p>\n<p>La Logia de la Reina del Parlamento dan\u00e9s solo se utiliza cuando el Parlamento dan\u00e9s abre el primer martes de octubre.<\/p>\n<\/div><\/div>\n<\/div>\n<table>\n<tbody>\n<tr>\n<th>Nombre de la calle:<\/th>\n<td>Castillo de Christiansborg<\/td>\n<\/tr>\n<tr>\n<th>Distrito:<\/th>\n<td>Centro de la ciudad<\/td>\n<\/tr>\n<tr>\n<th>Pa\u00eds:<\/th>\n<td>Dinamarca<\/td>\n<\/tr>\n<tr>\n<th>Coordenadas:<\/th>\n<td>55.67606, 12.58078<\/td>\n<\/tr>\n<\/tbody>\n<\/table>","protected":false},"excerpt":{"rendered":"<p>Reuni\u00f3n parlamentaria del a\u00f1o 1918.<\/p>","protected":false},"featured_media":1104,"comment_status":"open","ping_status":"closed","template":"","meta":{"_mi_skip_tracking":false},"product_cat":[73,79],"product_tag":[],"class_list":{"0":"post-373","1":"product","2":"type-product","3":"status-publish","4":"has-post-thumbnail","6":"product_cat-plakater","7":"product_cat-koebenhavn","8":"pa_storrelse-a4-21x30cm","9":"pa_storrelse-a3-30x42cm","10":"pa_storrelse-b2-50x70cm","11":"pa_storrelse-b1-70x100cm","13":"first","14":"instock","15":"taxable","16":"shipping-taxable","17":"purchasable","18":"product-type-variable"},"yoast_head":"<!-- This site is optimized with the Yoast SEO plugin v24.2 - https:\/\/yoast.com\/wordpress\/plugins\/seo\/ -->\n<title>Folketingssalen Plakater | Spar 10% p\u00e5 et samles\u00e6t - My Canvas<\/title>\n<meta name=\"description\" content=\"K\u00f8b Folketingssalen Plakater. DEN BEDSTE KVALITET Til den bedste pris - Historiske danske plakater - se vores store udvalg her.\" \/>\n<meta name=\"robots\" content=\"index, follow, max-snippet:-1, max-image-preview:large, max-video-preview:-1\" \/>\n<link rel=\"canonical\" href=\"https:\/\/mycanvas.dk\/es\/producto\/folketingssalen\/\" \/>\n<meta property=\"og:locale\" content=\"es_ES\" \/>\n<meta property=\"og:type\" content=\"article\" \/>\n<meta property=\"og:title\" content=\"Folketingssalen Plakater | Spar 10% p\u00e5 et samles\u00e6t - My Canvas\" \/>\n<meta property=\"og:description\" content=\"K\u00f8b Folketingssalen Plakater. DEN BEDSTE KVALITET Til den bedste pris - Historiske danske plakater - se vores store udvalg her.\" \/>\n<meta property=\"og:url\" content=\"https:\/\/mycanvas.dk\/es\/producto\/folketingssalen\/\" \/>\n<meta property=\"og:site_name\" content=\"My Canvas\" \/>\n<meta property=\"article:publisher\" content=\"https:\/\/www.facebook.com\/MyCanvasDanmark\" \/>\n<meta property=\"article:modified_time\" content=\"2019-10-29T14:22:04+00:00\" \/>\n<meta property=\"og:image\" content=\"https:\/\/mycanvas.dk\/wp-content\/uploads\/2018\/09\/Folketingssalen-tr\u00e6-1.jpeg\" \/>\n\t<meta property=\"og:image:width\" content=\"2048\" \/>\n\t<meta property=\"og:image:height\" content=\"1448\" \/>\n\t<meta property=\"og:image:type\" content=\"image\/jpeg\" \/>\n<meta name=\"twitter:card\" content=\"summary_large_image\" \/>\n<meta name=\"twitter:label1\" content=\"Tiempo de lectura\" \/>\n\t<meta name=\"twitter:data1\" content=\"2 minutos\" \/>\n<script type=\"application\/ld+json\" class=\"yoast-schema-graph\">{\"@context\":\"https:\/\/schema.org\",\"@graph\":[{\"@type\":\"WebPage\",\"@id\":\"https:\/\/mycanvas.dk\/vare\/folketingssalen\/\",\"url\":\"https:\/\/mycanvas.dk\/vare\/folketingssalen\/\",\"name\":\"Folketingssalen Plakater | Spar 10% p\u00e5 et samles\u00e6t - My Canvas\",\"isPartOf\":{\"@id\":\"https:\/\/mycanvas.dk\/#website\"},\"primaryImageOfPage\":{\"@id\":\"https:\/\/mycanvas.dk\/vare\/folketingssalen\/#primaryimage\"},\"image\":{\"@id\":\"https:\/\/mycanvas.dk\/vare\/folketingssalen\/#primaryimage\"},\"thumbnailUrl\":\"https:\/\/mycanvas.dk\/wp-content\/uploads\/2018\/09\/Folketingssalen-tr\u00e6-1.jpeg\",\"datePublished\":\"2018-09-26T21:01:23+00:00\",\"dateModified\":\"2019-10-29T14:22:04+00:00\",\"description\":\"K\u00f8b Folketingssalen Plakater. DEN BEDSTE KVALITET Til den bedste pris - Historiske danske plakater - se vores store udvalg her.\",\"breadcrumb\":{\"@id\":\"https:\/\/mycanvas.dk\/vare\/folketingssalen\/#breadcrumb\"},\"inLanguage\":\"es\",\"potentialAction\":[{\"@type\":\"ReadAction\",\"target\":[\"https:\/\/mycanvas.dk\/vare\/folketingssalen\/\"]}]},{\"@type\":\"ImageObject\",\"inLanguage\":\"es\",\"@id\":\"https:\/\/mycanvas.dk\/vare\/folketingssalen\/#primaryimage\",\"url\":\"https:\/\/mycanvas.dk\/wp-content\/uploads\/2018\/09\/Folketingssalen-tr\u00e6-1.jpeg\",\"contentUrl\":\"https:\/\/mycanvas.dk\/wp-content\/uploads\/2018\/09\/Folketingssalen-tr\u00e6-1.jpeg\",\"width\":2048,\"height\":1448},{\"@type\":\"BreadcrumbList\",\"@id\":\"https:\/\/mycanvas.dk\/vare\/folketingssalen\/#breadcrumb\",\"itemListElement\":[{\"@type\":\"ListItem\",\"position\":1,\"name\":\"Hjem\",\"item\":\"https:\/\/mycanvas.dk\/\"},{\"@type\":\"ListItem\",\"position\":2,\"name\":\"Shop\",\"item\":\"https:\/\/mycanvas.dk\/shop\/\"},{\"@type\":\"ListItem\",\"position\":3,\"name\":\"Folketingssalen\"}]},{\"@type\":\"WebSite\",\"@id\":\"https:\/\/mycanvas.dk\/#website\",\"url\":\"https:\/\/mycanvas.dk\/\",\"name\":\"My Canvas\",\"description\":\"Vi g\u00f8r danmarks historie til kunst\",\"publisher\":{\"@id\":\"https:\/\/mycanvas.dk\/#organization\"},\"potentialAction\":[{\"@type\":\"SearchAction\",\"target\":{\"@type\":\"EntryPoint\",\"urlTemplate\":\"https:\/\/mycanvas.dk\/?s={search_term_string}\"},\"query-input\":{\"@type\":\"PropertyValueSpecification\",\"valueRequired\":true,\"valueName\":\"search_term_string\"}}],\"inLanguage\":\"es\"},{\"@type\":\"Organization\",\"@id\":\"https:\/\/mycanvas.dk\/#organization\",\"name\":\"My Canvas\",\"url\":\"https:\/\/mycanvas.dk\/\",\"logo\":{\"@type\":\"ImageObject\",\"inLanguage\":\"es\",\"@id\":\"https:\/\/mycanvas.dk\/#\/schema\/logo\/image\/\",\"url\":\"https:\/\/mycanvas.dk\/wp-content\/uploads\/2018\/09\/MyCanvas-Logo-Nyeste.png\",\"contentUrl\":\"https:\/\/mycanvas.dk\/wp-content\/uploads\/2018\/09\/MyCanvas-Logo-Nyeste.png\",\"width\":1916,\"height\":736,\"caption\":\"My Canvas\"},\"image\":{\"@id\":\"https:\/\/mycanvas.dk\/#\/schema\/logo\/image\/\"},\"sameAs\":[\"https:\/\/www.facebook.com\/MyCanvasDanmark\",\"https:\/\/www.instagram.com\/mycanvasdk\/\"]}]}<\/script>\n<!-- \/ Yoast SEO plugin. -->","yoast_head_json":{"title":"Folketingssalen Plakater | Spar 10% p\u00e5 et samles\u00e6t - My Canvas","description":"K\u00f8b Folketingssalen Plakater. DEN BEDSTE KVALITET Til den bedste pris - Historiske danske plakater - se vores store udvalg her.","robots":{"index":"index","follow":"follow","max-snippet":"max-snippet:-1","max-image-preview":"max-image-preview:large","max-video-preview":"max-video-preview:-1"},"canonical":"https:\/\/mycanvas.dk\/es\/producto\/folketingssalen\/","og_locale":"es_ES","og_type":"article","og_title":"Folketingssalen Plakater | Spar 10% p\u00e5 et samles\u00e6t - My Canvas","og_description":"K\u00f8b Folketingssalen Plakater. DEN BEDSTE KVALITET Til den bedste pris - Historiske danske plakater - se vores store udvalg her.","og_url":"https:\/\/mycanvas.dk\/es\/producto\/folketingssalen\/","og_site_name":"My Canvas","article_publisher":"https:\/\/www.facebook.com\/MyCanvasDanmark","article_modified_time":"2019-10-29T14:22:04+00:00","og_image":[{"width":2048,"height":1448,"url":"https:\/\/mycanvas.dk\/wp-content\/uploads\/2018\/09\/Folketingssalen-tr\u00e6-1.jpeg","type":"image\/jpeg"}],"twitter_card":"summary_large_image","twitter_misc":{"Tiempo de lectura":"2 minutos"},"schema":{"@context":"https:\/\/schema.org","@graph":[{"@type":"WebPage","@id":"https:\/\/mycanvas.dk\/vare\/folketingssalen\/","url":"https:\/\/mycanvas.dk\/vare\/folketingssalen\/","name":"Folketingssalen Plakater | Spar 10% p\u00e5 et samles\u00e6t - My Canvas","isPartOf":{"@id":"https:\/\/mycanvas.dk\/#website"},"primaryImageOfPage":{"@id":"https:\/\/mycanvas.dk\/vare\/folketingssalen\/#primaryimage"},"image":{"@id":"https:\/\/mycanvas.dk\/vare\/folketingssalen\/#primaryimage"},"thumbnailUrl":"https:\/\/mycanvas.dk\/wp-content\/uploads\/2018\/09\/Folketingssalen-tr\u00e6-1.jpeg","datePublished":"2018-09-26T21:01:23+00:00","dateModified":"2019-10-29T14:22:04+00:00","description":"K\u00f8b Folketingssalen Plakater. DEN BEDSTE KVALITET Til den bedste pris - Historiske danske plakater - se vores store udvalg her.","breadcrumb":{"@id":"https:\/\/mycanvas.dk\/vare\/folketingssalen\/#breadcrumb"},"inLanguage":"es","potentialAction":[{"@type":"ReadAction","target":["https:\/\/mycanvas.dk\/vare\/folketingssalen\/"]}]},{"@type":"ImageObject","inLanguage":"es","@id":"https:\/\/mycanvas.dk\/vare\/folketingssalen\/#primaryimage","url":"https:\/\/mycanvas.dk\/wp-content\/uploads\/2018\/09\/Folketingssalen-tr\u00e6-1.jpeg","contentUrl":"https:\/\/mycanvas.dk\/wp-content\/uploads\/2018\/09\/Folketingssalen-tr\u00e6-1.jpeg","width":2048,"height":1448},{"@type":"BreadcrumbList","@id":"https:\/\/mycanvas.dk\/vare\/folketingssalen\/#breadcrumb","itemListElement":[{"@type":"ListItem","position":1,"name":"Hjem","item":"https:\/\/mycanvas.dk\/"},{"@type":"ListItem","position":2,"name":"Shop","item":"https:\/\/mycanvas.dk\/shop\/"},{"@type":"ListItem","position":3,"name":"Folketingssalen"}]},{"@type":"WebSite","@id":"https:\/\/mycanvas.dk\/#website","url":"https:\/\/mycanvas.dk\/","name":"My Canvas","description":"Vi g\u00f8r danmarks historie til kunst","publisher":{"@id":"https:\/\/mycanvas.dk\/#organization"},"potentialAction":[{"@type":"SearchAction","target":{"@type":"EntryPoint","urlTemplate":"https:\/\/mycanvas.dk\/?s={search_term_string}"},"query-input":{"@type":"PropertyValueSpecification","valueRequired":true,"valueName":"search_term_string"}}],"inLanguage":"es"},{"@type":"Organization","@id":"https:\/\/mycanvas.dk\/#organization","name":"My Canvas","url":"https:\/\/mycanvas.dk\/","logo":{"@type":"ImageObject","inLanguage":"es","@id":"https:\/\/mycanvas.dk\/#\/schema\/logo\/image\/","url":"https:\/\/mycanvas.dk\/wp-content\/uploads\/2018\/09\/MyCanvas-Logo-Nyeste.png","contentUrl":"https:\/\/mycanvas.dk\/wp-content\/uploads\/2018\/09\/MyCanvas-Logo-Nyeste.png","width":1916,"height":736,"caption":"My Canvas"},"image":{"@id":"https:\/\/mycanvas.dk\/#\/schema\/logo\/image\/"},"sameAs":["https:\/\/www.facebook.com\/MyCanvasDanmark","https:\/\/www.instagram.com\/mycanvasdk\/"]}]}},"_links":{"self":[{"href":"https:\/\/mycanvas.dk\/es\/wp-json\/wp\/v2\/product\/373","targetHints":{"allow":["GET"]}}],"collection":[{"href":"https:\/\/mycanvas.dk\/es\/wp-json\/wp\/v2\/product"}],"about":[{"href":"https:\/\/mycanvas.dk\/es\/wp-json\/wp\/v2\/types\/product"}],"replies":[{"embeddable":true,"href":"https:\/\/mycanvas.dk\/es\/wp-json\/wp\/v2\/comments?post=373"}],"wp:featuredmedia":[{"embeddable":true,"href":"https:\/\/mycanvas.dk\/es\/wp-json\/wp\/v2\/media\/1104"}],"wp:attachment":[{"href":"https:\/\/mycanvas.dk\/es\/wp-json\/wp\/v2\/media?parent=373"}],"wp:term":[{"taxonomy":"product_cat","embeddable":true,"href":"https:\/\/mycanvas.dk\/es\/wp-json\/wp\/v2\/product_cat?post=373"},{"taxonomy":"product_tag","embeddable":true,"href":"https:\/\/mycanvas.dk\/es\/wp-json\/wp\/v2\/product_tag?post=373"}],"curies":[{"name":"wp","href":"https:\/\/api.w.org\/{rel}","templated":true}]}}