
{"id":381,"date":"2018-10-02T17:21:50","date_gmt":"2018-10-02T15:21:50","guid":{"rendered":"http:\/\/designbyjuel.dk\/?post_type=product&#038;p=381"},"modified":"2019-10-29T15:12:44","modified_gmt":"2019-10-29T14:12:44","slug":"dreng-og-gaardens-hunde","status":"publish","type":"product","link":"https:\/\/mycanvas.dk\/es\/producto\/dreng-og-gaardens-hunde\/","title":{"rendered":"El ni\u00f1o y los perros de la granja."},"content":{"rendered":"<p>Ni\u00f1o del siglo XX jugando con los perros de la granja con la Iglesia de Nuestro Salvador al fondo.<br \/>\nAntes del a\u00f1o 1900, los ni\u00f1os eran percibidos como adultos peque\u00f1os. Se vest\u00edan como sus padres y no ten\u00edan mucho tiempo para jugar y descansar.<\/p>\n<p>La mayor\u00eda de los ni\u00f1os s\u00f3lo ten\u00edan que ir a la escuela durante 7 a\u00f1os y, una vez terminada, deb\u00edan incorporarse al mercado laboral. Los m\u00e1s pobres eran enviados a trabajar desde los 7 a\u00f1os, primero por la ma\u00f1ana antes de ir a la escuela y nuevamente por la tarde, cuando ten\u00edan tiempo libre. Esto signific\u00f3 que los j\u00f3venes estaban acostumbrados a tener la responsabilidad de un determinado trabajo ya desde una edad temprana. Hab\u00eda diferencias en el trabajo de ni\u00f1os y j\u00f3venes de una ciudad a otro. Mientras que los j\u00f3venes de la ciudad a menudo trabajaban en una f\u00e1brica, en el campo ayudaban a administrar la granja. Lo com\u00fan a ambos tipos de trabajo era que con la edad te asignaban tareas cada vez m\u00e1s dif\u00edciles, de modo que poco a poco ibas pasando a poder asumir el trabajo de un adulto. Los ni\u00f1os durante mucho tiempo no fueron ni\u00f1os, tal como lo entendemos hoy, sino que tuvieron que dedicar gran parte de su tiempo a ayudar desde muy peque\u00f1os tambi\u00e9n en tareas del hogar como el cuidado de los ni\u00f1os y la limpieza. Desde peque\u00f1os se les asign\u00f3 una responsabilidad que crec\u00eda con la edad y que los ni\u00f1os de hoy no tienen.<\/p>\n<div class=\"accordion\" rel=\"\">\n<div class=\"accordion-item\"><a href=\"#\" class=\"accordion-title plain\"><button class=\"toggle\"><i class=\"icon-angle-down\"><\/i><\/button><span>Leer m\u00e1s<\/span><\/a><div class=\"accordion-inner\">\n<p>Lo que realmente constitu\u00eda la transici\u00f3n entre ni\u00f1o y adulto era casarse y &quot;poner un pie debajo de la mesa&quot;, es decir, formar su propia familia y conseguir su propio lugar para vivir, ya sea en la ciudad o en el campo. Todo el per\u00edodo de la juventud hasta entonces fue un tiempo que &quot;no fue nada&quot; en s\u00ed mismo. Sirvi\u00f3 como preparaci\u00f3n para la edad adulta. Era una \u00e9poca en la que aprend\u00edas a trabajar, a tener una casa y a encontrar pareja. Tampoco hab\u00eda moda juvenil especial, ni m\u00fasica ni pel\u00edculas dirigidas a los j\u00f3venes. La juventud era vista como un per\u00edodo que deb\u00eda aprovecharse de manera \u00fatil y no desperdiciarse.<\/p>\n<p>En la primera mitad del siglo XX, se hizo cada vez m\u00e1s com\u00fan que los j\u00f3venes iniciaran una educaci\u00f3n. Despu\u00e9s de la escuela primaria, algunos fueron a la escuela secundaria, mientras que otros se convirtieron en aprendices. A diferencia del pasado, cuando la mayor\u00eda de los j\u00f3venes recib\u00edan formaci\u00f3n para asumir la ocupaci\u00f3n de su padre, ya fuera en la granja o en un oficio, ahora muchos j\u00f3venes optan por seguir una educaci\u00f3n y as\u00ed tener la oportunidad de realizar otros trabajos adem\u00e1s de los de sus padres. Por lo tanto, la adolescencia tambi\u00e9n se pas\u00f3 en mayor medida que antes en la escuela, lo que contribuy\u00f3 a separar a los j\u00f3venes de la generaci\u00f3n de sus padres. Las escuelas a menudo se divid\u00edan en escuelas puramente de ni\u00f1os y de ni\u00f1as, y se les asignaba mucha tarea. Las jornadas eran largas especialmente para los aprendices de artesanos. Ten\u00edan que trabajar durante el d\u00eda e ir a la escuela por la noche despu\u00e9s del trabajo.<br \/>\nNo fue hasta 1957 que se aprob\u00f3 una ley por la que los aprendices deber\u00edan poder recibir lecciones durante el d\u00eda en lugar de por la noche. S\u00f3lo entonces aqu\u00ed, especialmente los j\u00f3venes de la clase trabajadora, empezaron a tener m\u00e1s tiempo libre. Por lo tanto, fue posible que m\u00e1s j\u00f3venes aceptaran un trabajo a tiempo parcial y ganaran su propio dinero. Como los padres tambi\u00e9n ganaban m\u00e1s, muchos j\u00f3venes no tuvieron que entregar su salario en casa como antes. Por eso, especialmente a partir de la d\u00e9cada de 1950, se puede hablar de los j\u00f3venes como un grupo de consumidores independientes que de repente obtuvieron el dinero \u2013y el tiempo\u2013 para comprar los nuevos productos para adolescentes.<\/p>\n<\/div><\/div>\n<\/div>\n<h2>Lugar<\/h2>\n<table>\n<tbody>\n<tr>\n<th><u>Nombre de la calle:<\/u><\/th>\n<td><u>Princesassegada<\/u><\/td>\n<\/tr>\n<tr>\n<th><u>Distrito:<\/u><\/th>\n<td><u>Centro de la ciudad<\/u><\/td>\n<\/tr>\n<tr>\n<th><u>Pa\u00eds:<\/u><\/th>\n<td><u>Dinamarca<\/u><\/td>\n<\/tr>\n<tr>\n<th><u>Coordenadas:<\/u><\/th>\n<td><span style=\"text-decoration: underline;\">55.568500,9.757580<\/span><\/td>\n<\/tr>\n<\/tbody>\n<\/table>\n<p>&nbsp;<\/p>","protected":false},"excerpt":{"rendered":"<p style=\"text-align: left;\">Ni\u00f1o jugando con los perros de la granja.<\/p>","protected":false},"featured_media":1126,"comment_status":"open","ping_status":"closed","template":"","meta":{"_mi_skip_tracking":false},"product_cat":[73,79],"product_tag":[],"class_list":{"0":"post-381","1":"product","2":"type-product","3":"status-publish","4":"has-post-thumbnail","6":"product_cat-plakater","7":"product_cat-koebenhavn","8":"pa_storrelse-a4-21x30cm","9":"pa_storrelse-a3-30x42cm","10":"pa_storrelse-b2-50x70cm","11":"pa_storrelse-b1-70x100cm","13":"first","14":"instock","15":"taxable","16":"shipping-taxable","17":"purchasable","18":"product-type-variable"},"yoast_head":"<!-- This site is optimized with the Yoast SEO plugin v24.2 - https:\/\/yoast.com\/wordpress\/plugins\/seo\/ -->\n<title>Dreng og g\u00e5rdens hunde Plakater | Spar 10% p\u00e5 et samles\u00e6t - My Canvas<\/title>\n<meta name=\"description\" content=\"K\u00f8b Dreng og g\u00e5rdens hunde Plakater. DEN BEDSTE KVALITET Til den bedste pris - Historiske danske plakater - se vores store udvalg her.\" \/>\n<meta name=\"robots\" content=\"index, follow, max-snippet:-1, max-image-preview:large, max-video-preview:-1\" \/>\n<link rel=\"canonical\" href=\"https:\/\/mycanvas.dk\/es\/producto\/dreng-og-gaardens-hunde\/\" \/>\n<meta property=\"og:locale\" content=\"es_ES\" \/>\n<meta property=\"og:type\" content=\"article\" \/>\n<meta property=\"og:title\" content=\"Dreng og g\u00e5rdens hunde Plakater | Spar 10% p\u00e5 et samles\u00e6t - My Canvas\" \/>\n<meta property=\"og:description\" content=\"K\u00f8b Dreng og g\u00e5rdens hunde Plakater. DEN BEDSTE KVALITET Til den bedste pris - Historiske danske plakater - se vores store udvalg her.\" \/>\n<meta property=\"og:url\" content=\"https:\/\/mycanvas.dk\/es\/producto\/dreng-og-gaardens-hunde\/\" \/>\n<meta property=\"og:site_name\" content=\"My Canvas\" \/>\n<meta property=\"article:publisher\" content=\"https:\/\/www.facebook.com\/MyCanvasDanmark\" \/>\n<meta property=\"article:modified_time\" content=\"2019-10-29T14:12:44+00:00\" \/>\n<meta property=\"og:image\" content=\"https:\/\/mycanvas.dk\/wp-content\/uploads\/2018\/10\/Dreng-tr\u00e6.jpeg\" \/>\n\t<meta property=\"og:image:width\" content=\"2048\" \/>\n\t<meta property=\"og:image:height\" content=\"1448\" \/>\n\t<meta property=\"og:image:type\" content=\"image\/jpeg\" \/>\n<meta name=\"twitter:card\" content=\"summary_large_image\" \/>\n<meta name=\"twitter:label1\" content=\"Tiempo de lectura\" \/>\n\t<meta name=\"twitter:data1\" content=\"3 minutos\" \/>\n<script type=\"application\/ld+json\" class=\"yoast-schema-graph\">{\"@context\":\"https:\/\/schema.org\",\"@graph\":[{\"@type\":\"WebPage\",\"@id\":\"https:\/\/mycanvas.dk\/vare\/dreng-og-gaardens-hunde\/\",\"url\":\"https:\/\/mycanvas.dk\/vare\/dreng-og-gaardens-hunde\/\",\"name\":\"Dreng og g\u00e5rdens hunde Plakater | Spar 10% p\u00e5 et samles\u00e6t - My Canvas\",\"isPartOf\":{\"@id\":\"https:\/\/mycanvas.dk\/#website\"},\"primaryImageOfPage\":{\"@id\":\"https:\/\/mycanvas.dk\/vare\/dreng-og-gaardens-hunde\/#primaryimage\"},\"image\":{\"@id\":\"https:\/\/mycanvas.dk\/vare\/dreng-og-gaardens-hunde\/#primaryimage\"},\"thumbnailUrl\":\"https:\/\/mycanvas.dk\/wp-content\/uploads\/2018\/10\/Dreng-tr\u00e6.jpeg\",\"datePublished\":\"2018-10-02T15:21:50+00:00\",\"dateModified\":\"2019-10-29T14:12:44+00:00\",\"description\":\"K\u00f8b Dreng og g\u00e5rdens hunde Plakater. DEN BEDSTE KVALITET Til den bedste pris - Historiske danske plakater - se vores store udvalg her.\",\"breadcrumb\":{\"@id\":\"https:\/\/mycanvas.dk\/vare\/dreng-og-gaardens-hunde\/#breadcrumb\"},\"inLanguage\":\"es\",\"potentialAction\":[{\"@type\":\"ReadAction\",\"target\":[\"https:\/\/mycanvas.dk\/vare\/dreng-og-gaardens-hunde\/\"]}]},{\"@type\":\"ImageObject\",\"inLanguage\":\"es\",\"@id\":\"https:\/\/mycanvas.dk\/vare\/dreng-og-gaardens-hunde\/#primaryimage\",\"url\":\"https:\/\/mycanvas.dk\/wp-content\/uploads\/2018\/10\/Dreng-tr\u00e6.jpeg\",\"contentUrl\":\"https:\/\/mycanvas.dk\/wp-content\/uploads\/2018\/10\/Dreng-tr\u00e6.jpeg\",\"width\":2048,\"height\":1448},{\"@type\":\"BreadcrumbList\",\"@id\":\"https:\/\/mycanvas.dk\/vare\/dreng-og-gaardens-hunde\/#breadcrumb\",\"itemListElement\":[{\"@type\":\"ListItem\",\"position\":1,\"name\":\"Hjem\",\"item\":\"https:\/\/mycanvas.dk\/\"},{\"@type\":\"ListItem\",\"position\":2,\"name\":\"Shop\",\"item\":\"https:\/\/mycanvas.dk\/shop\/\"},{\"@type\":\"ListItem\",\"position\":3,\"name\":\"Dreng og g\u00e5rdens hunde\"}]},{\"@type\":\"WebSite\",\"@id\":\"https:\/\/mycanvas.dk\/#website\",\"url\":\"https:\/\/mycanvas.dk\/\",\"name\":\"My Canvas\",\"description\":\"Vi g\u00f8r danmarks historie til kunst\",\"publisher\":{\"@id\":\"https:\/\/mycanvas.dk\/#organization\"},\"potentialAction\":[{\"@type\":\"SearchAction\",\"target\":{\"@type\":\"EntryPoint\",\"urlTemplate\":\"https:\/\/mycanvas.dk\/?s={search_term_string}\"},\"query-input\":{\"@type\":\"PropertyValueSpecification\",\"valueRequired\":true,\"valueName\":\"search_term_string\"}}],\"inLanguage\":\"es\"},{\"@type\":\"Organization\",\"@id\":\"https:\/\/mycanvas.dk\/#organization\",\"name\":\"My Canvas\",\"url\":\"https:\/\/mycanvas.dk\/\",\"logo\":{\"@type\":\"ImageObject\",\"inLanguage\":\"es\",\"@id\":\"https:\/\/mycanvas.dk\/#\/schema\/logo\/image\/\",\"url\":\"https:\/\/mycanvas.dk\/wp-content\/uploads\/2018\/09\/MyCanvas-Logo-Nyeste.png\",\"contentUrl\":\"https:\/\/mycanvas.dk\/wp-content\/uploads\/2018\/09\/MyCanvas-Logo-Nyeste.png\",\"width\":1916,\"height\":736,\"caption\":\"My Canvas\"},\"image\":{\"@id\":\"https:\/\/mycanvas.dk\/#\/schema\/logo\/image\/\"},\"sameAs\":[\"https:\/\/www.facebook.com\/MyCanvasDanmark\",\"https:\/\/www.instagram.com\/mycanvasdk\/\"]}]}<\/script>\n<!-- \/ Yoast SEO plugin. -->","yoast_head_json":{"title":"Dreng og g\u00e5rdens hunde Plakater | Spar 10% p\u00e5 et samles\u00e6t - My Canvas","description":"K\u00f8b Dreng og g\u00e5rdens hunde Plakater. DEN BEDSTE KVALITET Til den bedste pris - Historiske danske plakater - se vores store udvalg her.","robots":{"index":"index","follow":"follow","max-snippet":"max-snippet:-1","max-image-preview":"max-image-preview:large","max-video-preview":"max-video-preview:-1"},"canonical":"https:\/\/mycanvas.dk\/es\/producto\/dreng-og-gaardens-hunde\/","og_locale":"es_ES","og_type":"article","og_title":"Dreng og g\u00e5rdens hunde Plakater | Spar 10% p\u00e5 et samles\u00e6t - My Canvas","og_description":"K\u00f8b Dreng og g\u00e5rdens hunde Plakater. DEN BEDSTE KVALITET Til den bedste pris - Historiske danske plakater - se vores store udvalg her.","og_url":"https:\/\/mycanvas.dk\/es\/producto\/dreng-og-gaardens-hunde\/","og_site_name":"My Canvas","article_publisher":"https:\/\/www.facebook.com\/MyCanvasDanmark","article_modified_time":"2019-10-29T14:12:44+00:00","og_image":[{"width":2048,"height":1448,"url":"https:\/\/mycanvas.dk\/wp-content\/uploads\/2018\/10\/Dreng-tr\u00e6.jpeg","type":"image\/jpeg"}],"twitter_card":"summary_large_image","twitter_misc":{"Tiempo de lectura":"3 minutos"},"schema":{"@context":"https:\/\/schema.org","@graph":[{"@type":"WebPage","@id":"https:\/\/mycanvas.dk\/vare\/dreng-og-gaardens-hunde\/","url":"https:\/\/mycanvas.dk\/vare\/dreng-og-gaardens-hunde\/","name":"Dreng og g\u00e5rdens hunde Plakater | Spar 10% p\u00e5 et samles\u00e6t - My Canvas","isPartOf":{"@id":"https:\/\/mycanvas.dk\/#website"},"primaryImageOfPage":{"@id":"https:\/\/mycanvas.dk\/vare\/dreng-og-gaardens-hunde\/#primaryimage"},"image":{"@id":"https:\/\/mycanvas.dk\/vare\/dreng-og-gaardens-hunde\/#primaryimage"},"thumbnailUrl":"https:\/\/mycanvas.dk\/wp-content\/uploads\/2018\/10\/Dreng-tr\u00e6.jpeg","datePublished":"2018-10-02T15:21:50+00:00","dateModified":"2019-10-29T14:12:44+00:00","description":"K\u00f8b Dreng og g\u00e5rdens hunde Plakater. DEN BEDSTE KVALITET Til den bedste pris - Historiske danske plakater - se vores store udvalg her.","breadcrumb":{"@id":"https:\/\/mycanvas.dk\/vare\/dreng-og-gaardens-hunde\/#breadcrumb"},"inLanguage":"es","potentialAction":[{"@type":"ReadAction","target":["https:\/\/mycanvas.dk\/vare\/dreng-og-gaardens-hunde\/"]}]},{"@type":"ImageObject","inLanguage":"es","@id":"https:\/\/mycanvas.dk\/vare\/dreng-og-gaardens-hunde\/#primaryimage","url":"https:\/\/mycanvas.dk\/wp-content\/uploads\/2018\/10\/Dreng-tr\u00e6.jpeg","contentUrl":"https:\/\/mycanvas.dk\/wp-content\/uploads\/2018\/10\/Dreng-tr\u00e6.jpeg","width":2048,"height":1448},{"@type":"BreadcrumbList","@id":"https:\/\/mycanvas.dk\/vare\/dreng-og-gaardens-hunde\/#breadcrumb","itemListElement":[{"@type":"ListItem","position":1,"name":"Hjem","item":"https:\/\/mycanvas.dk\/"},{"@type":"ListItem","position":2,"name":"Shop","item":"https:\/\/mycanvas.dk\/shop\/"},{"@type":"ListItem","position":3,"name":"Dreng og g\u00e5rdens hunde"}]},{"@type":"WebSite","@id":"https:\/\/mycanvas.dk\/#website","url":"https:\/\/mycanvas.dk\/","name":"My Canvas","description":"Vi g\u00f8r danmarks historie til kunst","publisher":{"@id":"https:\/\/mycanvas.dk\/#organization"},"potentialAction":[{"@type":"SearchAction","target":{"@type":"EntryPoint","urlTemplate":"https:\/\/mycanvas.dk\/?s={search_term_string}"},"query-input":{"@type":"PropertyValueSpecification","valueRequired":true,"valueName":"search_term_string"}}],"inLanguage":"es"},{"@type":"Organization","@id":"https:\/\/mycanvas.dk\/#organization","name":"My Canvas","url":"https:\/\/mycanvas.dk\/","logo":{"@type":"ImageObject","inLanguage":"es","@id":"https:\/\/mycanvas.dk\/#\/schema\/logo\/image\/","url":"https:\/\/mycanvas.dk\/wp-content\/uploads\/2018\/09\/MyCanvas-Logo-Nyeste.png","contentUrl":"https:\/\/mycanvas.dk\/wp-content\/uploads\/2018\/09\/MyCanvas-Logo-Nyeste.png","width":1916,"height":736,"caption":"My Canvas"},"image":{"@id":"https:\/\/mycanvas.dk\/#\/schema\/logo\/image\/"},"sameAs":["https:\/\/www.facebook.com\/MyCanvasDanmark","https:\/\/www.instagram.com\/mycanvasdk\/"]}]}},"_links":{"self":[{"href":"https:\/\/mycanvas.dk\/es\/wp-json\/wp\/v2\/product\/381","targetHints":{"allow":["GET"]}}],"collection":[{"href":"https:\/\/mycanvas.dk\/es\/wp-json\/wp\/v2\/product"}],"about":[{"href":"https:\/\/mycanvas.dk\/es\/wp-json\/wp\/v2\/types\/product"}],"replies":[{"embeddable":true,"href":"https:\/\/mycanvas.dk\/es\/wp-json\/wp\/v2\/comments?post=381"}],"wp:featuredmedia":[{"embeddable":true,"href":"https:\/\/mycanvas.dk\/es\/wp-json\/wp\/v2\/media\/1126"}],"wp:attachment":[{"href":"https:\/\/mycanvas.dk\/es\/wp-json\/wp\/v2\/media?parent=381"}],"wp:term":[{"taxonomy":"product_cat","embeddable":true,"href":"https:\/\/mycanvas.dk\/es\/wp-json\/wp\/v2\/product_cat?post=381"},{"taxonomy":"product_tag","embeddable":true,"href":"https:\/\/mycanvas.dk\/es\/wp-json\/wp\/v2\/product_tag?post=381"}],"curies":[{"name":"wp","href":"https:\/\/api.w.org\/{rel}","templated":true}]}}