
{"id":402,"date":"2018-09-27T20:07:51","date_gmt":"2018-09-27T18:07:51","guid":{"rendered":"http:\/\/designbyjuel.dk\/?post_type=product&#038;p=402"},"modified":"2019-10-29T15:14:05","modified_gmt":"2019-10-29T14:14:05","slug":"tivoli","status":"publish","type":"product","link":"https:\/\/mycanvas.dk\/es\/producto\/tivoli\/","title":{"rendered":"Entrada principal de T\u00edvoli"},"content":{"rendered":"<p>La entrada del T\u00edvoli en Vesterbrogade del a\u00f1o 1904. En la imagen tambi\u00e9n se puede ver el globo de Montebello.<\/p>\n<p>Tivoli se construy\u00f3 en el promontorio llano de las murallas, en Vestervold, cerca de Kalvebod Strand, desde donde los suecos intentaron asaltar Copenhague la noche del 11 de febrero de 1659, vestidos con capas blancas para no ser vistos en la nieve, a trav\u00e9s de una abertura. para el suministro de agua donde hoy se encuentran Vandkunsten y Stormgade. Desde all\u00ed, el foso helado les dio acceso a la ciudad sitiada, que, sin embargo, los recibi\u00f3 con lluvias de piedras, vigas, agua hirviendo y alquitr\u00e1n ardiendo. Al amanecer, los daneses hab\u00edan perdido s\u00f3lo 12 hombres en total, los atacantes suecos perdieron 600 hombres. Sus capas blancas hicieron decir a los habitantes de Copenhague que era bueno que los propios suecos hubieran tra\u00eddo las camisas de los cad\u00e1veres de casa. Pero aunque los suecos tuvieron que retirarse, continuaron el asedio de la ciudad durante otros seis meses hasta que una flota danesa-holandesa acudi\u00f3 al rescate. El lago T\u00edvoli es un vestigio visible del antiguo foso. Se dice que en los terrenos de T\u00edvoli todav\u00eda se encuentran esqueletos de suecos ca\u00eddos de aquella \u00e9poca.<br \/>\nCuatro suecos alcanzaron el parapeto de la violencia, el primero fue apu\u00f1alado por el partisano de Claus Ahlefeldt (un arma punzante que fue muy utilizada entre los a\u00f1os 1400 y 1700). El arma se conserva en el Museo Nacional, mientras que Ahlefeldt fue nombrado comandante en jefe en Noruega en 1660.<\/p>\n<div class=\"accordion\" rel=\"\">\n<div class=\"accordion-item\"><a href=\"#\" class=\"accordion-title plain\"><button class=\"toggle\"><i class=\"icon-angle-down\"><\/i><\/button><span>Leer m\u00e1s<\/span><\/a><div class=\"accordion-inner\">\n<p>El terreno en el que se encuentra Tivoli fue comprado por el municipio en 1992.<\/p>\n<p>Cuando Tivoli abri\u00f3 por primera vez, se llamaba <i>T\u00edvoli y Vauxhall,<\/i>\u00a0el nombre de los parques tem\u00e1ticos <i>Jard\u00edn de T\u00edvoli<\/i> en Par\u00eds (que nuevamente tom\u00f3 su nombre de Tivoli cerca de Roma) y <i>Jardines de Vauxhall<\/i> en Londres. Ya ese mismo a\u00f1o se cambi\u00f3 el nombre a Kj\u00f8benhavns Sommer-Tivoli, que fue el nombre oficial del jard\u00edn hasta 2004, cuando el nombre se redujo a simplemente Tivoli (al igual que la empresa detr\u00e1s del jard\u00edn cambi\u00f3 su nombre de Aktieselskabet Kj\u00f8benhavns Sommer-Tivoli a T\u00edvoli A\/S).<\/p>\n<p>Cuando T\u00edvoli abri\u00f3 sus puertas en 1843, s\u00f3lo hab\u00eda dos atracciones activas, un tobog\u00e1n y un carrusel. Adem\u00e1s, en 1843, T\u00edvoli ofrec\u00eda m\u00fasica, teatro, comida y bebida, puestos y un jard\u00edn por el que pasear.<\/p>\n<p>T\u00edvoli construy\u00f3 sus primeros coches con radio en 1926. El tobog\u00e1n de T\u00edvoli es uno de los toboganes de madera en funcionamiento m\u00e1s antiguos del mundo. Fue construido en 1914. Tivoli tambi\u00e9n tiene uno de los carruseles m\u00e1s altos del mundo, Himmelskibet, que tiene 80 metros de altura y fue inaugurado en 2006.<\/p>\n<p>El 15 de agosto de 1943, T\u00edvoli celebr\u00f3 su centenario y estableci\u00f3 as\u00ed el r\u00e9cord de visitantes en un solo d\u00eda: 112.802 personas visitaron el jard\u00edn.<\/p>\n<p>T\u00edvoli fue bombardeada el 25 de junio de 1944, seg\u00fan la prensa controlada por los alemanes, por un grupo de resistencia dan\u00e9s. Sin embargo, no fue as\u00ed, ya que fue un grupo alem\u00e1n Schalburg (grupo terrorista formado por nazis daneses) llamado grupo Peter el que bombarde\u00f3 T\u00edvoli en venganza por un bombardeo a una empresa danesa que fabricaba armas para los alemanes. Sin embargo, la mayor\u00eda de los habitantes de Copenhague sab\u00edan muy bien que detr\u00e1s estaba un grupo de Schalburg.<\/p>\n<p>Despu\u00e9s de los bombardeos, T\u00edvoli sufri\u00f3 graves da\u00f1os. La sala de conciertos original se quem\u00f3 como resultado del bombardeo y su sucesora no se complet\u00f3 hasta 1956.<\/p>\n<\/div><\/div>\n<\/div>","protected":false},"excerpt":{"rendered":"<p>La entrada principal de Tivoli en Vesterbrogade<\/p>","protected":false},"featured_media":1120,"comment_status":"open","ping_status":"closed","template":"","meta":{"_mi_skip_tracking":false},"product_cat":[73,79],"product_tag":[],"class_list":{"0":"post-402","1":"product","2":"type-product","3":"status-publish","4":"has-post-thumbnail","6":"product_cat-plakater","7":"product_cat-koebenhavn","8":"pa_storrelse-a4-21x30cm","9":"pa_storrelse-a3-30x42cm","10":"pa_storrelse-b2-50x70cm","11":"pa_storrelse-b1-70x100cm","13":"first","14":"instock","15":"taxable","16":"shipping-taxable","17":"purchasable","18":"product-type-variable"},"yoast_head":"<!-- This site is optimized with the Yoast SEO plugin v24.2 - https:\/\/yoast.com\/wordpress\/plugins\/seo\/ -->\n<title>Tivoli Hovedindgang Plakater | Spar 10% p\u00e5 et samles\u00e6t - My Canvas<\/title>\n<meta name=\"description\" content=\"K\u00f8b Tivoli Hovedindgang Plakater. DEN BEDSTE KVALITET Til den bedste pris - Historiske danske plakater - se vores store udvalg her.\" \/>\n<meta name=\"robots\" content=\"index, follow, max-snippet:-1, max-image-preview:large, max-video-preview:-1\" \/>\n<link rel=\"canonical\" href=\"https:\/\/mycanvas.dk\/es\/producto\/tivoli\/\" \/>\n<meta property=\"og:locale\" content=\"es_ES\" \/>\n<meta property=\"og:type\" content=\"article\" \/>\n<meta property=\"og:title\" content=\"Tivoli Hovedindgang Plakater | Spar 10% p\u00e5 et samles\u00e6t - My Canvas\" \/>\n<meta property=\"og:description\" content=\"K\u00f8b Tivoli Hovedindgang Plakater. DEN BEDSTE KVALITET Til den bedste pris - Historiske danske plakater - se vores store udvalg her.\" \/>\n<meta property=\"og:url\" content=\"https:\/\/mycanvas.dk\/es\/producto\/tivoli\/\" \/>\n<meta property=\"og:site_name\" content=\"My Canvas\" \/>\n<meta property=\"article:publisher\" content=\"https:\/\/www.facebook.com\/MyCanvasDanmark\" \/>\n<meta property=\"article:modified_time\" content=\"2019-10-29T14:14:05+00:00\" \/>\n<meta property=\"og:image\" content=\"https:\/\/mycanvas.dk\/wp-content\/uploads\/2018\/09\/Tivoli-tr\u00e6-1.jpeg\" \/>\n\t<meta property=\"og:image:width\" content=\"2480\" \/>\n\t<meta property=\"og:image:height\" content=\"3508\" \/>\n\t<meta property=\"og:image:type\" content=\"image\/jpeg\" \/>\n<meta name=\"twitter:card\" content=\"summary_large_image\" \/>\n<meta name=\"twitter:label1\" content=\"Tiempo de lectura\" \/>\n\t<meta name=\"twitter:data1\" content=\"3 minutos\" \/>\n<script type=\"application\/ld+json\" class=\"yoast-schema-graph\">{\"@context\":\"https:\/\/schema.org\",\"@graph\":[{\"@type\":\"WebPage\",\"@id\":\"https:\/\/mycanvas.dk\/vare\/tivoli\/\",\"url\":\"https:\/\/mycanvas.dk\/vare\/tivoli\/\",\"name\":\"Tivoli Hovedindgang Plakater | Spar 10% p\u00e5 et samles\u00e6t - My Canvas\",\"isPartOf\":{\"@id\":\"https:\/\/mycanvas.dk\/#website\"},\"primaryImageOfPage\":{\"@id\":\"https:\/\/mycanvas.dk\/vare\/tivoli\/#primaryimage\"},\"image\":{\"@id\":\"https:\/\/mycanvas.dk\/vare\/tivoli\/#primaryimage\"},\"thumbnailUrl\":\"https:\/\/mycanvas.dk\/wp-content\/uploads\/2018\/09\/Tivoli-tr\u00e6-1.jpeg\",\"datePublished\":\"2018-09-27T18:07:51+00:00\",\"dateModified\":\"2019-10-29T14:14:05+00:00\",\"description\":\"K\u00f8b Tivoli Hovedindgang Plakater. DEN BEDSTE KVALITET Til den bedste pris - Historiske danske plakater - se vores store udvalg her.\",\"breadcrumb\":{\"@id\":\"https:\/\/mycanvas.dk\/vare\/tivoli\/#breadcrumb\"},\"inLanguage\":\"es\",\"potentialAction\":[{\"@type\":\"ReadAction\",\"target\":[\"https:\/\/mycanvas.dk\/vare\/tivoli\/\"]}]},{\"@type\":\"ImageObject\",\"inLanguage\":\"es\",\"@id\":\"https:\/\/mycanvas.dk\/vare\/tivoli\/#primaryimage\",\"url\":\"https:\/\/mycanvas.dk\/wp-content\/uploads\/2018\/09\/Tivoli-tr\u00e6-1.jpeg\",\"contentUrl\":\"https:\/\/mycanvas.dk\/wp-content\/uploads\/2018\/09\/Tivoli-tr\u00e6-1.jpeg\",\"width\":2480,\"height\":3508},{\"@type\":\"BreadcrumbList\",\"@id\":\"https:\/\/mycanvas.dk\/vare\/tivoli\/#breadcrumb\",\"itemListElement\":[{\"@type\":\"ListItem\",\"position\":1,\"name\":\"Hjem\",\"item\":\"https:\/\/mycanvas.dk\/\"},{\"@type\":\"ListItem\",\"position\":2,\"name\":\"Shop\",\"item\":\"https:\/\/mycanvas.dk\/shop\/\"},{\"@type\":\"ListItem\",\"position\":3,\"name\":\"Tivoli Hovedindgang\"}]},{\"@type\":\"WebSite\",\"@id\":\"https:\/\/mycanvas.dk\/#website\",\"url\":\"https:\/\/mycanvas.dk\/\",\"name\":\"My Canvas\",\"description\":\"Vi g\u00f8r danmarks historie til kunst\",\"publisher\":{\"@id\":\"https:\/\/mycanvas.dk\/#organization\"},\"potentialAction\":[{\"@type\":\"SearchAction\",\"target\":{\"@type\":\"EntryPoint\",\"urlTemplate\":\"https:\/\/mycanvas.dk\/?s={search_term_string}\"},\"query-input\":{\"@type\":\"PropertyValueSpecification\",\"valueRequired\":true,\"valueName\":\"search_term_string\"}}],\"inLanguage\":\"es\"},{\"@type\":\"Organization\",\"@id\":\"https:\/\/mycanvas.dk\/#organization\",\"name\":\"My Canvas\",\"url\":\"https:\/\/mycanvas.dk\/\",\"logo\":{\"@type\":\"ImageObject\",\"inLanguage\":\"es\",\"@id\":\"https:\/\/mycanvas.dk\/#\/schema\/logo\/image\/\",\"url\":\"https:\/\/mycanvas.dk\/wp-content\/uploads\/2018\/09\/MyCanvas-Logo-Nyeste.png\",\"contentUrl\":\"https:\/\/mycanvas.dk\/wp-content\/uploads\/2018\/09\/MyCanvas-Logo-Nyeste.png\",\"width\":1916,\"height\":736,\"caption\":\"My Canvas\"},\"image\":{\"@id\":\"https:\/\/mycanvas.dk\/#\/schema\/logo\/image\/\"},\"sameAs\":[\"https:\/\/www.facebook.com\/MyCanvasDanmark\",\"https:\/\/www.instagram.com\/mycanvasdk\/\"]}]}<\/script>\n<!-- \/ Yoast SEO plugin. -->","yoast_head_json":{"title":"Tivoli Hovedindgang Plakater | Spar 10% p\u00e5 et samles\u00e6t - My Canvas","description":"K\u00f8b Tivoli Hovedindgang Plakater. DEN BEDSTE KVALITET Til den bedste pris - Historiske danske plakater - se vores store udvalg her.","robots":{"index":"index","follow":"follow","max-snippet":"max-snippet:-1","max-image-preview":"max-image-preview:large","max-video-preview":"max-video-preview:-1"},"canonical":"https:\/\/mycanvas.dk\/es\/producto\/tivoli\/","og_locale":"es_ES","og_type":"article","og_title":"Tivoli Hovedindgang Plakater | Spar 10% p\u00e5 et samles\u00e6t - My Canvas","og_description":"K\u00f8b Tivoli Hovedindgang Plakater. DEN BEDSTE KVALITET Til den bedste pris - Historiske danske plakater - se vores store udvalg her.","og_url":"https:\/\/mycanvas.dk\/es\/producto\/tivoli\/","og_site_name":"My Canvas","article_publisher":"https:\/\/www.facebook.com\/MyCanvasDanmark","article_modified_time":"2019-10-29T14:14:05+00:00","og_image":[{"width":2480,"height":3508,"url":"https:\/\/mycanvas.dk\/wp-content\/uploads\/2018\/09\/Tivoli-tr\u00e6-1.jpeg","type":"image\/jpeg"}],"twitter_card":"summary_large_image","twitter_misc":{"Tiempo de lectura":"3 minutos"},"schema":{"@context":"https:\/\/schema.org","@graph":[{"@type":"WebPage","@id":"https:\/\/mycanvas.dk\/vare\/tivoli\/","url":"https:\/\/mycanvas.dk\/vare\/tivoli\/","name":"Tivoli Hovedindgang Plakater | Spar 10% p\u00e5 et samles\u00e6t - My Canvas","isPartOf":{"@id":"https:\/\/mycanvas.dk\/#website"},"primaryImageOfPage":{"@id":"https:\/\/mycanvas.dk\/vare\/tivoli\/#primaryimage"},"image":{"@id":"https:\/\/mycanvas.dk\/vare\/tivoli\/#primaryimage"},"thumbnailUrl":"https:\/\/mycanvas.dk\/wp-content\/uploads\/2018\/09\/Tivoli-tr\u00e6-1.jpeg","datePublished":"2018-09-27T18:07:51+00:00","dateModified":"2019-10-29T14:14:05+00:00","description":"K\u00f8b Tivoli Hovedindgang Plakater. DEN BEDSTE KVALITET Til den bedste pris - Historiske danske plakater - se vores store udvalg her.","breadcrumb":{"@id":"https:\/\/mycanvas.dk\/vare\/tivoli\/#breadcrumb"},"inLanguage":"es","potentialAction":[{"@type":"ReadAction","target":["https:\/\/mycanvas.dk\/vare\/tivoli\/"]}]},{"@type":"ImageObject","inLanguage":"es","@id":"https:\/\/mycanvas.dk\/vare\/tivoli\/#primaryimage","url":"https:\/\/mycanvas.dk\/wp-content\/uploads\/2018\/09\/Tivoli-tr\u00e6-1.jpeg","contentUrl":"https:\/\/mycanvas.dk\/wp-content\/uploads\/2018\/09\/Tivoli-tr\u00e6-1.jpeg","width":2480,"height":3508},{"@type":"BreadcrumbList","@id":"https:\/\/mycanvas.dk\/vare\/tivoli\/#breadcrumb","itemListElement":[{"@type":"ListItem","position":1,"name":"Hjem","item":"https:\/\/mycanvas.dk\/"},{"@type":"ListItem","position":2,"name":"Shop","item":"https:\/\/mycanvas.dk\/shop\/"},{"@type":"ListItem","position":3,"name":"Tivoli Hovedindgang"}]},{"@type":"WebSite","@id":"https:\/\/mycanvas.dk\/#website","url":"https:\/\/mycanvas.dk\/","name":"My Canvas","description":"Vi g\u00f8r danmarks historie til kunst","publisher":{"@id":"https:\/\/mycanvas.dk\/#organization"},"potentialAction":[{"@type":"SearchAction","target":{"@type":"EntryPoint","urlTemplate":"https:\/\/mycanvas.dk\/?s={search_term_string}"},"query-input":{"@type":"PropertyValueSpecification","valueRequired":true,"valueName":"search_term_string"}}],"inLanguage":"es"},{"@type":"Organization","@id":"https:\/\/mycanvas.dk\/#organization","name":"My Canvas","url":"https:\/\/mycanvas.dk\/","logo":{"@type":"ImageObject","inLanguage":"es","@id":"https:\/\/mycanvas.dk\/#\/schema\/logo\/image\/","url":"https:\/\/mycanvas.dk\/wp-content\/uploads\/2018\/09\/MyCanvas-Logo-Nyeste.png","contentUrl":"https:\/\/mycanvas.dk\/wp-content\/uploads\/2018\/09\/MyCanvas-Logo-Nyeste.png","width":1916,"height":736,"caption":"My Canvas"},"image":{"@id":"https:\/\/mycanvas.dk\/#\/schema\/logo\/image\/"},"sameAs":["https:\/\/www.facebook.com\/MyCanvasDanmark","https:\/\/www.instagram.com\/mycanvasdk\/"]}]}},"_links":{"self":[{"href":"https:\/\/mycanvas.dk\/es\/wp-json\/wp\/v2\/product\/402","targetHints":{"allow":["GET"]}}],"collection":[{"href":"https:\/\/mycanvas.dk\/es\/wp-json\/wp\/v2\/product"}],"about":[{"href":"https:\/\/mycanvas.dk\/es\/wp-json\/wp\/v2\/types\/product"}],"replies":[{"embeddable":true,"href":"https:\/\/mycanvas.dk\/es\/wp-json\/wp\/v2\/comments?post=402"}],"wp:featuredmedia":[{"embeddable":true,"href":"https:\/\/mycanvas.dk\/es\/wp-json\/wp\/v2\/media\/1120"}],"wp:attachment":[{"href":"https:\/\/mycanvas.dk\/es\/wp-json\/wp\/v2\/media?parent=402"}],"wp:term":[{"taxonomy":"product_cat","embeddable":true,"href":"https:\/\/mycanvas.dk\/es\/wp-json\/wp\/v2\/product_cat?post=402"},{"taxonomy":"product_tag","embeddable":true,"href":"https:\/\/mycanvas.dk\/es\/wp-json\/wp\/v2\/product_tag?post=402"}],"curies":[{"name":"wp","href":"https:\/\/api.w.org\/{rel}","templated":true}]}}