
{"id":409,"date":"2018-10-03T19:08:24","date_gmt":"2018-10-03T17:08:24","guid":{"rendered":"http:\/\/designbyjuel.dk\/?post_type=product&#038;p=409"},"modified":"2019-10-29T15:08:47","modified_gmt":"2019-10-29T14:08:47","slug":"christiansborg-slotsplads","status":"publish","type":"product","link":"https:\/\/mycanvas.dk\/es\/producto\/christiansborg-slotsplads\/","title":{"rendered":"Iglesia del Palacio de Christiansborg"},"content":{"rendered":"<p>Aqu\u00ed puedes ver la iglesia del castillo de Christiansborg entre el castillo de Christiansborg y el canal Slotsholm de 1911.<\/p>\n<p>La iglesia del castillo de Christiansborg es la iglesia de Slotsholmen en Copenhague. La iglesia pertenece a las partes del Castillo de Christiansborg que est\u00e1n disponibles para el Palacio Real. Se utiliza para ceremonias eclesi\u00e1sticas de miembros de la familia real, principalmente bautismos, confirmaciones y castrum doloris. El Folketing tambi\u00e9n lo utiliza para los servicios religiosos en la inauguraci\u00f3n del Folketing.<\/p>\n<h3 class=\"accordion_title\"> <\/h3><div class=\"accordion\" rel=\"\">\n<div class=\"accordion-item\"><a href=\"#\" class=\"accordion-title plain\"><button class=\"toggle\"><i class=\"icon-angle-down\"><\/i><\/button><span>Leer m\u00e1s<\/span><\/a><div class=\"accordion-inner\">\n<p>La iglesia del castillo original se construy\u00f3 entre 1738 y 1742 durante la construcci\u00f3n del primer castillo de Christiansborg. Se perdi\u00f3 en el incendio de Christiansborg en 1794. Gran parte de los muros exteriores y tabiques sobrevivieron al incendio y se han reutilizado en la iglesia actual.<\/p>\n<p>En su dise\u00f1o actual, la iglesia del castillo fue construida entre 1813 y 1826 en estilo clasicista por el arquitecto CF Hansen. Es lo \u00faltimo que queda del segundo castillo de Christiansborg, el resto se perdi\u00f3 en el incendio de 1884. La iglesia se quem\u00f3 en 1992 tras ser alcanzada por un cohete de emergencia durante el carnaval. Despu\u00e9s de la reconstrucci\u00f3n y restauraci\u00f3n, la iglesia se inaugur\u00f3 en 1997.<\/p>\n<p>Todos los castillos y castillos que se encontraban en la actual plaza de Christiansborg ten\u00edan una sala para celebrar ceremonias eclesi\u00e1sticas para los residentes del castillo, por lo que la prehistoria de la iglesia del castillo se remonta a m\u00e1s de 800 a\u00f1os.<\/p>\n<p>Probablemente ya existi\u00f3 una capilla en el castillo del obispo Absal\u00f3n. Durante las excavaciones del castillo en 1907, los arque\u00f3logos encontraron fragmentos de construcci\u00f3n de gneis, granito y arenisca, posiblemente provenientes de la capilla del castillo, y que hoy se exhiben en las excavaciones bajo Christiansborg. En el cercano castillo de Copenhague tambi\u00e9n hab\u00eda un lugar de culto, donde se celebraban regularmente servicios religiosos. Sin embargo, las principales ceremonias eclesi\u00e1sticas, como coronaciones y bodas reales, normalmente no se celebraban aqu\u00ed, sino en la Iglesia de Nuestra Se\u00f1ora.<\/p>\n<p>El rey Cristi\u00e1n II se preocup\u00f3 especialmente por el interior de la iglesia del castillo y llev\u00f3 a cabo una importante reconstrucci\u00f3n de la iglesia. Como resultado, adquiri\u00f3 un magn\u00edfico retablo g\u00f3tico tard\u00edo de cinco alas, realizado en Amberes hacia 1520.<\/p>\n<p>En relaci\u00f3n con la reconstrucci\u00f3n del castillo de Copenhague por parte del rey Federico IV entre 1720 y 1729, la iglesia del castillo fue completamente reconstruida. Para la nueva iglesia se adquirieron un nuevo \u00f3rgano, una nueva pila bautismal y un enorme retablo barroco de m\u00e1rmol. El antiguo retablo de Cristi\u00e1n II fue donado a la iglesia de Sortebr\u00f8dre en Viborg en 1728, donde a\u00fan se encuentra. El pintor Hendrik Krock ejecut\u00f3 el retablo que representa la Ascensi\u00f3n de Cristo y la pintura del techo que representa el D\u00eda del Juicio.<\/p>\n<p>La nueva iglesia se termin\u00f3 en 1728. Ya en 1731 fue demolida junto con el resto del Castillo de Copenhague para dar paso al primer Castillo de Christiansborg. El interior se distribuy\u00f3 en varias iglesias de Copenhague, entre otras. el gran retablo de m\u00e1rmol, que fue trasladado a la Iglesia del Esp\u00edritu Santo, donde a\u00fan se encuentra.<\/p>\n<\/div><\/div>\n<\/div>\n<h2>Lugar<\/h2>\n<div class=\"map-data\"><\/div>\n<table>\n<tbody>\n<tr>\n<th>Nombre de la calle:<\/th>\n<td>Plaza del Palacio de Christiansborg<\/td>\n<\/tr>\n<tr>\n<th>Distrito:<\/th>\n<td>Centro de la ciudad<\/td>\n<\/tr>\n<tr>\n<th>Pa\u00eds:<\/th>\n<td>Dinamarca<\/td>\n<\/tr>\n<tr>\n<th>Coordenadas:<\/th>\n<td>55.67665, 12.58251<\/td>\n<\/tr>\n<tr>\n<th>Direcci\u00f3n de la br\u00fajula:<\/th>\n<td>Oeste Noroeste (296\u00b0)<\/td>\n<\/tr>\n<\/tbody>\n<\/table>","protected":false},"excerpt":{"rendered":"<p>Iglesia del Palacio de Christiansborg de 1911<\/p>","protected":false},"featured_media":1135,"comment_status":"open","ping_status":"closed","template":"","meta":{"_mi_skip_tracking":false},"product_cat":[73,79],"product_tag":[],"class_list":{"0":"post-409","1":"product","2":"type-product","3":"status-publish","4":"has-post-thumbnail","6":"product_cat-plakater","7":"product_cat-koebenhavn","8":"pa_storrelse-a4-21x30cm","9":"pa_storrelse-a3-30x42cm","10":"pa_storrelse-b2-50x70cm","11":"pa_storrelse-b1-70x100cm","13":"first","14":"instock","15":"taxable","16":"shipping-taxable","17":"purchasable","18":"product-type-variable"},"yoast_head":"<!-- This site is optimized with the Yoast SEO plugin v24.2 - https:\/\/yoast.com\/wordpress\/plugins\/seo\/ -->\n<title>Christiansborg Slotskirke Plakater | Spar 10% p\u00e5 et samles\u00e6t - My Canvas<\/title>\n<meta name=\"description\" content=\"K\u00f8b Christiansborg Slotskirke Plakater. DEN BEDSTE KVALITET Til den bedste pris - Historiske danske plakater - se vores store udvalg her.\" \/>\n<meta name=\"robots\" content=\"index, follow, max-snippet:-1, max-image-preview:large, max-video-preview:-1\" \/>\n<link rel=\"canonical\" href=\"https:\/\/mycanvas.dk\/es\/producto\/christiansborg-slotsplads\/\" \/>\n<meta property=\"og:locale\" content=\"es_ES\" \/>\n<meta property=\"og:type\" content=\"article\" \/>\n<meta property=\"og:title\" content=\"Christiansborg Slotskirke Plakater | Spar 10% p\u00e5 et samles\u00e6t - My Canvas\" \/>\n<meta property=\"og:description\" content=\"K\u00f8b Christiansborg Slotskirke Plakater. DEN BEDSTE KVALITET Til den bedste pris - Historiske danske plakater - se vores store udvalg her.\" \/>\n<meta property=\"og:url\" content=\"https:\/\/mycanvas.dk\/es\/producto\/christiansborg-slotsplads\/\" \/>\n<meta property=\"og:site_name\" content=\"My Canvas\" \/>\n<meta property=\"article:publisher\" content=\"https:\/\/www.facebook.com\/MyCanvasDanmark\" \/>\n<meta property=\"article:modified_time\" content=\"2019-10-29T14:08:47+00:00\" \/>\n<meta property=\"og:image\" content=\"https:\/\/mycanvas.dk\/wp-content\/uploads\/2018\/10\/Slotspladsen-tr\u00e6.jpeg\" \/>\n\t<meta property=\"og:image:width\" content=\"2048\" \/>\n\t<meta property=\"og:image:height\" content=\"1448\" \/>\n\t<meta property=\"og:image:type\" content=\"image\/jpeg\" \/>\n<meta name=\"twitter:card\" content=\"summary_large_image\" \/>\n<meta name=\"twitter:label1\" content=\"Tiempo de lectura\" \/>\n\t<meta name=\"twitter:data1\" content=\"2 minutos\" \/>\n<script type=\"application\/ld+json\" class=\"yoast-schema-graph\">{\"@context\":\"https:\/\/schema.org\",\"@graph\":[{\"@type\":\"WebPage\",\"@id\":\"https:\/\/mycanvas.dk\/vare\/christiansborg-slotsplads\/\",\"url\":\"https:\/\/mycanvas.dk\/vare\/christiansborg-slotsplads\/\",\"name\":\"Christiansborg Slotskirke Plakater | Spar 10% p\u00e5 et samles\u00e6t - My Canvas\",\"isPartOf\":{\"@id\":\"https:\/\/mycanvas.dk\/#website\"},\"primaryImageOfPage\":{\"@id\":\"https:\/\/mycanvas.dk\/vare\/christiansborg-slotsplads\/#primaryimage\"},\"image\":{\"@id\":\"https:\/\/mycanvas.dk\/vare\/christiansborg-slotsplads\/#primaryimage\"},\"thumbnailUrl\":\"https:\/\/mycanvas.dk\/wp-content\/uploads\/2018\/10\/Slotspladsen-tr\u00e6.jpeg\",\"datePublished\":\"2018-10-03T17:08:24+00:00\",\"dateModified\":\"2019-10-29T14:08:47+00:00\",\"description\":\"K\u00f8b Christiansborg Slotskirke Plakater. DEN BEDSTE KVALITET Til den bedste pris - Historiske danske plakater - se vores store udvalg her.\",\"breadcrumb\":{\"@id\":\"https:\/\/mycanvas.dk\/vare\/christiansborg-slotsplads\/#breadcrumb\"},\"inLanguage\":\"es\",\"potentialAction\":[{\"@type\":\"ReadAction\",\"target\":[\"https:\/\/mycanvas.dk\/vare\/christiansborg-slotsplads\/\"]}]},{\"@type\":\"ImageObject\",\"inLanguage\":\"es\",\"@id\":\"https:\/\/mycanvas.dk\/vare\/christiansborg-slotsplads\/#primaryimage\",\"url\":\"https:\/\/mycanvas.dk\/wp-content\/uploads\/2018\/10\/Slotspladsen-tr\u00e6.jpeg\",\"contentUrl\":\"https:\/\/mycanvas.dk\/wp-content\/uploads\/2018\/10\/Slotspladsen-tr\u00e6.jpeg\",\"width\":2048,\"height\":1448},{\"@type\":\"BreadcrumbList\",\"@id\":\"https:\/\/mycanvas.dk\/vare\/christiansborg-slotsplads\/#breadcrumb\",\"itemListElement\":[{\"@type\":\"ListItem\",\"position\":1,\"name\":\"Hjem\",\"item\":\"https:\/\/mycanvas.dk\/\"},{\"@type\":\"ListItem\",\"position\":2,\"name\":\"Shop\",\"item\":\"https:\/\/mycanvas.dk\/shop\/\"},{\"@type\":\"ListItem\",\"position\":3,\"name\":\"Christiansborg Slotskirke\"}]},{\"@type\":\"WebSite\",\"@id\":\"https:\/\/mycanvas.dk\/#website\",\"url\":\"https:\/\/mycanvas.dk\/\",\"name\":\"My Canvas\",\"description\":\"Vi g\u00f8r danmarks historie til kunst\",\"publisher\":{\"@id\":\"https:\/\/mycanvas.dk\/#organization\"},\"potentialAction\":[{\"@type\":\"SearchAction\",\"target\":{\"@type\":\"EntryPoint\",\"urlTemplate\":\"https:\/\/mycanvas.dk\/?s={search_term_string}\"},\"query-input\":{\"@type\":\"PropertyValueSpecification\",\"valueRequired\":true,\"valueName\":\"search_term_string\"}}],\"inLanguage\":\"es\"},{\"@type\":\"Organization\",\"@id\":\"https:\/\/mycanvas.dk\/#organization\",\"name\":\"My Canvas\",\"url\":\"https:\/\/mycanvas.dk\/\",\"logo\":{\"@type\":\"ImageObject\",\"inLanguage\":\"es\",\"@id\":\"https:\/\/mycanvas.dk\/#\/schema\/logo\/image\/\",\"url\":\"https:\/\/mycanvas.dk\/wp-content\/uploads\/2018\/09\/MyCanvas-Logo-Nyeste.png\",\"contentUrl\":\"https:\/\/mycanvas.dk\/wp-content\/uploads\/2018\/09\/MyCanvas-Logo-Nyeste.png\",\"width\":1916,\"height\":736,\"caption\":\"My Canvas\"},\"image\":{\"@id\":\"https:\/\/mycanvas.dk\/#\/schema\/logo\/image\/\"},\"sameAs\":[\"https:\/\/www.facebook.com\/MyCanvasDanmark\",\"https:\/\/www.instagram.com\/mycanvasdk\/\"]}]}<\/script>\n<!-- \/ Yoast SEO plugin. -->","yoast_head_json":{"title":"Christiansborg Slotskirke Plakater | Spar 10% p\u00e5 et samles\u00e6t - My Canvas","description":"K\u00f8b Christiansborg Slotskirke Plakater. DEN BEDSTE KVALITET Til den bedste pris - Historiske danske plakater - se vores store udvalg her.","robots":{"index":"index","follow":"follow","max-snippet":"max-snippet:-1","max-image-preview":"max-image-preview:large","max-video-preview":"max-video-preview:-1"},"canonical":"https:\/\/mycanvas.dk\/es\/producto\/christiansborg-slotsplads\/","og_locale":"es_ES","og_type":"article","og_title":"Christiansborg Slotskirke Plakater | Spar 10% p\u00e5 et samles\u00e6t - My Canvas","og_description":"K\u00f8b Christiansborg Slotskirke Plakater. DEN BEDSTE KVALITET Til den bedste pris - Historiske danske plakater - se vores store udvalg her.","og_url":"https:\/\/mycanvas.dk\/es\/producto\/christiansborg-slotsplads\/","og_site_name":"My Canvas","article_publisher":"https:\/\/www.facebook.com\/MyCanvasDanmark","article_modified_time":"2019-10-29T14:08:47+00:00","og_image":[{"width":2048,"height":1448,"url":"https:\/\/mycanvas.dk\/wp-content\/uploads\/2018\/10\/Slotspladsen-tr\u00e6.jpeg","type":"image\/jpeg"}],"twitter_card":"summary_large_image","twitter_misc":{"Tiempo de lectura":"2 minutos"},"schema":{"@context":"https:\/\/schema.org","@graph":[{"@type":"WebPage","@id":"https:\/\/mycanvas.dk\/vare\/christiansborg-slotsplads\/","url":"https:\/\/mycanvas.dk\/vare\/christiansborg-slotsplads\/","name":"Christiansborg Slotskirke Plakater | Spar 10% p\u00e5 et samles\u00e6t - My Canvas","isPartOf":{"@id":"https:\/\/mycanvas.dk\/#website"},"primaryImageOfPage":{"@id":"https:\/\/mycanvas.dk\/vare\/christiansborg-slotsplads\/#primaryimage"},"image":{"@id":"https:\/\/mycanvas.dk\/vare\/christiansborg-slotsplads\/#primaryimage"},"thumbnailUrl":"https:\/\/mycanvas.dk\/wp-content\/uploads\/2018\/10\/Slotspladsen-tr\u00e6.jpeg","datePublished":"2018-10-03T17:08:24+00:00","dateModified":"2019-10-29T14:08:47+00:00","description":"K\u00f8b Christiansborg Slotskirke Plakater. DEN BEDSTE KVALITET Til den bedste pris - Historiske danske plakater - se vores store udvalg her.","breadcrumb":{"@id":"https:\/\/mycanvas.dk\/vare\/christiansborg-slotsplads\/#breadcrumb"},"inLanguage":"es","potentialAction":[{"@type":"ReadAction","target":["https:\/\/mycanvas.dk\/vare\/christiansborg-slotsplads\/"]}]},{"@type":"ImageObject","inLanguage":"es","@id":"https:\/\/mycanvas.dk\/vare\/christiansborg-slotsplads\/#primaryimage","url":"https:\/\/mycanvas.dk\/wp-content\/uploads\/2018\/10\/Slotspladsen-tr\u00e6.jpeg","contentUrl":"https:\/\/mycanvas.dk\/wp-content\/uploads\/2018\/10\/Slotspladsen-tr\u00e6.jpeg","width":2048,"height":1448},{"@type":"BreadcrumbList","@id":"https:\/\/mycanvas.dk\/vare\/christiansborg-slotsplads\/#breadcrumb","itemListElement":[{"@type":"ListItem","position":1,"name":"Hjem","item":"https:\/\/mycanvas.dk\/"},{"@type":"ListItem","position":2,"name":"Shop","item":"https:\/\/mycanvas.dk\/shop\/"},{"@type":"ListItem","position":3,"name":"Christiansborg Slotskirke"}]},{"@type":"WebSite","@id":"https:\/\/mycanvas.dk\/#website","url":"https:\/\/mycanvas.dk\/","name":"My Canvas","description":"Vi g\u00f8r danmarks historie til kunst","publisher":{"@id":"https:\/\/mycanvas.dk\/#organization"},"potentialAction":[{"@type":"SearchAction","target":{"@type":"EntryPoint","urlTemplate":"https:\/\/mycanvas.dk\/?s={search_term_string}"},"query-input":{"@type":"PropertyValueSpecification","valueRequired":true,"valueName":"search_term_string"}}],"inLanguage":"es"},{"@type":"Organization","@id":"https:\/\/mycanvas.dk\/#organization","name":"My Canvas","url":"https:\/\/mycanvas.dk\/","logo":{"@type":"ImageObject","inLanguage":"es","@id":"https:\/\/mycanvas.dk\/#\/schema\/logo\/image\/","url":"https:\/\/mycanvas.dk\/wp-content\/uploads\/2018\/09\/MyCanvas-Logo-Nyeste.png","contentUrl":"https:\/\/mycanvas.dk\/wp-content\/uploads\/2018\/09\/MyCanvas-Logo-Nyeste.png","width":1916,"height":736,"caption":"My Canvas"},"image":{"@id":"https:\/\/mycanvas.dk\/#\/schema\/logo\/image\/"},"sameAs":["https:\/\/www.facebook.com\/MyCanvasDanmark","https:\/\/www.instagram.com\/mycanvasdk\/"]}]}},"_links":{"self":[{"href":"https:\/\/mycanvas.dk\/es\/wp-json\/wp\/v2\/product\/409","targetHints":{"allow":["GET"]}}],"collection":[{"href":"https:\/\/mycanvas.dk\/es\/wp-json\/wp\/v2\/product"}],"about":[{"href":"https:\/\/mycanvas.dk\/es\/wp-json\/wp\/v2\/types\/product"}],"replies":[{"embeddable":true,"href":"https:\/\/mycanvas.dk\/es\/wp-json\/wp\/v2\/comments?post=409"}],"wp:featuredmedia":[{"embeddable":true,"href":"https:\/\/mycanvas.dk\/es\/wp-json\/wp\/v2\/media\/1135"}],"wp:attachment":[{"href":"https:\/\/mycanvas.dk\/es\/wp-json\/wp\/v2\/media?parent=409"}],"wp:term":[{"taxonomy":"product_cat","embeddable":true,"href":"https:\/\/mycanvas.dk\/es\/wp-json\/wp\/v2\/product_cat?post=409"},{"taxonomy":"product_tag","embeddable":true,"href":"https:\/\/mycanvas.dk\/es\/wp-json\/wp\/v2\/product_tag?post=409"}],"curies":[{"name":"wp","href":"https:\/\/api.w.org\/{rel}","templated":true}]}}