
{"id":437,"date":"2018-10-02T18:02:06","date_gmt":"2018-10-02T16:02:06","guid":{"rendered":"http:\/\/designbyjuel.dk\/?post_type=product&#038;p=437"},"modified":"2019-10-29T15:11:08","modified_gmt":"2019-10-29T14:11:08","slug":"cichorie-transport","status":"publish","type":"product","link":"https:\/\/mycanvas.dk\/es\/producto\/cichorie-transport\/","title":{"rendered":"Transporte de achicoria"},"content":{"rendered":"<p>Una serie de vagones de transporte m\u00e1s antiguos del a\u00f1o 1923. Estos vagones se utilizaban para transportar Cichorie, un sustituto del caf\u00e9 que se utilizaba durante la ocupaci\u00f3n en la Segunda Guerra Mundial.<br \/>\nDurante la industrializaci\u00f3n, el n\u00famero de trabajadores en las ciudades creci\u00f3 enormemente. Sus condiciones de trabajo eran a menudo bastante malas y sus viviendas sol\u00edan ser fr\u00edas e insalubres. S\u00f3lo despu\u00e9s de 1900 las condiciones mejoraron realmente.<\/p>\n<p>Desde mediados del siglo XIX hasta el estallido de la Primera Guerra Mundial, las ciudades crecieron con mucha fuerza. Esto se debi\u00f3 principalmente a que los j\u00f3venes del campo se trasladaron a las ciudades para trabajar en las nuevas f\u00e1bricas. Fue entre los grupos m\u00e1s pobres de las familias de clase trabajadora donde el crecimiento demogr\u00e1fico fue mayor. Ayud\u00f3 a aumentar el equilibrio social en las ciudades.<\/p>\n<div class=\"accordion\" rel=\"\">\n<div class=\"accordion-item\"><a href=\"#\" class=\"accordion-title plain\"><button class=\"toggle\"><i class=\"icon-angle-down\"><\/i><\/button><span>Leer m\u00e1s<\/span><\/a><div class=\"accordion-inner\">\n<p>Hab\u00eda una gran diferencia en las condiciones en que deb\u00edan vivir los trabajadores de las ciudades. Estaba en gran medida relacionado con el tipo de industria en la que trabajaban ahora. Tambi\u00e9n depend\u00eda de d\u00f3nde viv\u00edan.<\/p>\n<p>S\u00f3lo alrededor o poco despu\u00e9s del a\u00f1o 1900 los trabajadores comenzaron realmente a organizarse en sindicatos. Antes de ese tiempo estaban dispersos. Los trabajadores corr\u00edan el riesgo de perder sus empleos si se rebelaban contra las condiciones en las que deb\u00edan trabajar. En Schleswig-Holstein llegaron y trabajaron muchos inmigrantes en estas d\u00e9cadas, especialmente del resto de Alemania, y ayudaron a aumentar la oferta laboral. Por lo tanto, a los empleadores les resultaba muy f\u00e1cil encontrar sustitutos para un empleado problem\u00e1tico.<\/p>\n<p>Durante muchas d\u00e9cadas esto signific\u00f3 que las condiciones laborales dentro de la industria fueran bastante malas. La legislaci\u00f3n protectora era nula o insignificante. Este tambi\u00e9n fue el caso en Schleswig-Holstein, aunque Bismarck implement\u00f3 durante la d\u00e9cada de 1880 una legislaci\u00f3n social que era muy moderna para la \u00e9poca. Por lo tanto, el trabajo era a menudo peligroso, las jornadas laborales eran largas y el salario apenas alcanzaba para sustentar a una familia con un par de hijos.<\/p>\n<\/div><\/div>\n<\/div>\n<h2>Lugar<\/h2>\n<div class=\"map-data\"><\/div>\n<table>\n<tbody>\n<tr>\n<th>Nombre de la calle:<\/th>\n<td>Gerdasgade<\/td>\n<\/tr>\n<tr>\n<th>N\u00famero de casa:<\/th>\n<td>3, 5<\/td>\n<\/tr>\n<tr>\n<th>Distrito:<\/th>\n<td>Valby<\/td>\n<\/tr>\n<tr>\n<th>Pa\u00eds:<\/th>\n<td>Dinamarca<\/td>\n<\/tr>\n<tr>\n<th>Coordenadas:<\/th>\n<td>55.65714, 12.51724<\/td>\n<\/tr>\n<tr>\n<th>Direcci\u00f3n de la br\u00fajula:<\/th>\n<td>Sur (187\u00b0)<\/td>\n<\/tr>\n<\/tbody>\n<\/table>","protected":false},"excerpt":{"rendered":"<p>Vagones de transporte para mercanc\u00edas de Cichorie de Rich&#039;s Fabrikker, Gerdasgade en Valby<\/p>","protected":false},"featured_media":1144,"comment_status":"open","ping_status":"closed","template":"","meta":{"_mi_skip_tracking":false},"product_cat":[73,79],"product_tag":[],"class_list":{"0":"post-437","1":"product","2":"type-product","3":"status-publish","4":"has-post-thumbnail","6":"product_cat-plakater","7":"product_cat-koebenhavn","8":"pa_storrelse-a4-21x30cm","9":"pa_storrelse-a3-30x42cm","10":"pa_storrelse-b2-50x70cm","11":"pa_storrelse-b1-70x100cm","13":"first","14":"instock","15":"taxable","16":"shipping-taxable","17":"purchasable","18":"product-type-variable"},"yoast_head":"<!-- This site is optimized with the Yoast SEO plugin v24.2 - https:\/\/yoast.com\/wordpress\/plugins\/seo\/ -->\n<title>Cichorie Transport Plakater | Spar 10% p\u00e5 et samles\u00e6t - My Canvas<\/title>\n<meta name=\"description\" content=\"K\u00f8b Cichorie Transport Plakater. DEN BEDSTE KVALITET Til den bedste pris - Historiske danske plakater - se vores store udvalg her.\" \/>\n<meta name=\"robots\" content=\"index, follow, max-snippet:-1, max-image-preview:large, max-video-preview:-1\" \/>\n<link rel=\"canonical\" href=\"https:\/\/mycanvas.dk\/es\/producto\/cichorie-transport\/\" \/>\n<meta property=\"og:locale\" content=\"es_ES\" \/>\n<meta property=\"og:type\" content=\"article\" \/>\n<meta property=\"og:title\" content=\"Cichorie Transport Plakater | Spar 10% p\u00e5 et samles\u00e6t - My Canvas\" \/>\n<meta property=\"og:description\" content=\"K\u00f8b Cichorie Transport Plakater. DEN BEDSTE KVALITET Til den bedste pris - Historiske danske plakater - se vores store udvalg her.\" \/>\n<meta property=\"og:url\" content=\"https:\/\/mycanvas.dk\/es\/producto\/cichorie-transport\/\" \/>\n<meta property=\"og:site_name\" content=\"My Canvas\" \/>\n<meta property=\"article:publisher\" content=\"https:\/\/www.facebook.com\/MyCanvasDanmark\" \/>\n<meta property=\"article:modified_time\" content=\"2019-10-29T14:11:08+00:00\" \/>\n<meta property=\"og:image\" content=\"https:\/\/mycanvas.dk\/wp-content\/uploads\/2018\/10\/Transport-tr\u00e6.jpeg\" \/>\n\t<meta property=\"og:image:width\" content=\"3508\" \/>\n\t<meta property=\"og:image:height\" content=\"2480\" \/>\n\t<meta property=\"og:image:type\" content=\"image\/jpeg\" \/>\n<meta name=\"twitter:card\" content=\"summary_large_image\" \/>\n<meta name=\"twitter:label1\" content=\"Tiempo de lectura\" \/>\n\t<meta name=\"twitter:data1\" content=\"2 minutos\" \/>\n<script type=\"application\/ld+json\" class=\"yoast-schema-graph\">{\"@context\":\"https:\/\/schema.org\",\"@graph\":[{\"@type\":\"WebPage\",\"@id\":\"https:\/\/mycanvas.dk\/vare\/cichorie-transport\/\",\"url\":\"https:\/\/mycanvas.dk\/vare\/cichorie-transport\/\",\"name\":\"Cichorie Transport Plakater | Spar 10% p\u00e5 et samles\u00e6t - My Canvas\",\"isPartOf\":{\"@id\":\"https:\/\/mycanvas.dk\/#website\"},\"primaryImageOfPage\":{\"@id\":\"https:\/\/mycanvas.dk\/vare\/cichorie-transport\/#primaryimage\"},\"image\":{\"@id\":\"https:\/\/mycanvas.dk\/vare\/cichorie-transport\/#primaryimage\"},\"thumbnailUrl\":\"https:\/\/mycanvas.dk\/wp-content\/uploads\/2018\/10\/Transport-tr\u00e6.jpeg\",\"datePublished\":\"2018-10-02T16:02:06+00:00\",\"dateModified\":\"2019-10-29T14:11:08+00:00\",\"description\":\"K\u00f8b Cichorie Transport Plakater. DEN BEDSTE KVALITET Til den bedste pris - Historiske danske plakater - se vores store udvalg her.\",\"breadcrumb\":{\"@id\":\"https:\/\/mycanvas.dk\/vare\/cichorie-transport\/#breadcrumb\"},\"inLanguage\":\"es\",\"potentialAction\":[{\"@type\":\"ReadAction\",\"target\":[\"https:\/\/mycanvas.dk\/vare\/cichorie-transport\/\"]}]},{\"@type\":\"ImageObject\",\"inLanguage\":\"es\",\"@id\":\"https:\/\/mycanvas.dk\/vare\/cichorie-transport\/#primaryimage\",\"url\":\"https:\/\/mycanvas.dk\/wp-content\/uploads\/2018\/10\/Transport-tr\u00e6.jpeg\",\"contentUrl\":\"https:\/\/mycanvas.dk\/wp-content\/uploads\/2018\/10\/Transport-tr\u00e6.jpeg\",\"width\":3508,\"height\":2480},{\"@type\":\"BreadcrumbList\",\"@id\":\"https:\/\/mycanvas.dk\/vare\/cichorie-transport\/#breadcrumb\",\"itemListElement\":[{\"@type\":\"ListItem\",\"position\":1,\"name\":\"Hjem\",\"item\":\"https:\/\/mycanvas.dk\/\"},{\"@type\":\"ListItem\",\"position\":2,\"name\":\"Shop\",\"item\":\"https:\/\/mycanvas.dk\/shop\/\"},{\"@type\":\"ListItem\",\"position\":3,\"name\":\"Cichorie Transport\"}]},{\"@type\":\"WebSite\",\"@id\":\"https:\/\/mycanvas.dk\/#website\",\"url\":\"https:\/\/mycanvas.dk\/\",\"name\":\"My Canvas\",\"description\":\"Vi g\u00f8r danmarks historie til kunst\",\"publisher\":{\"@id\":\"https:\/\/mycanvas.dk\/#organization\"},\"potentialAction\":[{\"@type\":\"SearchAction\",\"target\":{\"@type\":\"EntryPoint\",\"urlTemplate\":\"https:\/\/mycanvas.dk\/?s={search_term_string}\"},\"query-input\":{\"@type\":\"PropertyValueSpecification\",\"valueRequired\":true,\"valueName\":\"search_term_string\"}}],\"inLanguage\":\"es\"},{\"@type\":\"Organization\",\"@id\":\"https:\/\/mycanvas.dk\/#organization\",\"name\":\"My Canvas\",\"url\":\"https:\/\/mycanvas.dk\/\",\"logo\":{\"@type\":\"ImageObject\",\"inLanguage\":\"es\",\"@id\":\"https:\/\/mycanvas.dk\/#\/schema\/logo\/image\/\",\"url\":\"https:\/\/mycanvas.dk\/wp-content\/uploads\/2018\/09\/MyCanvas-Logo-Nyeste.png\",\"contentUrl\":\"https:\/\/mycanvas.dk\/wp-content\/uploads\/2018\/09\/MyCanvas-Logo-Nyeste.png\",\"width\":1916,\"height\":736,\"caption\":\"My Canvas\"},\"image\":{\"@id\":\"https:\/\/mycanvas.dk\/#\/schema\/logo\/image\/\"},\"sameAs\":[\"https:\/\/www.facebook.com\/MyCanvasDanmark\",\"https:\/\/www.instagram.com\/mycanvasdk\/\"]}]}<\/script>\n<!-- \/ Yoast SEO plugin. -->","yoast_head_json":{"title":"Cichorie Transport Plakater | Spar 10% p\u00e5 et samles\u00e6t - My Canvas","description":"K\u00f8b Cichorie Transport Plakater. DEN BEDSTE KVALITET Til den bedste pris - Historiske danske plakater - se vores store udvalg her.","robots":{"index":"index","follow":"follow","max-snippet":"max-snippet:-1","max-image-preview":"max-image-preview:large","max-video-preview":"max-video-preview:-1"},"canonical":"https:\/\/mycanvas.dk\/es\/producto\/cichorie-transport\/","og_locale":"es_ES","og_type":"article","og_title":"Cichorie Transport Plakater | Spar 10% p\u00e5 et samles\u00e6t - My Canvas","og_description":"K\u00f8b Cichorie Transport Plakater. DEN BEDSTE KVALITET Til den bedste pris - Historiske danske plakater - se vores store udvalg her.","og_url":"https:\/\/mycanvas.dk\/es\/producto\/cichorie-transport\/","og_site_name":"My Canvas","article_publisher":"https:\/\/www.facebook.com\/MyCanvasDanmark","article_modified_time":"2019-10-29T14:11:08+00:00","og_image":[{"width":3508,"height":2480,"url":"https:\/\/mycanvas.dk\/wp-content\/uploads\/2018\/10\/Transport-tr\u00e6.jpeg","type":"image\/jpeg"}],"twitter_card":"summary_large_image","twitter_misc":{"Tiempo de lectura":"2 minutos"},"schema":{"@context":"https:\/\/schema.org","@graph":[{"@type":"WebPage","@id":"https:\/\/mycanvas.dk\/vare\/cichorie-transport\/","url":"https:\/\/mycanvas.dk\/vare\/cichorie-transport\/","name":"Cichorie Transport Plakater | Spar 10% p\u00e5 et samles\u00e6t - My Canvas","isPartOf":{"@id":"https:\/\/mycanvas.dk\/#website"},"primaryImageOfPage":{"@id":"https:\/\/mycanvas.dk\/vare\/cichorie-transport\/#primaryimage"},"image":{"@id":"https:\/\/mycanvas.dk\/vare\/cichorie-transport\/#primaryimage"},"thumbnailUrl":"https:\/\/mycanvas.dk\/wp-content\/uploads\/2018\/10\/Transport-tr\u00e6.jpeg","datePublished":"2018-10-02T16:02:06+00:00","dateModified":"2019-10-29T14:11:08+00:00","description":"K\u00f8b Cichorie Transport Plakater. DEN BEDSTE KVALITET Til den bedste pris - Historiske danske plakater - se vores store udvalg her.","breadcrumb":{"@id":"https:\/\/mycanvas.dk\/vare\/cichorie-transport\/#breadcrumb"},"inLanguage":"es","potentialAction":[{"@type":"ReadAction","target":["https:\/\/mycanvas.dk\/vare\/cichorie-transport\/"]}]},{"@type":"ImageObject","inLanguage":"es","@id":"https:\/\/mycanvas.dk\/vare\/cichorie-transport\/#primaryimage","url":"https:\/\/mycanvas.dk\/wp-content\/uploads\/2018\/10\/Transport-tr\u00e6.jpeg","contentUrl":"https:\/\/mycanvas.dk\/wp-content\/uploads\/2018\/10\/Transport-tr\u00e6.jpeg","width":3508,"height":2480},{"@type":"BreadcrumbList","@id":"https:\/\/mycanvas.dk\/vare\/cichorie-transport\/#breadcrumb","itemListElement":[{"@type":"ListItem","position":1,"name":"Hjem","item":"https:\/\/mycanvas.dk\/"},{"@type":"ListItem","position":2,"name":"Shop","item":"https:\/\/mycanvas.dk\/shop\/"},{"@type":"ListItem","position":3,"name":"Cichorie Transport"}]},{"@type":"WebSite","@id":"https:\/\/mycanvas.dk\/#website","url":"https:\/\/mycanvas.dk\/","name":"My Canvas","description":"Vi g\u00f8r danmarks historie til kunst","publisher":{"@id":"https:\/\/mycanvas.dk\/#organization"},"potentialAction":[{"@type":"SearchAction","target":{"@type":"EntryPoint","urlTemplate":"https:\/\/mycanvas.dk\/?s={search_term_string}"},"query-input":{"@type":"PropertyValueSpecification","valueRequired":true,"valueName":"search_term_string"}}],"inLanguage":"es"},{"@type":"Organization","@id":"https:\/\/mycanvas.dk\/#organization","name":"My Canvas","url":"https:\/\/mycanvas.dk\/","logo":{"@type":"ImageObject","inLanguage":"es","@id":"https:\/\/mycanvas.dk\/#\/schema\/logo\/image\/","url":"https:\/\/mycanvas.dk\/wp-content\/uploads\/2018\/09\/MyCanvas-Logo-Nyeste.png","contentUrl":"https:\/\/mycanvas.dk\/wp-content\/uploads\/2018\/09\/MyCanvas-Logo-Nyeste.png","width":1916,"height":736,"caption":"My Canvas"},"image":{"@id":"https:\/\/mycanvas.dk\/#\/schema\/logo\/image\/"},"sameAs":["https:\/\/www.facebook.com\/MyCanvasDanmark","https:\/\/www.instagram.com\/mycanvasdk\/"]}]}},"_links":{"self":[{"href":"https:\/\/mycanvas.dk\/es\/wp-json\/wp\/v2\/product\/437","targetHints":{"allow":["GET"]}}],"collection":[{"href":"https:\/\/mycanvas.dk\/es\/wp-json\/wp\/v2\/product"}],"about":[{"href":"https:\/\/mycanvas.dk\/es\/wp-json\/wp\/v2\/types\/product"}],"replies":[{"embeddable":true,"href":"https:\/\/mycanvas.dk\/es\/wp-json\/wp\/v2\/comments?post=437"}],"wp:featuredmedia":[{"embeddable":true,"href":"https:\/\/mycanvas.dk\/es\/wp-json\/wp\/v2\/media\/1144"}],"wp:attachment":[{"href":"https:\/\/mycanvas.dk\/es\/wp-json\/wp\/v2\/media?parent=437"}],"wp:term":[{"taxonomy":"product_cat","embeddable":true,"href":"https:\/\/mycanvas.dk\/es\/wp-json\/wp\/v2\/product_cat?post=437"},{"taxonomy":"product_tag","embeddable":true,"href":"https:\/\/mycanvas.dk\/es\/wp-json\/wp\/v2\/product_tag?post=437"}],"curies":[{"name":"wp","href":"https:\/\/api.w.org\/{rel}","templated":true}]}}