
{"id":439,"date":"2018-10-02T18:04:22","date_gmt":"2018-10-02T16:04:22","guid":{"rendered":"http:\/\/designbyjuel.dk\/?post_type=product&#038;p=439"},"modified":"2019-10-29T15:10:44","modified_gmt":"2019-10-29T14:10:44","slug":"amalienborg-slotsplads","status":"publish","type":"product","link":"https:\/\/mycanvas.dk\/es\/producto\/amalienborg-slotsplads\/","title":{"rendered":"La estatua ecuestre de Frederik d.5"},"content":{"rendered":"<p>Plaza del Castillo de Amalienborg y la estatua ecuestre de Federico V.<\/p>\n<p>La Estatua Ecuestre de Federico V. en la Plaza del Palacio de Amalienborg es obra de Jacques-Fran\u00e7ois-Joseph Saly y fue inaugurada en 1771. Se necesitaron 14 a\u00f1os para completar la Estatua Ecuestre y termin\u00f3 costando m\u00e1s que las cuatro Amalienborg. mansiones que lo rodean.<\/p>\n<p>Saly es considerado el mejor escultor de caballos de su tiempo y lleg\u00f3 a Copenhague en 1753 con su esposa. Trabaj\u00f3 en un estudio en Charlottenborg, donde los caballos pod\u00edan correr libremente, mientras los observaba sentados en un taburete alto en el piso de abajo, con la cabeza asomando por un agujero en el piso. S\u00f3lo despu\u00e9s de cinco a\u00f1os pudo presentar un boceto con el que estaba suficientemente satisfecho.<\/p>\n<div class=\"accordion\" rel=\"\">\n<div class=\"accordion-item\"><a href=\"#\" class=\"accordion-title plain\"><button class=\"toggle\"><i class=\"icon-angle-down\"><\/i><\/button><span>Leer m\u00e1s<\/span><\/a><div class=\"accordion-inner\">\n<p>El pr\u00edncipe heredero Christian, de diez a\u00f1os, not\u00f3 que su padre hab\u00eda crecido demasiado en relaci\u00f3n con el caballo, pero Saly lo descart\u00f3 diciendo que la estatua deb\u00eda colocarse en un pedestal alto para que pareciera justa. bien. Luego se dedic\u00f3 a modelar la estatua en yeso. Tambi\u00e9n pas\u00f3 algunos a\u00f1os, mientras tanto fue nombrado profesor de la Academia Danesa de las Artes.<br \/>\nEn 1764 lleg\u00f3 el mejor fundidor de bronce de la \u00e9poca, Pierre Gor, tambi\u00e9n conocido franc\u00e9s. Gor trajo cinco ayudantes, que empezaron por derribar el techo del Giethuset (la antigua fundici\u00f3n de ca\u00f1ones en el lugar donde ahora se encuentra el Teatro Real) porque hab\u00eda que construir un horno a\u00fan m\u00e1s grande. Gor y sus ayudantes hicieron una fortuna encargando materiales de construcci\u00f3n a expensas del estado y luego revendiendo una gran parte. Saly, que tambi\u00e9n era un hombre caro para el tesoro dan\u00e9s, finalmente se cans\u00f3 y una ma\u00f1ana Gor fue tras \u00e9l en Kongens Nytorv y lo golpe\u00f3 con un tamp\u00f3n. El sirviente de Saly acudi\u00f3 al rescate, pero fue golpeado por el propio Gor. A pesar de todo el drama, el 2 de marzo de 1768 300 invitados pudieron ver c\u00f3mo se vert\u00edan 40.000 libras de bronce fundido en el molde. Sin embargo, el propio rey hab\u00eda muerto varios a\u00f1os antes.<\/p>\n<p>Fue necesario derribar una pared de la fundici\u00f3n para sacar la estatua a la luz del d\u00eda. Pesaba 22 toneladas y 200 marineros tardaron dos d\u00edas en transportarlo en un trineo desde Kongens Nytorv hasta la plaza del castillo de Amalienborg. All\u00ed se mont\u00f3 y luego se cubri\u00f3 para ser cincelado, lo que llev\u00f3 dos a\u00f1os. Esa factura la pag\u00f3 Asiatisk Kompagni.<br \/>\nLa red que lo rodeaba tambi\u00e9n se volvi\u00f3 costosa.<\/p>\n<p>El pedestal de la estatua se renov\u00f3 en 1998 y la escultura se restaur\u00f3 con el apoyo financiero de AP M\u00f8ller y la Fundaci\u00f3n para Fines Generales de su esposa Chastine Mc-Kinney M\u00f8ller. En la misma ocasi\u00f3n se retir\u00f3 el mosaico que cubr\u00eda la estatua, obra de JD Herholdt en 1886. Cuatro farolas contempor\u00e1neas todav\u00eda rodean la estatua.<\/p>\n<p>La estatua es parte del canon cultural.<\/p>\n<\/div><\/div>\n<\/div>\n<h2>Lugar<\/h2>\n<div class=\"map-data\"><\/div>\n<table>\n<tbody>\n<tr>\n<th>Nombre de la calle:<\/th>\n<td>Plaza del Palacio de Amalienborg<\/td>\n<\/tr>\n<tr>\n<th>Ciudad:<\/th>\n<td>Copenhague<\/td>\n<\/tr>\n<tr>\n<th>Distrito:<\/th>\n<td>Centro de la ciudad<\/td>\n<\/tr>\n<tr>\n<th>Pa\u00eds:<\/th>\n<td>Dinamarca<\/td>\n<\/tr>\n<tr>\n<th>Coordenadas:<\/th>\n<td>55.68441, 12.59237<\/td>\n<\/tr>\n<tr>\n<th>Direcci\u00f3n de la br\u00fajula:<\/th>\n<td>Sudeste (145\u00b0)<\/td>\n<\/tr>\n<\/tbody>\n<\/table>","protected":false},"excerpt":{"rendered":"<p>La estatua ecuestre de Federico V en la plaza del castillo de Amalienborg.<\/p>","protected":false},"featured_media":768,"comment_status":"open","ping_status":"closed","template":"","meta":{"_mi_skip_tracking":false},"product_cat":[73,79],"product_tag":[],"class_list":{"0":"post-439","1":"product","2":"type-product","3":"status-publish","4":"has-post-thumbnail","6":"product_cat-plakater","7":"product_cat-koebenhavn","8":"pa_storrelse-a4-21x30cm","9":"pa_storrelse-a3-30x42cm","10":"pa_storrelse-b2-50x70cm","11":"pa_storrelse-b1-70x100cm","13":"first","14":"instock","15":"taxable","16":"shipping-taxable","17":"purchasable","18":"product-type-variable"},"yoast_head":"<!-- This site is optimized with the Yoast SEO plugin v24.2 - https:\/\/yoast.com\/wordpress\/plugins\/seo\/ -->\n<title>Rytterstatuen af Frederik d.5 Plakater | Spar 10% p\u00e5 et samles\u00e6t<\/title>\n<meta name=\"description\" content=\"K\u00f8b Rytterstatuen af Frederik d.5 Plakater. DEN BEDSTE KVALITET Til den bedste pris - Historiske danske plakater - se vores store udvalg her .\" \/>\n<meta name=\"robots\" content=\"index, follow, max-snippet:-1, max-image-preview:large, max-video-preview:-1\" \/>\n<link rel=\"canonical\" href=\"https:\/\/mycanvas.dk\/es\/producto\/amalienborg-slotsplads\/\" \/>\n<meta property=\"og:locale\" content=\"es_ES\" \/>\n<meta property=\"og:type\" content=\"article\" \/>\n<meta property=\"og:title\" content=\"Rytterstatuen af Frederik d.5 Plakater | Spar 10% p\u00e5 et samles\u00e6t\" \/>\n<meta property=\"og:description\" content=\"K\u00f8b Rytterstatuen af Frederik d.5 Plakater. DEN BEDSTE KVALITET Til den bedste pris - Historiske danske plakater - se vores store udvalg her .\" \/>\n<meta property=\"og:url\" content=\"https:\/\/mycanvas.dk\/es\/producto\/amalienborg-slotsplads\/\" \/>\n<meta property=\"og:site_name\" content=\"My Canvas\" \/>\n<meta property=\"article:publisher\" content=\"https:\/\/www.facebook.com\/MyCanvasDanmark\" \/>\n<meta property=\"article:modified_time\" content=\"2019-10-29T14:10:44+00:00\" \/>\n<meta property=\"og:image\" content=\"https:\/\/mycanvas.dk\/wp-content\/uploads\/2018\/09\/Amalienborg-tr\u00e6.jpeg\" \/>\n\t<meta property=\"og:image:width\" content=\"2048\" \/>\n\t<meta property=\"og:image:height\" content=\"1448\" \/>\n\t<meta property=\"og:image:type\" content=\"image\/jpeg\" \/>\n<meta name=\"twitter:card\" content=\"summary_large_image\" \/>\n<meta name=\"twitter:label1\" content=\"Tiempo de lectura\" \/>\n\t<meta name=\"twitter:data1\" content=\"2 minutos\" \/>\n<script type=\"application\/ld+json\" class=\"yoast-schema-graph\">{\"@context\":\"https:\/\/schema.org\",\"@graph\":[{\"@type\":\"WebPage\",\"@id\":\"https:\/\/mycanvas.dk\/vare\/amalienborg-slotsplads\/\",\"url\":\"https:\/\/mycanvas.dk\/vare\/amalienborg-slotsplads\/\",\"name\":\"Rytterstatuen af Frederik d.5 Plakater | Spar 10% p\u00e5 et samles\u00e6t\",\"isPartOf\":{\"@id\":\"https:\/\/mycanvas.dk\/#website\"},\"primaryImageOfPage\":{\"@id\":\"https:\/\/mycanvas.dk\/vare\/amalienborg-slotsplads\/#primaryimage\"},\"image\":{\"@id\":\"https:\/\/mycanvas.dk\/vare\/amalienborg-slotsplads\/#primaryimage\"},\"thumbnailUrl\":\"https:\/\/mycanvas.dk\/wp-content\/uploads\/2018\/09\/Amalienborg-tr\u00e6.jpeg\",\"datePublished\":\"2018-10-02T16:04:22+00:00\",\"dateModified\":\"2019-10-29T14:10:44+00:00\",\"description\":\"K\u00f8b Rytterstatuen af Frederik d.5 Plakater. DEN BEDSTE KVALITET Til den bedste pris - Historiske danske plakater - se vores store udvalg her .\",\"breadcrumb\":{\"@id\":\"https:\/\/mycanvas.dk\/vare\/amalienborg-slotsplads\/#breadcrumb\"},\"inLanguage\":\"es\",\"potentialAction\":[{\"@type\":\"ReadAction\",\"target\":[\"https:\/\/mycanvas.dk\/vare\/amalienborg-slotsplads\/\"]}]},{\"@type\":\"ImageObject\",\"inLanguage\":\"es\",\"@id\":\"https:\/\/mycanvas.dk\/vare\/amalienborg-slotsplads\/#primaryimage\",\"url\":\"https:\/\/mycanvas.dk\/wp-content\/uploads\/2018\/09\/Amalienborg-tr\u00e6.jpeg\",\"contentUrl\":\"https:\/\/mycanvas.dk\/wp-content\/uploads\/2018\/09\/Amalienborg-tr\u00e6.jpeg\",\"width\":2048,\"height\":1448},{\"@type\":\"BreadcrumbList\",\"@id\":\"https:\/\/mycanvas.dk\/vare\/amalienborg-slotsplads\/#breadcrumb\",\"itemListElement\":[{\"@type\":\"ListItem\",\"position\":1,\"name\":\"Hjem\",\"item\":\"https:\/\/mycanvas.dk\/\"},{\"@type\":\"ListItem\",\"position\":2,\"name\":\"Shop\",\"item\":\"https:\/\/mycanvas.dk\/shop\/\"},{\"@type\":\"ListItem\",\"position\":3,\"name\":\"Rytterstatuen af Frederik d.5\"}]},{\"@type\":\"WebSite\",\"@id\":\"https:\/\/mycanvas.dk\/#website\",\"url\":\"https:\/\/mycanvas.dk\/\",\"name\":\"My Canvas\",\"description\":\"Vi g\u00f8r danmarks historie til kunst\",\"publisher\":{\"@id\":\"https:\/\/mycanvas.dk\/#organization\"},\"potentialAction\":[{\"@type\":\"SearchAction\",\"target\":{\"@type\":\"EntryPoint\",\"urlTemplate\":\"https:\/\/mycanvas.dk\/?s={search_term_string}\"},\"query-input\":{\"@type\":\"PropertyValueSpecification\",\"valueRequired\":true,\"valueName\":\"search_term_string\"}}],\"inLanguage\":\"es\"},{\"@type\":\"Organization\",\"@id\":\"https:\/\/mycanvas.dk\/#organization\",\"name\":\"My Canvas\",\"url\":\"https:\/\/mycanvas.dk\/\",\"logo\":{\"@type\":\"ImageObject\",\"inLanguage\":\"es\",\"@id\":\"https:\/\/mycanvas.dk\/#\/schema\/logo\/image\/\",\"url\":\"https:\/\/mycanvas.dk\/wp-content\/uploads\/2018\/09\/MyCanvas-Logo-Nyeste.png\",\"contentUrl\":\"https:\/\/mycanvas.dk\/wp-content\/uploads\/2018\/09\/MyCanvas-Logo-Nyeste.png\",\"width\":1916,\"height\":736,\"caption\":\"My Canvas\"},\"image\":{\"@id\":\"https:\/\/mycanvas.dk\/#\/schema\/logo\/image\/\"},\"sameAs\":[\"https:\/\/www.facebook.com\/MyCanvasDanmark\",\"https:\/\/www.instagram.com\/mycanvasdk\/\"]}]}<\/script>\n<!-- \/ Yoast SEO plugin. -->","yoast_head_json":{"title":"Rytterstatuen af Frederik d.5 Plakater | Spar 10% p\u00e5 et samles\u00e6t","description":"K\u00f8b Rytterstatuen af Frederik d.5 Plakater. DEN BEDSTE KVALITET Til den bedste pris - Historiske danske plakater - se vores store udvalg her .","robots":{"index":"index","follow":"follow","max-snippet":"max-snippet:-1","max-image-preview":"max-image-preview:large","max-video-preview":"max-video-preview:-1"},"canonical":"https:\/\/mycanvas.dk\/es\/producto\/amalienborg-slotsplads\/","og_locale":"es_ES","og_type":"article","og_title":"Rytterstatuen af Frederik d.5 Plakater | Spar 10% p\u00e5 et samles\u00e6t","og_description":"K\u00f8b Rytterstatuen af Frederik d.5 Plakater. DEN BEDSTE KVALITET Til den bedste pris - Historiske danske plakater - se vores store udvalg her .","og_url":"https:\/\/mycanvas.dk\/es\/producto\/amalienborg-slotsplads\/","og_site_name":"My Canvas","article_publisher":"https:\/\/www.facebook.com\/MyCanvasDanmark","article_modified_time":"2019-10-29T14:10:44+00:00","og_image":[{"width":2048,"height":1448,"url":"https:\/\/mycanvas.dk\/wp-content\/uploads\/2018\/09\/Amalienborg-tr\u00e6.jpeg","type":"image\/jpeg"}],"twitter_card":"summary_large_image","twitter_misc":{"Tiempo de lectura":"2 minutos"},"schema":{"@context":"https:\/\/schema.org","@graph":[{"@type":"WebPage","@id":"https:\/\/mycanvas.dk\/vare\/amalienborg-slotsplads\/","url":"https:\/\/mycanvas.dk\/vare\/amalienborg-slotsplads\/","name":"Rytterstatuen af Frederik d.5 Plakater | Spar 10% p\u00e5 et samles\u00e6t","isPartOf":{"@id":"https:\/\/mycanvas.dk\/#website"},"primaryImageOfPage":{"@id":"https:\/\/mycanvas.dk\/vare\/amalienborg-slotsplads\/#primaryimage"},"image":{"@id":"https:\/\/mycanvas.dk\/vare\/amalienborg-slotsplads\/#primaryimage"},"thumbnailUrl":"https:\/\/mycanvas.dk\/wp-content\/uploads\/2018\/09\/Amalienborg-tr\u00e6.jpeg","datePublished":"2018-10-02T16:04:22+00:00","dateModified":"2019-10-29T14:10:44+00:00","description":"K\u00f8b Rytterstatuen af Frederik d.5 Plakater. DEN BEDSTE KVALITET Til den bedste pris - Historiske danske plakater - se vores store udvalg her .","breadcrumb":{"@id":"https:\/\/mycanvas.dk\/vare\/amalienborg-slotsplads\/#breadcrumb"},"inLanguage":"es","potentialAction":[{"@type":"ReadAction","target":["https:\/\/mycanvas.dk\/vare\/amalienborg-slotsplads\/"]}]},{"@type":"ImageObject","inLanguage":"es","@id":"https:\/\/mycanvas.dk\/vare\/amalienborg-slotsplads\/#primaryimage","url":"https:\/\/mycanvas.dk\/wp-content\/uploads\/2018\/09\/Amalienborg-tr\u00e6.jpeg","contentUrl":"https:\/\/mycanvas.dk\/wp-content\/uploads\/2018\/09\/Amalienborg-tr\u00e6.jpeg","width":2048,"height":1448},{"@type":"BreadcrumbList","@id":"https:\/\/mycanvas.dk\/vare\/amalienborg-slotsplads\/#breadcrumb","itemListElement":[{"@type":"ListItem","position":1,"name":"Hjem","item":"https:\/\/mycanvas.dk\/"},{"@type":"ListItem","position":2,"name":"Shop","item":"https:\/\/mycanvas.dk\/shop\/"},{"@type":"ListItem","position":3,"name":"Rytterstatuen af Frederik d.5"}]},{"@type":"WebSite","@id":"https:\/\/mycanvas.dk\/#website","url":"https:\/\/mycanvas.dk\/","name":"My Canvas","description":"Vi g\u00f8r danmarks historie til kunst","publisher":{"@id":"https:\/\/mycanvas.dk\/#organization"},"potentialAction":[{"@type":"SearchAction","target":{"@type":"EntryPoint","urlTemplate":"https:\/\/mycanvas.dk\/?s={search_term_string}"},"query-input":{"@type":"PropertyValueSpecification","valueRequired":true,"valueName":"search_term_string"}}],"inLanguage":"es"},{"@type":"Organization","@id":"https:\/\/mycanvas.dk\/#organization","name":"My Canvas","url":"https:\/\/mycanvas.dk\/","logo":{"@type":"ImageObject","inLanguage":"es","@id":"https:\/\/mycanvas.dk\/#\/schema\/logo\/image\/","url":"https:\/\/mycanvas.dk\/wp-content\/uploads\/2018\/09\/MyCanvas-Logo-Nyeste.png","contentUrl":"https:\/\/mycanvas.dk\/wp-content\/uploads\/2018\/09\/MyCanvas-Logo-Nyeste.png","width":1916,"height":736,"caption":"My Canvas"},"image":{"@id":"https:\/\/mycanvas.dk\/#\/schema\/logo\/image\/"},"sameAs":["https:\/\/www.facebook.com\/MyCanvasDanmark","https:\/\/www.instagram.com\/mycanvasdk\/"]}]}},"_links":{"self":[{"href":"https:\/\/mycanvas.dk\/es\/wp-json\/wp\/v2\/product\/439","targetHints":{"allow":["GET"]}}],"collection":[{"href":"https:\/\/mycanvas.dk\/es\/wp-json\/wp\/v2\/product"}],"about":[{"href":"https:\/\/mycanvas.dk\/es\/wp-json\/wp\/v2\/types\/product"}],"replies":[{"embeddable":true,"href":"https:\/\/mycanvas.dk\/es\/wp-json\/wp\/v2\/comments?post=439"}],"wp:featuredmedia":[{"embeddable":true,"href":"https:\/\/mycanvas.dk\/es\/wp-json\/wp\/v2\/media\/768"}],"wp:attachment":[{"href":"https:\/\/mycanvas.dk\/es\/wp-json\/wp\/v2\/media?parent=439"}],"wp:term":[{"taxonomy":"product_cat","embeddable":true,"href":"https:\/\/mycanvas.dk\/es\/wp-json\/wp\/v2\/product_cat?post=439"},{"taxonomy":"product_tag","embeddable":true,"href":"https:\/\/mycanvas.dk\/es\/wp-json\/wp\/v2\/product_tag?post=439"}],"curies":[{"name":"wp","href":"https:\/\/api.w.org\/{rel}","templated":true}]}}