
{"id":507,"date":"2018-10-02T17:56:32","date_gmt":"2018-10-02T15:56:32","guid":{"rendered":"http:\/\/designbyjuel.dk\/?post_type=product&#038;p=507"},"modified":"2019-10-29T15:12:16","modified_gmt":"2019-10-29T14:12:16","slug":"fisketorvet","status":"publish","type":"product","link":"https:\/\/mycanvas.dk\/es\/producto\/fisketorvet\/","title":{"rendered":"Plaza del pescado de Gammel Strand"},"content":{"rendered":"<p>Gammel Strand fue originalmente el puerto natural junto al cual se encontraba el pueblo (Copenhague). Seg\u00fan lo que sabemos hoy en d\u00eda, ya en la Alta Edad Media funcion\u00f3 como puerto.<\/p>\n<p>Al principio, los barcos estaban amarrados en la playa, pero luego se convirti\u00f3 en un puerto real con pasarelas y amarres. La playa curva estaba protegida detr\u00e1s de algunos peque\u00f1os islotes, incluida una versi\u00f3n m\u00e1s peque\u00f1a de la actual Slotsholm, donde hoy se encuentra Christiansborg. Los islotes proporcionaron una protecci\u00f3n ideal para el puerto natural. Sin embargo, el litoral actual se ha creado mediante relleno. Los hallazgos arqueol\u00f3gicos de partes de barcos y baluartes debajo de varios de los edificios, que se encuentran junto a Gammel Strand, indican que la costa en el siglo XVI estaba mucho m\u00e1s hacia el interior que el borde actual del canal. La ubicaci\u00f3n exacta de la costa es incierta y se sabe muy poco sobre c\u00f3mo, cu\u00e1ndo y a qu\u00e9 ritmo se llen\u00f3 el \u00e1rea.<\/p>\n<div class=\"accordion\" rel=\"\">\n<div class=\"accordion-item\"><a href=\"#\" class=\"accordion-title plain\"><button class=\"toggle\"><i class=\"icon-angle-down\"><\/i><\/button><span>Leer m\u00e1s<\/span><\/a><div class=\"accordion-inner\">\n<p>La mayor\u00eda de la gente asocia Gammel Strand con las numerosas esposas de pescadores que se sentaban aqu\u00ed durante todo el a\u00f1o y vend\u00edan pescado. A las esposas de los pescadores tambi\u00e9n se les llamaba esposas del bosque porque la mayor\u00eda de las veces proced\u00edan de Skovshoved, el antiguo pabell\u00f3n de pesca de Klampenborg. Anteriormente, las propias esposas compraban el pescado a los pescadores de Skovshoved y iban a Copenhague a venderlo en Gammel Strand. M\u00e1s tarde, los pescadores navegaron a Copenhague y atracaron cada ma\u00f1ana en Gammel Strand, para que los habitantes de Copenhague pudieran conseguir pescado fresco en la plaza todos los d\u00edas. Las esposas de los pescadores se reconoc\u00edan por su caracter\u00edstico tocado blanco, que en invierno se ce\u00f1\u00eda bien alrededor de la cabeza y el vestido se rellenaba con peri\u00f3dicos para mantenerse abrigadas.<\/p>\n<p>A mediados del siglo XX, el espacio en Gammel Strand se volvi\u00f3 demasiado estrecho, y en 1958 el nuevo mercado de pescado en Sydhavnen estaba listo y el comercio de pescado se traslad\u00f3 all\u00ed, despu\u00e9s de lo cual ces\u00f3 el comercio de pescado en Gammel Strand. Sin embargo, qued\u00f3 soltera la esposa de un pescador que hasta 2008 vend\u00eda pescado en su puesto en d\u00edas seleccionados. Hoy en d\u00eda, la vida empresarial de Gammel Strand se compone, entre otras cosas, de restaurantes, cafeter\u00edas y oficinas.<\/p>\n<p>La caracter\u00edstica hilera de propiedades en Gammel Strand forma el marco de lo que hoy se considera uno de los espacios urbanos m\u00e1s bellos de Copenhague. A pesar de que muchas de las casas originales del lugar casi se quemaron en 1795, la arquitectura del sitio es testigo de la t\u00edpica ampliaci\u00f3n y remodelaci\u00f3n de casas de Copenhague de la d\u00e9cada de 1790 en una hermosa combinaci\u00f3n con propiedades de los siglos XIX y XX. . Muchas de las casas han cambiado ligeramente con el tiempo, a\u00f1adiendo un piso adicional o cambiando la fachada, de modo que los estilos son diversos y complejos, pero a\u00fan as\u00ed dan una impresi\u00f3n general armoniosa.<\/p>\n<p>Hoy Gammel Strand aparece como una de las calles m\u00e1s bellas de la ciudad, donde conviven buenos restaurantes, sedes de empresas, galer\u00edas y exclusivos apartamentos residenciales.<\/p>\n<\/div><\/div>\n<\/div>\n<h2>Lugar<\/h2>\n<div class=\"map-data\"><\/div>\n<table>\n<tbody>\n<tr>\n<th>Nombre de la calle:<\/th>\n<td>Playa Vieja<\/td>\n<\/tr>\n<tr>\n<th>Ciudad:<\/th>\n<td>Copenhague<\/td>\n<\/tr>\n<tr>\n<th>Distrito:<\/th>\n<td>Centro de la ciudad<\/td>\n<\/tr>\n<tr>\n<th>Pa\u00eds:<\/th>\n<td>Dinamarca<\/td>\n<\/tr>\n<tr>\n<th>Coordenadas:<\/th>\n<td>55.67760, 12.57873<\/td>\n<\/tr>\n<tr>\n<th>Direcci\u00f3n de la br\u00fajula:<\/th>\n<td>Oeste suroeste (247\u00b0)<\/td>\n<\/tr>\n<\/tbody>\n<\/table>","protected":false},"excerpt":{"rendered":"<p>Adoquines empezando a colocar piedras en Gammel Strand Fisketorv.<\/p>","protected":false},"featured_media":1123,"comment_status":"open","ping_status":"closed","template":"","meta":{"_mi_skip_tracking":false},"product_cat":[73,79],"product_tag":[],"class_list":{"0":"post-507","1":"product","2":"type-product","3":"status-publish","4":"has-post-thumbnail","6":"product_cat-plakater","7":"product_cat-koebenhavn","8":"pa_storrelse-a4-21x30cm","9":"pa_storrelse-a3-30x42cm","10":"pa_storrelse-b2-50x70cm","11":"pa_storrelse-b1-70x100cm","13":"first","14":"instock","15":"taxable","16":"shipping-taxable","17":"purchasable","18":"product-type-variable"},"yoast_head":"<!-- This site is optimized with the Yoast SEO plugin v24.2 - https:\/\/yoast.com\/wordpress\/plugins\/seo\/ -->\n<title>Gammel Strand Fisketorv Plakater | Spar 10% p\u00e5 et samles\u00e6t<\/title>\n<meta name=\"description\" content=\"K\u00f8b Gammel Strand Fisketorv Plakater. DEN BEDSTE KVALITET Til den bedste pris - Historiske danske plakater - se vores store udvalg her.\" \/>\n<meta name=\"robots\" content=\"index, follow, max-snippet:-1, max-image-preview:large, max-video-preview:-1\" \/>\n<link rel=\"canonical\" href=\"https:\/\/mycanvas.dk\/es\/producto\/fisketorvet\/\" \/>\n<meta property=\"og:locale\" content=\"es_ES\" \/>\n<meta property=\"og:type\" content=\"article\" \/>\n<meta property=\"og:title\" content=\"Gammel Strand Fisketorv Plakater | Spar 10% p\u00e5 et samles\u00e6t\" \/>\n<meta property=\"og:description\" content=\"K\u00f8b Gammel Strand Fisketorv Plakater. DEN BEDSTE KVALITET Til den bedste pris - Historiske danske plakater - se vores store udvalg her.\" \/>\n<meta property=\"og:url\" content=\"https:\/\/mycanvas.dk\/es\/producto\/fisketorvet\/\" \/>\n<meta property=\"og:site_name\" content=\"My Canvas\" \/>\n<meta property=\"article:publisher\" content=\"https:\/\/www.facebook.com\/MyCanvasDanmark\" \/>\n<meta property=\"article:modified_time\" content=\"2019-10-29T14:12:16+00:00\" \/>\n<meta property=\"og:image\" content=\"https:\/\/mycanvas.dk\/wp-content\/uploads\/2018\/10\/Fisketorvet-tr\u00e6.jpeg\" \/>\n\t<meta property=\"og:image:width\" content=\"2048\" \/>\n\t<meta property=\"og:image:height\" content=\"1448\" \/>\n\t<meta property=\"og:image:type\" content=\"image\/jpeg\" \/>\n<meta name=\"twitter:card\" content=\"summary_large_image\" \/>\n<meta name=\"twitter:label1\" content=\"Tiempo de lectura\" \/>\n\t<meta name=\"twitter:data1\" content=\"2 minutos\" \/>\n<script type=\"application\/ld+json\" class=\"yoast-schema-graph\">{\"@context\":\"https:\/\/schema.org\",\"@graph\":[{\"@type\":\"WebPage\",\"@id\":\"https:\/\/mycanvas.dk\/vare\/fisketorvet\/\",\"url\":\"https:\/\/mycanvas.dk\/vare\/fisketorvet\/\",\"name\":\"Gammel Strand Fisketorv Plakater | Spar 10% p\u00e5 et samles\u00e6t\",\"isPartOf\":{\"@id\":\"https:\/\/mycanvas.dk\/#website\"},\"primaryImageOfPage\":{\"@id\":\"https:\/\/mycanvas.dk\/vare\/fisketorvet\/#primaryimage\"},\"image\":{\"@id\":\"https:\/\/mycanvas.dk\/vare\/fisketorvet\/#primaryimage\"},\"thumbnailUrl\":\"https:\/\/mycanvas.dk\/wp-content\/uploads\/2018\/10\/Fisketorvet-tr\u00e6.jpeg\",\"datePublished\":\"2018-10-02T15:56:32+00:00\",\"dateModified\":\"2019-10-29T14:12:16+00:00\",\"description\":\"K\u00f8b Gammel Strand Fisketorv Plakater. DEN BEDSTE KVALITET Til den bedste pris - Historiske danske plakater - se vores store udvalg her.\",\"breadcrumb\":{\"@id\":\"https:\/\/mycanvas.dk\/vare\/fisketorvet\/#breadcrumb\"},\"inLanguage\":\"es\",\"potentialAction\":[{\"@type\":\"ReadAction\",\"target\":[\"https:\/\/mycanvas.dk\/vare\/fisketorvet\/\"]}]},{\"@type\":\"ImageObject\",\"inLanguage\":\"es\",\"@id\":\"https:\/\/mycanvas.dk\/vare\/fisketorvet\/#primaryimage\",\"url\":\"https:\/\/mycanvas.dk\/wp-content\/uploads\/2018\/10\/Fisketorvet-tr\u00e6.jpeg\",\"contentUrl\":\"https:\/\/mycanvas.dk\/wp-content\/uploads\/2018\/10\/Fisketorvet-tr\u00e6.jpeg\",\"width\":2048,\"height\":1448},{\"@type\":\"BreadcrumbList\",\"@id\":\"https:\/\/mycanvas.dk\/vare\/fisketorvet\/#breadcrumb\",\"itemListElement\":[{\"@type\":\"ListItem\",\"position\":1,\"name\":\"Hjem\",\"item\":\"https:\/\/mycanvas.dk\/\"},{\"@type\":\"ListItem\",\"position\":2,\"name\":\"Shop\",\"item\":\"https:\/\/mycanvas.dk\/shop\/\"},{\"@type\":\"ListItem\",\"position\":3,\"name\":\"Gammel Strand Fisketorv\"}]},{\"@type\":\"WebSite\",\"@id\":\"https:\/\/mycanvas.dk\/#website\",\"url\":\"https:\/\/mycanvas.dk\/\",\"name\":\"My Canvas\",\"description\":\"Vi g\u00f8r danmarks historie til kunst\",\"publisher\":{\"@id\":\"https:\/\/mycanvas.dk\/#organization\"},\"potentialAction\":[{\"@type\":\"SearchAction\",\"target\":{\"@type\":\"EntryPoint\",\"urlTemplate\":\"https:\/\/mycanvas.dk\/?s={search_term_string}\"},\"query-input\":{\"@type\":\"PropertyValueSpecification\",\"valueRequired\":true,\"valueName\":\"search_term_string\"}}],\"inLanguage\":\"es\"},{\"@type\":\"Organization\",\"@id\":\"https:\/\/mycanvas.dk\/#organization\",\"name\":\"My Canvas\",\"url\":\"https:\/\/mycanvas.dk\/\",\"logo\":{\"@type\":\"ImageObject\",\"inLanguage\":\"es\",\"@id\":\"https:\/\/mycanvas.dk\/#\/schema\/logo\/image\/\",\"url\":\"https:\/\/mycanvas.dk\/wp-content\/uploads\/2018\/09\/MyCanvas-Logo-Nyeste.png\",\"contentUrl\":\"https:\/\/mycanvas.dk\/wp-content\/uploads\/2018\/09\/MyCanvas-Logo-Nyeste.png\",\"width\":1916,\"height\":736,\"caption\":\"My Canvas\"},\"image\":{\"@id\":\"https:\/\/mycanvas.dk\/#\/schema\/logo\/image\/\"},\"sameAs\":[\"https:\/\/www.facebook.com\/MyCanvasDanmark\",\"https:\/\/www.instagram.com\/mycanvasdk\/\"]}]}<\/script>\n<!-- \/ Yoast SEO plugin. -->","yoast_head_json":{"title":"Gammel Strand Fisketorv Plakater | Spar 10% p\u00e5 et samles\u00e6t","description":"K\u00f8b Gammel Strand Fisketorv Plakater. DEN BEDSTE KVALITET Til den bedste pris - Historiske danske plakater - se vores store udvalg her.","robots":{"index":"index","follow":"follow","max-snippet":"max-snippet:-1","max-image-preview":"max-image-preview:large","max-video-preview":"max-video-preview:-1"},"canonical":"https:\/\/mycanvas.dk\/es\/producto\/fisketorvet\/","og_locale":"es_ES","og_type":"article","og_title":"Gammel Strand Fisketorv Plakater | Spar 10% p\u00e5 et samles\u00e6t","og_description":"K\u00f8b Gammel Strand Fisketorv Plakater. DEN BEDSTE KVALITET Til den bedste pris - Historiske danske plakater - se vores store udvalg her.","og_url":"https:\/\/mycanvas.dk\/es\/producto\/fisketorvet\/","og_site_name":"My Canvas","article_publisher":"https:\/\/www.facebook.com\/MyCanvasDanmark","article_modified_time":"2019-10-29T14:12:16+00:00","og_image":[{"width":2048,"height":1448,"url":"https:\/\/mycanvas.dk\/wp-content\/uploads\/2018\/10\/Fisketorvet-tr\u00e6.jpeg","type":"image\/jpeg"}],"twitter_card":"summary_large_image","twitter_misc":{"Tiempo de lectura":"2 minutos"},"schema":{"@context":"https:\/\/schema.org","@graph":[{"@type":"WebPage","@id":"https:\/\/mycanvas.dk\/vare\/fisketorvet\/","url":"https:\/\/mycanvas.dk\/vare\/fisketorvet\/","name":"Gammel Strand Fisketorv Plakater | Spar 10% p\u00e5 et samles\u00e6t","isPartOf":{"@id":"https:\/\/mycanvas.dk\/#website"},"primaryImageOfPage":{"@id":"https:\/\/mycanvas.dk\/vare\/fisketorvet\/#primaryimage"},"image":{"@id":"https:\/\/mycanvas.dk\/vare\/fisketorvet\/#primaryimage"},"thumbnailUrl":"https:\/\/mycanvas.dk\/wp-content\/uploads\/2018\/10\/Fisketorvet-tr\u00e6.jpeg","datePublished":"2018-10-02T15:56:32+00:00","dateModified":"2019-10-29T14:12:16+00:00","description":"K\u00f8b Gammel Strand Fisketorv Plakater. DEN BEDSTE KVALITET Til den bedste pris - Historiske danske plakater - se vores store udvalg her.","breadcrumb":{"@id":"https:\/\/mycanvas.dk\/vare\/fisketorvet\/#breadcrumb"},"inLanguage":"es","potentialAction":[{"@type":"ReadAction","target":["https:\/\/mycanvas.dk\/vare\/fisketorvet\/"]}]},{"@type":"ImageObject","inLanguage":"es","@id":"https:\/\/mycanvas.dk\/vare\/fisketorvet\/#primaryimage","url":"https:\/\/mycanvas.dk\/wp-content\/uploads\/2018\/10\/Fisketorvet-tr\u00e6.jpeg","contentUrl":"https:\/\/mycanvas.dk\/wp-content\/uploads\/2018\/10\/Fisketorvet-tr\u00e6.jpeg","width":2048,"height":1448},{"@type":"BreadcrumbList","@id":"https:\/\/mycanvas.dk\/vare\/fisketorvet\/#breadcrumb","itemListElement":[{"@type":"ListItem","position":1,"name":"Hjem","item":"https:\/\/mycanvas.dk\/"},{"@type":"ListItem","position":2,"name":"Shop","item":"https:\/\/mycanvas.dk\/shop\/"},{"@type":"ListItem","position":3,"name":"Gammel Strand Fisketorv"}]},{"@type":"WebSite","@id":"https:\/\/mycanvas.dk\/#website","url":"https:\/\/mycanvas.dk\/","name":"My Canvas","description":"Vi g\u00f8r danmarks historie til kunst","publisher":{"@id":"https:\/\/mycanvas.dk\/#organization"},"potentialAction":[{"@type":"SearchAction","target":{"@type":"EntryPoint","urlTemplate":"https:\/\/mycanvas.dk\/?s={search_term_string}"},"query-input":{"@type":"PropertyValueSpecification","valueRequired":true,"valueName":"search_term_string"}}],"inLanguage":"es"},{"@type":"Organization","@id":"https:\/\/mycanvas.dk\/#organization","name":"My Canvas","url":"https:\/\/mycanvas.dk\/","logo":{"@type":"ImageObject","inLanguage":"es","@id":"https:\/\/mycanvas.dk\/#\/schema\/logo\/image\/","url":"https:\/\/mycanvas.dk\/wp-content\/uploads\/2018\/09\/MyCanvas-Logo-Nyeste.png","contentUrl":"https:\/\/mycanvas.dk\/wp-content\/uploads\/2018\/09\/MyCanvas-Logo-Nyeste.png","width":1916,"height":736,"caption":"My Canvas"},"image":{"@id":"https:\/\/mycanvas.dk\/#\/schema\/logo\/image\/"},"sameAs":["https:\/\/www.facebook.com\/MyCanvasDanmark","https:\/\/www.instagram.com\/mycanvasdk\/"]}]}},"_links":{"self":[{"href":"https:\/\/mycanvas.dk\/es\/wp-json\/wp\/v2\/product\/507","targetHints":{"allow":["GET"]}}],"collection":[{"href":"https:\/\/mycanvas.dk\/es\/wp-json\/wp\/v2\/product"}],"about":[{"href":"https:\/\/mycanvas.dk\/es\/wp-json\/wp\/v2\/types\/product"}],"replies":[{"embeddable":true,"href":"https:\/\/mycanvas.dk\/es\/wp-json\/wp\/v2\/comments?post=507"}],"wp:featuredmedia":[{"embeddable":true,"href":"https:\/\/mycanvas.dk\/es\/wp-json\/wp\/v2\/media\/1123"}],"wp:attachment":[{"href":"https:\/\/mycanvas.dk\/es\/wp-json\/wp\/v2\/media?parent=507"}],"wp:term":[{"taxonomy":"product_cat","embeddable":true,"href":"https:\/\/mycanvas.dk\/es\/wp-json\/wp\/v2\/product_cat?post=507"},{"taxonomy":"product_tag","embeddable":true,"href":"https:\/\/mycanvas.dk\/es\/wp-json\/wp\/v2\/product_tag?post=507"}],"curies":[{"name":"wp","href":"https:\/\/api.w.org\/{rel}","templated":true}]}}