
{"id":5090,"date":"2019-10-21T10:03:06","date_gmt":"2019-10-21T09:03:06","guid":{"rendered":"https:\/\/mycanvas.dk\/?post_type=product&#038;p=5090"},"modified":"2019-10-29T13:38:25","modified_gmt":"2019-10-29T12:38:25","slug":"til-alle-kvinder-kopier-18","status":"publish","type":"product","link":"https:\/\/mycanvas.dk\/es\/producto\/til-alle-kvinder-kopier-18\/","title":{"rendered":"tranv\u00edas daneses"},"content":{"rendered":"<p>Los tranv\u00edas se introdujeron por primera vez en Nueva York all\u00e1 por 1832, cuando surgi\u00f3 la electrificaci\u00f3n. Luego vino la crisis del petr\u00f3leo, que hizo que los tranv\u00edas avanzaran a\u00fan m\u00e1s, especialmente en los pa\u00edses que sufrieron los mayores cierres. Sin embargo, esto ocurre principalmente en los pa\u00edses del interior, ya que requiere mucho funcionamiento de v\u00edas el\u00e9ctricas y, por tanto, inversiones a largo plazo.<\/p>\n<p>En Copenhague, los primeros tranv\u00edas circularon entre 1863 y 1972, cuando fueron sustituidos por trenes S y autobuses inteligentes. En Aarhus circularon entre 1884 y 1904 y volver\u00e1n a circular en el futuro con el nombre de &quot;tren ligero&quot;, que funciona como tren de cercan\u00edas. Tambi\u00e9n est\u00e1 previsto el tren ligero en Odense y Copenhague, pero las perspectivas son un poco confusas. En Odense los primeros tranv\u00edas circularon entre 1911 y 1952.<\/p>\n<p>K\u00f8benhavns Sporveje (KS) era propiedad del municipio de Copenhague y era responsable del plan del tranv\u00eda de Copenhague. Los tranv\u00edas fueron quemados en el vertedero de Sydhavnen, y algunos se conservaron y se vendieron a Alejandr\u00eda (APTA) en Egipto, donde la mayor\u00eda todav\u00eda circula en la actualidad. En 1974, KS se fusion\u00f3 con otras 11 empresas de transporte para formar HT = Hovedstadsomr\u00e5rdtes Trafikselskab, que m\u00e1s tarde se convirti\u00f3 en Din Offentlige Trafik (DOT).<\/p>","protected":false},"excerpt":{"rendered":"<p>Para todas las mujeres<\/p>","protected":false},"featured_media":7949,"comment_status":"open","ping_status":"closed","template":"","meta":{"_mi_skip_tracking":false},"product_cat":[241,73],"product_tag":[],"class_list":{"0":"post-5090","1":"product","2":"type-product","3":"status-publish","4":"has-post-thumbnail","6":"product_cat-transportmidler","7":"product_cat-plakater","8":"pa_storrelse-a4-21x30cm","9":"pa_storrelse-a3-30x42cm","10":"pa_storrelse-b2-50x70cm","11":"pa_storrelse-b1-70x100cm","13":"first","14":"instock","15":"taxable","16":"shipping-taxable","17":"purchasable","18":"product-type-variable"},"yoast_head":"<!-- This site is optimized with the Yoast SEO plugin v24.2 - https:\/\/yoast.com\/wordpress\/plugins\/seo\/ -->\n<title>Danske sporvogne Plakater | Spar 10% p\u00e5 et samles\u00e6t - My Canvas<\/title>\n<meta name=\"description\" content=\"K\u00f8b Danske sporvogne Plakater. DEN BEDSTE KVALITET Til den bedste pris - Historiske danske plakater - se hvores store udvalg her.\" \/>\n<meta name=\"robots\" content=\"index, follow, max-snippet:-1, max-image-preview:large, max-video-preview:-1\" \/>\n<link rel=\"canonical\" href=\"https:\/\/mycanvas.dk\/es\/producto\/til-alle-kvinder-kopier-18\/\" \/>\n<meta property=\"og:locale\" content=\"es_ES\" \/>\n<meta property=\"og:type\" content=\"article\" \/>\n<meta property=\"og:title\" content=\"Danske sporvogne Plakater | Spar 10% p\u00e5 et samles\u00e6t - My Canvas\" \/>\n<meta property=\"og:description\" content=\"K\u00f8b Danske sporvogne Plakater. DEN BEDSTE KVALITET Til den bedste pris - Historiske danske plakater - se hvores store udvalg her.\" \/>\n<meta property=\"og:url\" content=\"https:\/\/mycanvas.dk\/es\/producto\/til-alle-kvinder-kopier-18\/\" \/>\n<meta property=\"og:site_name\" content=\"My Canvas\" \/>\n<meta property=\"article:publisher\" content=\"https:\/\/www.facebook.com\/MyCanvasDanmark\" \/>\n<meta property=\"article:modified_time\" content=\"2019-10-29T12:38:25+00:00\" \/>\n<meta property=\"og:image\" content=\"https:\/\/mycanvas.dk\/wp-content\/uploads\/2019\/10\/Sporvogn-sverige-ege.jpg\" \/>\n\t<meta property=\"og:image:width\" content=\"3508\" \/>\n\t<meta property=\"og:image:height\" content=\"2480\" \/>\n\t<meta property=\"og:image:type\" content=\"image\/jpeg\" \/>\n<meta name=\"twitter:card\" content=\"summary_large_image\" \/>\n<meta name=\"twitter:label1\" content=\"Tiempo de lectura\" \/>\n\t<meta name=\"twitter:data1\" content=\"1 minuto\" \/>\n<script type=\"application\/ld+json\" class=\"yoast-schema-graph\">{\"@context\":\"https:\/\/schema.org\",\"@graph\":[{\"@type\":\"WebPage\",\"@id\":\"https:\/\/mycanvas.dk\/vare\/til-alle-kvinder-kopier-18\/\",\"url\":\"https:\/\/mycanvas.dk\/vare\/til-alle-kvinder-kopier-18\/\",\"name\":\"Danske sporvogne Plakater | Spar 10% p\u00e5 et samles\u00e6t - My Canvas\",\"isPartOf\":{\"@id\":\"https:\/\/mycanvas.dk\/#website\"},\"primaryImageOfPage\":{\"@id\":\"https:\/\/mycanvas.dk\/vare\/til-alle-kvinder-kopier-18\/#primaryimage\"},\"image\":{\"@id\":\"https:\/\/mycanvas.dk\/vare\/til-alle-kvinder-kopier-18\/#primaryimage\"},\"thumbnailUrl\":\"https:\/\/mycanvas.dk\/wp-content\/uploads\/2019\/10\/Sporvogn-sverige-ege.jpg\",\"datePublished\":\"2019-10-21T09:03:06+00:00\",\"dateModified\":\"2019-10-29T12:38:25+00:00\",\"description\":\"K\u00f8b Danske sporvogne Plakater. DEN BEDSTE KVALITET Til den bedste pris - Historiske danske plakater - se hvores store udvalg her.\",\"breadcrumb\":{\"@id\":\"https:\/\/mycanvas.dk\/vare\/til-alle-kvinder-kopier-18\/#breadcrumb\"},\"inLanguage\":\"es\",\"potentialAction\":[{\"@type\":\"ReadAction\",\"target\":[\"https:\/\/mycanvas.dk\/vare\/til-alle-kvinder-kopier-18\/\"]}]},{\"@type\":\"ImageObject\",\"inLanguage\":\"es\",\"@id\":\"https:\/\/mycanvas.dk\/vare\/til-alle-kvinder-kopier-18\/#primaryimage\",\"url\":\"https:\/\/mycanvas.dk\/wp-content\/uploads\/2019\/10\/Sporvogn-sverige-ege.jpg\",\"contentUrl\":\"https:\/\/mycanvas.dk\/wp-content\/uploads\/2019\/10\/Sporvogn-sverige-ege.jpg\",\"width\":3508,\"height\":2480},{\"@type\":\"BreadcrumbList\",\"@id\":\"https:\/\/mycanvas.dk\/vare\/til-alle-kvinder-kopier-18\/#breadcrumb\",\"itemListElement\":[{\"@type\":\"ListItem\",\"position\":1,\"name\":\"Hjem\",\"item\":\"https:\/\/mycanvas.dk\/\"},{\"@type\":\"ListItem\",\"position\":2,\"name\":\"Shop\",\"item\":\"https:\/\/mycanvas.dk\/shop\/\"},{\"@type\":\"ListItem\",\"position\":3,\"name\":\"Danske sporvogne\"}]},{\"@type\":\"WebSite\",\"@id\":\"https:\/\/mycanvas.dk\/#website\",\"url\":\"https:\/\/mycanvas.dk\/\",\"name\":\"My Canvas\",\"description\":\"Vi g\u00f8r danmarks historie til kunst\",\"publisher\":{\"@id\":\"https:\/\/mycanvas.dk\/#organization\"},\"potentialAction\":[{\"@type\":\"SearchAction\",\"target\":{\"@type\":\"EntryPoint\",\"urlTemplate\":\"https:\/\/mycanvas.dk\/?s={search_term_string}\"},\"query-input\":{\"@type\":\"PropertyValueSpecification\",\"valueRequired\":true,\"valueName\":\"search_term_string\"}}],\"inLanguage\":\"es\"},{\"@type\":\"Organization\",\"@id\":\"https:\/\/mycanvas.dk\/#organization\",\"name\":\"My Canvas\",\"url\":\"https:\/\/mycanvas.dk\/\",\"logo\":{\"@type\":\"ImageObject\",\"inLanguage\":\"es\",\"@id\":\"https:\/\/mycanvas.dk\/#\/schema\/logo\/image\/\",\"url\":\"https:\/\/mycanvas.dk\/wp-content\/uploads\/2018\/09\/MyCanvas-Logo-Nyeste.png\",\"contentUrl\":\"https:\/\/mycanvas.dk\/wp-content\/uploads\/2018\/09\/MyCanvas-Logo-Nyeste.png\",\"width\":1916,\"height\":736,\"caption\":\"My Canvas\"},\"image\":{\"@id\":\"https:\/\/mycanvas.dk\/#\/schema\/logo\/image\/\"},\"sameAs\":[\"https:\/\/www.facebook.com\/MyCanvasDanmark\",\"https:\/\/www.instagram.com\/mycanvasdk\/\"]}]}<\/script>\n<!-- \/ Yoast SEO plugin. -->","yoast_head_json":{"title":"Danske sporvogne Plakater | Spar 10% p\u00e5 et samles\u00e6t - My Canvas","description":"K\u00f8b Danske sporvogne Plakater. DEN BEDSTE KVALITET Til den bedste pris - Historiske danske plakater - se hvores store udvalg her.","robots":{"index":"index","follow":"follow","max-snippet":"max-snippet:-1","max-image-preview":"max-image-preview:large","max-video-preview":"max-video-preview:-1"},"canonical":"https:\/\/mycanvas.dk\/es\/producto\/til-alle-kvinder-kopier-18\/","og_locale":"es_ES","og_type":"article","og_title":"Danske sporvogne Plakater | Spar 10% p\u00e5 et samles\u00e6t - My Canvas","og_description":"K\u00f8b Danske sporvogne Plakater. DEN BEDSTE KVALITET Til den bedste pris - Historiske danske plakater - se hvores store udvalg her.","og_url":"https:\/\/mycanvas.dk\/es\/producto\/til-alle-kvinder-kopier-18\/","og_site_name":"My Canvas","article_publisher":"https:\/\/www.facebook.com\/MyCanvasDanmark","article_modified_time":"2019-10-29T12:38:25+00:00","og_image":[{"width":3508,"height":2480,"url":"https:\/\/mycanvas.dk\/wp-content\/uploads\/2019\/10\/Sporvogn-sverige-ege.jpg","type":"image\/jpeg"}],"twitter_card":"summary_large_image","twitter_misc":{"Tiempo de lectura":"1 minuto"},"schema":{"@context":"https:\/\/schema.org","@graph":[{"@type":"WebPage","@id":"https:\/\/mycanvas.dk\/vare\/til-alle-kvinder-kopier-18\/","url":"https:\/\/mycanvas.dk\/vare\/til-alle-kvinder-kopier-18\/","name":"Danske sporvogne Plakater | Spar 10% p\u00e5 et samles\u00e6t - My Canvas","isPartOf":{"@id":"https:\/\/mycanvas.dk\/#website"},"primaryImageOfPage":{"@id":"https:\/\/mycanvas.dk\/vare\/til-alle-kvinder-kopier-18\/#primaryimage"},"image":{"@id":"https:\/\/mycanvas.dk\/vare\/til-alle-kvinder-kopier-18\/#primaryimage"},"thumbnailUrl":"https:\/\/mycanvas.dk\/wp-content\/uploads\/2019\/10\/Sporvogn-sverige-ege.jpg","datePublished":"2019-10-21T09:03:06+00:00","dateModified":"2019-10-29T12:38:25+00:00","description":"K\u00f8b Danske sporvogne Plakater. DEN BEDSTE KVALITET Til den bedste pris - Historiske danske plakater - se hvores store udvalg her.","breadcrumb":{"@id":"https:\/\/mycanvas.dk\/vare\/til-alle-kvinder-kopier-18\/#breadcrumb"},"inLanguage":"es","potentialAction":[{"@type":"ReadAction","target":["https:\/\/mycanvas.dk\/vare\/til-alle-kvinder-kopier-18\/"]}]},{"@type":"ImageObject","inLanguage":"es","@id":"https:\/\/mycanvas.dk\/vare\/til-alle-kvinder-kopier-18\/#primaryimage","url":"https:\/\/mycanvas.dk\/wp-content\/uploads\/2019\/10\/Sporvogn-sverige-ege.jpg","contentUrl":"https:\/\/mycanvas.dk\/wp-content\/uploads\/2019\/10\/Sporvogn-sverige-ege.jpg","width":3508,"height":2480},{"@type":"BreadcrumbList","@id":"https:\/\/mycanvas.dk\/vare\/til-alle-kvinder-kopier-18\/#breadcrumb","itemListElement":[{"@type":"ListItem","position":1,"name":"Hjem","item":"https:\/\/mycanvas.dk\/"},{"@type":"ListItem","position":2,"name":"Shop","item":"https:\/\/mycanvas.dk\/shop\/"},{"@type":"ListItem","position":3,"name":"Danske sporvogne"}]},{"@type":"WebSite","@id":"https:\/\/mycanvas.dk\/#website","url":"https:\/\/mycanvas.dk\/","name":"My Canvas","description":"Vi g\u00f8r danmarks historie til kunst","publisher":{"@id":"https:\/\/mycanvas.dk\/#organization"},"potentialAction":[{"@type":"SearchAction","target":{"@type":"EntryPoint","urlTemplate":"https:\/\/mycanvas.dk\/?s={search_term_string}"},"query-input":{"@type":"PropertyValueSpecification","valueRequired":true,"valueName":"search_term_string"}}],"inLanguage":"es"},{"@type":"Organization","@id":"https:\/\/mycanvas.dk\/#organization","name":"My Canvas","url":"https:\/\/mycanvas.dk\/","logo":{"@type":"ImageObject","inLanguage":"es","@id":"https:\/\/mycanvas.dk\/#\/schema\/logo\/image\/","url":"https:\/\/mycanvas.dk\/wp-content\/uploads\/2018\/09\/MyCanvas-Logo-Nyeste.png","contentUrl":"https:\/\/mycanvas.dk\/wp-content\/uploads\/2018\/09\/MyCanvas-Logo-Nyeste.png","width":1916,"height":736,"caption":"My Canvas"},"image":{"@id":"https:\/\/mycanvas.dk\/#\/schema\/logo\/image\/"},"sameAs":["https:\/\/www.facebook.com\/MyCanvasDanmark","https:\/\/www.instagram.com\/mycanvasdk\/"]}]}},"_links":{"self":[{"href":"https:\/\/mycanvas.dk\/es\/wp-json\/wp\/v2\/product\/5090","targetHints":{"allow":["GET"]}}],"collection":[{"href":"https:\/\/mycanvas.dk\/es\/wp-json\/wp\/v2\/product"}],"about":[{"href":"https:\/\/mycanvas.dk\/es\/wp-json\/wp\/v2\/types\/product"}],"replies":[{"embeddable":true,"href":"https:\/\/mycanvas.dk\/es\/wp-json\/wp\/v2\/comments?post=5090"}],"wp:featuredmedia":[{"embeddable":true,"href":"https:\/\/mycanvas.dk\/es\/wp-json\/wp\/v2\/media\/7949"}],"wp:attachment":[{"href":"https:\/\/mycanvas.dk\/es\/wp-json\/wp\/v2\/media?parent=5090"}],"wp:term":[{"taxonomy":"product_cat","embeddable":true,"href":"https:\/\/mycanvas.dk\/es\/wp-json\/wp\/v2\/product_cat?post=5090"},{"taxonomy":"product_tag","embeddable":true,"href":"https:\/\/mycanvas.dk\/es\/wp-json\/wp\/v2\/product_tag?post=5090"}],"curies":[{"name":"wp","href":"https:\/\/api.w.org\/{rel}","templated":true}]}}