
{"id":5115,"date":"2019-10-21T10:03:11","date_gmt":"2019-10-21T09:03:11","guid":{"rendered":"https:\/\/mycanvas.dk\/?post_type=product&#038;p=5115"},"modified":"2019-10-29T13:35:58","modified_gmt":"2019-10-29T12:35:58","slug":"dansk-model-med-cigaret","status":"publish","type":"product","link":"https:\/\/mycanvas.dk\/es\/producto\/dansk-model-med-cigaret\/","title":{"rendered":"Modelo danesa con cigarrillo 2"},"content":{"rendered":"<div class=\"dre-speech\">\n<p>Hoy en d\u00eda puede resultar dif\u00edcil imaginar que fumar fuera popular en los viejos tiempos, que en realidad se considerara un signo de libertad durante un per\u00edodo en el que se pod\u00eda disfrutar de un cigarrillo. En los a\u00f1os 60, el tabaco era una droga de placer para la que se compraban accesorios caros. En anuncios antiguos de los a\u00f1os 60 y 70 se puede ver claramente que tanto hombres como mujeres disfrutaban de la vida con un cigarrillo en la mano, tanto en casa como en el trabajo y durante las vacaciones.<\/p>\n<p>Se dice que Col\u00f3n trajo el tabaco a Europa en 1492, pero en Dinamarca no se hizo popular hasta mucho m\u00e1s tarde. En los primeros a\u00f1os de la historia del tabaco, fumaba principalmente el due\u00f1o de la casa, y esto ten\u00eda lugar en las casas elegantes, donde pod\u00eda retirarse despu\u00e9s de cenar y disfrutar de un cigarro o tabaco de pipa. El tabaco huele y se pega a la ropa, y de ah\u00ed el nombre del esmoquin, porque los caballeros no quer\u00edan molestar a las damas despu\u00e9s del cigarro de la cena, por lo que mientras fumaban se pon\u00edan una chaqueta especial que luego pod\u00edan tirar. cuando terminaron y as\u00ed evitar traer demasiado olor consigo.<\/p>\n<p>A finales del siglo XIX todav\u00eda no estaba bien visto que las mujeres fumaran un cigarrillo. S\u00f3lo en el per\u00edodo de entreguerras las mujeres comenzaron a fumar, y entonces se consider\u00f3 un s\u00edmbolo de libertad. El cigarrillo iba de la mano de la moda, donde la mujer llevaba el pelo corto y vestidos que dejaban ver tanto brazos como piernas. El cigarrillo se convirti\u00f3 en un s\u00edmbolo de su propio control y feminidad.<\/p>\n<\/div>\n<div class=\"dre-speech\">\n<p class=\"dre-article-body__paragraph\">Fumar tabaco es parte de nuestro patrimonio cultural y es una historia interesante de c\u00f3mo algo que fue da\u00f1ino durante muchos a\u00f1os se legaliz\u00f3 antes de que resultara muy da\u00f1ino hasta el d\u00eda de hoy, donde ha sido prohibido en muchos lugares. Hoy en d\u00eda, fumar ya no es un s\u00edmbolo de estatus como lo era entonces, sino m\u00e1s bien un s\u00edmbolo de que no tienes control sobre ti mismo y de que eres adicto a fumar.<\/p>\n<\/div>","protected":false},"excerpt":{"rendered":"<p>Esta fotograf\u00eda hist\u00f3rica de una mujer disfrutando de su libertad con un cigarrillo, feliz y satisfecha de s\u00ed misma, es un buen ejemplo de c\u00f3mo anta\u00f1o percib\u00edamos el tabaco. Hoy en d\u00eda puede resultar dif\u00edcil imaginar que fumar fuera popular en los viejos tiempos, que en realidad se considerara un signo de libertad durante un tiempo en el que se pod\u00eda disfrutar de un cigarrillo.<\/p>","protected":false},"featured_media":5388,"comment_status":"open","ping_status":"closed","template":"","meta":{"_mi_skip_tracking":false},"product_cat":[239,73],"product_tag":[],"class_list":{"0":"post-5115","1":"product","2":"type-product","3":"status-publish","4":"has-post-thumbnail","6":"product_cat-modeller","7":"product_cat-plakater","8":"pa_storrelse-a4-21x30cm","9":"pa_storrelse-a3-30x42cm","10":"pa_storrelse-b2-50x70cm","11":"pa_storrelse-b1-70x100cm","13":"first","14":"instock","15":"taxable","16":"shipping-taxable","17":"purchasable","18":"product-type-variable"},"yoast_head":"<!-- This site is optimized with the Yoast SEO plugin v24.2 - https:\/\/yoast.com\/wordpress\/plugins\/seo\/ -->\n<title>Dansk model med cigaret 2 Plakater | Spar 10% p\u00e5 et samles\u00e6t<\/title>\n<meta name=\"description\" content=\"K\u00f8b Dansk model med cigaret 2 Plakater. DEN BEDSTE KVALITET Til den bedste pris - Historiske danske plakater - se vores store udvalg her.\" \/>\n<meta name=\"robots\" content=\"index, follow, max-snippet:-1, max-image-preview:large, max-video-preview:-1\" \/>\n<link rel=\"canonical\" href=\"https:\/\/mycanvas.dk\/es\/producto\/dansk-model-med-cigaret\/\" \/>\n<meta property=\"og:locale\" content=\"es_ES\" \/>\n<meta property=\"og:type\" content=\"article\" \/>\n<meta property=\"og:title\" content=\"Dansk model med cigaret 2 Plakater | Spar 10% p\u00e5 et samles\u00e6t\" \/>\n<meta property=\"og:description\" content=\"K\u00f8b Dansk model med cigaret 2 Plakater. DEN BEDSTE KVALITET Til den bedste pris - Historiske danske plakater - se vores store udvalg her.\" \/>\n<meta property=\"og:url\" content=\"https:\/\/mycanvas.dk\/es\/producto\/dansk-model-med-cigaret\/\" \/>\n<meta property=\"og:site_name\" content=\"My Canvas\" \/>\n<meta property=\"article:publisher\" content=\"https:\/\/www.facebook.com\/MyCanvasDanmark\" \/>\n<meta property=\"article:modified_time\" content=\"2019-10-29T12:35:58+00:00\" \/>\n<meta property=\"og:image\" content=\"https:\/\/mycanvas.dk\/wp-content\/uploads\/2019\/10\/Rygende-model-ege.jpg\" \/>\n\t<meta property=\"og:image:width\" content=\"1448\" \/>\n\t<meta property=\"og:image:height\" content=\"2048\" \/>\n\t<meta property=\"og:image:type\" content=\"image\/jpeg\" \/>\n<meta name=\"twitter:card\" content=\"summary_large_image\" \/>\n<meta name=\"twitter:label1\" content=\"Tiempo de lectura\" \/>\n\t<meta name=\"twitter:data1\" content=\"2 minutos\" \/>\n<script type=\"application\/ld+json\" class=\"yoast-schema-graph\">{\"@context\":\"https:\/\/schema.org\",\"@graph\":[{\"@type\":\"WebPage\",\"@id\":\"https:\/\/mycanvas.dk\/vare\/dansk-model-med-cigaret\/\",\"url\":\"https:\/\/mycanvas.dk\/vare\/dansk-model-med-cigaret\/\",\"name\":\"Dansk model med cigaret 2 Plakater | Spar 10% p\u00e5 et samles\u00e6t\",\"isPartOf\":{\"@id\":\"https:\/\/mycanvas.dk\/#website\"},\"primaryImageOfPage\":{\"@id\":\"https:\/\/mycanvas.dk\/vare\/dansk-model-med-cigaret\/#primaryimage\"},\"image\":{\"@id\":\"https:\/\/mycanvas.dk\/vare\/dansk-model-med-cigaret\/#primaryimage\"},\"thumbnailUrl\":\"https:\/\/mycanvas.dk\/wp-content\/uploads\/2019\/10\/Rygende-model-ege.jpg\",\"datePublished\":\"2019-10-21T09:03:11+00:00\",\"dateModified\":\"2019-10-29T12:35:58+00:00\",\"description\":\"K\u00f8b Dansk model med cigaret 2 Plakater. DEN BEDSTE KVALITET Til den bedste pris - Historiske danske plakater - se vores store udvalg her.\",\"breadcrumb\":{\"@id\":\"https:\/\/mycanvas.dk\/vare\/dansk-model-med-cigaret\/#breadcrumb\"},\"inLanguage\":\"es\",\"potentialAction\":[{\"@type\":\"ReadAction\",\"target\":[\"https:\/\/mycanvas.dk\/vare\/dansk-model-med-cigaret\/\"]}]},{\"@type\":\"ImageObject\",\"inLanguage\":\"es\",\"@id\":\"https:\/\/mycanvas.dk\/vare\/dansk-model-med-cigaret\/#primaryimage\",\"url\":\"https:\/\/mycanvas.dk\/wp-content\/uploads\/2019\/10\/Rygende-model-ege.jpg\",\"contentUrl\":\"https:\/\/mycanvas.dk\/wp-content\/uploads\/2019\/10\/Rygende-model-ege.jpg\",\"width\":1448,\"height\":2048},{\"@type\":\"BreadcrumbList\",\"@id\":\"https:\/\/mycanvas.dk\/vare\/dansk-model-med-cigaret\/#breadcrumb\",\"itemListElement\":[{\"@type\":\"ListItem\",\"position\":1,\"name\":\"Hjem\",\"item\":\"https:\/\/mycanvas.dk\/\"},{\"@type\":\"ListItem\",\"position\":2,\"name\":\"Shop\",\"item\":\"https:\/\/mycanvas.dk\/shop\/\"},{\"@type\":\"ListItem\",\"position\":3,\"name\":\"Dansk model med cigaret 2\"}]},{\"@type\":\"WebSite\",\"@id\":\"https:\/\/mycanvas.dk\/#website\",\"url\":\"https:\/\/mycanvas.dk\/\",\"name\":\"My Canvas\",\"description\":\"Vi g\u00f8r danmarks historie til kunst\",\"publisher\":{\"@id\":\"https:\/\/mycanvas.dk\/#organization\"},\"potentialAction\":[{\"@type\":\"SearchAction\",\"target\":{\"@type\":\"EntryPoint\",\"urlTemplate\":\"https:\/\/mycanvas.dk\/?s={search_term_string}\"},\"query-input\":{\"@type\":\"PropertyValueSpecification\",\"valueRequired\":true,\"valueName\":\"search_term_string\"}}],\"inLanguage\":\"es\"},{\"@type\":\"Organization\",\"@id\":\"https:\/\/mycanvas.dk\/#organization\",\"name\":\"My Canvas\",\"url\":\"https:\/\/mycanvas.dk\/\",\"logo\":{\"@type\":\"ImageObject\",\"inLanguage\":\"es\",\"@id\":\"https:\/\/mycanvas.dk\/#\/schema\/logo\/image\/\",\"url\":\"https:\/\/mycanvas.dk\/wp-content\/uploads\/2018\/09\/MyCanvas-Logo-Nyeste.png\",\"contentUrl\":\"https:\/\/mycanvas.dk\/wp-content\/uploads\/2018\/09\/MyCanvas-Logo-Nyeste.png\",\"width\":1916,\"height\":736,\"caption\":\"My Canvas\"},\"image\":{\"@id\":\"https:\/\/mycanvas.dk\/#\/schema\/logo\/image\/\"},\"sameAs\":[\"https:\/\/www.facebook.com\/MyCanvasDanmark\",\"https:\/\/www.instagram.com\/mycanvasdk\/\"]}]}<\/script>\n<!-- \/ Yoast SEO plugin. -->","yoast_head_json":{"title":"Dansk model med cigaret 2 Plakater | Spar 10% p\u00e5 et samles\u00e6t","description":"K\u00f8b Dansk model med cigaret 2 Plakater. DEN BEDSTE KVALITET Til den bedste pris - Historiske danske plakater - se vores store udvalg her.","robots":{"index":"index","follow":"follow","max-snippet":"max-snippet:-1","max-image-preview":"max-image-preview:large","max-video-preview":"max-video-preview:-1"},"canonical":"https:\/\/mycanvas.dk\/es\/producto\/dansk-model-med-cigaret\/","og_locale":"es_ES","og_type":"article","og_title":"Dansk model med cigaret 2 Plakater | Spar 10% p\u00e5 et samles\u00e6t","og_description":"K\u00f8b Dansk model med cigaret 2 Plakater. DEN BEDSTE KVALITET Til den bedste pris - Historiske danske plakater - se vores store udvalg her.","og_url":"https:\/\/mycanvas.dk\/es\/producto\/dansk-model-med-cigaret\/","og_site_name":"My Canvas","article_publisher":"https:\/\/www.facebook.com\/MyCanvasDanmark","article_modified_time":"2019-10-29T12:35:58+00:00","og_image":[{"width":1448,"height":2048,"url":"https:\/\/mycanvas.dk\/wp-content\/uploads\/2019\/10\/Rygende-model-ege.jpg","type":"image\/jpeg"}],"twitter_card":"summary_large_image","twitter_misc":{"Tiempo de lectura":"2 minutos"},"schema":{"@context":"https:\/\/schema.org","@graph":[{"@type":"WebPage","@id":"https:\/\/mycanvas.dk\/vare\/dansk-model-med-cigaret\/","url":"https:\/\/mycanvas.dk\/vare\/dansk-model-med-cigaret\/","name":"Dansk model med cigaret 2 Plakater | Spar 10% p\u00e5 et samles\u00e6t","isPartOf":{"@id":"https:\/\/mycanvas.dk\/#website"},"primaryImageOfPage":{"@id":"https:\/\/mycanvas.dk\/vare\/dansk-model-med-cigaret\/#primaryimage"},"image":{"@id":"https:\/\/mycanvas.dk\/vare\/dansk-model-med-cigaret\/#primaryimage"},"thumbnailUrl":"https:\/\/mycanvas.dk\/wp-content\/uploads\/2019\/10\/Rygende-model-ege.jpg","datePublished":"2019-10-21T09:03:11+00:00","dateModified":"2019-10-29T12:35:58+00:00","description":"K\u00f8b Dansk model med cigaret 2 Plakater. DEN BEDSTE KVALITET Til den bedste pris - Historiske danske plakater - se vores store udvalg her.","breadcrumb":{"@id":"https:\/\/mycanvas.dk\/vare\/dansk-model-med-cigaret\/#breadcrumb"},"inLanguage":"es","potentialAction":[{"@type":"ReadAction","target":["https:\/\/mycanvas.dk\/vare\/dansk-model-med-cigaret\/"]}]},{"@type":"ImageObject","inLanguage":"es","@id":"https:\/\/mycanvas.dk\/vare\/dansk-model-med-cigaret\/#primaryimage","url":"https:\/\/mycanvas.dk\/wp-content\/uploads\/2019\/10\/Rygende-model-ege.jpg","contentUrl":"https:\/\/mycanvas.dk\/wp-content\/uploads\/2019\/10\/Rygende-model-ege.jpg","width":1448,"height":2048},{"@type":"BreadcrumbList","@id":"https:\/\/mycanvas.dk\/vare\/dansk-model-med-cigaret\/#breadcrumb","itemListElement":[{"@type":"ListItem","position":1,"name":"Hjem","item":"https:\/\/mycanvas.dk\/"},{"@type":"ListItem","position":2,"name":"Shop","item":"https:\/\/mycanvas.dk\/shop\/"},{"@type":"ListItem","position":3,"name":"Dansk model med cigaret 2"}]},{"@type":"WebSite","@id":"https:\/\/mycanvas.dk\/#website","url":"https:\/\/mycanvas.dk\/","name":"My Canvas","description":"Vi g\u00f8r danmarks historie til kunst","publisher":{"@id":"https:\/\/mycanvas.dk\/#organization"},"potentialAction":[{"@type":"SearchAction","target":{"@type":"EntryPoint","urlTemplate":"https:\/\/mycanvas.dk\/?s={search_term_string}"},"query-input":{"@type":"PropertyValueSpecification","valueRequired":true,"valueName":"search_term_string"}}],"inLanguage":"es"},{"@type":"Organization","@id":"https:\/\/mycanvas.dk\/#organization","name":"My Canvas","url":"https:\/\/mycanvas.dk\/","logo":{"@type":"ImageObject","inLanguage":"es","@id":"https:\/\/mycanvas.dk\/#\/schema\/logo\/image\/","url":"https:\/\/mycanvas.dk\/wp-content\/uploads\/2018\/09\/MyCanvas-Logo-Nyeste.png","contentUrl":"https:\/\/mycanvas.dk\/wp-content\/uploads\/2018\/09\/MyCanvas-Logo-Nyeste.png","width":1916,"height":736,"caption":"My Canvas"},"image":{"@id":"https:\/\/mycanvas.dk\/#\/schema\/logo\/image\/"},"sameAs":["https:\/\/www.facebook.com\/MyCanvasDanmark","https:\/\/www.instagram.com\/mycanvasdk\/"]}]}},"_links":{"self":[{"href":"https:\/\/mycanvas.dk\/es\/wp-json\/wp\/v2\/product\/5115","targetHints":{"allow":["GET"]}}],"collection":[{"href":"https:\/\/mycanvas.dk\/es\/wp-json\/wp\/v2\/product"}],"about":[{"href":"https:\/\/mycanvas.dk\/es\/wp-json\/wp\/v2\/types\/product"}],"replies":[{"embeddable":true,"href":"https:\/\/mycanvas.dk\/es\/wp-json\/wp\/v2\/comments?post=5115"}],"wp:featuredmedia":[{"embeddable":true,"href":"https:\/\/mycanvas.dk\/es\/wp-json\/wp\/v2\/media\/5388"}],"wp:attachment":[{"href":"https:\/\/mycanvas.dk\/es\/wp-json\/wp\/v2\/media?parent=5115"}],"wp:term":[{"taxonomy":"product_cat","embeddable":true,"href":"https:\/\/mycanvas.dk\/es\/wp-json\/wp\/v2\/product_cat?post=5115"},{"taxonomy":"product_tag","embeddable":true,"href":"https:\/\/mycanvas.dk\/es\/wp-json\/wp\/v2\/product_tag?post=5115"}],"curies":[{"name":"wp","href":"https:\/\/api.w.org\/{rel}","templated":true}]}}