
{"id":5125,"date":"2019-10-21T10:03:13","date_gmt":"2019-10-21T09:03:13","guid":{"rendered":"https:\/\/mycanvas.dk\/?post_type=product&#038;p=5125"},"modified":"2019-10-29T13:12:05","modified_gmt":"2019-10-29T12:12:05","slug":"til-alle-kvinder-kopier-3","status":"publish","type":"product","link":"https:\/\/mycanvas.dk\/es\/producto\/til-alle-kvinder-kopier-3\/","title":{"rendered":"Interiores de coches"},"content":{"rendered":"<p>Compre una imagen ambiental del interior de un autom\u00f3vil de los a\u00f1os 60. Han pasado muchas cosas desde entonces, pero hoy todav\u00eda se ven coches viejos circulando por el paisaje urbano. La fotograf\u00eda est\u00e1 llena de recuerdos cuando eres de esa \u00e9poca.<\/p>","protected":false},"excerpt":{"rendered":"<p>Compre una imagen ambiental del interior de un autom\u00f3vil de los a\u00f1os 60. Han pasado muchas cosas desde entonces, pero hoy todav\u00eda se ven coches viejos circulando por el paisaje urbano. La fotograf\u00eda est\u00e1 llena de recuerdos cuando eres de esa \u00e9poca.<\/p>","protected":false},"featured_media":7955,"comment_status":"open","ping_status":"closed","template":"","meta":{"_mi_skip_tracking":false},"product_cat":[241,73],"product_tag":[],"class_list":{"0":"post-5125","1":"product","2":"type-product","3":"status-publish","4":"has-post-thumbnail","6":"product_cat-transportmidler","7":"product_cat-plakater","8":"pa_storrelse-a4-21x30cm","9":"pa_storrelse-a3-30x42cm","10":"pa_storrelse-b2-50x70cm","11":"pa_storrelse-b1-70x100cm","13":"first","14":"instock","15":"taxable","16":"shipping-taxable","17":"purchasable","18":"product-type-variable"},"yoast_head":"<!-- This site is optimized with the Yoast SEO plugin v24.2 - https:\/\/yoast.com\/wordpress\/plugins\/seo\/ -->\n<title>Bil interiorer Plakater | Spar 10% p\u00e5 et samles\u00e6t - My Canvas<\/title>\n<meta name=\"description\" content=\"K\u00f8b Bil interiorer Plakater. DEN BEDSTE KVALITET Til den bedste pris - Historiske danske plakater - se vore store udvalg her.\" \/>\n<meta name=\"robots\" content=\"index, follow, max-snippet:-1, max-image-preview:large, max-video-preview:-1\" \/>\n<link rel=\"canonical\" href=\"https:\/\/mycanvas.dk\/es\/producto\/til-alle-kvinder-kopier-3\/\" \/>\n<meta property=\"og:locale\" content=\"es_ES\" \/>\n<meta property=\"og:type\" content=\"article\" \/>\n<meta property=\"og:title\" content=\"Bil interiorer Plakater | Spar 10% p\u00e5 et samles\u00e6t - My Canvas\" \/>\n<meta property=\"og:description\" content=\"K\u00f8b Bil interiorer Plakater. DEN BEDSTE KVALITET Til den bedste pris - Historiske danske plakater - se vore store udvalg her.\" \/>\n<meta property=\"og:url\" content=\"https:\/\/mycanvas.dk\/es\/producto\/til-alle-kvinder-kopier-3\/\" \/>\n<meta property=\"og:site_name\" content=\"My Canvas\" \/>\n<meta property=\"article:publisher\" content=\"https:\/\/www.facebook.com\/MyCanvasDanmark\" \/>\n<meta property=\"article:modified_time\" content=\"2019-10-29T12:12:05+00:00\" \/>\n<meta property=\"og:image\" content=\"https:\/\/mycanvas.dk\/wp-content\/uploads\/2019\/10\/Rat-i-bil-eg-1.jpg\" \/>\n\t<meta property=\"og:image:width\" content=\"2480\" \/>\n\t<meta property=\"og:image:height\" content=\"3508\" \/>\n\t<meta property=\"og:image:type\" content=\"image\/jpeg\" \/>\n<meta name=\"twitter:card\" content=\"summary_large_image\" \/>\n<script type=\"application\/ld+json\" class=\"yoast-schema-graph\">{\"@context\":\"https:\/\/schema.org\",\"@graph\":[{\"@type\":\"WebPage\",\"@id\":\"https:\/\/mycanvas.dk\/vare\/til-alle-kvinder-kopier-3\/\",\"url\":\"https:\/\/mycanvas.dk\/vare\/til-alle-kvinder-kopier-3\/\",\"name\":\"Bil interiorer Plakater | Spar 10% p\u00e5 et samles\u00e6t - My Canvas\",\"isPartOf\":{\"@id\":\"https:\/\/mycanvas.dk\/#website\"},\"primaryImageOfPage\":{\"@id\":\"https:\/\/mycanvas.dk\/vare\/til-alle-kvinder-kopier-3\/#primaryimage\"},\"image\":{\"@id\":\"https:\/\/mycanvas.dk\/vare\/til-alle-kvinder-kopier-3\/#primaryimage\"},\"thumbnailUrl\":\"https:\/\/mycanvas.dk\/wp-content\/uploads\/2019\/10\/Rat-i-bil-eg-1.jpg\",\"datePublished\":\"2019-10-21T09:03:13+00:00\",\"dateModified\":\"2019-10-29T12:12:05+00:00\",\"description\":\"K\u00f8b Bil interiorer Plakater. DEN BEDSTE KVALITET Til den bedste pris - Historiske danske plakater - se vore store udvalg her.\",\"breadcrumb\":{\"@id\":\"https:\/\/mycanvas.dk\/vare\/til-alle-kvinder-kopier-3\/#breadcrumb\"},\"inLanguage\":\"es\",\"potentialAction\":[{\"@type\":\"ReadAction\",\"target\":[\"https:\/\/mycanvas.dk\/vare\/til-alle-kvinder-kopier-3\/\"]}]},{\"@type\":\"ImageObject\",\"inLanguage\":\"es\",\"@id\":\"https:\/\/mycanvas.dk\/vare\/til-alle-kvinder-kopier-3\/#primaryimage\",\"url\":\"https:\/\/mycanvas.dk\/wp-content\/uploads\/2019\/10\/Rat-i-bil-eg-1.jpg\",\"contentUrl\":\"https:\/\/mycanvas.dk\/wp-content\/uploads\/2019\/10\/Rat-i-bil-eg-1.jpg\",\"width\":2480,\"height\":3508},{\"@type\":\"BreadcrumbList\",\"@id\":\"https:\/\/mycanvas.dk\/vare\/til-alle-kvinder-kopier-3\/#breadcrumb\",\"itemListElement\":[{\"@type\":\"ListItem\",\"position\":1,\"name\":\"Hjem\",\"item\":\"https:\/\/mycanvas.dk\/\"},{\"@type\":\"ListItem\",\"position\":2,\"name\":\"Shop\",\"item\":\"https:\/\/mycanvas.dk\/shop\/\"},{\"@type\":\"ListItem\",\"position\":3,\"name\":\"Bil interiorer\"}]},{\"@type\":\"WebSite\",\"@id\":\"https:\/\/mycanvas.dk\/#website\",\"url\":\"https:\/\/mycanvas.dk\/\",\"name\":\"My Canvas\",\"description\":\"Vi g\u00f8r danmarks historie til kunst\",\"publisher\":{\"@id\":\"https:\/\/mycanvas.dk\/#organization\"},\"potentialAction\":[{\"@type\":\"SearchAction\",\"target\":{\"@type\":\"EntryPoint\",\"urlTemplate\":\"https:\/\/mycanvas.dk\/?s={search_term_string}\"},\"query-input\":{\"@type\":\"PropertyValueSpecification\",\"valueRequired\":true,\"valueName\":\"search_term_string\"}}],\"inLanguage\":\"es\"},{\"@type\":\"Organization\",\"@id\":\"https:\/\/mycanvas.dk\/#organization\",\"name\":\"My Canvas\",\"url\":\"https:\/\/mycanvas.dk\/\",\"logo\":{\"@type\":\"ImageObject\",\"inLanguage\":\"es\",\"@id\":\"https:\/\/mycanvas.dk\/#\/schema\/logo\/image\/\",\"url\":\"https:\/\/mycanvas.dk\/wp-content\/uploads\/2018\/09\/MyCanvas-Logo-Nyeste.png\",\"contentUrl\":\"https:\/\/mycanvas.dk\/wp-content\/uploads\/2018\/09\/MyCanvas-Logo-Nyeste.png\",\"width\":1916,\"height\":736,\"caption\":\"My Canvas\"},\"image\":{\"@id\":\"https:\/\/mycanvas.dk\/#\/schema\/logo\/image\/\"},\"sameAs\":[\"https:\/\/www.facebook.com\/MyCanvasDanmark\",\"https:\/\/www.instagram.com\/mycanvasdk\/\"]}]}<\/script>\n<!-- \/ Yoast SEO plugin. -->","yoast_head_json":{"title":"Bil interiorer Plakater | Spar 10% p\u00e5 et samles\u00e6t - My Canvas","description":"K\u00f8b Bil interiorer Plakater. DEN BEDSTE KVALITET Til den bedste pris - Historiske danske plakater - se vore store udvalg her.","robots":{"index":"index","follow":"follow","max-snippet":"max-snippet:-1","max-image-preview":"max-image-preview:large","max-video-preview":"max-video-preview:-1"},"canonical":"https:\/\/mycanvas.dk\/es\/producto\/til-alle-kvinder-kopier-3\/","og_locale":"es_ES","og_type":"article","og_title":"Bil interiorer Plakater | Spar 10% p\u00e5 et samles\u00e6t - My Canvas","og_description":"K\u00f8b Bil interiorer Plakater. DEN BEDSTE KVALITET Til den bedste pris - Historiske danske plakater - se vore store udvalg her.","og_url":"https:\/\/mycanvas.dk\/es\/producto\/til-alle-kvinder-kopier-3\/","og_site_name":"My Canvas","article_publisher":"https:\/\/www.facebook.com\/MyCanvasDanmark","article_modified_time":"2019-10-29T12:12:05+00:00","og_image":[{"width":2480,"height":3508,"url":"https:\/\/mycanvas.dk\/wp-content\/uploads\/2019\/10\/Rat-i-bil-eg-1.jpg","type":"image\/jpeg"}],"twitter_card":"summary_large_image","schema":{"@context":"https:\/\/schema.org","@graph":[{"@type":"WebPage","@id":"https:\/\/mycanvas.dk\/vare\/til-alle-kvinder-kopier-3\/","url":"https:\/\/mycanvas.dk\/vare\/til-alle-kvinder-kopier-3\/","name":"Bil interiorer Plakater | Spar 10% p\u00e5 et samles\u00e6t - My Canvas","isPartOf":{"@id":"https:\/\/mycanvas.dk\/#website"},"primaryImageOfPage":{"@id":"https:\/\/mycanvas.dk\/vare\/til-alle-kvinder-kopier-3\/#primaryimage"},"image":{"@id":"https:\/\/mycanvas.dk\/vare\/til-alle-kvinder-kopier-3\/#primaryimage"},"thumbnailUrl":"https:\/\/mycanvas.dk\/wp-content\/uploads\/2019\/10\/Rat-i-bil-eg-1.jpg","datePublished":"2019-10-21T09:03:13+00:00","dateModified":"2019-10-29T12:12:05+00:00","description":"K\u00f8b Bil interiorer Plakater. DEN BEDSTE KVALITET Til den bedste pris - Historiske danske plakater - se vore store udvalg her.","breadcrumb":{"@id":"https:\/\/mycanvas.dk\/vare\/til-alle-kvinder-kopier-3\/#breadcrumb"},"inLanguage":"es","potentialAction":[{"@type":"ReadAction","target":["https:\/\/mycanvas.dk\/vare\/til-alle-kvinder-kopier-3\/"]}]},{"@type":"ImageObject","inLanguage":"es","@id":"https:\/\/mycanvas.dk\/vare\/til-alle-kvinder-kopier-3\/#primaryimage","url":"https:\/\/mycanvas.dk\/wp-content\/uploads\/2019\/10\/Rat-i-bil-eg-1.jpg","contentUrl":"https:\/\/mycanvas.dk\/wp-content\/uploads\/2019\/10\/Rat-i-bil-eg-1.jpg","width":2480,"height":3508},{"@type":"BreadcrumbList","@id":"https:\/\/mycanvas.dk\/vare\/til-alle-kvinder-kopier-3\/#breadcrumb","itemListElement":[{"@type":"ListItem","position":1,"name":"Hjem","item":"https:\/\/mycanvas.dk\/"},{"@type":"ListItem","position":2,"name":"Shop","item":"https:\/\/mycanvas.dk\/shop\/"},{"@type":"ListItem","position":3,"name":"Bil interiorer"}]},{"@type":"WebSite","@id":"https:\/\/mycanvas.dk\/#website","url":"https:\/\/mycanvas.dk\/","name":"My Canvas","description":"Vi g\u00f8r danmarks historie til kunst","publisher":{"@id":"https:\/\/mycanvas.dk\/#organization"},"potentialAction":[{"@type":"SearchAction","target":{"@type":"EntryPoint","urlTemplate":"https:\/\/mycanvas.dk\/?s={search_term_string}"},"query-input":{"@type":"PropertyValueSpecification","valueRequired":true,"valueName":"search_term_string"}}],"inLanguage":"es"},{"@type":"Organization","@id":"https:\/\/mycanvas.dk\/#organization","name":"My Canvas","url":"https:\/\/mycanvas.dk\/","logo":{"@type":"ImageObject","inLanguage":"es","@id":"https:\/\/mycanvas.dk\/#\/schema\/logo\/image\/","url":"https:\/\/mycanvas.dk\/wp-content\/uploads\/2018\/09\/MyCanvas-Logo-Nyeste.png","contentUrl":"https:\/\/mycanvas.dk\/wp-content\/uploads\/2018\/09\/MyCanvas-Logo-Nyeste.png","width":1916,"height":736,"caption":"My Canvas"},"image":{"@id":"https:\/\/mycanvas.dk\/#\/schema\/logo\/image\/"},"sameAs":["https:\/\/www.facebook.com\/MyCanvasDanmark","https:\/\/www.instagram.com\/mycanvasdk\/"]}]}},"_links":{"self":[{"href":"https:\/\/mycanvas.dk\/es\/wp-json\/wp\/v2\/product\/5125","targetHints":{"allow":["GET"]}}],"collection":[{"href":"https:\/\/mycanvas.dk\/es\/wp-json\/wp\/v2\/product"}],"about":[{"href":"https:\/\/mycanvas.dk\/es\/wp-json\/wp\/v2\/types\/product"}],"replies":[{"embeddable":true,"href":"https:\/\/mycanvas.dk\/es\/wp-json\/wp\/v2\/comments?post=5125"}],"wp:featuredmedia":[{"embeddable":true,"href":"https:\/\/mycanvas.dk\/es\/wp-json\/wp\/v2\/media\/7955"}],"wp:attachment":[{"href":"https:\/\/mycanvas.dk\/es\/wp-json\/wp\/v2\/media?parent=5125"}],"wp:term":[{"taxonomy":"product_cat","embeddable":true,"href":"https:\/\/mycanvas.dk\/es\/wp-json\/wp\/v2\/product_cat?post=5125"},{"taxonomy":"product_tag","embeddable":true,"href":"https:\/\/mycanvas.dk\/es\/wp-json\/wp\/v2\/product_tag?post=5125"}],"curies":[{"name":"wp","href":"https:\/\/api.w.org\/{rel}","templated":true}]}}