
{"id":5140,"date":"2019-10-21T10:03:17","date_gmt":"2019-10-21T09:03:17","guid":{"rendered":"https:\/\/mycanvas.dk\/?post_type=product&#038;p=5140"},"modified":"2019-10-29T13:09:07","modified_gmt":"2019-10-29T12:09:07","slug":"halvnoegen-model-i-danmark","status":"publish","type":"product","link":"https:\/\/mycanvas.dk\/es\/producto\/halvnoegen-model-i-danmark\/","title":{"rendered":"Modelo semidesnuda en Dinamarca"},"content":{"rendered":"<p>La modelo femenina semidesnuda en el centro de la imagen parece un poco provocativa y un poco interesante para su \u00e9poca. El cuerpo femenino era considerado un objeto sexual y t\u00fa, como mujer, no ten\u00edas mucho que decir en la \u00e9poca anterior a los a\u00f1os 1960. La fotograf\u00eda fue tomada durante una feria de sexo en la sala KB.<\/p>\n<p>Todos los prejuicios de que la mujer pertenece a la cocina o que el hombre ten\u00eda un trabajo y deb\u00eda mantener, prevalecieron antes de los a\u00f1os 60, cuando las rupturas poco a poco salieron a la luz. Las mujeres quer\u00edan igualdad y que se les permitiera controlar sus cuerpos. Hubo un aumento en el n\u00famero de mujeres en el mercado laboral, y esto trajo consigo igualdad salarial, planes de maternidad y nuevas divisiones del trabajo en el hogar. La p\u00edldora sali\u00f3 al mercado por primera vez en 1966 y el aborto gratuito se introdujo en 1973. &quot;Mujer, conoce tu cuerpo&quot; se cre\u00f3 en 1975 y sigue siendo popular hasta el d\u00eda de hoy. Algunos se atrever\u00edan a llamarlo un &quot;manual&quot; sobre el cuerpo de la mujer. La idea del libro era que fuera un libro de autoayuda escrito por mujeres para mujeres. Ten\u00eda que educar e informar a otras mujeres sobre sus cuerpos y las condiciones especiales asociadas a ser mujer. Al mismo tiempo, el libro tambi\u00e9n fue una protesta contra toda la informaci\u00f3n y tratamiento del cuerpo femenino que llevaban a cabo los hombres en los a\u00f1os setenta. Posteriormente, el libro ha sido revisado varias veces, pero la idea sigue siendo la misma, centr\u00e1ndose en el cuerpo femenino natural y sin retoques.<\/p>","protected":false},"excerpt":{"rendered":"<p>La modelo femenina semidesnuda en el centro de la imagen parece un poco provocativa y un poco interesante para su \u00e9poca. El cuerpo femenino era considerado un objeto sexual y t\u00fa, como mujer, no ten\u00edas mucho que decir en la \u00e9poca anterior a los a\u00f1os 1960. La fotograf\u00eda fue tomada durante una feria de sexo en la sala KB.<\/p>","protected":false},"featured_media":5381,"comment_status":"open","ping_status":"closed","template":"","meta":{"_mi_skip_tracking":false},"product_cat":[239,73],"product_tag":[],"class_list":{"0":"post-5140","1":"product","2":"type-product","3":"status-publish","4":"has-post-thumbnail","6":"product_cat-modeller","7":"product_cat-plakater","8":"pa_storrelse-a4-21x30cm","9":"pa_storrelse-a3-30x42cm","10":"pa_storrelse-b2-50x70cm","11":"pa_storrelse-b1-70x100cm","13":"first","14":"instock","15":"taxable","16":"shipping-taxable","17":"purchasable","18":"product-type-variable"},"yoast_head":"<!-- This site is optimized with the Yoast SEO plugin v24.2 - https:\/\/yoast.com\/wordpress\/plugins\/seo\/ -->\n<title>Halvn\u00f8gen model i Danmark Plakater | Spar 10% p\u00e5 et samles\u00e6t<\/title>\n<meta name=\"description\" content=\"K\u00f8b Halvn\u00f8gen model i Danmark Plakater. DEN BEDSTE KVALITET Til den bedste pris - Historiske danske plakater - se vores store udvalg her.\" \/>\n<meta name=\"robots\" content=\"index, follow, max-snippet:-1, max-image-preview:large, max-video-preview:-1\" \/>\n<link rel=\"canonical\" href=\"https:\/\/mycanvas.dk\/es\/producto\/halvnoegen-model-i-danmark\/\" \/>\n<meta property=\"og:locale\" content=\"es_ES\" \/>\n<meta property=\"og:type\" content=\"article\" \/>\n<meta property=\"og:title\" content=\"Halvn\u00f8gen model i Danmark Plakater | Spar 10% p\u00e5 et samles\u00e6t\" \/>\n<meta property=\"og:description\" content=\"K\u00f8b Halvn\u00f8gen model i Danmark Plakater. DEN BEDSTE KVALITET Til den bedste pris - Historiske danske plakater - se vores store udvalg her.\" \/>\n<meta property=\"og:url\" content=\"https:\/\/mycanvas.dk\/es\/producto\/halvnoegen-model-i-danmark\/\" \/>\n<meta property=\"og:site_name\" content=\"My Canvas\" \/>\n<meta property=\"article:publisher\" content=\"https:\/\/www.facebook.com\/MyCanvasDanmark\" \/>\n<meta property=\"article:modified_time\" content=\"2019-10-29T12:09:07+00:00\" \/>\n<meta property=\"og:image\" content=\"https:\/\/mycanvas.dk\/wp-content\/uploads\/2019\/10\/N\u00f8genmodel-ege.jpg\" \/>\n\t<meta property=\"og:image:width\" content=\"1448\" \/>\n\t<meta property=\"og:image:height\" content=\"2048\" \/>\n\t<meta property=\"og:image:type\" content=\"image\/jpeg\" \/>\n<meta name=\"twitter:card\" content=\"summary_large_image\" \/>\n<meta name=\"twitter:label1\" content=\"Tiempo de lectura\" \/>\n\t<meta name=\"twitter:data1\" content=\"1 minuto\" \/>\n<script type=\"application\/ld+json\" class=\"yoast-schema-graph\">{\"@context\":\"https:\/\/schema.org\",\"@graph\":[{\"@type\":\"WebPage\",\"@id\":\"https:\/\/mycanvas.dk\/vare\/halvnoegen-model-i-danmark\/\",\"url\":\"https:\/\/mycanvas.dk\/vare\/halvnoegen-model-i-danmark\/\",\"name\":\"Halvn\u00f8gen model i Danmark Plakater | Spar 10% p\u00e5 et samles\u00e6t\",\"isPartOf\":{\"@id\":\"https:\/\/mycanvas.dk\/#website\"},\"primaryImageOfPage\":{\"@id\":\"https:\/\/mycanvas.dk\/vare\/halvnoegen-model-i-danmark\/#primaryimage\"},\"image\":{\"@id\":\"https:\/\/mycanvas.dk\/vare\/halvnoegen-model-i-danmark\/#primaryimage\"},\"thumbnailUrl\":\"https:\/\/mycanvas.dk\/wp-content\/uploads\/2019\/10\/N\u00f8genmodel-ege.jpg\",\"datePublished\":\"2019-10-21T09:03:17+00:00\",\"dateModified\":\"2019-10-29T12:09:07+00:00\",\"description\":\"K\u00f8b Halvn\u00f8gen model i Danmark Plakater. DEN BEDSTE KVALITET Til den bedste pris - Historiske danske plakater - se vores store udvalg her.\",\"breadcrumb\":{\"@id\":\"https:\/\/mycanvas.dk\/vare\/halvnoegen-model-i-danmark\/#breadcrumb\"},\"inLanguage\":\"es\",\"potentialAction\":[{\"@type\":\"ReadAction\",\"target\":[\"https:\/\/mycanvas.dk\/vare\/halvnoegen-model-i-danmark\/\"]}]},{\"@type\":\"ImageObject\",\"inLanguage\":\"es\",\"@id\":\"https:\/\/mycanvas.dk\/vare\/halvnoegen-model-i-danmark\/#primaryimage\",\"url\":\"https:\/\/mycanvas.dk\/wp-content\/uploads\/2019\/10\/N\u00f8genmodel-ege.jpg\",\"contentUrl\":\"https:\/\/mycanvas.dk\/wp-content\/uploads\/2019\/10\/N\u00f8genmodel-ege.jpg\",\"width\":1448,\"height\":2048},{\"@type\":\"BreadcrumbList\",\"@id\":\"https:\/\/mycanvas.dk\/vare\/halvnoegen-model-i-danmark\/#breadcrumb\",\"itemListElement\":[{\"@type\":\"ListItem\",\"position\":1,\"name\":\"Hjem\",\"item\":\"https:\/\/mycanvas.dk\/\"},{\"@type\":\"ListItem\",\"position\":2,\"name\":\"Shop\",\"item\":\"https:\/\/mycanvas.dk\/shop\/\"},{\"@type\":\"ListItem\",\"position\":3,\"name\":\"Halvn\u00f8gen model i Danmark\"}]},{\"@type\":\"WebSite\",\"@id\":\"https:\/\/mycanvas.dk\/#website\",\"url\":\"https:\/\/mycanvas.dk\/\",\"name\":\"My Canvas\",\"description\":\"Vi g\u00f8r danmarks historie til kunst\",\"publisher\":{\"@id\":\"https:\/\/mycanvas.dk\/#organization\"},\"potentialAction\":[{\"@type\":\"SearchAction\",\"target\":{\"@type\":\"EntryPoint\",\"urlTemplate\":\"https:\/\/mycanvas.dk\/?s={search_term_string}\"},\"query-input\":{\"@type\":\"PropertyValueSpecification\",\"valueRequired\":true,\"valueName\":\"search_term_string\"}}],\"inLanguage\":\"es\"},{\"@type\":\"Organization\",\"@id\":\"https:\/\/mycanvas.dk\/#organization\",\"name\":\"My Canvas\",\"url\":\"https:\/\/mycanvas.dk\/\",\"logo\":{\"@type\":\"ImageObject\",\"inLanguage\":\"es\",\"@id\":\"https:\/\/mycanvas.dk\/#\/schema\/logo\/image\/\",\"url\":\"https:\/\/mycanvas.dk\/wp-content\/uploads\/2018\/09\/MyCanvas-Logo-Nyeste.png\",\"contentUrl\":\"https:\/\/mycanvas.dk\/wp-content\/uploads\/2018\/09\/MyCanvas-Logo-Nyeste.png\",\"width\":1916,\"height\":736,\"caption\":\"My Canvas\"},\"image\":{\"@id\":\"https:\/\/mycanvas.dk\/#\/schema\/logo\/image\/\"},\"sameAs\":[\"https:\/\/www.facebook.com\/MyCanvasDanmark\",\"https:\/\/www.instagram.com\/mycanvasdk\/\"]}]}<\/script>\n<!-- \/ Yoast SEO plugin. -->","yoast_head_json":{"title":"Halvn\u00f8gen model i Danmark Plakater | Spar 10% p\u00e5 et samles\u00e6t","description":"K\u00f8b Halvn\u00f8gen model i Danmark Plakater. DEN BEDSTE KVALITET Til den bedste pris - Historiske danske plakater - se vores store udvalg her.","robots":{"index":"index","follow":"follow","max-snippet":"max-snippet:-1","max-image-preview":"max-image-preview:large","max-video-preview":"max-video-preview:-1"},"canonical":"https:\/\/mycanvas.dk\/es\/producto\/halvnoegen-model-i-danmark\/","og_locale":"es_ES","og_type":"article","og_title":"Halvn\u00f8gen model i Danmark Plakater | Spar 10% p\u00e5 et samles\u00e6t","og_description":"K\u00f8b Halvn\u00f8gen model i Danmark Plakater. DEN BEDSTE KVALITET Til den bedste pris - Historiske danske plakater - se vores store udvalg her.","og_url":"https:\/\/mycanvas.dk\/es\/producto\/halvnoegen-model-i-danmark\/","og_site_name":"My Canvas","article_publisher":"https:\/\/www.facebook.com\/MyCanvasDanmark","article_modified_time":"2019-10-29T12:09:07+00:00","og_image":[{"width":1448,"height":2048,"url":"https:\/\/mycanvas.dk\/wp-content\/uploads\/2019\/10\/N\u00f8genmodel-ege.jpg","type":"image\/jpeg"}],"twitter_card":"summary_large_image","twitter_misc":{"Tiempo de lectura":"1 minuto"},"schema":{"@context":"https:\/\/schema.org","@graph":[{"@type":"WebPage","@id":"https:\/\/mycanvas.dk\/vare\/halvnoegen-model-i-danmark\/","url":"https:\/\/mycanvas.dk\/vare\/halvnoegen-model-i-danmark\/","name":"Halvn\u00f8gen model i Danmark Plakater | Spar 10% p\u00e5 et samles\u00e6t","isPartOf":{"@id":"https:\/\/mycanvas.dk\/#website"},"primaryImageOfPage":{"@id":"https:\/\/mycanvas.dk\/vare\/halvnoegen-model-i-danmark\/#primaryimage"},"image":{"@id":"https:\/\/mycanvas.dk\/vare\/halvnoegen-model-i-danmark\/#primaryimage"},"thumbnailUrl":"https:\/\/mycanvas.dk\/wp-content\/uploads\/2019\/10\/N\u00f8genmodel-ege.jpg","datePublished":"2019-10-21T09:03:17+00:00","dateModified":"2019-10-29T12:09:07+00:00","description":"K\u00f8b Halvn\u00f8gen model i Danmark Plakater. DEN BEDSTE KVALITET Til den bedste pris - Historiske danske plakater - se vores store udvalg her.","breadcrumb":{"@id":"https:\/\/mycanvas.dk\/vare\/halvnoegen-model-i-danmark\/#breadcrumb"},"inLanguage":"es","potentialAction":[{"@type":"ReadAction","target":["https:\/\/mycanvas.dk\/vare\/halvnoegen-model-i-danmark\/"]}]},{"@type":"ImageObject","inLanguage":"es","@id":"https:\/\/mycanvas.dk\/vare\/halvnoegen-model-i-danmark\/#primaryimage","url":"https:\/\/mycanvas.dk\/wp-content\/uploads\/2019\/10\/N\u00f8genmodel-ege.jpg","contentUrl":"https:\/\/mycanvas.dk\/wp-content\/uploads\/2019\/10\/N\u00f8genmodel-ege.jpg","width":1448,"height":2048},{"@type":"BreadcrumbList","@id":"https:\/\/mycanvas.dk\/vare\/halvnoegen-model-i-danmark\/#breadcrumb","itemListElement":[{"@type":"ListItem","position":1,"name":"Hjem","item":"https:\/\/mycanvas.dk\/"},{"@type":"ListItem","position":2,"name":"Shop","item":"https:\/\/mycanvas.dk\/shop\/"},{"@type":"ListItem","position":3,"name":"Halvn\u00f8gen model i Danmark"}]},{"@type":"WebSite","@id":"https:\/\/mycanvas.dk\/#website","url":"https:\/\/mycanvas.dk\/","name":"My Canvas","description":"Vi g\u00f8r danmarks historie til kunst","publisher":{"@id":"https:\/\/mycanvas.dk\/#organization"},"potentialAction":[{"@type":"SearchAction","target":{"@type":"EntryPoint","urlTemplate":"https:\/\/mycanvas.dk\/?s={search_term_string}"},"query-input":{"@type":"PropertyValueSpecification","valueRequired":true,"valueName":"search_term_string"}}],"inLanguage":"es"},{"@type":"Organization","@id":"https:\/\/mycanvas.dk\/#organization","name":"My Canvas","url":"https:\/\/mycanvas.dk\/","logo":{"@type":"ImageObject","inLanguage":"es","@id":"https:\/\/mycanvas.dk\/#\/schema\/logo\/image\/","url":"https:\/\/mycanvas.dk\/wp-content\/uploads\/2018\/09\/MyCanvas-Logo-Nyeste.png","contentUrl":"https:\/\/mycanvas.dk\/wp-content\/uploads\/2018\/09\/MyCanvas-Logo-Nyeste.png","width":1916,"height":736,"caption":"My Canvas"},"image":{"@id":"https:\/\/mycanvas.dk\/#\/schema\/logo\/image\/"},"sameAs":["https:\/\/www.facebook.com\/MyCanvasDanmark","https:\/\/www.instagram.com\/mycanvasdk\/"]}]}},"_links":{"self":[{"href":"https:\/\/mycanvas.dk\/es\/wp-json\/wp\/v2\/product\/5140","targetHints":{"allow":["GET"]}}],"collection":[{"href":"https:\/\/mycanvas.dk\/es\/wp-json\/wp\/v2\/product"}],"about":[{"href":"https:\/\/mycanvas.dk\/es\/wp-json\/wp\/v2\/types\/product"}],"replies":[{"embeddable":true,"href":"https:\/\/mycanvas.dk\/es\/wp-json\/wp\/v2\/comments?post=5140"}],"wp:featuredmedia":[{"embeddable":true,"href":"https:\/\/mycanvas.dk\/es\/wp-json\/wp\/v2\/media\/5381"}],"wp:attachment":[{"href":"https:\/\/mycanvas.dk\/es\/wp-json\/wp\/v2\/media?parent=5140"}],"wp:term":[{"taxonomy":"product_cat","embeddable":true,"href":"https:\/\/mycanvas.dk\/es\/wp-json\/wp\/v2\/product_cat?post=5140"},{"taxonomy":"product_tag","embeddable":true,"href":"https:\/\/mycanvas.dk\/es\/wp-json\/wp\/v2\/product_tag?post=5140"}],"curies":[{"name":"wp","href":"https:\/\/api.w.org\/{rel}","templated":true}]}}