
{"id":5160,"date":"2019-10-21T10:03:21","date_gmt":"2019-10-21T09:03:21","guid":{"rendered":"https:\/\/mycanvas.dk\/?post_type=product&#038;p=5160"},"modified":"2019-10-29T13:05:45","modified_gmt":"2019-10-29T12:05:45","slug":"kendt-dansk-model","status":"publish","type":"product","link":"https:\/\/mycanvas.dk\/es\/producto\/kendt-dansk-model\/","title":{"rendered":"Conocida modelo danesa"},"content":{"rendered":"<p>La modelo fotogr\u00e1fica Hanne Smyrner, conocida internacionalmente como &quot;Ann Smyrner&quot; (1934 \u2013 2016). Era principalmente conocida por su carrera en pel\u00edculas alemanas, pero naci\u00f3 y creci\u00f3 en Dinamarca y se form\u00f3 en el Teatro de Aarhus en 1956, donde debut\u00f3 en su papel de Gulnare en Aladdin. Despu\u00e9s se fue a Alemania e hizo varias pel\u00edculas, y una sola pel\u00edcula danesa en 1961, Reptilicus. Dej\u00f3 su carrera muy abruptamente a finales de 1971 y se instal\u00f3 en Espa\u00f1a, donde se gan\u00f3 la vida dando conferencias. Caus\u00f3 sensaci\u00f3n en Dinamarca en los a\u00f1os 80 cuando confes\u00f3 ser satanista, pero aparte de eso, no fue muy sensacionalista en su tierra natal. Logr\u00f3 protagonizar 44 pel\u00edculas extranjeras diferentes.<\/p>","protected":false},"excerpt":{"rendered":"<p>La modelo fotogr\u00e1fica Hanne Smyrner, conocida internacionalmente como &quot;Ann Smyrner&quot; (1934 \u2013 2016). Era principalmente conocida por su carrera en pel\u00edculas alemanas, pero naci\u00f3 y creci\u00f3 en Dinamarca y se form\u00f3 en el Teatro de Aarhus en 1956, donde debut\u00f3 en su papel de Gulnare en Aladdin.<\/p>","protected":false},"featured_media":5377,"comment_status":"open","ping_status":"closed","template":"","meta":{"_mi_skip_tracking":false},"product_cat":[239,73],"product_tag":[],"class_list":{"0":"post-5160","1":"product","2":"type-product","3":"status-publish","4":"has-post-thumbnail","6":"product_cat-modeller","7":"product_cat-plakater","8":"pa_storrelse-a4-21x30cm","9":"pa_storrelse-a3-30x42cm","10":"pa_storrelse-b2-50x70cm","11":"pa_storrelse-b1-70x100cm","13":"first","14":"instock","15":"taxable","16":"shipping-taxable","17":"purchasable","18":"product-type-variable"},"yoast_head":"<!-- This site is optimized with the Yoast SEO plugin v24.2 - https:\/\/yoast.com\/wordpress\/plugins\/seo\/ -->\n<title>Kendt dansk model Plakater | Spar 10% p\u00e5 et samles\u00e6t - My Canvas<\/title>\n<meta name=\"description\" content=\"K\u00f8b Kendt dansk model Plakater. DEN BEDSTE KVALITET Til den bedste pris - Historiske danske plakater. dette fotografi af hanne smyrner\" \/>\n<meta name=\"robots\" content=\"index, follow, max-snippet:-1, max-image-preview:large, max-video-preview:-1\" \/>\n<link rel=\"canonical\" href=\"https:\/\/mycanvas.dk\/es\/producto\/kendt-dansk-model\/\" \/>\n<meta property=\"og:locale\" content=\"es_ES\" \/>\n<meta property=\"og:type\" content=\"article\" \/>\n<meta property=\"og:title\" content=\"Kendt dansk model Plakater | Spar 10% p\u00e5 et samles\u00e6t - My Canvas\" \/>\n<meta property=\"og:description\" content=\"K\u00f8b Kendt dansk model Plakater. DEN BEDSTE KVALITET Til den bedste pris - Historiske danske plakater. dette fotografi af hanne smyrner\" \/>\n<meta property=\"og:url\" content=\"https:\/\/mycanvas.dk\/es\/producto\/kendt-dansk-model\/\" \/>\n<meta property=\"og:site_name\" content=\"My Canvas\" \/>\n<meta property=\"article:publisher\" content=\"https:\/\/www.facebook.com\/MyCanvasDanmark\" \/>\n<meta property=\"article:modified_time\" content=\"2019-10-29T12:05:45+00:00\" \/>\n<meta property=\"og:image\" content=\"https:\/\/mycanvas.dk\/wp-content\/uploads\/2019\/10\/Model-med-sm\u00f8g-ege.jpg\" \/>\n\t<meta property=\"og:image:width\" content=\"1448\" \/>\n\t<meta property=\"og:image:height\" content=\"2048\" \/>\n\t<meta property=\"og:image:type\" content=\"image\/jpeg\" \/>\n<meta name=\"twitter:card\" content=\"summary_large_image\" \/>\n<meta name=\"twitter:label1\" content=\"Tiempo de lectura\" \/>\n\t<meta name=\"twitter:data1\" content=\"1 minuto\" \/>\n<script type=\"application\/ld+json\" class=\"yoast-schema-graph\">{\"@context\":\"https:\/\/schema.org\",\"@graph\":[{\"@type\":\"WebPage\",\"@id\":\"https:\/\/mycanvas.dk\/vare\/kendt-dansk-model\/\",\"url\":\"https:\/\/mycanvas.dk\/vare\/kendt-dansk-model\/\",\"name\":\"Kendt dansk model Plakater | Spar 10% p\u00e5 et samles\u00e6t - My Canvas\",\"isPartOf\":{\"@id\":\"https:\/\/mycanvas.dk\/#website\"},\"primaryImageOfPage\":{\"@id\":\"https:\/\/mycanvas.dk\/vare\/kendt-dansk-model\/#primaryimage\"},\"image\":{\"@id\":\"https:\/\/mycanvas.dk\/vare\/kendt-dansk-model\/#primaryimage\"},\"thumbnailUrl\":\"https:\/\/mycanvas.dk\/wp-content\/uploads\/2019\/10\/Model-med-sm\u00f8g-ege.jpg\",\"datePublished\":\"2019-10-21T09:03:21+00:00\",\"dateModified\":\"2019-10-29T12:05:45+00:00\",\"description\":\"K\u00f8b Kendt dansk model Plakater. DEN BEDSTE KVALITET Til den bedste pris - Historiske danske plakater. dette fotografi af hanne smyrner\",\"breadcrumb\":{\"@id\":\"https:\/\/mycanvas.dk\/vare\/kendt-dansk-model\/#breadcrumb\"},\"inLanguage\":\"es\",\"potentialAction\":[{\"@type\":\"ReadAction\",\"target\":[\"https:\/\/mycanvas.dk\/vare\/kendt-dansk-model\/\"]}]},{\"@type\":\"ImageObject\",\"inLanguage\":\"es\",\"@id\":\"https:\/\/mycanvas.dk\/vare\/kendt-dansk-model\/#primaryimage\",\"url\":\"https:\/\/mycanvas.dk\/wp-content\/uploads\/2019\/10\/Model-med-sm\u00f8g-ege.jpg\",\"contentUrl\":\"https:\/\/mycanvas.dk\/wp-content\/uploads\/2019\/10\/Model-med-sm\u00f8g-ege.jpg\",\"width\":1448,\"height\":2048},{\"@type\":\"BreadcrumbList\",\"@id\":\"https:\/\/mycanvas.dk\/vare\/kendt-dansk-model\/#breadcrumb\",\"itemListElement\":[{\"@type\":\"ListItem\",\"position\":1,\"name\":\"Hjem\",\"item\":\"https:\/\/mycanvas.dk\/\"},{\"@type\":\"ListItem\",\"position\":2,\"name\":\"Shop\",\"item\":\"https:\/\/mycanvas.dk\/shop\/\"},{\"@type\":\"ListItem\",\"position\":3,\"name\":\"Kendt dansk model\"}]},{\"@type\":\"WebSite\",\"@id\":\"https:\/\/mycanvas.dk\/#website\",\"url\":\"https:\/\/mycanvas.dk\/\",\"name\":\"My Canvas\",\"description\":\"Vi g\u00f8r danmarks historie til kunst\",\"publisher\":{\"@id\":\"https:\/\/mycanvas.dk\/#organization\"},\"potentialAction\":[{\"@type\":\"SearchAction\",\"target\":{\"@type\":\"EntryPoint\",\"urlTemplate\":\"https:\/\/mycanvas.dk\/?s={search_term_string}\"},\"query-input\":{\"@type\":\"PropertyValueSpecification\",\"valueRequired\":true,\"valueName\":\"search_term_string\"}}],\"inLanguage\":\"es\"},{\"@type\":\"Organization\",\"@id\":\"https:\/\/mycanvas.dk\/#organization\",\"name\":\"My Canvas\",\"url\":\"https:\/\/mycanvas.dk\/\",\"logo\":{\"@type\":\"ImageObject\",\"inLanguage\":\"es\",\"@id\":\"https:\/\/mycanvas.dk\/#\/schema\/logo\/image\/\",\"url\":\"https:\/\/mycanvas.dk\/wp-content\/uploads\/2018\/09\/MyCanvas-Logo-Nyeste.png\",\"contentUrl\":\"https:\/\/mycanvas.dk\/wp-content\/uploads\/2018\/09\/MyCanvas-Logo-Nyeste.png\",\"width\":1916,\"height\":736,\"caption\":\"My Canvas\"},\"image\":{\"@id\":\"https:\/\/mycanvas.dk\/#\/schema\/logo\/image\/\"},\"sameAs\":[\"https:\/\/www.facebook.com\/MyCanvasDanmark\",\"https:\/\/www.instagram.com\/mycanvasdk\/\"]}]}<\/script>\n<!-- \/ Yoast SEO plugin. -->","yoast_head_json":{"title":"Kendt dansk model Plakater | Spar 10% p\u00e5 et samles\u00e6t - My Canvas","description":"K\u00f8b Kendt dansk model Plakater. DEN BEDSTE KVALITET Til den bedste pris - Historiske danske plakater. dette fotografi af hanne smyrner","robots":{"index":"index","follow":"follow","max-snippet":"max-snippet:-1","max-image-preview":"max-image-preview:large","max-video-preview":"max-video-preview:-1"},"canonical":"https:\/\/mycanvas.dk\/es\/producto\/kendt-dansk-model\/","og_locale":"es_ES","og_type":"article","og_title":"Kendt dansk model Plakater | Spar 10% p\u00e5 et samles\u00e6t - My Canvas","og_description":"K\u00f8b Kendt dansk model Plakater. DEN BEDSTE KVALITET Til den bedste pris - Historiske danske plakater. dette fotografi af hanne smyrner","og_url":"https:\/\/mycanvas.dk\/es\/producto\/kendt-dansk-model\/","og_site_name":"My Canvas","article_publisher":"https:\/\/www.facebook.com\/MyCanvasDanmark","article_modified_time":"2019-10-29T12:05:45+00:00","og_image":[{"width":1448,"height":2048,"url":"https:\/\/mycanvas.dk\/wp-content\/uploads\/2019\/10\/Model-med-sm\u00f8g-ege.jpg","type":"image\/jpeg"}],"twitter_card":"summary_large_image","twitter_misc":{"Tiempo de lectura":"1 minuto"},"schema":{"@context":"https:\/\/schema.org","@graph":[{"@type":"WebPage","@id":"https:\/\/mycanvas.dk\/vare\/kendt-dansk-model\/","url":"https:\/\/mycanvas.dk\/vare\/kendt-dansk-model\/","name":"Kendt dansk model Plakater | Spar 10% p\u00e5 et samles\u00e6t - My Canvas","isPartOf":{"@id":"https:\/\/mycanvas.dk\/#website"},"primaryImageOfPage":{"@id":"https:\/\/mycanvas.dk\/vare\/kendt-dansk-model\/#primaryimage"},"image":{"@id":"https:\/\/mycanvas.dk\/vare\/kendt-dansk-model\/#primaryimage"},"thumbnailUrl":"https:\/\/mycanvas.dk\/wp-content\/uploads\/2019\/10\/Model-med-sm\u00f8g-ege.jpg","datePublished":"2019-10-21T09:03:21+00:00","dateModified":"2019-10-29T12:05:45+00:00","description":"K\u00f8b Kendt dansk model Plakater. DEN BEDSTE KVALITET Til den bedste pris - Historiske danske plakater. dette fotografi af hanne smyrner","breadcrumb":{"@id":"https:\/\/mycanvas.dk\/vare\/kendt-dansk-model\/#breadcrumb"},"inLanguage":"es","potentialAction":[{"@type":"ReadAction","target":["https:\/\/mycanvas.dk\/vare\/kendt-dansk-model\/"]}]},{"@type":"ImageObject","inLanguage":"es","@id":"https:\/\/mycanvas.dk\/vare\/kendt-dansk-model\/#primaryimage","url":"https:\/\/mycanvas.dk\/wp-content\/uploads\/2019\/10\/Model-med-sm\u00f8g-ege.jpg","contentUrl":"https:\/\/mycanvas.dk\/wp-content\/uploads\/2019\/10\/Model-med-sm\u00f8g-ege.jpg","width":1448,"height":2048},{"@type":"BreadcrumbList","@id":"https:\/\/mycanvas.dk\/vare\/kendt-dansk-model\/#breadcrumb","itemListElement":[{"@type":"ListItem","position":1,"name":"Hjem","item":"https:\/\/mycanvas.dk\/"},{"@type":"ListItem","position":2,"name":"Shop","item":"https:\/\/mycanvas.dk\/shop\/"},{"@type":"ListItem","position":3,"name":"Kendt dansk model"}]},{"@type":"WebSite","@id":"https:\/\/mycanvas.dk\/#website","url":"https:\/\/mycanvas.dk\/","name":"My Canvas","description":"Vi g\u00f8r danmarks historie til kunst","publisher":{"@id":"https:\/\/mycanvas.dk\/#organization"},"potentialAction":[{"@type":"SearchAction","target":{"@type":"EntryPoint","urlTemplate":"https:\/\/mycanvas.dk\/?s={search_term_string}"},"query-input":{"@type":"PropertyValueSpecification","valueRequired":true,"valueName":"search_term_string"}}],"inLanguage":"es"},{"@type":"Organization","@id":"https:\/\/mycanvas.dk\/#organization","name":"My Canvas","url":"https:\/\/mycanvas.dk\/","logo":{"@type":"ImageObject","inLanguage":"es","@id":"https:\/\/mycanvas.dk\/#\/schema\/logo\/image\/","url":"https:\/\/mycanvas.dk\/wp-content\/uploads\/2018\/09\/MyCanvas-Logo-Nyeste.png","contentUrl":"https:\/\/mycanvas.dk\/wp-content\/uploads\/2018\/09\/MyCanvas-Logo-Nyeste.png","width":1916,"height":736,"caption":"My Canvas"},"image":{"@id":"https:\/\/mycanvas.dk\/#\/schema\/logo\/image\/"},"sameAs":["https:\/\/www.facebook.com\/MyCanvasDanmark","https:\/\/www.instagram.com\/mycanvasdk\/"]}]}},"_links":{"self":[{"href":"https:\/\/mycanvas.dk\/es\/wp-json\/wp\/v2\/product\/5160","targetHints":{"allow":["GET"]}}],"collection":[{"href":"https:\/\/mycanvas.dk\/es\/wp-json\/wp\/v2\/product"}],"about":[{"href":"https:\/\/mycanvas.dk\/es\/wp-json\/wp\/v2\/types\/product"}],"replies":[{"embeddable":true,"href":"https:\/\/mycanvas.dk\/es\/wp-json\/wp\/v2\/comments?post=5160"}],"wp:featuredmedia":[{"embeddable":true,"href":"https:\/\/mycanvas.dk\/es\/wp-json\/wp\/v2\/media\/5377"}],"wp:attachment":[{"href":"https:\/\/mycanvas.dk\/es\/wp-json\/wp\/v2\/media?parent=5160"}],"wp:term":[{"taxonomy":"product_cat","embeddable":true,"href":"https:\/\/mycanvas.dk\/es\/wp-json\/wp\/v2\/product_cat?post=5160"},{"taxonomy":"product_tag","embeddable":true,"href":"https:\/\/mycanvas.dk\/es\/wp-json\/wp\/v2\/product_tag?post=5160"}],"curies":[{"name":"wp","href":"https:\/\/api.w.org\/{rel}","templated":true}]}}