
{"id":5240,"date":"2019-10-21T10:03:40","date_gmt":"2019-10-21T09:03:40","guid":{"rendered":"https:\/\/mycanvas.dk\/?post_type=product&#038;p=5240"},"modified":"2019-10-29T12:53:31","modified_gmt":"2019-10-29T11:53:31","slug":"til-alle-kvinder-kopier-4","status":"publish","type":"product","link":"https:\/\/mycanvas.dk\/es\/producto\/til-alle-kvinder-kopier-4\/","title":{"rendered":"Anuncio de disco de gram\u00f3fono"},"content":{"rendered":"<p>Hoy en d\u00eda, el disco de vinilo ha vuelto a ser popular y, de vez en cuando, tambi\u00e9n se graba nueva m\u00fasica en discos de vinilo de edici\u00f3n limitada y, por lo tanto, tambi\u00e9n se convierten en valiosos objetos de colecci\u00f3n. Por lo tanto, es un p\u00f3ster bastante divertido y genial para colgar en tu casa si te gusta la forma antigua de escuchar m\u00fasica.<\/p>\n<p>Los primeros discos de vinilo no estaban hechos de vinilo, sino de amianto y goma laca, y ya a principios del siglo XX se los llamaba discos lacados o discos de gram\u00f3fono. La m\u00fasica, o los sonidos, se grababan con un embudo que recib\u00eda el sonido y cortaba el surco correspondiente en el disco. No fue hasta la d\u00e9cada de 1920 que cambiaron a la grabaci\u00f3n con micr\u00f3fono el\u00e9ctrico. Tambi\u00e9n se limit\u00f3 la cantidad de tiempo de reproducci\u00f3n que ten\u00eda dicho disco. Fue un m\u00e1ximo de 10 minutos por plato. Despu\u00e9s de la Segunda Guerra Mundial, los estadounidenses introdujeron los primeros discos de vinilo, que pod\u00edan reproducir sonido por ambas caras, pero con el mismo tiempo m\u00e1ximo de reproducci\u00f3n. Sin embargo, las l\u00e1minas de vinilo permitieron una base de ranura m\u00e1s estrecha que las l\u00e1minas de laca. Despu\u00e9s de eso, se inventaron los discos &quot;EP&quot; (abreviatura del ingl\u00e9s &quot;extended play&quot;, que en dan\u00e9s significa tiempo de reproducci\u00f3n extendido), y pod\u00edan contener hasta cuatro pistas en un mismo disco. Sin embargo, no fue hasta 1958 que abandonaron por completo las placas lacadas y produjeron exclusivamente vinilo.<\/p>\n<p>Los discos de gram\u00f3fono modernos est\u00e1n hechos de PVC (cloruro de polivinilo) y son extremadamente sensibles a los rayones que los discos lacados, pero menos sensibles a la flexi\u00f3n y otras tensiones f\u00edsicas. El sonido era m\u00e1s limpio y daba menos crujidos, y surgi\u00f3 el t\u00e9rmino Hi-Fi (alta fidelidad).<\/p>\n<p>Los discos de vinilo fueron reemplazados en las d\u00e9cadas de 1980 y 1990 por los CD (disco compacto de audio), porque eran m\u00e1s peque\u00f1os e inteligentes.<\/p>\n<p>&nbsp;<\/p>","protected":false},"excerpt":{"rendered":"<p>Hoy en d\u00eda, el disco de vinilo ha vuelto a ser popular y, de vez en cuando, tambi\u00e9n se graba nueva m\u00fasica en discos de vinilo de edici\u00f3n limitada y, por lo tanto, tambi\u00e9n se convierten en valiosos objetos de colecci\u00f3n. Por lo tanto, es un p\u00f3ster bastante divertido y genial para colgar en tu casa si te gusta la forma antigua de escuchar m\u00fasica.<\/p>\n<p>La fotograf\u00eda aqu\u00ed es de un antiguo anuncio de la d\u00e9cada de 1970 con un estilo de ligera elegancia y expresi\u00f3n femenina inspirado en Marilyn Monroe.<\/p>","protected":false},"featured_media":5360,"comment_status":"open","ping_status":"closed","template":"","meta":{"_mi_skip_tracking":false},"product_cat":[239,73],"product_tag":[],"class_list":{"0":"post-5240","1":"product","2":"type-product","3":"status-publish","4":"has-post-thumbnail","6":"product_cat-modeller","7":"product_cat-plakater","8":"pa_storrelse-a4-21x30cm","9":"pa_storrelse-a3-30x42cm","10":"pa_storrelse-b2-50x70cm","11":"pa_storrelse-b1-70x100cm","13":"first","14":"instock","15":"taxable","16":"shipping-taxable","17":"purchasable","18":"product-type-variable"},"yoast_head":"<!-- This site is optimized with the Yoast SEO plugin v24.2 - https:\/\/yoast.com\/wordpress\/plugins\/seo\/ -->\n<title>Grammofonplade reklame Plakater | Spar 10% p\u00e5 et samles\u00e6t<\/title>\n<meta name=\"description\" content=\"K\u00f8b Grammofonplade reklame Plakater. DEN BEDSTE KVALITET Til den bedste pris - Historiske danske plakater - se vores store udvalg her.\" \/>\n<meta name=\"robots\" content=\"index, follow, max-snippet:-1, max-image-preview:large, max-video-preview:-1\" \/>\n<link rel=\"canonical\" href=\"https:\/\/mycanvas.dk\/es\/producto\/til-alle-kvinder-kopier-4\/\" \/>\n<meta property=\"og:locale\" content=\"es_ES\" \/>\n<meta property=\"og:type\" content=\"article\" \/>\n<meta property=\"og:title\" content=\"Grammofonplade reklame Plakater | Spar 10% p\u00e5 et samles\u00e6t\" \/>\n<meta property=\"og:description\" content=\"K\u00f8b Grammofonplade reklame Plakater. DEN BEDSTE KVALITET Til den bedste pris - Historiske danske plakater - se vores store udvalg her.\" \/>\n<meta property=\"og:url\" content=\"https:\/\/mycanvas.dk\/es\/producto\/til-alle-kvinder-kopier-4\/\" \/>\n<meta property=\"og:site_name\" content=\"My Canvas\" \/>\n<meta property=\"article:publisher\" content=\"https:\/\/www.facebook.com\/MyCanvasDanmark\" \/>\n<meta property=\"article:modified_time\" content=\"2019-10-29T11:53:31+00:00\" \/>\n<meta property=\"og:image\" content=\"https:\/\/mycanvas.dk\/wp-content\/uploads\/2019\/10\/Kvinde-med-plade-ege.jpg\" \/>\n\t<meta property=\"og:image:width\" content=\"1448\" \/>\n\t<meta property=\"og:image:height\" content=\"2048\" \/>\n\t<meta property=\"og:image:type\" content=\"image\/jpeg\" \/>\n<meta name=\"twitter:card\" content=\"summary_large_image\" \/>\n<meta name=\"twitter:label1\" content=\"Tiempo de lectura\" \/>\n\t<meta name=\"twitter:data1\" content=\"1 minuto\" \/>\n<script type=\"application\/ld+json\" class=\"yoast-schema-graph\">{\"@context\":\"https:\/\/schema.org\",\"@graph\":[{\"@type\":\"WebPage\",\"@id\":\"https:\/\/mycanvas.dk\/vare\/til-alle-kvinder-kopier-4\/\",\"url\":\"https:\/\/mycanvas.dk\/vare\/til-alle-kvinder-kopier-4\/\",\"name\":\"Grammofonplade reklame Plakater | Spar 10% p\u00e5 et samles\u00e6t\",\"isPartOf\":{\"@id\":\"https:\/\/mycanvas.dk\/#website\"},\"primaryImageOfPage\":{\"@id\":\"https:\/\/mycanvas.dk\/vare\/til-alle-kvinder-kopier-4\/#primaryimage\"},\"image\":{\"@id\":\"https:\/\/mycanvas.dk\/vare\/til-alle-kvinder-kopier-4\/#primaryimage\"},\"thumbnailUrl\":\"https:\/\/mycanvas.dk\/wp-content\/uploads\/2019\/10\/Kvinde-med-plade-ege.jpg\",\"datePublished\":\"2019-10-21T09:03:40+00:00\",\"dateModified\":\"2019-10-29T11:53:31+00:00\",\"description\":\"K\u00f8b Grammofonplade reklame Plakater. DEN BEDSTE KVALITET Til den bedste pris - Historiske danske plakater - se vores store udvalg her.\",\"breadcrumb\":{\"@id\":\"https:\/\/mycanvas.dk\/vare\/til-alle-kvinder-kopier-4\/#breadcrumb\"},\"inLanguage\":\"es\",\"potentialAction\":[{\"@type\":\"ReadAction\",\"target\":[\"https:\/\/mycanvas.dk\/vare\/til-alle-kvinder-kopier-4\/\"]}]},{\"@type\":\"ImageObject\",\"inLanguage\":\"es\",\"@id\":\"https:\/\/mycanvas.dk\/vare\/til-alle-kvinder-kopier-4\/#primaryimage\",\"url\":\"https:\/\/mycanvas.dk\/wp-content\/uploads\/2019\/10\/Kvinde-med-plade-ege.jpg\",\"contentUrl\":\"https:\/\/mycanvas.dk\/wp-content\/uploads\/2019\/10\/Kvinde-med-plade-ege.jpg\",\"width\":1448,\"height\":2048},{\"@type\":\"BreadcrumbList\",\"@id\":\"https:\/\/mycanvas.dk\/vare\/til-alle-kvinder-kopier-4\/#breadcrumb\",\"itemListElement\":[{\"@type\":\"ListItem\",\"position\":1,\"name\":\"Hjem\",\"item\":\"https:\/\/mycanvas.dk\/\"},{\"@type\":\"ListItem\",\"position\":2,\"name\":\"Shop\",\"item\":\"https:\/\/mycanvas.dk\/shop\/\"},{\"@type\":\"ListItem\",\"position\":3,\"name\":\"Grammofonplade reklame\"}]},{\"@type\":\"WebSite\",\"@id\":\"https:\/\/mycanvas.dk\/#website\",\"url\":\"https:\/\/mycanvas.dk\/\",\"name\":\"My Canvas\",\"description\":\"Vi g\u00f8r danmarks historie til kunst\",\"publisher\":{\"@id\":\"https:\/\/mycanvas.dk\/#organization\"},\"potentialAction\":[{\"@type\":\"SearchAction\",\"target\":{\"@type\":\"EntryPoint\",\"urlTemplate\":\"https:\/\/mycanvas.dk\/?s={search_term_string}\"},\"query-input\":{\"@type\":\"PropertyValueSpecification\",\"valueRequired\":true,\"valueName\":\"search_term_string\"}}],\"inLanguage\":\"es\"},{\"@type\":\"Organization\",\"@id\":\"https:\/\/mycanvas.dk\/#organization\",\"name\":\"My Canvas\",\"url\":\"https:\/\/mycanvas.dk\/\",\"logo\":{\"@type\":\"ImageObject\",\"inLanguage\":\"es\",\"@id\":\"https:\/\/mycanvas.dk\/#\/schema\/logo\/image\/\",\"url\":\"https:\/\/mycanvas.dk\/wp-content\/uploads\/2018\/09\/MyCanvas-Logo-Nyeste.png\",\"contentUrl\":\"https:\/\/mycanvas.dk\/wp-content\/uploads\/2018\/09\/MyCanvas-Logo-Nyeste.png\",\"width\":1916,\"height\":736,\"caption\":\"My Canvas\"},\"image\":{\"@id\":\"https:\/\/mycanvas.dk\/#\/schema\/logo\/image\/\"},\"sameAs\":[\"https:\/\/www.facebook.com\/MyCanvasDanmark\",\"https:\/\/www.instagram.com\/mycanvasdk\/\"]}]}<\/script>\n<!-- \/ Yoast SEO plugin. -->","yoast_head_json":{"title":"Grammofonplade reklame Plakater | Spar 10% p\u00e5 et samles\u00e6t","description":"K\u00f8b Grammofonplade reklame Plakater. DEN BEDSTE KVALITET Til den bedste pris - Historiske danske plakater - se vores store udvalg her.","robots":{"index":"index","follow":"follow","max-snippet":"max-snippet:-1","max-image-preview":"max-image-preview:large","max-video-preview":"max-video-preview:-1"},"canonical":"https:\/\/mycanvas.dk\/es\/producto\/til-alle-kvinder-kopier-4\/","og_locale":"es_ES","og_type":"article","og_title":"Grammofonplade reklame Plakater | Spar 10% p\u00e5 et samles\u00e6t","og_description":"K\u00f8b Grammofonplade reklame Plakater. DEN BEDSTE KVALITET Til den bedste pris - Historiske danske plakater - se vores store udvalg her.","og_url":"https:\/\/mycanvas.dk\/es\/producto\/til-alle-kvinder-kopier-4\/","og_site_name":"My Canvas","article_publisher":"https:\/\/www.facebook.com\/MyCanvasDanmark","article_modified_time":"2019-10-29T11:53:31+00:00","og_image":[{"width":1448,"height":2048,"url":"https:\/\/mycanvas.dk\/wp-content\/uploads\/2019\/10\/Kvinde-med-plade-ege.jpg","type":"image\/jpeg"}],"twitter_card":"summary_large_image","twitter_misc":{"Tiempo de lectura":"1 minuto"},"schema":{"@context":"https:\/\/schema.org","@graph":[{"@type":"WebPage","@id":"https:\/\/mycanvas.dk\/vare\/til-alle-kvinder-kopier-4\/","url":"https:\/\/mycanvas.dk\/vare\/til-alle-kvinder-kopier-4\/","name":"Grammofonplade reklame Plakater | Spar 10% p\u00e5 et samles\u00e6t","isPartOf":{"@id":"https:\/\/mycanvas.dk\/#website"},"primaryImageOfPage":{"@id":"https:\/\/mycanvas.dk\/vare\/til-alle-kvinder-kopier-4\/#primaryimage"},"image":{"@id":"https:\/\/mycanvas.dk\/vare\/til-alle-kvinder-kopier-4\/#primaryimage"},"thumbnailUrl":"https:\/\/mycanvas.dk\/wp-content\/uploads\/2019\/10\/Kvinde-med-plade-ege.jpg","datePublished":"2019-10-21T09:03:40+00:00","dateModified":"2019-10-29T11:53:31+00:00","description":"K\u00f8b Grammofonplade reklame Plakater. DEN BEDSTE KVALITET Til den bedste pris - Historiske danske plakater - se vores store udvalg her.","breadcrumb":{"@id":"https:\/\/mycanvas.dk\/vare\/til-alle-kvinder-kopier-4\/#breadcrumb"},"inLanguage":"es","potentialAction":[{"@type":"ReadAction","target":["https:\/\/mycanvas.dk\/vare\/til-alle-kvinder-kopier-4\/"]}]},{"@type":"ImageObject","inLanguage":"es","@id":"https:\/\/mycanvas.dk\/vare\/til-alle-kvinder-kopier-4\/#primaryimage","url":"https:\/\/mycanvas.dk\/wp-content\/uploads\/2019\/10\/Kvinde-med-plade-ege.jpg","contentUrl":"https:\/\/mycanvas.dk\/wp-content\/uploads\/2019\/10\/Kvinde-med-plade-ege.jpg","width":1448,"height":2048},{"@type":"BreadcrumbList","@id":"https:\/\/mycanvas.dk\/vare\/til-alle-kvinder-kopier-4\/#breadcrumb","itemListElement":[{"@type":"ListItem","position":1,"name":"Hjem","item":"https:\/\/mycanvas.dk\/"},{"@type":"ListItem","position":2,"name":"Shop","item":"https:\/\/mycanvas.dk\/shop\/"},{"@type":"ListItem","position":3,"name":"Grammofonplade reklame"}]},{"@type":"WebSite","@id":"https:\/\/mycanvas.dk\/#website","url":"https:\/\/mycanvas.dk\/","name":"My Canvas","description":"Vi g\u00f8r danmarks historie til kunst","publisher":{"@id":"https:\/\/mycanvas.dk\/#organization"},"potentialAction":[{"@type":"SearchAction","target":{"@type":"EntryPoint","urlTemplate":"https:\/\/mycanvas.dk\/?s={search_term_string}"},"query-input":{"@type":"PropertyValueSpecification","valueRequired":true,"valueName":"search_term_string"}}],"inLanguage":"es"},{"@type":"Organization","@id":"https:\/\/mycanvas.dk\/#organization","name":"My Canvas","url":"https:\/\/mycanvas.dk\/","logo":{"@type":"ImageObject","inLanguage":"es","@id":"https:\/\/mycanvas.dk\/#\/schema\/logo\/image\/","url":"https:\/\/mycanvas.dk\/wp-content\/uploads\/2018\/09\/MyCanvas-Logo-Nyeste.png","contentUrl":"https:\/\/mycanvas.dk\/wp-content\/uploads\/2018\/09\/MyCanvas-Logo-Nyeste.png","width":1916,"height":736,"caption":"My Canvas"},"image":{"@id":"https:\/\/mycanvas.dk\/#\/schema\/logo\/image\/"},"sameAs":["https:\/\/www.facebook.com\/MyCanvasDanmark","https:\/\/www.instagram.com\/mycanvasdk\/"]}]}},"_links":{"self":[{"href":"https:\/\/mycanvas.dk\/es\/wp-json\/wp\/v2\/product\/5240","targetHints":{"allow":["GET"]}}],"collection":[{"href":"https:\/\/mycanvas.dk\/es\/wp-json\/wp\/v2\/product"}],"about":[{"href":"https:\/\/mycanvas.dk\/es\/wp-json\/wp\/v2\/types\/product"}],"replies":[{"embeddable":true,"href":"https:\/\/mycanvas.dk\/es\/wp-json\/wp\/v2\/comments?post=5240"}],"wp:featuredmedia":[{"embeddable":true,"href":"https:\/\/mycanvas.dk\/es\/wp-json\/wp\/v2\/media\/5360"}],"wp:attachment":[{"href":"https:\/\/mycanvas.dk\/es\/wp-json\/wp\/v2\/media?parent=5240"}],"wp:term":[{"taxonomy":"product_cat","embeddable":true,"href":"https:\/\/mycanvas.dk\/es\/wp-json\/wp\/v2\/product_cat?post=5240"},{"taxonomy":"product_tag","embeddable":true,"href":"https:\/\/mycanvas.dk\/es\/wp-json\/wp\/v2\/product_tag?post=5240"}],"curies":[{"name":"wp","href":"https:\/\/api.w.org\/{rel}","templated":true}]}}