
{"id":5525,"date":"2019-10-21T10:43:59","date_gmt":"2019-10-21T09:43:59","guid":{"rendered":"https:\/\/mycanvas.dk\/?post_type=product&#038;p=5525"},"modified":"2021-03-06T18:45:15","modified_gmt":"2021-03-06T17:45:15","slug":"nye-produkter-kopier-27","status":"publish","type":"product","link":"https:\/\/mycanvas.dk\/es\/producto\/nye-produkter-kopier-27\/","title":{"rendered":"Anuncio de botella de Tuborg"},"content":{"rendered":"<p>Este cartel hist\u00f3rico de la antigua Copenhague se remonta a 1888, cuando la botella de Tuborg era transportada por la gr\u00faa gigante &quot;Herkules&quot; desde el puerto de Tuborg hacia Hellerup, donde la botella sigue siendo un hito en Hellerup hasta el d\u00eda de hoy. La botella de Tuborg a menudo se conoce como la &quot;gran botella verde&quot; y hay que decir que es un hito hist\u00f3rico dan\u00e9s que debe preservarse.<\/p>\n<p>La botella de Tuborg se erigi\u00f3 como torre de observaci\u00f3n en la antigua Halmtorv (hoy plaza del ayuntamiento) de Copenhague en 1888 en relaci\u00f3n con la Exposici\u00f3n Industrial, Agr\u00edcola y de Arte N\u00f3rdica en Copenhague. La torre fue dise\u00f1ada por Viggo Klein. La torre tiene 26 metros de altura y originalmente estaba equipada con el primer ascensor de Dinamarca. Sin embargo, el ascensor fue reemplazado m\u00e1s tarde por escaleras y el exterior fue reemplazado por fibra de vidrio. Luego se traslad\u00f3 a Strandvejen en Hellerup. Sin embargo, en su centenario se traslad\u00f3 nuevamente brevemente a R\u00e5dhuspladsen.<\/p>\n<p>En 2013 se habl\u00f3 de conservar la botella de cerveza, pero lamentablemente se decidi\u00f3 que no ten\u00eda &quot;suficientes&quot; valores arquitect\u00f3nicos o hist\u00f3rico-culturales para justificar su conservaci\u00f3n. Entre ellas, una de las razones fue que lamentablemente hab\u00eda experimentado demasiados cambios en comparaci\u00f3n con la botella original. Sin embargo, el municipio de Gentofte todav\u00eda considera que la botella tiene un valor de conservaci\u00f3n incondicional y, por lo tanto, seg\u00fan el plan local, es inamovible y no puede ser reconstruida ni modificada de ning\u00fan otro modo sin el permiso del consejo municipal.<\/p>","protected":false},"excerpt":{"rendered":"<p>Este cartel hist\u00f3rico de la antigua Copenhague se remonta a 1888, cuando la botella de Tuborg era transportada por la gr\u00faa gigante &quot;Herkules&quot; desde el puerto de Tuborg hacia Hellerup, donde la botella sigue siendo un hito en Hellerup hasta el d\u00eda de hoy. La botella de Tuborg a menudo se conoce como la &quot;gran botella verde&quot; y hay que decir que es un hito hist\u00f3rico dan\u00e9s que debe preservarse.<\/p>","protected":false},"featured_media":5668,"comment_status":"open","ping_status":"closed","template":"","meta":{"_mi_skip_tracking":false},"product_cat":[234,237,73],"product_tag":[],"class_list":{"0":"post-5525","1":"product","2":"type-product","3":"status-publish","4":"has-post-thumbnail","6":"product_cat-politik","7":"product_cat-reklamer","8":"product_cat-plakater","9":"pa_storrelse-a4-21x30cm","10":"pa_storrelse-a3-30x42cm","11":"pa_storrelse-b2-50x70cm","12":"pa_storrelse-b1-70x100cm","14":"first","15":"instock","16":"taxable","17":"shipping-taxable","18":"purchasable","19":"product-type-variable"},"yoast_head":"<!-- This site is optimized with the Yoast SEO plugin v24.2 - https:\/\/yoast.com\/wordpress\/plugins\/seo\/ -->\n<title>Tuborg flaske reklame Plakater | Spar 10% p\u00e5 et samles\u00e6t - My Canvas<\/title>\n<meta name=\"description\" content=\"K\u00f8b Tuborg flaske reklame Plakater. DEN BEDSTE KVALITET Til den bedste pris - Historiske danske plakater- se vores store udvalg her\" \/>\n<meta name=\"robots\" content=\"index, follow, max-snippet:-1, max-image-preview:large, max-video-preview:-1\" \/>\n<link rel=\"canonical\" href=\"https:\/\/mycanvas.dk\/es\/producto\/nye-produkter-kopier-27\/\" \/>\n<meta property=\"og:locale\" content=\"es_ES\" \/>\n<meta property=\"og:type\" content=\"article\" \/>\n<meta property=\"og:title\" content=\"Tuborg flaske reklame Plakater | Spar 10% p\u00e5 et samles\u00e6t - My Canvas\" \/>\n<meta property=\"og:description\" content=\"K\u00f8b Tuborg flaske reklame Plakater. DEN BEDSTE KVALITET Til den bedste pris - Historiske danske plakater- se vores store udvalg her\" \/>\n<meta property=\"og:url\" content=\"https:\/\/mycanvas.dk\/es\/producto\/nye-produkter-kopier-27\/\" \/>\n<meta property=\"og:site_name\" content=\"My Canvas\" \/>\n<meta property=\"article:publisher\" content=\"https:\/\/www.facebook.com\/MyCanvasDanmark\" \/>\n<meta property=\"article:modified_time\" content=\"2021-03-06T17:45:15+00:00\" \/>\n<meta property=\"og:image\" content=\"https:\/\/mycanvas.dk\/wp-content\/uploads\/2019\/10\/Tuborg-statue.jpg\" \/>\n\t<meta property=\"og:image:width\" content=\"1448\" \/>\n\t<meta property=\"og:image:height\" content=\"2048\" \/>\n\t<meta property=\"og:image:type\" content=\"image\/jpeg\" \/>\n<meta name=\"twitter:card\" content=\"summary_large_image\" \/>\n<meta name=\"twitter:label1\" content=\"Tiempo de lectura\" \/>\n\t<meta name=\"twitter:data1\" content=\"1 minuto\" \/>\n<script type=\"application\/ld+json\" class=\"yoast-schema-graph\">{\"@context\":\"https:\/\/schema.org\",\"@graph\":[{\"@type\":\"WebPage\",\"@id\":\"https:\/\/mycanvas.dk\/vare\/nye-produkter-kopier-27\/\",\"url\":\"https:\/\/mycanvas.dk\/vare\/nye-produkter-kopier-27\/\",\"name\":\"Tuborg flaske reklame Plakater | Spar 10% p\u00e5 et samles\u00e6t - My Canvas\",\"isPartOf\":{\"@id\":\"https:\/\/mycanvas.dk\/#website\"},\"primaryImageOfPage\":{\"@id\":\"https:\/\/mycanvas.dk\/vare\/nye-produkter-kopier-27\/#primaryimage\"},\"image\":{\"@id\":\"https:\/\/mycanvas.dk\/vare\/nye-produkter-kopier-27\/#primaryimage\"},\"thumbnailUrl\":\"https:\/\/mycanvas.dk\/wp-content\/uploads\/2019\/10\/Tuborg-statue.jpg\",\"datePublished\":\"2019-10-21T09:43:59+00:00\",\"dateModified\":\"2021-03-06T17:45:15+00:00\",\"description\":\"K\u00f8b Tuborg flaske reklame Plakater. DEN BEDSTE KVALITET Til den bedste pris - Historiske danske plakater- se vores store udvalg her\",\"breadcrumb\":{\"@id\":\"https:\/\/mycanvas.dk\/vare\/nye-produkter-kopier-27\/#breadcrumb\"},\"inLanguage\":\"es\",\"potentialAction\":[{\"@type\":\"ReadAction\",\"target\":[\"https:\/\/mycanvas.dk\/vare\/nye-produkter-kopier-27\/\"]}]},{\"@type\":\"ImageObject\",\"inLanguage\":\"es\",\"@id\":\"https:\/\/mycanvas.dk\/vare\/nye-produkter-kopier-27\/#primaryimage\",\"url\":\"https:\/\/mycanvas.dk\/wp-content\/uploads\/2019\/10\/Tuborg-statue.jpg\",\"contentUrl\":\"https:\/\/mycanvas.dk\/wp-content\/uploads\/2019\/10\/Tuborg-statue.jpg\",\"width\":1448,\"height\":2048},{\"@type\":\"BreadcrumbList\",\"@id\":\"https:\/\/mycanvas.dk\/vare\/nye-produkter-kopier-27\/#breadcrumb\",\"itemListElement\":[{\"@type\":\"ListItem\",\"position\":1,\"name\":\"Hjem\",\"item\":\"https:\/\/mycanvas.dk\/\"},{\"@type\":\"ListItem\",\"position\":2,\"name\":\"Shop\",\"item\":\"https:\/\/mycanvas.dk\/shop\/\"},{\"@type\":\"ListItem\",\"position\":3,\"name\":\"Tuborg flaske reklame\"}]},{\"@type\":\"WebSite\",\"@id\":\"https:\/\/mycanvas.dk\/#website\",\"url\":\"https:\/\/mycanvas.dk\/\",\"name\":\"My Canvas\",\"description\":\"Vi g\u00f8r danmarks historie til kunst\",\"publisher\":{\"@id\":\"https:\/\/mycanvas.dk\/#organization\"},\"potentialAction\":[{\"@type\":\"SearchAction\",\"target\":{\"@type\":\"EntryPoint\",\"urlTemplate\":\"https:\/\/mycanvas.dk\/?s={search_term_string}\"},\"query-input\":{\"@type\":\"PropertyValueSpecification\",\"valueRequired\":true,\"valueName\":\"search_term_string\"}}],\"inLanguage\":\"es\"},{\"@type\":\"Organization\",\"@id\":\"https:\/\/mycanvas.dk\/#organization\",\"name\":\"My Canvas\",\"url\":\"https:\/\/mycanvas.dk\/\",\"logo\":{\"@type\":\"ImageObject\",\"inLanguage\":\"es\",\"@id\":\"https:\/\/mycanvas.dk\/#\/schema\/logo\/image\/\",\"url\":\"https:\/\/mycanvas.dk\/wp-content\/uploads\/2018\/09\/MyCanvas-Logo-Nyeste.png\",\"contentUrl\":\"https:\/\/mycanvas.dk\/wp-content\/uploads\/2018\/09\/MyCanvas-Logo-Nyeste.png\",\"width\":1916,\"height\":736,\"caption\":\"My Canvas\"},\"image\":{\"@id\":\"https:\/\/mycanvas.dk\/#\/schema\/logo\/image\/\"},\"sameAs\":[\"https:\/\/www.facebook.com\/MyCanvasDanmark\",\"https:\/\/www.instagram.com\/mycanvasdk\/\"]}]}<\/script>\n<!-- \/ Yoast SEO plugin. -->","yoast_head_json":{"title":"Tuborg flaske reklame Plakater | Spar 10% p\u00e5 et samles\u00e6t - My Canvas","description":"K\u00f8b Tuborg flaske reklame Plakater. DEN BEDSTE KVALITET Til den bedste pris - Historiske danske plakater- se vores store udvalg her","robots":{"index":"index","follow":"follow","max-snippet":"max-snippet:-1","max-image-preview":"max-image-preview:large","max-video-preview":"max-video-preview:-1"},"canonical":"https:\/\/mycanvas.dk\/es\/producto\/nye-produkter-kopier-27\/","og_locale":"es_ES","og_type":"article","og_title":"Tuborg flaske reklame Plakater | Spar 10% p\u00e5 et samles\u00e6t - My Canvas","og_description":"K\u00f8b Tuborg flaske reklame Plakater. DEN BEDSTE KVALITET Til den bedste pris - Historiske danske plakater- se vores store udvalg her","og_url":"https:\/\/mycanvas.dk\/es\/producto\/nye-produkter-kopier-27\/","og_site_name":"My Canvas","article_publisher":"https:\/\/www.facebook.com\/MyCanvasDanmark","article_modified_time":"2021-03-06T17:45:15+00:00","og_image":[{"width":1448,"height":2048,"url":"https:\/\/mycanvas.dk\/wp-content\/uploads\/2019\/10\/Tuborg-statue.jpg","type":"image\/jpeg"}],"twitter_card":"summary_large_image","twitter_misc":{"Tiempo de lectura":"1 minuto"},"schema":{"@context":"https:\/\/schema.org","@graph":[{"@type":"WebPage","@id":"https:\/\/mycanvas.dk\/vare\/nye-produkter-kopier-27\/","url":"https:\/\/mycanvas.dk\/vare\/nye-produkter-kopier-27\/","name":"Tuborg flaske reklame Plakater | Spar 10% p\u00e5 et samles\u00e6t - My Canvas","isPartOf":{"@id":"https:\/\/mycanvas.dk\/#website"},"primaryImageOfPage":{"@id":"https:\/\/mycanvas.dk\/vare\/nye-produkter-kopier-27\/#primaryimage"},"image":{"@id":"https:\/\/mycanvas.dk\/vare\/nye-produkter-kopier-27\/#primaryimage"},"thumbnailUrl":"https:\/\/mycanvas.dk\/wp-content\/uploads\/2019\/10\/Tuborg-statue.jpg","datePublished":"2019-10-21T09:43:59+00:00","dateModified":"2021-03-06T17:45:15+00:00","description":"K\u00f8b Tuborg flaske reklame Plakater. DEN BEDSTE KVALITET Til den bedste pris - Historiske danske plakater- se vores store udvalg her","breadcrumb":{"@id":"https:\/\/mycanvas.dk\/vare\/nye-produkter-kopier-27\/#breadcrumb"},"inLanguage":"es","potentialAction":[{"@type":"ReadAction","target":["https:\/\/mycanvas.dk\/vare\/nye-produkter-kopier-27\/"]}]},{"@type":"ImageObject","inLanguage":"es","@id":"https:\/\/mycanvas.dk\/vare\/nye-produkter-kopier-27\/#primaryimage","url":"https:\/\/mycanvas.dk\/wp-content\/uploads\/2019\/10\/Tuborg-statue.jpg","contentUrl":"https:\/\/mycanvas.dk\/wp-content\/uploads\/2019\/10\/Tuborg-statue.jpg","width":1448,"height":2048},{"@type":"BreadcrumbList","@id":"https:\/\/mycanvas.dk\/vare\/nye-produkter-kopier-27\/#breadcrumb","itemListElement":[{"@type":"ListItem","position":1,"name":"Hjem","item":"https:\/\/mycanvas.dk\/"},{"@type":"ListItem","position":2,"name":"Shop","item":"https:\/\/mycanvas.dk\/shop\/"},{"@type":"ListItem","position":3,"name":"Tuborg flaske reklame"}]},{"@type":"WebSite","@id":"https:\/\/mycanvas.dk\/#website","url":"https:\/\/mycanvas.dk\/","name":"My Canvas","description":"Vi g\u00f8r danmarks historie til kunst","publisher":{"@id":"https:\/\/mycanvas.dk\/#organization"},"potentialAction":[{"@type":"SearchAction","target":{"@type":"EntryPoint","urlTemplate":"https:\/\/mycanvas.dk\/?s={search_term_string}"},"query-input":{"@type":"PropertyValueSpecification","valueRequired":true,"valueName":"search_term_string"}}],"inLanguage":"es"},{"@type":"Organization","@id":"https:\/\/mycanvas.dk\/#organization","name":"My Canvas","url":"https:\/\/mycanvas.dk\/","logo":{"@type":"ImageObject","inLanguage":"es","@id":"https:\/\/mycanvas.dk\/#\/schema\/logo\/image\/","url":"https:\/\/mycanvas.dk\/wp-content\/uploads\/2018\/09\/MyCanvas-Logo-Nyeste.png","contentUrl":"https:\/\/mycanvas.dk\/wp-content\/uploads\/2018\/09\/MyCanvas-Logo-Nyeste.png","width":1916,"height":736,"caption":"My Canvas"},"image":{"@id":"https:\/\/mycanvas.dk\/#\/schema\/logo\/image\/"},"sameAs":["https:\/\/www.facebook.com\/MyCanvasDanmark","https:\/\/www.instagram.com\/mycanvasdk\/"]}]}},"_links":{"self":[{"href":"https:\/\/mycanvas.dk\/es\/wp-json\/wp\/v2\/product\/5525","targetHints":{"allow":["GET"]}}],"collection":[{"href":"https:\/\/mycanvas.dk\/es\/wp-json\/wp\/v2\/product"}],"about":[{"href":"https:\/\/mycanvas.dk\/es\/wp-json\/wp\/v2\/types\/product"}],"replies":[{"embeddable":true,"href":"https:\/\/mycanvas.dk\/es\/wp-json\/wp\/v2\/comments?post=5525"}],"wp:featuredmedia":[{"embeddable":true,"href":"https:\/\/mycanvas.dk\/es\/wp-json\/wp\/v2\/media\/5668"}],"wp:attachment":[{"href":"https:\/\/mycanvas.dk\/es\/wp-json\/wp\/v2\/media?parent=5525"}],"wp:term":[{"taxonomy":"product_cat","embeddable":true,"href":"https:\/\/mycanvas.dk\/es\/wp-json\/wp\/v2\/product_cat?post=5525"},{"taxonomy":"product_tag","embeddable":true,"href":"https:\/\/mycanvas.dk\/es\/wp-json\/wp\/v2\/product_tag?post=5525"}],"curies":[{"name":"wp","href":"https:\/\/api.w.org\/{rel}","templated":true}]}}