
{"id":5535,"date":"2019-10-21T10:44:05","date_gmt":"2019-10-21T09:44:05","guid":{"rendered":"https:\/\/mycanvas.dk\/?post_type=product&#038;p=5535"},"modified":"2021-05-19T08:36:52","modified_gmt":"2021-05-19T07:36:52","slug":"nye-produkter-kopier-29","status":"publish","type":"product","link":"https:\/\/mycanvas.dk\/es\/producto\/nye-produkter-kopier-29\/","title":{"rendered":"trabajadores de tuborg"},"content":{"rendered":"<p>Este cartel hist\u00f3rico proviene de la fusi\u00f3n de Carlsberg y Tuborg en 1970. La historia danesa en un cartel para tu hogar, o para alguien que conoces y que ama la cerveza Tuborg.<\/p>\n<p style=\"text-align: left;\">Tuborg es una marca de cerveza danesa que se elabor\u00f3 por primera vez en Hellerup en 1875. Sin embargo, la f\u00e1brica detr\u00e1s de los productos, Tuborgs Fabrikker, ya se fund\u00f3 en 1873 y en 1970 se fusion\u00f3 con Carlsberg. La mayor parte de la f\u00e1brica ha sido demolida hoy. A\/S Tuborgs Fabrikker fue fundada por un grupo de empresarios, entre los que se encontraba el mayorista y propietario de un matadero, Philip W. Heyman, como iniciador.<\/p>\n<p style=\"text-align: left;\">En 1970 se fusionaron con Carlsberg y la producci\u00f3n se ampli\u00f3 en 1979, cuando se eligi\u00f3 Fredericia como ubicaci\u00f3n para una cervecer\u00eda m\u00e1s nueva y moderna, de la que se hizo cargo Poul Svanholm. En 1996 se elabor\u00f3 la \u00faltima cerveza en la cervecer\u00eda de Hellerup. Hoy en d\u00eda han surgido nuevas casas de moda, sedes comerciales, una escuela, un centro comercial y un puerto deportivo. El antiguo Tuborg fue demolido en 1998-2000, con la excepci\u00f3n de cinco edificios importantes, que ahora se utilizan para otros fines. Esto incluye la cervecer\u00eda, Tuborg Havnevej, el antiguo edificio administrativo, la f\u00e1brica de agua mineral, las salas de embotellado (ahora conocidas como experimentarium) y el nuevo edificio administrativo. El nuevo distrito de Tuborg se describe a menudo como elitista, sin vida y con una mala planificaci\u00f3n urbana. Carlsberg Ejendomme, responsable del desarrollo urbano, lo reconoci\u00f3 m\u00e1s tarde en relaci\u00f3n con el proyecto &quot;Nuestra ciudad&quot; sobre la transformaci\u00f3n de la correspondiente zona industrial de Carlsberg en Valby. Fuera de Dinamarca, la cerveza de exportaci\u00f3n de Tuborg es muy conocida. Tuborg est\u00e1 presente en 104 mercados en todo el mundo, pero principalmente con el producto Gold Tuborg. EN<br \/>\nTuborg de Rusia es la marca de cerveza con licencia m\u00e1s grande. En Dinamarca, Gr\u00f8n Tuborg es la cerveza m\u00e1s popular, aunque hay aprox. 10 tipos diferentes, mientras que fuera de Dinamarca s\u00f3lo se producen dos variantes diferentes; Tuborg dorado y Tuborg verde.<\/p>","protected":false},"excerpt":{"rendered":"<p>Compre este p\u00f3ster hist\u00f3rico de la fusi\u00f3n de Carlsberg y Tuborg en 1970. La historia danesa en un p\u00f3ster para su hogar, o para alguien que conozca a quien le guste la cerveza Tuborg.<\/p>\n<p style=\"text-align: left;\">Tuborg es una marca de cerveza danesa que se elabor\u00f3 por primera vez en Hellerup en 1875. Sin embargo, la f\u00e1brica detr\u00e1s de los productos, Tuborgs Fabrikker, ya se fund\u00f3 en 1873 y en 1970 se fusion\u00f3 con Carlsberg. La mayor parte de la f\u00e1brica ha sido demolida hoy. A\/S Tuborgs Fabrikker fue fundada por un grupo de empresarios, entre los que se encontraba el mayorista y propietario de un matadero, Philip W. Heyman, como iniciador.<\/p>","protected":false},"featured_media":5666,"comment_status":"open","ping_status":"closed","template":"","meta":{"_mi_skip_tracking":false},"product_cat":[234,237,73],"product_tag":[],"class_list":{"0":"post-5535","1":"product","2":"type-product","3":"status-publish","4":"has-post-thumbnail","6":"product_cat-politik","7":"product_cat-reklamer","8":"product_cat-plakater","9":"pa_storrelse-a4-21x30cm","10":"pa_storrelse-a3-30x42cm","11":"pa_storrelse-b2-50x70cm","12":"pa_storrelse-b1-70x100cm","14":"first","15":"instock","16":"taxable","17":"shipping-taxable","18":"purchasable","19":"product-type-variable"},"yoast_head":"<!-- This site is optimized with the Yoast SEO plugin v24.2 - https:\/\/yoast.com\/wordpress\/plugins\/seo\/ -->\n<title>Tuborg arbejdere Plakater | Spar 10% p\u00e5 et samles\u00e6t - My Canvas<\/title>\n<meta name=\"description\" content=\"K\u00f8b Tuborg arbejdere Plakater. DEN BEDSTE KVALITET Til den bedste pris - Historiske danske plakater - se vores store udvalg her.\" \/>\n<meta name=\"robots\" content=\"index, follow, max-snippet:-1, max-image-preview:large, max-video-preview:-1\" \/>\n<link rel=\"canonical\" href=\"https:\/\/mycanvas.dk\/es\/producto\/nye-produkter-kopier-29\/\" \/>\n<meta property=\"og:locale\" content=\"es_ES\" \/>\n<meta property=\"og:type\" content=\"article\" \/>\n<meta property=\"og:title\" content=\"Tuborg arbejdere Plakater | Spar 10% p\u00e5 et samles\u00e6t - My Canvas\" \/>\n<meta property=\"og:description\" content=\"K\u00f8b Tuborg arbejdere Plakater. DEN BEDSTE KVALITET Til den bedste pris - Historiske danske plakater - se vores store udvalg her.\" \/>\n<meta property=\"og:url\" content=\"https:\/\/mycanvas.dk\/es\/producto\/nye-produkter-kopier-29\/\" \/>\n<meta property=\"og:site_name\" content=\"My Canvas\" \/>\n<meta property=\"article:publisher\" content=\"https:\/\/www.facebook.com\/MyCanvasDanmark\" \/>\n<meta property=\"article:modified_time\" content=\"2021-05-19T07:36:52+00:00\" \/>\n<meta property=\"og:image\" content=\"https:\/\/mycanvas.dk\/wp-content\/uploads\/2019\/10\/Tuborg-M\u00e6nd-ege.jpg\" \/>\n\t<meta property=\"og:image:width\" content=\"1448\" \/>\n\t<meta property=\"og:image:height\" content=\"2048\" \/>\n\t<meta property=\"og:image:type\" content=\"image\/jpeg\" \/>\n<meta name=\"twitter:card\" content=\"summary_large_image\" \/>\n<meta name=\"twitter:label1\" content=\"Tiempo de lectura\" \/>\n\t<meta name=\"twitter:data1\" content=\"2 minutos\" \/>\n<script type=\"application\/ld+json\" class=\"yoast-schema-graph\">{\"@context\":\"https:\/\/schema.org\",\"@graph\":[{\"@type\":\"WebPage\",\"@id\":\"https:\/\/mycanvas.dk\/vare\/nye-produkter-kopier-29\/\",\"url\":\"https:\/\/mycanvas.dk\/vare\/nye-produkter-kopier-29\/\",\"name\":\"Tuborg arbejdere Plakater | Spar 10% p\u00e5 et samles\u00e6t - My Canvas\",\"isPartOf\":{\"@id\":\"https:\/\/mycanvas.dk\/#website\"},\"primaryImageOfPage\":{\"@id\":\"https:\/\/mycanvas.dk\/vare\/nye-produkter-kopier-29\/#primaryimage\"},\"image\":{\"@id\":\"https:\/\/mycanvas.dk\/vare\/nye-produkter-kopier-29\/#primaryimage\"},\"thumbnailUrl\":\"https:\/\/mycanvas.dk\/wp-content\/uploads\/2019\/10\/Tuborg-M\u00e6nd-ege.jpg\",\"datePublished\":\"2019-10-21T09:44:05+00:00\",\"dateModified\":\"2021-05-19T07:36:52+00:00\",\"description\":\"K\u00f8b Tuborg arbejdere Plakater. DEN BEDSTE KVALITET Til den bedste pris - Historiske danske plakater - se vores store udvalg her.\",\"breadcrumb\":{\"@id\":\"https:\/\/mycanvas.dk\/vare\/nye-produkter-kopier-29\/#breadcrumb\"},\"inLanguage\":\"es\",\"potentialAction\":[{\"@type\":\"ReadAction\",\"target\":[\"https:\/\/mycanvas.dk\/vare\/nye-produkter-kopier-29\/\"]}]},{\"@type\":\"ImageObject\",\"inLanguage\":\"es\",\"@id\":\"https:\/\/mycanvas.dk\/vare\/nye-produkter-kopier-29\/#primaryimage\",\"url\":\"https:\/\/mycanvas.dk\/wp-content\/uploads\/2019\/10\/Tuborg-M\u00e6nd-ege.jpg\",\"contentUrl\":\"https:\/\/mycanvas.dk\/wp-content\/uploads\/2019\/10\/Tuborg-M\u00e6nd-ege.jpg\",\"width\":1448,\"height\":2048},{\"@type\":\"BreadcrumbList\",\"@id\":\"https:\/\/mycanvas.dk\/vare\/nye-produkter-kopier-29\/#breadcrumb\",\"itemListElement\":[{\"@type\":\"ListItem\",\"position\":1,\"name\":\"Hjem\",\"item\":\"https:\/\/mycanvas.dk\/\"},{\"@type\":\"ListItem\",\"position\":2,\"name\":\"Shop\",\"item\":\"https:\/\/mycanvas.dk\/shop\/\"},{\"@type\":\"ListItem\",\"position\":3,\"name\":\"Tuborg arbejdere\"}]},{\"@type\":\"WebSite\",\"@id\":\"https:\/\/mycanvas.dk\/#website\",\"url\":\"https:\/\/mycanvas.dk\/\",\"name\":\"My Canvas\",\"description\":\"Vi g\u00f8r danmarks historie til kunst\",\"publisher\":{\"@id\":\"https:\/\/mycanvas.dk\/#organization\"},\"potentialAction\":[{\"@type\":\"SearchAction\",\"target\":{\"@type\":\"EntryPoint\",\"urlTemplate\":\"https:\/\/mycanvas.dk\/?s={search_term_string}\"},\"query-input\":{\"@type\":\"PropertyValueSpecification\",\"valueRequired\":true,\"valueName\":\"search_term_string\"}}],\"inLanguage\":\"es\"},{\"@type\":\"Organization\",\"@id\":\"https:\/\/mycanvas.dk\/#organization\",\"name\":\"My Canvas\",\"url\":\"https:\/\/mycanvas.dk\/\",\"logo\":{\"@type\":\"ImageObject\",\"inLanguage\":\"es\",\"@id\":\"https:\/\/mycanvas.dk\/#\/schema\/logo\/image\/\",\"url\":\"https:\/\/mycanvas.dk\/wp-content\/uploads\/2018\/09\/MyCanvas-Logo-Nyeste.png\",\"contentUrl\":\"https:\/\/mycanvas.dk\/wp-content\/uploads\/2018\/09\/MyCanvas-Logo-Nyeste.png\",\"width\":1916,\"height\":736,\"caption\":\"My Canvas\"},\"image\":{\"@id\":\"https:\/\/mycanvas.dk\/#\/schema\/logo\/image\/\"},\"sameAs\":[\"https:\/\/www.facebook.com\/MyCanvasDanmark\",\"https:\/\/www.instagram.com\/mycanvasdk\/\"]}]}<\/script>\n<!-- \/ Yoast SEO plugin. -->","yoast_head_json":{"title":"Tuborg arbejdere Plakater | Spar 10% p\u00e5 et samles\u00e6t - My Canvas","description":"K\u00f8b Tuborg arbejdere Plakater. DEN BEDSTE KVALITET Til den bedste pris - Historiske danske plakater - se vores store udvalg her.","robots":{"index":"index","follow":"follow","max-snippet":"max-snippet:-1","max-image-preview":"max-image-preview:large","max-video-preview":"max-video-preview:-1"},"canonical":"https:\/\/mycanvas.dk\/es\/producto\/nye-produkter-kopier-29\/","og_locale":"es_ES","og_type":"article","og_title":"Tuborg arbejdere Plakater | Spar 10% p\u00e5 et samles\u00e6t - My Canvas","og_description":"K\u00f8b Tuborg arbejdere Plakater. DEN BEDSTE KVALITET Til den bedste pris - Historiske danske plakater - se vores store udvalg her.","og_url":"https:\/\/mycanvas.dk\/es\/producto\/nye-produkter-kopier-29\/","og_site_name":"My Canvas","article_publisher":"https:\/\/www.facebook.com\/MyCanvasDanmark","article_modified_time":"2021-05-19T07:36:52+00:00","og_image":[{"width":1448,"height":2048,"url":"https:\/\/mycanvas.dk\/wp-content\/uploads\/2019\/10\/Tuborg-M\u00e6nd-ege.jpg","type":"image\/jpeg"}],"twitter_card":"summary_large_image","twitter_misc":{"Tiempo de lectura":"2 minutos"},"schema":{"@context":"https:\/\/schema.org","@graph":[{"@type":"WebPage","@id":"https:\/\/mycanvas.dk\/vare\/nye-produkter-kopier-29\/","url":"https:\/\/mycanvas.dk\/vare\/nye-produkter-kopier-29\/","name":"Tuborg arbejdere Plakater | Spar 10% p\u00e5 et samles\u00e6t - My Canvas","isPartOf":{"@id":"https:\/\/mycanvas.dk\/#website"},"primaryImageOfPage":{"@id":"https:\/\/mycanvas.dk\/vare\/nye-produkter-kopier-29\/#primaryimage"},"image":{"@id":"https:\/\/mycanvas.dk\/vare\/nye-produkter-kopier-29\/#primaryimage"},"thumbnailUrl":"https:\/\/mycanvas.dk\/wp-content\/uploads\/2019\/10\/Tuborg-M\u00e6nd-ege.jpg","datePublished":"2019-10-21T09:44:05+00:00","dateModified":"2021-05-19T07:36:52+00:00","description":"K\u00f8b Tuborg arbejdere Plakater. DEN BEDSTE KVALITET Til den bedste pris - Historiske danske plakater - se vores store udvalg her.","breadcrumb":{"@id":"https:\/\/mycanvas.dk\/vare\/nye-produkter-kopier-29\/#breadcrumb"},"inLanguage":"es","potentialAction":[{"@type":"ReadAction","target":["https:\/\/mycanvas.dk\/vare\/nye-produkter-kopier-29\/"]}]},{"@type":"ImageObject","inLanguage":"es","@id":"https:\/\/mycanvas.dk\/vare\/nye-produkter-kopier-29\/#primaryimage","url":"https:\/\/mycanvas.dk\/wp-content\/uploads\/2019\/10\/Tuborg-M\u00e6nd-ege.jpg","contentUrl":"https:\/\/mycanvas.dk\/wp-content\/uploads\/2019\/10\/Tuborg-M\u00e6nd-ege.jpg","width":1448,"height":2048},{"@type":"BreadcrumbList","@id":"https:\/\/mycanvas.dk\/vare\/nye-produkter-kopier-29\/#breadcrumb","itemListElement":[{"@type":"ListItem","position":1,"name":"Hjem","item":"https:\/\/mycanvas.dk\/"},{"@type":"ListItem","position":2,"name":"Shop","item":"https:\/\/mycanvas.dk\/shop\/"},{"@type":"ListItem","position":3,"name":"Tuborg arbejdere"}]},{"@type":"WebSite","@id":"https:\/\/mycanvas.dk\/#website","url":"https:\/\/mycanvas.dk\/","name":"My Canvas","description":"Vi g\u00f8r danmarks historie til kunst","publisher":{"@id":"https:\/\/mycanvas.dk\/#organization"},"potentialAction":[{"@type":"SearchAction","target":{"@type":"EntryPoint","urlTemplate":"https:\/\/mycanvas.dk\/?s={search_term_string}"},"query-input":{"@type":"PropertyValueSpecification","valueRequired":true,"valueName":"search_term_string"}}],"inLanguage":"es"},{"@type":"Organization","@id":"https:\/\/mycanvas.dk\/#organization","name":"My Canvas","url":"https:\/\/mycanvas.dk\/","logo":{"@type":"ImageObject","inLanguage":"es","@id":"https:\/\/mycanvas.dk\/#\/schema\/logo\/image\/","url":"https:\/\/mycanvas.dk\/wp-content\/uploads\/2018\/09\/MyCanvas-Logo-Nyeste.png","contentUrl":"https:\/\/mycanvas.dk\/wp-content\/uploads\/2018\/09\/MyCanvas-Logo-Nyeste.png","width":1916,"height":736,"caption":"My Canvas"},"image":{"@id":"https:\/\/mycanvas.dk\/#\/schema\/logo\/image\/"},"sameAs":["https:\/\/www.facebook.com\/MyCanvasDanmark","https:\/\/www.instagram.com\/mycanvasdk\/"]}]}},"_links":{"self":[{"href":"https:\/\/mycanvas.dk\/es\/wp-json\/wp\/v2\/product\/5535","targetHints":{"allow":["GET"]}}],"collection":[{"href":"https:\/\/mycanvas.dk\/es\/wp-json\/wp\/v2\/product"}],"about":[{"href":"https:\/\/mycanvas.dk\/es\/wp-json\/wp\/v2\/types\/product"}],"replies":[{"embeddable":true,"href":"https:\/\/mycanvas.dk\/es\/wp-json\/wp\/v2\/comments?post=5535"}],"wp:featuredmedia":[{"embeddable":true,"href":"https:\/\/mycanvas.dk\/es\/wp-json\/wp\/v2\/media\/5666"}],"wp:attachment":[{"href":"https:\/\/mycanvas.dk\/es\/wp-json\/wp\/v2\/media?parent=5535"}],"wp:term":[{"taxonomy":"product_cat","embeddable":true,"href":"https:\/\/mycanvas.dk\/es\/wp-json\/wp\/v2\/product_cat?post=5535"},{"taxonomy":"product_tag","embeddable":true,"href":"https:\/\/mycanvas.dk\/es\/wp-json\/wp\/v2\/product_tag?post=5535"}],"curies":[{"name":"wp","href":"https:\/\/api.w.org\/{rel}","templated":true}]}}