
{"id":5540,"date":"2019-10-21T10:44:06","date_gmt":"2019-10-21T09:44:06","guid":{"rendered":"https:\/\/mycanvas.dk\/?post_type=product&#038;p=5540"},"modified":"2019-10-29T12:19:26","modified_gmt":"2019-10-29T11:19:26","slug":"nye-produkter-kopier-30","status":"publish","type":"product","link":"https:\/\/mycanvas.dk\/es\/producto\/nye-produkter-kopier-30\/","title":{"rendered":"Transporte de mercanc\u00edas en Tuborg"},"content":{"rendered":"<p>La imagen hist\u00f3rica del cartel aqu\u00ed es de la huelga en Tuborg, donde se puede ver el interior\/exterior del Tappehallerne, donde comenz\u00f3 el conflicto con carros de cerveza en el pasillo.<\/p>\n<p>En 1985, un soleado d\u00eda de mayo, los trabajadores de las cervecer\u00edas de Carlsberg y Tuborg se declararon en huelga que dur\u00f3 ocho semanas. Se supon\u00eda que la huelga asegurar\u00eda empleo e influencia en las nuevas tecnolog\u00edas. Como consecuencia de la nueva tecnolog\u00eda, se plane\u00f3 que se recortar\u00eda la producci\u00f3n y con ello se tendr\u00edan que liquidar puestos de trabajo. Uno de los requisitos para poner fin a la huelga era garantizar que la liquidaci\u00f3n de los lugares de trabajo se produjera mediante una salida natural seguida de una recontrataci\u00f3n en relaci\u00f3n con un n\u00famero acordado de trabajadores. Otra exigencia que se hizo fue que la venta de cerveza en el este de Dinamarca se produjera en Carlsberg y Tuborg. Adem\u00e1s, se exigi\u00f3 a la direcci\u00f3n que no redujera los puestos de trabajo en los que no se hubiera invertido en nuevas m\u00e1quinas ni en reestructuraciones.<\/p>\n<p>La huelga surgi\u00f3 como resultado de la nueva tecnolog\u00eda que hab\u00eda que implementar, lo que resultar\u00eda en una necesidad mucho menor de mano de obra y, por tanto, en el cierre de puestos de trabajo que fueron directamente reemplazados por la tecnolog\u00eda. La huelga tuvo un enorme impacto en sus sindicatos y les hizo cambiar completamente su estrategia, de modo que la atenci\u00f3n se centr\u00f3 en la producci\u00f3n y el empleo en una medida mucho mayor que nunca antes. Pero al mismo tiempo, tambi\u00e9n fue una aceptaci\u00f3n por parte de los trabajadores de que eran conscientes de que era necesario reemplazar las m\u00e1quinas y equipos de producci\u00f3n desgastados en las f\u00e1bricas.<\/p>","protected":false},"excerpt":{"rendered":"<p>La imagen hist\u00f3rica del cartel aqu\u00ed es de la huelga en Tuborg, donde se puede ver el interior\/exterior del Tappehallerne, donde comenz\u00f3 el conflicto con carros de cerveza en el pasillo. En 1985, un soleado d\u00eda de mayo, los trabajadores de las cervecer\u00edas de Carlsberg y Tuborg se declararon en huelga que dur\u00f3 ocho semanas. Se supon\u00eda que la huelga asegurar\u00eda empleo e influencia en las nuevas tecnolog\u00edas.<\/p>\n<p>Compre un p\u00f3ster hist\u00f3rico dan\u00e9s de 1985 impreso en sat\u00e9n fotogr\u00e1fico de calidad para colgarlo en la pared.<\/p>","protected":false},"featured_media":5665,"comment_status":"open","ping_status":"closed","template":"","meta":{"_mi_skip_tracking":false},"product_cat":[234,237,73],"product_tag":[],"class_list":{"0":"post-5540","1":"product","2":"type-product","3":"status-publish","4":"has-post-thumbnail","6":"product_cat-politik","7":"product_cat-reklamer","8":"product_cat-plakater","9":"pa_storrelse-a4-21x30cm","10":"pa_storrelse-a3-30x42cm","11":"pa_storrelse-b2-50x70cm","12":"pa_storrelse-b1-70x100cm","14":"first","15":"instock","16":"taxable","17":"shipping-taxable","18":"purchasable","19":"product-type-variable"},"yoast_head":"<!-- This site is optimized with the Yoast SEO plugin v24.2 - https:\/\/yoast.com\/wordpress\/plugins\/seo\/ -->\n<title>Tuborg varetransport Plakater | Spar 10% p\u00e5 et samles\u00e6t - My Canvas<\/title>\n<meta name=\"description\" content=\"K\u00f8b Tuborg varetransport Plakater. DEN BEDSTE KVALITET Til den bedste pris - Historiske danske plakater - se vore store udvalg her.\" \/>\n<meta name=\"robots\" content=\"index, follow, max-snippet:-1, max-image-preview:large, max-video-preview:-1\" \/>\n<link rel=\"canonical\" href=\"https:\/\/mycanvas.dk\/es\/producto\/nye-produkter-kopier-30\/\" \/>\n<meta property=\"og:locale\" content=\"es_ES\" \/>\n<meta property=\"og:type\" content=\"article\" \/>\n<meta property=\"og:title\" content=\"Tuborg varetransport Plakater | Spar 10% p\u00e5 et samles\u00e6t - My Canvas\" \/>\n<meta property=\"og:description\" content=\"K\u00f8b Tuborg varetransport Plakater. DEN BEDSTE KVALITET Til den bedste pris - Historiske danske plakater - se vore store udvalg her.\" \/>\n<meta property=\"og:url\" content=\"https:\/\/mycanvas.dk\/es\/producto\/nye-produkter-kopier-30\/\" \/>\n<meta property=\"og:site_name\" content=\"My Canvas\" \/>\n<meta property=\"article:publisher\" content=\"https:\/\/www.facebook.com\/MyCanvasDanmark\" \/>\n<meta property=\"article:modified_time\" content=\"2019-10-29T11:19:26+00:00\" \/>\n<meta property=\"og:image\" content=\"https:\/\/mycanvas.dk\/wp-content\/uploads\/2019\/10\/Tuborg-biler-ege.jpg\" \/>\n\t<meta property=\"og:image:width\" content=\"2048\" \/>\n\t<meta property=\"og:image:height\" content=\"1448\" \/>\n\t<meta property=\"og:image:type\" content=\"image\/jpeg\" \/>\n<meta name=\"twitter:card\" content=\"summary_large_image\" \/>\n<meta name=\"twitter:label1\" content=\"Tiempo de lectura\" \/>\n\t<meta name=\"twitter:data1\" content=\"1 minuto\" \/>\n<script type=\"application\/ld+json\" class=\"yoast-schema-graph\">{\"@context\":\"https:\/\/schema.org\",\"@graph\":[{\"@type\":\"WebPage\",\"@id\":\"https:\/\/mycanvas.dk\/vare\/nye-produkter-kopier-30\/\",\"url\":\"https:\/\/mycanvas.dk\/vare\/nye-produkter-kopier-30\/\",\"name\":\"Tuborg varetransport Plakater | Spar 10% p\u00e5 et samles\u00e6t - My Canvas\",\"isPartOf\":{\"@id\":\"https:\/\/mycanvas.dk\/#website\"},\"primaryImageOfPage\":{\"@id\":\"https:\/\/mycanvas.dk\/vare\/nye-produkter-kopier-30\/#primaryimage\"},\"image\":{\"@id\":\"https:\/\/mycanvas.dk\/vare\/nye-produkter-kopier-30\/#primaryimage\"},\"thumbnailUrl\":\"https:\/\/mycanvas.dk\/wp-content\/uploads\/2019\/10\/Tuborg-biler-ege.jpg\",\"datePublished\":\"2019-10-21T09:44:06+00:00\",\"dateModified\":\"2019-10-29T11:19:26+00:00\",\"description\":\"K\u00f8b Tuborg varetransport Plakater. DEN BEDSTE KVALITET Til den bedste pris - Historiske danske plakater - se vore store udvalg her.\",\"breadcrumb\":{\"@id\":\"https:\/\/mycanvas.dk\/vare\/nye-produkter-kopier-30\/#breadcrumb\"},\"inLanguage\":\"es\",\"potentialAction\":[{\"@type\":\"ReadAction\",\"target\":[\"https:\/\/mycanvas.dk\/vare\/nye-produkter-kopier-30\/\"]}]},{\"@type\":\"ImageObject\",\"inLanguage\":\"es\",\"@id\":\"https:\/\/mycanvas.dk\/vare\/nye-produkter-kopier-30\/#primaryimage\",\"url\":\"https:\/\/mycanvas.dk\/wp-content\/uploads\/2019\/10\/Tuborg-biler-ege.jpg\",\"contentUrl\":\"https:\/\/mycanvas.dk\/wp-content\/uploads\/2019\/10\/Tuborg-biler-ege.jpg\",\"width\":2048,\"height\":1448},{\"@type\":\"BreadcrumbList\",\"@id\":\"https:\/\/mycanvas.dk\/vare\/nye-produkter-kopier-30\/#breadcrumb\",\"itemListElement\":[{\"@type\":\"ListItem\",\"position\":1,\"name\":\"Hjem\",\"item\":\"https:\/\/mycanvas.dk\/\"},{\"@type\":\"ListItem\",\"position\":2,\"name\":\"Shop\",\"item\":\"https:\/\/mycanvas.dk\/shop\/\"},{\"@type\":\"ListItem\",\"position\":3,\"name\":\"Tuborg varetransport\"}]},{\"@type\":\"WebSite\",\"@id\":\"https:\/\/mycanvas.dk\/#website\",\"url\":\"https:\/\/mycanvas.dk\/\",\"name\":\"My Canvas\",\"description\":\"Vi g\u00f8r danmarks historie til kunst\",\"publisher\":{\"@id\":\"https:\/\/mycanvas.dk\/#organization\"},\"potentialAction\":[{\"@type\":\"SearchAction\",\"target\":{\"@type\":\"EntryPoint\",\"urlTemplate\":\"https:\/\/mycanvas.dk\/?s={search_term_string}\"},\"query-input\":{\"@type\":\"PropertyValueSpecification\",\"valueRequired\":true,\"valueName\":\"search_term_string\"}}],\"inLanguage\":\"es\"},{\"@type\":\"Organization\",\"@id\":\"https:\/\/mycanvas.dk\/#organization\",\"name\":\"My Canvas\",\"url\":\"https:\/\/mycanvas.dk\/\",\"logo\":{\"@type\":\"ImageObject\",\"inLanguage\":\"es\",\"@id\":\"https:\/\/mycanvas.dk\/#\/schema\/logo\/image\/\",\"url\":\"https:\/\/mycanvas.dk\/wp-content\/uploads\/2018\/09\/MyCanvas-Logo-Nyeste.png\",\"contentUrl\":\"https:\/\/mycanvas.dk\/wp-content\/uploads\/2018\/09\/MyCanvas-Logo-Nyeste.png\",\"width\":1916,\"height\":736,\"caption\":\"My Canvas\"},\"image\":{\"@id\":\"https:\/\/mycanvas.dk\/#\/schema\/logo\/image\/\"},\"sameAs\":[\"https:\/\/www.facebook.com\/MyCanvasDanmark\",\"https:\/\/www.instagram.com\/mycanvasdk\/\"]}]}<\/script>\n<!-- \/ Yoast SEO plugin. -->","yoast_head_json":{"title":"Tuborg varetransport Plakater | Spar 10% p\u00e5 et samles\u00e6t - My Canvas","description":"K\u00f8b Tuborg varetransport Plakater. DEN BEDSTE KVALITET Til den bedste pris - Historiske danske plakater - se vore store udvalg her.","robots":{"index":"index","follow":"follow","max-snippet":"max-snippet:-1","max-image-preview":"max-image-preview:large","max-video-preview":"max-video-preview:-1"},"canonical":"https:\/\/mycanvas.dk\/es\/producto\/nye-produkter-kopier-30\/","og_locale":"es_ES","og_type":"article","og_title":"Tuborg varetransport Plakater | Spar 10% p\u00e5 et samles\u00e6t - My Canvas","og_description":"K\u00f8b Tuborg varetransport Plakater. DEN BEDSTE KVALITET Til den bedste pris - Historiske danske plakater - se vore store udvalg her.","og_url":"https:\/\/mycanvas.dk\/es\/producto\/nye-produkter-kopier-30\/","og_site_name":"My Canvas","article_publisher":"https:\/\/www.facebook.com\/MyCanvasDanmark","article_modified_time":"2019-10-29T11:19:26+00:00","og_image":[{"width":2048,"height":1448,"url":"https:\/\/mycanvas.dk\/wp-content\/uploads\/2019\/10\/Tuborg-biler-ege.jpg","type":"image\/jpeg"}],"twitter_card":"summary_large_image","twitter_misc":{"Tiempo de lectura":"1 minuto"},"schema":{"@context":"https:\/\/schema.org","@graph":[{"@type":"WebPage","@id":"https:\/\/mycanvas.dk\/vare\/nye-produkter-kopier-30\/","url":"https:\/\/mycanvas.dk\/vare\/nye-produkter-kopier-30\/","name":"Tuborg varetransport Plakater | Spar 10% p\u00e5 et samles\u00e6t - My Canvas","isPartOf":{"@id":"https:\/\/mycanvas.dk\/#website"},"primaryImageOfPage":{"@id":"https:\/\/mycanvas.dk\/vare\/nye-produkter-kopier-30\/#primaryimage"},"image":{"@id":"https:\/\/mycanvas.dk\/vare\/nye-produkter-kopier-30\/#primaryimage"},"thumbnailUrl":"https:\/\/mycanvas.dk\/wp-content\/uploads\/2019\/10\/Tuborg-biler-ege.jpg","datePublished":"2019-10-21T09:44:06+00:00","dateModified":"2019-10-29T11:19:26+00:00","description":"K\u00f8b Tuborg varetransport Plakater. DEN BEDSTE KVALITET Til den bedste pris - Historiske danske plakater - se vore store udvalg her.","breadcrumb":{"@id":"https:\/\/mycanvas.dk\/vare\/nye-produkter-kopier-30\/#breadcrumb"},"inLanguage":"es","potentialAction":[{"@type":"ReadAction","target":["https:\/\/mycanvas.dk\/vare\/nye-produkter-kopier-30\/"]}]},{"@type":"ImageObject","inLanguage":"es","@id":"https:\/\/mycanvas.dk\/vare\/nye-produkter-kopier-30\/#primaryimage","url":"https:\/\/mycanvas.dk\/wp-content\/uploads\/2019\/10\/Tuborg-biler-ege.jpg","contentUrl":"https:\/\/mycanvas.dk\/wp-content\/uploads\/2019\/10\/Tuborg-biler-ege.jpg","width":2048,"height":1448},{"@type":"BreadcrumbList","@id":"https:\/\/mycanvas.dk\/vare\/nye-produkter-kopier-30\/#breadcrumb","itemListElement":[{"@type":"ListItem","position":1,"name":"Hjem","item":"https:\/\/mycanvas.dk\/"},{"@type":"ListItem","position":2,"name":"Shop","item":"https:\/\/mycanvas.dk\/shop\/"},{"@type":"ListItem","position":3,"name":"Tuborg varetransport"}]},{"@type":"WebSite","@id":"https:\/\/mycanvas.dk\/#website","url":"https:\/\/mycanvas.dk\/","name":"My Canvas","description":"Vi g\u00f8r danmarks historie til kunst","publisher":{"@id":"https:\/\/mycanvas.dk\/#organization"},"potentialAction":[{"@type":"SearchAction","target":{"@type":"EntryPoint","urlTemplate":"https:\/\/mycanvas.dk\/?s={search_term_string}"},"query-input":{"@type":"PropertyValueSpecification","valueRequired":true,"valueName":"search_term_string"}}],"inLanguage":"es"},{"@type":"Organization","@id":"https:\/\/mycanvas.dk\/#organization","name":"My Canvas","url":"https:\/\/mycanvas.dk\/","logo":{"@type":"ImageObject","inLanguage":"es","@id":"https:\/\/mycanvas.dk\/#\/schema\/logo\/image\/","url":"https:\/\/mycanvas.dk\/wp-content\/uploads\/2018\/09\/MyCanvas-Logo-Nyeste.png","contentUrl":"https:\/\/mycanvas.dk\/wp-content\/uploads\/2018\/09\/MyCanvas-Logo-Nyeste.png","width":1916,"height":736,"caption":"My Canvas"},"image":{"@id":"https:\/\/mycanvas.dk\/#\/schema\/logo\/image\/"},"sameAs":["https:\/\/www.facebook.com\/MyCanvasDanmark","https:\/\/www.instagram.com\/mycanvasdk\/"]}]}},"_links":{"self":[{"href":"https:\/\/mycanvas.dk\/es\/wp-json\/wp\/v2\/product\/5540","targetHints":{"allow":["GET"]}}],"collection":[{"href":"https:\/\/mycanvas.dk\/es\/wp-json\/wp\/v2\/product"}],"about":[{"href":"https:\/\/mycanvas.dk\/es\/wp-json\/wp\/v2\/types\/product"}],"replies":[{"embeddable":true,"href":"https:\/\/mycanvas.dk\/es\/wp-json\/wp\/v2\/comments?post=5540"}],"wp:featuredmedia":[{"embeddable":true,"href":"https:\/\/mycanvas.dk\/es\/wp-json\/wp\/v2\/media\/5665"}],"wp:attachment":[{"href":"https:\/\/mycanvas.dk\/es\/wp-json\/wp\/v2\/media?parent=5540"}],"wp:term":[{"taxonomy":"product_cat","embeddable":true,"href":"https:\/\/mycanvas.dk\/es\/wp-json\/wp\/v2\/product_cat?post=5540"},{"taxonomy":"product_tag","embeddable":true,"href":"https:\/\/mycanvas.dk\/es\/wp-json\/wp\/v2\/product_tag?post=5540"}],"curies":[{"name":"wp","href":"https:\/\/api.w.org\/{rel}","templated":true}]}}