
{"id":568,"date":"2018-09-26T20:51:25","date_gmt":"2018-09-26T18:51:25","guid":{"rendered":"http:\/\/designbyjuel.dk\/?post_type=product&#038;p=568"},"modified":"2021-01-02T00:05:14","modified_gmt":"2021-01-01T23:05:14","slug":"billedramme-sort","status":"publish","type":"product","link":"https:\/\/mycanvas.dk\/es\/producto\/billedramme-sort\/","title":{"rendered":"Marco de fotos negro"},"content":{"rendered":"<div class=\"page\" title=\"P\u00e1gina 1\">\n<div class=\"layoutArea\">\n<div class=\"column\">\n<h2 style=\"text-align: center;\">Marco elegante con borde negro.<\/h2>\n<p style=\"text-align: center;\">Coloque una foto preciada en este elegante marco, perfecto para agregar un toque sentimental a su hogar. Cu\u00e9lgalo en tu sal\u00f3n o en el vest\u00edbulo, donde llamar\u00e1 la atenci\u00f3n.<br \/>\nEl marco viene con vidrio art\u00edstico con bordes esmerilados, por lo que su imagen aparecer\u00e1 n\u00edtida.<\/p>\n<p style=\"text-align: center;\">El marco decorativo da una impresi\u00f3n clara y moderna a su hogar. El sencillo perfil est\u00e1 fabricado con madera sostenible certificada FSC. El marco Accent es producido por Nielsen en Alemania, uno de los mayores fabricantes de productos para marcos del mundo.<\/p>\n<p style=\"text-align: center;\">Marco elegante y delgado. Perfecto para enmarcar carteles, impresiones art\u00edsticas y fotograf\u00edas.<\/p>\n<\/div>\n<div class=\"page\" title=\"P\u00e1gina 1\">\n<div class=\"layoutArea\">\n<div class=\"column\">\n<p>&nbsp;<\/p>\n<\/div>\n<\/div>\n<\/div>\n<\/div>\n<\/div>","protected":false},"excerpt":{"rendered":"<div class=\"page\" title=\"P\u00e1gina 1\">\n<div class=\"layoutArea\">\n<div class=\"column\">\n<p><span style=\"font-size: 110%;\"><strong>Marco elegante y delgado con borde negro.<\/strong><br \/>\nPerfecto para enmarcar impresiones art\u00edsticas. Tenga en cuenta que utilizamos vidrio artificial y no plexigl\u00e1s como otros minoristas.<\/span><\/p>\n<\/div>\n<\/div>\n<\/div>","protected":false},"featured_media":577,"comment_status":"open","ping_status":"closed","template":"","meta":{"_mi_skip_tracking":false},"product_cat":[75],"product_tag":[],"class_list":{"0":"post-568","1":"product","2":"type-product","3":"status-publish","4":"has-post-thumbnail","6":"product_cat-rammer","7":"pa_storrelse-a4-21x30cm","8":"pa_storrelse-a3-30x42cm","9":"pa_storrelse-b2-50x70cm","11":"first","12":"instock","13":"taxable","14":"shipping-taxable","15":"purchasable","16":"product-type-variable"},"yoast_head":"<!-- This site is optimized with the Yoast SEO plugin v24.2 - https:\/\/yoast.com\/wordpress\/plugins\/seo\/ -->\n<title>Billedramme sort Rammer | Spar 10% p\u00e5 et samles\u00e6t - My Canvas<\/title>\n<meta name=\"description\" content=\"K\u00f8b Billedramme sort Rammer. DEN BEDSTE KVALITET Til den bedste prisAlle plakater er trykt p\u00e5 h\u00f8j kvalitets foto satin papir.\" \/>\n<meta name=\"robots\" content=\"index, follow, max-snippet:-1, max-image-preview:large, max-video-preview:-1\" \/>\n<link rel=\"canonical\" href=\"https:\/\/mycanvas.dk\/es\/producto\/billedramme-sort\/\" \/>\n<meta property=\"og:locale\" content=\"es_ES\" \/>\n<meta property=\"og:type\" content=\"article\" \/>\n<meta property=\"og:title\" content=\"Billedramme sort Rammer | Spar 10% p\u00e5 et samles\u00e6t - My Canvas\" \/>\n<meta property=\"og:description\" content=\"K\u00f8b Billedramme sort Rammer. DEN BEDSTE KVALITET Til den bedste prisAlle plakater er trykt p\u00e5 h\u00f8j kvalitets foto satin papir.\" \/>\n<meta property=\"og:url\" content=\"https:\/\/mycanvas.dk\/es\/producto\/billedramme-sort\/\" \/>\n<meta property=\"og:site_name\" content=\"My Canvas\" \/>\n<meta property=\"article:publisher\" content=\"https:\/\/www.facebook.com\/MyCanvasDanmark\" \/>\n<meta property=\"article:modified_time\" content=\"2021-01-01T23:05:14+00:00\" \/>\n<meta property=\"og:image\" content=\"https:\/\/mycanvas.dk\/wp-content\/uploads\/2018\/09\/6752007_50x70_Scandic_Black_high-2-o.jpg\" \/>\n\t<meta property=\"og:image:width\" content=\"2048\" \/>\n\t<meta property=\"og:image:height\" content=\"2048\" \/>\n\t<meta property=\"og:image:type\" content=\"image\/jpeg\" \/>\n<meta name=\"twitter:card\" content=\"summary_large_image\" \/>\n<meta name=\"twitter:label1\" content=\"Tiempo de lectura\" \/>\n\t<meta name=\"twitter:data1\" content=\"1 minuto\" \/>\n<script type=\"application\/ld+json\" class=\"yoast-schema-graph\">{\"@context\":\"https:\/\/schema.org\",\"@graph\":[{\"@type\":\"WebPage\",\"@id\":\"https:\/\/mycanvas.dk\/vare\/billedramme-sort\/\",\"url\":\"https:\/\/mycanvas.dk\/vare\/billedramme-sort\/\",\"name\":\"Billedramme sort Rammer | Spar 10% p\u00e5 et samles\u00e6t - My Canvas\",\"isPartOf\":{\"@id\":\"https:\/\/mycanvas.dk\/#website\"},\"primaryImageOfPage\":{\"@id\":\"https:\/\/mycanvas.dk\/vare\/billedramme-sort\/#primaryimage\"},\"image\":{\"@id\":\"https:\/\/mycanvas.dk\/vare\/billedramme-sort\/#primaryimage\"},\"thumbnailUrl\":\"https:\/\/mycanvas.dk\/wp-content\/uploads\/2018\/09\/6752007_50x70_Scandic_Black_high-2-o.jpg\",\"datePublished\":\"2018-09-26T18:51:25+00:00\",\"dateModified\":\"2021-01-01T23:05:14+00:00\",\"description\":\"K\u00f8b Billedramme sort Rammer. DEN BEDSTE KVALITET Til den bedste prisAlle plakater er trykt p\u00e5 h\u00f8j kvalitets foto satin papir.\",\"breadcrumb\":{\"@id\":\"https:\/\/mycanvas.dk\/vare\/billedramme-sort\/#breadcrumb\"},\"inLanguage\":\"es\",\"potentialAction\":[{\"@type\":\"ReadAction\",\"target\":[\"https:\/\/mycanvas.dk\/vare\/billedramme-sort\/\"]}]},{\"@type\":\"ImageObject\",\"inLanguage\":\"es\",\"@id\":\"https:\/\/mycanvas.dk\/vare\/billedramme-sort\/#primaryimage\",\"url\":\"https:\/\/mycanvas.dk\/wp-content\/uploads\/2018\/09\/6752007_50x70_Scandic_Black_high-2-o.jpg\",\"contentUrl\":\"https:\/\/mycanvas.dk\/wp-content\/uploads\/2018\/09\/6752007_50x70_Scandic_Black_high-2-o.jpg\",\"width\":2048,\"height\":2048},{\"@type\":\"BreadcrumbList\",\"@id\":\"https:\/\/mycanvas.dk\/vare\/billedramme-sort\/#breadcrumb\",\"itemListElement\":[{\"@type\":\"ListItem\",\"position\":1,\"name\":\"Hjem\",\"item\":\"https:\/\/mycanvas.dk\/\"},{\"@type\":\"ListItem\",\"position\":2,\"name\":\"Shop\",\"item\":\"https:\/\/mycanvas.dk\/shop\/\"},{\"@type\":\"ListItem\",\"position\":3,\"name\":\"Billedramme sort\"}]},{\"@type\":\"WebSite\",\"@id\":\"https:\/\/mycanvas.dk\/#website\",\"url\":\"https:\/\/mycanvas.dk\/\",\"name\":\"My Canvas\",\"description\":\"Vi g\u00f8r danmarks historie til kunst\",\"publisher\":{\"@id\":\"https:\/\/mycanvas.dk\/#organization\"},\"potentialAction\":[{\"@type\":\"SearchAction\",\"target\":{\"@type\":\"EntryPoint\",\"urlTemplate\":\"https:\/\/mycanvas.dk\/?s={search_term_string}\"},\"query-input\":{\"@type\":\"PropertyValueSpecification\",\"valueRequired\":true,\"valueName\":\"search_term_string\"}}],\"inLanguage\":\"es\"},{\"@type\":\"Organization\",\"@id\":\"https:\/\/mycanvas.dk\/#organization\",\"name\":\"My Canvas\",\"url\":\"https:\/\/mycanvas.dk\/\",\"logo\":{\"@type\":\"ImageObject\",\"inLanguage\":\"es\",\"@id\":\"https:\/\/mycanvas.dk\/#\/schema\/logo\/image\/\",\"url\":\"https:\/\/mycanvas.dk\/wp-content\/uploads\/2018\/09\/MyCanvas-Logo-Nyeste.png\",\"contentUrl\":\"https:\/\/mycanvas.dk\/wp-content\/uploads\/2018\/09\/MyCanvas-Logo-Nyeste.png\",\"width\":1916,\"height\":736,\"caption\":\"My Canvas\"},\"image\":{\"@id\":\"https:\/\/mycanvas.dk\/#\/schema\/logo\/image\/\"},\"sameAs\":[\"https:\/\/www.facebook.com\/MyCanvasDanmark\",\"https:\/\/www.instagram.com\/mycanvasdk\/\"]}]}<\/script>\n<!-- \/ Yoast SEO plugin. -->","yoast_head_json":{"title":"Billedramme sort Rammer | Spar 10% p\u00e5 et samles\u00e6t - My Canvas","description":"K\u00f8b Billedramme sort Rammer. DEN BEDSTE KVALITET Til den bedste prisAlle plakater er trykt p\u00e5 h\u00f8j kvalitets foto satin papir.","robots":{"index":"index","follow":"follow","max-snippet":"max-snippet:-1","max-image-preview":"max-image-preview:large","max-video-preview":"max-video-preview:-1"},"canonical":"https:\/\/mycanvas.dk\/es\/producto\/billedramme-sort\/","og_locale":"es_ES","og_type":"article","og_title":"Billedramme sort Rammer | Spar 10% p\u00e5 et samles\u00e6t - My Canvas","og_description":"K\u00f8b Billedramme sort Rammer. DEN BEDSTE KVALITET Til den bedste prisAlle plakater er trykt p\u00e5 h\u00f8j kvalitets foto satin papir.","og_url":"https:\/\/mycanvas.dk\/es\/producto\/billedramme-sort\/","og_site_name":"My Canvas","article_publisher":"https:\/\/www.facebook.com\/MyCanvasDanmark","article_modified_time":"2021-01-01T23:05:14+00:00","og_image":[{"width":2048,"height":2048,"url":"https:\/\/mycanvas.dk\/wp-content\/uploads\/2018\/09\/6752007_50x70_Scandic_Black_high-2-o.jpg","type":"image\/jpeg"}],"twitter_card":"summary_large_image","twitter_misc":{"Tiempo de lectura":"1 minuto"},"schema":{"@context":"https:\/\/schema.org","@graph":[{"@type":"WebPage","@id":"https:\/\/mycanvas.dk\/vare\/billedramme-sort\/","url":"https:\/\/mycanvas.dk\/vare\/billedramme-sort\/","name":"Billedramme sort Rammer | Spar 10% p\u00e5 et samles\u00e6t - My Canvas","isPartOf":{"@id":"https:\/\/mycanvas.dk\/#website"},"primaryImageOfPage":{"@id":"https:\/\/mycanvas.dk\/vare\/billedramme-sort\/#primaryimage"},"image":{"@id":"https:\/\/mycanvas.dk\/vare\/billedramme-sort\/#primaryimage"},"thumbnailUrl":"https:\/\/mycanvas.dk\/wp-content\/uploads\/2018\/09\/6752007_50x70_Scandic_Black_high-2-o.jpg","datePublished":"2018-09-26T18:51:25+00:00","dateModified":"2021-01-01T23:05:14+00:00","description":"K\u00f8b Billedramme sort Rammer. DEN BEDSTE KVALITET Til den bedste prisAlle plakater er trykt p\u00e5 h\u00f8j kvalitets foto satin papir.","breadcrumb":{"@id":"https:\/\/mycanvas.dk\/vare\/billedramme-sort\/#breadcrumb"},"inLanguage":"es","potentialAction":[{"@type":"ReadAction","target":["https:\/\/mycanvas.dk\/vare\/billedramme-sort\/"]}]},{"@type":"ImageObject","inLanguage":"es","@id":"https:\/\/mycanvas.dk\/vare\/billedramme-sort\/#primaryimage","url":"https:\/\/mycanvas.dk\/wp-content\/uploads\/2018\/09\/6752007_50x70_Scandic_Black_high-2-o.jpg","contentUrl":"https:\/\/mycanvas.dk\/wp-content\/uploads\/2018\/09\/6752007_50x70_Scandic_Black_high-2-o.jpg","width":2048,"height":2048},{"@type":"BreadcrumbList","@id":"https:\/\/mycanvas.dk\/vare\/billedramme-sort\/#breadcrumb","itemListElement":[{"@type":"ListItem","position":1,"name":"Hjem","item":"https:\/\/mycanvas.dk\/"},{"@type":"ListItem","position":2,"name":"Shop","item":"https:\/\/mycanvas.dk\/shop\/"},{"@type":"ListItem","position":3,"name":"Billedramme sort"}]},{"@type":"WebSite","@id":"https:\/\/mycanvas.dk\/#website","url":"https:\/\/mycanvas.dk\/","name":"My Canvas","description":"Vi g\u00f8r danmarks historie til kunst","publisher":{"@id":"https:\/\/mycanvas.dk\/#organization"},"potentialAction":[{"@type":"SearchAction","target":{"@type":"EntryPoint","urlTemplate":"https:\/\/mycanvas.dk\/?s={search_term_string}"},"query-input":{"@type":"PropertyValueSpecification","valueRequired":true,"valueName":"search_term_string"}}],"inLanguage":"es"},{"@type":"Organization","@id":"https:\/\/mycanvas.dk\/#organization","name":"My Canvas","url":"https:\/\/mycanvas.dk\/","logo":{"@type":"ImageObject","inLanguage":"es","@id":"https:\/\/mycanvas.dk\/#\/schema\/logo\/image\/","url":"https:\/\/mycanvas.dk\/wp-content\/uploads\/2018\/09\/MyCanvas-Logo-Nyeste.png","contentUrl":"https:\/\/mycanvas.dk\/wp-content\/uploads\/2018\/09\/MyCanvas-Logo-Nyeste.png","width":1916,"height":736,"caption":"My Canvas"},"image":{"@id":"https:\/\/mycanvas.dk\/#\/schema\/logo\/image\/"},"sameAs":["https:\/\/www.facebook.com\/MyCanvasDanmark","https:\/\/www.instagram.com\/mycanvasdk\/"]}]}},"_links":{"self":[{"href":"https:\/\/mycanvas.dk\/es\/wp-json\/wp\/v2\/product\/568","targetHints":{"allow":["GET"]}}],"collection":[{"href":"https:\/\/mycanvas.dk\/es\/wp-json\/wp\/v2\/product"}],"about":[{"href":"https:\/\/mycanvas.dk\/es\/wp-json\/wp\/v2\/types\/product"}],"replies":[{"embeddable":true,"href":"https:\/\/mycanvas.dk\/es\/wp-json\/wp\/v2\/comments?post=568"}],"wp:featuredmedia":[{"embeddable":true,"href":"https:\/\/mycanvas.dk\/es\/wp-json\/wp\/v2\/media\/577"}],"wp:attachment":[{"href":"https:\/\/mycanvas.dk\/es\/wp-json\/wp\/v2\/media?parent=568"}],"wp:term":[{"taxonomy":"product_cat","embeddable":true,"href":"https:\/\/mycanvas.dk\/es\/wp-json\/wp\/v2\/product_cat?post=568"},{"taxonomy":"product_tag","embeddable":true,"href":"https:\/\/mycanvas.dk\/es\/wp-json\/wp\/v2\/product_tag?post=568"}],"curies":[{"name":"wp","href":"https:\/\/api.w.org\/{rel}","templated":true}]}}