
{"id":8042,"date":"2019-10-22T20:36:39","date_gmt":"2019-10-22T19:36:39","guid":{"rendered":"https:\/\/mycanvas.dk\/?post_type=product&#038;p=8042"},"modified":"2019-10-28T11:32:17","modified_gmt":"2019-10-28T10:32:17","slug":"boksekamp1986","status":"publish","type":"product","link":"https:\/\/mycanvas.dk\/es\/producto\/boksekamp1986\/","title":{"rendered":"Combate de boxeo 1986 \u2013 Steffen Tangstad"},"content":{"rendered":"<p>El legendario combate de boxeo de 1986, el 18 de abril, entre el noruego Steffen Tangstad y el ingl\u00e9s John Westgarth en Randers, donde se proclam\u00f3 campe\u00f3n europeo de boxeo de peso pesado. Perdi\u00f3 en el partido del Mundial contra Spinks y en octubre perdi\u00f3 el t\u00edtulo de la CE cuando no pudo defenderlo antes de la fecha l\u00edmite debido a una lesi\u00f3n.<\/p>\n<p>Tangstad se llamaba &quot;Peque\u00f1o&quot;, med\u00eda 200 cm de altura y pesaba 106,2 kg, pero a\u00fan no hab\u00eda podido aprovechar su ventaja f\u00edsica en su carrera. Estuvo invicto en 23 partidos en 1985 y luego consigui\u00f3 su t\u00edtulo de la CE en 1986. Pero a finales de 1986, perdi\u00f3 el t\u00edtulo en el partido contra Michael Spinks, que acababa de ganarle el t\u00edtulo del Mundial a Larry Holmes. Luego se retir\u00f3 del boxeo con 24 victorias, 2 empates y 2 derrotas.<\/p>\n<p>Luego consigui\u00f3 un contrato con Modern Times Group (MTG), propietario de los canales de televisi\u00f3n TV1000 y TV3, donde trabaj\u00f3 como director deportivo. En 2005 se traslad\u00f3 a Canal Digital, donde compr\u00f3 los derechos de los combates de box transmitidos por el canal. Tambi\u00e9n apareci\u00f3 en otros eventos y canales de televisi\u00f3n con combates de box, y m\u00e1s tarde tambi\u00e9n apareci\u00f3 en la versi\u00f3n noruega de Vild Med Dans, &quot;Skal vi danse&quot;.<\/p>\n<p>&nbsp;<\/p>","protected":false},"excerpt":{"rendered":"<p>El combate de boxeo de 1986, el 18 de abril, entre Steffen Tangstad y John Westgarth en Randers, donde se convirti\u00f3 en campe\u00f3n europeo de boxeo de peso pesado. Perdi\u00f3 en el partido del Mundial contra Spinks y en octubre perdi\u00f3 el t\u00edtulo de la CE cuando no pudo defenderlo antes de la fecha l\u00edmite debido a una lesi\u00f3n.<\/p>","protected":false},"featured_media":8047,"comment_status":"open","ping_status":"closed","template":"","meta":{"_mi_skip_tracking":false},"product_cat":[238,73],"product_tag":[],"class_list":{"0":"post-8042","1":"product","2":"type-product","3":"status-publish","4":"has-post-thumbnail","6":"product_cat-sport","7":"product_cat-plakater","8":"pa_storrelse-a4-21x30cm","9":"pa_storrelse-a3-30x42cm","10":"pa_storrelse-b2-50x70cm","11":"pa_storrelse-b1-70x100cm","13":"first","14":"instock","15":"taxable","16":"shipping-taxable","17":"purchasable","18":"product-type-variable"},"yoast_head":"<!-- This site is optimized with the Yoast SEO plugin v24.2 - https:\/\/yoast.com\/wordpress\/plugins\/seo\/ -->\n<title>Gammel historisk plakat af boksekampen i 1986 - Se vores store udvalg.<\/title>\n<meta name=\"description\" content=\"Historisk plakat af den legendariske boksekamp i 1986, 18. April, med Nordmanden Steffen Tangstad mod Engl\u00e6nderen John Westgarth i Randers\" \/>\n<meta name=\"robots\" content=\"index, follow, max-snippet:-1, max-image-preview:large, max-video-preview:-1\" \/>\n<link rel=\"canonical\" href=\"https:\/\/mycanvas.dk\/es\/producto\/boksekamp1986\/\" \/>\n<meta property=\"og:locale\" content=\"es_ES\" \/>\n<meta property=\"og:type\" content=\"article\" \/>\n<meta property=\"og:title\" content=\"Gammel historisk plakat af boksekampen i 1986 - Se vores store udvalg.\" \/>\n<meta property=\"og:description\" content=\"Historisk plakat af den legendariske boksekamp i 1986, 18. April, med Nordmanden Steffen Tangstad mod Engl\u00e6nderen John Westgarth i Randers\" \/>\n<meta property=\"og:url\" content=\"https:\/\/mycanvas.dk\/es\/producto\/boksekamp1986\/\" \/>\n<meta property=\"og:site_name\" content=\"My Canvas\" \/>\n<meta property=\"article:publisher\" content=\"https:\/\/www.facebook.com\/MyCanvasDanmark\" \/>\n<meta property=\"article:modified_time\" content=\"2019-10-28T10:32:17+00:00\" \/>\n<meta property=\"og:image\" content=\"https:\/\/mycanvas.dk\/wp-content\/uploads\/2019\/10\/Boksere-Egetr\u00e6.jpg\" \/>\n\t<meta property=\"og:image:width\" content=\"3508\" \/>\n\t<meta property=\"og:image:height\" content=\"2480\" \/>\n\t<meta property=\"og:image:type\" content=\"image\/jpeg\" \/>\n<meta name=\"twitter:card\" content=\"summary_large_image\" \/>\n<meta name=\"twitter:label1\" content=\"Tiempo de lectura\" \/>\n\t<meta name=\"twitter:data1\" content=\"1 minuto\" \/>\n<script type=\"application\/ld+json\" class=\"yoast-schema-graph\">{\"@context\":\"https:\/\/schema.org\",\"@graph\":[{\"@type\":\"WebPage\",\"@id\":\"https:\/\/mycanvas.dk\/vare\/boksekamp1986\/\",\"url\":\"https:\/\/mycanvas.dk\/vare\/boksekamp1986\/\",\"name\":\"Gammel historisk plakat af boksekampen i 1986 - Se vores store udvalg.\",\"isPartOf\":{\"@id\":\"https:\/\/mycanvas.dk\/#website\"},\"primaryImageOfPage\":{\"@id\":\"https:\/\/mycanvas.dk\/vare\/boksekamp1986\/#primaryimage\"},\"image\":{\"@id\":\"https:\/\/mycanvas.dk\/vare\/boksekamp1986\/#primaryimage\"},\"thumbnailUrl\":\"https:\/\/mycanvas.dk\/wp-content\/uploads\/2019\/10\/Boksere-Egetr\u00e6.jpg\",\"datePublished\":\"2019-10-22T19:36:39+00:00\",\"dateModified\":\"2019-10-28T10:32:17+00:00\",\"description\":\"Historisk plakat af den legendariske boksekamp i 1986, 18. April, med Nordmanden Steffen Tangstad mod Engl\u00e6nderen John Westgarth i Randers\",\"breadcrumb\":{\"@id\":\"https:\/\/mycanvas.dk\/vare\/boksekamp1986\/#breadcrumb\"},\"inLanguage\":\"es\",\"potentialAction\":[{\"@type\":\"ReadAction\",\"target\":[\"https:\/\/mycanvas.dk\/vare\/boksekamp1986\/\"]}]},{\"@type\":\"ImageObject\",\"inLanguage\":\"es\",\"@id\":\"https:\/\/mycanvas.dk\/vare\/boksekamp1986\/#primaryimage\",\"url\":\"https:\/\/mycanvas.dk\/wp-content\/uploads\/2019\/10\/Boksere-Egetr\u00e6.jpg\",\"contentUrl\":\"https:\/\/mycanvas.dk\/wp-content\/uploads\/2019\/10\/Boksere-Egetr\u00e6.jpg\",\"width\":3508,\"height\":2480},{\"@type\":\"BreadcrumbList\",\"@id\":\"https:\/\/mycanvas.dk\/vare\/boksekamp1986\/#breadcrumb\",\"itemListElement\":[{\"@type\":\"ListItem\",\"position\":1,\"name\":\"Hjem\",\"item\":\"https:\/\/mycanvas.dk\/\"},{\"@type\":\"ListItem\",\"position\":2,\"name\":\"Shop\",\"item\":\"https:\/\/mycanvas.dk\/shop\/\"},{\"@type\":\"ListItem\",\"position\":3,\"name\":\"Boksekamp 1986 &#8211; Steffen tangstad\"}]},{\"@type\":\"WebSite\",\"@id\":\"https:\/\/mycanvas.dk\/#website\",\"url\":\"https:\/\/mycanvas.dk\/\",\"name\":\"My Canvas\",\"description\":\"Vi g\u00f8r danmarks historie til kunst\",\"publisher\":{\"@id\":\"https:\/\/mycanvas.dk\/#organization\"},\"potentialAction\":[{\"@type\":\"SearchAction\",\"target\":{\"@type\":\"EntryPoint\",\"urlTemplate\":\"https:\/\/mycanvas.dk\/?s={search_term_string}\"},\"query-input\":{\"@type\":\"PropertyValueSpecification\",\"valueRequired\":true,\"valueName\":\"search_term_string\"}}],\"inLanguage\":\"es\"},{\"@type\":\"Organization\",\"@id\":\"https:\/\/mycanvas.dk\/#organization\",\"name\":\"My Canvas\",\"url\":\"https:\/\/mycanvas.dk\/\",\"logo\":{\"@type\":\"ImageObject\",\"inLanguage\":\"es\",\"@id\":\"https:\/\/mycanvas.dk\/#\/schema\/logo\/image\/\",\"url\":\"https:\/\/mycanvas.dk\/wp-content\/uploads\/2018\/09\/MyCanvas-Logo-Nyeste.png\",\"contentUrl\":\"https:\/\/mycanvas.dk\/wp-content\/uploads\/2018\/09\/MyCanvas-Logo-Nyeste.png\",\"width\":1916,\"height\":736,\"caption\":\"My Canvas\"},\"image\":{\"@id\":\"https:\/\/mycanvas.dk\/#\/schema\/logo\/image\/\"},\"sameAs\":[\"https:\/\/www.facebook.com\/MyCanvasDanmark\",\"https:\/\/www.instagram.com\/mycanvasdk\/\"]}]}<\/script>\n<!-- \/ Yoast SEO plugin. -->","yoast_head_json":{"title":"Gammel historisk plakat af boksekampen i 1986 - Se vores store udvalg.","description":"Historisk plakat af den legendariske boksekamp i 1986, 18. April, med Nordmanden Steffen Tangstad mod Engl\u00e6nderen John Westgarth i Randers","robots":{"index":"index","follow":"follow","max-snippet":"max-snippet:-1","max-image-preview":"max-image-preview:large","max-video-preview":"max-video-preview:-1"},"canonical":"https:\/\/mycanvas.dk\/es\/producto\/boksekamp1986\/","og_locale":"es_ES","og_type":"article","og_title":"Gammel historisk plakat af boksekampen i 1986 - Se vores store udvalg.","og_description":"Historisk plakat af den legendariske boksekamp i 1986, 18. April, med Nordmanden Steffen Tangstad mod Engl\u00e6nderen John Westgarth i Randers","og_url":"https:\/\/mycanvas.dk\/es\/producto\/boksekamp1986\/","og_site_name":"My Canvas","article_publisher":"https:\/\/www.facebook.com\/MyCanvasDanmark","article_modified_time":"2019-10-28T10:32:17+00:00","og_image":[{"width":3508,"height":2480,"url":"https:\/\/mycanvas.dk\/wp-content\/uploads\/2019\/10\/Boksere-Egetr\u00e6.jpg","type":"image\/jpeg"}],"twitter_card":"summary_large_image","twitter_misc":{"Tiempo de lectura":"1 minuto"},"schema":{"@context":"https:\/\/schema.org","@graph":[{"@type":"WebPage","@id":"https:\/\/mycanvas.dk\/vare\/boksekamp1986\/","url":"https:\/\/mycanvas.dk\/vare\/boksekamp1986\/","name":"Gammel historisk plakat af boksekampen i 1986 - Se vores store udvalg.","isPartOf":{"@id":"https:\/\/mycanvas.dk\/#website"},"primaryImageOfPage":{"@id":"https:\/\/mycanvas.dk\/vare\/boksekamp1986\/#primaryimage"},"image":{"@id":"https:\/\/mycanvas.dk\/vare\/boksekamp1986\/#primaryimage"},"thumbnailUrl":"https:\/\/mycanvas.dk\/wp-content\/uploads\/2019\/10\/Boksere-Egetr\u00e6.jpg","datePublished":"2019-10-22T19:36:39+00:00","dateModified":"2019-10-28T10:32:17+00:00","description":"Historisk plakat af den legendariske boksekamp i 1986, 18. April, med Nordmanden Steffen Tangstad mod Engl\u00e6nderen John Westgarth i Randers","breadcrumb":{"@id":"https:\/\/mycanvas.dk\/vare\/boksekamp1986\/#breadcrumb"},"inLanguage":"es","potentialAction":[{"@type":"ReadAction","target":["https:\/\/mycanvas.dk\/vare\/boksekamp1986\/"]}]},{"@type":"ImageObject","inLanguage":"es","@id":"https:\/\/mycanvas.dk\/vare\/boksekamp1986\/#primaryimage","url":"https:\/\/mycanvas.dk\/wp-content\/uploads\/2019\/10\/Boksere-Egetr\u00e6.jpg","contentUrl":"https:\/\/mycanvas.dk\/wp-content\/uploads\/2019\/10\/Boksere-Egetr\u00e6.jpg","width":3508,"height":2480},{"@type":"BreadcrumbList","@id":"https:\/\/mycanvas.dk\/vare\/boksekamp1986\/#breadcrumb","itemListElement":[{"@type":"ListItem","position":1,"name":"Hjem","item":"https:\/\/mycanvas.dk\/"},{"@type":"ListItem","position":2,"name":"Shop","item":"https:\/\/mycanvas.dk\/shop\/"},{"@type":"ListItem","position":3,"name":"Boksekamp 1986 &#8211; Steffen tangstad"}]},{"@type":"WebSite","@id":"https:\/\/mycanvas.dk\/#website","url":"https:\/\/mycanvas.dk\/","name":"My Canvas","description":"Vi g\u00f8r danmarks historie til kunst","publisher":{"@id":"https:\/\/mycanvas.dk\/#organization"},"potentialAction":[{"@type":"SearchAction","target":{"@type":"EntryPoint","urlTemplate":"https:\/\/mycanvas.dk\/?s={search_term_string}"},"query-input":{"@type":"PropertyValueSpecification","valueRequired":true,"valueName":"search_term_string"}}],"inLanguage":"es"},{"@type":"Organization","@id":"https:\/\/mycanvas.dk\/#organization","name":"My Canvas","url":"https:\/\/mycanvas.dk\/","logo":{"@type":"ImageObject","inLanguage":"es","@id":"https:\/\/mycanvas.dk\/#\/schema\/logo\/image\/","url":"https:\/\/mycanvas.dk\/wp-content\/uploads\/2018\/09\/MyCanvas-Logo-Nyeste.png","contentUrl":"https:\/\/mycanvas.dk\/wp-content\/uploads\/2018\/09\/MyCanvas-Logo-Nyeste.png","width":1916,"height":736,"caption":"My Canvas"},"image":{"@id":"https:\/\/mycanvas.dk\/#\/schema\/logo\/image\/"},"sameAs":["https:\/\/www.facebook.com\/MyCanvasDanmark","https:\/\/www.instagram.com\/mycanvasdk\/"]}]}},"_links":{"self":[{"href":"https:\/\/mycanvas.dk\/es\/wp-json\/wp\/v2\/product\/8042","targetHints":{"allow":["GET"]}}],"collection":[{"href":"https:\/\/mycanvas.dk\/es\/wp-json\/wp\/v2\/product"}],"about":[{"href":"https:\/\/mycanvas.dk\/es\/wp-json\/wp\/v2\/types\/product"}],"replies":[{"embeddable":true,"href":"https:\/\/mycanvas.dk\/es\/wp-json\/wp\/v2\/comments?post=8042"}],"wp:featuredmedia":[{"embeddable":true,"href":"https:\/\/mycanvas.dk\/es\/wp-json\/wp\/v2\/media\/8047"}],"wp:attachment":[{"href":"https:\/\/mycanvas.dk\/es\/wp-json\/wp\/v2\/media?parent=8042"}],"wp:term":[{"taxonomy":"product_cat","embeddable":true,"href":"https:\/\/mycanvas.dk\/es\/wp-json\/wp\/v2\/product_cat?post=8042"},{"taxonomy":"product_tag","embeddable":true,"href":"https:\/\/mycanvas.dk\/es\/wp-json\/wp\/v2\/product_tag?post=8042"}],"curies":[{"name":"wp","href":"https:\/\/api.w.org\/{rel}","templated":true}]}}