
{"id":8386,"date":"2019-10-29T17:01:32","date_gmt":"2019-10-29T16:01:32","guid":{"rendered":"https:\/\/mycanvas.dk\/?post_type=product&#038;p=8386"},"modified":"2019-10-29T17:02:09","modified_gmt":"2019-10-29T16:02:09","slug":"plakat-af-din-by-personlig-by-plakat","status":"publish","type":"product","link":"https:\/\/mycanvas.dk\/es\/producto\/plakat-af-din-by-personlig-by-plakat\/","title":{"rendered":"Cartel de tu ciudad \/ Cartel personal de la ciudad"},"content":{"rendered":"<h2 style=\"text-align: center;\">P\u00f3ster de Tu Ciudad \u2013 Personal City P\u00f3sters llenos de historia.<\/h2>\n<p style=\"text-align: center;\">En My Canvas hemos vuelto a profundizar en los archivos y hemos encontrado un mont\u00f3n de mapas nost\u00e1lgicos de Dinamarca que se remontan a muchos a\u00f1os de historia.<br \/>\nPor lo tanto, ahora podemos ofrecerle un p\u00f3ster de ciudad \u00fanico que consta de mapas hist\u00f3ricos daneses antiguos de su propia ciudad, de modo que si necesita un regalo \u00fanico para la persona que lo tiene todo, o simplemente quiere ver c\u00f3mo era su ciudad, por hace m\u00e1s de 100 a\u00f1os. Entonces definitivamente has venido al lugar correcto.<\/p>\n<p>&nbsp;<\/p>\n<p style=\"text-align: center;\">Todo lo que tienes que hacer para conseguir una pieza \u00fanica de la historia danesa basada en ti es elegir qu\u00e9 tarjeta y per\u00edodo quieres, combinados con tu c\u00f3digo postal y ciudad.<br \/>\nInmediatamente ponemos en marcha a nuestros dise\u00f1adores gr\u00e1ficos y enviamos al cartero a toda velocidad con su paquete.<\/p>\n<p>&nbsp;<\/p>\n<p style=\"text-align: center;\">Recuerda que nuestros carteles de ciudades se fabrican bajo pedido, por lo que no est\u00e1n cubiertos por el derecho de devoluci\u00f3n.<\/p>","protected":false},"excerpt":{"rendered":"<p><strong>Cartel de tu ciudad.<\/strong><\/p>\n<p>Consigue un cartel personal y \u00fanico con tu ciudad.<\/p>\n<p>Ahora te damos la oportunidad de conseguir tu propio p\u00f3ster \u00fanico de la ciudad, que por supuesto est\u00e1 basado en mapas hist\u00f3ricos.<br \/>\nLo \u00fanico que tienes que hacer es elegir el a\u00f1o\/per\u00edodo del mapa y escribir el nombre de la ciudad de la que quieres un cartel y nosotros nos encargaremos del resto.<\/p>\n<p>Por supuesto, todos nuestros carteles est\u00e1n impresos en delicioso sat\u00e9n fotogr\u00e1fico de 240 gramos, lo que garantiza que todos los colores cobren vida de la mejor manera posible.<\/p>\n<p><span style=\"color: #ffcc00;\"><em>- Recuerde completar el c\u00f3digo postal y la ciudad, y posiblemente la proporci\u00f3n de tama\u00f1o, si lo desea.<\/em><\/span><\/p>\n<p>(Carteles din city que se hacen por encargo, no hay derecho a devoluci\u00f3n)<\/p>","protected":false},"featured_media":8422,"comment_status":"closed","ping_status":"closed","template":"","meta":{"_mi_skip_tracking":false},"product_cat":[240,73],"product_tag":[],"class_list":{"0":"post-8386","1":"product","2":"type-product","3":"status-publish","4":"has-post-thumbnail","6":"product_cat-kort-over-land-og-by","7":"product_cat-plakater","8":"pa_storrelse-a4-21x30cm","9":"pa_storrelse-a3-30x42cm","10":"pa_storrelse-b2-50x70cm","11":"pa_storrelse-b1-70x100cm","13":"first","14":"instock","15":"taxable","16":"shipping-taxable","17":"purchasable","18":"product-type-variable"},"yoast_head":"<!-- This site is optimized with the Yoast SEO plugin v24.2 - https:\/\/yoast.com\/wordpress\/plugins\/seo\/ -->\n<title>Plakat af din by &#8226; f\u00e5 en historisk plakat af med et billede af din by &#8226; Klik her<\/title>\n<meta name=\"description\" content=\"F\u00e5 en historiske by plakat af din egen by, som den s\u00e5 ud for flere hundrede \u00e5r siden &#8226; Unik og personlig plakat fuld af historie og nostalgi\" \/>\n<meta name=\"robots\" content=\"index, follow, max-snippet:-1, max-image-preview:large, max-video-preview:-1\" \/>\n<link rel=\"canonical\" href=\"https:\/\/mycanvas.dk\/es\/producto\/plakat-af-din-by-personlig-by-plakat\/\" \/>\n<meta property=\"og:locale\" content=\"es_ES\" \/>\n<meta property=\"og:type\" content=\"article\" \/>\n<meta property=\"og:title\" content=\"Plakat af din by &#8226; f\u00e5 en historisk plakat af med et billede af din by &#8226; Klik her\" \/>\n<meta property=\"og:description\" content=\"F\u00e5 en historiske by plakat af din egen by, som den s\u00e5 ud for flere hundrede \u00e5r siden &#8226; Unik og personlig plakat fuld af historie og nostalgi\" \/>\n<meta property=\"og:url\" content=\"https:\/\/mycanvas.dk\/es\/producto\/plakat-af-din-by-personlig-by-plakat\/\" \/>\n<meta property=\"og:site_name\" content=\"My Canvas\" \/>\n<meta property=\"article:publisher\" content=\"https:\/\/www.facebook.com\/MyCanvasDanmark\" \/>\n<meta property=\"article:modified_time\" content=\"2019-10-29T16:02:09+00:00\" \/>\n<meta property=\"og:image\" content=\"https:\/\/mycanvas.dk\/wp-content\/uploads\/2019\/10\/vanlose-by-plakat-e1572364865858.png\" \/>\n\t<meta property=\"og:image:width\" content=\"550\" \/>\n\t<meta property=\"og:image:height\" content=\"778\" \/>\n\t<meta property=\"og:image:type\" content=\"image\/png\" \/>\n<meta name=\"twitter:card\" content=\"summary_large_image\" \/>\n<meta name=\"twitter:label1\" content=\"Tiempo de lectura\" \/>\n\t<meta name=\"twitter:data1\" content=\"1 minuto\" \/>\n<script type=\"application\/ld+json\" class=\"yoast-schema-graph\">{\"@context\":\"https:\/\/schema.org\",\"@graph\":[{\"@type\":\"WebPage\",\"@id\":\"https:\/\/mycanvas.dk\/vare\/plakat-af-din-by-personlig-by-plakat\/\",\"url\":\"https:\/\/mycanvas.dk\/vare\/plakat-af-din-by-personlig-by-plakat\/\",\"name\":\"Plakat af din by &#8226; f\u00e5 en historisk plakat af med et billede af din by &#8226; Klik her\",\"isPartOf\":{\"@id\":\"https:\/\/mycanvas.dk\/#website\"},\"primaryImageOfPage\":{\"@id\":\"https:\/\/mycanvas.dk\/vare\/plakat-af-din-by-personlig-by-plakat\/#primaryimage\"},\"image\":{\"@id\":\"https:\/\/mycanvas.dk\/vare\/plakat-af-din-by-personlig-by-plakat\/#primaryimage\"},\"thumbnailUrl\":\"https:\/\/mycanvas.dk\/wp-content\/uploads\/2019\/10\/vanlose-by-plakat-e1572364865858.png\",\"datePublished\":\"2019-10-29T16:01:32+00:00\",\"dateModified\":\"2019-10-29T16:02:09+00:00\",\"description\":\"F\u00e5 en historiske by plakat af din egen by, som den s\u00e5 ud for flere hundrede \u00e5r siden &#8226; Unik og personlig plakat fuld af historie og nostalgi\",\"breadcrumb\":{\"@id\":\"https:\/\/mycanvas.dk\/vare\/plakat-af-din-by-personlig-by-plakat\/#breadcrumb\"},\"inLanguage\":\"es\",\"potentialAction\":[{\"@type\":\"ReadAction\",\"target\":[\"https:\/\/mycanvas.dk\/vare\/plakat-af-din-by-personlig-by-plakat\/\"]}]},{\"@type\":\"ImageObject\",\"inLanguage\":\"es\",\"@id\":\"https:\/\/mycanvas.dk\/vare\/plakat-af-din-by-personlig-by-plakat\/#primaryimage\",\"url\":\"https:\/\/mycanvas.dk\/wp-content\/uploads\/2019\/10\/vanlose-by-plakat-e1572364865858.png\",\"contentUrl\":\"https:\/\/mycanvas.dk\/wp-content\/uploads\/2019\/10\/vanlose-by-plakat-e1572364865858.png\",\"width\":550,\"height\":778},{\"@type\":\"BreadcrumbList\",\"@id\":\"https:\/\/mycanvas.dk\/vare\/plakat-af-din-by-personlig-by-plakat\/#breadcrumb\",\"itemListElement\":[{\"@type\":\"ListItem\",\"position\":1,\"name\":\"Hjem\",\"item\":\"https:\/\/mycanvas.dk\/\"},{\"@type\":\"ListItem\",\"position\":2,\"name\":\"Shop\",\"item\":\"https:\/\/mycanvas.dk\/shop\/\"},{\"@type\":\"ListItem\",\"position\":3,\"name\":\"Plakat af din by \/ Personlig by plakat\"}]},{\"@type\":\"WebSite\",\"@id\":\"https:\/\/mycanvas.dk\/#website\",\"url\":\"https:\/\/mycanvas.dk\/\",\"name\":\"My Canvas\",\"description\":\"Vi g\u00f8r danmarks historie til kunst\",\"publisher\":{\"@id\":\"https:\/\/mycanvas.dk\/#organization\"},\"potentialAction\":[{\"@type\":\"SearchAction\",\"target\":{\"@type\":\"EntryPoint\",\"urlTemplate\":\"https:\/\/mycanvas.dk\/?s={search_term_string}\"},\"query-input\":{\"@type\":\"PropertyValueSpecification\",\"valueRequired\":true,\"valueName\":\"search_term_string\"}}],\"inLanguage\":\"es\"},{\"@type\":\"Organization\",\"@id\":\"https:\/\/mycanvas.dk\/#organization\",\"name\":\"My Canvas\",\"url\":\"https:\/\/mycanvas.dk\/\",\"logo\":{\"@type\":\"ImageObject\",\"inLanguage\":\"es\",\"@id\":\"https:\/\/mycanvas.dk\/#\/schema\/logo\/image\/\",\"url\":\"https:\/\/mycanvas.dk\/wp-content\/uploads\/2018\/09\/MyCanvas-Logo-Nyeste.png\",\"contentUrl\":\"https:\/\/mycanvas.dk\/wp-content\/uploads\/2018\/09\/MyCanvas-Logo-Nyeste.png\",\"width\":1916,\"height\":736,\"caption\":\"My Canvas\"},\"image\":{\"@id\":\"https:\/\/mycanvas.dk\/#\/schema\/logo\/image\/\"},\"sameAs\":[\"https:\/\/www.facebook.com\/MyCanvasDanmark\",\"https:\/\/www.instagram.com\/mycanvasdk\/\"]}]}<\/script>\n<!-- \/ Yoast SEO plugin. -->","yoast_head_json":{"title":"Plakat af din by &#8226; f\u00e5 en historisk plakat af med et billede af din by &#8226; Klik her","description":"F\u00e5 en historiske by plakat af din egen by, som den s\u00e5 ud for flere hundrede \u00e5r siden &#8226; Unik og personlig plakat fuld af historie og nostalgi","robots":{"index":"index","follow":"follow","max-snippet":"max-snippet:-1","max-image-preview":"max-image-preview:large","max-video-preview":"max-video-preview:-1"},"canonical":"https:\/\/mycanvas.dk\/es\/producto\/plakat-af-din-by-personlig-by-plakat\/","og_locale":"es_ES","og_type":"article","og_title":"Plakat af din by &#8226; f\u00e5 en historisk plakat af med et billede af din by &#8226; Klik her","og_description":"F\u00e5 en historiske by plakat af din egen by, som den s\u00e5 ud for flere hundrede \u00e5r siden &#8226; Unik og personlig plakat fuld af historie og nostalgi","og_url":"https:\/\/mycanvas.dk\/es\/producto\/plakat-af-din-by-personlig-by-plakat\/","og_site_name":"My Canvas","article_publisher":"https:\/\/www.facebook.com\/MyCanvasDanmark","article_modified_time":"2019-10-29T16:02:09+00:00","og_image":[{"width":550,"height":778,"url":"https:\/\/mycanvas.dk\/wp-content\/uploads\/2019\/10\/vanlose-by-plakat-e1572364865858.png","type":"image\/png"}],"twitter_card":"summary_large_image","twitter_misc":{"Tiempo de lectura":"1 minuto"},"schema":{"@context":"https:\/\/schema.org","@graph":[{"@type":"WebPage","@id":"https:\/\/mycanvas.dk\/vare\/plakat-af-din-by-personlig-by-plakat\/","url":"https:\/\/mycanvas.dk\/vare\/plakat-af-din-by-personlig-by-plakat\/","name":"Plakat af din by &#8226; f\u00e5 en historisk plakat af med et billede af din by &#8226; Klik her","isPartOf":{"@id":"https:\/\/mycanvas.dk\/#website"},"primaryImageOfPage":{"@id":"https:\/\/mycanvas.dk\/vare\/plakat-af-din-by-personlig-by-plakat\/#primaryimage"},"image":{"@id":"https:\/\/mycanvas.dk\/vare\/plakat-af-din-by-personlig-by-plakat\/#primaryimage"},"thumbnailUrl":"https:\/\/mycanvas.dk\/wp-content\/uploads\/2019\/10\/vanlose-by-plakat-e1572364865858.png","datePublished":"2019-10-29T16:01:32+00:00","dateModified":"2019-10-29T16:02:09+00:00","description":"F\u00e5 en historiske by plakat af din egen by, som den s\u00e5 ud for flere hundrede \u00e5r siden &#8226; Unik og personlig plakat fuld af historie og nostalgi","breadcrumb":{"@id":"https:\/\/mycanvas.dk\/vare\/plakat-af-din-by-personlig-by-plakat\/#breadcrumb"},"inLanguage":"es","potentialAction":[{"@type":"ReadAction","target":["https:\/\/mycanvas.dk\/vare\/plakat-af-din-by-personlig-by-plakat\/"]}]},{"@type":"ImageObject","inLanguage":"es","@id":"https:\/\/mycanvas.dk\/vare\/plakat-af-din-by-personlig-by-plakat\/#primaryimage","url":"https:\/\/mycanvas.dk\/wp-content\/uploads\/2019\/10\/vanlose-by-plakat-e1572364865858.png","contentUrl":"https:\/\/mycanvas.dk\/wp-content\/uploads\/2019\/10\/vanlose-by-plakat-e1572364865858.png","width":550,"height":778},{"@type":"BreadcrumbList","@id":"https:\/\/mycanvas.dk\/vare\/plakat-af-din-by-personlig-by-plakat\/#breadcrumb","itemListElement":[{"@type":"ListItem","position":1,"name":"Hjem","item":"https:\/\/mycanvas.dk\/"},{"@type":"ListItem","position":2,"name":"Shop","item":"https:\/\/mycanvas.dk\/shop\/"},{"@type":"ListItem","position":3,"name":"Plakat af din by \/ Personlig by plakat"}]},{"@type":"WebSite","@id":"https:\/\/mycanvas.dk\/#website","url":"https:\/\/mycanvas.dk\/","name":"My Canvas","description":"Vi g\u00f8r danmarks historie til kunst","publisher":{"@id":"https:\/\/mycanvas.dk\/#organization"},"potentialAction":[{"@type":"SearchAction","target":{"@type":"EntryPoint","urlTemplate":"https:\/\/mycanvas.dk\/?s={search_term_string}"},"query-input":{"@type":"PropertyValueSpecification","valueRequired":true,"valueName":"search_term_string"}}],"inLanguage":"es"},{"@type":"Organization","@id":"https:\/\/mycanvas.dk\/#organization","name":"My Canvas","url":"https:\/\/mycanvas.dk\/","logo":{"@type":"ImageObject","inLanguage":"es","@id":"https:\/\/mycanvas.dk\/#\/schema\/logo\/image\/","url":"https:\/\/mycanvas.dk\/wp-content\/uploads\/2018\/09\/MyCanvas-Logo-Nyeste.png","contentUrl":"https:\/\/mycanvas.dk\/wp-content\/uploads\/2018\/09\/MyCanvas-Logo-Nyeste.png","width":1916,"height":736,"caption":"My Canvas"},"image":{"@id":"https:\/\/mycanvas.dk\/#\/schema\/logo\/image\/"},"sameAs":["https:\/\/www.facebook.com\/MyCanvasDanmark","https:\/\/www.instagram.com\/mycanvasdk\/"]}]}},"_links":{"self":[{"href":"https:\/\/mycanvas.dk\/es\/wp-json\/wp\/v2\/product\/8386","targetHints":{"allow":["GET"]}}],"collection":[{"href":"https:\/\/mycanvas.dk\/es\/wp-json\/wp\/v2\/product"}],"about":[{"href":"https:\/\/mycanvas.dk\/es\/wp-json\/wp\/v2\/types\/product"}],"replies":[{"embeddable":true,"href":"https:\/\/mycanvas.dk\/es\/wp-json\/wp\/v2\/comments?post=8386"}],"wp:featuredmedia":[{"embeddable":true,"href":"https:\/\/mycanvas.dk\/es\/wp-json\/wp\/v2\/media\/8422"}],"wp:attachment":[{"href":"https:\/\/mycanvas.dk\/es\/wp-json\/wp\/v2\/media?parent=8386"}],"wp:term":[{"taxonomy":"product_cat","embeddable":true,"href":"https:\/\/mycanvas.dk\/es\/wp-json\/wp\/v2\/product_cat?post=8386"},{"taxonomy":"product_tag","embeddable":true,"href":"https:\/\/mycanvas.dk\/es\/wp-json\/wp\/v2\/product_tag?post=8386"}],"curies":[{"name":"wp","href":"https:\/\/api.w.org\/{rel}","templated":true}]}}