
{"id":840,"date":"2018-10-04T22:00:21","date_gmt":"2018-10-04T20:00:21","guid":{"rendered":"http:\/\/designbyjuel.dk\/?post_type=product&#038;p=840"},"modified":"2019-05-17T00:35:50","modified_gmt":"2019-05-16T23:35:50","slug":"justerbart-klaebesoem-til-fliser-og-metal-3-kg","status":"publish","type":"product","link":"https:\/\/mycanvas.dk\/es\/producto\/justerbart-klaebesoem-til-fliser-og-metal-3-kg\/","title":{"rendered":"Clavo adhesivo ajustable para azulejos y metal (3 kg), 2 uds."},"content":{"rendered":"<p>Estos clavos adhesivos ajustables para azulejos y metal de tesa\u00ae pueden soportar hasta 3 kg (dos clavos pueden soportar hasta 6 kg). Son perfectos para montar de forma segura marcos de cuadros y otros objetos planos con una profundidad inferior a 4 cm. Adem\u00e1s, puedes ajustar la costura para que tus cosas cuelguen rectas f\u00e1cilmente. Gracias a la tecnolog\u00eda Powerstrips\u00ae, la costura adhesiva se puede retirar r\u00e1pidamente sin dejar residuos de adhesivo. La costura adhesiva es f\u00e1cil de reutilizar con una tira nueva.<\/p>\n<p>&nbsp;<\/p>\n<ul>\n<li>Para uso en interiores sobre superficies lisas y firmes como azulejos<\/li>\n<li>Puede transportar objetos de hasta 3 kg por clavos (6 kg usando 2 clavos)<\/li>\n<li>Altura ajustable para que puedas hacer que las cosas cuelguen bien y rectas.<\/li>\n<li>Se puede quitar sin dejar residuos de adhesivo.<\/li>\n<li>Se puede reutilizar con una tira nueva.<\/li>\n<\/ul>","protected":false},"excerpt":{"rendered":"<p>Los clavos adhesivos ajustables removibles y reutilizables para azulejos y metal de tesa\u00ae pueden soportar hasta 3 kg y son perfectos para colgar objetos. Se incluyen 2 puntos adhesivos.<\/p>","protected":false},"featured_media":878,"comment_status":"open","ping_status":"closed","template":"","meta":{"_mi_skip_tracking":false},"product_cat":[120],"product_tag":[],"class_list":{"0":"post-840","1":"product","2":"type-product","3":"status-publish","4":"has-post-thumbnail","6":"product_cat-tilbehoer-2","8":"first","9":"instock","10":"taxable","11":"shipping-taxable","12":"purchasable","13":"product-type-simple"},"yoast_head":"<!-- This site is optimized with the Yoast SEO plugin v24.2 - https:\/\/yoast.com\/wordpress\/plugins\/seo\/ -->\n<title>Justerbart kl\u00e6bes\u00f8m til fliser og metal (3 kg), 2 stk. Plakater | Spar 10% p\u00e5 et samles\u00e6t - My Canvas<\/title>\n<meta name=\"description\" content=\"K\u00f8b Justerbart kl\u00e6bes\u00f8m til fliser og metal (3 kg), 2 stk. Plakater. DEN BEDSTE KVALITET Til den bedste pris - Historiske danske plakater\" \/>\n<meta name=\"robots\" content=\"index, follow, max-snippet:-1, max-image-preview:large, max-video-preview:-1\" \/>\n<link rel=\"canonical\" href=\"https:\/\/mycanvas.dk\/es\/producto\/justerbart-klaebesoem-til-fliser-og-metal-3-kg\/\" \/>\n<meta property=\"og:locale\" content=\"es_ES\" \/>\n<meta property=\"og:type\" content=\"article\" \/>\n<meta property=\"og:title\" content=\"Justerbart kl\u00e6bes\u00f8m til fliser og metal (3 kg), 2 stk. Plakater | Spar 10% p\u00e5 et samles\u00e6t - My Canvas\" \/>\n<meta property=\"og:description\" content=\"K\u00f8b Justerbart kl\u00e6bes\u00f8m til fliser og metal (3 kg), 2 stk. Plakater. DEN BEDSTE KVALITET Til den bedste pris - Historiske danske plakater\" \/>\n<meta property=\"og:url\" content=\"https:\/\/mycanvas.dk\/es\/producto\/justerbart-klaebesoem-til-fliser-og-metal-3-kg\/\" \/>\n<meta property=\"og:site_name\" content=\"My Canvas\" \/>\n<meta property=\"article:publisher\" content=\"https:\/\/www.facebook.com\/MyCanvasDanmark\" \/>\n<meta property=\"article:modified_time\" content=\"2019-05-16T23:35:50+00:00\" \/>\n<meta property=\"og:image\" content=\"https:\/\/mycanvas.dk\/wp-content\/uploads\/2018\/10\/tesa_Smart_Mounting_777640000500_LI408_front_pa_fullsize.jpg\" \/>\n\t<meta property=\"og:image:width\" content=\"1772\" \/>\n\t<meta property=\"og:image:height\" content=\"2048\" \/>\n\t<meta property=\"og:image:type\" content=\"image\/jpeg\" \/>\n<meta name=\"twitter:card\" content=\"summary_large_image\" \/>\n<meta name=\"twitter:label1\" content=\"Tiempo de lectura\" \/>\n\t<meta name=\"twitter:data1\" content=\"1 minuto\" \/>\n<script type=\"application\/ld+json\" class=\"yoast-schema-graph\">{\"@context\":\"https:\/\/schema.org\",\"@graph\":[{\"@type\":\"WebPage\",\"@id\":\"https:\/\/mycanvas.dk\/vare\/justerbart-klaebesoem-til-fliser-og-metal-3-kg\/\",\"url\":\"https:\/\/mycanvas.dk\/vare\/justerbart-klaebesoem-til-fliser-og-metal-3-kg\/\",\"name\":\"Justerbart kl\u00e6bes\u00f8m til fliser og metal (3 kg), 2 stk. Plakater | Spar 10% p\u00e5 et samles\u00e6t - My Canvas\",\"isPartOf\":{\"@id\":\"https:\/\/mycanvas.dk\/#website\"},\"primaryImageOfPage\":{\"@id\":\"https:\/\/mycanvas.dk\/vare\/justerbart-klaebesoem-til-fliser-og-metal-3-kg\/#primaryimage\"},\"image\":{\"@id\":\"https:\/\/mycanvas.dk\/vare\/justerbart-klaebesoem-til-fliser-og-metal-3-kg\/#primaryimage\"},\"thumbnailUrl\":\"https:\/\/mycanvas.dk\/wp-content\/uploads\/2018\/10\/tesa_Smart_Mounting_777640000500_LI408_front_pa_fullsize.jpg\",\"datePublished\":\"2018-10-04T20:00:21+00:00\",\"dateModified\":\"2019-05-16T23:35:50+00:00\",\"description\":\"K\u00f8b Justerbart kl\u00e6bes\u00f8m til fliser og metal (3 kg), 2 stk. Plakater. DEN BEDSTE KVALITET Til den bedste pris - Historiske danske plakater\",\"breadcrumb\":{\"@id\":\"https:\/\/mycanvas.dk\/vare\/justerbart-klaebesoem-til-fliser-og-metal-3-kg\/#breadcrumb\"},\"inLanguage\":\"es\",\"potentialAction\":[{\"@type\":\"ReadAction\",\"target\":[\"https:\/\/mycanvas.dk\/vare\/justerbart-klaebesoem-til-fliser-og-metal-3-kg\/\"]}]},{\"@type\":\"ImageObject\",\"inLanguage\":\"es\",\"@id\":\"https:\/\/mycanvas.dk\/vare\/justerbart-klaebesoem-til-fliser-og-metal-3-kg\/#primaryimage\",\"url\":\"https:\/\/mycanvas.dk\/wp-content\/uploads\/2018\/10\/tesa_Smart_Mounting_777640000500_LI408_front_pa_fullsize.jpg\",\"contentUrl\":\"https:\/\/mycanvas.dk\/wp-content\/uploads\/2018\/10\/tesa_Smart_Mounting_777640000500_LI408_front_pa_fullsize.jpg\",\"width\":1772,\"height\":2048},{\"@type\":\"BreadcrumbList\",\"@id\":\"https:\/\/mycanvas.dk\/vare\/justerbart-klaebesoem-til-fliser-og-metal-3-kg\/#breadcrumb\",\"itemListElement\":[{\"@type\":\"ListItem\",\"position\":1,\"name\":\"Hjem\",\"item\":\"https:\/\/mycanvas.dk\/\"},{\"@type\":\"ListItem\",\"position\":2,\"name\":\"Shop\",\"item\":\"https:\/\/mycanvas.dk\/shop\/\"},{\"@type\":\"ListItem\",\"position\":3,\"name\":\"Justerbart kl\u00e6bes\u00f8m til fliser og metal (3 kg), 2 stk.\"}]},{\"@type\":\"WebSite\",\"@id\":\"https:\/\/mycanvas.dk\/#website\",\"url\":\"https:\/\/mycanvas.dk\/\",\"name\":\"My Canvas\",\"description\":\"Vi g\u00f8r danmarks historie til kunst\",\"publisher\":{\"@id\":\"https:\/\/mycanvas.dk\/#organization\"},\"potentialAction\":[{\"@type\":\"SearchAction\",\"target\":{\"@type\":\"EntryPoint\",\"urlTemplate\":\"https:\/\/mycanvas.dk\/?s={search_term_string}\"},\"query-input\":{\"@type\":\"PropertyValueSpecification\",\"valueRequired\":true,\"valueName\":\"search_term_string\"}}],\"inLanguage\":\"es\"},{\"@type\":\"Organization\",\"@id\":\"https:\/\/mycanvas.dk\/#organization\",\"name\":\"My Canvas\",\"url\":\"https:\/\/mycanvas.dk\/\",\"logo\":{\"@type\":\"ImageObject\",\"inLanguage\":\"es\",\"@id\":\"https:\/\/mycanvas.dk\/#\/schema\/logo\/image\/\",\"url\":\"https:\/\/mycanvas.dk\/wp-content\/uploads\/2018\/09\/MyCanvas-Logo-Nyeste.png\",\"contentUrl\":\"https:\/\/mycanvas.dk\/wp-content\/uploads\/2018\/09\/MyCanvas-Logo-Nyeste.png\",\"width\":1916,\"height\":736,\"caption\":\"My Canvas\"},\"image\":{\"@id\":\"https:\/\/mycanvas.dk\/#\/schema\/logo\/image\/\"},\"sameAs\":[\"https:\/\/www.facebook.com\/MyCanvasDanmark\",\"https:\/\/www.instagram.com\/mycanvasdk\/\"]}]}<\/script>\n<!-- \/ Yoast SEO plugin. -->","yoast_head_json":{"title":"Justerbart kl\u00e6bes\u00f8m til fliser og metal (3 kg), 2 stk. Plakater | Spar 10% p\u00e5 et samles\u00e6t - My Canvas","description":"K\u00f8b Justerbart kl\u00e6bes\u00f8m til fliser og metal (3 kg), 2 stk. Plakater. DEN BEDSTE KVALITET Til den bedste pris - Historiske danske plakater","robots":{"index":"index","follow":"follow","max-snippet":"max-snippet:-1","max-image-preview":"max-image-preview:large","max-video-preview":"max-video-preview:-1"},"canonical":"https:\/\/mycanvas.dk\/es\/producto\/justerbart-klaebesoem-til-fliser-og-metal-3-kg\/","og_locale":"es_ES","og_type":"article","og_title":"Justerbart kl\u00e6bes\u00f8m til fliser og metal (3 kg), 2 stk. Plakater | Spar 10% p\u00e5 et samles\u00e6t - My Canvas","og_description":"K\u00f8b Justerbart kl\u00e6bes\u00f8m til fliser og metal (3 kg), 2 stk. Plakater. DEN BEDSTE KVALITET Til den bedste pris - Historiske danske plakater","og_url":"https:\/\/mycanvas.dk\/es\/producto\/justerbart-klaebesoem-til-fliser-og-metal-3-kg\/","og_site_name":"My Canvas","article_publisher":"https:\/\/www.facebook.com\/MyCanvasDanmark","article_modified_time":"2019-05-16T23:35:50+00:00","og_image":[{"width":1772,"height":2048,"url":"https:\/\/mycanvas.dk\/wp-content\/uploads\/2018\/10\/tesa_Smart_Mounting_777640000500_LI408_front_pa_fullsize.jpg","type":"image\/jpeg"}],"twitter_card":"summary_large_image","twitter_misc":{"Tiempo de lectura":"1 minuto"},"schema":{"@context":"https:\/\/schema.org","@graph":[{"@type":"WebPage","@id":"https:\/\/mycanvas.dk\/vare\/justerbart-klaebesoem-til-fliser-og-metal-3-kg\/","url":"https:\/\/mycanvas.dk\/vare\/justerbart-klaebesoem-til-fliser-og-metal-3-kg\/","name":"Justerbart kl\u00e6bes\u00f8m til fliser og metal (3 kg), 2 stk. Plakater | Spar 10% p\u00e5 et samles\u00e6t - My Canvas","isPartOf":{"@id":"https:\/\/mycanvas.dk\/#website"},"primaryImageOfPage":{"@id":"https:\/\/mycanvas.dk\/vare\/justerbart-klaebesoem-til-fliser-og-metal-3-kg\/#primaryimage"},"image":{"@id":"https:\/\/mycanvas.dk\/vare\/justerbart-klaebesoem-til-fliser-og-metal-3-kg\/#primaryimage"},"thumbnailUrl":"https:\/\/mycanvas.dk\/wp-content\/uploads\/2018\/10\/tesa_Smart_Mounting_777640000500_LI408_front_pa_fullsize.jpg","datePublished":"2018-10-04T20:00:21+00:00","dateModified":"2019-05-16T23:35:50+00:00","description":"K\u00f8b Justerbart kl\u00e6bes\u00f8m til fliser og metal (3 kg), 2 stk. Plakater. DEN BEDSTE KVALITET Til den bedste pris - Historiske danske plakater","breadcrumb":{"@id":"https:\/\/mycanvas.dk\/vare\/justerbart-klaebesoem-til-fliser-og-metal-3-kg\/#breadcrumb"},"inLanguage":"es","potentialAction":[{"@type":"ReadAction","target":["https:\/\/mycanvas.dk\/vare\/justerbart-klaebesoem-til-fliser-og-metal-3-kg\/"]}]},{"@type":"ImageObject","inLanguage":"es","@id":"https:\/\/mycanvas.dk\/vare\/justerbart-klaebesoem-til-fliser-og-metal-3-kg\/#primaryimage","url":"https:\/\/mycanvas.dk\/wp-content\/uploads\/2018\/10\/tesa_Smart_Mounting_777640000500_LI408_front_pa_fullsize.jpg","contentUrl":"https:\/\/mycanvas.dk\/wp-content\/uploads\/2018\/10\/tesa_Smart_Mounting_777640000500_LI408_front_pa_fullsize.jpg","width":1772,"height":2048},{"@type":"BreadcrumbList","@id":"https:\/\/mycanvas.dk\/vare\/justerbart-klaebesoem-til-fliser-og-metal-3-kg\/#breadcrumb","itemListElement":[{"@type":"ListItem","position":1,"name":"Hjem","item":"https:\/\/mycanvas.dk\/"},{"@type":"ListItem","position":2,"name":"Shop","item":"https:\/\/mycanvas.dk\/shop\/"},{"@type":"ListItem","position":3,"name":"Justerbart kl\u00e6bes\u00f8m til fliser og metal (3 kg), 2 stk."}]},{"@type":"WebSite","@id":"https:\/\/mycanvas.dk\/#website","url":"https:\/\/mycanvas.dk\/","name":"My Canvas","description":"Vi g\u00f8r danmarks historie til kunst","publisher":{"@id":"https:\/\/mycanvas.dk\/#organization"},"potentialAction":[{"@type":"SearchAction","target":{"@type":"EntryPoint","urlTemplate":"https:\/\/mycanvas.dk\/?s={search_term_string}"},"query-input":{"@type":"PropertyValueSpecification","valueRequired":true,"valueName":"search_term_string"}}],"inLanguage":"es"},{"@type":"Organization","@id":"https:\/\/mycanvas.dk\/#organization","name":"My Canvas","url":"https:\/\/mycanvas.dk\/","logo":{"@type":"ImageObject","inLanguage":"es","@id":"https:\/\/mycanvas.dk\/#\/schema\/logo\/image\/","url":"https:\/\/mycanvas.dk\/wp-content\/uploads\/2018\/09\/MyCanvas-Logo-Nyeste.png","contentUrl":"https:\/\/mycanvas.dk\/wp-content\/uploads\/2018\/09\/MyCanvas-Logo-Nyeste.png","width":1916,"height":736,"caption":"My Canvas"},"image":{"@id":"https:\/\/mycanvas.dk\/#\/schema\/logo\/image\/"},"sameAs":["https:\/\/www.facebook.com\/MyCanvasDanmark","https:\/\/www.instagram.com\/mycanvasdk\/"]}]}},"_links":{"self":[{"href":"https:\/\/mycanvas.dk\/es\/wp-json\/wp\/v2\/product\/840","targetHints":{"allow":["GET"]}}],"collection":[{"href":"https:\/\/mycanvas.dk\/es\/wp-json\/wp\/v2\/product"}],"about":[{"href":"https:\/\/mycanvas.dk\/es\/wp-json\/wp\/v2\/types\/product"}],"replies":[{"embeddable":true,"href":"https:\/\/mycanvas.dk\/es\/wp-json\/wp\/v2\/comments?post=840"}],"wp:featuredmedia":[{"embeddable":true,"href":"https:\/\/mycanvas.dk\/es\/wp-json\/wp\/v2\/media\/878"}],"wp:attachment":[{"href":"https:\/\/mycanvas.dk\/es\/wp-json\/wp\/v2\/media?parent=840"}],"wp:term":[{"taxonomy":"product_cat","embeddable":true,"href":"https:\/\/mycanvas.dk\/es\/wp-json\/wp\/v2\/product_cat?post=840"},{"taxonomy":"product_tag","embeddable":true,"href":"https:\/\/mycanvas.dk\/es\/wp-json\/wp\/v2\/product_tag?post=840"}],"curies":[{"name":"wp","href":"https:\/\/api.w.org\/{rel}","templated":true}]}}