
{"id":9012,"date":"2019-11-08T15:49:20","date_gmt":"2019-11-08T14:49:20","guid":{"rendered":"https:\/\/mycanvas.dk\/?post_type=product&#038;p=9012"},"modified":"2019-11-18T21:49:16","modified_gmt":"2019-11-18T20:49:16","slug":"vor-frelser","status":"publish","type":"product","link":"https:\/\/mycanvas.dk\/es\/producto\/vor-frelser\/","title":{"rendered":"nuestro salvador"},"content":{"rendered":"<p>La Iglesia de Nuestro Salvador es la iglesia ic\u00f3nica de Christianshavn que la mayor\u00eda de la gente conoce. Se encuentra en Sankt Ann\u00e6 Gade y es conocido por su aguja en forma de espiral. En el interior tiene una fachada de \u00f3rgano tallado de 1698 y el retablo de Nicodemus Tessin.<\/p>\n<p>La iglesia est\u00e1 deliberadamente situada con un eje de simetr\u00eda desde el suroeste con la torre y el altar hacia el noreste. La entrada a la torre se llama portal oeste. La iglesia se empez\u00f3 a construir bajo Federico III y ya en 1668, y el plan original era que estuviera lo m\u00e1s cerca posible del puerto (cerca del primer Knippelsbro). Sin embargo, nunca lleg\u00f3 a concretarse. La siguiente construcci\u00f3n comenz\u00f3 en 1681, cuando se construy\u00f3 el terreno sobre el cementerio temporal de la iglesia.<\/p>\n<p>En 1732, la iglesia recibi\u00f3 un altar a juego con el edificio, pero a\u00fan carec\u00eda de aguja. Por lo tanto, a Laurids de Thurah se le permiti\u00f3 dise\u00f1ar la aguja. Federico V don\u00f3 5.000 rands para la construcci\u00f3n. La aguja se inspir\u00f3 en la linterna de Borromini en Sant&#039;Ivo alla Sapienza. Finalmente se fabric\u00f3 con una construcci\u00f3n revestida de cobre, por lo que se pod\u00eda alargar sin a\u00f1adir demasiado peso. La escalera tiene cuatro tramos y est\u00e1 rematada por un pie de balaustre que soporta el globo sobre el que se alza la figura de Cristo. No se termin\u00f3 hasta 1749. Alrededor de la ca\u00f1a octogonal se colocaron los cuatro evangelistas ejecutados por JF H\u00e4nnel. El rey inspeccion\u00f3 el resultado en 1752, cuando finalmente la escalera estuvo completamente construida.<\/p>\n<p>Un mito dice que el arquitecto se suicid\u00f3 cuando se complet\u00f3 la aguja porque la espiral gira en sentido contrario a la torre (en el sentido contrario a las agujas del reloj). Deber\u00eda haberlo hecho lanz\u00e1ndose desde lo alto de la escalera de caracol. Sin embargo, est\u00e1 hist\u00f3ricamente demostrado que Thurah muri\u00f3 de una enfermedad 7 a\u00f1os despu\u00e9s de la finalizaci\u00f3n de la aguja. Al mismo tiempo, la espiral gira en la misma direcci\u00f3n que la linterna, en la que deber\u00eda haberse inspirado. Tampoco hay evidencia hist\u00f3rica de que ni el arquitecto ni el rey estuvieran descontentos con los monumentos de la ciudad.<\/p>","protected":false},"excerpt":{"rendered":"<p>La Iglesia de Nuestro Salvador es la iglesia ic\u00f3nica de Christianshavn que la mayor\u00eda de la gente conoce. Se encuentra en Sankt Ann\u00e6 Gade y es conocido por su aguja en forma de espiral. En el interior tiene una fachada de \u00f3rgano tallado de 1698 y el retablo de Nicodemus Tessin.<\/p>\n<p>Aqu\u00ed tendr\u00e1 una oportunidad \u00fanica de comprar carteles hist\u00f3ricos del interior y exterior de la Iglesia de Nuestro Salvador de principios del siglo XX.<\/p>\n<p>Vea tambi\u00e9n nuestras otras hermosas im\u00e1genes de iglesias. <a href=\"https:\/\/mycanvas.dk\/es\/?s=kirke&amp;post_type=product\">aqu\u00ed<\/a>.<\/p>","protected":false},"featured_media":9017,"comment_status":"closed","ping_status":"closed","template":"","meta":{"_mi_skip_tracking":false},"product_cat":[248,73],"product_tag":[],"class_list":{"0":"post-9012","1":"product","2":"type-product","3":"status-publish","4":"has-post-thumbnail","6":"product_cat-danske-kirker","7":"product_cat-plakater","8":"pa_storrelse-a4-21x30cm","9":"pa_storrelse-a3-30x42cm","10":"pa_storrelse-b2-50x70cm","11":"pa_storrelse-b1-70x100cm","13":"first","14":"instock","15":"taxable","16":"shipping-taxable","17":"purchasable","18":"product-type-variable"},"yoast_head":"<!-- This site is optimized with the Yoast SEO plugin v24.2 - https:\/\/yoast.com\/wordpress\/plugins\/seo\/ -->\n<title>vor frelser Plakater | Spar 10% p\u00e5 et samles\u00e6t - My Canvas<\/title>\n<meta name=\"description\" content=\"K\u00f8b vor frelser Plakater. DEN BEDSTE KVALITET Til den bedste pris - Historiske danske plakater\" \/>\n<meta name=\"robots\" content=\"index, follow, max-snippet:-1, max-image-preview:large, max-video-preview:-1\" \/>\n<link rel=\"canonical\" href=\"https:\/\/mycanvas.dk\/es\/producto\/vor-frelser\/\" \/>\n<meta property=\"og:locale\" content=\"es_ES\" \/>\n<meta property=\"og:type\" content=\"article\" \/>\n<meta property=\"og:title\" content=\"vor frelser Plakater | Spar 10% p\u00e5 et samles\u00e6t - My Canvas\" \/>\n<meta property=\"og:description\" content=\"K\u00f8b vor frelser Plakater. DEN BEDSTE KVALITET Til den bedste pris - Historiske danske plakater\" \/>\n<meta property=\"og:url\" content=\"https:\/\/mycanvas.dk\/es\/producto\/vor-frelser\/\" \/>\n<meta property=\"og:site_name\" content=\"My Canvas\" \/>\n<meta property=\"article:publisher\" content=\"https:\/\/www.facebook.com\/MyCanvasDanmark\" \/>\n<meta property=\"article:modified_time\" content=\"2019-11-18T20:49:16+00:00\" \/>\n<meta property=\"og:image\" content=\"https:\/\/mycanvas.dk\/wp-content\/uploads\/2019\/11\/vor-frelser-3-ege.jpg\" \/>\n\t<meta property=\"og:image:width\" content=\"2480\" \/>\n\t<meta property=\"og:image:height\" content=\"3508\" \/>\n\t<meta property=\"og:image:type\" content=\"image\/jpeg\" \/>\n<meta name=\"twitter:card\" content=\"summary_large_image\" \/>\n<meta name=\"twitter:label1\" content=\"Tiempo de lectura\" \/>\n\t<meta name=\"twitter:data1\" content=\"2 minutos\" \/>\n<script type=\"application\/ld+json\" class=\"yoast-schema-graph\">{\"@context\":\"https:\/\/schema.org\",\"@graph\":[{\"@type\":\"WebPage\",\"@id\":\"https:\/\/mycanvas.dk\/vare\/vor-frelser\/\",\"url\":\"https:\/\/mycanvas.dk\/vare\/vor-frelser\/\",\"name\":\"vor frelser Plakater | Spar 10% p\u00e5 et samles\u00e6t - My Canvas\",\"isPartOf\":{\"@id\":\"https:\/\/mycanvas.dk\/#website\"},\"primaryImageOfPage\":{\"@id\":\"https:\/\/mycanvas.dk\/vare\/vor-frelser\/#primaryimage\"},\"image\":{\"@id\":\"https:\/\/mycanvas.dk\/vare\/vor-frelser\/#primaryimage\"},\"thumbnailUrl\":\"https:\/\/mycanvas.dk\/wp-content\/uploads\/2019\/11\/vor-frelser-3-ege.jpg\",\"datePublished\":\"2019-11-08T14:49:20+00:00\",\"dateModified\":\"2019-11-18T20:49:16+00:00\",\"description\":\"K\u00f8b vor frelser Plakater. DEN BEDSTE KVALITET Til den bedste pris - Historiske danske plakater\",\"breadcrumb\":{\"@id\":\"https:\/\/mycanvas.dk\/vare\/vor-frelser\/#breadcrumb\"},\"inLanguage\":\"es\",\"potentialAction\":[{\"@type\":\"ReadAction\",\"target\":[\"https:\/\/mycanvas.dk\/vare\/vor-frelser\/\"]}]},{\"@type\":\"ImageObject\",\"inLanguage\":\"es\",\"@id\":\"https:\/\/mycanvas.dk\/vare\/vor-frelser\/#primaryimage\",\"url\":\"https:\/\/mycanvas.dk\/wp-content\/uploads\/2019\/11\/vor-frelser-3-ege.jpg\",\"contentUrl\":\"https:\/\/mycanvas.dk\/wp-content\/uploads\/2019\/11\/vor-frelser-3-ege.jpg\",\"width\":2480,\"height\":3508},{\"@type\":\"BreadcrumbList\",\"@id\":\"https:\/\/mycanvas.dk\/vare\/vor-frelser\/#breadcrumb\",\"itemListElement\":[{\"@type\":\"ListItem\",\"position\":1,\"name\":\"Hjem\",\"item\":\"https:\/\/mycanvas.dk\/\"},{\"@type\":\"ListItem\",\"position\":2,\"name\":\"Shop\",\"item\":\"https:\/\/mycanvas.dk\/shop\/\"},{\"@type\":\"ListItem\",\"position\":3,\"name\":\"vor frelser\"}]},{\"@type\":\"WebSite\",\"@id\":\"https:\/\/mycanvas.dk\/#website\",\"url\":\"https:\/\/mycanvas.dk\/\",\"name\":\"My Canvas\",\"description\":\"Vi g\u00f8r danmarks historie til kunst\",\"publisher\":{\"@id\":\"https:\/\/mycanvas.dk\/#organization\"},\"potentialAction\":[{\"@type\":\"SearchAction\",\"target\":{\"@type\":\"EntryPoint\",\"urlTemplate\":\"https:\/\/mycanvas.dk\/?s={search_term_string}\"},\"query-input\":{\"@type\":\"PropertyValueSpecification\",\"valueRequired\":true,\"valueName\":\"search_term_string\"}}],\"inLanguage\":\"es\"},{\"@type\":\"Organization\",\"@id\":\"https:\/\/mycanvas.dk\/#organization\",\"name\":\"My Canvas\",\"url\":\"https:\/\/mycanvas.dk\/\",\"logo\":{\"@type\":\"ImageObject\",\"inLanguage\":\"es\",\"@id\":\"https:\/\/mycanvas.dk\/#\/schema\/logo\/image\/\",\"url\":\"https:\/\/mycanvas.dk\/wp-content\/uploads\/2018\/09\/MyCanvas-Logo-Nyeste.png\",\"contentUrl\":\"https:\/\/mycanvas.dk\/wp-content\/uploads\/2018\/09\/MyCanvas-Logo-Nyeste.png\",\"width\":1916,\"height\":736,\"caption\":\"My Canvas\"},\"image\":{\"@id\":\"https:\/\/mycanvas.dk\/#\/schema\/logo\/image\/\"},\"sameAs\":[\"https:\/\/www.facebook.com\/MyCanvasDanmark\",\"https:\/\/www.instagram.com\/mycanvasdk\/\"]}]}<\/script>\n<!-- \/ Yoast SEO plugin. -->","yoast_head_json":{"title":"vor frelser Plakater | Spar 10% p\u00e5 et samles\u00e6t - My Canvas","description":"K\u00f8b vor frelser Plakater. DEN BEDSTE KVALITET Til den bedste pris - Historiske danske plakater","robots":{"index":"index","follow":"follow","max-snippet":"max-snippet:-1","max-image-preview":"max-image-preview:large","max-video-preview":"max-video-preview:-1"},"canonical":"https:\/\/mycanvas.dk\/es\/producto\/vor-frelser\/","og_locale":"es_ES","og_type":"article","og_title":"vor frelser Plakater | Spar 10% p\u00e5 et samles\u00e6t - My Canvas","og_description":"K\u00f8b vor frelser Plakater. DEN BEDSTE KVALITET Til den bedste pris - Historiske danske plakater","og_url":"https:\/\/mycanvas.dk\/es\/producto\/vor-frelser\/","og_site_name":"My Canvas","article_publisher":"https:\/\/www.facebook.com\/MyCanvasDanmark","article_modified_time":"2019-11-18T20:49:16+00:00","og_image":[{"width":2480,"height":3508,"url":"https:\/\/mycanvas.dk\/wp-content\/uploads\/2019\/11\/vor-frelser-3-ege.jpg","type":"image\/jpeg"}],"twitter_card":"summary_large_image","twitter_misc":{"Tiempo de lectura":"2 minutos"},"schema":{"@context":"https:\/\/schema.org","@graph":[{"@type":"WebPage","@id":"https:\/\/mycanvas.dk\/vare\/vor-frelser\/","url":"https:\/\/mycanvas.dk\/vare\/vor-frelser\/","name":"vor frelser Plakater | Spar 10% p\u00e5 et samles\u00e6t - My Canvas","isPartOf":{"@id":"https:\/\/mycanvas.dk\/#website"},"primaryImageOfPage":{"@id":"https:\/\/mycanvas.dk\/vare\/vor-frelser\/#primaryimage"},"image":{"@id":"https:\/\/mycanvas.dk\/vare\/vor-frelser\/#primaryimage"},"thumbnailUrl":"https:\/\/mycanvas.dk\/wp-content\/uploads\/2019\/11\/vor-frelser-3-ege.jpg","datePublished":"2019-11-08T14:49:20+00:00","dateModified":"2019-11-18T20:49:16+00:00","description":"K\u00f8b vor frelser Plakater. DEN BEDSTE KVALITET Til den bedste pris - Historiske danske plakater","breadcrumb":{"@id":"https:\/\/mycanvas.dk\/vare\/vor-frelser\/#breadcrumb"},"inLanguage":"es","potentialAction":[{"@type":"ReadAction","target":["https:\/\/mycanvas.dk\/vare\/vor-frelser\/"]}]},{"@type":"ImageObject","inLanguage":"es","@id":"https:\/\/mycanvas.dk\/vare\/vor-frelser\/#primaryimage","url":"https:\/\/mycanvas.dk\/wp-content\/uploads\/2019\/11\/vor-frelser-3-ege.jpg","contentUrl":"https:\/\/mycanvas.dk\/wp-content\/uploads\/2019\/11\/vor-frelser-3-ege.jpg","width":2480,"height":3508},{"@type":"BreadcrumbList","@id":"https:\/\/mycanvas.dk\/vare\/vor-frelser\/#breadcrumb","itemListElement":[{"@type":"ListItem","position":1,"name":"Hjem","item":"https:\/\/mycanvas.dk\/"},{"@type":"ListItem","position":2,"name":"Shop","item":"https:\/\/mycanvas.dk\/shop\/"},{"@type":"ListItem","position":3,"name":"vor frelser"}]},{"@type":"WebSite","@id":"https:\/\/mycanvas.dk\/#website","url":"https:\/\/mycanvas.dk\/","name":"My Canvas","description":"Vi g\u00f8r danmarks historie til kunst","publisher":{"@id":"https:\/\/mycanvas.dk\/#organization"},"potentialAction":[{"@type":"SearchAction","target":{"@type":"EntryPoint","urlTemplate":"https:\/\/mycanvas.dk\/?s={search_term_string}"},"query-input":{"@type":"PropertyValueSpecification","valueRequired":true,"valueName":"search_term_string"}}],"inLanguage":"es"},{"@type":"Organization","@id":"https:\/\/mycanvas.dk\/#organization","name":"My Canvas","url":"https:\/\/mycanvas.dk\/","logo":{"@type":"ImageObject","inLanguage":"es","@id":"https:\/\/mycanvas.dk\/#\/schema\/logo\/image\/","url":"https:\/\/mycanvas.dk\/wp-content\/uploads\/2018\/09\/MyCanvas-Logo-Nyeste.png","contentUrl":"https:\/\/mycanvas.dk\/wp-content\/uploads\/2018\/09\/MyCanvas-Logo-Nyeste.png","width":1916,"height":736,"caption":"My Canvas"},"image":{"@id":"https:\/\/mycanvas.dk\/#\/schema\/logo\/image\/"},"sameAs":["https:\/\/www.facebook.com\/MyCanvasDanmark","https:\/\/www.instagram.com\/mycanvasdk\/"]}]}},"_links":{"self":[{"href":"https:\/\/mycanvas.dk\/es\/wp-json\/wp\/v2\/product\/9012","targetHints":{"allow":["GET"]}}],"collection":[{"href":"https:\/\/mycanvas.dk\/es\/wp-json\/wp\/v2\/product"}],"about":[{"href":"https:\/\/mycanvas.dk\/es\/wp-json\/wp\/v2\/types\/product"}],"replies":[{"embeddable":true,"href":"https:\/\/mycanvas.dk\/es\/wp-json\/wp\/v2\/comments?post=9012"}],"wp:featuredmedia":[{"embeddable":true,"href":"https:\/\/mycanvas.dk\/es\/wp-json\/wp\/v2\/media\/9017"}],"wp:attachment":[{"href":"https:\/\/mycanvas.dk\/es\/wp-json\/wp\/v2\/media?parent=9012"}],"wp:term":[{"taxonomy":"product_cat","embeddable":true,"href":"https:\/\/mycanvas.dk\/es\/wp-json\/wp\/v2\/product_cat?post=9012"},{"taxonomy":"product_tag","embeddable":true,"href":"https:\/\/mycanvas.dk\/es\/wp-json\/wp\/v2\/product_tag?post=9012"}],"curies":[{"name":"wp","href":"https:\/\/api.w.org\/{rel}","templated":true}]}}