
{"id":9036,"date":"2019-11-08T15:55:42","date_gmt":"2019-11-08T14:55:42","guid":{"rendered":"https:\/\/mycanvas.dk\/?post_type=product&#038;p=9036"},"modified":"2019-11-18T22:05:38","modified_gmt":"2019-11-18T21:05:38","slug":"gudhjem-kirk","status":"publish","type":"product","link":"https:\/\/mycanvas.dk\/es\/producto\/gudhjem-kirk\/","title":{"rendered":"iglesia de dios"},"content":{"rendered":"<p>La iglesia de Gudhjem est\u00e1 ubicada en Bornholm, en la ciudad de Gudhjem, y fue dise\u00f1ada por Mathias Bidstrup e inaugurada en 1893. La iglesia est\u00e1 construida con bloques de granito. La nave, la torre y el \u00e1bside tienen cubiertas de pizarra. La iglesia fue construida cerca de St. En el cementerio se puede ver la Capilla de Ana del siglo XIII, hoy en ruinas. El retablo proviene de una antigua iglesia y es un panel de gabinete de estilo g\u00f3tico tard\u00edo de tres alas de 1475. En el campo central hay un relieve con el lecho de muerte de la Virgen Mar\u00eda, donde est\u00e1 rodeada por los doce ap\u00f3stoles. Cada ala tiene cuatro figuras en dos filas de santos, y algunas de ellas est\u00e1n levemente da\u00f1adas, mientras que una sola figura est\u00e1 completamente perdida. Posteriormente fue reemplazado por Poul H\u00f8m durante una restauraci\u00f3n en 1962. El p\u00falpito tambi\u00e9n pertenece a una iglesia anterior y se construy\u00f3 en 1575.<\/p>\n<p>La capilla del siglo XIII era un largo edificio g\u00f3tico. Lea un peque\u00f1o extracto a continuaci\u00f3n <a href=\"https:\/\/www.gudhjemkirke.dk\/om-kirken\/\">Iglesia de Gudhjem<\/a> propio sitio web;<\/p>\n<p><em>&quot;Seg\u00fan la tradici\u00f3n, un conde se encontraba en apuros frente a Gudhjem. El conde rez\u00f3 a su santa Santa Ana para que lo llevaran sano y salvo a tierra, si lo llevaban sano y salvo a tierra le dar\u00eda un cofre de oro para construir una iglesia en el lugar. Su barco fue llevado a las rocas de Money Box, donde el agua es profunda. El conde se propuso construir la capilla en N\u00f8rresand, pero no sali\u00f3 bien, porque cada noche el metro demol\u00eda lo que se hab\u00eda construido durante el d\u00eda. El conde pidi\u00f3 a los habitantes de la Casa de Dios que hablaran con el metro, el metro luego les dijo d\u00f3nde quer\u00edan construir la capilla, ahora la construcci\u00f3n fue r\u00e1pido, porque el metro constru\u00eda de noche y la gente constru\u00eda durante el d\u00eda&quot;.<\/em><\/p>","protected":false},"excerpt":{"rendered":"<p>Compre hermosos carteles hist\u00f3ricos de la iglesia Gudhjem, que est\u00e1n disponibles tanto en el exterior como en el interior y que datan de principios del siglo XX.<\/p>\n<p>Vea tambi\u00e9n nuestra otra selecci\u00f3n de bellas im\u00e1genes hist\u00f3ricas desde el siglo XX en adelante. <a href=\"https:\/\/mycanvas.dk\/es\/?s=kirke&amp;post_type=product\">iglesias<\/a> alrededor de Dinamarca.<\/p>","protected":false},"featured_media":9041,"comment_status":"closed","ping_status":"closed","template":"","meta":{"_mi_skip_tracking":false},"product_cat":[248,73],"product_tag":[],"class_list":{"0":"post-9036","1":"product","2":"type-product","3":"status-publish","4":"has-post-thumbnail","6":"product_cat-danske-kirker","7":"product_cat-plakater","8":"pa_storrelse-a4-21x30cm","9":"pa_storrelse-a3-30x42cm","10":"pa_storrelse-b2-50x70cm","11":"pa_storrelse-b1-70x100cm","13":"first","14":"instock","15":"taxable","16":"shipping-taxable","17":"purchasable","18":"product-type-variable"},"yoast_head":"<!-- This site is optimized with the Yoast SEO plugin v24.2 - https:\/\/yoast.com\/wordpress\/plugins\/seo\/ -->\n<title>Gudhjem kirk Plakater | Spar 10% p\u00e5 et samles\u00e6t - My Canvas<\/title>\n<meta name=\"description\" content=\"K\u00f8b Gudhjem kirk Plakater. DEN BEDSTE KVALITET Til den bedste pris - Historiske danske plakater\" \/>\n<meta name=\"robots\" content=\"index, follow, max-snippet:-1, max-image-preview:large, max-video-preview:-1\" \/>\n<link rel=\"canonical\" href=\"https:\/\/mycanvas.dk\/es\/producto\/gudhjem-kirk\/\" \/>\n<meta property=\"og:locale\" content=\"es_ES\" \/>\n<meta property=\"og:type\" content=\"article\" \/>\n<meta property=\"og:title\" content=\"Gudhjem kirk Plakater | Spar 10% p\u00e5 et samles\u00e6t - My Canvas\" \/>\n<meta property=\"og:description\" content=\"K\u00f8b Gudhjem kirk Plakater. DEN BEDSTE KVALITET Til den bedste pris - Historiske danske plakater\" \/>\n<meta property=\"og:url\" content=\"https:\/\/mycanvas.dk\/es\/producto\/gudhjem-kirk\/\" \/>\n<meta property=\"og:site_name\" content=\"My Canvas\" \/>\n<meta property=\"article:publisher\" content=\"https:\/\/www.facebook.com\/MyCanvasDanmark\" \/>\n<meta property=\"article:modified_time\" content=\"2019-11-18T21:05:38+00:00\" \/>\n<meta property=\"og:image\" content=\"https:\/\/mycanvas.dk\/wp-content\/uploads\/2019\/11\/gudhjem-2-ege.jpg\" \/>\n\t<meta property=\"og:image:width\" content=\"3508\" \/>\n\t<meta property=\"og:image:height\" content=\"2480\" \/>\n\t<meta property=\"og:image:type\" content=\"image\/jpeg\" \/>\n<meta name=\"twitter:card\" content=\"summary_large_image\" \/>\n<meta name=\"twitter:label1\" content=\"Tiempo de lectura\" \/>\n\t<meta name=\"twitter:data1\" content=\"1 minuto\" \/>\n<script type=\"application\/ld+json\" class=\"yoast-schema-graph\">{\"@context\":\"https:\/\/schema.org\",\"@graph\":[{\"@type\":\"WebPage\",\"@id\":\"https:\/\/mycanvas.dk\/vare\/gudhjem-kirk\/\",\"url\":\"https:\/\/mycanvas.dk\/vare\/gudhjem-kirk\/\",\"name\":\"Gudhjem kirk Plakater | Spar 10% p\u00e5 et samles\u00e6t - My Canvas\",\"isPartOf\":{\"@id\":\"https:\/\/mycanvas.dk\/#website\"},\"primaryImageOfPage\":{\"@id\":\"https:\/\/mycanvas.dk\/vare\/gudhjem-kirk\/#primaryimage\"},\"image\":{\"@id\":\"https:\/\/mycanvas.dk\/vare\/gudhjem-kirk\/#primaryimage\"},\"thumbnailUrl\":\"https:\/\/mycanvas.dk\/wp-content\/uploads\/2019\/11\/gudhjem-2-ege.jpg\",\"datePublished\":\"2019-11-08T14:55:42+00:00\",\"dateModified\":\"2019-11-18T21:05:38+00:00\",\"description\":\"K\u00f8b Gudhjem kirk Plakater. DEN BEDSTE KVALITET Til den bedste pris - Historiske danske plakater\",\"breadcrumb\":{\"@id\":\"https:\/\/mycanvas.dk\/vare\/gudhjem-kirk\/#breadcrumb\"},\"inLanguage\":\"es\",\"potentialAction\":[{\"@type\":\"ReadAction\",\"target\":[\"https:\/\/mycanvas.dk\/vare\/gudhjem-kirk\/\"]}]},{\"@type\":\"ImageObject\",\"inLanguage\":\"es\",\"@id\":\"https:\/\/mycanvas.dk\/vare\/gudhjem-kirk\/#primaryimage\",\"url\":\"https:\/\/mycanvas.dk\/wp-content\/uploads\/2019\/11\/gudhjem-2-ege.jpg\",\"contentUrl\":\"https:\/\/mycanvas.dk\/wp-content\/uploads\/2019\/11\/gudhjem-2-ege.jpg\",\"width\":3508,\"height\":2480},{\"@type\":\"BreadcrumbList\",\"@id\":\"https:\/\/mycanvas.dk\/vare\/gudhjem-kirk\/#breadcrumb\",\"itemListElement\":[{\"@type\":\"ListItem\",\"position\":1,\"name\":\"Hjem\",\"item\":\"https:\/\/mycanvas.dk\/\"},{\"@type\":\"ListItem\",\"position\":2,\"name\":\"Shop\",\"item\":\"https:\/\/mycanvas.dk\/shop\/\"},{\"@type\":\"ListItem\",\"position\":3,\"name\":\"Gudhjem kirk\"}]},{\"@type\":\"WebSite\",\"@id\":\"https:\/\/mycanvas.dk\/#website\",\"url\":\"https:\/\/mycanvas.dk\/\",\"name\":\"My Canvas\",\"description\":\"Vi g\u00f8r danmarks historie til kunst\",\"publisher\":{\"@id\":\"https:\/\/mycanvas.dk\/#organization\"},\"potentialAction\":[{\"@type\":\"SearchAction\",\"target\":{\"@type\":\"EntryPoint\",\"urlTemplate\":\"https:\/\/mycanvas.dk\/?s={search_term_string}\"},\"query-input\":{\"@type\":\"PropertyValueSpecification\",\"valueRequired\":true,\"valueName\":\"search_term_string\"}}],\"inLanguage\":\"es\"},{\"@type\":\"Organization\",\"@id\":\"https:\/\/mycanvas.dk\/#organization\",\"name\":\"My Canvas\",\"url\":\"https:\/\/mycanvas.dk\/\",\"logo\":{\"@type\":\"ImageObject\",\"inLanguage\":\"es\",\"@id\":\"https:\/\/mycanvas.dk\/#\/schema\/logo\/image\/\",\"url\":\"https:\/\/mycanvas.dk\/wp-content\/uploads\/2018\/09\/MyCanvas-Logo-Nyeste.png\",\"contentUrl\":\"https:\/\/mycanvas.dk\/wp-content\/uploads\/2018\/09\/MyCanvas-Logo-Nyeste.png\",\"width\":1916,\"height\":736,\"caption\":\"My Canvas\"},\"image\":{\"@id\":\"https:\/\/mycanvas.dk\/#\/schema\/logo\/image\/\"},\"sameAs\":[\"https:\/\/www.facebook.com\/MyCanvasDanmark\",\"https:\/\/www.instagram.com\/mycanvasdk\/\"]}]}<\/script>\n<!-- \/ Yoast SEO plugin. -->","yoast_head_json":{"title":"Gudhjem kirk Plakater | Spar 10% p\u00e5 et samles\u00e6t - My Canvas","description":"K\u00f8b Gudhjem kirk Plakater. DEN BEDSTE KVALITET Til den bedste pris - Historiske danske plakater","robots":{"index":"index","follow":"follow","max-snippet":"max-snippet:-1","max-image-preview":"max-image-preview:large","max-video-preview":"max-video-preview:-1"},"canonical":"https:\/\/mycanvas.dk\/es\/producto\/gudhjem-kirk\/","og_locale":"es_ES","og_type":"article","og_title":"Gudhjem kirk Plakater | Spar 10% p\u00e5 et samles\u00e6t - My Canvas","og_description":"K\u00f8b Gudhjem kirk Plakater. DEN BEDSTE KVALITET Til den bedste pris - Historiske danske plakater","og_url":"https:\/\/mycanvas.dk\/es\/producto\/gudhjem-kirk\/","og_site_name":"My Canvas","article_publisher":"https:\/\/www.facebook.com\/MyCanvasDanmark","article_modified_time":"2019-11-18T21:05:38+00:00","og_image":[{"width":3508,"height":2480,"url":"https:\/\/mycanvas.dk\/wp-content\/uploads\/2019\/11\/gudhjem-2-ege.jpg","type":"image\/jpeg"}],"twitter_card":"summary_large_image","twitter_misc":{"Tiempo de lectura":"1 minuto"},"schema":{"@context":"https:\/\/schema.org","@graph":[{"@type":"WebPage","@id":"https:\/\/mycanvas.dk\/vare\/gudhjem-kirk\/","url":"https:\/\/mycanvas.dk\/vare\/gudhjem-kirk\/","name":"Gudhjem kirk Plakater | Spar 10% p\u00e5 et samles\u00e6t - My Canvas","isPartOf":{"@id":"https:\/\/mycanvas.dk\/#website"},"primaryImageOfPage":{"@id":"https:\/\/mycanvas.dk\/vare\/gudhjem-kirk\/#primaryimage"},"image":{"@id":"https:\/\/mycanvas.dk\/vare\/gudhjem-kirk\/#primaryimage"},"thumbnailUrl":"https:\/\/mycanvas.dk\/wp-content\/uploads\/2019\/11\/gudhjem-2-ege.jpg","datePublished":"2019-11-08T14:55:42+00:00","dateModified":"2019-11-18T21:05:38+00:00","description":"K\u00f8b Gudhjem kirk Plakater. DEN BEDSTE KVALITET Til den bedste pris - Historiske danske plakater","breadcrumb":{"@id":"https:\/\/mycanvas.dk\/vare\/gudhjem-kirk\/#breadcrumb"},"inLanguage":"es","potentialAction":[{"@type":"ReadAction","target":["https:\/\/mycanvas.dk\/vare\/gudhjem-kirk\/"]}]},{"@type":"ImageObject","inLanguage":"es","@id":"https:\/\/mycanvas.dk\/vare\/gudhjem-kirk\/#primaryimage","url":"https:\/\/mycanvas.dk\/wp-content\/uploads\/2019\/11\/gudhjem-2-ege.jpg","contentUrl":"https:\/\/mycanvas.dk\/wp-content\/uploads\/2019\/11\/gudhjem-2-ege.jpg","width":3508,"height":2480},{"@type":"BreadcrumbList","@id":"https:\/\/mycanvas.dk\/vare\/gudhjem-kirk\/#breadcrumb","itemListElement":[{"@type":"ListItem","position":1,"name":"Hjem","item":"https:\/\/mycanvas.dk\/"},{"@type":"ListItem","position":2,"name":"Shop","item":"https:\/\/mycanvas.dk\/shop\/"},{"@type":"ListItem","position":3,"name":"Gudhjem kirk"}]},{"@type":"WebSite","@id":"https:\/\/mycanvas.dk\/#website","url":"https:\/\/mycanvas.dk\/","name":"My Canvas","description":"Vi g\u00f8r danmarks historie til kunst","publisher":{"@id":"https:\/\/mycanvas.dk\/#organization"},"potentialAction":[{"@type":"SearchAction","target":{"@type":"EntryPoint","urlTemplate":"https:\/\/mycanvas.dk\/?s={search_term_string}"},"query-input":{"@type":"PropertyValueSpecification","valueRequired":true,"valueName":"search_term_string"}}],"inLanguage":"es"},{"@type":"Organization","@id":"https:\/\/mycanvas.dk\/#organization","name":"My Canvas","url":"https:\/\/mycanvas.dk\/","logo":{"@type":"ImageObject","inLanguage":"es","@id":"https:\/\/mycanvas.dk\/#\/schema\/logo\/image\/","url":"https:\/\/mycanvas.dk\/wp-content\/uploads\/2018\/09\/MyCanvas-Logo-Nyeste.png","contentUrl":"https:\/\/mycanvas.dk\/wp-content\/uploads\/2018\/09\/MyCanvas-Logo-Nyeste.png","width":1916,"height":736,"caption":"My Canvas"},"image":{"@id":"https:\/\/mycanvas.dk\/#\/schema\/logo\/image\/"},"sameAs":["https:\/\/www.facebook.com\/MyCanvasDanmark","https:\/\/www.instagram.com\/mycanvasdk\/"]}]}},"_links":{"self":[{"href":"https:\/\/mycanvas.dk\/es\/wp-json\/wp\/v2\/product\/9036","targetHints":{"allow":["GET"]}}],"collection":[{"href":"https:\/\/mycanvas.dk\/es\/wp-json\/wp\/v2\/product"}],"about":[{"href":"https:\/\/mycanvas.dk\/es\/wp-json\/wp\/v2\/types\/product"}],"replies":[{"embeddable":true,"href":"https:\/\/mycanvas.dk\/es\/wp-json\/wp\/v2\/comments?post=9036"}],"wp:featuredmedia":[{"embeddable":true,"href":"https:\/\/mycanvas.dk\/es\/wp-json\/wp\/v2\/media\/9041"}],"wp:attachment":[{"href":"https:\/\/mycanvas.dk\/es\/wp-json\/wp\/v2\/media?parent=9036"}],"wp:term":[{"taxonomy":"product_cat","embeddable":true,"href":"https:\/\/mycanvas.dk\/es\/wp-json\/wp\/v2\/product_cat?post=9036"},{"taxonomy":"product_tag","embeddable":true,"href":"https:\/\/mycanvas.dk\/es\/wp-json\/wp\/v2\/product_tag?post=9036"}],"curies":[{"name":"wp","href":"https:\/\/api.w.org\/{rel}","templated":true}]}}