
{"id":9063,"date":"2019-11-08T16:24:18","date_gmt":"2019-11-08T15:24:18","guid":{"rendered":"https:\/\/mycanvas.dk\/?post_type=product&#038;p=9063"},"modified":"2019-11-10T23:08:50","modified_gmt":"2019-11-10T22:08:50","slug":"frederiksborg","status":"publish","type":"product","link":"https:\/\/mycanvas.dk\/es\/producto\/frederiksborg\/","title":{"rendered":"Frederiksborg"},"content":{"rendered":"<p>La iglesia del castillo de Frederiksborg est\u00e1 ubicada en el ala oeste del castillo de Frederiksborg en Hiller\u00f8d y fue construida a principios del siglo XVII. No se sabe con certeza si fue el a\u00f1o 1606 o 1607. Despu\u00e9s de la introducci\u00f3n de la monarqu\u00eda en 1660, Frederiksborg SLotskirke se convirti\u00f3 en la iglesia de la unci\u00f3n del rey dan\u00e9s. Cristi\u00e1n IV naci\u00f3 en el castillo en 1577 y fue bautizado en la iglesia del castillo. La pila bautismal se ha conservado y puede verse hasta el d\u00eda de hoy. La iglesia del castillo fue tambi\u00e9n la capilla de las \u00f3rdenes de caballer\u00eda danesas (Elefantorden y Dannebrogorden).<\/p>\n<p>Gran parte del antiguo castillo fue demolido por Cristi\u00e1n IV para restaurar el estilo holand\u00e9s, por lo que se construy\u00f3 la iglesia para la casa real como parte de esto, pero una tormenta en 1631 destruy\u00f3 parte de la iglesia, por lo que los ciudadanos de la ciudad fueron Tambi\u00e9n se le permiti\u00f3 utilizarlo hasta que fuera reconstruido. Nunca lleg\u00f3 a ser reconstruido, ya que los sucesores de Cristi\u00e1n IV eligieron Frederiksborg como su residencia.<\/p>\n<p>En 1859, gran parte del castillo fue destruido debido a un incendio, pero la iglesia qued\u00f3 libre y el castillo fue reconstruido con el apoyo financiero de JC Jacobsen.<\/p>\n<p>Durante la reconstrucci\u00f3n del castillo y la iglesia, la congregaci\u00f3n tuvo que utilizar la iglesia de Hiller\u00f8d, que era un edificio de madera en ruinas en el centro de la ciudad de Hiller\u00f8d. La iglesia estaba en tan malas condiciones que se derrumb\u00f3 varias veces. Al final, el edificio qued\u00f3 en tan malas condiciones que se tuvo que utilizar un granero cercano. Varios poetas han escrito sobre esto, incluido el conocido poeta Anders Arrebo, que fue sacerdote del castillo de Frederiksborg de 1613 a 1616. A continuaci\u00f3n se muestra una cita del poema &quot;Descripci\u00f3n de la famosa Frederiksborg&quot;, en el que describe las condiciones de la iglesia. en ese periodo:<\/p>\n<p style=\"padding-left: 160px;\"><em>&quot;Mientras se constru\u00eda el castillo, \u00e9l (el rey) construy\u00f3 una iglesia<\/em><\/p>\n<p style=\"padding-left: 200px;\"><em>En Hiller\u00f8d, que la gente no olvide a Dios;<\/em><br \/>\n<em>pero al cabo de tres a\u00f1os cambi\u00f3 muy abruptamente,<\/em><br \/>\n<em>ya que la tormenta caus\u00f3 grandes da\u00f1os&#039; St. La noche de Karen<\/em><br \/>\n<em>Entonces el rey Christian Paany hizo sentar los cimientos;<\/em><br \/>\n<em>pero hasta ahora nada fue perfeccionado de ambos:<\/em><br \/>\n<em>El primero fue destruido, el segundo no fue construido,<\/em><br \/>\n<em>entonces lo muy bueno en malas manos se vuelve feo.<\/em><br \/>\n<em>Bueno, muchas veces una iglesia ha sido salvada,<\/em><br \/>\n<em>y dinero recaudado, pero no puede hacer nada;<\/em><br \/>\n<em>porque esto puede ser recordado aqu\u00ed, tan seguramente como la Iglesia pero&#039;,<\/em><br \/>\n<em>por eso la construcci\u00f3n es tan lenta, pesada y tard\u00eda.<\/em><br \/>\n<em>Ahora que la Iglesia ya no estaba y el Castillo no estaba terminado,<\/em><br \/>\n<em>entonces no se encontr\u00f3 ninguna casa digna de la adoraci\u00f3n del Se\u00f1or;<\/em><br \/>\n<em>uno ten\u00eda que ayudarse a s\u00ed mismo en necesidad en un establo,<\/em><br \/>\n<em>hasta que se termin\u00f3 el castillo y el Rey orden\u00f3 lo contrario\u201d.<\/em><\/p>","protected":false},"excerpt":{"rendered":"<p>Compra carteles hist\u00f3ricos de la Iglesia del Castillo de Frederiksborg del a\u00f1o 1921. Elige entre fotograf\u00edas tanto de interior como de exterior.<\/p>\n<p>La iglesia del castillo de Frederiksborg est\u00e1 ubicada en el ala oeste del castillo de Frederiksborg en Hiller\u00f8d y fue construida a principios del siglo XVII. No se sabe con certeza si fue el a\u00f1o 1606 o 1607. Despu\u00e9s de la introducci\u00f3n de la monarqu\u00eda en 1660, Frederiksborg SLotskirke se convirti\u00f3 en la iglesia de la unci\u00f3n del rey dan\u00e9s. Cristi\u00e1n IV naci\u00f3 en el castillo en 1577 y fue bautizado en la iglesia del castillo. La pila bautismal se ha conservado y puede verse hasta el d\u00eda de hoy.<\/p>","protected":false},"featured_media":9068,"comment_status":"closed","ping_status":"closed","template":"","meta":{"_mi_skip_tracking":false},"product_cat":[248,73],"product_tag":[],"class_list":{"0":"post-9063","1":"product","2":"type-product","3":"status-publish","4":"has-post-thumbnail","6":"product_cat-danske-kirker","7":"product_cat-plakater","8":"pa_storrelse-a4-21x30cm","9":"pa_storrelse-a3-30x42cm","10":"pa_storrelse-b2-50x70cm","11":"pa_storrelse-b1-70x100cm","13":"first","14":"instock","15":"taxable","16":"shipping-taxable","17":"purchasable","18":"product-type-variable"},"yoast_head":"<!-- This site is optimized with the Yoast SEO plugin v24.2 - https:\/\/yoast.com\/wordpress\/plugins\/seo\/ -->\n<title>Frederiksborg Plakater | Spar 10% p\u00e5 et samles\u00e6t - My Canvas<\/title>\n<meta name=\"description\" content=\"K\u00f8b Frederiksborg Plakater. DEN BEDSTE KVALITET Til den bedste pris - Historiske danske plakater\" \/>\n<meta name=\"robots\" content=\"index, follow, max-snippet:-1, max-image-preview:large, max-video-preview:-1\" \/>\n<link rel=\"canonical\" href=\"https:\/\/mycanvas.dk\/es\/producto\/frederiksborg\/\" \/>\n<meta property=\"og:locale\" content=\"es_ES\" \/>\n<meta property=\"og:type\" content=\"article\" \/>\n<meta property=\"og:title\" content=\"Frederiksborg Plakater | Spar 10% p\u00e5 et samles\u00e6t - My Canvas\" \/>\n<meta property=\"og:description\" content=\"K\u00f8b Frederiksborg Plakater. DEN BEDSTE KVALITET Til den bedste pris - Historiske danske plakater\" \/>\n<meta property=\"og:url\" content=\"https:\/\/mycanvas.dk\/es\/producto\/frederiksborg\/\" \/>\n<meta property=\"og:site_name\" content=\"My Canvas\" \/>\n<meta property=\"article:publisher\" content=\"https:\/\/www.facebook.com\/MyCanvasDanmark\" \/>\n<meta property=\"article:modified_time\" content=\"2019-11-10T22:08:50+00:00\" \/>\n<meta property=\"og:image\" content=\"https:\/\/mycanvas.dk\/wp-content\/uploads\/2019\/11\/frederiksborg-ege.jpg\" \/>\n\t<meta property=\"og:image:width\" content=\"3508\" \/>\n\t<meta property=\"og:image:height\" content=\"2480\" \/>\n\t<meta property=\"og:image:type\" content=\"image\/jpeg\" \/>\n<meta name=\"twitter:card\" content=\"summary_large_image\" \/>\n<meta name=\"twitter:label1\" content=\"Tiempo de lectura\" \/>\n\t<meta name=\"twitter:data1\" content=\"2 minutos\" \/>\n<script type=\"application\/ld+json\" class=\"yoast-schema-graph\">{\"@context\":\"https:\/\/schema.org\",\"@graph\":[{\"@type\":\"WebPage\",\"@id\":\"https:\/\/mycanvas.dk\/vare\/frederiksborg\/\",\"url\":\"https:\/\/mycanvas.dk\/vare\/frederiksborg\/\",\"name\":\"Frederiksborg Plakater | Spar 10% p\u00e5 et samles\u00e6t - My Canvas\",\"isPartOf\":{\"@id\":\"https:\/\/mycanvas.dk\/#website\"},\"primaryImageOfPage\":{\"@id\":\"https:\/\/mycanvas.dk\/vare\/frederiksborg\/#primaryimage\"},\"image\":{\"@id\":\"https:\/\/mycanvas.dk\/vare\/frederiksborg\/#primaryimage\"},\"thumbnailUrl\":\"https:\/\/mycanvas.dk\/wp-content\/uploads\/2019\/11\/frederiksborg-ege.jpg\",\"datePublished\":\"2019-11-08T15:24:18+00:00\",\"dateModified\":\"2019-11-10T22:08:50+00:00\",\"description\":\"K\u00f8b Frederiksborg Plakater. DEN BEDSTE KVALITET Til den bedste pris - Historiske danske plakater\",\"breadcrumb\":{\"@id\":\"https:\/\/mycanvas.dk\/vare\/frederiksborg\/#breadcrumb\"},\"inLanguage\":\"es\",\"potentialAction\":[{\"@type\":\"ReadAction\",\"target\":[\"https:\/\/mycanvas.dk\/vare\/frederiksborg\/\"]}]},{\"@type\":\"ImageObject\",\"inLanguage\":\"es\",\"@id\":\"https:\/\/mycanvas.dk\/vare\/frederiksborg\/#primaryimage\",\"url\":\"https:\/\/mycanvas.dk\/wp-content\/uploads\/2019\/11\/frederiksborg-ege.jpg\",\"contentUrl\":\"https:\/\/mycanvas.dk\/wp-content\/uploads\/2019\/11\/frederiksborg-ege.jpg\",\"width\":3508,\"height\":2480},{\"@type\":\"BreadcrumbList\",\"@id\":\"https:\/\/mycanvas.dk\/vare\/frederiksborg\/#breadcrumb\",\"itemListElement\":[{\"@type\":\"ListItem\",\"position\":1,\"name\":\"Hjem\",\"item\":\"https:\/\/mycanvas.dk\/\"},{\"@type\":\"ListItem\",\"position\":2,\"name\":\"Shop\",\"item\":\"https:\/\/mycanvas.dk\/shop\/\"},{\"@type\":\"ListItem\",\"position\":3,\"name\":\"Frederiksborg\"}]},{\"@type\":\"WebSite\",\"@id\":\"https:\/\/mycanvas.dk\/#website\",\"url\":\"https:\/\/mycanvas.dk\/\",\"name\":\"My Canvas\",\"description\":\"Vi g\u00f8r danmarks historie til kunst\",\"publisher\":{\"@id\":\"https:\/\/mycanvas.dk\/#organization\"},\"potentialAction\":[{\"@type\":\"SearchAction\",\"target\":{\"@type\":\"EntryPoint\",\"urlTemplate\":\"https:\/\/mycanvas.dk\/?s={search_term_string}\"},\"query-input\":{\"@type\":\"PropertyValueSpecification\",\"valueRequired\":true,\"valueName\":\"search_term_string\"}}],\"inLanguage\":\"es\"},{\"@type\":\"Organization\",\"@id\":\"https:\/\/mycanvas.dk\/#organization\",\"name\":\"My Canvas\",\"url\":\"https:\/\/mycanvas.dk\/\",\"logo\":{\"@type\":\"ImageObject\",\"inLanguage\":\"es\",\"@id\":\"https:\/\/mycanvas.dk\/#\/schema\/logo\/image\/\",\"url\":\"https:\/\/mycanvas.dk\/wp-content\/uploads\/2018\/09\/MyCanvas-Logo-Nyeste.png\",\"contentUrl\":\"https:\/\/mycanvas.dk\/wp-content\/uploads\/2018\/09\/MyCanvas-Logo-Nyeste.png\",\"width\":1916,\"height\":736,\"caption\":\"My Canvas\"},\"image\":{\"@id\":\"https:\/\/mycanvas.dk\/#\/schema\/logo\/image\/\"},\"sameAs\":[\"https:\/\/www.facebook.com\/MyCanvasDanmark\",\"https:\/\/www.instagram.com\/mycanvasdk\/\"]}]}<\/script>\n<!-- \/ Yoast SEO plugin. -->","yoast_head_json":{"title":"Frederiksborg Plakater | Spar 10% p\u00e5 et samles\u00e6t - My Canvas","description":"K\u00f8b Frederiksborg Plakater. DEN BEDSTE KVALITET Til den bedste pris - Historiske danske plakater","robots":{"index":"index","follow":"follow","max-snippet":"max-snippet:-1","max-image-preview":"max-image-preview:large","max-video-preview":"max-video-preview:-1"},"canonical":"https:\/\/mycanvas.dk\/es\/producto\/frederiksborg\/","og_locale":"es_ES","og_type":"article","og_title":"Frederiksborg Plakater | Spar 10% p\u00e5 et samles\u00e6t - My Canvas","og_description":"K\u00f8b Frederiksborg Plakater. DEN BEDSTE KVALITET Til den bedste pris - Historiske danske plakater","og_url":"https:\/\/mycanvas.dk\/es\/producto\/frederiksborg\/","og_site_name":"My Canvas","article_publisher":"https:\/\/www.facebook.com\/MyCanvasDanmark","article_modified_time":"2019-11-10T22:08:50+00:00","og_image":[{"width":3508,"height":2480,"url":"https:\/\/mycanvas.dk\/wp-content\/uploads\/2019\/11\/frederiksborg-ege.jpg","type":"image\/jpeg"}],"twitter_card":"summary_large_image","twitter_misc":{"Tiempo de lectura":"2 minutos"},"schema":{"@context":"https:\/\/schema.org","@graph":[{"@type":"WebPage","@id":"https:\/\/mycanvas.dk\/vare\/frederiksborg\/","url":"https:\/\/mycanvas.dk\/vare\/frederiksborg\/","name":"Frederiksborg Plakater | Spar 10% p\u00e5 et samles\u00e6t - My Canvas","isPartOf":{"@id":"https:\/\/mycanvas.dk\/#website"},"primaryImageOfPage":{"@id":"https:\/\/mycanvas.dk\/vare\/frederiksborg\/#primaryimage"},"image":{"@id":"https:\/\/mycanvas.dk\/vare\/frederiksborg\/#primaryimage"},"thumbnailUrl":"https:\/\/mycanvas.dk\/wp-content\/uploads\/2019\/11\/frederiksborg-ege.jpg","datePublished":"2019-11-08T15:24:18+00:00","dateModified":"2019-11-10T22:08:50+00:00","description":"K\u00f8b Frederiksborg Plakater. DEN BEDSTE KVALITET Til den bedste pris - Historiske danske plakater","breadcrumb":{"@id":"https:\/\/mycanvas.dk\/vare\/frederiksborg\/#breadcrumb"},"inLanguage":"es","potentialAction":[{"@type":"ReadAction","target":["https:\/\/mycanvas.dk\/vare\/frederiksborg\/"]}]},{"@type":"ImageObject","inLanguage":"es","@id":"https:\/\/mycanvas.dk\/vare\/frederiksborg\/#primaryimage","url":"https:\/\/mycanvas.dk\/wp-content\/uploads\/2019\/11\/frederiksborg-ege.jpg","contentUrl":"https:\/\/mycanvas.dk\/wp-content\/uploads\/2019\/11\/frederiksborg-ege.jpg","width":3508,"height":2480},{"@type":"BreadcrumbList","@id":"https:\/\/mycanvas.dk\/vare\/frederiksborg\/#breadcrumb","itemListElement":[{"@type":"ListItem","position":1,"name":"Hjem","item":"https:\/\/mycanvas.dk\/"},{"@type":"ListItem","position":2,"name":"Shop","item":"https:\/\/mycanvas.dk\/shop\/"},{"@type":"ListItem","position":3,"name":"Frederiksborg"}]},{"@type":"WebSite","@id":"https:\/\/mycanvas.dk\/#website","url":"https:\/\/mycanvas.dk\/","name":"My Canvas","description":"Vi g\u00f8r danmarks historie til kunst","publisher":{"@id":"https:\/\/mycanvas.dk\/#organization"},"potentialAction":[{"@type":"SearchAction","target":{"@type":"EntryPoint","urlTemplate":"https:\/\/mycanvas.dk\/?s={search_term_string}"},"query-input":{"@type":"PropertyValueSpecification","valueRequired":true,"valueName":"search_term_string"}}],"inLanguage":"es"},{"@type":"Organization","@id":"https:\/\/mycanvas.dk\/#organization","name":"My Canvas","url":"https:\/\/mycanvas.dk\/","logo":{"@type":"ImageObject","inLanguage":"es","@id":"https:\/\/mycanvas.dk\/#\/schema\/logo\/image\/","url":"https:\/\/mycanvas.dk\/wp-content\/uploads\/2018\/09\/MyCanvas-Logo-Nyeste.png","contentUrl":"https:\/\/mycanvas.dk\/wp-content\/uploads\/2018\/09\/MyCanvas-Logo-Nyeste.png","width":1916,"height":736,"caption":"My Canvas"},"image":{"@id":"https:\/\/mycanvas.dk\/#\/schema\/logo\/image\/"},"sameAs":["https:\/\/www.facebook.com\/MyCanvasDanmark","https:\/\/www.instagram.com\/mycanvasdk\/"]}]}},"_links":{"self":[{"href":"https:\/\/mycanvas.dk\/es\/wp-json\/wp\/v2\/product\/9063","targetHints":{"allow":["GET"]}}],"collection":[{"href":"https:\/\/mycanvas.dk\/es\/wp-json\/wp\/v2\/product"}],"about":[{"href":"https:\/\/mycanvas.dk\/es\/wp-json\/wp\/v2\/types\/product"}],"replies":[{"embeddable":true,"href":"https:\/\/mycanvas.dk\/es\/wp-json\/wp\/v2\/comments?post=9063"}],"wp:featuredmedia":[{"embeddable":true,"href":"https:\/\/mycanvas.dk\/es\/wp-json\/wp\/v2\/media\/9068"}],"wp:attachment":[{"href":"https:\/\/mycanvas.dk\/es\/wp-json\/wp\/v2\/media?parent=9063"}],"wp:term":[{"taxonomy":"product_cat","embeddable":true,"href":"https:\/\/mycanvas.dk\/es\/wp-json\/wp\/v2\/product_cat?post=9063"},{"taxonomy":"product_tag","embeddable":true,"href":"https:\/\/mycanvas.dk\/es\/wp-json\/wp\/v2\/product_tag?post=9063"}],"curies":[{"name":"wp","href":"https:\/\/api.w.org\/{rel}","templated":true}]}}