
{"id":9169,"date":"2019-11-08T16:51:19","date_gmt":"2019-11-08T15:51:19","guid":{"rendered":"https:\/\/mycanvas.dk\/?post_type=product&#038;p=9169"},"modified":"2019-11-10T22:47:27","modified_gmt":"2019-11-10T21:47:27","slug":"sankt-mikkel","status":"publish","type":"product","link":"https:\/\/mycanvas.dk\/es\/producto\/sankt-mikkel\/","title":{"rendered":"San Miguel"},"content":{"rendered":"<p>Fotograf\u00edas hist\u00f3ricas de la iglesia de Sankt Mikkels tomadas en el siglo XX desde diferentes \u00e1ngulos tanto desde el interior como desde el exterior. La iglesia de San Mikkel es una iglesia m\u00e1s antigua de la ciudad comercial y es uno de los edificios m\u00e1s antiguos de Slagelse. La iglesia en s\u00ed fue construida en el siglo XIV y la torre en el siglo XV con una importante restauraci\u00f3n en el siglo XIX.<\/p>\n<p><span class=\"first-lettter\">&quot;EN<\/span>Siguiendo una tradici\u00f3n local m\u00e1s antigua, Oluf II, de s\u00f3lo seis a\u00f1os, fue coronado el 30 de marzo de 1376 en Gammeltorv en Slagelse. Sin embargo, en la carta de coronaci\u00f3n s\u00f3lo se dice que la coronaci\u00f3n tuvo lugar en Slagelse, pero no en qu\u00e9 parte de la ciudad. Las excavaciones de Gammeltorv en 2006 demostraron que se trataba del sucio mercado de carne de la ciudad, con gruesas capas de heces y desechos, y por lo tanto un lugar improbable para llevar a cabo una coronaci\u00f3n. Adem\u00e1s, las coronaciones de reyes en la Edad Media se llevaban a cabo tradicionalmente en iglesias m\u00e1s grandes, como la de Santa Mar\u00eda. La iglesia Bendt en Ringsted y la catedral de Lund. Al oeste de Gammeltorv se encuentra la iglesia m\u00e1s grande de Slagel, Skt. Mikkel, una respetable iglesia g\u00f3tica urbana construida alrededor del a\u00f1o 1333. Por lo tanto, es probable que Oluf II fuera coronado en esta iglesia relativamente nueva y con magn\u00edficas condiciones para los magnates y obispos m\u00e1s importantes del pa\u00eds. El rey Oluf muri\u00f3 tras una breve enfermedad en el castillo de Falsterbohus en Scania, el 3 de agosto. 1387, s\u00f3lo 17 a\u00f1os. Algunos historiadores han sugerido que fue la madre, la reina Margarita 1, quien envenen\u00f3 a su hijo para hacerse con el poder gubernamental. El cuerpo embalsamado de Oluf se exhibi\u00f3 por primera vez en el desfile en la iglesia de Falsterbo y luego fue enterrado en Sor\u00f8 Klosterkirke. Al mismo tiempo que el funeral en Sor\u00f8, el coraz\u00f3n y las entra\u00f1as de Oluf fueron enterrados en la catedral de Lund.&quot; \u2013 escrito por <a href=\"http:\/\/www.kulturarv.dk\/1001fortaellinger\/da_DK\/profile\/martin-pavon\">MART\u00cdN PAV\u00d3N<\/a>.<\/p>","protected":false},"excerpt":{"rendered":"<p>Compre carteles hist\u00f3ricos de la iglesia de San Miguel en Slagelse. Las im\u00e1genes son del siglo XX y hay \u00e1ngulos internos y externos diferentes. La iglesia de San Mikkel es una iglesia m\u00e1s antigua de la ciudad comercial y es uno de los edificios m\u00e1s antiguos de Slagelse. La iglesia en s\u00ed fue construida en el siglo XIV y la torre en el siglo XV con una importante restauraci\u00f3n en el siglo XIX.<\/p>","protected":false},"featured_media":9174,"comment_status":"closed","ping_status":"closed","template":"","meta":{"_mi_skip_tracking":false},"product_cat":[248,73],"product_tag":[],"class_list":{"0":"post-9169","1":"product","2":"type-product","3":"status-publish","4":"has-post-thumbnail","6":"product_cat-danske-kirker","7":"product_cat-plakater","8":"pa_storrelse-a4-21x30cm","9":"pa_storrelse-a3-30x42cm","10":"pa_storrelse-b2-50x70cm","11":"pa_storrelse-b1-70x100cm","13":"first","14":"instock","15":"taxable","16":"shipping-taxable","17":"purchasable","18":"product-type-variable"},"yoast_head":"<!-- This site is optimized with the Yoast SEO plugin v24.2 - https:\/\/yoast.com\/wordpress\/plugins\/seo\/ -->\n<title>Sankt Mikkel Plakater | Spar 10% p\u00e5 et samles\u00e6t - My Canvas<\/title>\n<meta name=\"description\" content=\"K\u00f8b Sankt Mikkel Plakater. DEN BEDSTE KVALITET Til den bedste pris - Historiske danske plakater\" \/>\n<meta name=\"robots\" content=\"index, follow, max-snippet:-1, max-image-preview:large, max-video-preview:-1\" \/>\n<link rel=\"canonical\" href=\"https:\/\/mycanvas.dk\/es\/producto\/sankt-mikkel\/\" \/>\n<meta property=\"og:locale\" content=\"es_ES\" \/>\n<meta property=\"og:type\" content=\"article\" \/>\n<meta property=\"og:title\" content=\"Sankt Mikkel Plakater | Spar 10% p\u00e5 et samles\u00e6t - My Canvas\" \/>\n<meta property=\"og:description\" content=\"K\u00f8b Sankt Mikkel Plakater. DEN BEDSTE KVALITET Til den bedste pris - Historiske danske plakater\" \/>\n<meta property=\"og:url\" content=\"https:\/\/mycanvas.dk\/es\/producto\/sankt-mikkel\/\" \/>\n<meta property=\"og:site_name\" content=\"My Canvas\" \/>\n<meta property=\"article:publisher\" content=\"https:\/\/www.facebook.com\/MyCanvasDanmark\" \/>\n<meta property=\"article:modified_time\" content=\"2019-11-10T21:47:27+00:00\" \/>\n<meta property=\"og:image\" content=\"https:\/\/mycanvas.dk\/wp-content\/uploads\/2019\/11\/Sankt-mikkel-1-egetr\u00e6.jpg\" \/>\n\t<meta property=\"og:image:width\" content=\"3508\" \/>\n\t<meta property=\"og:image:height\" content=\"2480\" \/>\n\t<meta property=\"og:image:type\" content=\"image\/jpeg\" \/>\n<meta name=\"twitter:card\" content=\"summary_large_image\" \/>\n<meta name=\"twitter:label1\" content=\"Tiempo de lectura\" \/>\n\t<meta name=\"twitter:data1\" content=\"1 minuto\" \/>\n<script type=\"application\/ld+json\" class=\"yoast-schema-graph\">{\"@context\":\"https:\/\/schema.org\",\"@graph\":[{\"@type\":\"WebPage\",\"@id\":\"https:\/\/mycanvas.dk\/vare\/sankt-mikkel\/\",\"url\":\"https:\/\/mycanvas.dk\/vare\/sankt-mikkel\/\",\"name\":\"Sankt Mikkel Plakater | Spar 10% p\u00e5 et samles\u00e6t - My Canvas\",\"isPartOf\":{\"@id\":\"https:\/\/mycanvas.dk\/#website\"},\"primaryImageOfPage\":{\"@id\":\"https:\/\/mycanvas.dk\/vare\/sankt-mikkel\/#primaryimage\"},\"image\":{\"@id\":\"https:\/\/mycanvas.dk\/vare\/sankt-mikkel\/#primaryimage\"},\"thumbnailUrl\":\"https:\/\/mycanvas.dk\/wp-content\/uploads\/2019\/11\/Sankt-mikkel-1-egetr\u00e6.jpg\",\"datePublished\":\"2019-11-08T15:51:19+00:00\",\"dateModified\":\"2019-11-10T21:47:27+00:00\",\"description\":\"K\u00f8b Sankt Mikkel Plakater. DEN BEDSTE KVALITET Til den bedste pris - Historiske danske plakater\",\"breadcrumb\":{\"@id\":\"https:\/\/mycanvas.dk\/vare\/sankt-mikkel\/#breadcrumb\"},\"inLanguage\":\"es\",\"potentialAction\":[{\"@type\":\"ReadAction\",\"target\":[\"https:\/\/mycanvas.dk\/vare\/sankt-mikkel\/\"]}]},{\"@type\":\"ImageObject\",\"inLanguage\":\"es\",\"@id\":\"https:\/\/mycanvas.dk\/vare\/sankt-mikkel\/#primaryimage\",\"url\":\"https:\/\/mycanvas.dk\/wp-content\/uploads\/2019\/11\/Sankt-mikkel-1-egetr\u00e6.jpg\",\"contentUrl\":\"https:\/\/mycanvas.dk\/wp-content\/uploads\/2019\/11\/Sankt-mikkel-1-egetr\u00e6.jpg\",\"width\":3508,\"height\":2480},{\"@type\":\"BreadcrumbList\",\"@id\":\"https:\/\/mycanvas.dk\/vare\/sankt-mikkel\/#breadcrumb\",\"itemListElement\":[{\"@type\":\"ListItem\",\"position\":1,\"name\":\"Hjem\",\"item\":\"https:\/\/mycanvas.dk\/\"},{\"@type\":\"ListItem\",\"position\":2,\"name\":\"Shop\",\"item\":\"https:\/\/mycanvas.dk\/shop\/\"},{\"@type\":\"ListItem\",\"position\":3,\"name\":\"Sankt Mikkel\"}]},{\"@type\":\"WebSite\",\"@id\":\"https:\/\/mycanvas.dk\/#website\",\"url\":\"https:\/\/mycanvas.dk\/\",\"name\":\"My Canvas\",\"description\":\"Vi g\u00f8r danmarks historie til kunst\",\"publisher\":{\"@id\":\"https:\/\/mycanvas.dk\/#organization\"},\"potentialAction\":[{\"@type\":\"SearchAction\",\"target\":{\"@type\":\"EntryPoint\",\"urlTemplate\":\"https:\/\/mycanvas.dk\/?s={search_term_string}\"},\"query-input\":{\"@type\":\"PropertyValueSpecification\",\"valueRequired\":true,\"valueName\":\"search_term_string\"}}],\"inLanguage\":\"es\"},{\"@type\":\"Organization\",\"@id\":\"https:\/\/mycanvas.dk\/#organization\",\"name\":\"My Canvas\",\"url\":\"https:\/\/mycanvas.dk\/\",\"logo\":{\"@type\":\"ImageObject\",\"inLanguage\":\"es\",\"@id\":\"https:\/\/mycanvas.dk\/#\/schema\/logo\/image\/\",\"url\":\"https:\/\/mycanvas.dk\/wp-content\/uploads\/2018\/09\/MyCanvas-Logo-Nyeste.png\",\"contentUrl\":\"https:\/\/mycanvas.dk\/wp-content\/uploads\/2018\/09\/MyCanvas-Logo-Nyeste.png\",\"width\":1916,\"height\":736,\"caption\":\"My Canvas\"},\"image\":{\"@id\":\"https:\/\/mycanvas.dk\/#\/schema\/logo\/image\/\"},\"sameAs\":[\"https:\/\/www.facebook.com\/MyCanvasDanmark\",\"https:\/\/www.instagram.com\/mycanvasdk\/\"]}]}<\/script>\n<!-- \/ Yoast SEO plugin. -->","yoast_head_json":{"title":"Sankt Mikkel Plakater | Spar 10% p\u00e5 et samles\u00e6t - My Canvas","description":"K\u00f8b Sankt Mikkel Plakater. DEN BEDSTE KVALITET Til den bedste pris - Historiske danske plakater","robots":{"index":"index","follow":"follow","max-snippet":"max-snippet:-1","max-image-preview":"max-image-preview:large","max-video-preview":"max-video-preview:-1"},"canonical":"https:\/\/mycanvas.dk\/es\/producto\/sankt-mikkel\/","og_locale":"es_ES","og_type":"article","og_title":"Sankt Mikkel Plakater | Spar 10% p\u00e5 et samles\u00e6t - My Canvas","og_description":"K\u00f8b Sankt Mikkel Plakater. DEN BEDSTE KVALITET Til den bedste pris - Historiske danske plakater","og_url":"https:\/\/mycanvas.dk\/es\/producto\/sankt-mikkel\/","og_site_name":"My Canvas","article_publisher":"https:\/\/www.facebook.com\/MyCanvasDanmark","article_modified_time":"2019-11-10T21:47:27+00:00","og_image":[{"width":3508,"height":2480,"url":"https:\/\/mycanvas.dk\/wp-content\/uploads\/2019\/11\/Sankt-mikkel-1-egetr\u00e6.jpg","type":"image\/jpeg"}],"twitter_card":"summary_large_image","twitter_misc":{"Tiempo de lectura":"1 minuto"},"schema":{"@context":"https:\/\/schema.org","@graph":[{"@type":"WebPage","@id":"https:\/\/mycanvas.dk\/vare\/sankt-mikkel\/","url":"https:\/\/mycanvas.dk\/vare\/sankt-mikkel\/","name":"Sankt Mikkel Plakater | Spar 10% p\u00e5 et samles\u00e6t - My Canvas","isPartOf":{"@id":"https:\/\/mycanvas.dk\/#website"},"primaryImageOfPage":{"@id":"https:\/\/mycanvas.dk\/vare\/sankt-mikkel\/#primaryimage"},"image":{"@id":"https:\/\/mycanvas.dk\/vare\/sankt-mikkel\/#primaryimage"},"thumbnailUrl":"https:\/\/mycanvas.dk\/wp-content\/uploads\/2019\/11\/Sankt-mikkel-1-egetr\u00e6.jpg","datePublished":"2019-11-08T15:51:19+00:00","dateModified":"2019-11-10T21:47:27+00:00","description":"K\u00f8b Sankt Mikkel Plakater. DEN BEDSTE KVALITET Til den bedste pris - Historiske danske plakater","breadcrumb":{"@id":"https:\/\/mycanvas.dk\/vare\/sankt-mikkel\/#breadcrumb"},"inLanguage":"es","potentialAction":[{"@type":"ReadAction","target":["https:\/\/mycanvas.dk\/vare\/sankt-mikkel\/"]}]},{"@type":"ImageObject","inLanguage":"es","@id":"https:\/\/mycanvas.dk\/vare\/sankt-mikkel\/#primaryimage","url":"https:\/\/mycanvas.dk\/wp-content\/uploads\/2019\/11\/Sankt-mikkel-1-egetr\u00e6.jpg","contentUrl":"https:\/\/mycanvas.dk\/wp-content\/uploads\/2019\/11\/Sankt-mikkel-1-egetr\u00e6.jpg","width":3508,"height":2480},{"@type":"BreadcrumbList","@id":"https:\/\/mycanvas.dk\/vare\/sankt-mikkel\/#breadcrumb","itemListElement":[{"@type":"ListItem","position":1,"name":"Hjem","item":"https:\/\/mycanvas.dk\/"},{"@type":"ListItem","position":2,"name":"Shop","item":"https:\/\/mycanvas.dk\/shop\/"},{"@type":"ListItem","position":3,"name":"Sankt Mikkel"}]},{"@type":"WebSite","@id":"https:\/\/mycanvas.dk\/#website","url":"https:\/\/mycanvas.dk\/","name":"My Canvas","description":"Vi g\u00f8r danmarks historie til kunst","publisher":{"@id":"https:\/\/mycanvas.dk\/#organization"},"potentialAction":[{"@type":"SearchAction","target":{"@type":"EntryPoint","urlTemplate":"https:\/\/mycanvas.dk\/?s={search_term_string}"},"query-input":{"@type":"PropertyValueSpecification","valueRequired":true,"valueName":"search_term_string"}}],"inLanguage":"es"},{"@type":"Organization","@id":"https:\/\/mycanvas.dk\/#organization","name":"My Canvas","url":"https:\/\/mycanvas.dk\/","logo":{"@type":"ImageObject","inLanguage":"es","@id":"https:\/\/mycanvas.dk\/#\/schema\/logo\/image\/","url":"https:\/\/mycanvas.dk\/wp-content\/uploads\/2018\/09\/MyCanvas-Logo-Nyeste.png","contentUrl":"https:\/\/mycanvas.dk\/wp-content\/uploads\/2018\/09\/MyCanvas-Logo-Nyeste.png","width":1916,"height":736,"caption":"My Canvas"},"image":{"@id":"https:\/\/mycanvas.dk\/#\/schema\/logo\/image\/"},"sameAs":["https:\/\/www.facebook.com\/MyCanvasDanmark","https:\/\/www.instagram.com\/mycanvasdk\/"]}]}},"_links":{"self":[{"href":"https:\/\/mycanvas.dk\/es\/wp-json\/wp\/v2\/product\/9169","targetHints":{"allow":["GET"]}}],"collection":[{"href":"https:\/\/mycanvas.dk\/es\/wp-json\/wp\/v2\/product"}],"about":[{"href":"https:\/\/mycanvas.dk\/es\/wp-json\/wp\/v2\/types\/product"}],"replies":[{"embeddable":true,"href":"https:\/\/mycanvas.dk\/es\/wp-json\/wp\/v2\/comments?post=9169"}],"wp:featuredmedia":[{"embeddable":true,"href":"https:\/\/mycanvas.dk\/es\/wp-json\/wp\/v2\/media\/9174"}],"wp:attachment":[{"href":"https:\/\/mycanvas.dk\/es\/wp-json\/wp\/v2\/media?parent=9169"}],"wp:term":[{"taxonomy":"product_cat","embeddable":true,"href":"https:\/\/mycanvas.dk\/es\/wp-json\/wp\/v2\/product_cat?post=9169"},{"taxonomy":"product_tag","embeddable":true,"href":"https:\/\/mycanvas.dk\/es\/wp-json\/wp\/v2\/product_tag?post=9169"}],"curies":[{"name":"wp","href":"https:\/\/api.w.org\/{rel}","templated":true}]}}